{"id":15672,"date":"2021-04-27T08:04:13","date_gmt":"2021-04-27T06:04:13","guid":{"rendered":"https:\/\/radarservice.eu\/produkt\/stealth-mobile-detector-de-radar-mobil\/"},"modified":"2023-04-02T20:27:03","modified_gmt":"2023-04-02T18:27:03","slug":"stealth-mobile-detector-de-radar-mobil","status":"publish","type":"product","link":"https:\/\/radarservice.eu\/ro\/produs\/stealth-mobile-detector-de-radar-mobil\/","title":{"rendered":"Stealth Mobile &#8211; detector de radar mobil"},"content":{"rendered":"<p>Stealth Mobile este un detector mobil de radare de vitez\u0103 de nivel mediu care avertizeaz\u0103 cu privire la capcanele de vitez\u0103 mobile \u0219i fixe.<br \/>.<br \/>\nReceptorul GPS \u00eencorporat este utilizat \u00een combina\u021bie cu baza de date preinstalat\u0103 at\u00e2t pentru localizarea capcanelor de vitez\u0103, c\u00e2t \u0219i pentru eliminarea alarmelor false.<\/p>\n<p>.<\/p>\n<p><strong>Nota:<\/strong> Stealth Mobile are un receptor de laser \u00eencorporat, dar pentru o protec\u021bie sigur\u0103 \u00eempotriva laserului, recomand\u0103m utilizarea unui blocant activ de laser, de exemplu Genevo FF2 sau AL Priority.<\/p>\n<p><p><strong>Vizualizare general\u0103:<\/strong><br \/>\n+ Radar de avertizare \u00een band\u0103 K \u0219i Ka<br \/>.<br \/>\n+ Receptor GPS SiRF III cu baz\u0103 de date preinstalat\u0103<br \/>.<br \/>\n+ suprimarea alarmelor false GPS<br \/>\n+ muf\u0103 pentru c\u0103\u0219ti<\/p>\n<p><strong>Scop de livrare:<\/strong><br \/>\n* Detector de radar mobil invizibil<br \/>.<br \/>\n* Suport<br \/>\n* Cablu de conectare de 12V pentru bricheta de \u021bigar\u0103<\/p>\n","protected":false},"excerpt":{"rendered":"<p>Stealth Mobile este un detector mobil de radare de vitez\u0103 de nivel mediu care avertizeaz\u0103 cu privire la capcanele de vitez\u0103 mobile \u0219i fixe.. Receptorul GPS \u00eencorporat este utilizat \u00een combina\u021bie cu baza de date preinstalat\u0103 at\u00e2t pentru localizarea capcanelor de vitez\u0103, c\u00e2t \u0219i pentru eliminarea alarmelor false. . Nota: Stealth Mobile are un receptor [&#8230;]\n","protected":false},"featured_media":15673,"comment_status":"open","ping_status":"closed","template":"","meta":[],"product_brand":[],"product_cat":[1448,1552],"product_tag":[1555,1450,1451,1554,1553],"class_list":{"0":"post-15672","1":"product","2":"type-product","3":"status-publish","4":"has-post-thumbnail","6":"product_cat-detectoare-mobile-de-radar","7":"product_cat-stealth-ro","8":"product_tag-capcane-de-viteza-fixe-ro","9":"product_tag-detector-de-radar-ro","10":"product_tag-europa-ro","11":"product_tag-radare-de-viteza-mobile","12":"product_tag-stealth-mobile-ro","14":"first","15":"instock","16":"sale","17":"taxable","18":"shipping-taxable","19":"purchasable","20":"product-type-simple"},"yoast_head":"<!-- This site is optimized with the Yoast SEO plugin v27.2 - https:\/\/yoast.com\/product\/yoast-seo-wordpress\/ -->\n<title>Stealth Mobile - detector de radar mobil | Radar Service<\/title>\n<meta name=\"description\" content=\"Stealth Mobile este un detector de radare de vitez\u0103 mobil de nivel mediu, care avertizeaz\u0103 cu privire la capcanele de vitez\u0103 mobile \u0219i fixe.\" \/>\n<meta name=\"robots\" content=\"index, follow, max-snippet:-1, max-image-preview:large, max-video-preview:-1\" \/>\n<link rel=\"canonical\" href=\"https:\/\/radarservice.eu\/ro\/produs\/stealth-mobile-detector-de-radar-mobil\/\" \/>\n<meta property=\"og:locale\" content=\"ro_RO\" \/>\n<meta property=\"og:type\" content=\"article\" \/>\n<meta property=\"og:title\" content=\"Stealth Mobile - detector de radar mobil | Radar Service\" \/>\n<meta property=\"og:description\" content=\"Stealth Mobile este un detector de radare de vitez\u0103 mobil de nivel mediu, care avertizeaz\u0103 cu privire la capcanele de vitez\u0103 mobile \u0219i fixe.\" \/>\n<meta property=\"og:url\" content=\"https:\/\/radarservice.eu\/ro\/produs\/stealth-mobile-detector-de-radar-mobil\/\" \/>\n<meta property=\"og:site_name\" content=\"Radar Service\" \/>\n<meta property=\"article:modified_time\" content=\"2023-04-02T18:27:03+00:00\" \/>\n<meta property=\"og:image\" content=\"https:\/\/radarservice.eu\/wp-content\/uploads\/2020\/09\/stealth_mobile.jpg\" \/>\n\t<meta property=\"og:image:width\" content=\"753\" \/>\n\t<meta property=\"og:image:height\" content=\"450\" \/>\n\t<meta property=\"og:image:type\" content=\"image\/jpeg\" \/>\n<meta name=\"twitter:card\" content=\"summary_large_image\" \/>\n<meta name=\"twitter:label1\" content=\"Timp estimat pentru citire\" \/>\n\t<meta name=\"twitter:data1\" content=\"1 minut\" \/>\n<script type=\"application\/ld+json\" class=\"yoast-schema-graph\">{\"@context\":\"https:\/\/schema.org\",\"@graph\":[{\"@type\":\"WebPage\",\"@id\":\"https:\/\/radarservice.eu\/ro\/produs\/stealth-mobile-detector-de-radar-mobil\/\",\"url\":\"https:\/\/radarservice.eu\/ro\/produs\/stealth-mobile-detector-de-radar-mobil\/\",\"name\":\"Stealth Mobile - detector de radar mobil | Radar Service\",\"isPartOf\":{\"@id\":\"https:\/\/radarservice.eu\/ro\/#website\"},\"primaryImageOfPage\":{\"@id\":\"https:\/\/radarservice.eu\/ro\/produs\/stealth-mobile-detector-de-radar-mobil\/#primaryimage\"},\"image\":{\"@id\":\"https:\/\/radarservice.eu\/ro\/produs\/stealth-mobile-detector-de-radar-mobil\/#primaryimage\"},\"thumbnailUrl\":\"https:\/\/radarservice.eu\/wp-content\/uploads\/2020\/09\/stealth_mobile.jpg\",\"datePublished\":\"2021-04-27T06:04:13+00:00\",\"dateModified\":\"2023-04-02T18:27:03+00:00\",\"description\":\"Stealth Mobile este un detector de radare de vitez\u0103 mobil de nivel mediu, care avertizeaz\u0103 cu privire la capcanele de vitez\u0103 mobile \u0219i fixe.\",\"breadcrumb\":{\"@id\":\"https:\/\/radarservice.eu\/ro\/produs\/stealth-mobile-detector-de-radar-mobil\/#breadcrumb\"},\"inLanguage\":\"ro-RO\",\"potentialAction\":[{\"@type\":\"ReadAction\",\"target\":[\"https:\/\/radarservice.eu\/ro\/produs\/stealth-mobile-detector-de-radar-mobil\/\"]}]},{\"@type\":\"ImageObject\",\"inLanguage\":\"ro-RO\",\"@id\":\"https:\/\/radarservice.eu\/ro\/produs\/stealth-mobile-detector-de-radar-mobil\/#primaryimage\",\"url\":\"https:\/\/radarservice.eu\/wp-content\/uploads\/2020\/09\/stealth_mobile.jpg\",\"contentUrl\":\"https:\/\/radarservice.eu\/wp-content\/uploads\/2020\/09\/stealth_mobile.jpg\",\"width\":753,\"height\":450,\"caption\":\"Stealth Mobile\"},{\"@type\":\"BreadcrumbList\",\"@id\":\"https:\/\/radarservice.eu\/ro\/produs\/stealth-mobile-detector-de-radar-mobil\/#breadcrumb\",\"itemListElement\":[{\"@type\":\"ListItem\",\"position\":1,\"name\":\"Magazin\",\"item\":\"https:\/\/radarservice.eu\/ro\/magazin\/\"},{\"@type\":\"ListItem\",\"position\":2,\"name\":\"Stealth Mobile &#8211; detector de radar mobil\"}]},{\"@type\":\"WebSite\",\"@id\":\"https:\/\/radarservice.eu\/ro\/#website\",\"url\":\"https:\/\/radarservice.eu\/ro\/\",\"name\":\"Radar Service\",\"description\":\"Radar detector Laser jammer mobile fix\",\"publisher\":{\"@id\":\"https:\/\/radarservice.eu\/ro\/#organization\"},\"potentialAction\":[{\"@type\":\"SearchAction\",\"target\":{\"@type\":\"EntryPoint\",\"urlTemplate\":\"https:\/\/radarservice.eu\/ro\/?s={search_term_string}\"},\"query-input\":{\"@type\":\"PropertyValueSpecification\",\"valueRequired\":true,\"valueName\":\"search_term_string\"}}],\"inLanguage\":\"ro-RO\"},{\"@type\":\"Organization\",\"@id\":\"https:\/\/radarservice.eu\/ro\/#organization\",\"name\":\"RadarService\",\"url\":\"https:\/\/radarservice.eu\/ro\/\",\"logo\":{\"@type\":\"ImageObject\",\"inLanguage\":\"ro-RO\",\"@id\":\"https:\/\/radarservice.eu\/ro\/#\/schema\/logo\/image\/\",\"url\":\"https:\/\/radarservice.eu\/wp-content\/uploads\/2021\/03\/Radar_detector_service.png\",\"contentUrl\":\"https:\/\/radarservice.eu\/wp-content\/uploads\/2021\/03\/Radar_detector_service.png\",\"width\":174,\"height\":48,\"caption\":\"RadarService\"},\"image\":{\"@id\":\"https:\/\/radarservice.eu\/ro\/#\/schema\/logo\/image\/\"}}]}<\/script>\n<!-- \/ Yoast SEO plugin. -->","yoast_head_json":{"title":"Stealth Mobile - detector de radar mobil | Radar Service","description":"Stealth Mobile este un detector de radare de vitez\u0103 mobil de nivel mediu, care avertizeaz\u0103 cu privire la capcanele de vitez\u0103 mobile \u0219i fixe.","robots":{"index":"index","follow":"follow","max-snippet":"max-snippet:-1","max-image-preview":"max-image-preview:large","max-video-preview":"max-video-preview:-1"},"canonical":"https:\/\/radarservice.eu\/ro\/produs\/stealth-mobile-detector-de-radar-mobil\/","og_locale":"ro_RO","og_type":"article","og_title":"Stealth Mobile - detector de radar mobil | Radar Service","og_description":"Stealth Mobile este un detector de radare de vitez\u0103 mobil de nivel mediu, care avertizeaz\u0103 cu privire la capcanele de vitez\u0103 mobile \u0219i fixe.","og_url":"https:\/\/radarservice.eu\/ro\/produs\/stealth-mobile-detector-de-radar-mobil\/","og_site_name":"Radar Service","article_modified_time":"2023-04-02T18:27:03+00:00","og_image":[{"width":753,"height":450,"url":"https:\/\/radarservice.eu\/wp-content\/uploads\/2020\/09\/stealth_mobile.jpg","type":"image\/jpeg"}],"twitter_card":"summary_large_image","twitter_misc":{"Timp estimat pentru citire":"1 minut"},"schema":{"@context":"https:\/\/schema.org","@graph":[{"@type":"WebPage","@id":"https:\/\/radarservice.eu\/ro\/produs\/stealth-mobile-detector-de-radar-mobil\/","url":"https:\/\/radarservice.eu\/ro\/produs\/stealth-mobile-detector-de-radar-mobil\/","name":"Stealth Mobile - detector de radar mobil | Radar Service","isPartOf":{"@id":"https:\/\/radarservice.eu\/ro\/#website"},"primaryImageOfPage":{"@id":"https:\/\/radarservice.eu\/ro\/produs\/stealth-mobile-detector-de-radar-mobil\/#primaryimage"},"image":{"@id":"https:\/\/radarservice.eu\/ro\/produs\/stealth-mobile-detector-de-radar-mobil\/#primaryimage"},"thumbnailUrl":"https:\/\/radarservice.eu\/wp-content\/uploads\/2020\/09\/stealth_mobile.jpg","datePublished":"2021-04-27T06:04:13+00:00","dateModified":"2023-04-02T18:27:03+00:00","description":"Stealth Mobile este un detector de radare de vitez\u0103 mobil de nivel mediu, care avertizeaz\u0103 cu privire la capcanele de vitez\u0103 mobile \u0219i fixe.","breadcrumb":{"@id":"https:\/\/radarservice.eu\/ro\/produs\/stealth-mobile-detector-de-radar-mobil\/#breadcrumb"},"inLanguage":"ro-RO","potentialAction":[{"@type":"ReadAction","target":["https:\/\/radarservice.eu\/ro\/produs\/stealth-mobile-detector-de-radar-mobil\/"]}]},{"@type":"ImageObject","inLanguage":"ro-RO","@id":"https:\/\/radarservice.eu\/ro\/produs\/stealth-mobile-detector-de-radar-mobil\/#primaryimage","url":"https:\/\/radarservice.eu\/wp-content\/uploads\/2020\/09\/stealth_mobile.jpg","contentUrl":"https:\/\/radarservice.eu\/wp-content\/uploads\/2020\/09\/stealth_mobile.jpg","width":753,"height":450,"caption":"Stealth Mobile"},{"@type":"BreadcrumbList","@id":"https:\/\/radarservice.eu\/ro\/produs\/stealth-mobile-detector-de-radar-mobil\/#breadcrumb","itemListElement":[{"@type":"ListItem","position":1,"name":"Magazin","item":"https:\/\/radarservice.eu\/ro\/magazin\/"},{"@type":"ListItem","position":2,"name":"Stealth Mobile &#8211; detector de radar mobil"}]},{"@type":"WebSite","@id":"https:\/\/radarservice.eu\/ro\/#website","url":"https:\/\/radarservice.eu\/ro\/","name":"Radar Service","description":"Radar detector Laser jammer mobile fix","publisher":{"@id":"https:\/\/radarservice.eu\/ro\/#organization"},"potentialAction":[{"@type":"SearchAction","target":{"@type":"EntryPoint","urlTemplate":"https:\/\/radarservice.eu\/ro\/?s={search_term_string}"},"query-input":{"@type":"PropertyValueSpecification","valueRequired":true,"valueName":"search_term_string"}}],"inLanguage":"ro-RO"},{"@type":"Organization","@id":"https:\/\/radarservice.eu\/ro\/#organization","name":"RadarService","url":"https:\/\/radarservice.eu\/ro\/","logo":{"@type":"ImageObject","inLanguage":"ro-RO","@id":"https:\/\/radarservice.eu\/ro\/#\/schema\/logo\/image\/","url":"https:\/\/radarservice.eu\/wp-content\/uploads\/2021\/03\/Radar_detector_service.png","contentUrl":"https:\/\/radarservice.eu\/wp-content\/uploads\/2021\/03\/Radar_detector_service.png","width":174,"height":48,"caption":"RadarService"},"image":{"@id":"https:\/\/radarservice.eu\/ro\/#\/schema\/logo\/image\/"}}]}},"_links":{"self":[{"href":"https:\/\/radarservice.eu\/ro\/wp-json\/wp\/v2\/product\/15672","targetHints":{"allow":["GET"]}}],"collection":[{"href":"https:\/\/radarservice.eu\/ro\/wp-json\/wp\/v2\/product"}],"about":[{"href":"https:\/\/radarservice.eu\/ro\/wp-json\/wp\/v2\/types\/product"}],"replies":[{"embeddable":true,"href":"https:\/\/radarservice.eu\/ro\/wp-json\/wp\/v2\/comments?post=15672"}],"wp:featuredmedia":[{"embeddable":true,"href":"https:\/\/radarservice.eu\/ro\/wp-json\/wp\/v2\/media\/15673"}],"wp:attachment":[{"href":"https:\/\/radarservice.eu\/ro\/wp-json\/wp\/v2\/media?parent=15672"}],"wp:term":[{"taxonomy":"product_brand","embeddable":true,"href":"https:\/\/radarservice.eu\/ro\/wp-json\/wp\/v2\/product_brand?post=15672"},{"taxonomy":"product_cat","embeddable":true,"href":"https:\/\/radarservice.eu\/ro\/wp-json\/wp\/v2\/product_cat?post=15672"},{"taxonomy":"product_tag","embeddable":true,"href":"https:\/\/radarservice.eu\/ro\/wp-json\/wp\/v2\/product_tag?post=15672"}],"curies":[{"name":"wp","href":"https:\/\/api.w.org\/{rel}","templated":true}]}}