{"id":15668,"date":"2021-04-27T07:59:25","date_gmt":"2021-04-27T05:59:25","guid":{"rendered":"https:\/\/radarservice.eu\/produkt\/target-blu-eye\/"},"modified":"2021-04-27T08:02:35","modified_gmt":"2021-04-27T06:02:35","slug":"target-blu-eye","status":"publish","type":"product","link":"https:\/\/radarservice.eu\/ro\/produs\/target-blu-eye\/","title":{"rendered":"Target Blu Eye"},"content":{"rendered":"<p>Ochiul Blu este modul legal de detectare a vehiculelor de urgen\u021b\u0103 \u0219i a punctelor de control. \u00cen plus, Blu Eye avertizeaz\u0103 cu privire la apropierea patrulelor civile, a ma\u0219inilor de poli\u021bie, a ambulan\u021belor \u0219i a camioanelor de pompieri. Blu Eye se bazeaz\u0103 pe noua re\u021bea de radiocomunica\u021bii TETRA utilizat\u0103 de poli\u021bie \u0219i de serviciile de urgen\u021b\u0103 din majoritatea \u021b\u0103rilor UE.<\/p>\n<p>Avertiz\u0103rile optice \u0219i acustice sunt date prin intermediul unui mic panou de control. Distan\u021ba p\u00e2n\u0103 la un vehicul de urgen\u021b\u0103 poate fi citit\u0103 prin intermediul indicatorului de intensitate a recep\u021biei.<br \/>.<br \/>\nSensibilitatea recep\u021biei poate fi, de asemenea, setat\u0103 prin intermediul panoului de control, pentru aceasta pute\u021bi alege \u00eentre modul ora\u0219 \u0219i autostrad\u0103. \u00cen func\u021bie de sensibilitate, sunt astfel posibile avertiz\u0103ri \u00een avans de la c\u00e2teva sute de metri p\u00e2n\u0103 la un kilometru.<\/p>\n<p>.<\/p>\n<p><strong>Vizualizare general\u0103:<\/strong><br \/>\n+ Extrem de u\u0219or de utilizat<br \/>\n+ Dimensiune compact\u0103<br \/>\n+ U\u0219or de instalat<\/p>\n<p><strong>Scop de livrare:<\/strong><br \/>\n* Target Blu Eye<br \/>\n* unitate mic\u0103 de control \u0219i afi\u0219are<br \/>.<br \/>\n* anten\u0103 extern\u0103<br \/>\n* set de cabluri<\/p>\n","protected":false},"excerpt":{"rendered":"<p>Ochiul Blu este modul legal de detectare a vehiculelor de urgen\u021b\u0103 \u0219i a punctelor de control. \u00cen plus, Blu Eye avertizeaz\u0103 cu privire la apropierea patrulelor civile, a ma\u0219inilor de poli\u021bie, a ambulan\u021belor \u0219i a camioanelor de pompieri. Blu Eye se bazeaz\u0103 pe noua re\u021bea de radiocomunica\u021bii TETRA utilizat\u0103 de poli\u021bie \u0219i de serviciile de [&#8230;]\n","protected":false},"featured_media":15671,"comment_status":"open","ping_status":"closed","template":"","meta":[],"product_brand":[],"product_cat":[1464,1522],"product_tag":[1549,1544,1550,1547,1548,1546,1545,1551,1543],"class_list":{"0":"post-15668","1":"product","2":"type-product","3":"status-publish","4":"has-post-thumbnail","6":"product_cat-detectoare-radar-montate-fix","7":"product_cat-target-ro","8":"product_tag-ambulanta","9":"product_tag-blu-eye-ro","10":"product_tag-departamentul-de-pompieri","11":"product_tag-patrula-civila","12":"product_tag-politia","13":"product_tag-retea-fara-fir","14":"product_tag-reteaua-tetra","15":"product_tag-serviciul-de-salvare","16":"product_tag-target-ro","18":"first","19":"outofstock","20":"taxable","21":"shipping-taxable","22":"purchasable","23":"product-type-simple"},"yoast_head":"<!-- This site is optimized with the Yoast SEO plugin v27.2 - https:\/\/yoast.com\/product\/yoast-seo-wordpress\/ -->\n<title>Target Blu Eye | Radar Service<\/title>\n<meta name=\"description\" content=\"Target BluEye este modalitatea legal\u0103 de detectare a vehiculelor de urgen\u021b\u0103 \u0219i a punctelor de control prin radio digital.\" \/>\n<meta name=\"robots\" content=\"index, follow, max-snippet:-1, max-image-preview:large, max-video-preview:-1\" \/>\n<link rel=\"canonical\" href=\"https:\/\/radarservice.eu\/ro\/produs\/target-blu-eye\/\" \/>\n<meta property=\"og:locale\" content=\"ro_RO\" \/>\n<meta property=\"og:type\" content=\"article\" \/>\n<meta property=\"og:title\" content=\"Target Blu Eye | Radar Service\" \/>\n<meta property=\"og:description\" content=\"Target BluEye este modalitatea legal\u0103 de detectare a vehiculelor de urgen\u021b\u0103 \u0219i a punctelor de control prin radio digital.\" \/>\n<meta property=\"og:url\" content=\"https:\/\/radarservice.eu\/ro\/produs\/target-blu-eye\/\" \/>\n<meta property=\"og:site_name\" content=\"Radar Service\" \/>\n<meta property=\"article:modified_time\" content=\"2021-04-27T06:02:35+00:00\" \/>\n<meta property=\"og:image\" content=\"https:\/\/radarservice.eu\/wp-content\/uploads\/2019\/07\/target_blu_eye_steuergeraet_bedienteil.jpg\" \/>\n\t<meta property=\"og:image:width\" content=\"486\" \/>\n\t<meta property=\"og:image:height\" content=\"252\" \/>\n\t<meta property=\"og:image:type\" content=\"image\/jpeg\" \/>\n<meta name=\"twitter:card\" content=\"summary_large_image\" \/>\n<meta name=\"twitter:label1\" content=\"Timp estimat pentru citire\" \/>\n\t<meta name=\"twitter:data1\" content=\"1 minut\" \/>\n<script type=\"application\/ld+json\" class=\"yoast-schema-graph\">{\"@context\":\"https:\/\/schema.org\",\"@graph\":[{\"@type\":\"WebPage\",\"@id\":\"https:\/\/radarservice.eu\/ro\/produs\/target-blu-eye\/\",\"url\":\"https:\/\/radarservice.eu\/ro\/produs\/target-blu-eye\/\",\"name\":\"Target Blu Eye | Radar Service\",\"isPartOf\":{\"@id\":\"https:\/\/radarservice.eu\/ro\/#website\"},\"primaryImageOfPage\":{\"@id\":\"https:\/\/radarservice.eu\/ro\/produs\/target-blu-eye\/#primaryimage\"},\"image\":{\"@id\":\"https:\/\/radarservice.eu\/ro\/produs\/target-blu-eye\/#primaryimage\"},\"thumbnailUrl\":\"https:\/\/radarservice.eu\/wp-content\/uploads\/2019\/07\/target_blu_eye_steuergeraet_bedienteil.jpg\",\"datePublished\":\"2021-04-27T05:59:25+00:00\",\"dateModified\":\"2021-04-27T06:02:35+00:00\",\"description\":\"Target BluEye este modalitatea legal\u0103 de detectare a vehiculelor de urgen\u021b\u0103 \u0219i a punctelor de control prin radio digital.\",\"breadcrumb\":{\"@id\":\"https:\/\/radarservice.eu\/ro\/produs\/target-blu-eye\/#breadcrumb\"},\"inLanguage\":\"ro-RO\",\"potentialAction\":[{\"@type\":\"ReadAction\",\"target\":[\"https:\/\/radarservice.eu\/ro\/produs\/target-blu-eye\/\"]}]},{\"@type\":\"ImageObject\",\"inLanguage\":\"ro-RO\",\"@id\":\"https:\/\/radarservice.eu\/ro\/produs\/target-blu-eye\/#primaryimage\",\"url\":\"https:\/\/radarservice.eu\/wp-content\/uploads\/2019\/07\/target_blu_eye_steuergeraet_bedienteil.jpg\",\"contentUrl\":\"https:\/\/radarservice.eu\/wp-content\/uploads\/2019\/07\/target_blu_eye_steuergeraet_bedienteil.jpg\",\"width\":486,\"height\":252,\"caption\":\"Unitate de control Target Blu Eye + panou de control\"},{\"@type\":\"BreadcrumbList\",\"@id\":\"https:\/\/radarservice.eu\/ro\/produs\/target-blu-eye\/#breadcrumb\",\"itemListElement\":[{\"@type\":\"ListItem\",\"position\":1,\"name\":\"Magazin\",\"item\":\"https:\/\/radarservice.eu\/ro\/magazin\/\"},{\"@type\":\"ListItem\",\"position\":2,\"name\":\"Target Blu Eye\"}]},{\"@type\":\"WebSite\",\"@id\":\"https:\/\/radarservice.eu\/ro\/#website\",\"url\":\"https:\/\/radarservice.eu\/ro\/\",\"name\":\"Radar Service\",\"description\":\"Radar detector Laser jammer mobile fix\",\"publisher\":{\"@id\":\"https:\/\/radarservice.eu\/ro\/#organization\"},\"potentialAction\":[{\"@type\":\"SearchAction\",\"target\":{\"@type\":\"EntryPoint\",\"urlTemplate\":\"https:\/\/radarservice.eu\/ro\/?s={search_term_string}\"},\"query-input\":{\"@type\":\"PropertyValueSpecification\",\"valueRequired\":true,\"valueName\":\"search_term_string\"}}],\"inLanguage\":\"ro-RO\"},{\"@type\":\"Organization\",\"@id\":\"https:\/\/radarservice.eu\/ro\/#organization\",\"name\":\"RadarService\",\"url\":\"https:\/\/radarservice.eu\/ro\/\",\"logo\":{\"@type\":\"ImageObject\",\"inLanguage\":\"ro-RO\",\"@id\":\"https:\/\/radarservice.eu\/ro\/#\/schema\/logo\/image\/\",\"url\":\"https:\/\/radarservice.eu\/wp-content\/uploads\/2021\/03\/Radar_detector_service.png\",\"contentUrl\":\"https:\/\/radarservice.eu\/wp-content\/uploads\/2021\/03\/Radar_detector_service.png\",\"width\":174,\"height\":48,\"caption\":\"RadarService\"},\"image\":{\"@id\":\"https:\/\/radarservice.eu\/ro\/#\/schema\/logo\/image\/\"}}]}<\/script>\n<!-- \/ Yoast SEO plugin. -->","yoast_head_json":{"title":"Target Blu Eye | Radar Service","description":"Target BluEye este modalitatea legal\u0103 de detectare a vehiculelor de urgen\u021b\u0103 \u0219i a punctelor de control prin radio digital.","robots":{"index":"index","follow":"follow","max-snippet":"max-snippet:-1","max-image-preview":"max-image-preview:large","max-video-preview":"max-video-preview:-1"},"canonical":"https:\/\/radarservice.eu\/ro\/produs\/target-blu-eye\/","og_locale":"ro_RO","og_type":"article","og_title":"Target Blu Eye | Radar Service","og_description":"Target BluEye este modalitatea legal\u0103 de detectare a vehiculelor de urgen\u021b\u0103 \u0219i a punctelor de control prin radio digital.","og_url":"https:\/\/radarservice.eu\/ro\/produs\/target-blu-eye\/","og_site_name":"Radar Service","article_modified_time":"2021-04-27T06:02:35+00:00","og_image":[{"width":486,"height":252,"url":"https:\/\/radarservice.eu\/wp-content\/uploads\/2019\/07\/target_blu_eye_steuergeraet_bedienteil.jpg","type":"image\/jpeg"}],"twitter_card":"summary_large_image","twitter_misc":{"Timp estimat pentru citire":"1 minut"},"schema":{"@context":"https:\/\/schema.org","@graph":[{"@type":"WebPage","@id":"https:\/\/radarservice.eu\/ro\/produs\/target-blu-eye\/","url":"https:\/\/radarservice.eu\/ro\/produs\/target-blu-eye\/","name":"Target Blu Eye | Radar Service","isPartOf":{"@id":"https:\/\/radarservice.eu\/ro\/#website"},"primaryImageOfPage":{"@id":"https:\/\/radarservice.eu\/ro\/produs\/target-blu-eye\/#primaryimage"},"image":{"@id":"https:\/\/radarservice.eu\/ro\/produs\/target-blu-eye\/#primaryimage"},"thumbnailUrl":"https:\/\/radarservice.eu\/wp-content\/uploads\/2019\/07\/target_blu_eye_steuergeraet_bedienteil.jpg","datePublished":"2021-04-27T05:59:25+00:00","dateModified":"2021-04-27T06:02:35+00:00","description":"Target BluEye este modalitatea legal\u0103 de detectare a vehiculelor de urgen\u021b\u0103 \u0219i a punctelor de control prin radio digital.","breadcrumb":{"@id":"https:\/\/radarservice.eu\/ro\/produs\/target-blu-eye\/#breadcrumb"},"inLanguage":"ro-RO","potentialAction":[{"@type":"ReadAction","target":["https:\/\/radarservice.eu\/ro\/produs\/target-blu-eye\/"]}]},{"@type":"ImageObject","inLanguage":"ro-RO","@id":"https:\/\/radarservice.eu\/ro\/produs\/target-blu-eye\/#primaryimage","url":"https:\/\/radarservice.eu\/wp-content\/uploads\/2019\/07\/target_blu_eye_steuergeraet_bedienteil.jpg","contentUrl":"https:\/\/radarservice.eu\/wp-content\/uploads\/2019\/07\/target_blu_eye_steuergeraet_bedienteil.jpg","width":486,"height":252,"caption":"Unitate de control Target Blu Eye + panou de control"},{"@type":"BreadcrumbList","@id":"https:\/\/radarservice.eu\/ro\/produs\/target-blu-eye\/#breadcrumb","itemListElement":[{"@type":"ListItem","position":1,"name":"Magazin","item":"https:\/\/radarservice.eu\/ro\/magazin\/"},{"@type":"ListItem","position":2,"name":"Target Blu Eye"}]},{"@type":"WebSite","@id":"https:\/\/radarservice.eu\/ro\/#website","url":"https:\/\/radarservice.eu\/ro\/","name":"Radar Service","description":"Radar detector Laser jammer mobile fix","publisher":{"@id":"https:\/\/radarservice.eu\/ro\/#organization"},"potentialAction":[{"@type":"SearchAction","target":{"@type":"EntryPoint","urlTemplate":"https:\/\/radarservice.eu\/ro\/?s={search_term_string}"},"query-input":{"@type":"PropertyValueSpecification","valueRequired":true,"valueName":"search_term_string"}}],"inLanguage":"ro-RO"},{"@type":"Organization","@id":"https:\/\/radarservice.eu\/ro\/#organization","name":"RadarService","url":"https:\/\/radarservice.eu\/ro\/","logo":{"@type":"ImageObject","inLanguage":"ro-RO","@id":"https:\/\/radarservice.eu\/ro\/#\/schema\/logo\/image\/","url":"https:\/\/radarservice.eu\/wp-content\/uploads\/2021\/03\/Radar_detector_service.png","contentUrl":"https:\/\/radarservice.eu\/wp-content\/uploads\/2021\/03\/Radar_detector_service.png","width":174,"height":48,"caption":"RadarService"},"image":{"@id":"https:\/\/radarservice.eu\/ro\/#\/schema\/logo\/image\/"}}]}},"_links":{"self":[{"href":"https:\/\/radarservice.eu\/ro\/wp-json\/wp\/v2\/product\/15668","targetHints":{"allow":["GET"]}}],"collection":[{"href":"https:\/\/radarservice.eu\/ro\/wp-json\/wp\/v2\/product"}],"about":[{"href":"https:\/\/radarservice.eu\/ro\/wp-json\/wp\/v2\/types\/product"}],"replies":[{"embeddable":true,"href":"https:\/\/radarservice.eu\/ro\/wp-json\/wp\/v2\/comments?post=15668"}],"wp:featuredmedia":[{"embeddable":true,"href":"https:\/\/radarservice.eu\/ro\/wp-json\/wp\/v2\/media\/15671"}],"wp:attachment":[{"href":"https:\/\/radarservice.eu\/ro\/wp-json\/wp\/v2\/media?parent=15668"}],"wp:term":[{"taxonomy":"product_brand","embeddable":true,"href":"https:\/\/radarservice.eu\/ro\/wp-json\/wp\/v2\/product_brand?post=15668"},{"taxonomy":"product_cat","embeddable":true,"href":"https:\/\/radarservice.eu\/ro\/wp-json\/wp\/v2\/product_cat?post=15668"},{"taxonomy":"product_tag","embeddable":true,"href":"https:\/\/radarservice.eu\/ro\/wp-json\/wp\/v2\/product_tag?post=15668"}],"curies":[{"name":"wp","href":"https:\/\/api.w.org\/{rel}","templated":true}]}}