{"id":15664,"date":"2021-04-27T07:53:58","date_gmt":"2021-04-27T05:53:58","guid":{"rendered":"https:\/\/radarservice.eu\/produkt\/target-lasertrack-lt-400\/"},"modified":"2021-04-27T07:53:58","modified_gmt":"2021-04-27T05:53:58","slug":"target-lasertrack-lt-400","status":"publish","type":"product","link":"https:\/\/radarservice.eu\/ro\/produs\/target-lasertrack-lt-400\/","title":{"rendered":"Target Lasertrack LT-400"},"content":{"rendered":"<p> LT-400 este un dispozitiv de bruiaj laser cu raz\u0103 medie de ac\u021biune care poate fi folosit at\u00e2t ca blocant laser, c\u00e2t \u0219i ca deschiz\u0103tor de garaj (necesit\u0103 o unitate receptoare suplimentar\u0103)<br \/>.<br \/>\nBlocajul laser LT-400 este complet automat \u0219i previne m\u0103sur\u0103torile cu un pistol laser.<\/p>\n<p>.<\/p>\n<p>Dimensiunile compacte ale LaserTrack fac ca acesta s\u0103 fie u\u0219or de instalat pe vehicul.<\/p>\n<p>.<\/p>\n<p><strong>Vizualizare general\u0103:<\/strong><br \/>\n+ func\u021bie de bruiaj cu laser<br \/>\n+ func\u021bie de deschidere automat\u0103 a garajului<br \/>\n+ Dimensiuni: 73 x 38 x 19 mm<\/p>\n<p>.<\/p>\n<p><strong>Scop de livrare:<\/strong><br \/>\n* LaserTrack LT400<br \/>\n* Unitate audio<br \/>\n* Accesorii de montare, inclusiv set de cabluri<br \/>.<br \/>\n* Manual de instruc\u021biuni<\/p>\n","protected":false},"excerpt":{"rendered":"<p>LT-400 este un dispozitiv de bruiaj laser cu raz\u0103 medie de ac\u021biune care poate fi folosit at\u00e2t ca blocant laser, c\u00e2t \u0219i ca deschiz\u0103tor de garaj (necesit\u0103 o unitate receptoare suplimentar\u0103). Blocajul laser LT-400 este complet automat \u0219i previne m\u0103sur\u0103torile cu un pistol laser. . Dimensiunile compacte ale LaserTrack fac ca acesta s\u0103 fie u\u0219or [&#8230;]\n","protected":false},"featured_media":15665,"comment_status":"open","ping_status":"closed","template":"","meta":[],"product_brand":[],"product_cat":[1441,1522],"product_tag":[1542,1541],"class_list":{"0":"post-15664","1":"product","2":"type-product","3":"status-publish","4":"has-post-thumbnail","6":"product_cat-interferentialul-laser","7":"product_cat-target-ro","8":"product_tag-lt-400-ro","9":"product_tag-target-lasertrack-ro","11":"first","12":"outofstock","13":"taxable","14":"shipping-taxable","15":"purchasable","16":"product-type-simple"},"yoast_head":"<!-- This site is optimized with the Yoast SEO plugin v27.2 - https:\/\/yoast.com\/product\/yoast-seo-wordpress\/ -->\n<title>Target Lasertrack LT-400 | Radar Service<\/title>\n<meta name=\"description\" content=\"Dispozitivul de blocare a laserului LT-400 func\u021bioneaz\u0103 \u00een mod complet automat \u0219i previne m\u0103sur\u0103torile cu un pistol cu laser.\" \/>\n<meta name=\"robots\" content=\"index, follow, max-snippet:-1, max-image-preview:large, max-video-preview:-1\" \/>\n<link rel=\"canonical\" href=\"https:\/\/radarservice.eu\/ro\/produs\/target-lasertrack-lt-400\/\" \/>\n<meta property=\"og:locale\" content=\"ro_RO\" \/>\n<meta property=\"og:type\" content=\"article\" \/>\n<meta property=\"og:title\" content=\"Target Lasertrack LT-400 | Radar Service\" \/>\n<meta property=\"og:description\" content=\"Dispozitivul de blocare a laserului LT-400 func\u021bioneaz\u0103 \u00een mod complet automat \u0219i previne m\u0103sur\u0103torile cu un pistol cu laser.\" \/>\n<meta property=\"og:url\" content=\"https:\/\/radarservice.eu\/ro\/produs\/target-lasertrack-lt-400\/\" \/>\n<meta property=\"og:site_name\" content=\"Radar Service\" \/>\n<meta property=\"og:image\" content=\"https:\/\/radarservice.eu\/wp-content\/uploads\/2020\/09\/target_lasertrack_lt400.jpg\" \/>\n\t<meta property=\"og:image:width\" content=\"483\" \/>\n\t<meta property=\"og:image:height\" content=\"359\" \/>\n\t<meta property=\"og:image:type\" content=\"image\/jpeg\" \/>\n<meta name=\"twitter:card\" content=\"summary_large_image\" \/>\n<meta name=\"twitter:label1\" content=\"Timp estimat pentru citire\" \/>\n\t<meta name=\"twitter:data1\" content=\"1 minut\" \/>\n<script type=\"application\/ld+json\" class=\"yoast-schema-graph\">{\"@context\":\"https:\/\/schema.org\",\"@graph\":[{\"@type\":\"WebPage\",\"@id\":\"https:\/\/radarservice.eu\/ro\/produs\/target-lasertrack-lt-400\/\",\"url\":\"https:\/\/radarservice.eu\/ro\/produs\/target-lasertrack-lt-400\/\",\"name\":\"Target Lasertrack LT-400 | Radar Service\",\"isPartOf\":{\"@id\":\"https:\/\/radarservice.eu\/ro\/#website\"},\"primaryImageOfPage\":{\"@id\":\"https:\/\/radarservice.eu\/ro\/produs\/target-lasertrack-lt-400\/#primaryimage\"},\"image\":{\"@id\":\"https:\/\/radarservice.eu\/ro\/produs\/target-lasertrack-lt-400\/#primaryimage\"},\"thumbnailUrl\":\"https:\/\/radarservice.eu\/wp-content\/uploads\/2020\/09\/target_lasertrack_lt400.jpg\",\"datePublished\":\"2021-04-27T05:53:58+00:00\",\"description\":\"Dispozitivul de blocare a laserului LT-400 func\u021bioneaz\u0103 \u00een mod complet automat \u0219i previne m\u0103sur\u0103torile cu un pistol cu laser.\",\"breadcrumb\":{\"@id\":\"https:\/\/radarservice.eu\/ro\/produs\/target-lasertrack-lt-400\/#breadcrumb\"},\"inLanguage\":\"ro-RO\",\"potentialAction\":[{\"@type\":\"ReadAction\",\"target\":[\"https:\/\/radarservice.eu\/ro\/produs\/target-lasertrack-lt-400\/\"]}]},{\"@type\":\"ImageObject\",\"inLanguage\":\"ro-RO\",\"@id\":\"https:\/\/radarservice.eu\/ro\/produs\/target-lasertrack-lt-400\/#primaryimage\",\"url\":\"https:\/\/radarservice.eu\/wp-content\/uploads\/2020\/09\/target_lasertrack_lt400.jpg\",\"contentUrl\":\"https:\/\/radarservice.eu\/wp-content\/uploads\/2020\/09\/target_lasertrack_lt400.jpg\",\"width\":483,\"height\":359,\"caption\":\"Target Lasertrack LT400\"},{\"@type\":\"BreadcrumbList\",\"@id\":\"https:\/\/radarservice.eu\/ro\/produs\/target-lasertrack-lt-400\/#breadcrumb\",\"itemListElement\":[{\"@type\":\"ListItem\",\"position\":1,\"name\":\"Magazin\",\"item\":\"https:\/\/radarservice.eu\/ro\/magazin\/\"},{\"@type\":\"ListItem\",\"position\":2,\"name\":\"Target Lasertrack LT-400\"}]},{\"@type\":\"WebSite\",\"@id\":\"https:\/\/radarservice.eu\/ro\/#website\",\"url\":\"https:\/\/radarservice.eu\/ro\/\",\"name\":\"Radar Service\",\"description\":\"Radar detector Laser jammer mobile fix\",\"publisher\":{\"@id\":\"https:\/\/radarservice.eu\/ro\/#organization\"},\"potentialAction\":[{\"@type\":\"SearchAction\",\"target\":{\"@type\":\"EntryPoint\",\"urlTemplate\":\"https:\/\/radarservice.eu\/ro\/?s={search_term_string}\"},\"query-input\":{\"@type\":\"PropertyValueSpecification\",\"valueRequired\":true,\"valueName\":\"search_term_string\"}}],\"inLanguage\":\"ro-RO\"},{\"@type\":\"Organization\",\"@id\":\"https:\/\/radarservice.eu\/ro\/#organization\",\"name\":\"RadarService\",\"url\":\"https:\/\/radarservice.eu\/ro\/\",\"logo\":{\"@type\":\"ImageObject\",\"inLanguage\":\"ro-RO\",\"@id\":\"https:\/\/radarservice.eu\/ro\/#\/schema\/logo\/image\/\",\"url\":\"https:\/\/radarservice.eu\/wp-content\/uploads\/2021\/03\/Radar_detector_service.png\",\"contentUrl\":\"https:\/\/radarservice.eu\/wp-content\/uploads\/2021\/03\/Radar_detector_service.png\",\"width\":174,\"height\":48,\"caption\":\"RadarService\"},\"image\":{\"@id\":\"https:\/\/radarservice.eu\/ro\/#\/schema\/logo\/image\/\"}}]}<\/script>\n<!-- \/ Yoast SEO plugin. -->","yoast_head_json":{"title":"Target Lasertrack LT-400 | Radar Service","description":"Dispozitivul de blocare a laserului LT-400 func\u021bioneaz\u0103 \u00een mod complet automat \u0219i previne m\u0103sur\u0103torile cu un pistol cu laser.","robots":{"index":"index","follow":"follow","max-snippet":"max-snippet:-1","max-image-preview":"max-image-preview:large","max-video-preview":"max-video-preview:-1"},"canonical":"https:\/\/radarservice.eu\/ro\/produs\/target-lasertrack-lt-400\/","og_locale":"ro_RO","og_type":"article","og_title":"Target Lasertrack LT-400 | Radar Service","og_description":"Dispozitivul de blocare a laserului LT-400 func\u021bioneaz\u0103 \u00een mod complet automat \u0219i previne m\u0103sur\u0103torile cu un pistol cu laser.","og_url":"https:\/\/radarservice.eu\/ro\/produs\/target-lasertrack-lt-400\/","og_site_name":"Radar Service","og_image":[{"width":483,"height":359,"url":"https:\/\/radarservice.eu\/wp-content\/uploads\/2020\/09\/target_lasertrack_lt400.jpg","type":"image\/jpeg"}],"twitter_card":"summary_large_image","twitter_misc":{"Timp estimat pentru citire":"1 minut"},"schema":{"@context":"https:\/\/schema.org","@graph":[{"@type":"WebPage","@id":"https:\/\/radarservice.eu\/ro\/produs\/target-lasertrack-lt-400\/","url":"https:\/\/radarservice.eu\/ro\/produs\/target-lasertrack-lt-400\/","name":"Target Lasertrack LT-400 | Radar Service","isPartOf":{"@id":"https:\/\/radarservice.eu\/ro\/#website"},"primaryImageOfPage":{"@id":"https:\/\/radarservice.eu\/ro\/produs\/target-lasertrack-lt-400\/#primaryimage"},"image":{"@id":"https:\/\/radarservice.eu\/ro\/produs\/target-lasertrack-lt-400\/#primaryimage"},"thumbnailUrl":"https:\/\/radarservice.eu\/wp-content\/uploads\/2020\/09\/target_lasertrack_lt400.jpg","datePublished":"2021-04-27T05:53:58+00:00","description":"Dispozitivul de blocare a laserului LT-400 func\u021bioneaz\u0103 \u00een mod complet automat \u0219i previne m\u0103sur\u0103torile cu un pistol cu laser.","breadcrumb":{"@id":"https:\/\/radarservice.eu\/ro\/produs\/target-lasertrack-lt-400\/#breadcrumb"},"inLanguage":"ro-RO","potentialAction":[{"@type":"ReadAction","target":["https:\/\/radarservice.eu\/ro\/produs\/target-lasertrack-lt-400\/"]}]},{"@type":"ImageObject","inLanguage":"ro-RO","@id":"https:\/\/radarservice.eu\/ro\/produs\/target-lasertrack-lt-400\/#primaryimage","url":"https:\/\/radarservice.eu\/wp-content\/uploads\/2020\/09\/target_lasertrack_lt400.jpg","contentUrl":"https:\/\/radarservice.eu\/wp-content\/uploads\/2020\/09\/target_lasertrack_lt400.jpg","width":483,"height":359,"caption":"Target Lasertrack LT400"},{"@type":"BreadcrumbList","@id":"https:\/\/radarservice.eu\/ro\/produs\/target-lasertrack-lt-400\/#breadcrumb","itemListElement":[{"@type":"ListItem","position":1,"name":"Magazin","item":"https:\/\/radarservice.eu\/ro\/magazin\/"},{"@type":"ListItem","position":2,"name":"Target Lasertrack LT-400"}]},{"@type":"WebSite","@id":"https:\/\/radarservice.eu\/ro\/#website","url":"https:\/\/radarservice.eu\/ro\/","name":"Radar Service","description":"Radar detector Laser jammer mobile fix","publisher":{"@id":"https:\/\/radarservice.eu\/ro\/#organization"},"potentialAction":[{"@type":"SearchAction","target":{"@type":"EntryPoint","urlTemplate":"https:\/\/radarservice.eu\/ro\/?s={search_term_string}"},"query-input":{"@type":"PropertyValueSpecification","valueRequired":true,"valueName":"search_term_string"}}],"inLanguage":"ro-RO"},{"@type":"Organization","@id":"https:\/\/radarservice.eu\/ro\/#organization","name":"RadarService","url":"https:\/\/radarservice.eu\/ro\/","logo":{"@type":"ImageObject","inLanguage":"ro-RO","@id":"https:\/\/radarservice.eu\/ro\/#\/schema\/logo\/image\/","url":"https:\/\/radarservice.eu\/wp-content\/uploads\/2021\/03\/Radar_detector_service.png","contentUrl":"https:\/\/radarservice.eu\/wp-content\/uploads\/2021\/03\/Radar_detector_service.png","width":174,"height":48,"caption":"RadarService"},"image":{"@id":"https:\/\/radarservice.eu\/ro\/#\/schema\/logo\/image\/"}}]}},"_links":{"self":[{"href":"https:\/\/radarservice.eu\/ro\/wp-json\/wp\/v2\/product\/15664","targetHints":{"allow":["GET"]}}],"collection":[{"href":"https:\/\/radarservice.eu\/ro\/wp-json\/wp\/v2\/product"}],"about":[{"href":"https:\/\/radarservice.eu\/ro\/wp-json\/wp\/v2\/types\/product"}],"replies":[{"embeddable":true,"href":"https:\/\/radarservice.eu\/ro\/wp-json\/wp\/v2\/comments?post=15664"}],"wp:featuredmedia":[{"embeddable":true,"href":"https:\/\/radarservice.eu\/ro\/wp-json\/wp\/v2\/media\/15665"}],"wp:attachment":[{"href":"https:\/\/radarservice.eu\/ro\/wp-json\/wp\/v2\/media?parent=15664"}],"wp:term":[{"taxonomy":"product_brand","embeddable":true,"href":"https:\/\/radarservice.eu\/ro\/wp-json\/wp\/v2\/product_brand?post=15664"},{"taxonomy":"product_cat","embeddable":true,"href":"https:\/\/radarservice.eu\/ro\/wp-json\/wp\/v2\/product_cat?post=15664"},{"taxonomy":"product_tag","embeddable":true,"href":"https:\/\/radarservice.eu\/ro\/wp-json\/wp\/v2\/product_tag?post=15664"}],"curies":[{"name":"wp","href":"https:\/\/api.w.org\/{rel}","templated":true}]}}