{"id":15651,"date":"2021-04-27T07:48:03","date_gmt":"2021-04-27T05:48:03","guid":{"rendered":"https:\/\/radarservice.eu\/produkt\/valentine-one-rc-europaversion\/"},"modified":"2021-04-27T07:48:03","modified_gmt":"2021-04-27T05:48:03","slug":"valentine-one-rc-europaversion","status":"publish","type":"product","link":"https:\/\/radarservice.eu\/ro\/produs\/valentine-one-rc-europaversion\/","title":{"rendered":"Valentine One RC Europaversion"},"content":{"rendered":"<p>Valentine One RC este un detector de radar extern, ascuns. Scanarea exact\u0103 a frecven\u021belor \u0219i sensibilitatea ridicat\u0103 ofer\u0103 o detectare optim\u0103 a radarelor utilizate \u00een Europa. Dezvoltarea continu\u0103 a versiunii europene a \u00eembun\u0103t\u0103\u021bit at\u00e2t timpii de avertizare, c\u00e2t \u0219i eliminarea alarmelor false.<\/p>\n<p>.<\/p>\n<p>C\u00e2nd vine vorba de detectarea cu laser, V1 este v\u00e2rful absolut al gamei. Chiar \u0219i sistemele de m\u0103surare Traffic Observer utilizate \u00een Elve\u021bia, adesea ca par\u021bial sta\u021bionare, Valentine One detecteaz\u0103 \u00een mod fiabil.<br \/>.<br \/>\nAten\u021bie. Pentru o detec\u021bie laser netulburat\u0103 trebuie s\u0103 fie instalat \u00een compartimentul motorului neap\u0103rat s\u0103 se asigure c\u0103 Valentine One are &#8222;vedere&#8221; liber\u0103 \u00een fa\u021b\u0103. Dac\u0103 acest lucru nu este dorit sau posibil, instala\u021bi pentru protec\u021bia laserului \u00een mod necesar un blocator laser suplimentar.<\/p>\n<p>.<\/p>\n<p>Livrarea are loc \u00een set\u0103rile din Europa, la cerere, putem programa Valentine One RC, cu toate acestea, de asemenea, \u00een mod individual pe cerin\u021bele dumneavoastr\u0103.<\/p>\n<p><p><strong>Vizualizare general\u0103:<\/strong><br \/>\n+ detectorul de radar al clasei superioare<br \/>\n+ detec\u021bie laser foarte bun\u0103<br \/>\n+ avertizare de m\u0103surare radar<br \/>.<br \/>\n+ avertizare de m\u0103sur\u0103tori cu laser<br \/>\n+ potrivit pentru utilizare \u00een Europa<\/p>\n<p><strong>Prezentare general\u0103 a frecven\u021belor:<\/strong><br \/>\n+ 9.410 (banda X)<br \/>\n+ 13.450 (KU-Band)<br \/>\n+ 24.125 (K-Band)<br \/>\n+ 34,360 (KA band)<\/p>\n<p><p><strong>Instalare:<\/strong><br \/>\n+ instalarea se realizeaz\u0103 \u00een func\u021bie de tipul de vehicul \u00een aproximativ 2-4 ore de c\u0103tre un atelier specializat<\/p>\n<p>.<\/p>\n<p><strong>Amploiul de furnizare:<\/strong><br \/>\n* Valentine One RC versiunea european\u0103 (versiune extern\u0103)<br \/>\n* afi\u0219aj separat<br \/>\n* modul audio separat<br \/>\n* cablu de alimentare extra lung pentru conectarea la re\u021beaua de bord<br \/>.<br \/>\n* Manual \u00een limba german\u0103<\/p>\n<p><strong>Nota:<\/strong> Valentine One RC are o recep\u021bie laser foarte bun\u0103, dar pentru o protec\u021bie laser sigur\u0103, v\u0103 recomand\u0103m s\u0103 utiliza\u021bi un blocant laser activ AL Priority sau Lasertrack Flare.<\/p>\n<p>\n","protected":false},"excerpt":{"rendered":"<p>Valentine One RC este un detector de radar extern, ascuns. Scanarea exact\u0103 a frecven\u021belor \u0219i sensibilitatea ridicat\u0103 ofer\u0103 o detectare optim\u0103 a radarelor utilizate \u00een Europa. Dezvoltarea continu\u0103 a versiunii europene a \u00eembun\u0103t\u0103\u021bit at\u00e2t timpii de avertizare, c\u00e2t \u0219i eliminarea alarmelor false. . C\u00e2nd vine vorba de detectarea cu laser, V1 este v\u00e2rful absolut al [&#8230;]\n","protected":false},"featured_media":15652,"comment_status":"open","ping_status":"closed","template":"","meta":[],"product_brand":[],"product_cat":[1464,1496],"product_tag":[1465,1532,1534,1533],"class_list":{"0":"post-15651","1":"product","2":"type-product","3":"status-publish","4":"has-post-thumbnail","6":"product_cat-detectoare-radar-montate-fix","7":"product_cat-valentine-one-ro","8":"product_tag-detector-de-radar-fix","9":"product_tag-europaversion-ro","10":"product_tag-v1-rc-ro","11":"product_tag-valentine-one-rc-ro","13":"first","14":"instock","15":"taxable","16":"shipping-taxable","17":"purchasable","18":"product-type-simple"},"yoast_head":"<!-- This site is optimized with the Yoast SEO plugin v27.2 - https:\/\/yoast.com\/product\/yoast-seo-wordpress\/ -->\n<title>Valentine One RC Europaversion | Radar Service<\/title>\n<meta name=\"description\" content=\"Valentine One RC este un detector de radar pentru instalare extern\u0103, ascuns\u0103 \u00een compartimentul motorului.\" \/>\n<meta name=\"robots\" content=\"index, follow, max-snippet:-1, max-image-preview:large, max-video-preview:-1\" \/>\n<link rel=\"canonical\" href=\"https:\/\/radarservice.eu\/ro\/produs\/valentine-one-rc-europaversion\/\" \/>\n<meta property=\"og:locale\" content=\"ro_RO\" \/>\n<meta property=\"og:type\" content=\"article\" \/>\n<meta property=\"og:title\" content=\"Valentine One RC Europaversion | Radar Service\" \/>\n<meta property=\"og:description\" content=\"Valentine One RC este un detector de radar pentru instalare extern\u0103, ascuns\u0103 \u00een compartimentul motorului.\" \/>\n<meta property=\"og:url\" content=\"https:\/\/radarservice.eu\/ro\/produs\/valentine-one-rc-europaversion\/\" \/>\n<meta property=\"og:site_name\" content=\"Radar Service\" \/>\n<meta property=\"og:image\" content=\"https:\/\/radarservice.eu\/wp-content\/uploads\/2020\/09\/Valentine_One_RC.jpg\" \/>\n\t<meta property=\"og:image:width\" content=\"600\" \/>\n\t<meta property=\"og:image:height\" content=\"360\" \/>\n\t<meta property=\"og:image:type\" content=\"image\/jpeg\" \/>\n<meta name=\"twitter:card\" content=\"summary_large_image\" \/>\n<meta name=\"twitter:label1\" content=\"Timp estimat pentru citire\" \/>\n\t<meta name=\"twitter:data1\" content=\"1 minut\" \/>\n<script type=\"application\/ld+json\" class=\"yoast-schema-graph\">{\"@context\":\"https:\/\/schema.org\",\"@graph\":[{\"@type\":\"WebPage\",\"@id\":\"https:\/\/radarservice.eu\/ro\/produs\/valentine-one-rc-europaversion\/\",\"url\":\"https:\/\/radarservice.eu\/ro\/produs\/valentine-one-rc-europaversion\/\",\"name\":\"Valentine One RC Europaversion | Radar Service\",\"isPartOf\":{\"@id\":\"https:\/\/radarservice.eu\/ro\/#website\"},\"primaryImageOfPage\":{\"@id\":\"https:\/\/radarservice.eu\/ro\/produs\/valentine-one-rc-europaversion\/#primaryimage\"},\"image\":{\"@id\":\"https:\/\/radarservice.eu\/ro\/produs\/valentine-one-rc-europaversion\/#primaryimage\"},\"thumbnailUrl\":\"https:\/\/radarservice.eu\/wp-content\/uploads\/2020\/09\/Valentine_One_RC.jpg\",\"datePublished\":\"2021-04-27T05:48:03+00:00\",\"description\":\"Valentine One RC este un detector de radar pentru instalare extern\u0103, ascuns\u0103 \u00een compartimentul motorului.\",\"breadcrumb\":{\"@id\":\"https:\/\/radarservice.eu\/ro\/produs\/valentine-one-rc-europaversion\/#breadcrumb\"},\"inLanguage\":\"ro-RO\",\"potentialAction\":[{\"@type\":\"ReadAction\",\"target\":[\"https:\/\/radarservice.eu\/ro\/produs\/valentine-one-rc-europaversion\/\"]}]},{\"@type\":\"ImageObject\",\"inLanguage\":\"ro-RO\",\"@id\":\"https:\/\/radarservice.eu\/ro\/produs\/valentine-one-rc-europaversion\/#primaryimage\",\"url\":\"https:\/\/radarservice.eu\/wp-content\/uploads\/2020\/09\/Valentine_One_RC.jpg\",\"contentUrl\":\"https:\/\/radarservice.eu\/wp-content\/uploads\/2020\/09\/Valentine_One_RC.jpg\",\"width\":600,\"height\":360,\"caption\":\"Valentine One RC\"},{\"@type\":\"BreadcrumbList\",\"@id\":\"https:\/\/radarservice.eu\/ro\/produs\/valentine-one-rc-europaversion\/#breadcrumb\",\"itemListElement\":[{\"@type\":\"ListItem\",\"position\":1,\"name\":\"Magazin\",\"item\":\"https:\/\/radarservice.eu\/ro\/magazin\/\"},{\"@type\":\"ListItem\",\"position\":2,\"name\":\"Valentine One RC Europaversion\"}]},{\"@type\":\"WebSite\",\"@id\":\"https:\/\/radarservice.eu\/ro\/#website\",\"url\":\"https:\/\/radarservice.eu\/ro\/\",\"name\":\"Radar Service\",\"description\":\"Radar detector Laser jammer mobile fix\",\"publisher\":{\"@id\":\"https:\/\/radarservice.eu\/ro\/#organization\"},\"potentialAction\":[{\"@type\":\"SearchAction\",\"target\":{\"@type\":\"EntryPoint\",\"urlTemplate\":\"https:\/\/radarservice.eu\/ro\/?s={search_term_string}\"},\"query-input\":{\"@type\":\"PropertyValueSpecification\",\"valueRequired\":true,\"valueName\":\"search_term_string\"}}],\"inLanguage\":\"ro-RO\"},{\"@type\":\"Organization\",\"@id\":\"https:\/\/radarservice.eu\/ro\/#organization\",\"name\":\"RadarService\",\"url\":\"https:\/\/radarservice.eu\/ro\/\",\"logo\":{\"@type\":\"ImageObject\",\"inLanguage\":\"ro-RO\",\"@id\":\"https:\/\/radarservice.eu\/ro\/#\/schema\/logo\/image\/\",\"url\":\"https:\/\/radarservice.eu\/wp-content\/uploads\/2021\/03\/Radar_detector_service.png\",\"contentUrl\":\"https:\/\/radarservice.eu\/wp-content\/uploads\/2021\/03\/Radar_detector_service.png\",\"width\":174,\"height\":48,\"caption\":\"RadarService\"},\"image\":{\"@id\":\"https:\/\/radarservice.eu\/ro\/#\/schema\/logo\/image\/\"}}]}<\/script>\n<!-- \/ Yoast SEO plugin. -->","yoast_head_json":{"title":"Valentine One RC Europaversion | Radar Service","description":"Valentine One RC este un detector de radar pentru instalare extern\u0103, ascuns\u0103 \u00een compartimentul motorului.","robots":{"index":"index","follow":"follow","max-snippet":"max-snippet:-1","max-image-preview":"max-image-preview:large","max-video-preview":"max-video-preview:-1"},"canonical":"https:\/\/radarservice.eu\/ro\/produs\/valentine-one-rc-europaversion\/","og_locale":"ro_RO","og_type":"article","og_title":"Valentine One RC Europaversion | Radar Service","og_description":"Valentine One RC este un detector de radar pentru instalare extern\u0103, ascuns\u0103 \u00een compartimentul motorului.","og_url":"https:\/\/radarservice.eu\/ro\/produs\/valentine-one-rc-europaversion\/","og_site_name":"Radar Service","og_image":[{"width":600,"height":360,"url":"https:\/\/radarservice.eu\/wp-content\/uploads\/2020\/09\/Valentine_One_RC.jpg","type":"image\/jpeg"}],"twitter_card":"summary_large_image","twitter_misc":{"Timp estimat pentru citire":"1 minut"},"schema":{"@context":"https:\/\/schema.org","@graph":[{"@type":"WebPage","@id":"https:\/\/radarservice.eu\/ro\/produs\/valentine-one-rc-europaversion\/","url":"https:\/\/radarservice.eu\/ro\/produs\/valentine-one-rc-europaversion\/","name":"Valentine One RC Europaversion | Radar Service","isPartOf":{"@id":"https:\/\/radarservice.eu\/ro\/#website"},"primaryImageOfPage":{"@id":"https:\/\/radarservice.eu\/ro\/produs\/valentine-one-rc-europaversion\/#primaryimage"},"image":{"@id":"https:\/\/radarservice.eu\/ro\/produs\/valentine-one-rc-europaversion\/#primaryimage"},"thumbnailUrl":"https:\/\/radarservice.eu\/wp-content\/uploads\/2020\/09\/Valentine_One_RC.jpg","datePublished":"2021-04-27T05:48:03+00:00","description":"Valentine One RC este un detector de radar pentru instalare extern\u0103, ascuns\u0103 \u00een compartimentul motorului.","breadcrumb":{"@id":"https:\/\/radarservice.eu\/ro\/produs\/valentine-one-rc-europaversion\/#breadcrumb"},"inLanguage":"ro-RO","potentialAction":[{"@type":"ReadAction","target":["https:\/\/radarservice.eu\/ro\/produs\/valentine-one-rc-europaversion\/"]}]},{"@type":"ImageObject","inLanguage":"ro-RO","@id":"https:\/\/radarservice.eu\/ro\/produs\/valentine-one-rc-europaversion\/#primaryimage","url":"https:\/\/radarservice.eu\/wp-content\/uploads\/2020\/09\/Valentine_One_RC.jpg","contentUrl":"https:\/\/radarservice.eu\/wp-content\/uploads\/2020\/09\/Valentine_One_RC.jpg","width":600,"height":360,"caption":"Valentine One RC"},{"@type":"BreadcrumbList","@id":"https:\/\/radarservice.eu\/ro\/produs\/valentine-one-rc-europaversion\/#breadcrumb","itemListElement":[{"@type":"ListItem","position":1,"name":"Magazin","item":"https:\/\/radarservice.eu\/ro\/magazin\/"},{"@type":"ListItem","position":2,"name":"Valentine One RC Europaversion"}]},{"@type":"WebSite","@id":"https:\/\/radarservice.eu\/ro\/#website","url":"https:\/\/radarservice.eu\/ro\/","name":"Radar Service","description":"Radar detector Laser jammer mobile fix","publisher":{"@id":"https:\/\/radarservice.eu\/ro\/#organization"},"potentialAction":[{"@type":"SearchAction","target":{"@type":"EntryPoint","urlTemplate":"https:\/\/radarservice.eu\/ro\/?s={search_term_string}"},"query-input":{"@type":"PropertyValueSpecification","valueRequired":true,"valueName":"search_term_string"}}],"inLanguage":"ro-RO"},{"@type":"Organization","@id":"https:\/\/radarservice.eu\/ro\/#organization","name":"RadarService","url":"https:\/\/radarservice.eu\/ro\/","logo":{"@type":"ImageObject","inLanguage":"ro-RO","@id":"https:\/\/radarservice.eu\/ro\/#\/schema\/logo\/image\/","url":"https:\/\/radarservice.eu\/wp-content\/uploads\/2021\/03\/Radar_detector_service.png","contentUrl":"https:\/\/radarservice.eu\/wp-content\/uploads\/2021\/03\/Radar_detector_service.png","width":174,"height":48,"caption":"RadarService"},"image":{"@id":"https:\/\/radarservice.eu\/ro\/#\/schema\/logo\/image\/"}}]}},"_links":{"self":[{"href":"https:\/\/radarservice.eu\/ro\/wp-json\/wp\/v2\/product\/15651","targetHints":{"allow":["GET"]}}],"collection":[{"href":"https:\/\/radarservice.eu\/ro\/wp-json\/wp\/v2\/product"}],"about":[{"href":"https:\/\/radarservice.eu\/ro\/wp-json\/wp\/v2\/types\/product"}],"replies":[{"embeddable":true,"href":"https:\/\/radarservice.eu\/ro\/wp-json\/wp\/v2\/comments?post=15651"}],"wp:featuredmedia":[{"embeddable":true,"href":"https:\/\/radarservice.eu\/ro\/wp-json\/wp\/v2\/media\/15652"}],"wp:attachment":[{"href":"https:\/\/radarservice.eu\/ro\/wp-json\/wp\/v2\/media?parent=15651"}],"wp:term":[{"taxonomy":"product_brand","embeddable":true,"href":"https:\/\/radarservice.eu\/ro\/wp-json\/wp\/v2\/product_brand?post=15651"},{"taxonomy":"product_cat","embeddable":true,"href":"https:\/\/radarservice.eu\/ro\/wp-json\/wp\/v2\/product_cat?post=15651"},{"taxonomy":"product_tag","embeddable":true,"href":"https:\/\/radarservice.eu\/ro\/wp-json\/wp\/v2\/product_tag?post=15651"}],"curies":[{"name":"wp","href":"https:\/\/api.w.org\/{rel}","templated":true}]}}