{"id":15645,"date":"2021-04-27T07:45:08","date_gmt":"2021-04-27T05:45:08","guid":{"rendered":"https:\/\/radarservice.eu\/produkt\/detector-de-radar-fix-bel-sti-r-plus-versiunea-europeana\/"},"modified":"2021-04-27T07:45:08","modified_gmt":"2021-04-27T05:45:08","slug":"detector-de-radar-fix-bel-sti-r-plus-versiunea-europeana","status":"publish","type":"product","link":"https:\/\/radarservice.eu\/ro\/produs\/detector-de-radar-fix-bel-sti-r-plus-versiunea-europeana\/","title":{"rendered":"Detector de radar fix Bel STi-R Plus versiunea european\u0103"},"content":{"rendered":"<p>Bel STi-R Plus este special conceput pentru a fi utilizat \u00een vehicule cu parbrize acoperite cu metal sau \u00een decapotabile \u0219i poate fi instalat ascuns \u00een compartimentul motorului datorit\u0103 carcasei sale impermeabile. Datorit\u0103 designului rezistent la intemperii al modulului receptor, nu exist\u0103 limite \u00een ceea ce prive\u0219te posibilit\u0103\u021bile de instalare. Afi\u0219ajul separat \u0219i modulul audio sunt, de asemenea, ascunse \u00een interior \u0219i indic\u0103 \u0219oferului, acustic \u0219i vizual, prezen\u021ba unei capcane de vitez\u0103.<\/p>\n<p>.<\/p>\n<p>Operarea u\u0219oar\u0103 \u0219i anun\u021bul vocal digital al avertizorului radar ofer\u0103 \u0219oferului toate informa\u021biile de care are nevoie \u0219i un acces u\u0219or, f\u0103r\u0103 a-l distrage de la trafic.<\/p>\n<p>.<\/p>\n<p><strong>Vizualizare general\u0103:<\/strong><br \/>\n+ Detector de radar fix cu cea mai mare fiabilitate<br \/>.<br \/>\n+ Avertizare de m\u0103sur\u0103tori cu laser<br \/>\n+ Avertisment pentru m\u0103sur\u0103torile de control al sec\u021biunii (controale de sec\u021biune)<br \/>.<br \/>\n+ Avertizare de radar sta\u021bionar<br \/>\n+ Avertisment de monitorizare a luminii ro\u0219ii<br \/>\n+ Filtru activabil de autoscanare \/ ora\u0219 \/ autostrad\u0103 (reduce alarmele false)<br \/>.<br \/>\n+ 100% invizibil pentru detectoarele electronice de radar ale poli\u021biei (de exemplu, Elve\u021bia, Olanda)<br \/>.<br \/>\n+ reglarea automat\u0103 a luminozit\u0103\u021bii afi\u0219ajului<br \/>.<br \/>\n+ potrivit pentru utilizare \u00een Europa<\/p>\n<p><strong>Scop de livrare:<\/strong><br \/>\n* Receptor radar STIR Plus<br \/>.<br \/>\n* afi\u0219aj separat<br \/>\n* unitate de control<br \/>\n* unitate de control separat\u0103<br \/>\n* difuzoare<br \/>\n* material de montare<br \/>\n* Instruc\u021biuni de utilizare \u0219i instalare<\/p>\n<p><strong>Nota:<\/strong> Bel STIR Plus are o protec\u021bie laser foarte bun\u0103, dar pentru o protec\u021bie laser absolut sigur\u0103 v\u0103 recomand\u0103m<br \/>.<br \/>\nutilizarea unui blocant laser activ, de exemplu Genevo FF2 sau AL Priority!<\/p>\n<p>.<\/p>\n","protected":false},"excerpt":{"rendered":"<p>Detectorul de radar extern Bel STi-R Plus cu avertizare integrat\u0103 a radarelor mobile \u0219i fixe din Europa \u0219i cu o mai bun\u0103 suprimare a alarmelor false. Senzorii radar \u0219i laser \u00eembun\u0103t\u0103\u021bi\u021bi ating distan\u021be \u0219i timpi de avertizare maximi. Cu noua func\u021bie AutoScan de la BEL, STI-R Plus analizeaz\u0103 permanent toate semnalele primite \u0219i reduce astfel alarmele false inutile.<\/p>\n","protected":false},"featured_media":15646,"comment_status":"open","ping_status":"closed","template":"","meta":[],"product_brand":[],"product_cat":[1473,1464],"product_tag":[1529,1474,1531,1465,1451,1530],"class_list":{"0":"post-15645","1":"product","2":"type-product","3":"status-publish","4":"has-post-thumbnail","6":"product_cat-beltronics-ro","7":"product_cat-detectoare-radar-montate-fix","8":"product_tag-bel-sti-r-plus-ro","9":"product_tag-beltronics-ro","10":"product_tag-capcane-de-viteza","11":"product_tag-detector-de-radar-fix","12":"product_tag-europa-ro","13":"product_tag-externa","15":"first","16":"onbackorder","17":"taxable","18":"shipping-taxable","19":"purchasable","20":"product-type-simple"},"yoast_head":"<!-- This site is optimized with the Yoast SEO plugin v27.2 - https:\/\/yoast.com\/product\/yoast-seo-wordpress\/ -->\n<title>% %<\/title>\n<meta name=\"description\" content=\"Detector de radar extern Bel STi-R Plus pentru instalare fix\u0103 ascuns\u0103 \u00een partea din fa\u021b\u0103 a vehiculului. Adecvat pentru utilizare \u00een \u00eentreaga Europ\u0103.\" \/>\n<meta name=\"robots\" content=\"index, follow, max-snippet:-1, max-image-preview:large, max-video-preview:-1\" \/>\n<link rel=\"canonical\" href=\"https:\/\/radarservice.eu\/ro\/produs\/detector-de-radar-fix-bel-sti-r-plus-versiunea-europeana\/\" \/>\n<meta property=\"og:locale\" content=\"ro_RO\" \/>\n<meta property=\"og:type\" content=\"article\" \/>\n<meta property=\"og:title\" content=\"% %\" \/>\n<meta property=\"og:description\" content=\"Detector de radar extern Bel STi-R Plus pentru instalare fix\u0103 ascuns\u0103 \u00een partea din fa\u021b\u0103 a vehiculului. Adecvat pentru utilizare \u00een \u00eentreaga Europ\u0103.\" \/>\n<meta property=\"og:url\" content=\"https:\/\/radarservice.eu\/ro\/produs\/detector-de-radar-fix-bel-sti-r-plus-versiunea-europeana\/\" \/>\n<meta property=\"og:site_name\" content=\"Radar Service\" \/>\n<meta property=\"og:image\" content=\"https:\/\/radarservice.eu\/wp-content\/uploads\/2020\/09\/STIR.jpg\" \/>\n\t<meta property=\"og:image:width\" content=\"750\" \/>\n\t<meta property=\"og:image:height\" content=\"800\" \/>\n\t<meta property=\"og:image:type\" content=\"image\/jpeg\" \/>\n<meta name=\"twitter:card\" content=\"summary_large_image\" \/>\n<meta name=\"twitter:label1\" content=\"Timp estimat pentru citire\" \/>\n\t<meta name=\"twitter:data1\" content=\"1 minut\" \/>\n<script type=\"application\/ld+json\" class=\"yoast-schema-graph\">{\"@context\":\"https:\/\/schema.org\",\"@graph\":[{\"@type\":\"WebPage\",\"@id\":\"https:\/\/radarservice.eu\/ro\/produs\/detector-de-radar-fix-bel-sti-r-plus-versiunea-europeana\/\",\"url\":\"https:\/\/radarservice.eu\/ro\/produs\/detector-de-radar-fix-bel-sti-r-plus-versiunea-europeana\/\",\"name\":\"% %\",\"isPartOf\":{\"@id\":\"https:\/\/radarservice.eu\/ro\/#website\"},\"primaryImageOfPage\":{\"@id\":\"https:\/\/radarservice.eu\/ro\/produs\/detector-de-radar-fix-bel-sti-r-plus-versiunea-europeana\/#primaryimage\"},\"image\":{\"@id\":\"https:\/\/radarservice.eu\/ro\/produs\/detector-de-radar-fix-bel-sti-r-plus-versiunea-europeana\/#primaryimage\"},\"thumbnailUrl\":\"https:\/\/radarservice.eu\/wp-content\/uploads\/2020\/09\/STIR.jpg\",\"datePublished\":\"2021-04-27T05:45:08+00:00\",\"description\":\"Detector de radar extern Bel STi-R Plus pentru instalare fix\u0103 ascuns\u0103 \u00een partea din fa\u021b\u0103 a vehiculului. Adecvat pentru utilizare \u00een \u00eentreaga Europ\u0103.\",\"breadcrumb\":{\"@id\":\"https:\/\/radarservice.eu\/ro\/produs\/detector-de-radar-fix-bel-sti-r-plus-versiunea-europeana\/#breadcrumb\"},\"inLanguage\":\"ro-RO\",\"potentialAction\":[{\"@type\":\"ReadAction\",\"target\":[\"https:\/\/radarservice.eu\/ro\/produs\/detector-de-radar-fix-bel-sti-r-plus-versiunea-europeana\/\"]}]},{\"@type\":\"ImageObject\",\"inLanguage\":\"ro-RO\",\"@id\":\"https:\/\/radarservice.eu\/ro\/produs\/detector-de-radar-fix-bel-sti-r-plus-versiunea-europeana\/#primaryimage\",\"url\":\"https:\/\/radarservice.eu\/wp-content\/uploads\/2020\/09\/STIR.jpg\",\"contentUrl\":\"https:\/\/radarservice.eu\/wp-content\/uploads\/2020\/09\/STIR.jpg\",\"width\":750,\"height\":800,\"caption\":\"Beltronics Bel STI-R Plus\"},{\"@type\":\"BreadcrumbList\",\"@id\":\"https:\/\/radarservice.eu\/ro\/produs\/detector-de-radar-fix-bel-sti-r-plus-versiunea-europeana\/#breadcrumb\",\"itemListElement\":[{\"@type\":\"ListItem\",\"position\":1,\"name\":\"Magazin\",\"item\":\"https:\/\/radarservice.eu\/ro\/magazin\/\"},{\"@type\":\"ListItem\",\"position\":2,\"name\":\"Detector de radar fix Bel STi-R Plus versiunea european\u0103\"}]},{\"@type\":\"WebSite\",\"@id\":\"https:\/\/radarservice.eu\/ro\/#website\",\"url\":\"https:\/\/radarservice.eu\/ro\/\",\"name\":\"Radar Service\",\"description\":\"Radar detector Laser jammer mobile fix\",\"publisher\":{\"@id\":\"https:\/\/radarservice.eu\/ro\/#organization\"},\"potentialAction\":[{\"@type\":\"SearchAction\",\"target\":{\"@type\":\"EntryPoint\",\"urlTemplate\":\"https:\/\/radarservice.eu\/ro\/?s={search_term_string}\"},\"query-input\":{\"@type\":\"PropertyValueSpecification\",\"valueRequired\":true,\"valueName\":\"search_term_string\"}}],\"inLanguage\":\"ro-RO\"},{\"@type\":\"Organization\",\"@id\":\"https:\/\/radarservice.eu\/ro\/#organization\",\"name\":\"RadarService\",\"url\":\"https:\/\/radarservice.eu\/ro\/\",\"logo\":{\"@type\":\"ImageObject\",\"inLanguage\":\"ro-RO\",\"@id\":\"https:\/\/radarservice.eu\/ro\/#\/schema\/logo\/image\/\",\"url\":\"https:\/\/radarservice.eu\/wp-content\/uploads\/2021\/03\/Radar_detector_service.png\",\"contentUrl\":\"https:\/\/radarservice.eu\/wp-content\/uploads\/2021\/03\/Radar_detector_service.png\",\"width\":174,\"height\":48,\"caption\":\"RadarService\"},\"image\":{\"@id\":\"https:\/\/radarservice.eu\/ro\/#\/schema\/logo\/image\/\"}}]}<\/script>\n<!-- \/ Yoast SEO plugin. -->","yoast_head_json":{"title":"% %","description":"Detector de radar extern Bel STi-R Plus pentru instalare fix\u0103 ascuns\u0103 \u00een partea din fa\u021b\u0103 a vehiculului. Adecvat pentru utilizare \u00een \u00eentreaga Europ\u0103.","robots":{"index":"index","follow":"follow","max-snippet":"max-snippet:-1","max-image-preview":"max-image-preview:large","max-video-preview":"max-video-preview:-1"},"canonical":"https:\/\/radarservice.eu\/ro\/produs\/detector-de-radar-fix-bel-sti-r-plus-versiunea-europeana\/","og_locale":"ro_RO","og_type":"article","og_title":"% %","og_description":"Detector de radar extern Bel STi-R Plus pentru instalare fix\u0103 ascuns\u0103 \u00een partea din fa\u021b\u0103 a vehiculului. Adecvat pentru utilizare \u00een \u00eentreaga Europ\u0103.","og_url":"https:\/\/radarservice.eu\/ro\/produs\/detector-de-radar-fix-bel-sti-r-plus-versiunea-europeana\/","og_site_name":"Radar Service","og_image":[{"width":750,"height":800,"url":"https:\/\/radarservice.eu\/wp-content\/uploads\/2020\/09\/STIR.jpg","type":"image\/jpeg"}],"twitter_card":"summary_large_image","twitter_misc":{"Timp estimat pentru citire":"1 minut"},"schema":{"@context":"https:\/\/schema.org","@graph":[{"@type":"WebPage","@id":"https:\/\/radarservice.eu\/ro\/produs\/detector-de-radar-fix-bel-sti-r-plus-versiunea-europeana\/","url":"https:\/\/radarservice.eu\/ro\/produs\/detector-de-radar-fix-bel-sti-r-plus-versiunea-europeana\/","name":"% %","isPartOf":{"@id":"https:\/\/radarservice.eu\/ro\/#website"},"primaryImageOfPage":{"@id":"https:\/\/radarservice.eu\/ro\/produs\/detector-de-radar-fix-bel-sti-r-plus-versiunea-europeana\/#primaryimage"},"image":{"@id":"https:\/\/radarservice.eu\/ro\/produs\/detector-de-radar-fix-bel-sti-r-plus-versiunea-europeana\/#primaryimage"},"thumbnailUrl":"https:\/\/radarservice.eu\/wp-content\/uploads\/2020\/09\/STIR.jpg","datePublished":"2021-04-27T05:45:08+00:00","description":"Detector de radar extern Bel STi-R Plus pentru instalare fix\u0103 ascuns\u0103 \u00een partea din fa\u021b\u0103 a vehiculului. Adecvat pentru utilizare \u00een \u00eentreaga Europ\u0103.","breadcrumb":{"@id":"https:\/\/radarservice.eu\/ro\/produs\/detector-de-radar-fix-bel-sti-r-plus-versiunea-europeana\/#breadcrumb"},"inLanguage":"ro-RO","potentialAction":[{"@type":"ReadAction","target":["https:\/\/radarservice.eu\/ro\/produs\/detector-de-radar-fix-bel-sti-r-plus-versiunea-europeana\/"]}]},{"@type":"ImageObject","inLanguage":"ro-RO","@id":"https:\/\/radarservice.eu\/ro\/produs\/detector-de-radar-fix-bel-sti-r-plus-versiunea-europeana\/#primaryimage","url":"https:\/\/radarservice.eu\/wp-content\/uploads\/2020\/09\/STIR.jpg","contentUrl":"https:\/\/radarservice.eu\/wp-content\/uploads\/2020\/09\/STIR.jpg","width":750,"height":800,"caption":"Beltronics Bel STI-R Plus"},{"@type":"BreadcrumbList","@id":"https:\/\/radarservice.eu\/ro\/produs\/detector-de-radar-fix-bel-sti-r-plus-versiunea-europeana\/#breadcrumb","itemListElement":[{"@type":"ListItem","position":1,"name":"Magazin","item":"https:\/\/radarservice.eu\/ro\/magazin\/"},{"@type":"ListItem","position":2,"name":"Detector de radar fix Bel STi-R Plus versiunea european\u0103"}]},{"@type":"WebSite","@id":"https:\/\/radarservice.eu\/ro\/#website","url":"https:\/\/radarservice.eu\/ro\/","name":"Radar Service","description":"Radar detector Laser jammer mobile fix","publisher":{"@id":"https:\/\/radarservice.eu\/ro\/#organization"},"potentialAction":[{"@type":"SearchAction","target":{"@type":"EntryPoint","urlTemplate":"https:\/\/radarservice.eu\/ro\/?s={search_term_string}"},"query-input":{"@type":"PropertyValueSpecification","valueRequired":true,"valueName":"search_term_string"}}],"inLanguage":"ro-RO"},{"@type":"Organization","@id":"https:\/\/radarservice.eu\/ro\/#organization","name":"RadarService","url":"https:\/\/radarservice.eu\/ro\/","logo":{"@type":"ImageObject","inLanguage":"ro-RO","@id":"https:\/\/radarservice.eu\/ro\/#\/schema\/logo\/image\/","url":"https:\/\/radarservice.eu\/wp-content\/uploads\/2021\/03\/Radar_detector_service.png","contentUrl":"https:\/\/radarservice.eu\/wp-content\/uploads\/2021\/03\/Radar_detector_service.png","width":174,"height":48,"caption":"RadarService"},"image":{"@id":"https:\/\/radarservice.eu\/ro\/#\/schema\/logo\/image\/"}}]}},"_links":{"self":[{"href":"https:\/\/radarservice.eu\/ro\/wp-json\/wp\/v2\/product\/15645","targetHints":{"allow":["GET"]}}],"collection":[{"href":"https:\/\/radarservice.eu\/ro\/wp-json\/wp\/v2\/product"}],"about":[{"href":"https:\/\/radarservice.eu\/ro\/wp-json\/wp\/v2\/types\/product"}],"replies":[{"embeddable":true,"href":"https:\/\/radarservice.eu\/ro\/wp-json\/wp\/v2\/comments?post=15645"}],"wp:featuredmedia":[{"embeddable":true,"href":"https:\/\/radarservice.eu\/ro\/wp-json\/wp\/v2\/media\/15646"}],"wp:attachment":[{"href":"https:\/\/radarservice.eu\/ro\/wp-json\/wp\/v2\/media?parent=15645"}],"wp:term":[{"taxonomy":"product_brand","embeddable":true,"href":"https:\/\/radarservice.eu\/ro\/wp-json\/wp\/v2\/product_brand?post=15645"},{"taxonomy":"product_cat","embeddable":true,"href":"https:\/\/radarservice.eu\/ro\/wp-json\/wp\/v2\/product_cat?post=15645"},{"taxonomy":"product_tag","embeddable":true,"href":"https:\/\/radarservice.eu\/ro\/wp-json\/wp\/v2\/product_tag?post=15645"}],"curies":[{"name":"wp","href":"https:\/\/api.w.org\/{rel}","templated":true}]}}