{"id":15634,"date":"2021-04-18T17:43:44","date_gmt":"2021-04-18T15:43:44","guid":{"rendered":"https:\/\/radarservice.eu\/produkt\/target-lasertrack-flare-laser-jammer\/"},"modified":"2021-04-18T17:43:44","modified_gmt":"2021-04-18T15:43:44","slug":"target-lasertrack-flare-laser-jammer","status":"publish","type":"product","link":"https:\/\/radarservice.eu\/ro\/produs\/target-lasertrack-flare-laser-jammer\/","title":{"rendered":"Target Lasertrack Flare Laser jammer"},"content":{"rendered":"<h1>Target Lasertrack Flare Laser Jammer<\/h1>\n<h3>LaserTrack Flare &#8211; cel mai bun blocant laser \u00eempotriva armelor laser<\/h3>\n<p>.<\/p>\n<p>LaserTrack Flare este o telecomand\u0103 inovatoare \u0219i multifunc\u021bional\u0103 pentru deschiderea u\u0219ilor de garaj \u0219i a por\u021bilor de acces, combinat\u0103 cu cea mai avansat\u0103 tehnologie de protec\u021bie \u00eempotriva vizion\u0103rii cu laser.  \u00cen calitate de deschiz\u0103tor de por\u021bi, LaserTrack Flare poate fi achizi\u021bionat \u0219i utilizat \u00een mod legal oriunde \u00een lume<\/p>\n<p>.<\/p>\n<p><strong>Laser jammer \/ laser blocker<\/strong><br \/>.<br \/>\nSenzorii laser ai LaserTrack Flare sunt puternici \u0219i foarte mici. Acest lucru permite senzorilor s\u0103 fie instala\u021bi discret \u00een grila radiatorului.<br \/>.<br \/>\nCu func\u021bia de bruiaj laser activat\u0103, vehiculul dvs. este protejat \u00eempotriva m\u0103sur\u0103torilor de vitez\u0103 cu un aparat de m\u0103sur\u0103 cu laser sau cu un pistol cu laser. De \u00eendat\u0103 ce este detectat\u0103 o m\u0103sur\u0103toare, LaserTrack Flare activeaz\u0103 un scut de protec\u021bie, iar vehiculul nu mai poate fi m\u0103surat. Un semnal de avertizare sonor\u0103 \u0219i vizual\u0103 pe afi\u0219aj indic\u0103 faptul c\u0103 modul de protec\u021bie \u00eempotriva laserelor este activ \u0219i, prin urmare, nu se poate efectua nicio m\u0103surare a vitezei cu pistolul cu laser. Dup\u0103 4 secunde, modul de protec\u021bie se dezactiveaz\u0103 \u0219i vehiculul poate fi m\u0103surat. \u00cen aceste 4 secunde ave\u021bi suficient timp pentru a v\u0103 ajusta viteza.<\/p>\n<p>.<\/p>\n<p><strong>Noua tehnologie APR<\/strong><br \/>.<br \/>\nTehnologia APR calculeaz\u0103 \u00een mod individual rata de impulsuri \u00een timp ce el interfereaz\u0103 cu m\u0103surarea cu laser. Acest lucru permite sistemului Lasertrack Flare s\u0103 r\u0103m\u00e2n\u0103 nedetectat \u0219i nedetectabil de c\u0103tre for\u021bele de ordine.<\/p>\n","protected":false},"excerpt":{"rendered":"<p>Target Lasertrack Flare Laser Jammer LaserTrack Flare &#8211; cel mai bun blocant laser \u00eempotriva armelor laser . LaserTrack Flare este o telecomand\u0103 inovatoare \u0219i multifunc\u021bional\u0103 pentru deschiderea u\u0219ilor de garaj \u0219i a por\u021bilor de acces, combinat\u0103 cu cea mai avansat\u0103 tehnologie de protec\u021bie \u00eempotriva vizion\u0103rii cu laser. \u00cen calitate de deschiz\u0103tor de por\u021bi, LaserTrack Flare [&#8230;]\n","protected":false},"featured_media":15637,"comment_status":"open","ping_status":"closed","template":"","meta":[],"product_brand":[],"product_cat":[1441,1522],"product_tag":[],"class_list":{"0":"post-15634","1":"product","2":"type-product","3":"status-publish","4":"has-post-thumbnail","6":"product_cat-interferentialul-laser","7":"product_cat-target-ro","9":"first","10":"instock","11":"sale","12":"taxable","13":"shipping-taxable","14":"purchasable","15":"product-type-variable","16":"has-default-attributes"},"yoast_head":"<!-- This site is optimized with the Yoast SEO plugin v27.2 - https:\/\/yoast.com\/product\/yoast-seo-wordpress\/ -->\n<title>Target Lasertrack Flare Laser jammer | Radar Service<\/title>\n<meta name=\"description\" content=\"Target Lasertrack Flare Laser jammer | Radar Service\" \/>\n<meta name=\"robots\" content=\"index, follow, max-snippet:-1, max-image-preview:large, max-video-preview:-1\" \/>\n<link rel=\"canonical\" href=\"https:\/\/radarservice.eu\/ro\/produs\/target-lasertrack-flare-laser-jammer\/\" \/>\n<meta property=\"og:locale\" content=\"ro_RO\" \/>\n<meta property=\"og:type\" content=\"article\" \/>\n<meta property=\"og:title\" content=\"Target Lasertrack Flare Laser jammer | Radar Service\" \/>\n<meta property=\"og:description\" content=\"Target Lasertrack Flare Laser jammer | Radar Service\" \/>\n<meta property=\"og:url\" content=\"https:\/\/radarservice.eu\/ro\/produs\/target-lasertrack-flare-laser-jammer\/\" \/>\n<meta property=\"og:site_name\" content=\"Radar Service\" \/>\n<meta property=\"og:image\" content=\"https:\/\/radarservice.eu\/wp-content\/uploads\/2020\/11\/Target_Lasertrack_Anti_laser_Jammer.jpg\" \/>\n\t<meta property=\"og:image:width\" content=\"1200\" \/>\n\t<meta property=\"og:image:height\" content=\"800\" \/>\n\t<meta property=\"og:image:type\" content=\"image\/jpeg\" \/>\n<meta name=\"twitter:card\" content=\"summary_large_image\" \/>\n<meta name=\"twitter:label1\" content=\"Timp estimat pentru citire\" \/>\n\t<meta name=\"twitter:data1\" content=\"1 minut\" \/>\n<script type=\"application\/ld+json\" class=\"yoast-schema-graph\">{\"@context\":\"https:\/\/schema.org\",\"@graph\":[{\"@type\":\"WebPage\",\"@id\":\"https:\/\/radarservice.eu\/ro\/produs\/target-lasertrack-flare-laser-jammer\/\",\"url\":\"https:\/\/radarservice.eu\/ro\/produs\/target-lasertrack-flare-laser-jammer\/\",\"name\":\"Target Lasertrack Flare Laser jammer | Radar Service\",\"isPartOf\":{\"@id\":\"https:\/\/radarservice.eu\/ro\/#website\"},\"primaryImageOfPage\":{\"@id\":\"https:\/\/radarservice.eu\/ro\/produs\/target-lasertrack-flare-laser-jammer\/#primaryimage\"},\"image\":{\"@id\":\"https:\/\/radarservice.eu\/ro\/produs\/target-lasertrack-flare-laser-jammer\/#primaryimage\"},\"thumbnailUrl\":\"https:\/\/radarservice.eu\/wp-content\/uploads\/2020\/11\/Target_Lasertrack_Anti_laser_Jammer.jpg\",\"datePublished\":\"2021-04-18T15:43:44+00:00\",\"description\":\"Target Lasertrack Flare Laser jammer | Radar Service\",\"breadcrumb\":{\"@id\":\"https:\/\/radarservice.eu\/ro\/produs\/target-lasertrack-flare-laser-jammer\/#breadcrumb\"},\"inLanguage\":\"ro-RO\",\"potentialAction\":[{\"@type\":\"ReadAction\",\"target\":[\"https:\/\/radarservice.eu\/ro\/produs\/target-lasertrack-flare-laser-jammer\/\"]}]},{\"@type\":\"ImageObject\",\"inLanguage\":\"ro-RO\",\"@id\":\"https:\/\/radarservice.eu\/ro\/produs\/target-lasertrack-flare-laser-jammer\/#primaryimage\",\"url\":\"https:\/\/radarservice.eu\/wp-content\/uploads\/2020\/11\/Target_Lasertrack_Anti_laser_Jammer.jpg\",\"contentUrl\":\"https:\/\/radarservice.eu\/wp-content\/uploads\/2020\/11\/Target_Lasertrack_Anti_laser_Jammer.jpg\",\"width\":1200,\"height\":800,\"caption\":\"Target Lasertrack Antilaser Antilaser Jammer Laser Blocker\"},{\"@type\":\"BreadcrumbList\",\"@id\":\"https:\/\/radarservice.eu\/ro\/produs\/target-lasertrack-flare-laser-jammer\/#breadcrumb\",\"itemListElement\":[{\"@type\":\"ListItem\",\"position\":1,\"name\":\"Magazin\",\"item\":\"https:\/\/radarservice.eu\/ro\/magazin\/\"},{\"@type\":\"ListItem\",\"position\":2,\"name\":\"Target Lasertrack Flare Laser jammer\"}]},{\"@type\":\"WebSite\",\"@id\":\"https:\/\/radarservice.eu\/ro\/#website\",\"url\":\"https:\/\/radarservice.eu\/ro\/\",\"name\":\"Radar Service\",\"description\":\"Radar detector Laser jammer mobile fix\",\"publisher\":{\"@id\":\"https:\/\/radarservice.eu\/ro\/#organization\"},\"potentialAction\":[{\"@type\":\"SearchAction\",\"target\":{\"@type\":\"EntryPoint\",\"urlTemplate\":\"https:\/\/radarservice.eu\/ro\/?s={search_term_string}\"},\"query-input\":{\"@type\":\"PropertyValueSpecification\",\"valueRequired\":true,\"valueName\":\"search_term_string\"}}],\"inLanguage\":\"ro-RO\"},{\"@type\":\"Organization\",\"@id\":\"https:\/\/radarservice.eu\/ro\/#organization\",\"name\":\"RadarService\",\"url\":\"https:\/\/radarservice.eu\/ro\/\",\"logo\":{\"@type\":\"ImageObject\",\"inLanguage\":\"ro-RO\",\"@id\":\"https:\/\/radarservice.eu\/ro\/#\/schema\/logo\/image\/\",\"url\":\"https:\/\/radarservice.eu\/wp-content\/uploads\/2021\/03\/Radar_detector_service.png\",\"contentUrl\":\"https:\/\/radarservice.eu\/wp-content\/uploads\/2021\/03\/Radar_detector_service.png\",\"width\":174,\"height\":48,\"caption\":\"RadarService\"},\"image\":{\"@id\":\"https:\/\/radarservice.eu\/ro\/#\/schema\/logo\/image\/\"}}]}<\/script>\n<!-- \/ Yoast SEO plugin. -->","yoast_head_json":{"title":"Target Lasertrack Flare Laser jammer | Radar Service","description":"Target Lasertrack Flare Laser jammer | Radar Service","robots":{"index":"index","follow":"follow","max-snippet":"max-snippet:-1","max-image-preview":"max-image-preview:large","max-video-preview":"max-video-preview:-1"},"canonical":"https:\/\/radarservice.eu\/ro\/produs\/target-lasertrack-flare-laser-jammer\/","og_locale":"ro_RO","og_type":"article","og_title":"Target Lasertrack Flare Laser jammer | Radar Service","og_description":"Target Lasertrack Flare Laser jammer | Radar Service","og_url":"https:\/\/radarservice.eu\/ro\/produs\/target-lasertrack-flare-laser-jammer\/","og_site_name":"Radar Service","og_image":[{"width":1200,"height":800,"url":"https:\/\/radarservice.eu\/wp-content\/uploads\/2020\/11\/Target_Lasertrack_Anti_laser_Jammer.jpg","type":"image\/jpeg"}],"twitter_card":"summary_large_image","twitter_misc":{"Timp estimat pentru citire":"1 minut"},"schema":{"@context":"https:\/\/schema.org","@graph":[{"@type":"WebPage","@id":"https:\/\/radarservice.eu\/ro\/produs\/target-lasertrack-flare-laser-jammer\/","url":"https:\/\/radarservice.eu\/ro\/produs\/target-lasertrack-flare-laser-jammer\/","name":"Target Lasertrack Flare Laser jammer | Radar Service","isPartOf":{"@id":"https:\/\/radarservice.eu\/ro\/#website"},"primaryImageOfPage":{"@id":"https:\/\/radarservice.eu\/ro\/produs\/target-lasertrack-flare-laser-jammer\/#primaryimage"},"image":{"@id":"https:\/\/radarservice.eu\/ro\/produs\/target-lasertrack-flare-laser-jammer\/#primaryimage"},"thumbnailUrl":"https:\/\/radarservice.eu\/wp-content\/uploads\/2020\/11\/Target_Lasertrack_Anti_laser_Jammer.jpg","datePublished":"2021-04-18T15:43:44+00:00","description":"Target Lasertrack Flare Laser jammer | Radar Service","breadcrumb":{"@id":"https:\/\/radarservice.eu\/ro\/produs\/target-lasertrack-flare-laser-jammer\/#breadcrumb"},"inLanguage":"ro-RO","potentialAction":[{"@type":"ReadAction","target":["https:\/\/radarservice.eu\/ro\/produs\/target-lasertrack-flare-laser-jammer\/"]}]},{"@type":"ImageObject","inLanguage":"ro-RO","@id":"https:\/\/radarservice.eu\/ro\/produs\/target-lasertrack-flare-laser-jammer\/#primaryimage","url":"https:\/\/radarservice.eu\/wp-content\/uploads\/2020\/11\/Target_Lasertrack_Anti_laser_Jammer.jpg","contentUrl":"https:\/\/radarservice.eu\/wp-content\/uploads\/2020\/11\/Target_Lasertrack_Anti_laser_Jammer.jpg","width":1200,"height":800,"caption":"Target Lasertrack Antilaser Antilaser Jammer Laser Blocker"},{"@type":"BreadcrumbList","@id":"https:\/\/radarservice.eu\/ro\/produs\/target-lasertrack-flare-laser-jammer\/#breadcrumb","itemListElement":[{"@type":"ListItem","position":1,"name":"Magazin","item":"https:\/\/radarservice.eu\/ro\/magazin\/"},{"@type":"ListItem","position":2,"name":"Target Lasertrack Flare Laser jammer"}]},{"@type":"WebSite","@id":"https:\/\/radarservice.eu\/ro\/#website","url":"https:\/\/radarservice.eu\/ro\/","name":"Radar Service","description":"Radar detector Laser jammer mobile fix","publisher":{"@id":"https:\/\/radarservice.eu\/ro\/#organization"},"potentialAction":[{"@type":"SearchAction","target":{"@type":"EntryPoint","urlTemplate":"https:\/\/radarservice.eu\/ro\/?s={search_term_string}"},"query-input":{"@type":"PropertyValueSpecification","valueRequired":true,"valueName":"search_term_string"}}],"inLanguage":"ro-RO"},{"@type":"Organization","@id":"https:\/\/radarservice.eu\/ro\/#organization","name":"RadarService","url":"https:\/\/radarservice.eu\/ro\/","logo":{"@type":"ImageObject","inLanguage":"ro-RO","@id":"https:\/\/radarservice.eu\/ro\/#\/schema\/logo\/image\/","url":"https:\/\/radarservice.eu\/wp-content\/uploads\/2021\/03\/Radar_detector_service.png","contentUrl":"https:\/\/radarservice.eu\/wp-content\/uploads\/2021\/03\/Radar_detector_service.png","width":174,"height":48,"caption":"RadarService"},"image":{"@id":"https:\/\/radarservice.eu\/ro\/#\/schema\/logo\/image\/"}}]}},"_links":{"self":[{"href":"https:\/\/radarservice.eu\/ro\/wp-json\/wp\/v2\/product\/15634","targetHints":{"allow":["GET"]}}],"collection":[{"href":"https:\/\/radarservice.eu\/ro\/wp-json\/wp\/v2\/product"}],"about":[{"href":"https:\/\/radarservice.eu\/ro\/wp-json\/wp\/v2\/types\/product"}],"replies":[{"embeddable":true,"href":"https:\/\/radarservice.eu\/ro\/wp-json\/wp\/v2\/comments?post=15634"}],"wp:featuredmedia":[{"embeddable":true,"href":"https:\/\/radarservice.eu\/ro\/wp-json\/wp\/v2\/media\/15637"}],"wp:attachment":[{"href":"https:\/\/radarservice.eu\/ro\/wp-json\/wp\/v2\/media?parent=15634"}],"wp:term":[{"taxonomy":"product_brand","embeddable":true,"href":"https:\/\/radarservice.eu\/ro\/wp-json\/wp\/v2\/product_brand?post=15634"},{"taxonomy":"product_cat","embeddable":true,"href":"https:\/\/radarservice.eu\/ro\/wp-json\/wp\/v2\/product_cat?post=15634"},{"taxonomy":"product_tag","embeddable":true,"href":"https:\/\/radarservice.eu\/ro\/wp-json\/wp\/v2\/product_tag?post=15634"}],"curies":[{"name":"wp","href":"https:\/\/api.w.org\/{rel}","templated":true}]}}