{"id":15630,"date":"2021-04-18T17:41:39","date_gmt":"2021-04-18T15:41:39","guid":{"rendered":"https:\/\/radarservice.eu\/produkt\/suport-de-placuta-de-inmatriculare-lasertrack-flare-ascuns\/"},"modified":"2025-06-20T05:10:27","modified_gmt":"2025-06-20T03:10:27","slug":"suport-de-placuta-de-inmatriculare-lasertrack-flare-ascuns","status":"publish","type":"product","link":"https:\/\/radarservice.eu\/ro\/produs\/suport-de-placuta-de-inmatriculare-lasertrack-flare-ascuns\/","title":{"rendered":"Suport de pl\u0103cu\u021b\u0103 de \u00eenmatriculare Lasertrack Flare ascuns"},"content":{"rendered":"<h1>Target Lasertrack Flare ascuns invizibil \u00een suportul de pl\u0103cu\u021b\u0103 de \u00eenmatriculare<\/h1>\n<p><strong>LaserTrack Flare ascuns invizibil \u00een suportul de pl\u0103cu\u021b\u0103 de \u00eenmatriculare<\/strong><br \/>.<br \/>\nNoii \u0219i foarte mici senzori LaserTrack Flare sunt integra\u021bi \u00een mod invizibil \u00eentr-un suport de pl\u0103cu\u021b\u0103 de \u00eenmatriculare. Acest lucru permite o instalare simpl\u0103 \u0219i discret\u0103 pe aproape orice vehicul. Pentru a face acest lucru, pur \u0219i simplu \u00eenlocui\u021bi vechiul suport de pl\u0103cu\u021b\u0103 de \u00eenmatriculare cu noul suport cu senzori de interferen\u021b\u0103 integra\u021bi.  <\/p>\n<p><strong>Tehnologie anti-laser LaserTrack Flare<\/strong><br \/>.<br \/>\nSofisticatul \u0219i foarte micul LaserTrack Flare este echipat cu aceea\u0219i tehnologie folosit\u0103 \u00een pistoalele cu laser ale poli\u021biei \u0219i v\u0103 ofer\u0103 dumneavoastr\u0103, utilizatorul, un mare avantaj. Sistemul distinge foarte precis semnalele individuale ale numeroaselor dispozitive de m\u0103surare cu laser \u0219i ale pistoalelor cu laser ale poli\u021biei.<\/p>\n<p>.<\/p>\n<p><strong>Func\u021bionare legal\u0103 ca deschiz\u0103tor de por\u021bi \u0219i garaje<\/strong><br \/>.<br \/>\nDin fabric\u0103, LaserTrack Flare are activat\u0103 func\u021bia de deschidere a por\u021bii \u0219i a garajului. Aceast\u0103 func\u021bie este permis\u0103 oriunde \u00een lume \u0219i, prin urmare, permite achizi\u021bionarea \u0219i instalarea legal\u0103. <\/p>\n<p><strong>Func\u021bia de blocare a laserului \/ blocarea laserului<\/strong><br \/>.<br \/>\nCu func\u021bia de bruiaj laser activat\u0103, vehiculul dvs. este protejat \u00eempotriva m\u0103sur\u0103torilor de vitez\u0103 cu un aparat de m\u0103sur\u0103 cu laser sau cu un pistol cu laser.  Imediat ce este detectat\u0103 o m\u0103sur\u0103toare, LaserTrack Flare activeaz\u0103 un scut de protec\u021bie, iar vehiculul nu mai poate fi m\u0103surat. Un semnal de avertizare sonor\u0103 \u0219i vizual\u0103 pe afi\u0219aj indic\u0103 faptul c\u0103 modul de protec\u021bie \u00eempotriva laserului este activ \u0219i, prin urmare, nu se poate efectua nicio m\u0103surare a vitezei cu pistolul cu laser. Dup\u0103 4 secunde, modul de protec\u021bie este dezactivat \u0219i vehiculul poate fi m\u0103surat. \u00cen aceste 4 secunde ave\u021bi suficient timp pentru a v\u0103 ajusta viteza. <\/p>\n","protected":false},"excerpt":{"rendered":"<p>Target Lasertrack Flare ascuns invizibil \u00een suportul de pl\u0103cu\u021b\u0103 de \u00eenmatriculare LaserTrack Flare ascuns invizibil \u00een suportul de pl\u0103cu\u021b\u0103 de \u00eenmatriculare. Noii \u0219i foarte mici senzori LaserTrack Flare sunt integra\u021bi \u00een mod invizibil \u00eentr-un suport de pl\u0103cu\u021b\u0103 de \u00eenmatriculare. Acest lucru permite o instalare simpl\u0103 \u0219i discret\u0103 pe aproape orice vehicul. Pentru a face acest [&#8230;]\n","protected":false},"featured_media":15631,"comment_status":"open","ping_status":"closed","template":"","meta":[],"product_brand":[],"product_cat":[1524,1441,1522],"product_tag":[],"class_list":{"0":"post-15630","1":"product","2":"type-product","3":"status-publish","4":"has-post-thumbnail","6":"product_cat-interferente-recomandate","7":"product_cat-interferentialul-laser","8":"product_cat-target-ro","10":"first","11":"instock","12":"sale","13":"taxable","14":"shipping-taxable","15":"purchasable","16":"product-type-variable","17":"has-default-attributes"},"yoast_head":"<!-- This site is optimized with the Yoast SEO plugin v27.2 - https:\/\/yoast.com\/product\/yoast-seo-wordpress\/ -->\n<title>Suport de pl\u0103cu\u021b\u0103 de \u00eenmatriculare Lasertrack Flare ascuns<\/title>\n<meta name=\"description\" content=\"Senzorii noi \u0219i foarte mici ai dispozitivului de bruiaj laser LaserTrack Flare sunt integra\u021bi \u00een mod invizibil \u00eentr-un suport de pl\u0103cu\u021b\u0103 de \u00eenmatriculare.\" \/>\n<meta name=\"robots\" content=\"index, follow, max-snippet:-1, max-image-preview:large, max-video-preview:-1\" \/>\n<link rel=\"canonical\" href=\"https:\/\/radarservice.eu\/ro\/produs\/suport-de-placuta-de-inmatriculare-lasertrack-flare-ascuns\/\" \/>\n<meta property=\"og:locale\" content=\"ro_RO\" \/>\n<meta property=\"og:type\" content=\"article\" \/>\n<meta property=\"og:title\" content=\"Suport de pl\u0103cu\u021b\u0103 de \u00eenmatriculare Lasertrack Flare ascuns\" \/>\n<meta property=\"og:description\" content=\"Senzorii noi \u0219i foarte mici ai dispozitivului de bruiaj laser LaserTrack Flare sunt integra\u021bi \u00een mod invizibil \u00eentr-un suport de pl\u0103cu\u021b\u0103 de \u00eenmatriculare.\" \/>\n<meta property=\"og:url\" content=\"https:\/\/radarservice.eu\/ro\/produs\/suport-de-placuta-de-inmatriculare-lasertrack-flare-ascuns\/\" \/>\n<meta property=\"og:site_name\" content=\"Radar Service\" \/>\n<meta property=\"article:modified_time\" content=\"2025-06-20T03:10:27+00:00\" \/>\n<meta property=\"og:image\" content=\"https:\/\/radarservice.eu\/wp-content\/uploads\/2020\/09\/Lasertrack-Flare-Nummernschild.jpg\" \/>\n\t<meta property=\"og:image:width\" content=\"1900\" \/>\n\t<meta property=\"og:image:height\" content=\"1267\" \/>\n\t<meta property=\"og:image:type\" content=\"image\/jpeg\" \/>\n<meta name=\"twitter:card\" content=\"summary_large_image\" \/>\n<meta name=\"twitter:label1\" content=\"Timp estimat pentru citire\" \/>\n\t<meta name=\"twitter:data1\" content=\"2 minute\" \/>\n<script type=\"application\/ld+json\" class=\"yoast-schema-graph\">{\"@context\":\"https:\/\/schema.org\",\"@graph\":[{\"@type\":\"WebPage\",\"@id\":\"https:\/\/radarservice.eu\/ro\/produs\/suport-de-placuta-de-inmatriculare-lasertrack-flare-ascuns\/\",\"url\":\"https:\/\/radarservice.eu\/ro\/produs\/suport-de-placuta-de-inmatriculare-lasertrack-flare-ascuns\/\",\"name\":\"Suport de pl\u0103cu\u021b\u0103 de \u00eenmatriculare Lasertrack Flare ascuns\",\"isPartOf\":{\"@id\":\"https:\/\/radarservice.eu\/ro\/#website\"},\"primaryImageOfPage\":{\"@id\":\"https:\/\/radarservice.eu\/ro\/produs\/suport-de-placuta-de-inmatriculare-lasertrack-flare-ascuns\/#primaryimage\"},\"image\":{\"@id\":\"https:\/\/radarservice.eu\/ro\/produs\/suport-de-placuta-de-inmatriculare-lasertrack-flare-ascuns\/#primaryimage\"},\"thumbnailUrl\":\"https:\/\/radarservice.eu\/wp-content\/uploads\/2020\/09\/Lasertrack-Flare-Nummernschild.jpg\",\"datePublished\":\"2021-04-18T15:41:39+00:00\",\"dateModified\":\"2025-06-20T03:10:27+00:00\",\"description\":\"Senzorii noi \u0219i foarte mici ai dispozitivului de bruiaj laser LaserTrack Flare sunt integra\u021bi \u00een mod invizibil \u00eentr-un suport de pl\u0103cu\u021b\u0103 de \u00eenmatriculare.\",\"breadcrumb\":{\"@id\":\"https:\/\/radarservice.eu\/ro\/produs\/suport-de-placuta-de-inmatriculare-lasertrack-flare-ascuns\/#breadcrumb\"},\"inLanguage\":\"ro-RO\",\"potentialAction\":[{\"@type\":\"ReadAction\",\"target\":[\"https:\/\/radarservice.eu\/ro\/produs\/suport-de-placuta-de-inmatriculare-lasertrack-flare-ascuns\/\"]}]},{\"@type\":\"ImageObject\",\"inLanguage\":\"ro-RO\",\"@id\":\"https:\/\/radarservice.eu\/ro\/produs\/suport-de-placuta-de-inmatriculare-lasertrack-flare-ascuns\/#primaryimage\",\"url\":\"https:\/\/radarservice.eu\/wp-content\/uploads\/2020\/09\/Lasertrack-Flare-Nummernschild.jpg\",\"contentUrl\":\"https:\/\/radarservice.eu\/wp-content\/uploads\/2020\/09\/Lasertrack-Flare-Nummernschild.jpg\",\"width\":1900,\"height\":1267,\"caption\":\"Pl\u0103cu\u021b\u0103 de \u00eenmatriculare Lasertrack Flare\"},{\"@type\":\"BreadcrumbList\",\"@id\":\"https:\/\/radarservice.eu\/ro\/produs\/suport-de-placuta-de-inmatriculare-lasertrack-flare-ascuns\/#breadcrumb\",\"itemListElement\":[{\"@type\":\"ListItem\",\"position\":1,\"name\":\"Magazin\",\"item\":\"https:\/\/radarservice.eu\/ro\/magazin\/\"},{\"@type\":\"ListItem\",\"position\":2,\"name\":\"Suport de pl\u0103cu\u021b\u0103 de \u00eenmatriculare Lasertrack Flare ascuns\"}]},{\"@type\":\"WebSite\",\"@id\":\"https:\/\/radarservice.eu\/ro\/#website\",\"url\":\"https:\/\/radarservice.eu\/ro\/\",\"name\":\"Radar Service\",\"description\":\"Radar detector Laser jammer mobile fix\",\"publisher\":{\"@id\":\"https:\/\/radarservice.eu\/ro\/#organization\"},\"potentialAction\":[{\"@type\":\"SearchAction\",\"target\":{\"@type\":\"EntryPoint\",\"urlTemplate\":\"https:\/\/radarservice.eu\/ro\/?s={search_term_string}\"},\"query-input\":{\"@type\":\"PropertyValueSpecification\",\"valueRequired\":true,\"valueName\":\"search_term_string\"}}],\"inLanguage\":\"ro-RO\"},{\"@type\":\"Organization\",\"@id\":\"https:\/\/radarservice.eu\/ro\/#organization\",\"name\":\"RadarService\",\"url\":\"https:\/\/radarservice.eu\/ro\/\",\"logo\":{\"@type\":\"ImageObject\",\"inLanguage\":\"ro-RO\",\"@id\":\"https:\/\/radarservice.eu\/ro\/#\/schema\/logo\/image\/\",\"url\":\"https:\/\/radarservice.eu\/wp-content\/uploads\/2021\/03\/Radar_detector_service.png\",\"contentUrl\":\"https:\/\/radarservice.eu\/wp-content\/uploads\/2021\/03\/Radar_detector_service.png\",\"width\":174,\"height\":48,\"caption\":\"RadarService\"},\"image\":{\"@id\":\"https:\/\/radarservice.eu\/ro\/#\/schema\/logo\/image\/\"}}]}<\/script>\n<!-- \/ Yoast SEO plugin. -->","yoast_head_json":{"title":"Suport de pl\u0103cu\u021b\u0103 de \u00eenmatriculare Lasertrack Flare ascuns","description":"Senzorii noi \u0219i foarte mici ai dispozitivului de bruiaj laser LaserTrack Flare sunt integra\u021bi \u00een mod invizibil \u00eentr-un suport de pl\u0103cu\u021b\u0103 de \u00eenmatriculare.","robots":{"index":"index","follow":"follow","max-snippet":"max-snippet:-1","max-image-preview":"max-image-preview:large","max-video-preview":"max-video-preview:-1"},"canonical":"https:\/\/radarservice.eu\/ro\/produs\/suport-de-placuta-de-inmatriculare-lasertrack-flare-ascuns\/","og_locale":"ro_RO","og_type":"article","og_title":"Suport de pl\u0103cu\u021b\u0103 de \u00eenmatriculare Lasertrack Flare ascuns","og_description":"Senzorii noi \u0219i foarte mici ai dispozitivului de bruiaj laser LaserTrack Flare sunt integra\u021bi \u00een mod invizibil \u00eentr-un suport de pl\u0103cu\u021b\u0103 de \u00eenmatriculare.","og_url":"https:\/\/radarservice.eu\/ro\/produs\/suport-de-placuta-de-inmatriculare-lasertrack-flare-ascuns\/","og_site_name":"Radar Service","article_modified_time":"2025-06-20T03:10:27+00:00","og_image":[{"width":1900,"height":1267,"url":"https:\/\/radarservice.eu\/wp-content\/uploads\/2020\/09\/Lasertrack-Flare-Nummernschild.jpg","type":"image\/jpeg"}],"twitter_card":"summary_large_image","twitter_misc":{"Timp estimat pentru citire":"2 minute"},"schema":{"@context":"https:\/\/schema.org","@graph":[{"@type":"WebPage","@id":"https:\/\/radarservice.eu\/ro\/produs\/suport-de-placuta-de-inmatriculare-lasertrack-flare-ascuns\/","url":"https:\/\/radarservice.eu\/ro\/produs\/suport-de-placuta-de-inmatriculare-lasertrack-flare-ascuns\/","name":"Suport de pl\u0103cu\u021b\u0103 de \u00eenmatriculare Lasertrack Flare ascuns","isPartOf":{"@id":"https:\/\/radarservice.eu\/ro\/#website"},"primaryImageOfPage":{"@id":"https:\/\/radarservice.eu\/ro\/produs\/suport-de-placuta-de-inmatriculare-lasertrack-flare-ascuns\/#primaryimage"},"image":{"@id":"https:\/\/radarservice.eu\/ro\/produs\/suport-de-placuta-de-inmatriculare-lasertrack-flare-ascuns\/#primaryimage"},"thumbnailUrl":"https:\/\/radarservice.eu\/wp-content\/uploads\/2020\/09\/Lasertrack-Flare-Nummernschild.jpg","datePublished":"2021-04-18T15:41:39+00:00","dateModified":"2025-06-20T03:10:27+00:00","description":"Senzorii noi \u0219i foarte mici ai dispozitivului de bruiaj laser LaserTrack Flare sunt integra\u021bi \u00een mod invizibil \u00eentr-un suport de pl\u0103cu\u021b\u0103 de \u00eenmatriculare.","breadcrumb":{"@id":"https:\/\/radarservice.eu\/ro\/produs\/suport-de-placuta-de-inmatriculare-lasertrack-flare-ascuns\/#breadcrumb"},"inLanguage":"ro-RO","potentialAction":[{"@type":"ReadAction","target":["https:\/\/radarservice.eu\/ro\/produs\/suport-de-placuta-de-inmatriculare-lasertrack-flare-ascuns\/"]}]},{"@type":"ImageObject","inLanguage":"ro-RO","@id":"https:\/\/radarservice.eu\/ro\/produs\/suport-de-placuta-de-inmatriculare-lasertrack-flare-ascuns\/#primaryimage","url":"https:\/\/radarservice.eu\/wp-content\/uploads\/2020\/09\/Lasertrack-Flare-Nummernschild.jpg","contentUrl":"https:\/\/radarservice.eu\/wp-content\/uploads\/2020\/09\/Lasertrack-Flare-Nummernschild.jpg","width":1900,"height":1267,"caption":"Pl\u0103cu\u021b\u0103 de \u00eenmatriculare Lasertrack Flare"},{"@type":"BreadcrumbList","@id":"https:\/\/radarservice.eu\/ro\/produs\/suport-de-placuta-de-inmatriculare-lasertrack-flare-ascuns\/#breadcrumb","itemListElement":[{"@type":"ListItem","position":1,"name":"Magazin","item":"https:\/\/radarservice.eu\/ro\/magazin\/"},{"@type":"ListItem","position":2,"name":"Suport de pl\u0103cu\u021b\u0103 de \u00eenmatriculare Lasertrack Flare ascuns"}]},{"@type":"WebSite","@id":"https:\/\/radarservice.eu\/ro\/#website","url":"https:\/\/radarservice.eu\/ro\/","name":"Radar Service","description":"Radar detector Laser jammer mobile fix","publisher":{"@id":"https:\/\/radarservice.eu\/ro\/#organization"},"potentialAction":[{"@type":"SearchAction","target":{"@type":"EntryPoint","urlTemplate":"https:\/\/radarservice.eu\/ro\/?s={search_term_string}"},"query-input":{"@type":"PropertyValueSpecification","valueRequired":true,"valueName":"search_term_string"}}],"inLanguage":"ro-RO"},{"@type":"Organization","@id":"https:\/\/radarservice.eu\/ro\/#organization","name":"RadarService","url":"https:\/\/radarservice.eu\/ro\/","logo":{"@type":"ImageObject","inLanguage":"ro-RO","@id":"https:\/\/radarservice.eu\/ro\/#\/schema\/logo\/image\/","url":"https:\/\/radarservice.eu\/wp-content\/uploads\/2021\/03\/Radar_detector_service.png","contentUrl":"https:\/\/radarservice.eu\/wp-content\/uploads\/2021\/03\/Radar_detector_service.png","width":174,"height":48,"caption":"RadarService"},"image":{"@id":"https:\/\/radarservice.eu\/ro\/#\/schema\/logo\/image\/"}}]}},"_links":{"self":[{"href":"https:\/\/radarservice.eu\/ro\/wp-json\/wp\/v2\/product\/15630","targetHints":{"allow":["GET"]}}],"collection":[{"href":"https:\/\/radarservice.eu\/ro\/wp-json\/wp\/v2\/product"}],"about":[{"href":"https:\/\/radarservice.eu\/ro\/wp-json\/wp\/v2\/types\/product"}],"replies":[{"embeddable":true,"href":"https:\/\/radarservice.eu\/ro\/wp-json\/wp\/v2\/comments?post=15630"}],"wp:featuredmedia":[{"embeddable":true,"href":"https:\/\/radarservice.eu\/ro\/wp-json\/wp\/v2\/media\/15631"}],"wp:attachment":[{"href":"https:\/\/radarservice.eu\/ro\/wp-json\/wp\/v2\/media?parent=15630"}],"wp:term":[{"taxonomy":"product_brand","embeddable":true,"href":"https:\/\/radarservice.eu\/ro\/wp-json\/wp\/v2\/product_brand?post=15630"},{"taxonomy":"product_cat","embeddable":true,"href":"https:\/\/radarservice.eu\/ro\/wp-json\/wp\/v2\/product_cat?post=15630"},{"taxonomy":"product_tag","embeddable":true,"href":"https:\/\/radarservice.eu\/ro\/wp-json\/wp\/v2\/product_tag?post=15630"}],"curies":[{"name":"wp","href":"https:\/\/api.w.org\/{rel}","templated":true}]}}