{"id":15628,"date":"2021-04-18T17:39:21","date_gmt":"2021-04-18T15:39:21","guid":{"rendered":"https:\/\/radarservice.eu\/produkt\/serviciul-de-instalare-a-detectoarelor-de-radar-si-a-bruiajelor-laser\/"},"modified":"2026-03-31T05:13:22","modified_gmt":"2026-03-31T03:13:22","slug":"serviciul-de-instalare-a-detectoarelor-de-radar-si-a-bruiajelor-laser","status":"publish","type":"product","link":"https:\/\/radarservice.eu\/ro\/produs\/serviciul-de-instalare-a-detectoarelor-de-radar-si-a-bruiajelor-laser\/","title":{"rendered":"Serviciul de instalare a detectoarelor de radar \u0219i a bruiajelor laser"},"content":{"rendered":"<h1>Serviciu de instalare a detectoarelor de radar \u0219i atelier<\/h1>\n<p><strong>Serviciu propriu de instalare \u00een Hamburg<\/strong><\/p>\n<p>.<\/p>\n<p>\u00cen atelierul nostru din Hamburg efectu\u0103m instala\u021bii profesionale de detectoare de radar. Costul variaz\u0103 \u00een func\u021bie de tipul de vehicul \u0219i de amploarea pachetului de instalare a detectorului de radar dorit.<br \/>.<br \/>\nPentru o ofert\u0103 de pre\u021b, v\u0103 rug\u0103m s\u0103 ne contacta\u021bi prin e-mail sau s\u0103 ne suna\u021bi. Tel: +49 (0)40 &#8211; 228 590 32<\/p>\n<p>.<\/p>\n","protected":false},"excerpt":{"rendered":"<p>Serviciu de instalare a detectoarelor de radar \u0219i atelier Serviciu propriu de instalare \u00een Hamburg . \u00cen atelierul nostru din Hamburg efectu\u0103m instala\u021bii profesionale de detectoare de radar. Costul variaz\u0103 \u00een func\u021bie de tipul de vehicul \u0219i de amploarea pachetului de instalare a detectorului de radar dorit.. Pentru o ofert\u0103 de pre\u021b, v\u0103 rug\u0103m s\u0103 [&#8230;]\n","protected":false},"featured_media":15629,"comment_status":"open","ping_status":"closed","template":"","meta":[],"product_brand":[],"product_cat":[1464,1524,1441,1523,2074],"product_tag":[],"class_list":{"0":"post-15628","1":"product","2":"type-product","3":"status-publish","4":"has-post-thumbnail","6":"product_cat-detectoare-radar-montate-fix","7":"product_cat-interferente-recomandate","8":"product_cat-interferentialul-laser","9":"product_cat-pachete-complete-recomandate","10":"product_cat-serviciu-radar","12":"first","13":"instock","14":"virtual","15":"taxable","16":"purchasable","17":"product-type-simple"},"yoast_head":"<!-- This site is optimized with the Yoast SEO plugin v27.2 - https:\/\/yoast.com\/product\/yoast-seo-wordpress\/ -->\n<title>Serviciul de instalare a detectoarelor de radar \u0219i a bruiajelor laser% % \u00een Hamburg<\/title>\n<meta name=\"description\" content=\"Instalarea detectorului de radar serviciu \u0219i atelier. \u00cen calitate de serviciu de instalare cu experien\u021b\u0103 \u00een Hamburg, instal\u0103m detectoare de radar \u0219i dispozitive de bruiaj cu laser de mul\u021bi ani.\" \/>\n<meta name=\"robots\" content=\"index, follow, max-snippet:-1, max-image-preview:large, max-video-preview:-1\" \/>\n<link rel=\"canonical\" href=\"https:\/\/radarservice.eu\/ro\/produs\/serviciul-de-instalare-a-detectoarelor-de-radar-si-a-bruiajelor-laser\/\" \/>\n<meta property=\"og:locale\" content=\"ro_RO\" \/>\n<meta property=\"og:type\" content=\"article\" \/>\n<meta property=\"og:title\" content=\"Serviciul de instalare a detectoarelor de radar \u0219i a bruiajelor laser% % \u00een Hamburg\" \/>\n<meta property=\"og:description\" content=\"Instalarea detectorului de radar serviciu \u0219i atelier. \u00cen calitate de serviciu de instalare cu experien\u021b\u0103 \u00een Hamburg, instal\u0103m detectoare de radar \u0219i dispozitive de bruiaj cu laser de mul\u021bi ani.\" \/>\n<meta property=\"og:url\" content=\"https:\/\/radarservice.eu\/ro\/produs\/serviciul-de-instalare-a-detectoarelor-de-radar-si-a-bruiajelor-laser\/\" \/>\n<meta property=\"og:site_name\" content=\"Radar Service\" \/>\n<meta property=\"article:modified_time\" content=\"2026-03-31T03:13:22+00:00\" \/>\n<meta property=\"og:image\" content=\"https:\/\/radarservice.eu\/wp-content\/uploads\/2020\/11\/McLaren_1280x853.jpg\" \/>\n\t<meta property=\"og:image:width\" content=\"1280\" \/>\n\t<meta property=\"og:image:height\" content=\"853\" \/>\n\t<meta property=\"og:image:type\" content=\"image\/jpeg\" \/>\n<meta name=\"twitter:card\" content=\"summary_large_image\" \/>\n<script type=\"application\/ld+json\" class=\"yoast-schema-graph\">{\"@context\":\"https:\/\/schema.org\",\"@graph\":[{\"@type\":\"WebPage\",\"@id\":\"https:\/\/radarservice.eu\/ro\/produs\/serviciul-de-instalare-a-detectoarelor-de-radar-si-a-bruiajelor-laser\/\",\"url\":\"https:\/\/radarservice.eu\/ro\/produs\/serviciul-de-instalare-a-detectoarelor-de-radar-si-a-bruiajelor-laser\/\",\"name\":\"Serviciul de instalare a detectoarelor de radar \u0219i a bruiajelor laser% % \u00een Hamburg\",\"isPartOf\":{\"@id\":\"https:\/\/radarservice.eu\/ro\/#website\"},\"primaryImageOfPage\":{\"@id\":\"https:\/\/radarservice.eu\/ro\/produs\/serviciul-de-instalare-a-detectoarelor-de-radar-si-a-bruiajelor-laser\/#primaryimage\"},\"image\":{\"@id\":\"https:\/\/radarservice.eu\/ro\/produs\/serviciul-de-instalare-a-detectoarelor-de-radar-si-a-bruiajelor-laser\/#primaryimage\"},\"thumbnailUrl\":\"https:\/\/radarservice.eu\/wp-content\/uploads\/2020\/11\/McLaren_1280x853.jpg\",\"datePublished\":\"2021-04-18T15:39:21+00:00\",\"dateModified\":\"2026-03-31T03:13:22+00:00\",\"description\":\"Instalarea detectorului de radar serviciu \u0219i atelier. \u00cen calitate de serviciu de instalare cu experien\u021b\u0103 \u00een Hamburg, instal\u0103m detectoare de radar \u0219i dispozitive de bruiaj cu laser de mul\u021bi ani.\",\"breadcrumb\":{\"@id\":\"https:\/\/radarservice.eu\/ro\/produs\/serviciul-de-instalare-a-detectoarelor-de-radar-si-a-bruiajelor-laser\/#breadcrumb\"},\"inLanguage\":\"ro-RO\",\"potentialAction\":[{\"@type\":\"ReadAction\",\"target\":[\"https:\/\/radarservice.eu\/ro\/produs\/serviciul-de-instalare-a-detectoarelor-de-radar-si-a-bruiajelor-laser\/\"]}]},{\"@type\":\"ImageObject\",\"inLanguage\":\"ro-RO\",\"@id\":\"https:\/\/radarservice.eu\/ro\/produs\/serviciul-de-instalare-a-detectoarelor-de-radar-si-a-bruiajelor-laser\/#primaryimage\",\"url\":\"https:\/\/radarservice.eu\/wp-content\/uploads\/2020\/11\/McLaren_1280x853.jpg\",\"contentUrl\":\"https:\/\/radarservice.eu\/wp-content\/uploads\/2020\/11\/McLaren_1280x853.jpg\",\"width\":1280,\"height\":853,\"caption\":\"Radarwarner Detector de radar auto\"},{\"@type\":\"BreadcrumbList\",\"@id\":\"https:\/\/radarservice.eu\/ro\/produs\/serviciul-de-instalare-a-detectoarelor-de-radar-si-a-bruiajelor-laser\/#breadcrumb\",\"itemListElement\":[{\"@type\":\"ListItem\",\"position\":1,\"name\":\"Magazin\",\"item\":\"https:\/\/radarservice.eu\/ro\/magazin\/\"},{\"@type\":\"ListItem\",\"position\":2,\"name\":\"Serviciul de instalare a detectoarelor de radar \u0219i a bruiajelor laser\"}]},{\"@type\":\"WebSite\",\"@id\":\"https:\/\/radarservice.eu\/ro\/#website\",\"url\":\"https:\/\/radarservice.eu\/ro\/\",\"name\":\"Radar Service\",\"description\":\"Radar detector Laser jammer mobile fix\",\"publisher\":{\"@id\":\"https:\/\/radarservice.eu\/ro\/#organization\"},\"potentialAction\":[{\"@type\":\"SearchAction\",\"target\":{\"@type\":\"EntryPoint\",\"urlTemplate\":\"https:\/\/radarservice.eu\/ro\/?s={search_term_string}\"},\"query-input\":{\"@type\":\"PropertyValueSpecification\",\"valueRequired\":true,\"valueName\":\"search_term_string\"}}],\"inLanguage\":\"ro-RO\"},{\"@type\":\"Organization\",\"@id\":\"https:\/\/radarservice.eu\/ro\/#organization\",\"name\":\"RadarService\",\"url\":\"https:\/\/radarservice.eu\/ro\/\",\"logo\":{\"@type\":\"ImageObject\",\"inLanguage\":\"ro-RO\",\"@id\":\"https:\/\/radarservice.eu\/ro\/#\/schema\/logo\/image\/\",\"url\":\"https:\/\/radarservice.eu\/wp-content\/uploads\/2021\/03\/Radar_detector_service.png\",\"contentUrl\":\"https:\/\/radarservice.eu\/wp-content\/uploads\/2021\/03\/Radar_detector_service.png\",\"width\":174,\"height\":48,\"caption\":\"RadarService\"},\"image\":{\"@id\":\"https:\/\/radarservice.eu\/ro\/#\/schema\/logo\/image\/\"}}]}<\/script>\n<!-- \/ Yoast SEO plugin. -->","yoast_head_json":{"title":"Serviciul de instalare a detectoarelor de radar \u0219i a bruiajelor laser% % \u00een Hamburg","description":"Instalarea detectorului de radar serviciu \u0219i atelier. \u00cen calitate de serviciu de instalare cu experien\u021b\u0103 \u00een Hamburg, instal\u0103m detectoare de radar \u0219i dispozitive de bruiaj cu laser de mul\u021bi ani.","robots":{"index":"index","follow":"follow","max-snippet":"max-snippet:-1","max-image-preview":"max-image-preview:large","max-video-preview":"max-video-preview:-1"},"canonical":"https:\/\/radarservice.eu\/ro\/produs\/serviciul-de-instalare-a-detectoarelor-de-radar-si-a-bruiajelor-laser\/","og_locale":"ro_RO","og_type":"article","og_title":"Serviciul de instalare a detectoarelor de radar \u0219i a bruiajelor laser% % \u00een Hamburg","og_description":"Instalarea detectorului de radar serviciu \u0219i atelier. \u00cen calitate de serviciu de instalare cu experien\u021b\u0103 \u00een Hamburg, instal\u0103m detectoare de radar \u0219i dispozitive de bruiaj cu laser de mul\u021bi ani.","og_url":"https:\/\/radarservice.eu\/ro\/produs\/serviciul-de-instalare-a-detectoarelor-de-radar-si-a-bruiajelor-laser\/","og_site_name":"Radar Service","article_modified_time":"2026-03-31T03:13:22+00:00","og_image":[{"width":1280,"height":853,"url":"https:\/\/radarservice.eu\/wp-content\/uploads\/2020\/11\/McLaren_1280x853.jpg","type":"image\/jpeg"}],"twitter_card":"summary_large_image","schema":{"@context":"https:\/\/schema.org","@graph":[{"@type":"WebPage","@id":"https:\/\/radarservice.eu\/ro\/produs\/serviciul-de-instalare-a-detectoarelor-de-radar-si-a-bruiajelor-laser\/","url":"https:\/\/radarservice.eu\/ro\/produs\/serviciul-de-instalare-a-detectoarelor-de-radar-si-a-bruiajelor-laser\/","name":"Serviciul de instalare a detectoarelor de radar \u0219i a bruiajelor laser% % \u00een Hamburg","isPartOf":{"@id":"https:\/\/radarservice.eu\/ro\/#website"},"primaryImageOfPage":{"@id":"https:\/\/radarservice.eu\/ro\/produs\/serviciul-de-instalare-a-detectoarelor-de-radar-si-a-bruiajelor-laser\/#primaryimage"},"image":{"@id":"https:\/\/radarservice.eu\/ro\/produs\/serviciul-de-instalare-a-detectoarelor-de-radar-si-a-bruiajelor-laser\/#primaryimage"},"thumbnailUrl":"https:\/\/radarservice.eu\/wp-content\/uploads\/2020\/11\/McLaren_1280x853.jpg","datePublished":"2021-04-18T15:39:21+00:00","dateModified":"2026-03-31T03:13:22+00:00","description":"Instalarea detectorului de radar serviciu \u0219i atelier. \u00cen calitate de serviciu de instalare cu experien\u021b\u0103 \u00een Hamburg, instal\u0103m detectoare de radar \u0219i dispozitive de bruiaj cu laser de mul\u021bi ani.","breadcrumb":{"@id":"https:\/\/radarservice.eu\/ro\/produs\/serviciul-de-instalare-a-detectoarelor-de-radar-si-a-bruiajelor-laser\/#breadcrumb"},"inLanguage":"ro-RO","potentialAction":[{"@type":"ReadAction","target":["https:\/\/radarservice.eu\/ro\/produs\/serviciul-de-instalare-a-detectoarelor-de-radar-si-a-bruiajelor-laser\/"]}]},{"@type":"ImageObject","inLanguage":"ro-RO","@id":"https:\/\/radarservice.eu\/ro\/produs\/serviciul-de-instalare-a-detectoarelor-de-radar-si-a-bruiajelor-laser\/#primaryimage","url":"https:\/\/radarservice.eu\/wp-content\/uploads\/2020\/11\/McLaren_1280x853.jpg","contentUrl":"https:\/\/radarservice.eu\/wp-content\/uploads\/2020\/11\/McLaren_1280x853.jpg","width":1280,"height":853,"caption":"Radarwarner Detector de radar auto"},{"@type":"BreadcrumbList","@id":"https:\/\/radarservice.eu\/ro\/produs\/serviciul-de-instalare-a-detectoarelor-de-radar-si-a-bruiajelor-laser\/#breadcrumb","itemListElement":[{"@type":"ListItem","position":1,"name":"Magazin","item":"https:\/\/radarservice.eu\/ro\/magazin\/"},{"@type":"ListItem","position":2,"name":"Serviciul de instalare a detectoarelor de radar \u0219i a bruiajelor laser"}]},{"@type":"WebSite","@id":"https:\/\/radarservice.eu\/ro\/#website","url":"https:\/\/radarservice.eu\/ro\/","name":"Radar Service","description":"Radar detector Laser jammer mobile fix","publisher":{"@id":"https:\/\/radarservice.eu\/ro\/#organization"},"potentialAction":[{"@type":"SearchAction","target":{"@type":"EntryPoint","urlTemplate":"https:\/\/radarservice.eu\/ro\/?s={search_term_string}"},"query-input":{"@type":"PropertyValueSpecification","valueRequired":true,"valueName":"search_term_string"}}],"inLanguage":"ro-RO"},{"@type":"Organization","@id":"https:\/\/radarservice.eu\/ro\/#organization","name":"RadarService","url":"https:\/\/radarservice.eu\/ro\/","logo":{"@type":"ImageObject","inLanguage":"ro-RO","@id":"https:\/\/radarservice.eu\/ro\/#\/schema\/logo\/image\/","url":"https:\/\/radarservice.eu\/wp-content\/uploads\/2021\/03\/Radar_detector_service.png","contentUrl":"https:\/\/radarservice.eu\/wp-content\/uploads\/2021\/03\/Radar_detector_service.png","width":174,"height":48,"caption":"RadarService"},"image":{"@id":"https:\/\/radarservice.eu\/ro\/#\/schema\/logo\/image\/"}}]}},"_links":{"self":[{"href":"https:\/\/radarservice.eu\/ro\/wp-json\/wp\/v2\/product\/15628","targetHints":{"allow":["GET"]}}],"collection":[{"href":"https:\/\/radarservice.eu\/ro\/wp-json\/wp\/v2\/product"}],"about":[{"href":"https:\/\/radarservice.eu\/ro\/wp-json\/wp\/v2\/types\/product"}],"replies":[{"embeddable":true,"href":"https:\/\/radarservice.eu\/ro\/wp-json\/wp\/v2\/comments?post=15628"}],"wp:featuredmedia":[{"embeddable":true,"href":"https:\/\/radarservice.eu\/ro\/wp-json\/wp\/v2\/media\/15629"}],"wp:attachment":[{"href":"https:\/\/radarservice.eu\/ro\/wp-json\/wp\/v2\/media?parent=15628"}],"wp:term":[{"taxonomy":"product_brand","embeddable":true,"href":"https:\/\/radarservice.eu\/ro\/wp-json\/wp\/v2\/product_brand?post=15628"},{"taxonomy":"product_cat","embeddable":true,"href":"https:\/\/radarservice.eu\/ro\/wp-json\/wp\/v2\/product_cat?post=15628"},{"taxonomy":"product_tag","embeddable":true,"href":"https:\/\/radarservice.eu\/ro\/wp-json\/wp\/v2\/product_tag?post=15628"}],"curies":[{"name":"wp","href":"https:\/\/api.w.org\/{rel}","templated":true}]}}