{"id":15620,"date":"2021-04-18T17:37:55","date_gmt":"2021-04-18T15:37:55","guid":{"rendered":"https:\/\/radarservice.eu\/produkt\/genevo-assist-pro-ii-m-hdm\/"},"modified":"2022-04-03T14:41:07","modified_gmt":"2022-04-03T12:41:07","slug":"genevo-assist-pro-ii-m-hdm","status":"publish","type":"product","link":"https:\/\/radarservice.eu\/ro\/produs\/genevo-assist-pro-ii-m-hdm\/","title":{"rendered":"Genevo Assist Pro II M (HDM+)"},"content":{"rendered":"<p>Noul Genevo Assist Pro 2 M este un detector de radar pentru instalare ascuns\u0103, cu un nou afi\u0219aj color OLED \u0219i cu puternica anten\u0103 radar HDM+. \u00cen timpul dezvolt\u0103rii, s-a pus un accent deosebit pe calitatea \u00eenalt\u0103, u\u0219urin\u021ba de utilizare \u0219i instalarea simpl\u0103. Detectorul de radar este format din unitatea de control principal\u0103, antena GPS, antena radar, afi\u0219aj color OLED \u0219i suport magnetic pentru afi\u0219aj.<\/p>\n<p>.<\/p>\n<h3>Toate \u00een una: protec\u021bie radar \u0219i laser<\/h3>\n<p>.<\/p>\n<p>Genevo Assist PRO 2 poate fi conectat la un dispozitiv suplimentar de bruiaj cu laser. Pute\u021bi alege \u00eentre Genevo FF, Antilaser Priority \u0219i Target LaserTrack. B\u0103t\u0103u\u0219ele laser pot fi controlate cu u\u0219urin\u021b\u0103 din meniul Genevo Assist.<\/p>\n<p>.<\/p>\n<h3>Dou\u0103 antene, performan\u021b\u0103 mai bun\u0103<\/h3>\n<p>Genevo Assist PRO 2 M este dotat cu antena radar HDM+ \u0219i poate fi actualizat op\u021bional cu o a doua anten\u0103 radar. \u00cen acest fel, pute\u021bi proteja \u0219i partea din spate a vehiculului de m\u0103sur\u0103torile din spate. Pentru utilizarea \u00een Germania \u0219i Austria, antena HDM+ furnizat\u0103 este suficient\u0103, deoarece nu se utilizeaz\u0103 arme radar. <\/p>\n<h3>Controlul de mi\u0219care pentru o operare convenabil\u0103<\/h3>\n<p>.<\/p>\n<p>Noul senzor de mi\u0219care pentru func\u021bionarea f\u0103r\u0103 atingere permite o func\u021bionare convenabil\u0103. De exemplu, pute\u021bi dezactiva alarma f\u0103r\u0103 a c\u0103uta butonul potrivit \u00een timp ce conduce\u021bi. Doar flutura\u021bi m\u00e2na \u00een loc.<br \/>\n<figure id=\"attachment_13956\" aria-describedby=\"caption-attachment-13956\" style=\"width: 450px\" class=\"wp-caption aligncenter\"><img loading=\"lazy\" decoding=\"async\" src=\"https:\/\/radarservice.eu\/wp-content\/uploads\/2021\/01\/pro2_gesture_control-e1610501972758.jpg\" alt=\"Genevo Assist Gesture Control\" width=\"450\" height=\"341\" class=\"size-full wp-image-15622\" \/><figcaption id=\"caption-attachment-13956\" class=\"wp-caption-text\">Genevo Assist Gesture Control<\/figcaption><\/figure>\n<h3>Baz\u0103 de date POI cu actualiz\u0103ri nelimitate<\/h3>\n<p>Baza de date GPS, inclusiv actualiz\u0103rile pe via\u021b\u0103, este inclus\u0103 \u00een pre\u021bul de achizi\u021bie. Aceasta include radare fixe, camere de control pe sec\u021biuni \u0219i camere de supraveghere a vitezei la semafor.<br \/>.<br \/>\n<br \/>Actualiz\u0103rile \u0219i set\u0103rile nu au fost niciodat\u0103 mai u\u0219oare.<br \/>\nGenevo Asssit 2 este u\u0219or de actualizat \u0219i de configurat folosind orice stick USB. <\/p>\n<h3>Dezactivare rapid\u0103 \u00een timpul controalelor poli\u021biei<\/h3>\n<p>.<\/p>\n<p>\u00cendep\u0103rta\u021bi pur \u0219i simplu noul afi\u0219aj magnetic pentru a dezactiva Genevo Assist 2. De\u0219i utilizarea Genevo Assist 2 este legal\u0103 \u00een unele \u021b\u0103ri din UE, nu este cazul \u00een altele, motiv pentru care dispozitivul are un ecran deta\u0219abil. Acest lucru \u00eenseamn\u0103 c\u0103, atunci c\u00e2nd trebuie s\u0103 opri\u021bi dispozitivul, trebuie doar s\u0103 scoate\u021bi ecranul din suportul magnetic \u0219i s\u0103 \u00eel pune\u021bi \u00een buzunar sau \u00een tav\u0103, de exemplu. Dispozitivul devine apoi inactiv \u0219i numai dumneavoastr\u0103 pute\u021bi reactiva detectorul de radar prin intermediul afi\u0219ajului. Dac\u0103 dori\u021bi s\u0103 scoate\u021bi afi\u0219ajul, inclusiv suportul magnetic, nu este nicio problem\u0103. R\u0103m\u00e2ne doar \u00eenc\u0103rc\u0103torul micro USB din vehicul, pe care \u00eel pute\u021bi folosi, de exemplu, pentru a v\u0103 re\u00eenc\u0103rca smartphone-ul.<br \/>.<br \/>\n<figure id=\"attachment_13953\" aria-describedby=\"caption-attachment-13953\" style=\"width: 900px\" class=\"wp-caption aligncenter\"><img loading=\"lazy\" decoding=\"async\" src=\"https:\/\/radarservice.eu\/wp-content\/uploads\/2021\/01\/installation_car.jpg\" alt=\"Detector de radar Genevo Assist Installation Radar Detector\" width=\"900\" height=\"518\" class=\"size-full wp-image-15626\" srcset=\"https:\/\/radarservice.eu\/wp-content\/uploads\/2021\/01\/installation_car.jpg 900w, https:\/\/radarservice.eu\/wp-content\/uploads\/2021\/01\/installation_car-300x173.jpg 300w, https:\/\/radarservice.eu\/wp-content\/uploads\/2021\/01\/installation_car-768x442.jpg 768w, https:\/\/radarservice.eu\/wp-content\/uploads\/2021\/01\/installation_car-510x294.jpg 510w\" sizes=\"auto, (max-width: 900px) 100vw, 900px\" \/><figcaption id=\"caption-attachment-13953\" class=\"wp-caption-text\">Detector de radar Genevo Assist Installation Radar Detector<\/figcaption><\/figure>\n<h3>Trade-in \/ schimb vechi pentru nou<\/h3>\n<p>De\u021bine\u021bi un vechi detector de radar \u00eencorporat Genevo sau un vechi detector de radar mobil? Atunci profita\u021bi de programul nostru de schimb \u0219i schimba\u021bi vechiul detector de radar cu noul Genevo Assist Pro 2 M. V\u0103 rug\u0103m s\u0103 ne contacta\u021bi pentru mai multe informa\u021bii. Dac\u0103 sunte\u021bi \u00een c\u0103utarea celui mai bun detector pentru \u00eentreaga Europ\u0103, Genevo PRO este alegerea potrivit\u0103!<\/p>\n<\/h3>\n<p>Beneficiile cheie ale Genevo Assist PRO II M:<\/h3>\n<ul>\n<li>Cea mai bun\u0103 valoare pentru bani<\/li>\n<p>.<\/p>\n<li>Conecta\u021bi dispozitivul de bruiaj cu laser<\/li>\n<p>.<\/p>\n<li>Conecta\u021bi dou\u0103 antene radar (1x antena HDM+ inclus\u0103)<\/li>\n<p>.<\/p>\n<li> Afi\u0219aj magnetic deta\u0219abil<\/li>\n<li> Afi\u0219aj OLED multicolor<\/li>\n<li>Senzor de mi\u0219care pentru controlul gesturilor<\/li>\n<li> U\u0219or de actualizat prin intermediul unit\u0103\u021bii flash USB<\/li>\n<li>Meniul cel mai u\u0219or de utilizat<\/li>\n<li>Cele mai bune timpi de avertizare \u00een avans datorit\u0103 noii antene HDM+<\/li>\n<li>Excelent filtru de alarm\u0103 fals\u0103<\/li>\n<li>Baz\u0103 de date cu capcane de vitez\u0103 POI pentru toat\u0103 Europa cu licen\u021b\u0103 nelimitat\u0103 (f\u0103r\u0103 costuri de urm\u0103rire)<\/li>\n<p>.<\/p>\n<li>Adecvat pentru Europa<\/li>\n<\/ul>\n","protected":false},"excerpt":{"rendered":"<p>Noul detector de radar fix Genevo Assist Pro 2 M este cel mai bun detector de radar high-end \u0219i este perfect pentru utilizarea \u00een Europa. Datorit\u0103 antenei puternice HDM+, Genevo Assist 2 avertizeaz\u0103 \u00een mod fiabil cu privire la noile capcane de vitez\u0103 MultaRadar (MRCD \/ MRCT \/ Moving) din Europa.<\/p>\n","protected":false},"featured_media":15627,"comment_status":"open","ping_status":"closed","template":"","meta":[],"product_brand":[],"product_cat":[1514,1464,1442],"product_tag":[1450,1451,1515,1516,1519,1445,1520,1521,1518,1490,1517],"class_list":{"0":"post-15620","1":"product","2":"type-product","3":"status-publish","4":"has-post-thumbnail","6":"product_cat-detectoare-de-radar-recomandate","7":"product_cat-detectoare-radar-montate-fix","8":"product_cat-genevo-ro","9":"product_tag-detector-de-radar-ro","10":"product_tag-europa-ro","11":"product_tag-genevo-ro","12":"product_tag-genevo-assist-ro","13":"product_tag-genevo-assist-hdm-ro","14":"product_tag-genevo-ff-ro","15":"product_tag-genevo-pro-ro","16":"product_tag-genevo-pro-hdm-ro","17":"product_tag-hamburg-ro","18":"product_tag-instalare-fixa","19":"product_tag-serviciul-de-instalare","21":"first","22":"instock","23":"sale","24":"taxable","25":"shipping-taxable","26":"purchasable","27":"product-type-variable","28":"has-default-attributes"},"yoast_head":"<!-- This site is optimized with the Yoast SEO plugin v27.2 - https:\/\/yoast.com\/product\/yoast-seo-wordpress\/ -->\n<title>Genevo Assist Pro II M (HDM+)% detector de radar fix ascuns<\/title>\n<meta name=\"description\" content=\"Detectorul de radar fix Genevo Assist Pro HDM+ este \u00een prezent cea mai bun\u0103 solu\u021bie complet\u0103 high-end cu avertizare MultaRadar \u0219i Gatso.\" \/>\n<meta name=\"robots\" content=\"index, follow, max-snippet:-1, max-image-preview:large, max-video-preview:-1\" \/>\n<link rel=\"canonical\" href=\"https:\/\/radarservice.eu\/ro\/produs\/genevo-assist-pro-ii-m-hdm\/\" \/>\n<meta property=\"og:locale\" content=\"ro_RO\" \/>\n<meta property=\"og:type\" content=\"article\" \/>\n<meta property=\"og:title\" content=\"Genevo Assist Pro II M (HDM+)% detector de radar fix ascuns\" \/>\n<meta property=\"og:description\" content=\"Detectorul de radar fix Genevo Assist Pro HDM+ este \u00een prezent cea mai bun\u0103 solu\u021bie complet\u0103 high-end cu avertizare MultaRadar \u0219i Gatso.\" \/>\n<meta property=\"og:url\" content=\"https:\/\/radarservice.eu\/ro\/produs\/genevo-assist-pro-ii-m-hdm\/\" \/>\n<meta property=\"og:site_name\" content=\"Radar Service\" \/>\n<meta property=\"article:modified_time\" content=\"2022-04-03T12:41:07+00:00\" \/>\n<meta property=\"og:image\" content=\"https:\/\/radarservice.eu\/wp-content\/uploads\/2021\/01\/multi_color_magnetic_display.jpg\" \/>\n\t<meta property=\"og:image:width\" content=\"1582\" \/>\n\t<meta property=\"og:image:height\" content=\"1092\" \/>\n\t<meta property=\"og:image:type\" content=\"image\/jpeg\" \/>\n<meta name=\"twitter:card\" content=\"summary_large_image\" \/>\n<meta name=\"twitter:label1\" content=\"Timp estimat pentru citire\" \/>\n\t<meta name=\"twitter:data1\" content=\"3 minute\" \/>\n<script type=\"application\/ld+json\" class=\"yoast-schema-graph\">{\"@context\":\"https:\/\/schema.org\",\"@graph\":[{\"@type\":\"WebPage\",\"@id\":\"https:\/\/radarservice.eu\/ro\/produs\/genevo-assist-pro-ii-m-hdm\/\",\"url\":\"https:\/\/radarservice.eu\/ro\/produs\/genevo-assist-pro-ii-m-hdm\/\",\"name\":\"Genevo Assist Pro II M (HDM+)% detector de radar fix ascuns\",\"isPartOf\":{\"@id\":\"https:\/\/radarservice.eu\/ro\/#website\"},\"primaryImageOfPage\":{\"@id\":\"https:\/\/radarservice.eu\/ro\/produs\/genevo-assist-pro-ii-m-hdm\/#primaryimage\"},\"image\":{\"@id\":\"https:\/\/radarservice.eu\/ro\/produs\/genevo-assist-pro-ii-m-hdm\/#primaryimage\"},\"thumbnailUrl\":\"https:\/\/radarservice.eu\/wp-content\/uploads\/2021\/01\/multi_color_magnetic_display.jpg\",\"datePublished\":\"2021-04-18T15:37:55+00:00\",\"dateModified\":\"2022-04-03T12:41:07+00:00\",\"description\":\"Detectorul de radar fix Genevo Assist Pro HDM+ este \u00een prezent cea mai bun\u0103 solu\u021bie complet\u0103 high-end cu avertizare MultaRadar \u0219i Gatso.\",\"breadcrumb\":{\"@id\":\"https:\/\/radarservice.eu\/ro\/produs\/genevo-assist-pro-ii-m-hdm\/#breadcrumb\"},\"inLanguage\":\"ro-RO\",\"potentialAction\":[{\"@type\":\"ReadAction\",\"target\":[\"https:\/\/radarservice.eu\/ro\/produs\/genevo-assist-pro-ii-m-hdm\/\"]}]},{\"@type\":\"ImageObject\",\"inLanguage\":\"ro-RO\",\"@id\":\"https:\/\/radarservice.eu\/ro\/produs\/genevo-assist-pro-ii-m-hdm\/#primaryimage\",\"url\":\"https:\/\/radarservice.eu\/wp-content\/uploads\/2021\/01\/multi_color_magnetic_display.jpg\",\"contentUrl\":\"https:\/\/radarservice.eu\/wp-content\/uploads\/2021\/01\/multi_color_magnetic_display.jpg\",\"width\":1582,\"height\":1092,\"caption\":\"Genevo Assist Pro II M\"},{\"@type\":\"BreadcrumbList\",\"@id\":\"https:\/\/radarservice.eu\/ro\/produs\/genevo-assist-pro-ii-m-hdm\/#breadcrumb\",\"itemListElement\":[{\"@type\":\"ListItem\",\"position\":1,\"name\":\"Magazin\",\"item\":\"https:\/\/radarservice.eu\/ro\/magazin\/\"},{\"@type\":\"ListItem\",\"position\":2,\"name\":\"Genevo Assist Pro II M (HDM+)\"}]},{\"@type\":\"WebSite\",\"@id\":\"https:\/\/radarservice.eu\/ro\/#website\",\"url\":\"https:\/\/radarservice.eu\/ro\/\",\"name\":\"Radar Service\",\"description\":\"Radar detector Laser jammer mobile fix\",\"publisher\":{\"@id\":\"https:\/\/radarservice.eu\/ro\/#organization\"},\"potentialAction\":[{\"@type\":\"SearchAction\",\"target\":{\"@type\":\"EntryPoint\",\"urlTemplate\":\"https:\/\/radarservice.eu\/ro\/?s={search_term_string}\"},\"query-input\":{\"@type\":\"PropertyValueSpecification\",\"valueRequired\":true,\"valueName\":\"search_term_string\"}}],\"inLanguage\":\"ro-RO\"},{\"@type\":\"Organization\",\"@id\":\"https:\/\/radarservice.eu\/ro\/#organization\",\"name\":\"RadarService\",\"url\":\"https:\/\/radarservice.eu\/ro\/\",\"logo\":{\"@type\":\"ImageObject\",\"inLanguage\":\"ro-RO\",\"@id\":\"https:\/\/radarservice.eu\/ro\/#\/schema\/logo\/image\/\",\"url\":\"https:\/\/radarservice.eu\/wp-content\/uploads\/2021\/03\/Radar_detector_service.png\",\"contentUrl\":\"https:\/\/radarservice.eu\/wp-content\/uploads\/2021\/03\/Radar_detector_service.png\",\"width\":174,\"height\":48,\"caption\":\"RadarService\"},\"image\":{\"@id\":\"https:\/\/radarservice.eu\/ro\/#\/schema\/logo\/image\/\"}}]}<\/script>\n<!-- \/ Yoast SEO plugin. -->","yoast_head_json":{"title":"Genevo Assist Pro II M (HDM+)% detector de radar fix ascuns","description":"Detectorul de radar fix Genevo Assist Pro HDM+ este \u00een prezent cea mai bun\u0103 solu\u021bie complet\u0103 high-end cu avertizare MultaRadar \u0219i Gatso.","robots":{"index":"index","follow":"follow","max-snippet":"max-snippet:-1","max-image-preview":"max-image-preview:large","max-video-preview":"max-video-preview:-1"},"canonical":"https:\/\/radarservice.eu\/ro\/produs\/genevo-assist-pro-ii-m-hdm\/","og_locale":"ro_RO","og_type":"article","og_title":"Genevo Assist Pro II M (HDM+)% detector de radar fix ascuns","og_description":"Detectorul de radar fix Genevo Assist Pro HDM+ este \u00een prezent cea mai bun\u0103 solu\u021bie complet\u0103 high-end cu avertizare MultaRadar \u0219i Gatso.","og_url":"https:\/\/radarservice.eu\/ro\/produs\/genevo-assist-pro-ii-m-hdm\/","og_site_name":"Radar Service","article_modified_time":"2022-04-03T12:41:07+00:00","og_image":[{"width":1582,"height":1092,"url":"https:\/\/radarservice.eu\/wp-content\/uploads\/2021\/01\/multi_color_magnetic_display.jpg","type":"image\/jpeg"}],"twitter_card":"summary_large_image","twitter_misc":{"Timp estimat pentru citire":"3 minute"},"schema":{"@context":"https:\/\/schema.org","@graph":[{"@type":"WebPage","@id":"https:\/\/radarservice.eu\/ro\/produs\/genevo-assist-pro-ii-m-hdm\/","url":"https:\/\/radarservice.eu\/ro\/produs\/genevo-assist-pro-ii-m-hdm\/","name":"Genevo Assist Pro II M (HDM+)% detector de radar fix ascuns","isPartOf":{"@id":"https:\/\/radarservice.eu\/ro\/#website"},"primaryImageOfPage":{"@id":"https:\/\/radarservice.eu\/ro\/produs\/genevo-assist-pro-ii-m-hdm\/#primaryimage"},"image":{"@id":"https:\/\/radarservice.eu\/ro\/produs\/genevo-assist-pro-ii-m-hdm\/#primaryimage"},"thumbnailUrl":"https:\/\/radarservice.eu\/wp-content\/uploads\/2021\/01\/multi_color_magnetic_display.jpg","datePublished":"2021-04-18T15:37:55+00:00","dateModified":"2022-04-03T12:41:07+00:00","description":"Detectorul de radar fix Genevo Assist Pro HDM+ este \u00een prezent cea mai bun\u0103 solu\u021bie complet\u0103 high-end cu avertizare MultaRadar \u0219i Gatso.","breadcrumb":{"@id":"https:\/\/radarservice.eu\/ro\/produs\/genevo-assist-pro-ii-m-hdm\/#breadcrumb"},"inLanguage":"ro-RO","potentialAction":[{"@type":"ReadAction","target":["https:\/\/radarservice.eu\/ro\/produs\/genevo-assist-pro-ii-m-hdm\/"]}]},{"@type":"ImageObject","inLanguage":"ro-RO","@id":"https:\/\/radarservice.eu\/ro\/produs\/genevo-assist-pro-ii-m-hdm\/#primaryimage","url":"https:\/\/radarservice.eu\/wp-content\/uploads\/2021\/01\/multi_color_magnetic_display.jpg","contentUrl":"https:\/\/radarservice.eu\/wp-content\/uploads\/2021\/01\/multi_color_magnetic_display.jpg","width":1582,"height":1092,"caption":"Genevo Assist Pro II M"},{"@type":"BreadcrumbList","@id":"https:\/\/radarservice.eu\/ro\/produs\/genevo-assist-pro-ii-m-hdm\/#breadcrumb","itemListElement":[{"@type":"ListItem","position":1,"name":"Magazin","item":"https:\/\/radarservice.eu\/ro\/magazin\/"},{"@type":"ListItem","position":2,"name":"Genevo Assist Pro II M (HDM+)"}]},{"@type":"WebSite","@id":"https:\/\/radarservice.eu\/ro\/#website","url":"https:\/\/radarservice.eu\/ro\/","name":"Radar Service","description":"Radar detector Laser jammer mobile fix","publisher":{"@id":"https:\/\/radarservice.eu\/ro\/#organization"},"potentialAction":[{"@type":"SearchAction","target":{"@type":"EntryPoint","urlTemplate":"https:\/\/radarservice.eu\/ro\/?s={search_term_string}"},"query-input":{"@type":"PropertyValueSpecification","valueRequired":true,"valueName":"search_term_string"}}],"inLanguage":"ro-RO"},{"@type":"Organization","@id":"https:\/\/radarservice.eu\/ro\/#organization","name":"RadarService","url":"https:\/\/radarservice.eu\/ro\/","logo":{"@type":"ImageObject","inLanguage":"ro-RO","@id":"https:\/\/radarservice.eu\/ro\/#\/schema\/logo\/image\/","url":"https:\/\/radarservice.eu\/wp-content\/uploads\/2021\/03\/Radar_detector_service.png","contentUrl":"https:\/\/radarservice.eu\/wp-content\/uploads\/2021\/03\/Radar_detector_service.png","width":174,"height":48,"caption":"RadarService"},"image":{"@id":"https:\/\/radarservice.eu\/ro\/#\/schema\/logo\/image\/"}}]}},"_links":{"self":[{"href":"https:\/\/radarservice.eu\/ro\/wp-json\/wp\/v2\/product\/15620","targetHints":{"allow":["GET"]}}],"collection":[{"href":"https:\/\/radarservice.eu\/ro\/wp-json\/wp\/v2\/product"}],"about":[{"href":"https:\/\/radarservice.eu\/ro\/wp-json\/wp\/v2\/types\/product"}],"replies":[{"embeddable":true,"href":"https:\/\/radarservice.eu\/ro\/wp-json\/wp\/v2\/comments?post=15620"}],"wp:featuredmedia":[{"embeddable":true,"href":"https:\/\/radarservice.eu\/ro\/wp-json\/wp\/v2\/media\/15627"}],"wp:attachment":[{"href":"https:\/\/radarservice.eu\/ro\/wp-json\/wp\/v2\/media?parent=15620"}],"wp:term":[{"taxonomy":"product_brand","embeddable":true,"href":"https:\/\/radarservice.eu\/ro\/wp-json\/wp\/v2\/product_brand?post=15620"},{"taxonomy":"product_cat","embeddable":true,"href":"https:\/\/radarservice.eu\/ro\/wp-json\/wp\/v2\/product_cat?post=15620"},{"taxonomy":"product_tag","embeddable":true,"href":"https:\/\/radarservice.eu\/ro\/wp-json\/wp\/v2\/product_tag?post=15620"}],"curies":[{"name":"wp","href":"https:\/\/api.w.org\/{rel}","templated":true}]}}