{"id":15601,"date":"2021-04-18T17:23:17","date_gmt":"2021-04-18T15:23:17","guid":{"rendered":"https:\/\/radarservice.eu\/produkt\/beltronics-975-europa-version\/"},"modified":"2021-04-18T17:23:17","modified_gmt":"2021-04-18T15:23:17","slug":"beltronics-975-europa-version","status":"publish","type":"product","link":"https:\/\/radarservice.eu\/ro\/produs\/beltronics-975-europa-version\/","title":{"rendered":"Beltronics 975 Europa Version"},"content":{"rendered":"<p>Beltronics 975 Europe Version 2012 este, \u00een compara\u021bie cu Bel 966NEW, cu aproximativ 20% mai puternic \u0219i special conceput pentru utilizarea \u00een Europa. Detectorul de radar cu instalare fix\u0103 este ideal ca dispozitiv ieftin de nivel de intrare pentru instalare ascuns\u0103. Datorit\u0103 carcasei rezistente la stropire a BEL 975 Europe, o instalare perfect invizibil\u0103 nu reprezint\u0103 o problem\u0103. Modulul de recep\u021bie radar se instaleaz\u0103 \u00eentr-un loc adecvat \u00een partea din fa\u021b\u0103 a vehiculului. Avertiz\u0103rile \u0219i set\u0103rile se fac prin intermediul unui panou de control foarte mic din interiorul vehiculului.<\/p>\n<p>.<\/p>\n<p><strong>Nota:<\/strong> Bel EVO 975 este un detector numai pentru radar \u0219i nu are avertizare cu laser. Modulele originale op\u021bionale de recep\u021bie laser nu sunt recomandate \u00een Europa. Dac\u0103 ave\u021bi nevoie de protec\u021bie laser, se recomand\u0103 utilizarea unui blocant laser activ, de exemplu Genevo FF2 sau AL Priority.<\/p>\n<p>.<\/p>\n<p><strong>Vizualizare general\u0103:<\/strong><br \/>\n+ BEL EVO 975 cu 20% mai puternic dec\u00e2t Bel 966NEW<br \/>.<br \/>\n+ cel mai recent design pentru Europa versiunea 2012<br \/>.<br \/>\n+ X-, K-, KA- \u0219i Ku-band\u0103<br \/>\n+ band\u0103 \u00eengust\u0103 Ka pentru performan\u021be maxime cu radarele europene Multanova<br \/>.<br \/>\n+ Banda K \u0219i banda Ku pot fi dezactivate prin simpla ap\u0103sare a unui buton<\/p>\n<p>.<\/p>\n<p><strong>Locuri de frecven\u021b\u0103:<\/strong><br \/>\n+ Band\u0103 X &#8211; 10,525 GHz \u00b1 25 MHz<br \/>\n+ Banda K &#8211; 24.150 GHz \u00b1 100 MHz<br \/>\n+ Band\u0103 Ka &#8211; 34,700 GHz \u00b1 1300 MHz<br \/>\n+ Ka Narrow &#8211; 34.0, 34.3, 34.7 a 35.5 GHz \u00b1 80 MHz<br \/>\n+ Banda KU &#8211; 13.450 MHz<\/p>\n<p>><\/p>\n<p><strong>Amplasamentul de livrare:<\/strong><br \/>.<br \/>\n* antena radar extern\u0103 Beltronics 975<br \/>.<br \/>\n* Unitate de control cu afi\u0219aj<br \/>\n* Instruc\u021biuni de utilizare<br \/>\n* material de montare complet pentru instalare<\/p>\n","protected":false},"excerpt":{"rendered":"<p>Beltronics 975 Europe Version 2012 este, \u00een compara\u021bie cu Bel 966NEW, cu aproximativ 20% mai puternic \u0219i special conceput pentru utilizarea \u00een Europa. Detectorul de radar cu instalare fix\u0103 este ideal ca dispozitiv ieftin de nivel de intrare pentru instalare ascuns\u0103. Datorit\u0103 carcasei rezistente la stropire a BEL 975 Europe, o instalare perfect invizibil\u0103 nu [&#8230;]\n","protected":false},"featured_media":15602,"comment_status":"open","ping_status":"closed","template":"","meta":[],"product_brand":[],"product_cat":[1473,1464],"product_tag":[1494,1475,1474,1450,1493,1490],"class_list":{"0":"post-15601","1":"product","2":"type-product","3":"status-publish","4":"has-post-thumbnail","6":"product_cat-beltronics-ro","7":"product_cat-detectoare-radar-montate-fix","8":"product_tag-ascuns","9":"product_tag-bel-ro","10":"product_tag-beltronics-ro","11":"product_tag-detector-de-radar-ro","12":"product_tag-evo-975-ro","13":"product_tag-instalare-fixa","15":"first","16":"onbackorder","17":"sale","18":"taxable","19":"shipping-taxable","20":"purchasable","21":"product-type-simple"},"yoast_head":"<!-- This site is optimized with the Yoast SEO plugin v27.2 - https:\/\/yoast.com\/product\/yoast-seo-wordpress\/ -->\n<title>Beltronics 975 Europa Version | Radar Service<\/title>\n<meta name=\"description\" content=\"Detectorul de radar fix Beltronics 975 este ideal ca dispozitiv de baz\u0103 ieftin pentru instalare ascuns\u0103.\" \/>\n<meta name=\"robots\" content=\"index, follow, max-snippet:-1, max-image-preview:large, max-video-preview:-1\" \/>\n<link rel=\"canonical\" href=\"https:\/\/radarservice.eu\/ro\/produs\/beltronics-975-europa-version\/\" \/>\n<meta property=\"og:locale\" content=\"ro_RO\" \/>\n<meta property=\"og:type\" content=\"article\" \/>\n<meta property=\"og:title\" content=\"Beltronics 975 Europa Version | Radar Service\" \/>\n<meta property=\"og:description\" content=\"Detectorul de radar fix Beltronics 975 este ideal ca dispozitiv de baz\u0103 ieftin pentru instalare ascuns\u0103.\" \/>\n<meta property=\"og:url\" content=\"https:\/\/radarservice.eu\/ro\/produs\/beltronics-975-europa-version\/\" \/>\n<meta property=\"og:site_name\" content=\"Radar Service\" \/>\n<meta property=\"og:image\" content=\"https:\/\/radarservice.eu\/wp-content\/uploads\/2020\/09\/beltronics_target_966_2_1-1.jpg\" \/>\n\t<meta property=\"og:image:width\" content=\"340\" \/>\n\t<meta property=\"og:image:height\" content=\"340\" \/>\n\t<meta property=\"og:image:type\" content=\"image\/jpeg\" \/>\n<meta name=\"twitter:card\" content=\"summary_large_image\" \/>\n<meta name=\"twitter:label1\" content=\"Timp estimat pentru citire\" \/>\n\t<meta name=\"twitter:data1\" content=\"1 minut\" \/>\n<script type=\"application\/ld+json\" class=\"yoast-schema-graph\">{\"@context\":\"https:\/\/schema.org\",\"@graph\":[{\"@type\":\"WebPage\",\"@id\":\"https:\/\/radarservice.eu\/ro\/produs\/beltronics-975-europa-version\/\",\"url\":\"https:\/\/radarservice.eu\/ro\/produs\/beltronics-975-europa-version\/\",\"name\":\"Beltronics 975 Europa Version | Radar Service\",\"isPartOf\":{\"@id\":\"https:\/\/radarservice.eu\/ro\/#website\"},\"primaryImageOfPage\":{\"@id\":\"https:\/\/radarservice.eu\/ro\/produs\/beltronics-975-europa-version\/#primaryimage\"},\"image\":{\"@id\":\"https:\/\/radarservice.eu\/ro\/produs\/beltronics-975-europa-version\/#primaryimage\"},\"thumbnailUrl\":\"https:\/\/radarservice.eu\/wp-content\/uploads\/2020\/09\/beltronics_target_966_2_1-1.jpg\",\"datePublished\":\"2021-04-18T15:23:17+00:00\",\"description\":\"Detectorul de radar fix Beltronics 975 este ideal ca dispozitiv de baz\u0103 ieftin pentru instalare ascuns\u0103.\",\"breadcrumb\":{\"@id\":\"https:\/\/radarservice.eu\/ro\/produs\/beltronics-975-europa-version\/#breadcrumb\"},\"inLanguage\":\"ro-RO\",\"potentialAction\":[{\"@type\":\"ReadAction\",\"target\":[\"https:\/\/radarservice.eu\/ro\/produs\/beltronics-975-europa-version\/\"]}]},{\"@type\":\"ImageObject\",\"inLanguage\":\"ro-RO\",\"@id\":\"https:\/\/radarservice.eu\/ro\/produs\/beltronics-975-europa-version\/#primaryimage\",\"url\":\"https:\/\/radarservice.eu\/wp-content\/uploads\/2020\/09\/beltronics_target_966_2_1-1.jpg\",\"contentUrl\":\"https:\/\/radarservice.eu\/wp-content\/uploads\/2020\/09\/beltronics_target_966_2_1-1.jpg\",\"width\":340,\"height\":340,\"caption\":\"Beltronics Target 966\"},{\"@type\":\"BreadcrumbList\",\"@id\":\"https:\/\/radarservice.eu\/ro\/produs\/beltronics-975-europa-version\/#breadcrumb\",\"itemListElement\":[{\"@type\":\"ListItem\",\"position\":1,\"name\":\"Magazin\",\"item\":\"https:\/\/radarservice.eu\/ro\/magazin\/\"},{\"@type\":\"ListItem\",\"position\":2,\"name\":\"Beltronics 975 Europa Version\"}]},{\"@type\":\"WebSite\",\"@id\":\"https:\/\/radarservice.eu\/ro\/#website\",\"url\":\"https:\/\/radarservice.eu\/ro\/\",\"name\":\"Radar Service\",\"description\":\"Radar detector Laser jammer mobile fix\",\"publisher\":{\"@id\":\"https:\/\/radarservice.eu\/ro\/#organization\"},\"potentialAction\":[{\"@type\":\"SearchAction\",\"target\":{\"@type\":\"EntryPoint\",\"urlTemplate\":\"https:\/\/radarservice.eu\/ro\/?s={search_term_string}\"},\"query-input\":{\"@type\":\"PropertyValueSpecification\",\"valueRequired\":true,\"valueName\":\"search_term_string\"}}],\"inLanguage\":\"ro-RO\"},{\"@type\":\"Organization\",\"@id\":\"https:\/\/radarservice.eu\/ro\/#organization\",\"name\":\"RadarService\",\"url\":\"https:\/\/radarservice.eu\/ro\/\",\"logo\":{\"@type\":\"ImageObject\",\"inLanguage\":\"ro-RO\",\"@id\":\"https:\/\/radarservice.eu\/ro\/#\/schema\/logo\/image\/\",\"url\":\"https:\/\/radarservice.eu\/wp-content\/uploads\/2021\/03\/Radar_detector_service.png\",\"contentUrl\":\"https:\/\/radarservice.eu\/wp-content\/uploads\/2021\/03\/Radar_detector_service.png\",\"width\":174,\"height\":48,\"caption\":\"RadarService\"},\"image\":{\"@id\":\"https:\/\/radarservice.eu\/ro\/#\/schema\/logo\/image\/\"}}]}<\/script>\n<!-- \/ Yoast SEO plugin. -->","yoast_head_json":{"title":"Beltronics 975 Europa Version | Radar Service","description":"Detectorul de radar fix Beltronics 975 este ideal ca dispozitiv de baz\u0103 ieftin pentru instalare ascuns\u0103.","robots":{"index":"index","follow":"follow","max-snippet":"max-snippet:-1","max-image-preview":"max-image-preview:large","max-video-preview":"max-video-preview:-1"},"canonical":"https:\/\/radarservice.eu\/ro\/produs\/beltronics-975-europa-version\/","og_locale":"ro_RO","og_type":"article","og_title":"Beltronics 975 Europa Version | Radar Service","og_description":"Detectorul de radar fix Beltronics 975 este ideal ca dispozitiv de baz\u0103 ieftin pentru instalare ascuns\u0103.","og_url":"https:\/\/radarservice.eu\/ro\/produs\/beltronics-975-europa-version\/","og_site_name":"Radar Service","og_image":[{"width":340,"height":340,"url":"https:\/\/radarservice.eu\/wp-content\/uploads\/2020\/09\/beltronics_target_966_2_1-1.jpg","type":"image\/jpeg"}],"twitter_card":"summary_large_image","twitter_misc":{"Timp estimat pentru citire":"1 minut"},"schema":{"@context":"https:\/\/schema.org","@graph":[{"@type":"WebPage","@id":"https:\/\/radarservice.eu\/ro\/produs\/beltronics-975-europa-version\/","url":"https:\/\/radarservice.eu\/ro\/produs\/beltronics-975-europa-version\/","name":"Beltronics 975 Europa Version | Radar Service","isPartOf":{"@id":"https:\/\/radarservice.eu\/ro\/#website"},"primaryImageOfPage":{"@id":"https:\/\/radarservice.eu\/ro\/produs\/beltronics-975-europa-version\/#primaryimage"},"image":{"@id":"https:\/\/radarservice.eu\/ro\/produs\/beltronics-975-europa-version\/#primaryimage"},"thumbnailUrl":"https:\/\/radarservice.eu\/wp-content\/uploads\/2020\/09\/beltronics_target_966_2_1-1.jpg","datePublished":"2021-04-18T15:23:17+00:00","description":"Detectorul de radar fix Beltronics 975 este ideal ca dispozitiv de baz\u0103 ieftin pentru instalare ascuns\u0103.","breadcrumb":{"@id":"https:\/\/radarservice.eu\/ro\/produs\/beltronics-975-europa-version\/#breadcrumb"},"inLanguage":"ro-RO","potentialAction":[{"@type":"ReadAction","target":["https:\/\/radarservice.eu\/ro\/produs\/beltronics-975-europa-version\/"]}]},{"@type":"ImageObject","inLanguage":"ro-RO","@id":"https:\/\/radarservice.eu\/ro\/produs\/beltronics-975-europa-version\/#primaryimage","url":"https:\/\/radarservice.eu\/wp-content\/uploads\/2020\/09\/beltronics_target_966_2_1-1.jpg","contentUrl":"https:\/\/radarservice.eu\/wp-content\/uploads\/2020\/09\/beltronics_target_966_2_1-1.jpg","width":340,"height":340,"caption":"Beltronics Target 966"},{"@type":"BreadcrumbList","@id":"https:\/\/radarservice.eu\/ro\/produs\/beltronics-975-europa-version\/#breadcrumb","itemListElement":[{"@type":"ListItem","position":1,"name":"Magazin","item":"https:\/\/radarservice.eu\/ro\/magazin\/"},{"@type":"ListItem","position":2,"name":"Beltronics 975 Europa Version"}]},{"@type":"WebSite","@id":"https:\/\/radarservice.eu\/ro\/#website","url":"https:\/\/radarservice.eu\/ro\/","name":"Radar Service","description":"Radar detector Laser jammer mobile fix","publisher":{"@id":"https:\/\/radarservice.eu\/ro\/#organization"},"potentialAction":[{"@type":"SearchAction","target":{"@type":"EntryPoint","urlTemplate":"https:\/\/radarservice.eu\/ro\/?s={search_term_string}"},"query-input":{"@type":"PropertyValueSpecification","valueRequired":true,"valueName":"search_term_string"}}],"inLanguage":"ro-RO"},{"@type":"Organization","@id":"https:\/\/radarservice.eu\/ro\/#organization","name":"RadarService","url":"https:\/\/radarservice.eu\/ro\/","logo":{"@type":"ImageObject","inLanguage":"ro-RO","@id":"https:\/\/radarservice.eu\/ro\/#\/schema\/logo\/image\/","url":"https:\/\/radarservice.eu\/wp-content\/uploads\/2021\/03\/Radar_detector_service.png","contentUrl":"https:\/\/radarservice.eu\/wp-content\/uploads\/2021\/03\/Radar_detector_service.png","width":174,"height":48,"caption":"RadarService"},"image":{"@id":"https:\/\/radarservice.eu\/ro\/#\/schema\/logo\/image\/"}}]}},"_links":{"self":[{"href":"https:\/\/radarservice.eu\/ro\/wp-json\/wp\/v2\/product\/15601","targetHints":{"allow":["GET"]}}],"collection":[{"href":"https:\/\/radarservice.eu\/ro\/wp-json\/wp\/v2\/product"}],"about":[{"href":"https:\/\/radarservice.eu\/ro\/wp-json\/wp\/v2\/types\/product"}],"replies":[{"embeddable":true,"href":"https:\/\/radarservice.eu\/ro\/wp-json\/wp\/v2\/comments?post=15601"}],"wp:featuredmedia":[{"embeddable":true,"href":"https:\/\/radarservice.eu\/ro\/wp-json\/wp\/v2\/media\/15602"}],"wp:attachment":[{"href":"https:\/\/radarservice.eu\/ro\/wp-json\/wp\/v2\/media?parent=15601"}],"wp:term":[{"taxonomy":"product_brand","embeddable":true,"href":"https:\/\/radarservice.eu\/ro\/wp-json\/wp\/v2\/product_brand?post=15601"},{"taxonomy":"product_cat","embeddable":true,"href":"https:\/\/radarservice.eu\/ro\/wp-json\/wp\/v2\/product_cat?post=15601"},{"taxonomy":"product_tag","embeddable":true,"href":"https:\/\/radarservice.eu\/ro\/wp-json\/wp\/v2\/product_tag?post=15601"}],"curies":[{"name":"wp","href":"https:\/\/api.w.org\/{rel}","templated":true}]}}