{"id":15593,"date":"2021-04-18T17:20:16","date_gmt":"2021-04-18T15:20:16","guid":{"rendered":"https:\/\/radarservice.eu\/produkt\/beltronics-sti-r-plus-m-edition\/"},"modified":"2022-09-16T12:35:02","modified_gmt":"2022-09-16T10:35:02","slug":"beltronics-sti-r-plus-m-edition","status":"publish","type":"product","link":"https:\/\/radarservice.eu\/ro\/produs\/beltronics-sti-r-plus-m-edition\/","title":{"rendered":"Beltronics STI-R PLUS M Edition"},"content":{"rendered":"<p>Beltronics STIR PLUS M Edition este un detector de radar fix de \u00eenalt\u0103 performan\u021b\u0103 \u0219i suport\u0103 \u00een versiunea &#8222;M&#8221; \u0219i noile capcane de vitez\u0103 Multaradar CD.<br \/>.<br \/>\nEdi\u021bia M este recomandat\u0103 pentru to\u021bi clien\u021bii care conduc \u00een \u021b\u0103ri cu detectoare Multaradar (de exemplu, Olanda, Slovacia \u0219i Austria).<\/p>\n<p>.<\/p>\n<p>Senzorii radar \u0219i laser \u00eembun\u0103t\u0103\u021bi\u021bi ating distan\u021be maxime \u0219i timpi de avertizare \u00een avans.<br \/>.<br \/>\nCu noua func\u021bie AutoScan de la BEL, STI-R Plus M analizeaz\u0103 permanent toate semnalele primite, reduc\u00e2nd alarmele false inutile.<br \/>.<br \/>\nAntena radar extern\u0103 este instalat\u0103 \u00een mod invizibil \u00een partea din fa\u021b\u0103 a vehiculului. Afi\u0219area vizual\u0103 \u0219i acustic\u0103 se face prin intermediul unui mic afi\u0219aj \u0219i al unui difuzor separat \u00een interiorul vehiculului.<br \/>.<br \/>\nModulele de control \u0219i de afi\u0219are pot fi, de asemenea, instalate invizibil sub volan, sub tabloul de bord sau \u00eentr-un compartiment de depozitare.<\/p>\n<p>.<\/p>\n<p>Operarea u\u0219oar\u0103 \u0219i indica\u021biile vocale digitale ale avertizorului radar ofer\u0103 \u0219oferului toate informa\u021biile de care are nevoie \u0219i un acces u\u0219or, f\u0103r\u0103 a-i distrage aten\u021bia de la trafic.<\/p>\n<p>.<\/p>\n<p><strong>Vizualizare general\u0103:<\/strong><br \/>\n+ Detector de radar fix cu cea mai mare fiabilitate<br \/>.<br \/>\n+ Detec\u021bie CD Multaradar CD<br \/>\n+ Avertizare de m\u0103sur\u0103tori cu laser<br \/>\n+ Avertisment pentru m\u0103sur\u0103torile de control al sec\u021biunii<br \/>\n+ Avertizare de radar sta\u021bionar<br \/>\n+ Avertisment de monitorizare a luminii ro\u0219ii<br \/>\n+ Avertizare \u00een func\u021bie de vitez\u0103 &amp; Modul audio pentru ora\u0219 (reducere suplimentar\u0103 a alarmelor false)<br \/>\n+ 100% invizibil pentru detectoarele electronice de radar ale poli\u021biei (de exemplu, Elve\u021bia, Olanda)<br \/>.<br \/>\n+ reglarea automat\u0103 a luminozit\u0103\u021bii afi\u0219ajului<br \/>.<br \/>\n+ potrivit pentru utilizarea \u00een Europa (recomandat \u00een special pentru Olanda, Slovacia \u0219i Austria)<\/p>\n<p>.<\/p>\n<p><strong>Scop de livrare:<\/strong><br \/>\n* Receptor radar STIR Plus M<br \/>.<br \/>\n* afi\u0219aj separat<br \/>\n* Unitate de control<br \/>\n* Unitate de control<br \/>\n* Difuzor<br \/>\n* Material de montare<br \/>\n* Manual de utilizare \u0219i instruc\u021biuni de instalare,<\/p>\n<p>.<\/p>\n<p><strong>Nota:<\/strong> Bel STIR Plus M are o protec\u021bie laser foarte bun\u0103, dar pentru o protec\u021bie laser absolut sigur\u0103 recomand\u0103m utilizarea unui blocant laser activ, de exemplu Genevo FF2 sau AL Priority!<\/p>\n<p>\n","protected":false},"excerpt":{"rendered":"<p>Beltronics STIR PLUS M Edition este un detector de radar fix de \u00eenalt\u0103 performan\u021b\u0103 \u0219i suport\u0103 \u00een versiunea &#8222;M&#8221; \u0219i noile capcane de vitez\u0103 Multaradar CD.. Edi\u021bia M este recomandat\u0103 pentru to\u021bi clien\u021bii care conduc \u00een \u021b\u0103ri cu detectoare Multaradar (de exemplu, Olanda, Slovacia \u0219i Austria). . Senzorii radar \u0219i laser \u00eembun\u0103t\u0103\u021bi\u021bi ating distan\u021be maxime [&#8230;]\n","protected":false},"featured_media":15594,"comment_status":"open","ping_status":"closed","template":"","meta":[],"product_brand":[],"product_cat":[1473,1464],"product_tag":[1489,1486,1474,1465,1487,1488],"class_list":{"0":"post-15593","1":"product","2":"type-product","3":"status-publish","4":"has-post-thumbnail","6":"product_cat-beltronics-ro","7":"product_cat-detectoare-radar-montate-fix","8":"product_tag-avertizare-cu-laser","9":"product_tag-bel-sti-r-plus-m-edition-ro","10":"product_tag-beltronics-ro","11":"product_tag-detector-de-radar-fix","12":"product_tag-multaradar-ro","13":"product_tag-protectie-laser","15":"first","16":"onbackorder","17":"taxable","18":"shipping-taxable","19":"purchasable","20":"product-type-simple"},"yoast_head":"<!-- This site is optimized with the Yoast SEO plugin v27.2 - https:\/\/yoast.com\/product\/yoast-seo-wordpress\/ -->\n<title>Beltronics STI-R PLUS M Edition | Radar Service<\/title>\n<meta name=\"description\" content=\"Beltronics STIR PLUS M Edition este un detector de radar fix de \u00eenalt\u0103 calitate \u0219i detecteaz\u0103, de asemenea, noile capcane radar Multaradar MRCD \/ MRCT \/ Moving.\" \/>\n<meta name=\"robots\" content=\"index, follow, max-snippet:-1, max-image-preview:large, max-video-preview:-1\" \/>\n<link rel=\"canonical\" href=\"https:\/\/radarservice.eu\/ro\/produs\/beltronics-sti-r-plus-m-edition\/\" \/>\n<meta property=\"og:locale\" content=\"ro_RO\" \/>\n<meta property=\"og:type\" content=\"article\" \/>\n<meta property=\"og:title\" content=\"Beltronics STI-R PLUS M Edition | Radar Service\" \/>\n<meta property=\"og:description\" content=\"Beltronics STIR PLUS M Edition este un detector de radar fix de \u00eenalt\u0103 calitate \u0219i detecteaz\u0103, de asemenea, noile capcane radar Multaradar MRCD \/ MRCT \/ Moving.\" \/>\n<meta property=\"og:url\" content=\"https:\/\/radarservice.eu\/ro\/produs\/beltronics-sti-r-plus-m-edition\/\" \/>\n<meta property=\"og:site_name\" content=\"Radar Service\" \/>\n<meta property=\"article:modified_time\" content=\"2022-09-16T10:35:02+00:00\" \/>\n<meta property=\"og:image\" content=\"https:\/\/radarservice.eu\/wp-content\/uploads\/2020\/09\/bel_stir_plus_m.jpg\" \/>\n\t<meta property=\"og:image:width\" content=\"600\" \/>\n\t<meta property=\"og:image:height\" content=\"480\" \/>\n\t<meta property=\"og:image:type\" content=\"image\/jpeg\" \/>\n<meta name=\"twitter:card\" content=\"summary_large_image\" \/>\n<meta name=\"twitter:label1\" content=\"Timp estimat pentru citire\" \/>\n\t<meta name=\"twitter:data1\" content=\"2 minute\" \/>\n<script type=\"application\/ld+json\" class=\"yoast-schema-graph\">{\"@context\":\"https:\/\/schema.org\",\"@graph\":[{\"@type\":\"WebPage\",\"@id\":\"https:\/\/radarservice.eu\/ro\/produs\/beltronics-sti-r-plus-m-edition\/\",\"url\":\"https:\/\/radarservice.eu\/ro\/produs\/beltronics-sti-r-plus-m-edition\/\",\"name\":\"Beltronics STI-R PLUS M Edition | Radar Service\",\"isPartOf\":{\"@id\":\"https:\/\/radarservice.eu\/ro\/#website\"},\"primaryImageOfPage\":{\"@id\":\"https:\/\/radarservice.eu\/ro\/produs\/beltronics-sti-r-plus-m-edition\/#primaryimage\"},\"image\":{\"@id\":\"https:\/\/radarservice.eu\/ro\/produs\/beltronics-sti-r-plus-m-edition\/#primaryimage\"},\"thumbnailUrl\":\"https:\/\/radarservice.eu\/wp-content\/uploads\/2020\/09\/bel_stir_plus_m.jpg\",\"datePublished\":\"2021-04-18T15:20:16+00:00\",\"dateModified\":\"2022-09-16T10:35:02+00:00\",\"description\":\"Beltronics STIR PLUS M Edition este un detector de radar fix de \u00eenalt\u0103 calitate \u0219i detecteaz\u0103, de asemenea, noile capcane radar Multaradar MRCD \/ MRCT \/ Moving.\",\"breadcrumb\":{\"@id\":\"https:\/\/radarservice.eu\/ro\/produs\/beltronics-sti-r-plus-m-edition\/#breadcrumb\"},\"inLanguage\":\"ro-RO\",\"potentialAction\":[{\"@type\":\"ReadAction\",\"target\":[\"https:\/\/radarservice.eu\/ro\/produs\/beltronics-sti-r-plus-m-edition\/\"]}]},{\"@type\":\"ImageObject\",\"inLanguage\":\"ro-RO\",\"@id\":\"https:\/\/radarservice.eu\/ro\/produs\/beltronics-sti-r-plus-m-edition\/#primaryimage\",\"url\":\"https:\/\/radarservice.eu\/wp-content\/uploads\/2020\/09\/bel_stir_plus_m.jpg\",\"contentUrl\":\"https:\/\/radarservice.eu\/wp-content\/uploads\/2020\/09\/bel_stir_plus_m.jpg\",\"width\":600,\"height\":480,\"caption\":\"Detector de radar Bel STiR Plus M\"},{\"@type\":\"BreadcrumbList\",\"@id\":\"https:\/\/radarservice.eu\/ro\/produs\/beltronics-sti-r-plus-m-edition\/#breadcrumb\",\"itemListElement\":[{\"@type\":\"ListItem\",\"position\":1,\"name\":\"Magazin\",\"item\":\"https:\/\/radarservice.eu\/ro\/magazin\/\"},{\"@type\":\"ListItem\",\"position\":2,\"name\":\"Beltronics STI-R PLUS M Edition\"}]},{\"@type\":\"WebSite\",\"@id\":\"https:\/\/radarservice.eu\/ro\/#website\",\"url\":\"https:\/\/radarservice.eu\/ro\/\",\"name\":\"Radar Service\",\"description\":\"Radar detector Laser jammer mobile fix\",\"publisher\":{\"@id\":\"https:\/\/radarservice.eu\/ro\/#organization\"},\"potentialAction\":[{\"@type\":\"SearchAction\",\"target\":{\"@type\":\"EntryPoint\",\"urlTemplate\":\"https:\/\/radarservice.eu\/ro\/?s={search_term_string}\"},\"query-input\":{\"@type\":\"PropertyValueSpecification\",\"valueRequired\":true,\"valueName\":\"search_term_string\"}}],\"inLanguage\":\"ro-RO\"},{\"@type\":\"Organization\",\"@id\":\"https:\/\/radarservice.eu\/ro\/#organization\",\"name\":\"RadarService\",\"url\":\"https:\/\/radarservice.eu\/ro\/\",\"logo\":{\"@type\":\"ImageObject\",\"inLanguage\":\"ro-RO\",\"@id\":\"https:\/\/radarservice.eu\/ro\/#\/schema\/logo\/image\/\",\"url\":\"https:\/\/radarservice.eu\/wp-content\/uploads\/2021\/03\/Radar_detector_service.png\",\"contentUrl\":\"https:\/\/radarservice.eu\/wp-content\/uploads\/2021\/03\/Radar_detector_service.png\",\"width\":174,\"height\":48,\"caption\":\"RadarService\"},\"image\":{\"@id\":\"https:\/\/radarservice.eu\/ro\/#\/schema\/logo\/image\/\"}}]}<\/script>\n<!-- \/ Yoast SEO plugin. -->","yoast_head_json":{"title":"Beltronics STI-R PLUS M Edition | Radar Service","description":"Beltronics STIR PLUS M Edition este un detector de radar fix de \u00eenalt\u0103 calitate \u0219i detecteaz\u0103, de asemenea, noile capcane radar Multaradar MRCD \/ MRCT \/ Moving.","robots":{"index":"index","follow":"follow","max-snippet":"max-snippet:-1","max-image-preview":"max-image-preview:large","max-video-preview":"max-video-preview:-1"},"canonical":"https:\/\/radarservice.eu\/ro\/produs\/beltronics-sti-r-plus-m-edition\/","og_locale":"ro_RO","og_type":"article","og_title":"Beltronics STI-R PLUS M Edition | Radar Service","og_description":"Beltronics STIR PLUS M Edition este un detector de radar fix de \u00eenalt\u0103 calitate \u0219i detecteaz\u0103, de asemenea, noile capcane radar Multaradar MRCD \/ MRCT \/ Moving.","og_url":"https:\/\/radarservice.eu\/ro\/produs\/beltronics-sti-r-plus-m-edition\/","og_site_name":"Radar Service","article_modified_time":"2022-09-16T10:35:02+00:00","og_image":[{"width":600,"height":480,"url":"https:\/\/radarservice.eu\/wp-content\/uploads\/2020\/09\/bel_stir_plus_m.jpg","type":"image\/jpeg"}],"twitter_card":"summary_large_image","twitter_misc":{"Timp estimat pentru citire":"2 minute"},"schema":{"@context":"https:\/\/schema.org","@graph":[{"@type":"WebPage","@id":"https:\/\/radarservice.eu\/ro\/produs\/beltronics-sti-r-plus-m-edition\/","url":"https:\/\/radarservice.eu\/ro\/produs\/beltronics-sti-r-plus-m-edition\/","name":"Beltronics STI-R PLUS M Edition | Radar Service","isPartOf":{"@id":"https:\/\/radarservice.eu\/ro\/#website"},"primaryImageOfPage":{"@id":"https:\/\/radarservice.eu\/ro\/produs\/beltronics-sti-r-plus-m-edition\/#primaryimage"},"image":{"@id":"https:\/\/radarservice.eu\/ro\/produs\/beltronics-sti-r-plus-m-edition\/#primaryimage"},"thumbnailUrl":"https:\/\/radarservice.eu\/wp-content\/uploads\/2020\/09\/bel_stir_plus_m.jpg","datePublished":"2021-04-18T15:20:16+00:00","dateModified":"2022-09-16T10:35:02+00:00","description":"Beltronics STIR PLUS M Edition este un detector de radar fix de \u00eenalt\u0103 calitate \u0219i detecteaz\u0103, de asemenea, noile capcane radar Multaradar MRCD \/ MRCT \/ Moving.","breadcrumb":{"@id":"https:\/\/radarservice.eu\/ro\/produs\/beltronics-sti-r-plus-m-edition\/#breadcrumb"},"inLanguage":"ro-RO","potentialAction":[{"@type":"ReadAction","target":["https:\/\/radarservice.eu\/ro\/produs\/beltronics-sti-r-plus-m-edition\/"]}]},{"@type":"ImageObject","inLanguage":"ro-RO","@id":"https:\/\/radarservice.eu\/ro\/produs\/beltronics-sti-r-plus-m-edition\/#primaryimage","url":"https:\/\/radarservice.eu\/wp-content\/uploads\/2020\/09\/bel_stir_plus_m.jpg","contentUrl":"https:\/\/radarservice.eu\/wp-content\/uploads\/2020\/09\/bel_stir_plus_m.jpg","width":600,"height":480,"caption":"Detector de radar Bel STiR Plus M"},{"@type":"BreadcrumbList","@id":"https:\/\/radarservice.eu\/ro\/produs\/beltronics-sti-r-plus-m-edition\/#breadcrumb","itemListElement":[{"@type":"ListItem","position":1,"name":"Magazin","item":"https:\/\/radarservice.eu\/ro\/magazin\/"},{"@type":"ListItem","position":2,"name":"Beltronics STI-R PLUS M Edition"}]},{"@type":"WebSite","@id":"https:\/\/radarservice.eu\/ro\/#website","url":"https:\/\/radarservice.eu\/ro\/","name":"Radar Service","description":"Radar detector Laser jammer mobile fix","publisher":{"@id":"https:\/\/radarservice.eu\/ro\/#organization"},"potentialAction":[{"@type":"SearchAction","target":{"@type":"EntryPoint","urlTemplate":"https:\/\/radarservice.eu\/ro\/?s={search_term_string}"},"query-input":{"@type":"PropertyValueSpecification","valueRequired":true,"valueName":"search_term_string"}}],"inLanguage":"ro-RO"},{"@type":"Organization","@id":"https:\/\/radarservice.eu\/ro\/#organization","name":"RadarService","url":"https:\/\/radarservice.eu\/ro\/","logo":{"@type":"ImageObject","inLanguage":"ro-RO","@id":"https:\/\/radarservice.eu\/ro\/#\/schema\/logo\/image\/","url":"https:\/\/radarservice.eu\/wp-content\/uploads\/2021\/03\/Radar_detector_service.png","contentUrl":"https:\/\/radarservice.eu\/wp-content\/uploads\/2021\/03\/Radar_detector_service.png","width":174,"height":48,"caption":"RadarService"},"image":{"@id":"https:\/\/radarservice.eu\/ro\/#\/schema\/logo\/image\/"}}]}},"_links":{"self":[{"href":"https:\/\/radarservice.eu\/ro\/wp-json\/wp\/v2\/product\/15593","targetHints":{"allow":["GET"]}}],"collection":[{"href":"https:\/\/radarservice.eu\/ro\/wp-json\/wp\/v2\/product"}],"about":[{"href":"https:\/\/radarservice.eu\/ro\/wp-json\/wp\/v2\/types\/product"}],"replies":[{"embeddable":true,"href":"https:\/\/radarservice.eu\/ro\/wp-json\/wp\/v2\/comments?post=15593"}],"wp:featuredmedia":[{"embeddable":true,"href":"https:\/\/radarservice.eu\/ro\/wp-json\/wp\/v2\/media\/15594"}],"wp:attachment":[{"href":"https:\/\/radarservice.eu\/ro\/wp-json\/wp\/v2\/media?parent=15593"}],"wp:term":[{"taxonomy":"product_brand","embeddable":true,"href":"https:\/\/radarservice.eu\/ro\/wp-json\/wp\/v2\/product_brand?post=15593"},{"taxonomy":"product_cat","embeddable":true,"href":"https:\/\/radarservice.eu\/ro\/wp-json\/wp\/v2\/product_cat?post=15593"},{"taxonomy":"product_tag","embeddable":true,"href":"https:\/\/radarservice.eu\/ro\/wp-json\/wp\/v2\/product_tag?post=15593"}],"curies":[{"name":"wp","href":"https:\/\/api.w.org\/{rel}","templated":true}]}}