{"id":15585,"date":"2021-04-18T17:09:13","date_gmt":"2021-04-18T15:09:13","guid":{"rendered":"https:\/\/radarservice.eu\/produkt\/blind-m27-m47-xtreme-laser-jammer\/"},"modified":"2021-04-18T17:09:13","modified_gmt":"2021-04-18T15:09:13","slug":"blind-m27-m47-xtreme-laser-jammer","status":"publish","type":"product","link":"https:\/\/radarservice.eu\/ro\/produs\/blind-m27-m47-xtreme-laser-jammer\/","title":{"rendered":"Blind M27 &#038; M47 XTREME Laser Jammer"},"content":{"rendered":"<p>Blinder M27 &amp; M47 X-TREME este predecesorul Blinder HP 905 \u0219i se bazeaz\u0103 \u00een continuare pe LED-uri pentru protec\u021bia laser. Prin urmare, utilizarea \u00een Europa este recomandat\u0103 doar condi\u021bionat.<br \/>.<br \/>\nSuccesorul HP905 func\u021bioneaz\u0103 cu diode laser \u0219i, prin urmare, este de aproape 100 de ori mai puternic \u0219i, de asemenea, cu dimensiuni mult mai mici.<br \/>.<br \/>\nM27 &amp; M47 poate fi configurat prin intermediul diferitelor op\u021biuni de setare at\u00e2t ca un asistent de parcare pur, un avertizor cu laser sau ca un blocator cu laser.<\/p>\n<p><p><strong>Vizualizare general\u0103:<\/strong><br \/>\n+ Asisten\u021b\u0103 la parcare \/ bruiaj \/ mod de detec\u021bie reglabil<br \/>.<br \/>\n+ carcas\u0103 de senzor rezistent\u0103 la ap\u0103<br \/>\n+ alarm\u0103 sonor\u0103<br \/>\n+ dimensiuni senzor: 90.0 x 17.0 x 50.0 mm<\/p>\n<p>><\/p>\n<p><strong>Amplasamentul de livrare:<\/strong><br \/>.<br \/>\n* Senzori de blinder<br \/>\n* Unitate de control cu conexiune USB<br \/>\n* Speaker<br \/>\n* Material de montare<br \/>\n* Manual de instruc\u021biuni<\/p>\n<p><strong>Nota:<\/strong> pentru utilizarea \u00een Europa de Vest recomand\u0103m blocantele laser Blinder HP905, Genevo FF2 sau AL Priority.<\/p>\n<p>\n","protected":false},"excerpt":{"rendered":"<p>Blinder M27 &amp; M47 X-TREME este predecesorul Blinder HP 905 \u0219i se bazeaz\u0103 \u00een continuare pe LED-uri pentru protec\u021bia laser. Prin urmare, utilizarea \u00een Europa este recomandat\u0103 doar condi\u021bionat.. Succesorul HP905 func\u021bioneaz\u0103 cu diode laser \u0219i, prin urmare, este de aproape 100 de ori mai puternic \u0219i, de asemenea, cu dimensiuni mult mai mici.. M27 [&#8230;]\n","protected":false},"featured_media":15587,"comment_status":"open","ping_status":"closed","template":"","meta":[],"product_brand":[],"product_cat":[1479,1441],"product_tag":[1480,1483,1444,1443,1481,1482],"class_list":{"0":"post-15585","1":"product","2":"type-product","3":"status-publish","4":"has-post-thumbnail","6":"product_cat-blinder-ro","7":"product_cat-interferentialul-laser","8":"product_tag-blinder-ro","9":"product_tag-blinder-x-treme-ro","10":"product_tag-blocator-laser","11":"product_tag-interferentialul-laser","12":"product_tag-m27-ro","13":"product_tag-m47-ro","15":"first","16":"outofstock","17":"taxable","18":"shipping-taxable","19":"purchasable","20":"product-type-simple"},"yoast_head":"<!-- This site is optimized with the Yoast SEO plugin v27.2 - https:\/\/yoast.com\/product\/yoast-seo-wordpress\/ -->\n<title>Blind M27 &amp; M47 XTREME Laser Jammer | Radar Service<\/title>\n<meta name=\"description\" content=\"Blind M27 &amp; M47 XTREME Laser Jammer | Radar Service\" \/>\n<meta name=\"robots\" content=\"index, follow, max-snippet:-1, max-image-preview:large, max-video-preview:-1\" \/>\n<link rel=\"canonical\" href=\"https:\/\/radarservice.eu\/ro\/produs\/blind-m27-m47-xtreme-laser-jammer\/\" \/>\n<meta property=\"og:locale\" content=\"ro_RO\" \/>\n<meta property=\"og:type\" content=\"article\" \/>\n<meta property=\"og:title\" content=\"Blind M27 &amp; M47 XTREME Laser Jammer | Radar Service\" \/>\n<meta property=\"og:description\" content=\"Blind M27 &amp; M47 XTREME Laser Jammer | Radar Service\" \/>\n<meta property=\"og:url\" content=\"https:\/\/radarservice.eu\/ro\/produs\/blind-m27-m47-xtreme-laser-jammer\/\" \/>\n<meta property=\"og:site_name\" content=\"Radar Service\" \/>\n<meta property=\"og:image\" content=\"https:\/\/radarservice.eu\/wp-content\/uploads\/2020\/09\/blinder_m27_xtreme.jpg\" \/>\n\t<meta property=\"og:image:width\" content=\"750\" \/>\n\t<meta property=\"og:image:height\" content=\"563\" \/>\n\t<meta property=\"og:image:type\" content=\"image\/jpeg\" \/>\n<meta name=\"twitter:card\" content=\"summary_large_image\" \/>\n<meta name=\"twitter:label1\" content=\"Timp estimat pentru citire\" \/>\n\t<meta name=\"twitter:data1\" content=\"1 minut\" \/>\n<script type=\"application\/ld+json\" class=\"yoast-schema-graph\">{\"@context\":\"https:\/\/schema.org\",\"@graph\":[{\"@type\":\"WebPage\",\"@id\":\"https:\/\/radarservice.eu\/ro\/produs\/blind-m27-m47-xtreme-laser-jammer\/\",\"url\":\"https:\/\/radarservice.eu\/ro\/produs\/blind-m27-m47-xtreme-laser-jammer\/\",\"name\":\"Blind M27 & M47 XTREME Laser Jammer | Radar Service\",\"isPartOf\":{\"@id\":\"https:\/\/radarservice.eu\/ro\/#website\"},\"primaryImageOfPage\":{\"@id\":\"https:\/\/radarservice.eu\/ro\/produs\/blind-m27-m47-xtreme-laser-jammer\/#primaryimage\"},\"image\":{\"@id\":\"https:\/\/radarservice.eu\/ro\/produs\/blind-m27-m47-xtreme-laser-jammer\/#primaryimage\"},\"thumbnailUrl\":\"https:\/\/radarservice.eu\/wp-content\/uploads\/2020\/09\/blinder_m27_xtreme.jpg\",\"datePublished\":\"2021-04-18T15:09:13+00:00\",\"description\":\"Blind M27 & M47 XTREME Laser Jammer | Radar Service\",\"breadcrumb\":{\"@id\":\"https:\/\/radarservice.eu\/ro\/produs\/blind-m27-m47-xtreme-laser-jammer\/#breadcrumb\"},\"inLanguage\":\"ro-RO\",\"potentialAction\":[{\"@type\":\"ReadAction\",\"target\":[\"https:\/\/radarservice.eu\/ro\/produs\/blind-m27-m47-xtreme-laser-jammer\/\"]}]},{\"@type\":\"ImageObject\",\"inLanguage\":\"ro-RO\",\"@id\":\"https:\/\/radarservice.eu\/ro\/produs\/blind-m27-m47-xtreme-laser-jammer\/#primaryimage\",\"url\":\"https:\/\/radarservice.eu\/wp-content\/uploads\/2020\/09\/blinder_m27_xtreme.jpg\",\"contentUrl\":\"https:\/\/radarservice.eu\/wp-content\/uploads\/2020\/09\/blinder_m27_xtreme.jpg\",\"width\":750,\"height\":563,\"caption\":\"Blinder M27 xtreme\"},{\"@type\":\"BreadcrumbList\",\"@id\":\"https:\/\/radarservice.eu\/ro\/produs\/blind-m27-m47-xtreme-laser-jammer\/#breadcrumb\",\"itemListElement\":[{\"@type\":\"ListItem\",\"position\":1,\"name\":\"Magazin\",\"item\":\"https:\/\/radarservice.eu\/ro\/magazin\/\"},{\"@type\":\"ListItem\",\"position\":2,\"name\":\"Blind M27 &#038; M47 XTREME Laser Jammer\"}]},{\"@type\":\"WebSite\",\"@id\":\"https:\/\/radarservice.eu\/ro\/#website\",\"url\":\"https:\/\/radarservice.eu\/ro\/\",\"name\":\"Radar Service\",\"description\":\"Radar detector Laser jammer mobile fix\",\"publisher\":{\"@id\":\"https:\/\/radarservice.eu\/ro\/#organization\"},\"potentialAction\":[{\"@type\":\"SearchAction\",\"target\":{\"@type\":\"EntryPoint\",\"urlTemplate\":\"https:\/\/radarservice.eu\/ro\/?s={search_term_string}\"},\"query-input\":{\"@type\":\"PropertyValueSpecification\",\"valueRequired\":true,\"valueName\":\"search_term_string\"}}],\"inLanguage\":\"ro-RO\"},{\"@type\":\"Organization\",\"@id\":\"https:\/\/radarservice.eu\/ro\/#organization\",\"name\":\"RadarService\",\"url\":\"https:\/\/radarservice.eu\/ro\/\",\"logo\":{\"@type\":\"ImageObject\",\"inLanguage\":\"ro-RO\",\"@id\":\"https:\/\/radarservice.eu\/ro\/#\/schema\/logo\/image\/\",\"url\":\"https:\/\/radarservice.eu\/wp-content\/uploads\/2021\/03\/Radar_detector_service.png\",\"contentUrl\":\"https:\/\/radarservice.eu\/wp-content\/uploads\/2021\/03\/Radar_detector_service.png\",\"width\":174,\"height\":48,\"caption\":\"RadarService\"},\"image\":{\"@id\":\"https:\/\/radarservice.eu\/ro\/#\/schema\/logo\/image\/\"}}]}<\/script>\n<!-- \/ Yoast SEO plugin. -->","yoast_head_json":{"title":"Blind M27 & M47 XTREME Laser Jammer | Radar Service","description":"Blind M27 & M47 XTREME Laser Jammer | Radar Service","robots":{"index":"index","follow":"follow","max-snippet":"max-snippet:-1","max-image-preview":"max-image-preview:large","max-video-preview":"max-video-preview:-1"},"canonical":"https:\/\/radarservice.eu\/ro\/produs\/blind-m27-m47-xtreme-laser-jammer\/","og_locale":"ro_RO","og_type":"article","og_title":"Blind M27 & M47 XTREME Laser Jammer | Radar Service","og_description":"Blind M27 & M47 XTREME Laser Jammer | Radar Service","og_url":"https:\/\/radarservice.eu\/ro\/produs\/blind-m27-m47-xtreme-laser-jammer\/","og_site_name":"Radar Service","og_image":[{"width":750,"height":563,"url":"https:\/\/radarservice.eu\/wp-content\/uploads\/2020\/09\/blinder_m27_xtreme.jpg","type":"image\/jpeg"}],"twitter_card":"summary_large_image","twitter_misc":{"Timp estimat pentru citire":"1 minut"},"schema":{"@context":"https:\/\/schema.org","@graph":[{"@type":"WebPage","@id":"https:\/\/radarservice.eu\/ro\/produs\/blind-m27-m47-xtreme-laser-jammer\/","url":"https:\/\/radarservice.eu\/ro\/produs\/blind-m27-m47-xtreme-laser-jammer\/","name":"Blind M27 & M47 XTREME Laser Jammer | Radar Service","isPartOf":{"@id":"https:\/\/radarservice.eu\/ro\/#website"},"primaryImageOfPage":{"@id":"https:\/\/radarservice.eu\/ro\/produs\/blind-m27-m47-xtreme-laser-jammer\/#primaryimage"},"image":{"@id":"https:\/\/radarservice.eu\/ro\/produs\/blind-m27-m47-xtreme-laser-jammer\/#primaryimage"},"thumbnailUrl":"https:\/\/radarservice.eu\/wp-content\/uploads\/2020\/09\/blinder_m27_xtreme.jpg","datePublished":"2021-04-18T15:09:13+00:00","description":"Blind M27 & M47 XTREME Laser Jammer | Radar Service","breadcrumb":{"@id":"https:\/\/radarservice.eu\/ro\/produs\/blind-m27-m47-xtreme-laser-jammer\/#breadcrumb"},"inLanguage":"ro-RO","potentialAction":[{"@type":"ReadAction","target":["https:\/\/radarservice.eu\/ro\/produs\/blind-m27-m47-xtreme-laser-jammer\/"]}]},{"@type":"ImageObject","inLanguage":"ro-RO","@id":"https:\/\/radarservice.eu\/ro\/produs\/blind-m27-m47-xtreme-laser-jammer\/#primaryimage","url":"https:\/\/radarservice.eu\/wp-content\/uploads\/2020\/09\/blinder_m27_xtreme.jpg","contentUrl":"https:\/\/radarservice.eu\/wp-content\/uploads\/2020\/09\/blinder_m27_xtreme.jpg","width":750,"height":563,"caption":"Blinder M27 xtreme"},{"@type":"BreadcrumbList","@id":"https:\/\/radarservice.eu\/ro\/produs\/blind-m27-m47-xtreme-laser-jammer\/#breadcrumb","itemListElement":[{"@type":"ListItem","position":1,"name":"Magazin","item":"https:\/\/radarservice.eu\/ro\/magazin\/"},{"@type":"ListItem","position":2,"name":"Blind M27 &#038; M47 XTREME Laser Jammer"}]},{"@type":"WebSite","@id":"https:\/\/radarservice.eu\/ro\/#website","url":"https:\/\/radarservice.eu\/ro\/","name":"Radar Service","description":"Radar detector Laser jammer mobile fix","publisher":{"@id":"https:\/\/radarservice.eu\/ro\/#organization"},"potentialAction":[{"@type":"SearchAction","target":{"@type":"EntryPoint","urlTemplate":"https:\/\/radarservice.eu\/ro\/?s={search_term_string}"},"query-input":{"@type":"PropertyValueSpecification","valueRequired":true,"valueName":"search_term_string"}}],"inLanguage":"ro-RO"},{"@type":"Organization","@id":"https:\/\/radarservice.eu\/ro\/#organization","name":"RadarService","url":"https:\/\/radarservice.eu\/ro\/","logo":{"@type":"ImageObject","inLanguage":"ro-RO","@id":"https:\/\/radarservice.eu\/ro\/#\/schema\/logo\/image\/","url":"https:\/\/radarservice.eu\/wp-content\/uploads\/2021\/03\/Radar_detector_service.png","contentUrl":"https:\/\/radarservice.eu\/wp-content\/uploads\/2021\/03\/Radar_detector_service.png","width":174,"height":48,"caption":"RadarService"},"image":{"@id":"https:\/\/radarservice.eu\/ro\/#\/schema\/logo\/image\/"}}]}},"_links":{"self":[{"href":"https:\/\/radarservice.eu\/ro\/wp-json\/wp\/v2\/product\/15585","targetHints":{"allow":["GET"]}}],"collection":[{"href":"https:\/\/radarservice.eu\/ro\/wp-json\/wp\/v2\/product"}],"about":[{"href":"https:\/\/radarservice.eu\/ro\/wp-json\/wp\/v2\/types\/product"}],"replies":[{"embeddable":true,"href":"https:\/\/radarservice.eu\/ro\/wp-json\/wp\/v2\/comments?post=15585"}],"wp:featuredmedia":[{"embeddable":true,"href":"https:\/\/radarservice.eu\/ro\/wp-json\/wp\/v2\/media\/15587"}],"wp:attachment":[{"href":"https:\/\/radarservice.eu\/ro\/wp-json\/wp\/v2\/media?parent=15585"}],"wp:term":[{"taxonomy":"product_brand","embeddable":true,"href":"https:\/\/radarservice.eu\/ro\/wp-json\/wp\/v2\/product_brand?post=15585"},{"taxonomy":"product_cat","embeddable":true,"href":"https:\/\/radarservice.eu\/ro\/wp-json\/wp\/v2\/product_cat?post=15585"},{"taxonomy":"product_tag","embeddable":true,"href":"https:\/\/radarservice.eu\/ro\/wp-json\/wp\/v2\/product_tag?post=15585"}],"curies":[{"name":"wp","href":"https:\/\/api.w.org\/{rel}","templated":true}]}}