{"id":15583,"date":"2021-04-18T17:08:10","date_gmt":"2021-04-18T15:08:10","guid":{"rendered":"https:\/\/radarservice.eu\/produkt\/interfata-canbus-pentru-vehicule-mercedes-benz\/"},"modified":"2021-04-18T17:08:10","modified_gmt":"2021-04-18T15:08:10","slug":"interfata-canbus-pentru-vehicule-mercedes-benz","status":"publish","type":"product","link":"https:\/\/radarservice.eu\/ro\/produs\/interfata-canbus-pentru-vehicule-mercedes-benz\/","title":{"rendered":"Interfa\u021b\u0103 CANbus pentru vehicule Mercedes-Benz"},"content":{"rendered":"<p>Interfa\u021b\u0103 CANbus pentru STiR Plus \u0219i Mercedes-Benz, pentru conectarea complet invizibil\u0103 a sistemului de avertizare radar la afi\u0219ajul de bord Mercedes-Benz \u0219i la sistemul de control al volanului.<\/p>\n<p>.<\/p>\n<p><strong>Vizualizare general\u0103:<\/strong><br \/>\n+ toate mesajele sau avertismentele radar apar direct \u00een cockpit-ul Mercedes<br \/>.<br \/>\n+ posibilitate de operare complet\u0103 prin intermediul volanului<br \/>.<br \/>\n+ afi\u0219ajul original STiR Plus \u0219i modulul de control pot fi instalate complet invizibil<br \/>.<br \/>\n+ conectare u\u0219oar\u0103 la sistemul CANbus al autovehiculului dumneavoastr\u0103 Mercedes-Benz<\/p>\n<p>.<\/p>\n<p><strong>Amploiul de furnizare:<\/strong><br \/>\n* Modul CANbus<br \/>\n* Sunt incluse instruc\u021biuni de instalare pentru modelul dvs. particular<\/p>\n<p>.<\/p>\n<p><strong>Compatibilitate:<\/strong><br \/>\n* Mercedes C-Class (\u00eencep\u00e2nd cu anul de fabrica\u021bie 2008)<br \/>.<br \/>\n* Mercedes CL (\u00eencep\u00e2nd cu anul de fabrica\u021bie 2007)<br \/>.<br \/>\n* Mercedes CLS (\u00eencep\u00e2nd cu anul de fabrica\u021bie 2009)<br \/>.<br \/>\n* Mercedes E-Class (\u00eencep\u00e2nd cu anul de fabrica\u021bie 2009)<br \/>.<br \/>\n* Mercedes GL (\u00eencep\u00e2nd cu anul model 2006)<br \/> * Mercedes GL (\u00eencep\u00e2nd cu anul model 2006)<br \/>.<br \/>\n* Mercedes GLK (\u00eencep\u00e2nd cu anul de construc\u021bie 2008)<br \/>.<br \/>\n* Mercedes ML (\u00eencep\u00e2nd cu anul de construc\u021bie 2006)<br \/>.<br \/>\n* Mercedes R-Class (\u00eencep\u00e2nd cu anul de fabrica\u021bie 2006)<br \/>.<br \/>\n* Mercedes S-Class (\u00eencep\u00e2nd cu anul de fabrica\u021bie 2007)<br \/>.<br \/>\n* Mercedes SL (\u00eencep\u00e2nd cu anul de fabrica\u021bie 2004)<\/p>\n<p>.<\/p>\n","protected":false},"excerpt":{"rendered":"<p>Interfa\u021b\u0103 CANbus pentru STiR Plus \u0219i Mercedes-Benz, pentru conectarea complet invizibil\u0103 a sistemului de avertizare radar la afi\u0219ajul de bord Mercedes-Benz \u0219i la sistemul de control al volanului. . Vizualizare general\u0103: + toate mesajele sau avertismentele radar apar direct \u00een cockpit-ul Mercedes. + posibilitate de operare complet\u0103 prin intermediul volanului. + afi\u0219ajul original STiR Plus [&#8230;]\n","protected":false},"featured_media":15584,"comment_status":"open","ping_status":"closed","template":"","meta":[],"product_brand":[],"product_cat":[1472,1473],"product_tag":[1475,1474,1477,1450,1478,1476],"class_list":{"0":"post-15583","1":"product","2":"type-product","3":"status-publish","4":"has-post-thumbnail","6":"product_cat-accesorii","7":"product_cat-beltronics-ro","8":"product_tag-bel-ro","9":"product_tag-beltronics-ro","10":"product_tag-canbus-ro","11":"product_tag-detector-de-radar-ro","12":"product_tag-mercedes-benz-ro","13":"product_tag-sti-r-ro","15":"first","16":"onbackorder","17":"taxable","18":"shipping-taxable","19":"purchasable","20":"product-type-simple"},"yoast_head":"<!-- This site is optimized with the Yoast SEO plugin v27.2 - https:\/\/yoast.com\/product\/yoast-seo-wordpress\/ -->\n<title>Interfa\u021b\u0103 CANbus pentru vehicule Mercedes-Benz | Radar Service<\/title>\n<meta name=\"description\" content=\"Interfa\u021b\u0103 CANbus pentru STiR Plus \u0219i Mercedes-Benz, pentru conectarea complet invizibil\u0103 a detectorului de radar la interfa\u021ba Mercedes.\" \/>\n<meta name=\"robots\" content=\"index, follow, max-snippet:-1, max-image-preview:large, max-video-preview:-1\" \/>\n<link rel=\"canonical\" href=\"https:\/\/radarservice.eu\/ro\/produs\/interfata-canbus-pentru-vehicule-mercedes-benz\/\" \/>\n<meta property=\"og:locale\" content=\"ro_RO\" \/>\n<meta property=\"og:type\" content=\"article\" \/>\n<meta property=\"og:title\" content=\"Interfa\u021b\u0103 CANbus pentru vehicule Mercedes-Benz | Radar Service\" \/>\n<meta property=\"og:description\" content=\"Interfa\u021b\u0103 CANbus pentru STiR Plus \u0219i Mercedes-Benz, pentru conectarea complet invizibil\u0103 a detectorului de radar la interfa\u021ba Mercedes.\" \/>\n<meta property=\"og:url\" content=\"https:\/\/radarservice.eu\/ro\/produs\/interfata-canbus-pentru-vehicule-mercedes-benz\/\" \/>\n<meta property=\"og:site_name\" content=\"Radar Service\" \/>\n<meta property=\"og:image\" content=\"https:\/\/radarservice.eu\/wp-content\/uploads\/2020\/09\/canbus_mercedes_beltronics.jpg\" \/>\n\t<meta property=\"og:image:width\" content=\"712\" \/>\n\t<meta property=\"og:image:height\" content=\"400\" \/>\n\t<meta property=\"og:image:type\" content=\"image\/jpeg\" \/>\n<meta name=\"twitter:card\" content=\"summary_large_image\" \/>\n<meta name=\"twitter:label1\" content=\"Timp estimat pentru citire\" \/>\n\t<meta name=\"twitter:data1\" content=\"1 minut\" \/>\n<script type=\"application\/ld+json\" class=\"yoast-schema-graph\">{\"@context\":\"https:\/\/schema.org\",\"@graph\":[{\"@type\":\"WebPage\",\"@id\":\"https:\/\/radarservice.eu\/ro\/produs\/interfata-canbus-pentru-vehicule-mercedes-benz\/\",\"url\":\"https:\/\/radarservice.eu\/ro\/produs\/interfata-canbus-pentru-vehicule-mercedes-benz\/\",\"name\":\"Interfa\u021b\u0103 CANbus pentru vehicule Mercedes-Benz | Radar Service\",\"isPartOf\":{\"@id\":\"https:\/\/radarservice.eu\/ro\/#website\"},\"primaryImageOfPage\":{\"@id\":\"https:\/\/radarservice.eu\/ro\/produs\/interfata-canbus-pentru-vehicule-mercedes-benz\/#primaryimage\"},\"image\":{\"@id\":\"https:\/\/radarservice.eu\/ro\/produs\/interfata-canbus-pentru-vehicule-mercedes-benz\/#primaryimage\"},\"thumbnailUrl\":\"https:\/\/radarservice.eu\/wp-content\/uploads\/2020\/09\/canbus_mercedes_beltronics.jpg\",\"datePublished\":\"2021-04-18T15:08:10+00:00\",\"description\":\"Interfa\u021b\u0103 CANbus pentru STiR Plus \u0219i Mercedes-Benz, pentru conectarea complet invizibil\u0103 a detectorului de radar la interfa\u021ba Mercedes.\",\"breadcrumb\":{\"@id\":\"https:\/\/radarservice.eu\/ro\/produs\/interfata-canbus-pentru-vehicule-mercedes-benz\/#breadcrumb\"},\"inLanguage\":\"ro-RO\",\"potentialAction\":[{\"@type\":\"ReadAction\",\"target\":[\"https:\/\/radarservice.eu\/ro\/produs\/interfata-canbus-pentru-vehicule-mercedes-benz\/\"]}]},{\"@type\":\"ImageObject\",\"inLanguage\":\"ro-RO\",\"@id\":\"https:\/\/radarservice.eu\/ro\/produs\/interfata-canbus-pentru-vehicule-mercedes-benz\/#primaryimage\",\"url\":\"https:\/\/radarservice.eu\/wp-content\/uploads\/2020\/09\/canbus_mercedes_beltronics.jpg\",\"contentUrl\":\"https:\/\/radarservice.eu\/wp-content\/uploads\/2020\/09\/canbus_mercedes_beltronics.jpg\",\"width\":712,\"height\":400,\"caption\":\"Canbus Mercedes Beltronics\"},{\"@type\":\"BreadcrumbList\",\"@id\":\"https:\/\/radarservice.eu\/ro\/produs\/interfata-canbus-pentru-vehicule-mercedes-benz\/#breadcrumb\",\"itemListElement\":[{\"@type\":\"ListItem\",\"position\":1,\"name\":\"Magazin\",\"item\":\"https:\/\/radarservice.eu\/ro\/magazin\/\"},{\"@type\":\"ListItem\",\"position\":2,\"name\":\"Interfa\u021b\u0103 CANbus pentru vehicule Mercedes-Benz\"}]},{\"@type\":\"WebSite\",\"@id\":\"https:\/\/radarservice.eu\/ro\/#website\",\"url\":\"https:\/\/radarservice.eu\/ro\/\",\"name\":\"Radar Service\",\"description\":\"Radar detector Laser jammer mobile fix\",\"publisher\":{\"@id\":\"https:\/\/radarservice.eu\/ro\/#organization\"},\"potentialAction\":[{\"@type\":\"SearchAction\",\"target\":{\"@type\":\"EntryPoint\",\"urlTemplate\":\"https:\/\/radarservice.eu\/ro\/?s={search_term_string}\"},\"query-input\":{\"@type\":\"PropertyValueSpecification\",\"valueRequired\":true,\"valueName\":\"search_term_string\"}}],\"inLanguage\":\"ro-RO\"},{\"@type\":\"Organization\",\"@id\":\"https:\/\/radarservice.eu\/ro\/#organization\",\"name\":\"RadarService\",\"url\":\"https:\/\/radarservice.eu\/ro\/\",\"logo\":{\"@type\":\"ImageObject\",\"inLanguage\":\"ro-RO\",\"@id\":\"https:\/\/radarservice.eu\/ro\/#\/schema\/logo\/image\/\",\"url\":\"https:\/\/radarservice.eu\/wp-content\/uploads\/2021\/03\/Radar_detector_service.png\",\"contentUrl\":\"https:\/\/radarservice.eu\/wp-content\/uploads\/2021\/03\/Radar_detector_service.png\",\"width\":174,\"height\":48,\"caption\":\"RadarService\"},\"image\":{\"@id\":\"https:\/\/radarservice.eu\/ro\/#\/schema\/logo\/image\/\"}}]}<\/script>\n<!-- \/ Yoast SEO plugin. -->","yoast_head_json":{"title":"Interfa\u021b\u0103 CANbus pentru vehicule Mercedes-Benz | Radar Service","description":"Interfa\u021b\u0103 CANbus pentru STiR Plus \u0219i Mercedes-Benz, pentru conectarea complet invizibil\u0103 a detectorului de radar la interfa\u021ba Mercedes.","robots":{"index":"index","follow":"follow","max-snippet":"max-snippet:-1","max-image-preview":"max-image-preview:large","max-video-preview":"max-video-preview:-1"},"canonical":"https:\/\/radarservice.eu\/ro\/produs\/interfata-canbus-pentru-vehicule-mercedes-benz\/","og_locale":"ro_RO","og_type":"article","og_title":"Interfa\u021b\u0103 CANbus pentru vehicule Mercedes-Benz | Radar Service","og_description":"Interfa\u021b\u0103 CANbus pentru STiR Plus \u0219i Mercedes-Benz, pentru conectarea complet invizibil\u0103 a detectorului de radar la interfa\u021ba Mercedes.","og_url":"https:\/\/radarservice.eu\/ro\/produs\/interfata-canbus-pentru-vehicule-mercedes-benz\/","og_site_name":"Radar Service","og_image":[{"width":712,"height":400,"url":"https:\/\/radarservice.eu\/wp-content\/uploads\/2020\/09\/canbus_mercedes_beltronics.jpg","type":"image\/jpeg"}],"twitter_card":"summary_large_image","twitter_misc":{"Timp estimat pentru citire":"1 minut"},"schema":{"@context":"https:\/\/schema.org","@graph":[{"@type":"WebPage","@id":"https:\/\/radarservice.eu\/ro\/produs\/interfata-canbus-pentru-vehicule-mercedes-benz\/","url":"https:\/\/radarservice.eu\/ro\/produs\/interfata-canbus-pentru-vehicule-mercedes-benz\/","name":"Interfa\u021b\u0103 CANbus pentru vehicule Mercedes-Benz | Radar Service","isPartOf":{"@id":"https:\/\/radarservice.eu\/ro\/#website"},"primaryImageOfPage":{"@id":"https:\/\/radarservice.eu\/ro\/produs\/interfata-canbus-pentru-vehicule-mercedes-benz\/#primaryimage"},"image":{"@id":"https:\/\/radarservice.eu\/ro\/produs\/interfata-canbus-pentru-vehicule-mercedes-benz\/#primaryimage"},"thumbnailUrl":"https:\/\/radarservice.eu\/wp-content\/uploads\/2020\/09\/canbus_mercedes_beltronics.jpg","datePublished":"2021-04-18T15:08:10+00:00","description":"Interfa\u021b\u0103 CANbus pentru STiR Plus \u0219i Mercedes-Benz, pentru conectarea complet invizibil\u0103 a detectorului de radar la interfa\u021ba Mercedes.","breadcrumb":{"@id":"https:\/\/radarservice.eu\/ro\/produs\/interfata-canbus-pentru-vehicule-mercedes-benz\/#breadcrumb"},"inLanguage":"ro-RO","potentialAction":[{"@type":"ReadAction","target":["https:\/\/radarservice.eu\/ro\/produs\/interfata-canbus-pentru-vehicule-mercedes-benz\/"]}]},{"@type":"ImageObject","inLanguage":"ro-RO","@id":"https:\/\/radarservice.eu\/ro\/produs\/interfata-canbus-pentru-vehicule-mercedes-benz\/#primaryimage","url":"https:\/\/radarservice.eu\/wp-content\/uploads\/2020\/09\/canbus_mercedes_beltronics.jpg","contentUrl":"https:\/\/radarservice.eu\/wp-content\/uploads\/2020\/09\/canbus_mercedes_beltronics.jpg","width":712,"height":400,"caption":"Canbus Mercedes Beltronics"},{"@type":"BreadcrumbList","@id":"https:\/\/radarservice.eu\/ro\/produs\/interfata-canbus-pentru-vehicule-mercedes-benz\/#breadcrumb","itemListElement":[{"@type":"ListItem","position":1,"name":"Magazin","item":"https:\/\/radarservice.eu\/ro\/magazin\/"},{"@type":"ListItem","position":2,"name":"Interfa\u021b\u0103 CANbus pentru vehicule Mercedes-Benz"}]},{"@type":"WebSite","@id":"https:\/\/radarservice.eu\/ro\/#website","url":"https:\/\/radarservice.eu\/ro\/","name":"Radar Service","description":"Radar detector Laser jammer mobile fix","publisher":{"@id":"https:\/\/radarservice.eu\/ro\/#organization"},"potentialAction":[{"@type":"SearchAction","target":{"@type":"EntryPoint","urlTemplate":"https:\/\/radarservice.eu\/ro\/?s={search_term_string}"},"query-input":{"@type":"PropertyValueSpecification","valueRequired":true,"valueName":"search_term_string"}}],"inLanguage":"ro-RO"},{"@type":"Organization","@id":"https:\/\/radarservice.eu\/ro\/#organization","name":"RadarService","url":"https:\/\/radarservice.eu\/ro\/","logo":{"@type":"ImageObject","inLanguage":"ro-RO","@id":"https:\/\/radarservice.eu\/ro\/#\/schema\/logo\/image\/","url":"https:\/\/radarservice.eu\/wp-content\/uploads\/2021\/03\/Radar_detector_service.png","contentUrl":"https:\/\/radarservice.eu\/wp-content\/uploads\/2021\/03\/Radar_detector_service.png","width":174,"height":48,"caption":"RadarService"},"image":{"@id":"https:\/\/radarservice.eu\/ro\/#\/schema\/logo\/image\/"}}]}},"_links":{"self":[{"href":"https:\/\/radarservice.eu\/ro\/wp-json\/wp\/v2\/product\/15583","targetHints":{"allow":["GET"]}}],"collection":[{"href":"https:\/\/radarservice.eu\/ro\/wp-json\/wp\/v2\/product"}],"about":[{"href":"https:\/\/radarservice.eu\/ro\/wp-json\/wp\/v2\/types\/product"}],"replies":[{"embeddable":true,"href":"https:\/\/radarservice.eu\/ro\/wp-json\/wp\/v2\/comments?post=15583"}],"wp:featuredmedia":[{"embeddable":true,"href":"https:\/\/radarservice.eu\/ro\/wp-json\/wp\/v2\/media\/15584"}],"wp:attachment":[{"href":"https:\/\/radarservice.eu\/ro\/wp-json\/wp\/v2\/media?parent=15583"}],"wp:term":[{"taxonomy":"product_brand","embeddable":true,"href":"https:\/\/radarservice.eu\/ro\/wp-json\/wp\/v2\/product_brand?post=15583"},{"taxonomy":"product_cat","embeddable":true,"href":"https:\/\/radarservice.eu\/ro\/wp-json\/wp\/v2\/product_cat?post=15583"},{"taxonomy":"product_tag","embeddable":true,"href":"https:\/\/radarservice.eu\/ro\/wp-json\/wp\/v2\/product_tag?post=15583"}],"curies":[{"name":"wp","href":"https:\/\/api.w.org\/{rel}","templated":true}]}}