{"id":15569,"date":"2021-04-18T17:02:33","date_gmt":"2021-04-18T15:02:33","guid":{"rendered":"https:\/\/radarservice.eu\/produkt\/escort-max-360c-international\/"},"modified":"2026-02-17T00:06:39","modified_gmt":"2026-02-16T23:06:39","slug":"escort-max-360c-international","status":"publish","type":"product","link":"https:\/\/radarservice.eu\/ro\/produs\/escort-max-360c-international\/","title":{"rendered":"Escort MAX 360c Interna\u021bional"},"content":{"rendered":"<p>Scort Max 360c International dispune de un receptor radar avansat care ofer\u0103 o avertizare de lung\u0103 distan\u021b\u0103 la toate detec\u021biile de fulgere. <\/p>\n<p>Scurt MAX 360c dispune de un afi\u0219aj OLED care permite mai multe set\u0103ri de culoare. Pute\u021bi seta afi\u0219ajul pe albastru, verde, ro\u0219u sau chihlimbar. Luminozitatea afi\u0219ajului poate fi setat\u0103 pe \u00eentuneric, minim\u0103, medie, maxim\u0103 sau automat\u0103.<\/p>\n<p>.<\/p>\n<p><strong>Nota:<\/strong> Escort Max 360c are recep\u021bie laser, dar pentru o protec\u021bie sigur\u0103 \u00eempotriva laserului, v\u0103 recomand\u0103m s\u0103 utiliza\u021bi un blocant activ de laser, de exemplu Antilaser ALP Priority sau Lasertrack Flare!<\/p>\n<p><p><strong>Vizualizare general\u0103:<\/strong><br \/>\n+ detector de radar mobil cu anten\u0103 radar HD<br \/>.<br \/>\n+ Detec\u021bie CD Multaradar CD (important pentru utilizarea \u00een Austria, Olanda \u0219i Slovacia)<\/p>\n<p>.<br \/>\n+ Detectarea la 360 \u00b0 grade a tuturor surselor radar din Europa (X \/ K \/ Ka-band)<br \/>\n+ Avertizare de m\u0103sur\u0103tori cu laser<br \/>\n+ Avertizare privind sistemele sta\u021bionare de m\u0103surare a vitezei de deplasare<br \/>.<br \/>\n+ Avertisment de monitorizare a luminii ro\u0219ii<br \/>\n+ Avertisment pentru m\u0103sur\u0103torile de control al sec\u021biunii (controale de sec\u021biune)<br \/>.<br \/>\n+ Afi\u0219aj OLED cu diferite culori de fundal<br \/>.<br \/>\n+ Baza de date EUROPA pentru radare fixe de vitez\u0103<br \/>.<br \/>\n+ puncte de pericol proprii stocabile<br \/>\n+ Software de actualizare pentru Windows \u0219i Mac<\/p>\n<p><strong>Amploiul de furnizare:<\/strong><br \/>\n* Detector de radar Escort Max 360c cu receptor GPS integrat<br \/>.<br \/>\n* Accesorii pentru montarea pe parbriz (ventuze)<br \/>\n* Alimentare de 12 V cu conector pentru brichet\u0103<br \/>.<br \/>\n* Manual de instruc\u021biuni<\/p>\n","protected":false},"excerpt":{"rendered":"<p>Scort Max 360c International dispune de un receptor radar avansat care ofer\u0103 o avertizare de lung\u0103 distan\u021b\u0103 la toate detec\u021biile de fulgere. Scurt MAX 360c dispune de un afi\u0219aj OLED care permite mai multe set\u0103ri de culoare. Pute\u021bi seta afi\u0219ajul pe albastru, verde, ro\u0219u sau chihlimbar. Luminozitatea afi\u0219ajului poate fi setat\u0103 pe \u00eentuneric, minim\u0103, medie, [&#8230;]\n","protected":false},"featured_media":15570,"comment_status":"open","ping_status":"closed","template":"","meta":[],"product_brand":[],"product_cat":[1448,1449],"product_tag":[1461,1458,1459,1463,1451,1460,1462],"class_list":{"0":"post-15569","1":"product","2":"type-product","3":"status-publish","4":"has-post-thumbnail","6":"product_cat-detectoare-mobile-de-radar","7":"product_cat-escort-ro","8":"product_tag-capcana-de-viteza","9":"product_tag-detector-de-radar-mobil","10":"product_tag-escort-ro","11":"product_tag-escort-max-360c-ro","12":"product_tag-europa-ro","13":"product_tag-gps-ro","14":"product_tag-max-360c-ro","16":"first","17":"instock","18":"taxable","19":"shipping-taxable","20":"purchasable","21":"product-type-simple"},"yoast_head":"<!-- This site is optimized with the Yoast SEO plugin v27.2 - https:\/\/yoast.com\/product\/yoast-seo-wordpress\/ -->\n<title>Escort MAX 360c Interna\u021bional | Radar Service<\/title>\n<meta name=\"description\" content=\"Escort Max 360c International are o anten\u0103 radar modern\u0103 \u0219i avertizeaz\u0103 \u00een mod fiabil cu privire la radarele mobile \u0219i m\u0103sur\u0103torile cu laser.\" \/>\n<meta name=\"robots\" content=\"index, follow, max-snippet:-1, max-image-preview:large, max-video-preview:-1\" \/>\n<link rel=\"canonical\" href=\"https:\/\/radarservice.eu\/ro\/produs\/escort-max-360c-international\/\" \/>\n<meta property=\"og:locale\" content=\"ro_RO\" \/>\n<meta property=\"og:type\" content=\"article\" \/>\n<meta property=\"og:title\" content=\"Escort MAX 360c Interna\u021bional | Radar Service\" \/>\n<meta property=\"og:description\" content=\"Escort Max 360c International are o anten\u0103 radar modern\u0103 \u0219i avertizeaz\u0103 \u00een mod fiabil cu privire la radarele mobile \u0219i m\u0103sur\u0103torile cu laser.\" \/>\n<meta property=\"og:url\" content=\"https:\/\/radarservice.eu\/ro\/produs\/escort-max-360c-international\/\" \/>\n<meta property=\"og:site_name\" content=\"Radar Service\" \/>\n<meta property=\"article:modified_time\" content=\"2026-02-16T23:06:39+00:00\" \/>\n<meta property=\"og:image\" content=\"https:\/\/radarservice.eu\/wp-content\/uploads\/2020\/09\/Escort_Max_360c_International_display.png\" \/>\n\t<meta property=\"og:image:width\" content=\"800\" \/>\n\t<meta property=\"og:image:height\" content=\"800\" \/>\n\t<meta property=\"og:image:type\" content=\"image\/png\" \/>\n<meta name=\"twitter:card\" content=\"summary_large_image\" \/>\n<meta name=\"twitter:label1\" content=\"Timp estimat pentru citire\" \/>\n\t<meta name=\"twitter:data1\" content=\"1 minut\" \/>\n<script type=\"application\/ld+json\" class=\"yoast-schema-graph\">{\"@context\":\"https:\/\/schema.org\",\"@graph\":[{\"@type\":\"WebPage\",\"@id\":\"https:\/\/radarservice.eu\/ro\/produs\/escort-max-360c-international\/\",\"url\":\"https:\/\/radarservice.eu\/ro\/produs\/escort-max-360c-international\/\",\"name\":\"Escort MAX 360c Interna\u021bional | Radar Service\",\"isPartOf\":{\"@id\":\"https:\/\/radarservice.eu\/ro\/#website\"},\"primaryImageOfPage\":{\"@id\":\"https:\/\/radarservice.eu\/ro\/produs\/escort-max-360c-international\/#primaryimage\"},\"image\":{\"@id\":\"https:\/\/radarservice.eu\/ro\/produs\/escort-max-360c-international\/#primaryimage\"},\"thumbnailUrl\":\"https:\/\/radarservice.eu\/wp-content\/uploads\/2020\/09\/Escort_Max_360c_International_display.png\",\"datePublished\":\"2021-04-18T15:02:33+00:00\",\"dateModified\":\"2026-02-16T23:06:39+00:00\",\"description\":\"Escort Max 360c International are o anten\u0103 radar modern\u0103 \u0219i avertizeaz\u0103 \u00een mod fiabil cu privire la radarele mobile \u0219i m\u0103sur\u0103torile cu laser.\",\"breadcrumb\":{\"@id\":\"https:\/\/radarservice.eu\/ro\/produs\/escort-max-360c-international\/#breadcrumb\"},\"inLanguage\":\"ro-RO\",\"potentialAction\":[{\"@type\":\"ReadAction\",\"target\":[\"https:\/\/radarservice.eu\/ro\/produs\/escort-max-360c-international\/\"]}]},{\"@type\":\"ImageObject\",\"inLanguage\":\"ro-RO\",\"@id\":\"https:\/\/radarservice.eu\/ro\/produs\/escort-max-360c-international\/#primaryimage\",\"url\":\"https:\/\/radarservice.eu\/wp-content\/uploads\/2020\/09\/Escort_Max_360c_International_display.png\",\"contentUrl\":\"https:\/\/radarservice.eu\/wp-content\/uploads\/2020\/09\/Escort_Max_360c_International_display.png\",\"width\":800,\"height\":800,\"caption\":\"Escort MAX 360c Interna\u021bional\"},{\"@type\":\"BreadcrumbList\",\"@id\":\"https:\/\/radarservice.eu\/ro\/produs\/escort-max-360c-international\/#breadcrumb\",\"itemListElement\":[{\"@type\":\"ListItem\",\"position\":1,\"name\":\"Magazin\",\"item\":\"https:\/\/radarservice.eu\/ro\/magazin\/\"},{\"@type\":\"ListItem\",\"position\":2,\"name\":\"Escort MAX 360c Interna\u021bional\"}]},{\"@type\":\"WebSite\",\"@id\":\"https:\/\/radarservice.eu\/ro\/#website\",\"url\":\"https:\/\/radarservice.eu\/ro\/\",\"name\":\"Radar Service\",\"description\":\"Radar detector Laser jammer mobile fix\",\"publisher\":{\"@id\":\"https:\/\/radarservice.eu\/ro\/#organization\"},\"potentialAction\":[{\"@type\":\"SearchAction\",\"target\":{\"@type\":\"EntryPoint\",\"urlTemplate\":\"https:\/\/radarservice.eu\/ro\/?s={search_term_string}\"},\"query-input\":{\"@type\":\"PropertyValueSpecification\",\"valueRequired\":true,\"valueName\":\"search_term_string\"}}],\"inLanguage\":\"ro-RO\"},{\"@type\":\"Organization\",\"@id\":\"https:\/\/radarservice.eu\/ro\/#organization\",\"name\":\"RadarService\",\"url\":\"https:\/\/radarservice.eu\/ro\/\",\"logo\":{\"@type\":\"ImageObject\",\"inLanguage\":\"ro-RO\",\"@id\":\"https:\/\/radarservice.eu\/ro\/#\/schema\/logo\/image\/\",\"url\":\"https:\/\/radarservice.eu\/wp-content\/uploads\/2021\/03\/Radar_detector_service.png\",\"contentUrl\":\"https:\/\/radarservice.eu\/wp-content\/uploads\/2021\/03\/Radar_detector_service.png\",\"width\":174,\"height\":48,\"caption\":\"RadarService\"},\"image\":{\"@id\":\"https:\/\/radarservice.eu\/ro\/#\/schema\/logo\/image\/\"}}]}<\/script>\n<!-- \/ Yoast SEO plugin. -->","yoast_head_json":{"title":"Escort MAX 360c Interna\u021bional | Radar Service","description":"Escort Max 360c International are o anten\u0103 radar modern\u0103 \u0219i avertizeaz\u0103 \u00een mod fiabil cu privire la radarele mobile \u0219i m\u0103sur\u0103torile cu laser.","robots":{"index":"index","follow":"follow","max-snippet":"max-snippet:-1","max-image-preview":"max-image-preview:large","max-video-preview":"max-video-preview:-1"},"canonical":"https:\/\/radarservice.eu\/ro\/produs\/escort-max-360c-international\/","og_locale":"ro_RO","og_type":"article","og_title":"Escort MAX 360c Interna\u021bional | Radar Service","og_description":"Escort Max 360c International are o anten\u0103 radar modern\u0103 \u0219i avertizeaz\u0103 \u00een mod fiabil cu privire la radarele mobile \u0219i m\u0103sur\u0103torile cu laser.","og_url":"https:\/\/radarservice.eu\/ro\/produs\/escort-max-360c-international\/","og_site_name":"Radar Service","article_modified_time":"2026-02-16T23:06:39+00:00","og_image":[{"width":800,"height":800,"url":"https:\/\/radarservice.eu\/wp-content\/uploads\/2020\/09\/Escort_Max_360c_International_display.png","type":"image\/png"}],"twitter_card":"summary_large_image","twitter_misc":{"Timp estimat pentru citire":"1 minut"},"schema":{"@context":"https:\/\/schema.org","@graph":[{"@type":"WebPage","@id":"https:\/\/radarservice.eu\/ro\/produs\/escort-max-360c-international\/","url":"https:\/\/radarservice.eu\/ro\/produs\/escort-max-360c-international\/","name":"Escort MAX 360c Interna\u021bional | Radar Service","isPartOf":{"@id":"https:\/\/radarservice.eu\/ro\/#website"},"primaryImageOfPage":{"@id":"https:\/\/radarservice.eu\/ro\/produs\/escort-max-360c-international\/#primaryimage"},"image":{"@id":"https:\/\/radarservice.eu\/ro\/produs\/escort-max-360c-international\/#primaryimage"},"thumbnailUrl":"https:\/\/radarservice.eu\/wp-content\/uploads\/2020\/09\/Escort_Max_360c_International_display.png","datePublished":"2021-04-18T15:02:33+00:00","dateModified":"2026-02-16T23:06:39+00:00","description":"Escort Max 360c International are o anten\u0103 radar modern\u0103 \u0219i avertizeaz\u0103 \u00een mod fiabil cu privire la radarele mobile \u0219i m\u0103sur\u0103torile cu laser.","breadcrumb":{"@id":"https:\/\/radarservice.eu\/ro\/produs\/escort-max-360c-international\/#breadcrumb"},"inLanguage":"ro-RO","potentialAction":[{"@type":"ReadAction","target":["https:\/\/radarservice.eu\/ro\/produs\/escort-max-360c-international\/"]}]},{"@type":"ImageObject","inLanguage":"ro-RO","@id":"https:\/\/radarservice.eu\/ro\/produs\/escort-max-360c-international\/#primaryimage","url":"https:\/\/radarservice.eu\/wp-content\/uploads\/2020\/09\/Escort_Max_360c_International_display.png","contentUrl":"https:\/\/radarservice.eu\/wp-content\/uploads\/2020\/09\/Escort_Max_360c_International_display.png","width":800,"height":800,"caption":"Escort MAX 360c Interna\u021bional"},{"@type":"BreadcrumbList","@id":"https:\/\/radarservice.eu\/ro\/produs\/escort-max-360c-international\/#breadcrumb","itemListElement":[{"@type":"ListItem","position":1,"name":"Magazin","item":"https:\/\/radarservice.eu\/ro\/magazin\/"},{"@type":"ListItem","position":2,"name":"Escort MAX 360c Interna\u021bional"}]},{"@type":"WebSite","@id":"https:\/\/radarservice.eu\/ro\/#website","url":"https:\/\/radarservice.eu\/ro\/","name":"Radar Service","description":"Radar detector Laser jammer mobile fix","publisher":{"@id":"https:\/\/radarservice.eu\/ro\/#organization"},"potentialAction":[{"@type":"SearchAction","target":{"@type":"EntryPoint","urlTemplate":"https:\/\/radarservice.eu\/ro\/?s={search_term_string}"},"query-input":{"@type":"PropertyValueSpecification","valueRequired":true,"valueName":"search_term_string"}}],"inLanguage":"ro-RO"},{"@type":"Organization","@id":"https:\/\/radarservice.eu\/ro\/#organization","name":"RadarService","url":"https:\/\/radarservice.eu\/ro\/","logo":{"@type":"ImageObject","inLanguage":"ro-RO","@id":"https:\/\/radarservice.eu\/ro\/#\/schema\/logo\/image\/","url":"https:\/\/radarservice.eu\/wp-content\/uploads\/2021\/03\/Radar_detector_service.png","contentUrl":"https:\/\/radarservice.eu\/wp-content\/uploads\/2021\/03\/Radar_detector_service.png","width":174,"height":48,"caption":"RadarService"},"image":{"@id":"https:\/\/radarservice.eu\/ro\/#\/schema\/logo\/image\/"}}]}},"_links":{"self":[{"href":"https:\/\/radarservice.eu\/ro\/wp-json\/wp\/v2\/product\/15569","targetHints":{"allow":["GET"]}}],"collection":[{"href":"https:\/\/radarservice.eu\/ro\/wp-json\/wp\/v2\/product"}],"about":[{"href":"https:\/\/radarservice.eu\/ro\/wp-json\/wp\/v2\/types\/product"}],"replies":[{"embeddable":true,"href":"https:\/\/radarservice.eu\/ro\/wp-json\/wp\/v2\/comments?post=15569"}],"wp:featuredmedia":[{"embeddable":true,"href":"https:\/\/radarservice.eu\/ro\/wp-json\/wp\/v2\/media\/15570"}],"wp:attachment":[{"href":"https:\/\/radarservice.eu\/ro\/wp-json\/wp\/v2\/media?parent=15569"}],"wp:term":[{"taxonomy":"product_brand","embeddable":true,"href":"https:\/\/radarservice.eu\/ro\/wp-json\/wp\/v2\/product_brand?post=15569"},{"taxonomy":"product_cat","embeddable":true,"href":"https:\/\/radarservice.eu\/ro\/wp-json\/wp\/v2\/product_cat?post=15569"},{"taxonomy":"product_tag","embeddable":true,"href":"https:\/\/radarservice.eu\/ro\/wp-json\/wp\/v2\/product_tag?post=15569"}],"curies":[{"name":"wp","href":"https:\/\/api.w.org\/{rel}","templated":true}]}}