{"id":15557,"date":"2021-04-18T13:37:45","date_gmt":"2021-04-18T11:37:45","guid":{"rendered":"https:\/\/radarservice.eu\/produkt\/genevo-ff-laser-jammer-laser-blocker\/"},"modified":"2021-04-18T13:37:45","modified_gmt":"2021-04-18T11:37:45","slug":"genevo-ff-laser-jammer-laser-blocker","status":"publish","type":"product","link":"https:\/\/radarservice.eu\/ro\/produs\/genevo-ff-laser-jammer-laser-blocker\/","title":{"rendered":"Genevo FF Laser jammer | Laser blocker"},"content":{"rendered":"<p>Noul sistem laser Genevo FF poate fi folosit at\u00e2t ca senzor de parcare legal\u0103 \u0219i\/sau ca dispozitiv de bruiaj laser \u00eempotriva m\u0103sur\u0103torilor de vitez\u0103 cu pistoale laser.<br \/>.<br \/>\nDesignul foarte mic al senzorilor \u0219i suportul de pl\u0103cu\u021b\u0103 de \u00eenmatriculare Genevo special dezvoltat pentru instalarea invizibil\u0103 standard permit pentru prima dat\u0103 o instalare complet invizibil\u0103 \u0219i \u00een acela\u0219i timp simpl\u0103 a senzorilor de parcare \u0219i a senzorilor de bruiaj cu laser.<br \/>.<br \/>\nFunc\u021bia de bruiaj cu laser poate fi, de asemenea, dezactivat\u0103 irevocabil prin simpla ap\u0103sare a unui buton \u0219i \u00een conformitate cu StVO. Astfel, func\u021bionarea legal\u0103 poate fi stabilit\u0103 \u00een orice moment.<\/p>\n<p>.<\/p>\n<p><strong>Nota:<\/strong> Pentru a acoperi complet suprafa\u021ba vehiculului, recomand\u0103m pentru utilizarea pe o ma\u0219in\u0103 sau SUV versiunea Genevo FF2 cu 2 senzori.<br \/>\nDac\u0103 dori\u021bi s\u0103 proteja\u021bi \u0219i partea din spate a vehiculului, pe l\u00e2ng\u0103 partea din fa\u021b\u0103, v\u0103 recomand\u0103m versiunea FF2x2 pentru autoturisme sau SUV-uri.<br \/>.<br \/>\nMotocicletele au nevoie doar de versiunea simpl\u0103 Genevo FF cu un senzor sau Genevo FF2 pentru protec\u021bia din fa\u021b\u0103 \u0219i din spate.<br \/>.<br \/>\nVersiunea Genevo FF4 cu 4 senzori este recomandat\u0103 pentru camioane \u0219i autocare, iar pentru protec\u021bia din fa\u021b\u0103 \u0219i din spate, versiunea FF4x4 cu 8 senzori.<\/p>\n<p>.<\/p>\n<p><strong>Vizualizare general\u0103:<\/strong><br \/>\n+ cei mai mici senzori laser de pe pia\u021b\u0103<br \/>.<br \/>\n+ suport special pentru pl\u0103cu\u021ba de \u00eenmatriculare pentru o instalare u\u0219oar\u0103 &amp; instalare invizibil\u0103 (dimensiuni suport: 520mm x 110mm &#8211; standard UE, nu este potrivit pentru Austria)<br \/>.<br \/>\n+ poate fi utilizat ca asistent de parcare asistat de laser<br \/>.<br \/>\n+ Avertizare laser sau interferen\u021b\u0103 laser activ\u0103 \u00eempotriva tuturor m\u0103sur\u0103torilor cu laser<br \/>.<br \/>\n+ Func\u021bionarea legal\u0103 ca asistent de parcare poate fi activat\u0103 prin simpla ap\u0103sare a unui buton<br \/>.<br \/>\n+ Certificat CE \u0219i marca de testare E<\/p>\n<p><strong>Amploiul de furnizare:<\/strong><br \/>\n* Senzori laser (da, dup\u0103 selec\u021bia 1 \/ 2 \/ 4 sau 8 senzori)<br \/>.<br \/>\n* Unitate de control<br \/>\n* Set de cabluri, inclusiv difuzor \u0219i LED<\/p>\n","protected":false},"excerpt":{"rendered":"<p>Noul sistem laser Genevo FF poate fi folosit at\u00e2t ca senzor de parcare legal\u0103 \u0219i\/sau ca dispozitiv de bruiaj laser \u00eempotriva m\u0103sur\u0103torilor de vitez\u0103 cu pistoale laser.. Designul foarte mic al senzorilor \u0219i suportul de pl\u0103cu\u021b\u0103 de \u00eenmatriculare Genevo special dezvoltat pentru instalarea invizibil\u0103 standard permit pentru prima dat\u0103 o instalare complet invizibil\u0103 \u0219i \u00een [&#8230;]\n","protected":false},"featured_media":15558,"comment_status":"open","ping_status":"closed","template":"","meta":[],"product_brand":[],"product_cat":[1442,1441],"product_tag":[1444,1445,1443,1447,1446],"class_list":{"0":"post-15557","1":"product","2":"type-product","3":"status-publish","4":"has-post-thumbnail","6":"product_cat-genevo-ro","7":"product_cat-interferentialul-laser","8":"product_tag-blocator-laser","9":"product_tag-genevo-ff-ro","10":"product_tag-interferentialul-laser","11":"product_tag-senzori-de-parcare","12":"product_tag-senzori-laser","14":"first","15":"onbackorder","16":"taxable","17":"shipping-taxable","18":"purchasable","19":"product-type-simple"},"yoast_head":"<!-- This site is optimized with the Yoast SEO plugin v27.2 - https:\/\/yoast.com\/product\/yoast-seo-wordpress\/ -->\n<title>Genevo FF Laser jammer | Laser blocker | Radar Service<\/title>\n<meta name=\"description\" content=\"Der Genevo FF Antilaser kann als legaler Parksensor und Laserblocker gegen Geschwindigkeitsmessungen mit Laserpistolen eingesetzt werden.\" \/>\n<meta name=\"robots\" content=\"index, follow, max-snippet:-1, max-image-preview:large, max-video-preview:-1\" \/>\n<link rel=\"canonical\" href=\"https:\/\/radarservice.eu\/ro\/produs\/genevo-ff-laser-jammer-laser-blocker\/\" \/>\n<meta property=\"og:locale\" content=\"ro_RO\" \/>\n<meta property=\"og:type\" content=\"article\" \/>\n<meta property=\"og:title\" content=\"Genevo FF Laser jammer | Laser blocker | Radar Service\" \/>\n<meta property=\"og:description\" content=\"Der Genevo FF Antilaser kann als legaler Parksensor und Laserblocker gegen Geschwindigkeitsmessungen mit Laserpistolen eingesetzt werden.\" \/>\n<meta property=\"og:url\" content=\"https:\/\/radarservice.eu\/ro\/produs\/genevo-ff-laser-jammer-laser-blocker\/\" \/>\n<meta property=\"og:site_name\" content=\"Radar Service\" \/>\n<meta property=\"og:image\" content=\"https:\/\/radarservice.eu\/wp-content\/uploads\/2020\/09\/GENEVO_FF_Nummerschildhalterung.png\" \/>\n\t<meta property=\"og:image:width\" content=\"725\" \/>\n\t<meta property=\"og:image:height\" content=\"472\" \/>\n\t<meta property=\"og:image:type\" content=\"image\/png\" \/>\n<meta name=\"twitter:card\" content=\"summary_large_image\" \/>\n<meta name=\"twitter:label1\" content=\"Timp estimat pentru citire\" \/>\n\t<meta name=\"twitter:data1\" content=\"2 minute\" \/>\n<script type=\"application\/ld+json\" class=\"yoast-schema-graph\">{\"@context\":\"https:\/\/schema.org\",\"@graph\":[{\"@type\":\"WebPage\",\"@id\":\"https:\/\/radarservice.eu\/ro\/produs\/genevo-ff-laser-jammer-laser-blocker\/\",\"url\":\"https:\/\/radarservice.eu\/ro\/produs\/genevo-ff-laser-jammer-laser-blocker\/\",\"name\":\"Genevo FF Laser jammer | Laser blocker | Radar Service\",\"isPartOf\":{\"@id\":\"https:\/\/radarservice.eu\/ro\/#website\"},\"primaryImageOfPage\":{\"@id\":\"https:\/\/radarservice.eu\/ro\/produs\/genevo-ff-laser-jammer-laser-blocker\/#primaryimage\"},\"image\":{\"@id\":\"https:\/\/radarservice.eu\/ro\/produs\/genevo-ff-laser-jammer-laser-blocker\/#primaryimage\"},\"thumbnailUrl\":\"https:\/\/radarservice.eu\/wp-content\/uploads\/2020\/09\/GENEVO_FF_Nummerschildhalterung.png\",\"datePublished\":\"2021-04-18T11:37:45+00:00\",\"description\":\"Der Genevo FF Antilaser kann als legaler Parksensor und Laserblocker gegen Geschwindigkeitsmessungen mit Laserpistolen eingesetzt werden.\",\"breadcrumb\":{\"@id\":\"https:\/\/radarservice.eu\/ro\/produs\/genevo-ff-laser-jammer-laser-blocker\/#breadcrumb\"},\"inLanguage\":\"ro-RO\",\"potentialAction\":[{\"@type\":\"ReadAction\",\"target\":[\"https:\/\/radarservice.eu\/ro\/produs\/genevo-ff-laser-jammer-laser-blocker\/\"]}]},{\"@type\":\"ImageObject\",\"inLanguage\":\"ro-RO\",\"@id\":\"https:\/\/radarservice.eu\/ro\/produs\/genevo-ff-laser-jammer-laser-blocker\/#primaryimage\",\"url\":\"https:\/\/radarservice.eu\/wp-content\/uploads\/2020\/09\/GENEVO_FF_Nummerschildhalterung.png\",\"contentUrl\":\"https:\/\/radarservice.eu\/wp-content\/uploads\/2020\/09\/GENEVO_FF_Nummerschildhalterung.png\",\"width\":725,\"height\":472,\"caption\":\"GENEVO FF Suport de pl\u0103cu\u021b\u0103 de \u00eenmatriculare\"},{\"@type\":\"BreadcrumbList\",\"@id\":\"https:\/\/radarservice.eu\/ro\/produs\/genevo-ff-laser-jammer-laser-blocker\/#breadcrumb\",\"itemListElement\":[{\"@type\":\"ListItem\",\"position\":1,\"name\":\"Magazin\",\"item\":\"https:\/\/radarservice.eu\/ro\/magazin\/\"},{\"@type\":\"ListItem\",\"position\":2,\"name\":\"Genevo FF Laser jammer | Laser blocker\"}]},{\"@type\":\"WebSite\",\"@id\":\"https:\/\/radarservice.eu\/ro\/#website\",\"url\":\"https:\/\/radarservice.eu\/ro\/\",\"name\":\"Radar Service\",\"description\":\"Radar detector Laser jammer mobile fix\",\"publisher\":{\"@id\":\"https:\/\/radarservice.eu\/ro\/#organization\"},\"potentialAction\":[{\"@type\":\"SearchAction\",\"target\":{\"@type\":\"EntryPoint\",\"urlTemplate\":\"https:\/\/radarservice.eu\/ro\/?s={search_term_string}\"},\"query-input\":{\"@type\":\"PropertyValueSpecification\",\"valueRequired\":true,\"valueName\":\"search_term_string\"}}],\"inLanguage\":\"ro-RO\"},{\"@type\":\"Organization\",\"@id\":\"https:\/\/radarservice.eu\/ro\/#organization\",\"name\":\"RadarService\",\"url\":\"https:\/\/radarservice.eu\/ro\/\",\"logo\":{\"@type\":\"ImageObject\",\"inLanguage\":\"ro-RO\",\"@id\":\"https:\/\/radarservice.eu\/ro\/#\/schema\/logo\/image\/\",\"url\":\"https:\/\/radarservice.eu\/wp-content\/uploads\/2021\/03\/Radar_detector_service.png\",\"contentUrl\":\"https:\/\/radarservice.eu\/wp-content\/uploads\/2021\/03\/Radar_detector_service.png\",\"width\":174,\"height\":48,\"caption\":\"RadarService\"},\"image\":{\"@id\":\"https:\/\/radarservice.eu\/ro\/#\/schema\/logo\/image\/\"}}]}<\/script>\n<!-- \/ Yoast SEO plugin. -->","yoast_head_json":{"title":"Genevo FF Laser jammer | Laser blocker | Radar Service","description":"Der Genevo FF Antilaser kann als legaler Parksensor und Laserblocker gegen Geschwindigkeitsmessungen mit Laserpistolen eingesetzt werden.","robots":{"index":"index","follow":"follow","max-snippet":"max-snippet:-1","max-image-preview":"max-image-preview:large","max-video-preview":"max-video-preview:-1"},"canonical":"https:\/\/radarservice.eu\/ro\/produs\/genevo-ff-laser-jammer-laser-blocker\/","og_locale":"ro_RO","og_type":"article","og_title":"Genevo FF Laser jammer | Laser blocker | Radar Service","og_description":"Der Genevo FF Antilaser kann als legaler Parksensor und Laserblocker gegen Geschwindigkeitsmessungen mit Laserpistolen eingesetzt werden.","og_url":"https:\/\/radarservice.eu\/ro\/produs\/genevo-ff-laser-jammer-laser-blocker\/","og_site_name":"Radar Service","og_image":[{"width":725,"height":472,"url":"https:\/\/radarservice.eu\/wp-content\/uploads\/2020\/09\/GENEVO_FF_Nummerschildhalterung.png","type":"image\/png"}],"twitter_card":"summary_large_image","twitter_misc":{"Timp estimat pentru citire":"2 minute"},"schema":{"@context":"https:\/\/schema.org","@graph":[{"@type":"WebPage","@id":"https:\/\/radarservice.eu\/ro\/produs\/genevo-ff-laser-jammer-laser-blocker\/","url":"https:\/\/radarservice.eu\/ro\/produs\/genevo-ff-laser-jammer-laser-blocker\/","name":"Genevo FF Laser jammer | Laser blocker | Radar Service","isPartOf":{"@id":"https:\/\/radarservice.eu\/ro\/#website"},"primaryImageOfPage":{"@id":"https:\/\/radarservice.eu\/ro\/produs\/genevo-ff-laser-jammer-laser-blocker\/#primaryimage"},"image":{"@id":"https:\/\/radarservice.eu\/ro\/produs\/genevo-ff-laser-jammer-laser-blocker\/#primaryimage"},"thumbnailUrl":"https:\/\/radarservice.eu\/wp-content\/uploads\/2020\/09\/GENEVO_FF_Nummerschildhalterung.png","datePublished":"2021-04-18T11:37:45+00:00","description":"Der Genevo FF Antilaser kann als legaler Parksensor und Laserblocker gegen Geschwindigkeitsmessungen mit Laserpistolen eingesetzt werden.","breadcrumb":{"@id":"https:\/\/radarservice.eu\/ro\/produs\/genevo-ff-laser-jammer-laser-blocker\/#breadcrumb"},"inLanguage":"ro-RO","potentialAction":[{"@type":"ReadAction","target":["https:\/\/radarservice.eu\/ro\/produs\/genevo-ff-laser-jammer-laser-blocker\/"]}]},{"@type":"ImageObject","inLanguage":"ro-RO","@id":"https:\/\/radarservice.eu\/ro\/produs\/genevo-ff-laser-jammer-laser-blocker\/#primaryimage","url":"https:\/\/radarservice.eu\/wp-content\/uploads\/2020\/09\/GENEVO_FF_Nummerschildhalterung.png","contentUrl":"https:\/\/radarservice.eu\/wp-content\/uploads\/2020\/09\/GENEVO_FF_Nummerschildhalterung.png","width":725,"height":472,"caption":"GENEVO FF Suport de pl\u0103cu\u021b\u0103 de \u00eenmatriculare"},{"@type":"BreadcrumbList","@id":"https:\/\/radarservice.eu\/ro\/produs\/genevo-ff-laser-jammer-laser-blocker\/#breadcrumb","itemListElement":[{"@type":"ListItem","position":1,"name":"Magazin","item":"https:\/\/radarservice.eu\/ro\/magazin\/"},{"@type":"ListItem","position":2,"name":"Genevo FF Laser jammer | Laser blocker"}]},{"@type":"WebSite","@id":"https:\/\/radarservice.eu\/ro\/#website","url":"https:\/\/radarservice.eu\/ro\/","name":"Radar Service","description":"Radar detector Laser jammer mobile fix","publisher":{"@id":"https:\/\/radarservice.eu\/ro\/#organization"},"potentialAction":[{"@type":"SearchAction","target":{"@type":"EntryPoint","urlTemplate":"https:\/\/radarservice.eu\/ro\/?s={search_term_string}"},"query-input":{"@type":"PropertyValueSpecification","valueRequired":true,"valueName":"search_term_string"}}],"inLanguage":"ro-RO"},{"@type":"Organization","@id":"https:\/\/radarservice.eu\/ro\/#organization","name":"RadarService","url":"https:\/\/radarservice.eu\/ro\/","logo":{"@type":"ImageObject","inLanguage":"ro-RO","@id":"https:\/\/radarservice.eu\/ro\/#\/schema\/logo\/image\/","url":"https:\/\/radarservice.eu\/wp-content\/uploads\/2021\/03\/Radar_detector_service.png","contentUrl":"https:\/\/radarservice.eu\/wp-content\/uploads\/2021\/03\/Radar_detector_service.png","width":174,"height":48,"caption":"RadarService"},"image":{"@id":"https:\/\/radarservice.eu\/ro\/#\/schema\/logo\/image\/"}}]}},"_links":{"self":[{"href":"https:\/\/radarservice.eu\/ro\/wp-json\/wp\/v2\/product\/15557","targetHints":{"allow":["GET"]}}],"collection":[{"href":"https:\/\/radarservice.eu\/ro\/wp-json\/wp\/v2\/product"}],"about":[{"href":"https:\/\/radarservice.eu\/ro\/wp-json\/wp\/v2\/types\/product"}],"replies":[{"embeddable":true,"href":"https:\/\/radarservice.eu\/ro\/wp-json\/wp\/v2\/comments?post=15557"}],"wp:featuredmedia":[{"embeddable":true,"href":"https:\/\/radarservice.eu\/ro\/wp-json\/wp\/v2\/media\/15558"}],"wp:attachment":[{"href":"https:\/\/radarservice.eu\/ro\/wp-json\/wp\/v2\/media?parent=15557"}],"wp:term":[{"taxonomy":"product_brand","embeddable":true,"href":"https:\/\/radarservice.eu\/ro\/wp-json\/wp\/v2\/product_brand?post=15557"},{"taxonomy":"product_cat","embeddable":true,"href":"https:\/\/radarservice.eu\/ro\/wp-json\/wp\/v2\/product_cat?post=15557"},{"taxonomy":"product_tag","embeddable":true,"href":"https:\/\/radarservice.eu\/ro\/wp-json\/wp\/v2\/product_tag?post=15557"}],"curies":[{"name":"wp","href":"https:\/\/api.w.org\/{rel}","templated":true}]}}