{"id":17744,"date":"2022-03-24T12:27:32","date_gmt":"2022-03-24T11:27:32","guid":{"rendered":"https:\/\/radarservice.eu\/anulare\/"},"modified":"2022-03-24T12:27:32","modified_gmt":"2022-03-24T11:27:32","slug":"anulare","status":"publish","type":"page","link":"https:\/\/radarservice.eu\/ro\/anulare\/","title":{"rendered":"Anulare"},"content":{"rendered":"\n<h1 class=\"wp-block-heading\">Politica de anulare \u0219i formularul de anulare<\/h1>\n\n<p>Consumatorii au dreptul la un drept de retragere \u00een conformitate cu urm\u0103toarele dispozi\u021bii, prin care un consumator este orice persoan\u0103 fizic\u0103 care \u00eencheie o tranzac\u021bie juridic\u0103 \u00een scopuri care nu pot fi atribuite \u00een principal nici activit\u0103\u021bii lor comerciale, nici activit\u0103\u021bii lor profesionale independente:<\/p>\n\n<h2 class=\"wp-block-heading\">A. Politica de anulare<\/h2>\n\n<h3 class=\"wp-block-heading\">Retragere<\/h3>\n\n<p>Ave\u021bi dreptul de a revoca acest contract \u00een termen de paisprezece zile, f\u0103r\u0103 a oferi motive.<\/p>\n\n<p>Perioada de revocare este de paisprezece zile de la data la care dumneavoastr\u0103 sau o ter\u021b\u0103 parte numit\u0103 de dumneavoastr\u0103, care nu este transportatorul, a\u021bi intrat \u00een posesia ultimelor bunuri.<\/p>\n\n<p>Pentru a v\u0103 exercita dreptul de retragere, trebuie s\u0103 ne informa\u021bi (RadarService, Am Stadtwald 7, 19205 Gadebusch, Germania, e-mail: widerruf@radarservice.eu) cu privire la decizia dumneavoastr\u0103 de a revoca acest contract printr-o declara\u021bie clar\u0103 (e.B. o scrisoare trimis\u0103 prin po\u0219t\u0103 sau e-mail). Pute\u021bi utiliza formularul de retragere a modelului ata\u0219at, dar acest lucru nu este obligatoriu.<\/p>\n\n<p>Pentru a respecta perioada de revocare, este suficient s\u0103 trimite\u021bi notificarea privind exercitarea dreptului de revocare \u00eenainte de expirarea perioadei de revocare.<\/p>\n\n<h3 class=\"wp-block-heading\">Consecin\u021bele revoc\u0103rii<\/h3>\n\n<p>Dac\u0103 v\u0103 retrage\u021bi din acest contract, v\u0103 vom rambursa toate pl\u0103\u021bile pe care le-am primit de la dvs., inclusiv costurile de livrare (cu excep\u021bia costurilor suplimentare care rezult\u0103 din faptul c\u0103 a\u021bi ales un alt tip de livrare dec\u00e2t cea mai ieftin\u0103 livrare standard oferit\u0103 de noi), imediat \u0219i cel t\u00e2rziu \u00een termen de paisprezece zile de la data la care am primit notificarea revoc\u0103rii acestui contract. Pentru aceast\u0103 rambursare, vom folosi acelea\u0219i mijloace de plat\u0103 pe care le-a\u021bi utilizat pentru tranzac\u021bia ini\u021bial\u0103, cu excep\u021bia cazului \u00een care s-a convenit altfel \u00een mod expres cu dvs.; \u00een nici un caz nu vi se vor percepe taxe pentru aceast\u0103 rambursare. Este posibil s\u0103 re\u021binem rambursarea p\u00e2n\u0103 c\u00e2nd primim bunurile \u00eenapoi sau p\u00e2n\u0103 c\u00e2nd a\u021bi furnizat dovada c\u0103 a\u021bi returnat bunurile, oricare dintre acestea este mai devreme.<\/p>\n\n<p>Trebuie s\u0103 ne returna\u021bi sau s\u0103 ne preda\u021bi bunurile imediat \u0219i, \u00een orice caz, cel t\u00e2rziu \u00een termen de paisprezece zile de la data la care ne informa\u021bi cu privire la revocarea acestui contract. Termenul este respectat dac\u0103 trimite\u021bi bunurile \u00eenainte de expirarea perioadei de paisprezece zile.<\/p>\n\n<p>Suporta\u021bi costurile directe de returnare a bunurilor.<\/p>\n\n<p>Trebuie s\u0103 pl\u0103ti\u021bi pentru orice pierdere de valoare a bunurilor numai dac\u0103 aceast\u0103 pierdere de valoare se datoreaz\u0103 manipul\u0103rii bunurilor care nu este necesar\u0103 pentru a verifica natura, caracteristicile \u0219i func\u021bionarea m\u0103rfurilor.<\/p>\n\n<h2 class=\"wp-block-heading\">B. Formularul de retragere<\/h2>\n\n<p>Dac\u0103 dori\u021bi s\u0103 anula\u021bi contractul, v\u0103 rug\u0103m s\u0103 completa\u021bi acest formular \u0219i s\u0103 \u00eel trimite\u021bi \u00eenapoi.<\/p>\n\n<p>La<\/p>\n\n<p>RadarService<br\/>  Am Stadtwald 7<br\/>  19205 Gadebusch<br\/>  Germania<br\/>  E-mail: widerruf@radarservice.eu<\/p>\n\n<p>Prin prezenta, revoc\u0103m contractul \u00eencheiat de mine\/noi (*) pentru achizi\u021bionarea urm\u0103toarelor bunuri (*)\/prestarea urm\u0103torului serviciu (*)<\/p>\n\n<p>_______________________________________________________<\/p>\n\n<p>_______________________________________________________<\/p>\n\n<p>Comandat la data de (*) ________ \/ primit pe (*) __<\/p>\n\n<p>________________________________________________________<br\/>\nNumele consumatorului (consumatorilor)<\/p>\n\n<p>________________________________________________________<br\/>\nAdresa consumatorului (consumatorilor)<\/p>\n\n<p>________________________________________________________<br\/>\nSemn\u0103tura consumatorului (consumatorilor) (numai \u00een cazul notific\u0103rii pe suport de h\u00e2rtie)<\/p>\n\n<p>_________________________<br\/>\nDat\u0103<\/p>\n\n<p>(*) Se elimin\u0103, dup\u0103 caz<\/p>\n","protected":false},"excerpt":{"rendered":"<p>Politica de anulare \u0219i formularul de anulare Consumatorii au dreptul la un drept de retragere \u00een conformitate cu urm\u0103toarele dispozi\u021bii, prin care un consumator este orice persoan\u0103 fizic\u0103 care \u00eencheie o tranzac\u021bie juridic\u0103 \u00een scopuri care nu pot fi atribuite \u00een principal nici activit\u0103\u021bii lor comerciale, nici activit\u0103\u021bii lor profesionale independente: A. Politica de anulare [&#8230;]\n","protected":false},"author":1,"featured_media":0,"parent":0,"menu_order":820,"comment_status":"closed","ping_status":"closed","template":"","meta":{"footnotes":""},"class_list":["post-17744","page","type-page","status-publish","hentry"],"yoast_head":"<!-- This site is optimized with the Yoast SEO plugin v27.2 - https:\/\/yoast.com\/product\/yoast-seo-wordpress\/ -->\n<title>Anulare | Radar Service<\/title>\n<meta name=\"description\" content=\"Anulare | Radar Service\" \/>\n<meta name=\"robots\" content=\"noindex, nofollow\" \/>\n<meta property=\"og:locale\" content=\"ro_RO\" \/>\n<meta property=\"og:type\" content=\"article\" \/>\n<meta property=\"og:title\" content=\"Anulare | Radar Service\" \/>\n<meta property=\"og:description\" content=\"Anulare | Radar Service\" \/>\n<meta property=\"og:url\" content=\"https:\/\/radarservice.eu\/ro\/anulare\/\" \/>\n<meta property=\"og:site_name\" content=\"Radar Service\" \/>\n<meta name=\"twitter:card\" content=\"summary_large_image\" \/>\n<meta name=\"twitter:label1\" content=\"Timp estimat pentru citire\" \/>\n\t<meta name=\"twitter:data1\" content=\"3 minute\" \/>\n<script type=\"application\/ld+json\" class=\"yoast-schema-graph\">{\"@context\":\"https:\/\/schema.org\",\"@graph\":[{\"@type\":\"WebPage\",\"@id\":\"https:\/\/radarservice.eu\/ro\/anulare\/\",\"url\":\"https:\/\/radarservice.eu\/ro\/anulare\/\",\"name\":\"Anulare | Radar Service\",\"isPartOf\":{\"@id\":\"https:\/\/radarservice.eu\/ro\/#website\"},\"datePublished\":\"2022-03-24T11:27:32+00:00\",\"description\":\"Anulare | Radar Service\",\"inLanguage\":\"ro-RO\",\"potentialAction\":[{\"@type\":\"ReadAction\",\"target\":[\"https:\/\/radarservice.eu\/ro\/anulare\/\"]}]},{\"@type\":\"WebSite\",\"@id\":\"https:\/\/radarservice.eu\/ro\/#website\",\"url\":\"https:\/\/radarservice.eu\/ro\/\",\"name\":\"Radar Service\",\"description\":\"Radar detector Laser jammer mobile fix\",\"publisher\":{\"@id\":\"https:\/\/radarservice.eu\/ro\/#organization\"},\"potentialAction\":[{\"@type\":\"SearchAction\",\"target\":{\"@type\":\"EntryPoint\",\"urlTemplate\":\"https:\/\/radarservice.eu\/ro\/?s={search_term_string}\"},\"query-input\":{\"@type\":\"PropertyValueSpecification\",\"valueRequired\":true,\"valueName\":\"search_term_string\"}}],\"inLanguage\":\"ro-RO\"},{\"@type\":\"Organization\",\"@id\":\"https:\/\/radarservice.eu\/ro\/#organization\",\"name\":\"RadarService\",\"url\":\"https:\/\/radarservice.eu\/ro\/\",\"logo\":{\"@type\":\"ImageObject\",\"inLanguage\":\"ro-RO\",\"@id\":\"https:\/\/radarservice.eu\/ro\/#\/schema\/logo\/image\/\",\"url\":\"https:\/\/radarservice.eu\/wp-content\/uploads\/2021\/03\/Radar_detector_service.png\",\"contentUrl\":\"https:\/\/radarservice.eu\/wp-content\/uploads\/2021\/03\/Radar_detector_service.png\",\"width\":174,\"height\":48,\"caption\":\"RadarService\"},\"image\":{\"@id\":\"https:\/\/radarservice.eu\/ro\/#\/schema\/logo\/image\/\"}}]}<\/script>\n<!-- \/ Yoast SEO plugin. -->","yoast_head_json":{"title":"Anulare | Radar Service","description":"Anulare | Radar Service","robots":{"index":"noindex","follow":"nofollow"},"og_locale":"ro_RO","og_type":"article","og_title":"Anulare | Radar Service","og_description":"Anulare | Radar Service","og_url":"https:\/\/radarservice.eu\/ro\/anulare\/","og_site_name":"Radar Service","twitter_card":"summary_large_image","twitter_misc":{"Timp estimat pentru citire":"3 minute"},"schema":{"@context":"https:\/\/schema.org","@graph":[{"@type":"WebPage","@id":"https:\/\/radarservice.eu\/ro\/anulare\/","url":"https:\/\/radarservice.eu\/ro\/anulare\/","name":"Anulare | Radar Service","isPartOf":{"@id":"https:\/\/radarservice.eu\/ro\/#website"},"datePublished":"2022-03-24T11:27:32+00:00","description":"Anulare | Radar Service","inLanguage":"ro-RO","potentialAction":[{"@type":"ReadAction","target":["https:\/\/radarservice.eu\/ro\/anulare\/"]}]},{"@type":"WebSite","@id":"https:\/\/radarservice.eu\/ro\/#website","url":"https:\/\/radarservice.eu\/ro\/","name":"Radar Service","description":"Radar detector Laser jammer mobile fix","publisher":{"@id":"https:\/\/radarservice.eu\/ro\/#organization"},"potentialAction":[{"@type":"SearchAction","target":{"@type":"EntryPoint","urlTemplate":"https:\/\/radarservice.eu\/ro\/?s={search_term_string}"},"query-input":{"@type":"PropertyValueSpecification","valueRequired":true,"valueName":"search_term_string"}}],"inLanguage":"ro-RO"},{"@type":"Organization","@id":"https:\/\/radarservice.eu\/ro\/#organization","name":"RadarService","url":"https:\/\/radarservice.eu\/ro\/","logo":{"@type":"ImageObject","inLanguage":"ro-RO","@id":"https:\/\/radarservice.eu\/ro\/#\/schema\/logo\/image\/","url":"https:\/\/radarservice.eu\/wp-content\/uploads\/2021\/03\/Radar_detector_service.png","contentUrl":"https:\/\/radarservice.eu\/wp-content\/uploads\/2021\/03\/Radar_detector_service.png","width":174,"height":48,"caption":"RadarService"},"image":{"@id":"https:\/\/radarservice.eu\/ro\/#\/schema\/logo\/image\/"}}]}},"_links":{"self":[{"href":"https:\/\/radarservice.eu\/ro\/wp-json\/wp\/v2\/pages\/17744","targetHints":{"allow":["GET"]}}],"collection":[{"href":"https:\/\/radarservice.eu\/ro\/wp-json\/wp\/v2\/pages"}],"about":[{"href":"https:\/\/radarservice.eu\/ro\/wp-json\/wp\/v2\/types\/page"}],"author":[{"embeddable":true,"href":"https:\/\/radarservice.eu\/ro\/wp-json\/wp\/v2\/users\/1"}],"replies":[{"embeddable":true,"href":"https:\/\/radarservice.eu\/ro\/wp-json\/wp\/v2\/comments?post=17744"}],"version-history":[{"count":1,"href":"https:\/\/radarservice.eu\/ro\/wp-json\/wp\/v2\/pages\/17744\/revisions"}],"predecessor-version":[{"id":17745,"href":"https:\/\/radarservice.eu\/ro\/wp-json\/wp\/v2\/pages\/17744\/revisions\/17745"}],"wp:attachment":[{"href":"https:\/\/radarservice.eu\/ro\/wp-json\/wp\/v2\/media?parent=17744"}],"curies":[{"name":"wp","href":"https:\/\/api.w.org\/{rel}","templated":true}]}}