{"id":17711,"date":"2022-03-24T11:49:56","date_gmt":"2022-03-24T10:49:56","guid":{"rendered":"https:\/\/radarservice.eu\/termeni-si-conditii-generale\/"},"modified":"2022-03-24T11:49:58","modified_gmt":"2022-03-24T10:49:58","slug":"termeni-si-conditii-generale","status":"publish","type":"page","link":"https:\/\/radarservice.eu\/ro\/termeni-si-conditii-generale\/","title":{"rendered":"Termeni \u0219i condi\u021bii generale"},"content":{"rendered":"\n<h1 class=\"wp-block-heading\">Termeni \u0219i condi\u021bii generale cu informa\u021bii despre clien\u021bi<\/h1>\n\n<h2 class=\"wp-block-heading\">Cuprins<\/h2>\n\n<ol class=\"wp-block-list\"><li>Aplicare<\/li><li>Contract<\/li><li>Retragere<\/li><li>Pre\u021buri \u0219i termene de plat\u0103<\/li><li>Condi\u021bii de livrare \u0219i expediere<\/li><li>Proprietate<\/li><li>R\u0103spunderea pentru defecte (garan\u021bie)<\/li><li>Legea aplicabil\u0103<\/li><li>Loc<\/li><li>Solu\u021bionarea alternativ\u0103 a litigiilor<\/li><\/ol>\n\n<h2 class=\"wp-block-heading\">1) Domeniul de aplicare<\/h2>\n\n<p><strong>1.1<\/strong> Ace\u0219ti Termeni \u0219i Condi\u021bii Generale (denumi\u021bi \u00een continuare &#8222;GTC&#8221;) ai RadarService (denumi\u021bi \u00een continuare &#8222;V\u00e2nz\u0103tor&#8221;) se aplic\u0103 tuturor contractelor de livrare a bunurilor pe care un consumator sau antreprenor (denumit \u00een continuare &#8222;Client&#8221;) le \u00eencheie cu V\u00e2nz\u0103torul cu privire la bunurile prezentate de V\u00e2nz\u0103tor \u00een magazinul s\u0103u online. Includerea propriilor termeni \u0219i condi\u021bii ale clientului se opune, cu excep\u021bia cazului \u00een care s-a convenit altfel.<\/p>\n\n<p><strong>1.2<\/strong> Un consumator \u00een sensul acestor GTC este orice persoan\u0103 fizic\u0103 care \u00eencheie o tranzac\u021bie juridic\u0103 \u00een scopuri care nu pot fi atribuite \u00een principal nici activit\u0103\u021bii lor comerciale, nici activit\u0103\u021bii lor profesionale independente. Un antreprenor \u00een sensul acestor GTC este o persoan\u0103 fizic\u0103 sau juridic\u0103 sau un parteneriat cu capacitate juridic\u0103 care, la \u00eencheierea unei tranzac\u021bii juridice, ac\u021bioneaz\u0103 \u00een exercitarea activit\u0103\u021bii sale profesionale comerciale sau independente.<\/p>\n\n<h2 class=\"wp-block-heading\">2) \u00cencheierea contractului<\/h2>\n\n<p><strong>2.1<\/strong> Descrierile produselor con\u021binute \u00een magazinul online al V\u00e2nz\u0103torului nu constituie oferte obligatorii din partea V\u00e2nz\u0103torului, ci servesc la depunerea unei oferte obligatorii de c\u0103tre Client.<\/p>\n\n<p><strong>2.2<\/strong> Clientul poate depune oferta prin intermediul formularului de comanda online integrat in magazinul online al vanzatorului. Dup\u0103 plasarea bunurilor selectate \u00een co\u0219ul virtual de cump\u0103r\u0103turi \u0219i parcurgerea procesului de comand\u0103 electronic\u0103, clientul depune o ofert\u0103 contractual\u0103 obligatorie din punct de vedere juridic cu privire la bunurile con\u021binute \u00een co\u0219ul de cump\u0103r\u0103turi, f\u0103c\u00e2nd clic pe butonul care \u00eencheie procesul de comand\u0103. \u00cen plus, clientul poate, de asemenea, s\u0103 trimit\u0103 oferta v\u00e2nz\u0103torului prin telefon, e-mail sau formular de contact online.<\/p>\n\n<p><strong>2.3<\/strong> V\u00e2nz\u0103torul poate accepta oferta Clientului \u00een termen de cinci zile,<\/p>\n\n<ul class=\"wp-block-list\"><li>prin trimiterea c\u0103tre client a unei confirm\u0103ri scrise a comenzii sau a unei confirm\u0103ri a comenzii \u00een format text (fax sau e-mail), prin care primirea confirm\u0103rii comenzii de c\u0103tre client este decisiv\u0103 \u00een acest sens sau<\/li><li>prin livrarea bunurilor comandate c\u0103tre client, prin care primirea bunurilor de c\u0103tre client este decisiv\u0103 \u00een acest sens sau<\/li><li>prin solicitarea pl\u0103\u021bii de la client dup\u0103 plasarea comenzii.<\/li><\/ul>\n\n<p>Dac\u0103 exist\u0103 mai multe dintre alternativele men\u021bionate mai sus, contractul este \u00eencheiat \u00een momentul \u00een care apare pentru prima dat\u0103 una dintre alternativele men\u021bionate mai sus. Perioada de acceptare a ofertei \u00eencepe \u00een ziua urm\u0103toare trimiterii ofertei de c\u0103tre client \u0219i se \u00eencheie cu expirarea celei de-a cincea zile de la expedierea ofertei. \u00cen cazul \u00een care v\u00e2nz\u0103torul nu accept\u0103 oferta clientului \u00een perioada men\u021bionat\u0103 mai sus, aceasta va fi considerat\u0103 o respingere a ofertei cu consecin\u021ba c\u0103 clientul nu mai este obligat prin declara\u021bia sa de inten\u021bie.<\/p>\n\n<p><strong>2.4<\/strong>Dac\u0103 este selectat\u0103 metoda de plat\u0103 &#8222;Amazon Payments&#8221;, plata este procesat\u0103 de furnizorul de servicii de plat\u0103 Amazon Payments Europe s.c.a., 38 avenue John F. Kennedy, L-1855 Luxembourg (denumit\u0103 \u00een continuare: &#8222;Amazon&#8221;), sub rezerva Acordului de utilizare Amazon Payments Europe, care poate fi vizualizat sub https:\/\/payments.amazon.de\/help\/201751590. Dac\u0103 clientul selecteaz\u0103 &#8222;Amazon Payments&#8221; ca metod\u0103 de plat\u0103 ca metod\u0103 de plat\u0103 ca parte a procesului de comand\u0103 online, el emite &#8222;Amazon Payments&#8221; ca metod\u0103 de plat\u0103 f\u0103c\u00e2nd clic pe butonul care \u00eencheie procesul de comand\u0103.  \u00een acela\u0219i timp, de asemenea, un ordin de plat\u0103 c\u0103tre Amazon. \u00cen acest caz, v\u00e2nz\u0103torul declar\u0103 prin prezenta acceptarea ofertei clientului \u00een momentul \u00een care clientul declan\u0219eaz\u0103 procesul de plat\u0103 f\u0103c\u00e2nd clic pe butonul care \u00eencheie procesul de comand\u0103.<\/p>\n\n<p><strong>2.5<\/strong> La trimiterea unei oferte prin intermediul formularului de comand\u0103 online al V\u00e2nz\u0103torului, textul contractului va fi stocat de v\u00e2nz\u0103tor dup\u0103 \u00eencheierea contractului \u0219i transmis Clientului \u00een form\u0103 text (e.B. e-mail, fax sau scrisoare) dup\u0103 trimiterea comenzii sale. V\u00e2nz\u0103torul nu va face textul contractului accesibil dincolo de aceasta. \u00cen cazul \u00een care clientul \u0219i-a creat un cont de utilizator \u00een magazinul online al v\u00e2nz\u0103torului \u00eenainte de a trimite comanda, datele comenzii vor fi arhivate pe site-ul v\u00e2nz\u0103torului \u0219i pot fi recuperate gratuit de c\u0103tre client prin intermediul contului s\u0103u de utilizator protejat prin parol\u0103 prin furnizarea datelor de conectare corespunz\u0103toare.<\/p>\n\n<p><strong>2.6<\/strong> \u00cenainte de trimiterea obligatorie a comenzii prin intermediul formularului de comand\u0103 online al V\u00e2nz\u0103torului, Clientul poate detecta posibile erori de intrare citind cu aten\u021bie informa\u021biile afi\u0219ate pe ecran. Un mijloc tehnic eficient pentru o mai bun\u0103 detectare a erorilor de intrare poate fi func\u021bia de m\u0103rire a browserului, cu ajutorul c\u0103reia afi\u0219ajul de pe ecran este m\u0103rit. Ca parte a procesului de comand\u0103 electronic\u0103, clientul \u00ee\u0219i poate corecta intr\u0103rile prin intermediul func\u021biilor obi\u0219nuite ale tastaturii \u0219i mouse-ului p\u00e2n\u0103 c\u00e2nd face clic pe butonul care \u00eencheie procesul de comand\u0103.<\/p>\n\n<p><strong>2.7<\/strong> Limbile german\u0103 \u0219i englez\u0103 sunt disponibile pentru \u00eencheierea contractului.<\/p>\n\n<p><strong>2.8<\/strong> Procesarea \u0219i contactarea comenzilor au loc, de obicei, prin e-mail \u0219i procesarea automat\u0103 a comenzilor. Clientul trebuie s\u0103 se asigure c\u0103 adresa de e-mail furnizat\u0103 de acesta pentru procesarea comenzilor este corect\u0103, astfel \u00eenc\u00e2t e-mailurile trimise de v\u00e2nz\u0103tor s\u0103 poat\u0103 fi primite la aceast\u0103 adres\u0103. \u00cen special, atunci c\u00e2nd utilizeaz\u0103 filtre SPAM, clientul trebuie s\u0103 se asigure c\u0103 toate e-mailurile trimise de v\u00e2nz\u0103tor sau de ter\u021bi comandate de v\u00e2nz\u0103tor cu procesarea comenzii pot fi livrate.<\/p>\n\n<h2 class=\"wp-block-heading\">3) Dreptul de retragere<\/h2>\n\n<p><strong>3.1<\/strong> Consumatorii au, \u00een general, dreptul la un drept de retragere.<\/p>\n\n<p><strong>3.2<\/strong> Informa\u021bii suplimentare privind dreptul de retragere pot fi g\u0103site \u00een politica de anulare a v\u00e2nz\u0103torului.<\/p>\n\n<h2 class=\"wp-block-heading\">4) Pre\u021buri \u0219i condi\u021bii de plat\u0103<\/h2>\n\n<p><strong>4.1<\/strong> Cu excep\u021bia cazului \u00een care se prevede altfel \u00een descrierea produsului V\u00e2nz\u0103torului, pre\u021burile cotate sunt pre\u021buri totale care includ taxa pe valoarea ad\u0103ugat\u0103 legal\u0103. Orice costuri suplimentare de livrare \u0219i expediere vor fi men\u021bionate separat \u00een descrierea produsului respectiv.<\/p>\n\n<p><strong>4.2<\/strong> \u00cen cazul livr\u0103rilor c\u0103tre \u021b\u0103ri din afara Uniunii Europene, pot fi suportate costuri suplimentare \u00een cazuri individuale pentru care V\u00e2nz\u0103torul nu este responsabil \u0219i care urmeaz\u0103 s\u0103 fie suportate de client. Acestea includ, de exemplu, costurile pentru transferul de bani de c\u0103tre institu\u021biile de credit (e.B. comisioane de transfer, comisioane la cursul de schimb) sau drepturi sau impozite la import (e.B taxe vamale). Aceste costuri pot fi suportate \u0219i \u00een leg\u0103tur\u0103 cu transferul de bani \u00een cazul \u00een care livrarea nu se efectueaz\u0103 c\u0103tre o \u021bar\u0103 din afara Uniunii Europene, dar clientul efectueaz\u0103 plata dintr-o \u021bar\u0103 din afara Uniunii Europene.<\/p>\n\n<p><strong>4.3<\/strong> Op\u021biunea (op\u021biunile) de plat\u0103 va fi comunicat\u0103 Clientului \u00een magazinul online al V\u00e2nz\u0103torului.<\/p>\n\n<p><strong>4.4<\/strong> \u00cen cazul \u00een care s-a convenit asupra pl\u0103\u021bii \u00een avans prin virament bancar, plata este scadent\u0103 imediat dup\u0103 \u00eencheierea contractului, cu excep\u021bia cazului \u00een care p\u0103r\u021bile au convenit asupra unei date scadente ulterioare.<\/p>\n\n<p><strong>4.5<\/strong>\u00cen cazul pl\u0103\u021bii prin intermediul unei metode de plat\u0103 oferite de PayPal, plata va fi procesat\u0103 de c\u0103tre prestatorul de servicii de plat\u0103 PayPal (Europe) S.\u00e0 r.l. et Cie, S.C.A., 22-24 Boulevard Royal, L-2449 Luxembourg (denumit \u00een continuare &#8222;PayPal&#8221;), sub rezerva Condi\u021biilor de utilizare PayPal, disponibile \u00een temeiul https:\/\/www.paypal.com\/de\/webapps\/mpp\/ua\/useragreement-full sau, \u00een cazul \u00een care Clientul nu are un cont PayPal, sub rezerva condi\u021biilor de plat\u0103 f\u0103r\u0103 un cont PayPal, disponibile la adresa  https:\/\/www.paypal.com\/de\/webapps\/mpp\/ua\/privacywax-full.<\/p>\n\n<h2 class=\"wp-block-heading\">5) Condi\u021bii de livrare \u0219i expediere<\/h2>\n\n<p><strong>5.1<\/strong> Bunurile vor fi livrate prin expediere la adresa de livrare specificat\u0103 de client, cu excep\u021bia cazului \u00een care s-a convenit altfel. La procesarea tranzac\u021biei, adresa de livrare specificat\u0103 \u00een procesarea comenzii v\u00e2nz\u0103torului este decisiv\u0103.<\/p>\n\n<p><strong>5.2<\/strong> \u00cen cazul \u00een care compania de transport returneaz\u0103 bunurile expediate v\u00e2nz\u0103torului deoarece livrarea c\u0103tre client nu a fost posibil\u0103, clientul va suporta costurile pentru expedierea nereu\u0219it\u0103. Acest lucru nu se aplic\u0103 \u00een cazul \u00een care clientul nu este responsabil pentru circumstan\u021bele care au condus la imposibilitatea livr\u0103rii sau dac\u0103 a fost \u00eempiedicat temporar s\u0103 accepte serviciul oferit, cu excep\u021bia cazului \u00een care v\u00e2nz\u0103torul i-a anun\u021bat serviciul cu un termen rezonabil \u00een avans. \u00cen plus, acest lucru nu se aplic\u0103 \u00een ceea ce prive\u0219te costurile pentru expedierea extern\u0103 \u00een cazul \u00een care clientul \u00ee\u0219i exercit\u0103 efectiv dreptul de retragere. Pentru costurile de returnare, \u00een cazul \u00een care dreptul de revocare este exercitat efectiv de c\u0103tre client, se aplic\u0103 dispozi\u021bia prev\u0103zut\u0103 \u00een politica de anulare a v\u00e2nz\u0103torului.<\/p>\n\n<p><strong>5.3<\/strong> \u00cen cazul auto\u00eencas\u0103rii, V\u00e2nz\u0103torul va informa mai \u00eent\u00e2i Clientul prin e-mail c\u0103 bunurile comandate de acesta sunt gata de colectare. La primirea acestui e-mail, clientul poate ridica bunurile dup\u0103 consultarea v\u00e2nz\u0103torului la sediul social al v\u00e2nz\u0103torului. \u00cen acest caz, nu se vor percepe costuri de transport.<\/p>\n\n<h2 class=\"wp-block-heading\">6) P\u0103strarea titlului<\/h2>\n\n<p>\u00cen cazul \u00een care v\u00e2nz\u0103torul efectueaz\u0103 o plat\u0103 \u00een avans, el \u00ee\u0219i rezerv\u0103 titlul de proprietate asupra bunurilor livrate p\u00e2n\u0103 la plata integral\u0103 a pre\u021bului de achizi\u021bie datorat.<\/p>\n\n<h2 class=\"wp-block-heading\">7) R\u0103spunderea pentru defecte (garan\u021bie)<\/h2>\n\n<p><strong>7.1<\/strong> \u00cen cazul \u00een care bunul achizi\u021bionat este defect, se aplic\u0103 dispozi\u021biile r\u0103spunderii legale pentru defecte.<\/p>\n\n<p><strong>7.2<\/strong> F\u0103r\u0103 a aduce atingere acestui fapt, urm\u0103toarele se aplic\u0103 m\u0103rfurilor uzate: Cererile de defecte sunt excluse \u00een cazul \u00een care defectul apare numai dup\u0103 un an de la livrarea m\u0103rfurilor. Defectele care apar \u00een termen de un an de la livrarea bunurilor pot fi revendicate \u00een termenul legal de prescrip\u021bie. Cu toate acestea, scurtarea perioadei de r\u0103spundere la un an nu se aplic\u0103<\/p>\n\n<ul class=\"wp-block-list\"><li>pentru articolele care au fost utilizate pentru o cl\u0103dire \u00een conformitate cu utilizarea lor obi\u0219nuit\u0103 \u0219i care au cauzat defectele acesteia,<\/li><li>pentru cererile de daune-interese \u0219i rambursarea cheltuielilor clientului, precum \u0219i<\/li><li>\u00een cazul \u00een care v\u00e2nz\u0103torul a ascuns \u00een mod fraudulos defectul.<\/li><\/ul>\n\n<p><strong>7.3<\/strong> Clientul este rugat s\u0103 depun\u0103 o pl\u00e2ngere la livrator cu privire la bunurile livrate cu daune evidente de transport \u0219i s\u0103 informeze v\u00e2nz\u0103torul cu privire la acest lucru. \u00cen cazul \u00een care clientul nu respect\u0103 acest lucru, acest lucru nu are niciun efect asupra revendic\u0103rilor sale legale sau contractuale pentru defecte.<\/p>\n\n<h2 class=\"wp-block-heading\">8) Legea aplicabil\u0103<\/h2>\n\n<p>Toate raporturile juridice dintre p\u0103r\u021bi sunt reglementate de legea Republicii Federale Germania, cu excluderea legilor privind achizi\u021bionarea interna\u021bional\u0103 de bunuri mobile. \u00cen cazul consumatorilor, aceast\u0103 alegere a legii se aplic\u0103 numai \u00een m\u0103sura \u00een care protec\u021bia acordat\u0103 nu este retras\u0103 prin dispozi\u021biile imperative ale legisla\u021biei statului \u00een care consumatorul \u00ee\u0219i are re\u0219edin\u021ba obi\u0219nuit\u0103.<\/p>\n\n<h2 class=\"wp-block-heading\">9) Locul de jurisdic\u021bie<\/h2>\n\n<p>\u00cen cazul \u00een care clientul ac\u021bioneaz\u0103 ca comerciant, persoan\u0103 juridic\u0103 de drept public sau fond special de drept public cu sediul social pe teritoriul Republicii Federale Germania, locul exclusiv de jurisdic\u021bie pentru toate litigiile care decurg din prezentul contract este sediul social al v\u00e2nz\u0103torului. \u00cen cazul \u00een care clientul \u00ee\u0219i are sediul social \u00een afara teritoriului Republicii Federale Germania, locul de desf\u0103\u0219urare a activit\u0103\u021bii v\u00e2nz\u0103torului este locul exclusiv de jurisdic\u021bie pentru toate litigiile care decurg din prezentul contract, \u00een cazul \u00een care contractul sau preten\u021biile din contract pot fi atribuite activit\u0103\u021bii profesionale sau comerciale a clientului. Cu toate acestea, \u00een cazurile de mai sus, V\u00e2nz\u0103torul va avea, \u00een orice caz, dreptul de a se adresa instan\u021bei de la sediul clientului.<\/p>\n\n<h2 class=\"wp-block-heading\">10) Solu\u021bionarea alternativ\u0103 a litigiilor<\/h2>\n\n<p><strong>10.1<\/strong> Comisia European\u0103 ofer\u0103 o platform\u0103 pentru solu\u021bionarea online a litigiilor pe internet, la urm\u0103torul link: https:\/\/ec.europa.eu\/consumers\/odr<\/p>\n\n<p>Aceast\u0103 platform\u0103 serve\u0219te drept punct de contact pentru solu\u021bionarea extrajudiciar\u0103 a litigiilor care decurg din contractele de cump\u0103rare sau de servicii online \u00een care este implicat un consumator.<\/p>\n\n<p><strong>10.2<\/strong> V\u00e2nz\u0103torul nu este nici obligat, nici dispus s\u0103 participe la o procedur\u0103 de solu\u021bionare a litigiilor \u00een fa\u021ba unei comisii de arbitraj pentru consumatori.<\/p>\n","protected":false},"excerpt":{"rendered":"<p>Termeni \u0219i condi\u021bii generale cu informa\u021bii despre clien\u021bi Cuprins Aplicare Contract Retragere Pre\u021buri \u0219i termene de plat\u0103 Condi\u021bii de livrare \u0219i expediere Proprietate R\u0103spunderea pentru defecte (garan\u021bie) Legea aplicabil\u0103 Loc Solu\u021bionarea alternativ\u0103 a litigiilor 1) Domeniul de aplicare 1.1 Ace\u0219ti Termeni \u0219i Condi\u021bii Generale (denumi\u021bi \u00een continuare &#8222;GTC&#8221;) ai RadarService (denumi\u021bi \u00een continuare &#8222;V\u00e2nz\u0103tor&#8221;) se [&#8230;]\n","protected":false},"author":1,"featured_media":0,"parent":0,"menu_order":810,"comment_status":"closed","ping_status":"closed","template":"","meta":{"footnotes":""},"class_list":["post-17711","page","type-page","status-publish","hentry"],"yoast_head":"<!-- This site is optimized with the Yoast SEO plugin v27.2 - https:\/\/yoast.com\/product\/yoast-seo-wordpress\/ -->\n<title>Termeni \u0219i condi\u021bii generale | Radar Service<\/title>\n<meta name=\"description\" content=\"Termeni \u0219i condi\u021bii generale | Radar Service\" \/>\n<meta name=\"robots\" content=\"noindex, nofollow\" \/>\n<meta property=\"og:locale\" content=\"ro_RO\" \/>\n<meta property=\"og:type\" content=\"article\" \/>\n<meta property=\"og:title\" content=\"Termeni \u0219i condi\u021bii generale | Radar Service\" \/>\n<meta property=\"og:description\" content=\"Termeni \u0219i condi\u021bii generale | Radar Service\" \/>\n<meta property=\"og:url\" content=\"https:\/\/radarservice.eu\/ro\/termeni-si-conditii-generale\/\" \/>\n<meta property=\"og:site_name\" content=\"Radar Service\" \/>\n<meta property=\"article:modified_time\" content=\"2022-03-24T10:49:58+00:00\" \/>\n<meta name=\"twitter:card\" content=\"summary_large_image\" \/>\n<meta name=\"twitter:label1\" content=\"Timp estimat pentru citire\" \/>\n\t<meta name=\"twitter:data1\" content=\"10 minute\" \/>\n<script type=\"application\/ld+json\" class=\"yoast-schema-graph\">{\"@context\":\"https:\/\/schema.org\",\"@graph\":[{\"@type\":\"WebPage\",\"@id\":\"https:\/\/radarservice.eu\/ro\/termeni-si-conditii-generale\/\",\"url\":\"https:\/\/radarservice.eu\/ro\/termeni-si-conditii-generale\/\",\"name\":\"Termeni \u0219i condi\u021bii generale | Radar Service\",\"isPartOf\":{\"@id\":\"https:\/\/radarservice.eu\/ro\/#website\"},\"datePublished\":\"2022-03-24T10:49:56+00:00\",\"dateModified\":\"2022-03-24T10:49:58+00:00\",\"description\":\"Termeni \u0219i condi\u021bii generale | Radar Service\",\"inLanguage\":\"ro-RO\",\"potentialAction\":[{\"@type\":\"ReadAction\",\"target\":[\"https:\/\/radarservice.eu\/ro\/termeni-si-conditii-generale\/\"]}]},{\"@type\":\"WebSite\",\"@id\":\"https:\/\/radarservice.eu\/ro\/#website\",\"url\":\"https:\/\/radarservice.eu\/ro\/\",\"name\":\"Radar Service\",\"description\":\"Radar detector Laser jammer mobile fix\",\"publisher\":{\"@id\":\"https:\/\/radarservice.eu\/ro\/#organization\"},\"potentialAction\":[{\"@type\":\"SearchAction\",\"target\":{\"@type\":\"EntryPoint\",\"urlTemplate\":\"https:\/\/radarservice.eu\/ro\/?s={search_term_string}\"},\"query-input\":{\"@type\":\"PropertyValueSpecification\",\"valueRequired\":true,\"valueName\":\"search_term_string\"}}],\"inLanguage\":\"ro-RO\"},{\"@type\":\"Organization\",\"@id\":\"https:\/\/radarservice.eu\/ro\/#organization\",\"name\":\"RadarService\",\"url\":\"https:\/\/radarservice.eu\/ro\/\",\"logo\":{\"@type\":\"ImageObject\",\"inLanguage\":\"ro-RO\",\"@id\":\"https:\/\/radarservice.eu\/ro\/#\/schema\/logo\/image\/\",\"url\":\"https:\/\/radarservice.eu\/wp-content\/uploads\/2021\/03\/Radar_detector_service.png\",\"contentUrl\":\"https:\/\/radarservice.eu\/wp-content\/uploads\/2021\/03\/Radar_detector_service.png\",\"width\":174,\"height\":48,\"caption\":\"RadarService\"},\"image\":{\"@id\":\"https:\/\/radarservice.eu\/ro\/#\/schema\/logo\/image\/\"}}]}<\/script>\n<!-- \/ Yoast SEO plugin. -->","yoast_head_json":{"title":"Termeni \u0219i condi\u021bii generale | Radar Service","description":"Termeni \u0219i condi\u021bii generale | Radar Service","robots":{"index":"noindex","follow":"nofollow"},"og_locale":"ro_RO","og_type":"article","og_title":"Termeni \u0219i condi\u021bii generale | Radar Service","og_description":"Termeni \u0219i condi\u021bii generale | Radar Service","og_url":"https:\/\/radarservice.eu\/ro\/termeni-si-conditii-generale\/","og_site_name":"Radar Service","article_modified_time":"2022-03-24T10:49:58+00:00","twitter_card":"summary_large_image","twitter_misc":{"Timp estimat pentru citire":"10 minute"},"schema":{"@context":"https:\/\/schema.org","@graph":[{"@type":"WebPage","@id":"https:\/\/radarservice.eu\/ro\/termeni-si-conditii-generale\/","url":"https:\/\/radarservice.eu\/ro\/termeni-si-conditii-generale\/","name":"Termeni \u0219i condi\u021bii generale | Radar Service","isPartOf":{"@id":"https:\/\/radarservice.eu\/ro\/#website"},"datePublished":"2022-03-24T10:49:56+00:00","dateModified":"2022-03-24T10:49:58+00:00","description":"Termeni \u0219i condi\u021bii generale | Radar Service","inLanguage":"ro-RO","potentialAction":[{"@type":"ReadAction","target":["https:\/\/radarservice.eu\/ro\/termeni-si-conditii-generale\/"]}]},{"@type":"WebSite","@id":"https:\/\/radarservice.eu\/ro\/#website","url":"https:\/\/radarservice.eu\/ro\/","name":"Radar Service","description":"Radar detector Laser jammer mobile fix","publisher":{"@id":"https:\/\/radarservice.eu\/ro\/#organization"},"potentialAction":[{"@type":"SearchAction","target":{"@type":"EntryPoint","urlTemplate":"https:\/\/radarservice.eu\/ro\/?s={search_term_string}"},"query-input":{"@type":"PropertyValueSpecification","valueRequired":true,"valueName":"search_term_string"}}],"inLanguage":"ro-RO"},{"@type":"Organization","@id":"https:\/\/radarservice.eu\/ro\/#organization","name":"RadarService","url":"https:\/\/radarservice.eu\/ro\/","logo":{"@type":"ImageObject","inLanguage":"ro-RO","@id":"https:\/\/radarservice.eu\/ro\/#\/schema\/logo\/image\/","url":"https:\/\/radarservice.eu\/wp-content\/uploads\/2021\/03\/Radar_detector_service.png","contentUrl":"https:\/\/radarservice.eu\/wp-content\/uploads\/2021\/03\/Radar_detector_service.png","width":174,"height":48,"caption":"RadarService"},"image":{"@id":"https:\/\/radarservice.eu\/ro\/#\/schema\/logo\/image\/"}}]}},"_links":{"self":[{"href":"https:\/\/radarservice.eu\/ro\/wp-json\/wp\/v2\/pages\/17711","targetHints":{"allow":["GET"]}}],"collection":[{"href":"https:\/\/radarservice.eu\/ro\/wp-json\/wp\/v2\/pages"}],"about":[{"href":"https:\/\/radarservice.eu\/ro\/wp-json\/wp\/v2\/types\/page"}],"author":[{"embeddable":true,"href":"https:\/\/radarservice.eu\/ro\/wp-json\/wp\/v2\/users\/1"}],"replies":[{"embeddable":true,"href":"https:\/\/radarservice.eu\/ro\/wp-json\/wp\/v2\/comments?post=17711"}],"version-history":[{"count":3,"href":"https:\/\/radarservice.eu\/ro\/wp-json\/wp\/v2\/pages\/17711\/revisions"}],"predecessor-version":[{"id":17714,"href":"https:\/\/radarservice.eu\/ro\/wp-json\/wp\/v2\/pages\/17711\/revisions\/17714"}],"wp:attachment":[{"href":"https:\/\/radarservice.eu\/ro\/wp-json\/wp\/v2\/media?parent=17711"}],"curies":[{"name":"wp","href":"https:\/\/api.w.org\/{rel}","templated":true}]}}