{"id":19455,"date":"2024-04-02T18:22:00","date_gmt":"2024-04-02T16:22:00","guid":{"rendered":"https:\/\/radarservice.eu\/produkt\/conjunto-hifi-para-prioridade-al-antilaser\/"},"modified":"2024-04-02T18:22:00","modified_gmt":"2024-04-02T16:22:00","slug":"conjunto-hifi-para-prioridade-al-antilaser","status":"publish","type":"product","link":"https:\/\/radarservice.eu\/pt-pt\/produto\/conjunto-hifi-para-prioridade-al-antilaser\/","title":{"rendered":"CONJUNTO HIFI PARA PRIORIDADE AL ANTILASER"},"content":{"rendered":"<p>O seu AL Priority avisa-o por voz. O an\u00fancio de voz fornece-lhe informa\u00e7\u00f5es de aviso sonoras e detalhadas.<\/p>\n<p>O conjunto de atualiza\u00e7\u00e3o AL Priority\u00ae HiFi inclui:<br \/>\n* Conjunto de controlo HiFi<br \/>\n* Altifalantes<\/p>\n","protected":false},"excerpt":{"rendered":"<p><b><strong>O m\u00f3dulo de atualiza\u00e7\u00e3o AL Priority\u00ae HiFi com altifalante externo<\/strong><\/b><\/p>\n","protected":false},"featured_media":19443,"comment_status":"open","ping_status":"closed","template":"","meta":[],"product_brand":[],"product_cat":[1967,1973,2042],"product_tag":[],"class_list":{"0":"post-19455","1":"product","2":"type-product","3":"status-publish","4":"has-post-thumbnail","6":"product_cat-acessorios","7":"product_cat-antilaser-pt-pt","8":"product_cat-bloqueador-de-laser","10":"first","11":"instock","12":"taxable","13":"shipping-taxable","14":"purchasable","15":"product-type-simple"},"yoast_head":"<!-- This site is optimized with the Yoast SEO plugin v27.2 - https:\/\/yoast.com\/product\/yoast-seo-wordpress\/ -->\n<title>CONJUNTO HIFI PARA PRIORIDADE AL ANTILASER | Radar Service<\/title>\n<meta name=\"description\" content=\"CONJUNTO HIFI PARA PRIORIDADE AL ANTILASER | Radar Service\" \/>\n<meta name=\"robots\" content=\"index, follow, max-snippet:-1, max-image-preview:large, max-video-preview:-1\" \/>\n<link rel=\"canonical\" href=\"https:\/\/radarservice.eu\/pt-pt\/produto\/conjunto-hifi-para-prioridade-al-antilaser\/\" \/>\n<meta property=\"og:locale\" content=\"pt_PT\" \/>\n<meta property=\"og:type\" content=\"article\" \/>\n<meta property=\"og:title\" content=\"CONJUNTO HIFI PARA PRIORIDADE AL ANTILASER | Radar Service\" \/>\n<meta property=\"og:description\" content=\"CONJUNTO HIFI PARA PRIORIDADE AL ANTILASER | Radar Service\" \/>\n<meta property=\"og:url\" content=\"https:\/\/radarservice.eu\/pt-pt\/produto\/conjunto-hifi-para-prioridade-al-antilaser\/\" \/>\n<meta property=\"og:site_name\" content=\"Radar Service\" \/>\n<meta property=\"og:image\" content=\"https:\/\/radarservice.eu\/wp-content\/uploads\/2024\/04\/ALP-HiFi-Set.jpg\" \/>\n\t<meta property=\"og:image:width\" content=\"756\" \/>\n\t<meta property=\"og:image:height\" content=\"582\" \/>\n\t<meta property=\"og:image:type\" content=\"image\/jpeg\" \/>\n<meta name=\"twitter:card\" content=\"summary_large_image\" \/>\n<script type=\"application\/ld+json\" class=\"yoast-schema-graph\">{\"@context\":\"https:\/\/schema.org\",\"@graph\":[{\"@type\":\"WebPage\",\"@id\":\"https:\/\/radarservice.eu\/pt-pt\/produto\/conjunto-hifi-para-prioridade-al-antilaser\/\",\"url\":\"https:\/\/radarservice.eu\/pt-pt\/produto\/conjunto-hifi-para-prioridade-al-antilaser\/\",\"name\":\"CONJUNTO HIFI PARA PRIORIDADE AL ANTILASER | Radar Service\",\"isPartOf\":{\"@id\":\"https:\/\/radarservice.eu\/pt-pt\/#website\"},\"primaryImageOfPage\":{\"@id\":\"https:\/\/radarservice.eu\/pt-pt\/produto\/conjunto-hifi-para-prioridade-al-antilaser\/#primaryimage\"},\"image\":{\"@id\":\"https:\/\/radarservice.eu\/pt-pt\/produto\/conjunto-hifi-para-prioridade-al-antilaser\/#primaryimage\"},\"thumbnailUrl\":\"https:\/\/radarservice.eu\/wp-content\/uploads\/2024\/04\/ALP-HiFi-Set.jpg\",\"datePublished\":\"2024-04-02T16:22:00+00:00\",\"description\":\"CONJUNTO HIFI PARA PRIORIDADE AL ANTILASER | Radar Service\",\"breadcrumb\":{\"@id\":\"https:\/\/radarservice.eu\/pt-pt\/produto\/conjunto-hifi-para-prioridade-al-antilaser\/#breadcrumb\"},\"inLanguage\":\"pt-PT\",\"potentialAction\":[{\"@type\":\"ReadAction\",\"target\":[\"https:\/\/radarservice.eu\/pt-pt\/produto\/conjunto-hifi-para-prioridade-al-antilaser\/\"]}]},{\"@type\":\"ImageObject\",\"inLanguage\":\"pt-PT\",\"@id\":\"https:\/\/radarservice.eu\/pt-pt\/produto\/conjunto-hifi-para-prioridade-al-antilaser\/#primaryimage\",\"url\":\"https:\/\/radarservice.eu\/wp-content\/uploads\/2024\/04\/ALP-HiFi-Set.jpg\",\"contentUrl\":\"https:\/\/radarservice.eu\/wp-content\/uploads\/2024\/04\/ALP-HiFi-Set.jpg\",\"width\":756,\"height\":582,\"caption\":\"ALP-HiFi-Set\"},{\"@type\":\"BreadcrumbList\",\"@id\":\"https:\/\/radarservice.eu\/pt-pt\/produto\/conjunto-hifi-para-prioridade-al-antilaser\/#breadcrumb\",\"itemListElement\":[{\"@type\":\"ListItem\",\"position\":1,\"name\":\"Loja\",\"item\":\"https:\/\/radarservice.eu\/pt-pt\/loja\/\"},{\"@type\":\"ListItem\",\"position\":2,\"name\":\"CONJUNTO HIFI PARA PRIORIDADE AL ANTILASER\"}]},{\"@type\":\"WebSite\",\"@id\":\"https:\/\/radarservice.eu\/pt-pt\/#website\",\"url\":\"https:\/\/radarservice.eu\/pt-pt\/\",\"name\":\"Radar Service\",\"description\":\"Radar detector Laser jammer mobile fix\",\"publisher\":{\"@id\":\"https:\/\/radarservice.eu\/pt-pt\/#organization\"},\"potentialAction\":[{\"@type\":\"SearchAction\",\"target\":{\"@type\":\"EntryPoint\",\"urlTemplate\":\"https:\/\/radarservice.eu\/pt-pt\/?s={search_term_string}\"},\"query-input\":{\"@type\":\"PropertyValueSpecification\",\"valueRequired\":true,\"valueName\":\"search_term_string\"}}],\"inLanguage\":\"pt-PT\"},{\"@type\":\"Organization\",\"@id\":\"https:\/\/radarservice.eu\/pt-pt\/#organization\",\"name\":\"RadarService\",\"url\":\"https:\/\/radarservice.eu\/pt-pt\/\",\"logo\":{\"@type\":\"ImageObject\",\"inLanguage\":\"pt-PT\",\"@id\":\"https:\/\/radarservice.eu\/pt-pt\/#\/schema\/logo\/image\/\",\"url\":\"https:\/\/radarservice.eu\/wp-content\/uploads\/2021\/03\/Radar_detector_service.png\",\"contentUrl\":\"https:\/\/radarservice.eu\/wp-content\/uploads\/2021\/03\/Radar_detector_service.png\",\"width\":174,\"height\":48,\"caption\":\"RadarService\"},\"image\":{\"@id\":\"https:\/\/radarservice.eu\/pt-pt\/#\/schema\/logo\/image\/\"}}]}<\/script>\n<!-- \/ Yoast SEO plugin. -->","yoast_head_json":{"title":"CONJUNTO HIFI PARA PRIORIDADE AL ANTILASER | Radar Service","description":"CONJUNTO HIFI PARA PRIORIDADE AL ANTILASER | Radar Service","robots":{"index":"index","follow":"follow","max-snippet":"max-snippet:-1","max-image-preview":"max-image-preview:large","max-video-preview":"max-video-preview:-1"},"canonical":"https:\/\/radarservice.eu\/pt-pt\/produto\/conjunto-hifi-para-prioridade-al-antilaser\/","og_locale":"pt_PT","og_type":"article","og_title":"CONJUNTO HIFI PARA PRIORIDADE AL ANTILASER | Radar Service","og_description":"CONJUNTO HIFI PARA PRIORIDADE AL ANTILASER | Radar Service","og_url":"https:\/\/radarservice.eu\/pt-pt\/produto\/conjunto-hifi-para-prioridade-al-antilaser\/","og_site_name":"Radar Service","og_image":[{"width":756,"height":582,"url":"https:\/\/radarservice.eu\/wp-content\/uploads\/2024\/04\/ALP-HiFi-Set.jpg","type":"image\/jpeg"}],"twitter_card":"summary_large_image","schema":{"@context":"https:\/\/schema.org","@graph":[{"@type":"WebPage","@id":"https:\/\/radarservice.eu\/pt-pt\/produto\/conjunto-hifi-para-prioridade-al-antilaser\/","url":"https:\/\/radarservice.eu\/pt-pt\/produto\/conjunto-hifi-para-prioridade-al-antilaser\/","name":"CONJUNTO HIFI PARA PRIORIDADE AL ANTILASER | Radar Service","isPartOf":{"@id":"https:\/\/radarservice.eu\/pt-pt\/#website"},"primaryImageOfPage":{"@id":"https:\/\/radarservice.eu\/pt-pt\/produto\/conjunto-hifi-para-prioridade-al-antilaser\/#primaryimage"},"image":{"@id":"https:\/\/radarservice.eu\/pt-pt\/produto\/conjunto-hifi-para-prioridade-al-antilaser\/#primaryimage"},"thumbnailUrl":"https:\/\/radarservice.eu\/wp-content\/uploads\/2024\/04\/ALP-HiFi-Set.jpg","datePublished":"2024-04-02T16:22:00+00:00","description":"CONJUNTO HIFI PARA PRIORIDADE AL ANTILASER | Radar Service","breadcrumb":{"@id":"https:\/\/radarservice.eu\/pt-pt\/produto\/conjunto-hifi-para-prioridade-al-antilaser\/#breadcrumb"},"inLanguage":"pt-PT","potentialAction":[{"@type":"ReadAction","target":["https:\/\/radarservice.eu\/pt-pt\/produto\/conjunto-hifi-para-prioridade-al-antilaser\/"]}]},{"@type":"ImageObject","inLanguage":"pt-PT","@id":"https:\/\/radarservice.eu\/pt-pt\/produto\/conjunto-hifi-para-prioridade-al-antilaser\/#primaryimage","url":"https:\/\/radarservice.eu\/wp-content\/uploads\/2024\/04\/ALP-HiFi-Set.jpg","contentUrl":"https:\/\/radarservice.eu\/wp-content\/uploads\/2024\/04\/ALP-HiFi-Set.jpg","width":756,"height":582,"caption":"ALP-HiFi-Set"},{"@type":"BreadcrumbList","@id":"https:\/\/radarservice.eu\/pt-pt\/produto\/conjunto-hifi-para-prioridade-al-antilaser\/#breadcrumb","itemListElement":[{"@type":"ListItem","position":1,"name":"Loja","item":"https:\/\/radarservice.eu\/pt-pt\/loja\/"},{"@type":"ListItem","position":2,"name":"CONJUNTO HIFI PARA PRIORIDADE AL ANTILASER"}]},{"@type":"WebSite","@id":"https:\/\/radarservice.eu\/pt-pt\/#website","url":"https:\/\/radarservice.eu\/pt-pt\/","name":"Radar Service","description":"Radar detector Laser jammer mobile fix","publisher":{"@id":"https:\/\/radarservice.eu\/pt-pt\/#organization"},"potentialAction":[{"@type":"SearchAction","target":{"@type":"EntryPoint","urlTemplate":"https:\/\/radarservice.eu\/pt-pt\/?s={search_term_string}"},"query-input":{"@type":"PropertyValueSpecification","valueRequired":true,"valueName":"search_term_string"}}],"inLanguage":"pt-PT"},{"@type":"Organization","@id":"https:\/\/radarservice.eu\/pt-pt\/#organization","name":"RadarService","url":"https:\/\/radarservice.eu\/pt-pt\/","logo":{"@type":"ImageObject","inLanguage":"pt-PT","@id":"https:\/\/radarservice.eu\/pt-pt\/#\/schema\/logo\/image\/","url":"https:\/\/radarservice.eu\/wp-content\/uploads\/2021\/03\/Radar_detector_service.png","contentUrl":"https:\/\/radarservice.eu\/wp-content\/uploads\/2021\/03\/Radar_detector_service.png","width":174,"height":48,"caption":"RadarService"},"image":{"@id":"https:\/\/radarservice.eu\/pt-pt\/#\/schema\/logo\/image\/"}}]}},"_links":{"self":[{"href":"https:\/\/radarservice.eu\/pt-pt\/wp-json\/wp\/v2\/product\/19455","targetHints":{"allow":["GET"]}}],"collection":[{"href":"https:\/\/radarservice.eu\/pt-pt\/wp-json\/wp\/v2\/product"}],"about":[{"href":"https:\/\/radarservice.eu\/pt-pt\/wp-json\/wp\/v2\/types\/product"}],"replies":[{"embeddable":true,"href":"https:\/\/radarservice.eu\/pt-pt\/wp-json\/wp\/v2\/comments?post=19455"}],"wp:featuredmedia":[{"embeddable":true,"href":"https:\/\/radarservice.eu\/pt-pt\/wp-json\/wp\/v2\/media\/19443"}],"wp:attachment":[{"href":"https:\/\/radarservice.eu\/pt-pt\/wp-json\/wp\/v2\/media?parent=19455"}],"wp:term":[{"taxonomy":"product_brand","embeddable":true,"href":"https:\/\/radarservice.eu\/pt-pt\/wp-json\/wp\/v2\/product_brand?post=19455"},{"taxonomy":"product_cat","embeddable":true,"href":"https:\/\/radarservice.eu\/pt-pt\/wp-json\/wp\/v2\/product_cat?post=19455"},{"taxonomy":"product_tag","embeddable":true,"href":"https:\/\/radarservice.eu\/pt-pt\/wp-json\/wp\/v2\/product_tag?post=19455"}],"curies":[{"name":"wp","href":"https:\/\/api.w.org\/{rel}","templated":true}]}}