{"id":18571,"date":"2022-04-07T16:29:18","date_gmt":"2022-04-07T14:29:18","guid":{"rendered":"https:\/\/radarservice.eu\/produkt\/beltronics-edicao-sti-r-plus-m\/"},"modified":"2022-04-07T16:29:18","modified_gmt":"2022-04-07T14:29:18","slug":"beltronics-edicao-sti-r-plus-m","status":"publish","type":"product","link":"https:\/\/radarservice.eu\/pt-pt\/produto\/beltronics-edicao-sti-r-plus-m\/","title":{"rendered":"Beltronics Edi\u00e7\u00e3o STI-R PLUS M"},"content":{"rendered":"<p>Beltronics STIR PLUS M Edition \u00e9 um detetor de radar fixo de gama alta e tamb\u00e9m suporta as novas armadilhas de radar de CD Multaradar na vers\u00e3o &#8220;M&#8221;> <.\nA Edi\u00e7\u00e3o M \u00e9 recomendada para todos os clientes que se encontram na estrada em pa\u00edses com instrumentos de medi\u00e7\u00e3o Multaradar (e.B. Holanda, Eslov\u00e1quia e \u00c1ustria).<\/p>\n<p>Os sensores de radar e laser melhorados alcan\u00e7am os intervalos m\u00e1ximos e os tempos de aviso.<br \/>\nCom a nova fun\u00e7\u00e3o AutoScan da BEL, o STI-R Plus M analisa permanentemente todos os sinais de entrada e reduz assim os falsos alarmes desnecess\u00e1rios.<br \/>\nAs antenas de radar externasne \u00e9 instalado invisivelmente na frente do ve\u00edculo. O visor visual e ac\u00fastico \u00e9 fornecido por um pequeno visor e um altifalante separado dentro do ve\u00edculo.<br \/>\nOs m\u00f3dulos de controlo e de exibi\u00e7\u00e3o tamb\u00e9m podem ser instalados invisivelmente sob o volante, o painel de instrumentos ou num compartimento de armazenamento.<\/p>\n<p>O funcionamento simples e o an\u00fancio de voz digital do aviso de radar d\u00e3o ao condutor toda a informa\u00e7\u00e3o necess\u00e1ria e f\u00e1cil acesso sem distrair do tr\u00e2nsito.<\/p>\n<p><strong>Vis\u00e3o geral:<\/strong><br \/>\n+ Detetor de radar fixo com maior fiabilidade<br \/>\n+ Dete\u00e7\u00e3o de CD multaradar<br \/>\n+ Aviso das medi\u00e7\u00f5es do laser<br \/>\n+ Aviso para medi\u00e7\u00f5es de controlo de sec\u00e7\u00e3o <br \/>\n+ Aviso de radares estacion\u00e1rios<br \/>\n+ Aviso dos monitores de luz vermelha<br \/>\n+ Modo de advert\u00eancia dependente de velocidade &amp; \u00e1udio (redu\u00e7\u00e3o adicional de alarme falso)<br \/>\n+ 100% invis\u00edvel para detetores eletr\u00f3nicos de radar da pol\u00edcia (e.B. Su\u00ed\u00e7a, Holanda)<br \/>\n+ ajuste autom\u00e1tico de luminosidade do visor<br \/>\n+ adequado para utiliza\u00e7\u00e3o na Europa (especialmente recomendado para os Pa\u00edses Baixos, Eslov\u00e1quia e \u00c1ustria)<\/p>\n<p><strong>\u00c2mbito de entrega:<\/strong><br \/>\n* Stir Plus M radar recetor<br \/>\n* exibi\u00e7\u00e3o separada<br \/>\n* Unidade de controlo<br \/>\n* Unidade de controlo<br \/>\n* Orador<br \/>\n* Montagem de material<br \/>\n* Instru\u00e7\u00f5es de utiliza\u00e7\u00e3o e instala\u00e7\u00e3o,<\/p>\n<p><strong>Nota:<\/strong> O Bel STIR Plus M tem uma prote\u00e7\u00e3o a laser muito boa, mas para uma prote\u00e7\u00e3o laser absolutamente segura recomendamos a utiliza\u00e7\u00e3o de um bloqueador de laser ativo e.B. Genevo FF2 ou AL Priority!<\/p>\n","protected":false},"excerpt":{"rendered":"<p>Beltronics STIR PLUS M Edition \u00e9 um detetor de radar fixo de gama alta e tamb\u00e9m suporta as novas armadilhas de radar de CD Multaradar na vers\u00e3o &#8220;M&#8221;><\/p>\n","protected":false},"featured_media":18572,"comment_status":"open","ping_status":"closed","template":"","meta":[],"product_brand":[],"product_cat":[1977,2063],"product_tag":[2286,2284,2207,2145,2287,2285],"class_list":{"0":"post-18571","1":"product","2":"type-product","3":"status-publish","4":"has-post-thumbnail","6":"product_cat-beltronics-pt-pt","7":"product_cat-detetores-de-radar-fixos","8":"product_tag-aviso-laser","9":"product_tag-bel-sti-r-edicao-plus-m","10":"product_tag-beltronics-pt-pt","11":"product_tag-detector-de-radar-instalado-permanentemente","12":"product_tag-multaradar-pt-pt","13":"product_tag-proteccao-laser","15":"first","16":"onbackorder","17":"taxable","18":"shipping-taxable","19":"purchasable","20":"product-type-simple"},"yoast_head":"<!-- This site is optimized with the Yoast SEO plugin v27.2 - https:\/\/yoast.com\/product\/yoast-seo-wordpress\/ -->\n<title>Beltronics Edi\u00e7\u00e3o STI-R PLUS M | Radar Service<\/title>\n<meta name=\"description\" content=\"Beltronics STIR PLUS M Edition \u00e9 um detetor de radar fixo de gama alta e tamb\u00e9m deteta as novas mrcd\/MRCT\/Moving do Multaradar\" \/>\n<meta name=\"robots\" content=\"index, follow, max-snippet:-1, max-image-preview:large, max-video-preview:-1\" \/>\n<link rel=\"canonical\" href=\"https:\/\/radarservice.eu\/pt-pt\/produto\/beltronics-edicao-sti-r-plus-m\/\" \/>\n<meta property=\"og:locale\" content=\"pt_PT\" \/>\n<meta property=\"og:type\" content=\"article\" \/>\n<meta property=\"og:title\" content=\"Beltronics Edi\u00e7\u00e3o STI-R PLUS M | Radar Service\" \/>\n<meta property=\"og:description\" content=\"Beltronics STIR PLUS M Edition \u00e9 um detetor de radar fixo de gama alta e tamb\u00e9m deteta as novas mrcd\/MRCT\/Moving do Multaradar\" \/>\n<meta property=\"og:url\" content=\"https:\/\/radarservice.eu\/pt-pt\/produto\/beltronics-edicao-sti-r-plus-m\/\" \/>\n<meta property=\"og:site_name\" content=\"Radar Service\" \/>\n<meta property=\"og:image\" content=\"https:\/\/radarservice.eu\/wp-content\/uploads\/2020\/09\/bel_stir_plus_m.jpg\" \/>\n\t<meta property=\"og:image:width\" content=\"600\" \/>\n\t<meta property=\"og:image:height\" content=\"480\" \/>\n\t<meta property=\"og:image:type\" content=\"image\/jpeg\" \/>\n<meta name=\"twitter:card\" content=\"summary_large_image\" \/>\n<script type=\"application\/ld+json\" class=\"yoast-schema-graph\">{\"@context\":\"https:\/\/schema.org\",\"@graph\":[{\"@type\":\"WebPage\",\"@id\":\"https:\/\/radarservice.eu\/pt-pt\/produto\/beltronics-edicao-sti-r-plus-m\/\",\"url\":\"https:\/\/radarservice.eu\/pt-pt\/produto\/beltronics-edicao-sti-r-plus-m\/\",\"name\":\"Beltronics Edi\u00e7\u00e3o STI-R PLUS M | Radar Service\",\"isPartOf\":{\"@id\":\"https:\/\/radarservice.eu\/pt-pt\/#website\"},\"primaryImageOfPage\":{\"@id\":\"https:\/\/radarservice.eu\/pt-pt\/produto\/beltronics-edicao-sti-r-plus-m\/#primaryimage\"},\"image\":{\"@id\":\"https:\/\/radarservice.eu\/pt-pt\/produto\/beltronics-edicao-sti-r-plus-m\/#primaryimage\"},\"thumbnailUrl\":\"https:\/\/radarservice.eu\/wp-content\/uploads\/2020\/09\/bel_stir_plus_m.jpg\",\"datePublished\":\"2022-04-07T14:29:18+00:00\",\"description\":\"Beltronics STIR PLUS M Edition \u00e9 um detetor de radar fixo de gama alta e tamb\u00e9m deteta as novas mrcd\/MRCT\/Moving do Multaradar\",\"breadcrumb\":{\"@id\":\"https:\/\/radarservice.eu\/pt-pt\/produto\/beltronics-edicao-sti-r-plus-m\/#breadcrumb\"},\"inLanguage\":\"pt-PT\",\"potentialAction\":[{\"@type\":\"ReadAction\",\"target\":[\"https:\/\/radarservice.eu\/pt-pt\/produto\/beltronics-edicao-sti-r-plus-m\/\"]}]},{\"@type\":\"ImageObject\",\"inLanguage\":\"pt-PT\",\"@id\":\"https:\/\/radarservice.eu\/pt-pt\/produto\/beltronics-edicao-sti-r-plus-m\/#primaryimage\",\"url\":\"https:\/\/radarservice.eu\/wp-content\/uploads\/2020\/09\/bel_stir_plus_m.jpg\",\"contentUrl\":\"https:\/\/radarservice.eu\/wp-content\/uploads\/2020\/09\/bel_stir_plus_m.jpg\",\"width\":600,\"height\":480,\"caption\":\"Bel STiR Plus M Radar Detector\"},{\"@type\":\"BreadcrumbList\",\"@id\":\"https:\/\/radarservice.eu\/pt-pt\/produto\/beltronics-edicao-sti-r-plus-m\/#breadcrumb\",\"itemListElement\":[{\"@type\":\"ListItem\",\"position\":1,\"name\":\"Loja\",\"item\":\"https:\/\/radarservice.eu\/pt-pt\/loja\/\"},{\"@type\":\"ListItem\",\"position\":2,\"name\":\"Beltronics Edi\u00e7\u00e3o STI-R PLUS M\"}]},{\"@type\":\"WebSite\",\"@id\":\"https:\/\/radarservice.eu\/pt-pt\/#website\",\"url\":\"https:\/\/radarservice.eu\/pt-pt\/\",\"name\":\"Radar Service\",\"description\":\"Radar detector Laser jammer mobile fix\",\"publisher\":{\"@id\":\"https:\/\/radarservice.eu\/pt-pt\/#organization\"},\"potentialAction\":[{\"@type\":\"SearchAction\",\"target\":{\"@type\":\"EntryPoint\",\"urlTemplate\":\"https:\/\/radarservice.eu\/pt-pt\/?s={search_term_string}\"},\"query-input\":{\"@type\":\"PropertyValueSpecification\",\"valueRequired\":true,\"valueName\":\"search_term_string\"}}],\"inLanguage\":\"pt-PT\"},{\"@type\":\"Organization\",\"@id\":\"https:\/\/radarservice.eu\/pt-pt\/#organization\",\"name\":\"RadarService\",\"url\":\"https:\/\/radarservice.eu\/pt-pt\/\",\"logo\":{\"@type\":\"ImageObject\",\"inLanguage\":\"pt-PT\",\"@id\":\"https:\/\/radarservice.eu\/pt-pt\/#\/schema\/logo\/image\/\",\"url\":\"https:\/\/radarservice.eu\/wp-content\/uploads\/2021\/03\/Radar_detector_service.png\",\"contentUrl\":\"https:\/\/radarservice.eu\/wp-content\/uploads\/2021\/03\/Radar_detector_service.png\",\"width\":174,\"height\":48,\"caption\":\"RadarService\"},\"image\":{\"@id\":\"https:\/\/radarservice.eu\/pt-pt\/#\/schema\/logo\/image\/\"}}]}<\/script>\n<!-- \/ Yoast SEO plugin. -->","yoast_head_json":{"title":"Beltronics Edi\u00e7\u00e3o STI-R PLUS M | Radar Service","description":"Beltronics STIR PLUS M Edition \u00e9 um detetor de radar fixo de gama alta e tamb\u00e9m deteta as novas mrcd\/MRCT\/Moving do Multaradar","robots":{"index":"index","follow":"follow","max-snippet":"max-snippet:-1","max-image-preview":"max-image-preview:large","max-video-preview":"max-video-preview:-1"},"canonical":"https:\/\/radarservice.eu\/pt-pt\/produto\/beltronics-edicao-sti-r-plus-m\/","og_locale":"pt_PT","og_type":"article","og_title":"Beltronics Edi\u00e7\u00e3o STI-R PLUS M | Radar Service","og_description":"Beltronics STIR PLUS M Edition \u00e9 um detetor de radar fixo de gama alta e tamb\u00e9m deteta as novas mrcd\/MRCT\/Moving do Multaradar","og_url":"https:\/\/radarservice.eu\/pt-pt\/produto\/beltronics-edicao-sti-r-plus-m\/","og_site_name":"Radar Service","og_image":[{"width":600,"height":480,"url":"https:\/\/radarservice.eu\/wp-content\/uploads\/2020\/09\/bel_stir_plus_m.jpg","type":"image\/jpeg"}],"twitter_card":"summary_large_image","schema":{"@context":"https:\/\/schema.org","@graph":[{"@type":"WebPage","@id":"https:\/\/radarservice.eu\/pt-pt\/produto\/beltronics-edicao-sti-r-plus-m\/","url":"https:\/\/radarservice.eu\/pt-pt\/produto\/beltronics-edicao-sti-r-plus-m\/","name":"Beltronics Edi\u00e7\u00e3o STI-R PLUS M | Radar Service","isPartOf":{"@id":"https:\/\/radarservice.eu\/pt-pt\/#website"},"primaryImageOfPage":{"@id":"https:\/\/radarservice.eu\/pt-pt\/produto\/beltronics-edicao-sti-r-plus-m\/#primaryimage"},"image":{"@id":"https:\/\/radarservice.eu\/pt-pt\/produto\/beltronics-edicao-sti-r-plus-m\/#primaryimage"},"thumbnailUrl":"https:\/\/radarservice.eu\/wp-content\/uploads\/2020\/09\/bel_stir_plus_m.jpg","datePublished":"2022-04-07T14:29:18+00:00","description":"Beltronics STIR PLUS M Edition \u00e9 um detetor de radar fixo de gama alta e tamb\u00e9m deteta as novas mrcd\/MRCT\/Moving do Multaradar","breadcrumb":{"@id":"https:\/\/radarservice.eu\/pt-pt\/produto\/beltronics-edicao-sti-r-plus-m\/#breadcrumb"},"inLanguage":"pt-PT","potentialAction":[{"@type":"ReadAction","target":["https:\/\/radarservice.eu\/pt-pt\/produto\/beltronics-edicao-sti-r-plus-m\/"]}]},{"@type":"ImageObject","inLanguage":"pt-PT","@id":"https:\/\/radarservice.eu\/pt-pt\/produto\/beltronics-edicao-sti-r-plus-m\/#primaryimage","url":"https:\/\/radarservice.eu\/wp-content\/uploads\/2020\/09\/bel_stir_plus_m.jpg","contentUrl":"https:\/\/radarservice.eu\/wp-content\/uploads\/2020\/09\/bel_stir_plus_m.jpg","width":600,"height":480,"caption":"Bel STiR Plus M Radar Detector"},{"@type":"BreadcrumbList","@id":"https:\/\/radarservice.eu\/pt-pt\/produto\/beltronics-edicao-sti-r-plus-m\/#breadcrumb","itemListElement":[{"@type":"ListItem","position":1,"name":"Loja","item":"https:\/\/radarservice.eu\/pt-pt\/loja\/"},{"@type":"ListItem","position":2,"name":"Beltronics Edi\u00e7\u00e3o STI-R PLUS M"}]},{"@type":"WebSite","@id":"https:\/\/radarservice.eu\/pt-pt\/#website","url":"https:\/\/radarservice.eu\/pt-pt\/","name":"Radar Service","description":"Radar detector Laser jammer mobile fix","publisher":{"@id":"https:\/\/radarservice.eu\/pt-pt\/#organization"},"potentialAction":[{"@type":"SearchAction","target":{"@type":"EntryPoint","urlTemplate":"https:\/\/radarservice.eu\/pt-pt\/?s={search_term_string}"},"query-input":{"@type":"PropertyValueSpecification","valueRequired":true,"valueName":"search_term_string"}}],"inLanguage":"pt-PT"},{"@type":"Organization","@id":"https:\/\/radarservice.eu\/pt-pt\/#organization","name":"RadarService","url":"https:\/\/radarservice.eu\/pt-pt\/","logo":{"@type":"ImageObject","inLanguage":"pt-PT","@id":"https:\/\/radarservice.eu\/pt-pt\/#\/schema\/logo\/image\/","url":"https:\/\/radarservice.eu\/wp-content\/uploads\/2021\/03\/Radar_detector_service.png","contentUrl":"https:\/\/radarservice.eu\/wp-content\/uploads\/2021\/03\/Radar_detector_service.png","width":174,"height":48,"caption":"RadarService"},"image":{"@id":"https:\/\/radarservice.eu\/pt-pt\/#\/schema\/logo\/image\/"}}]}},"_links":{"self":[{"href":"https:\/\/radarservice.eu\/pt-pt\/wp-json\/wp\/v2\/product\/18571","targetHints":{"allow":["GET"]}}],"collection":[{"href":"https:\/\/radarservice.eu\/pt-pt\/wp-json\/wp\/v2\/product"}],"about":[{"href":"https:\/\/radarservice.eu\/pt-pt\/wp-json\/wp\/v2\/types\/product"}],"replies":[{"embeddable":true,"href":"https:\/\/radarservice.eu\/pt-pt\/wp-json\/wp\/v2\/comments?post=18571"}],"wp:featuredmedia":[{"embeddable":true,"href":"https:\/\/radarservice.eu\/pt-pt\/wp-json\/wp\/v2\/media\/18572"}],"wp:attachment":[{"href":"https:\/\/radarservice.eu\/pt-pt\/wp-json\/wp\/v2\/media?parent=18571"}],"wp:term":[{"taxonomy":"product_brand","embeddable":true,"href":"https:\/\/radarservice.eu\/pt-pt\/wp-json\/wp\/v2\/product_brand?post=18571"},{"taxonomy":"product_cat","embeddable":true,"href":"https:\/\/radarservice.eu\/pt-pt\/wp-json\/wp\/v2\/product_cat?post=18571"},{"taxonomy":"product_tag","embeddable":true,"href":"https:\/\/radarservice.eu\/pt-pt\/wp-json\/wp\/v2\/product_tag?post=18571"}],"curies":[{"name":"wp","href":"https:\/\/api.w.org\/{rel}","templated":true}]}}