{"id":18566,"date":"2022-04-07T16:21:34","date_gmt":"2022-04-07T14:21:34","guid":{"rendered":"https:\/\/radarservice.eu\/produkt\/bloqueador-de-laser-hp-905-cego\/"},"modified":"2022-04-07T16:21:34","modified_gmt":"2022-04-07T14:21:34","slug":"bloqueador-de-laser-hp-905-cego","status":"publish","type":"product","link":"https:\/\/radarservice.eu\/pt-pt\/produto\/bloqueador-de-laser-hp-905-cego\/","title":{"rendered":"Bloqueador de laser HP-905 cego"},"content":{"rendered":"<p>O Blinder HP 905 \u00e9 a vers\u00e3o atual do bloqueador de laser de Blinder da Dinamarca. O interferore laser HP905 oferece agora d\u00edodos laser em vez de LEDs, uma vez que t\u00eam sido usados pela empresa Antilaser h\u00e1 algum tempo. Os d\u00edodos laser recentemente desenvolvidos oferecem um aumento de desempenho quase 100 vezes superior em compara\u00e7\u00e3o com os modelos antecessores com tecnologia LED. Al\u00e9m disso, foi tomado o cuidado no novo desenvolvimento para garantir que os sensores s\u00e3o extremamente compactos e inconspicuamente instalados.<br \/>\nUtilizando as v\u00e1rias op\u00e7\u00f5es de regula\u00e7\u00e3o, a pessoa cega pode ser configurada como um assistente de estacionamento puro, sistema de aviso a laser ou como um perturbador laser.<\/p>\n<p><strong>Propriedades:<\/strong><br \/>\n+ Assist\u00eancia de Estacionamento \/ Bloqueio \/ Modo de dete\u00e7\u00e3o ajust\u00e1vel<br \/>\n+ Sensores laser Ultra Compactos (muito pequenos!) <br \/>\n+ D\u00edodos laser de alta pot\u00eancia com dete\u00e7\u00e3o de ultra alto desempenho<br \/>\n+ caixa de sensores de alum\u00ednio anodizados \u00e0 prova de \u00e1gua<br \/>\n+ Alarme aud\u00edvel (sinal de voz aut\u00eantica)<br \/>\n+ Dimens\u00f5es dos sensores: 51 mm x 34 mm x 12,7 mm<br \/>\n+ Dimens\u00f5es da unidade de controlo: 51 mm x 34 mm x 12,7 mm<\/p>\n<p><strong>\u00c2mbito de entrega:<\/strong><br \/>\n* Sensores laser<br \/>\n* Unidade de controlo com altifalante<br \/>\n* Cabo USB<br \/>\n* Montagem de material<br \/>\n* Manual de instru\u00e7\u00f5es<\/p>\n","protected":false},"excerpt":{"rendered":"<p>O Blinder HP 905 \u00e9 a vers\u00e3o atual do bloqueador de laser de Blinder da Dinamarca. O interferore laser HP905 oferece agora d\u00edodos laser em vez de LEDs, uma vez que t\u00eam sido usados pela empresa Antilaser h\u00e1 algum tempo. Os d\u00edodos laser recentemente desenvolvidos oferecem um aumento de desempenho quase 100 vezes superior em [&#8230;]\n","protected":false},"featured_media":18567,"comment_status":"open","ping_status":"closed","template":"","meta":[],"product_brand":[],"product_cat":[1981,2042],"product_tag":[2283,2282,2202,2136,2203],"class_list":{"0":"post-18566","1":"product","2":"type-product","3":"status-publish","4":"has-post-thumbnail","6":"product_cat-blinder-pt-pt","7":"product_cat-bloqueador-de-laser","8":"product_tag-assistencia-ao-estacionamento","9":"product_tag-blinder-hp-905-pt-pt","10":"product_tag-bloqueadores-de-laser","11":"product_tag-detector-de-laser","12":"product_tag-perturbadores-a-laser","14":"first","15":"instock","16":"taxable","17":"shipping-taxable","18":"purchasable","19":"product-type-simple"},"yoast_head":"<!-- This site is optimized with the Yoast SEO plugin v27.2 - https:\/\/yoast.com\/product\/yoast-seo-wordpress\/ -->\n<title>Bloqueador de laser HP-905 cego | Radar Service<\/title>\n<meta name=\"description\" content=\"O bloqueador de laser HP 905 cego e o apoio ao estacionamento. Os d\u00edodos laser recentemente desenvolvidos funcionam de forma fi\u00e1vel como perturbadores a laser na Europa.\" \/>\n<meta name=\"robots\" content=\"index, follow, max-snippet:-1, max-image-preview:large, max-video-preview:-1\" \/>\n<link rel=\"canonical\" href=\"https:\/\/radarservice.eu\/pt-pt\/produto\/bloqueador-de-laser-hp-905-cego\/\" \/>\n<meta property=\"og:locale\" content=\"pt_PT\" \/>\n<meta property=\"og:type\" content=\"article\" \/>\n<meta property=\"og:title\" content=\"Bloqueador de laser HP-905 cego | Radar Service\" \/>\n<meta property=\"og:description\" content=\"O bloqueador de laser HP 905 cego e o apoio ao estacionamento. Os d\u00edodos laser recentemente desenvolvidos funcionam de forma fi\u00e1vel como perturbadores a laser na Europa.\" \/>\n<meta property=\"og:url\" content=\"https:\/\/radarservice.eu\/pt-pt\/produto\/bloqueador-de-laser-hp-905-cego\/\" \/>\n<meta property=\"og:site_name\" content=\"Radar Service\" \/>\n<meta property=\"og:image\" content=\"https:\/\/radarservice.eu\/wp-content\/uploads\/2020\/09\/file_1_12.jpg\" \/>\n\t<meta property=\"og:image:width\" content=\"743\" \/>\n\t<meta property=\"og:image:height\" content=\"600\" \/>\n\t<meta property=\"og:image:type\" content=\"image\/jpeg\" \/>\n<meta name=\"twitter:card\" content=\"summary_large_image\" \/>\n<meta name=\"twitter:label1\" content=\"Tempo estimado de leitura\" \/>\n\t<meta name=\"twitter:data1\" content=\"1 minuto\" \/>\n<script type=\"application\/ld+json\" class=\"yoast-schema-graph\">{\"@context\":\"https:\/\/schema.org\",\"@graph\":[{\"@type\":\"WebPage\",\"@id\":\"https:\/\/radarservice.eu\/pt-pt\/produto\/bloqueador-de-laser-hp-905-cego\/\",\"url\":\"https:\/\/radarservice.eu\/pt-pt\/produto\/bloqueador-de-laser-hp-905-cego\/\",\"name\":\"Bloqueador de laser HP-905 cego | Radar Service\",\"isPartOf\":{\"@id\":\"https:\/\/radarservice.eu\/pt-pt\/#website\"},\"primaryImageOfPage\":{\"@id\":\"https:\/\/radarservice.eu\/pt-pt\/produto\/bloqueador-de-laser-hp-905-cego\/#primaryimage\"},\"image\":{\"@id\":\"https:\/\/radarservice.eu\/pt-pt\/produto\/bloqueador-de-laser-hp-905-cego\/#primaryimage\"},\"thumbnailUrl\":\"https:\/\/radarservice.eu\/wp-content\/uploads\/2020\/09\/file_1_12.jpg\",\"datePublished\":\"2022-04-07T14:21:34+00:00\",\"description\":\"O bloqueador de laser HP 905 cego e o apoio ao estacionamento. Os d\u00edodos laser recentemente desenvolvidos funcionam de forma fi\u00e1vel como perturbadores a laser na Europa.\",\"breadcrumb\":{\"@id\":\"https:\/\/radarservice.eu\/pt-pt\/produto\/bloqueador-de-laser-hp-905-cego\/#breadcrumb\"},\"inLanguage\":\"pt-PT\",\"potentialAction\":[{\"@type\":\"ReadAction\",\"target\":[\"https:\/\/radarservice.eu\/pt-pt\/produto\/bloqueador-de-laser-hp-905-cego\/\"]}]},{\"@type\":\"ImageObject\",\"inLanguage\":\"pt-PT\",\"@id\":\"https:\/\/radarservice.eu\/pt-pt\/produto\/bloqueador-de-laser-hp-905-cego\/#primaryimage\",\"url\":\"https:\/\/radarservice.eu\/wp-content\/uploads\/2020\/09\/file_1_12.jpg\",\"contentUrl\":\"https:\/\/radarservice.eu\/wp-content\/uploads\/2020\/09\/file_1_12.jpg\",\"width\":743,\"height\":600,\"caption\":\"Encravamento cego HP-905 Laser Jammer\"},{\"@type\":\"BreadcrumbList\",\"@id\":\"https:\/\/radarservice.eu\/pt-pt\/produto\/bloqueador-de-laser-hp-905-cego\/#breadcrumb\",\"itemListElement\":[{\"@type\":\"ListItem\",\"position\":1,\"name\":\"Loja\",\"item\":\"https:\/\/radarservice.eu\/pt-pt\/loja\/\"},{\"@type\":\"ListItem\",\"position\":2,\"name\":\"Bloqueador de laser HP-905 cego\"}]},{\"@type\":\"WebSite\",\"@id\":\"https:\/\/radarservice.eu\/pt-pt\/#website\",\"url\":\"https:\/\/radarservice.eu\/pt-pt\/\",\"name\":\"Radar Service\",\"description\":\"Radar detector Laser jammer mobile fix\",\"publisher\":{\"@id\":\"https:\/\/radarservice.eu\/pt-pt\/#organization\"},\"potentialAction\":[{\"@type\":\"SearchAction\",\"target\":{\"@type\":\"EntryPoint\",\"urlTemplate\":\"https:\/\/radarservice.eu\/pt-pt\/?s={search_term_string}\"},\"query-input\":{\"@type\":\"PropertyValueSpecification\",\"valueRequired\":true,\"valueName\":\"search_term_string\"}}],\"inLanguage\":\"pt-PT\"},{\"@type\":\"Organization\",\"@id\":\"https:\/\/radarservice.eu\/pt-pt\/#organization\",\"name\":\"RadarService\",\"url\":\"https:\/\/radarservice.eu\/pt-pt\/\",\"logo\":{\"@type\":\"ImageObject\",\"inLanguage\":\"pt-PT\",\"@id\":\"https:\/\/radarservice.eu\/pt-pt\/#\/schema\/logo\/image\/\",\"url\":\"https:\/\/radarservice.eu\/wp-content\/uploads\/2021\/03\/Radar_detector_service.png\",\"contentUrl\":\"https:\/\/radarservice.eu\/wp-content\/uploads\/2021\/03\/Radar_detector_service.png\",\"width\":174,\"height\":48,\"caption\":\"RadarService\"},\"image\":{\"@id\":\"https:\/\/radarservice.eu\/pt-pt\/#\/schema\/logo\/image\/\"}}]}<\/script>\n<!-- \/ Yoast SEO plugin. -->","yoast_head_json":{"title":"Bloqueador de laser HP-905 cego | Radar Service","description":"O bloqueador de laser HP 905 cego e o apoio ao estacionamento. Os d\u00edodos laser recentemente desenvolvidos funcionam de forma fi\u00e1vel como perturbadores a laser na Europa.","robots":{"index":"index","follow":"follow","max-snippet":"max-snippet:-1","max-image-preview":"max-image-preview:large","max-video-preview":"max-video-preview:-1"},"canonical":"https:\/\/radarservice.eu\/pt-pt\/produto\/bloqueador-de-laser-hp-905-cego\/","og_locale":"pt_PT","og_type":"article","og_title":"Bloqueador de laser HP-905 cego | Radar Service","og_description":"O bloqueador de laser HP 905 cego e o apoio ao estacionamento. Os d\u00edodos laser recentemente desenvolvidos funcionam de forma fi\u00e1vel como perturbadores a laser na Europa.","og_url":"https:\/\/radarservice.eu\/pt-pt\/produto\/bloqueador-de-laser-hp-905-cego\/","og_site_name":"Radar Service","og_image":[{"width":743,"height":600,"url":"https:\/\/radarservice.eu\/wp-content\/uploads\/2020\/09\/file_1_12.jpg","type":"image\/jpeg"}],"twitter_card":"summary_large_image","twitter_misc":{"Tempo estimado de leitura":"1 minuto"},"schema":{"@context":"https:\/\/schema.org","@graph":[{"@type":"WebPage","@id":"https:\/\/radarservice.eu\/pt-pt\/produto\/bloqueador-de-laser-hp-905-cego\/","url":"https:\/\/radarservice.eu\/pt-pt\/produto\/bloqueador-de-laser-hp-905-cego\/","name":"Bloqueador de laser HP-905 cego | Radar Service","isPartOf":{"@id":"https:\/\/radarservice.eu\/pt-pt\/#website"},"primaryImageOfPage":{"@id":"https:\/\/radarservice.eu\/pt-pt\/produto\/bloqueador-de-laser-hp-905-cego\/#primaryimage"},"image":{"@id":"https:\/\/radarservice.eu\/pt-pt\/produto\/bloqueador-de-laser-hp-905-cego\/#primaryimage"},"thumbnailUrl":"https:\/\/radarservice.eu\/wp-content\/uploads\/2020\/09\/file_1_12.jpg","datePublished":"2022-04-07T14:21:34+00:00","description":"O bloqueador de laser HP 905 cego e o apoio ao estacionamento. Os d\u00edodos laser recentemente desenvolvidos funcionam de forma fi\u00e1vel como perturbadores a laser na Europa.","breadcrumb":{"@id":"https:\/\/radarservice.eu\/pt-pt\/produto\/bloqueador-de-laser-hp-905-cego\/#breadcrumb"},"inLanguage":"pt-PT","potentialAction":[{"@type":"ReadAction","target":["https:\/\/radarservice.eu\/pt-pt\/produto\/bloqueador-de-laser-hp-905-cego\/"]}]},{"@type":"ImageObject","inLanguage":"pt-PT","@id":"https:\/\/radarservice.eu\/pt-pt\/produto\/bloqueador-de-laser-hp-905-cego\/#primaryimage","url":"https:\/\/radarservice.eu\/wp-content\/uploads\/2020\/09\/file_1_12.jpg","contentUrl":"https:\/\/radarservice.eu\/wp-content\/uploads\/2020\/09\/file_1_12.jpg","width":743,"height":600,"caption":"Encravamento cego HP-905 Laser Jammer"},{"@type":"BreadcrumbList","@id":"https:\/\/radarservice.eu\/pt-pt\/produto\/bloqueador-de-laser-hp-905-cego\/#breadcrumb","itemListElement":[{"@type":"ListItem","position":1,"name":"Loja","item":"https:\/\/radarservice.eu\/pt-pt\/loja\/"},{"@type":"ListItem","position":2,"name":"Bloqueador de laser HP-905 cego"}]},{"@type":"WebSite","@id":"https:\/\/radarservice.eu\/pt-pt\/#website","url":"https:\/\/radarservice.eu\/pt-pt\/","name":"Radar Service","description":"Radar detector Laser jammer mobile fix","publisher":{"@id":"https:\/\/radarservice.eu\/pt-pt\/#organization"},"potentialAction":[{"@type":"SearchAction","target":{"@type":"EntryPoint","urlTemplate":"https:\/\/radarservice.eu\/pt-pt\/?s={search_term_string}"},"query-input":{"@type":"PropertyValueSpecification","valueRequired":true,"valueName":"search_term_string"}}],"inLanguage":"pt-PT"},{"@type":"Organization","@id":"https:\/\/radarservice.eu\/pt-pt\/#organization","name":"RadarService","url":"https:\/\/radarservice.eu\/pt-pt\/","logo":{"@type":"ImageObject","inLanguage":"pt-PT","@id":"https:\/\/radarservice.eu\/pt-pt\/#\/schema\/logo\/image\/","url":"https:\/\/radarservice.eu\/wp-content\/uploads\/2021\/03\/Radar_detector_service.png","contentUrl":"https:\/\/radarservice.eu\/wp-content\/uploads\/2021\/03\/Radar_detector_service.png","width":174,"height":48,"caption":"RadarService"},"image":{"@id":"https:\/\/radarservice.eu\/pt-pt\/#\/schema\/logo\/image\/"}}]}},"_links":{"self":[{"href":"https:\/\/radarservice.eu\/pt-pt\/wp-json\/wp\/v2\/product\/18566","targetHints":{"allow":["GET"]}}],"collection":[{"href":"https:\/\/radarservice.eu\/pt-pt\/wp-json\/wp\/v2\/product"}],"about":[{"href":"https:\/\/radarservice.eu\/pt-pt\/wp-json\/wp\/v2\/types\/product"}],"replies":[{"embeddable":true,"href":"https:\/\/radarservice.eu\/pt-pt\/wp-json\/wp\/v2\/comments?post=18566"}],"wp:featuredmedia":[{"embeddable":true,"href":"https:\/\/radarservice.eu\/pt-pt\/wp-json\/wp\/v2\/media\/18567"}],"wp:attachment":[{"href":"https:\/\/radarservice.eu\/pt-pt\/wp-json\/wp\/v2\/media?parent=18566"}],"wp:term":[{"taxonomy":"product_brand","embeddable":true,"href":"https:\/\/radarservice.eu\/pt-pt\/wp-json\/wp\/v2\/product_brand?post=18566"},{"taxonomy":"product_cat","embeddable":true,"href":"https:\/\/radarservice.eu\/pt-pt\/wp-json\/wp\/v2\/product_cat?post=18566"},{"taxonomy":"product_tag","embeddable":true,"href":"https:\/\/radarservice.eu\/pt-pt\/wp-json\/wp\/v2\/product_tag?post=18566"}],"curies":[{"name":"wp","href":"https:\/\/api.w.org\/{rel}","templated":true}]}}