{"id":18563,"date":"2022-04-07T16:18:51","date_gmt":"2022-04-07T14:18:51","guid":{"rendered":"https:\/\/radarservice.eu\/produkt\/blind-m27-m47-xtreme-laser-disturber\/"},"modified":"2022-04-07T16:18:51","modified_gmt":"2022-04-07T14:18:51","slug":"blind-m27-m47-xtreme-laser-disturber","status":"publish","type":"product","link":"https:\/\/radarservice.eu\/pt-pt\/produto\/blind-m27-m47-xtreme-laser-disturber\/","title":{"rendered":"Blind M27 &#038; M47 XTREME Laser Disturber"},"content":{"rendered":"<p>O Blinder M27 &amp; M47 X-TREME \u00e9 o antecessor do Blinder HP 905 e ainda conta com LEDs para prote\u00e7\u00e3o a laser. Por conseguinte, a utiliza\u00e7\u00e3o na Europa s\u00f3 \u00e9 recomendada de forma limitada.<br \/>\nO sucessor HP905 trabalha com d\u00edodos laser e \u00e9, portanto, quase 100 vezes mais potente e tamb\u00e9m significativamente menor em dimens\u00f5es.<br \/>\nO M27 &amp; M47 pode ser configurado atrav\u00e9s das v\u00e1rias op\u00e7\u00f5es de defini\u00e7\u00e3o como assistente de estacionamento puro, detetor de laser ou como um perturbador a laser.<\/p>\n<p><strong>Vis\u00e3o geral:<\/strong><br \/>\n+ Assist\u00eancia de Estacionamento \/ Bloqueio \/ Modo de dete\u00e7\u00e3o ajust\u00e1vel<br \/>\n+ caixa de sensores imperme\u00e1veis<br \/>\n+ alarme sonoro<br \/>\n+ Dimens\u00f5es dos sensores: 90,0 x 17,0 x 50,0 mm<\/p>\n<p><strong>\u00c2mbito de entrega:<\/strong><br \/>\n* Sensores blinder<br \/>\n* Unidade de controlo com porta USB<br \/>\n* Orador<br \/>\n* Montagem de material<br \/>\n* Manual de instru\u00e7\u00f5es<\/p>\n<p><strong>Nota:<\/strong> para utiliza\u00e7\u00e3o na Europa Ocidental recomendamos os bloqueadores de laser Blinder HP905, Genevo FF2 ou AL Priority.<\/p>\n","protected":false},"excerpt":{"rendered":"<p>O Blinder M27 &amp; M47 X-TREME \u00e9 o antecessor do Blinder HP 905 e ainda conta com LEDs para prote\u00e7\u00e3o a laser. Por conseguinte, a utiliza\u00e7\u00e3o na Europa s\u00f3 \u00e9 recomendada de forma limitada. O sucessor HP905 trabalha com d\u00edodos laser e \u00e9, portanto, quase 100 vezes mais potente e tamb\u00e9m significativamente menor em dimens\u00f5es. [&#8230;]\n","protected":false},"featured_media":18565,"comment_status":"open","ping_status":"closed","template":"","meta":[],"product_brand":[],"product_cat":[1981,2042],"product_tag":[2278,2279,2202,2280,2281,2203],"class_list":{"0":"post-18563","1":"product","2":"type-product","3":"status-publish","4":"has-post-thumbnail","6":"product_cat-blinder-pt-pt","7":"product_cat-bloqueador-de-laser","8":"product_tag-blinder-pt-pt","9":"product_tag-blinder-x-treme-pt-pt","10":"product_tag-bloqueadores-de-laser","11":"product_tag-m27-pt-pt","12":"product_tag-m47-pt-pt","13":"product_tag-perturbadores-a-laser","15":"first","16":"outofstock","17":"taxable","18":"shipping-taxable","19":"purchasable","20":"product-type-simple"},"yoast_head":"<!-- This site is optimized with the Yoast SEO plugin v27.2 - https:\/\/yoast.com\/product\/yoast-seo-wordpress\/ -->\n<title>Blind M27 &amp; M47 XTREME Laser Disturber | Radar Service<\/title>\n<meta name=\"description\" content=\"Blind M27 &amp; M47 XTREME Laser Disturber | Radar Service\" \/>\n<meta name=\"robots\" content=\"index, follow, max-snippet:-1, max-image-preview:large, max-video-preview:-1\" \/>\n<link rel=\"canonical\" href=\"https:\/\/radarservice.eu\/pt-pt\/produto\/blind-m27-m47-xtreme-laser-disturber\/\" \/>\n<meta property=\"og:locale\" content=\"pt_PT\" \/>\n<meta property=\"og:type\" content=\"article\" \/>\n<meta property=\"og:title\" content=\"Blind M27 &amp; M47 XTREME Laser Disturber | Radar Service\" \/>\n<meta property=\"og:description\" content=\"Blind M27 &amp; M47 XTREME Laser Disturber | Radar Service\" \/>\n<meta property=\"og:url\" content=\"https:\/\/radarservice.eu\/pt-pt\/produto\/blind-m27-m47-xtreme-laser-disturber\/\" \/>\n<meta property=\"og:site_name\" content=\"Radar Service\" \/>\n<meta property=\"og:image\" content=\"https:\/\/radarservice.eu\/wp-content\/uploads\/2020\/09\/blinder_m27_xtreme.jpg\" \/>\n\t<meta property=\"og:image:width\" content=\"750\" \/>\n\t<meta property=\"og:image:height\" content=\"563\" \/>\n\t<meta property=\"og:image:type\" content=\"image\/jpeg\" \/>\n<meta name=\"twitter:card\" content=\"summary_large_image\" \/>\n<meta name=\"twitter:label1\" content=\"Tempo estimado de leitura\" \/>\n\t<meta name=\"twitter:data1\" content=\"1 minuto\" \/>\n<script type=\"application\/ld+json\" class=\"yoast-schema-graph\">{\"@context\":\"https:\/\/schema.org\",\"@graph\":[{\"@type\":\"WebPage\",\"@id\":\"https:\/\/radarservice.eu\/pt-pt\/produto\/blind-m27-m47-xtreme-laser-disturber\/\",\"url\":\"https:\/\/radarservice.eu\/pt-pt\/produto\/blind-m27-m47-xtreme-laser-disturber\/\",\"name\":\"Blind M27 & M47 XTREME Laser Disturber | Radar Service\",\"isPartOf\":{\"@id\":\"https:\/\/radarservice.eu\/pt-pt\/#website\"},\"primaryImageOfPage\":{\"@id\":\"https:\/\/radarservice.eu\/pt-pt\/produto\/blind-m27-m47-xtreme-laser-disturber\/#primaryimage\"},\"image\":{\"@id\":\"https:\/\/radarservice.eu\/pt-pt\/produto\/blind-m27-m47-xtreme-laser-disturber\/#primaryimage\"},\"thumbnailUrl\":\"https:\/\/radarservice.eu\/wp-content\/uploads\/2020\/09\/blinder_m27_xtreme.jpg\",\"datePublished\":\"2022-04-07T14:18:51+00:00\",\"description\":\"Blind M27 & M47 XTREME Laser Disturber | Radar Service\",\"breadcrumb\":{\"@id\":\"https:\/\/radarservice.eu\/pt-pt\/produto\/blind-m27-m47-xtreme-laser-disturber\/#breadcrumb\"},\"inLanguage\":\"pt-PT\",\"potentialAction\":[{\"@type\":\"ReadAction\",\"target\":[\"https:\/\/radarservice.eu\/pt-pt\/produto\/blind-m27-m47-xtreme-laser-disturber\/\"]}]},{\"@type\":\"ImageObject\",\"inLanguage\":\"pt-PT\",\"@id\":\"https:\/\/radarservice.eu\/pt-pt\/produto\/blind-m27-m47-xtreme-laser-disturber\/#primaryimage\",\"url\":\"https:\/\/radarservice.eu\/wp-content\/uploads\/2020\/09\/blinder_m27_xtreme.jpg\",\"contentUrl\":\"https:\/\/radarservice.eu\/wp-content\/uploads\/2020\/09\/blinder_m27_xtreme.jpg\",\"width\":750,\"height\":563,\"caption\":\"Blinder M27 xtreme\"},{\"@type\":\"BreadcrumbList\",\"@id\":\"https:\/\/radarservice.eu\/pt-pt\/produto\/blind-m27-m47-xtreme-laser-disturber\/#breadcrumb\",\"itemListElement\":[{\"@type\":\"ListItem\",\"position\":1,\"name\":\"Loja\",\"item\":\"https:\/\/radarservice.eu\/pt-pt\/loja\/\"},{\"@type\":\"ListItem\",\"position\":2,\"name\":\"Blind M27 &#038; M47 XTREME Laser Disturber\"}]},{\"@type\":\"WebSite\",\"@id\":\"https:\/\/radarservice.eu\/pt-pt\/#website\",\"url\":\"https:\/\/radarservice.eu\/pt-pt\/\",\"name\":\"Radar Service\",\"description\":\"Radar detector Laser jammer mobile fix\",\"publisher\":{\"@id\":\"https:\/\/radarservice.eu\/pt-pt\/#organization\"},\"potentialAction\":[{\"@type\":\"SearchAction\",\"target\":{\"@type\":\"EntryPoint\",\"urlTemplate\":\"https:\/\/radarservice.eu\/pt-pt\/?s={search_term_string}\"},\"query-input\":{\"@type\":\"PropertyValueSpecification\",\"valueRequired\":true,\"valueName\":\"search_term_string\"}}],\"inLanguage\":\"pt-PT\"},{\"@type\":\"Organization\",\"@id\":\"https:\/\/radarservice.eu\/pt-pt\/#organization\",\"name\":\"RadarService\",\"url\":\"https:\/\/radarservice.eu\/pt-pt\/\",\"logo\":{\"@type\":\"ImageObject\",\"inLanguage\":\"pt-PT\",\"@id\":\"https:\/\/radarservice.eu\/pt-pt\/#\/schema\/logo\/image\/\",\"url\":\"https:\/\/radarservice.eu\/wp-content\/uploads\/2021\/03\/Radar_detector_service.png\",\"contentUrl\":\"https:\/\/radarservice.eu\/wp-content\/uploads\/2021\/03\/Radar_detector_service.png\",\"width\":174,\"height\":48,\"caption\":\"RadarService\"},\"image\":{\"@id\":\"https:\/\/radarservice.eu\/pt-pt\/#\/schema\/logo\/image\/\"}}]}<\/script>\n<!-- \/ Yoast SEO plugin. -->","yoast_head_json":{"title":"Blind M27 & M47 XTREME Laser Disturber | Radar Service","description":"Blind M27 & M47 XTREME Laser Disturber | Radar Service","robots":{"index":"index","follow":"follow","max-snippet":"max-snippet:-1","max-image-preview":"max-image-preview:large","max-video-preview":"max-video-preview:-1"},"canonical":"https:\/\/radarservice.eu\/pt-pt\/produto\/blind-m27-m47-xtreme-laser-disturber\/","og_locale":"pt_PT","og_type":"article","og_title":"Blind M27 & M47 XTREME Laser Disturber | Radar Service","og_description":"Blind M27 & M47 XTREME Laser Disturber | Radar Service","og_url":"https:\/\/radarservice.eu\/pt-pt\/produto\/blind-m27-m47-xtreme-laser-disturber\/","og_site_name":"Radar Service","og_image":[{"width":750,"height":563,"url":"https:\/\/radarservice.eu\/wp-content\/uploads\/2020\/09\/blinder_m27_xtreme.jpg","type":"image\/jpeg"}],"twitter_card":"summary_large_image","twitter_misc":{"Tempo estimado de leitura":"1 minuto"},"schema":{"@context":"https:\/\/schema.org","@graph":[{"@type":"WebPage","@id":"https:\/\/radarservice.eu\/pt-pt\/produto\/blind-m27-m47-xtreme-laser-disturber\/","url":"https:\/\/radarservice.eu\/pt-pt\/produto\/blind-m27-m47-xtreme-laser-disturber\/","name":"Blind M27 & M47 XTREME Laser Disturber | Radar Service","isPartOf":{"@id":"https:\/\/radarservice.eu\/pt-pt\/#website"},"primaryImageOfPage":{"@id":"https:\/\/radarservice.eu\/pt-pt\/produto\/blind-m27-m47-xtreme-laser-disturber\/#primaryimage"},"image":{"@id":"https:\/\/radarservice.eu\/pt-pt\/produto\/blind-m27-m47-xtreme-laser-disturber\/#primaryimage"},"thumbnailUrl":"https:\/\/radarservice.eu\/wp-content\/uploads\/2020\/09\/blinder_m27_xtreme.jpg","datePublished":"2022-04-07T14:18:51+00:00","description":"Blind M27 & M47 XTREME Laser Disturber | Radar Service","breadcrumb":{"@id":"https:\/\/radarservice.eu\/pt-pt\/produto\/blind-m27-m47-xtreme-laser-disturber\/#breadcrumb"},"inLanguage":"pt-PT","potentialAction":[{"@type":"ReadAction","target":["https:\/\/radarservice.eu\/pt-pt\/produto\/blind-m27-m47-xtreme-laser-disturber\/"]}]},{"@type":"ImageObject","inLanguage":"pt-PT","@id":"https:\/\/radarservice.eu\/pt-pt\/produto\/blind-m27-m47-xtreme-laser-disturber\/#primaryimage","url":"https:\/\/radarservice.eu\/wp-content\/uploads\/2020\/09\/blinder_m27_xtreme.jpg","contentUrl":"https:\/\/radarservice.eu\/wp-content\/uploads\/2020\/09\/blinder_m27_xtreme.jpg","width":750,"height":563,"caption":"Blinder M27 xtreme"},{"@type":"BreadcrumbList","@id":"https:\/\/radarservice.eu\/pt-pt\/produto\/blind-m27-m47-xtreme-laser-disturber\/#breadcrumb","itemListElement":[{"@type":"ListItem","position":1,"name":"Loja","item":"https:\/\/radarservice.eu\/pt-pt\/loja\/"},{"@type":"ListItem","position":2,"name":"Blind M27 &#038; M47 XTREME Laser Disturber"}]},{"@type":"WebSite","@id":"https:\/\/radarservice.eu\/pt-pt\/#website","url":"https:\/\/radarservice.eu\/pt-pt\/","name":"Radar Service","description":"Radar detector Laser jammer mobile fix","publisher":{"@id":"https:\/\/radarservice.eu\/pt-pt\/#organization"},"potentialAction":[{"@type":"SearchAction","target":{"@type":"EntryPoint","urlTemplate":"https:\/\/radarservice.eu\/pt-pt\/?s={search_term_string}"},"query-input":{"@type":"PropertyValueSpecification","valueRequired":true,"valueName":"search_term_string"}}],"inLanguage":"pt-PT"},{"@type":"Organization","@id":"https:\/\/radarservice.eu\/pt-pt\/#organization","name":"RadarService","url":"https:\/\/radarservice.eu\/pt-pt\/","logo":{"@type":"ImageObject","inLanguage":"pt-PT","@id":"https:\/\/radarservice.eu\/pt-pt\/#\/schema\/logo\/image\/","url":"https:\/\/radarservice.eu\/wp-content\/uploads\/2021\/03\/Radar_detector_service.png","contentUrl":"https:\/\/radarservice.eu\/wp-content\/uploads\/2021\/03\/Radar_detector_service.png","width":174,"height":48,"caption":"RadarService"},"image":{"@id":"https:\/\/radarservice.eu\/pt-pt\/#\/schema\/logo\/image\/"}}]}},"_links":{"self":[{"href":"https:\/\/radarservice.eu\/pt-pt\/wp-json\/wp\/v2\/product\/18563","targetHints":{"allow":["GET"]}}],"collection":[{"href":"https:\/\/radarservice.eu\/pt-pt\/wp-json\/wp\/v2\/product"}],"about":[{"href":"https:\/\/radarservice.eu\/pt-pt\/wp-json\/wp\/v2\/types\/product"}],"replies":[{"embeddable":true,"href":"https:\/\/radarservice.eu\/pt-pt\/wp-json\/wp\/v2\/comments?post=18563"}],"wp:featuredmedia":[{"embeddable":true,"href":"https:\/\/radarservice.eu\/pt-pt\/wp-json\/wp\/v2\/media\/18565"}],"wp:attachment":[{"href":"https:\/\/radarservice.eu\/pt-pt\/wp-json\/wp\/v2\/media?parent=18563"}],"wp:term":[{"taxonomy":"product_brand","embeddable":true,"href":"https:\/\/radarservice.eu\/pt-pt\/wp-json\/wp\/v2\/product_brand?post=18563"},{"taxonomy":"product_cat","embeddable":true,"href":"https:\/\/radarservice.eu\/pt-pt\/wp-json\/wp\/v2\/product_cat?post=18563"},{"taxonomy":"product_tag","embeddable":true,"href":"https:\/\/radarservice.eu\/pt-pt\/wp-json\/wp\/v2\/product_tag?post=18563"}],"curies":[{"name":"wp","href":"https:\/\/api.w.org\/{rel}","templated":true}]}}