{"id":18561,"date":"2022-04-07T16:17:22","date_gmt":"2022-04-07T14:17:22","guid":{"rendered":"https:\/\/radarservice.eu\/produkt\/interface-canbus-para-veiculos-mercedes-benz\/"},"modified":"2022-04-07T16:17:22","modified_gmt":"2022-04-07T14:17:22","slug":"interface-canbus-para-veiculos-mercedes-benz","status":"publish","type":"product","link":"https:\/\/radarservice.eu\/pt-pt\/produto\/interface-canbus-para-veiculos-mercedes-benz\/","title":{"rendered":"Interface CANbus para ve\u00edculos Mercedes-Benz"},"content":{"rendered":"<p>Interface CANbus para STiR Plus e Mercedes-Benz, para uma liga\u00e7\u00e3o completamente invis\u00edvel do sistema de alerta de radar ao ecr\u00e3 a bordo da Mercedes-Benz e ao sistema de controlo do volante.<\/p>\n<p><strong>Vis\u00e3o geral:<\/strong><br \/>\n+ todas as mensagens de radar ou avisos aparecem diretamente no Mercedes Cockpit<br \/>\n+ funcionamento completo atrav\u00e9s do volante poss\u00edvel<br \/>\n+ o ecr\u00e3 e o m\u00f3dulo operativo original STiR Plus podem ser instalados de forma completamente invisivelmente<br \/>\n+ liga\u00e7\u00e3o f\u00e1cil ao sistema CANbus do seu ve\u00edculo Mercedes-Benz<\/p>\n<p><strong>\u00c2mbito de entrega:<\/strong><br \/>\n* M\u00f3dulo CANbus<br \/>\n* As instru\u00e7\u00f5es de instala\u00e7\u00e3o do respetivo modelo est\u00e3o inclu\u00eddas<\/p>\n<p><strong>Compatibilidade:<\/strong><br \/>\n* Mercedes Classe C (do ano de constru\u00e7\u00e3o 2008)<br \/>\n* Mercedes CL (do ano de constru\u00e7\u00e3o 2007)<br \/>\n* Mercedes CLS (a partir do ano de constru\u00e7\u00e3o 2009)<br \/>\n* Mercedes Classe E (do ano de constru\u00e7\u00e3o 2009)<br \/>\n* Mercedes GL (do ano de constru\u00e7\u00e3o 2006)<br \/>\n* Mercedes GLK (a partir do ano de constru\u00e7\u00e3o. 2008)<br \/>\n* Mercedes ML (a partir do ano de constru\u00e7\u00e3o 2006)<br \/>\n* Mercedes Classe R (do ano de constru\u00e7\u00e3o 2006)<br \/>\n* Mercedes Classe S (do ano de constru\u00e7\u00e3o 2007)<br \/>\n* Mercedes SL (a partir do ano de constru\u00e7\u00e3o de 2004)<\/p>\n","protected":false},"excerpt":{"rendered":"<p>Interface CANbus para STiR Plus e Mercedes-Benz, para uma liga\u00e7\u00e3o completamente invis\u00edvel do sistema de alerta de radar ao ecr\u00e3 a bordo da Mercedes-Benz e ao sistema de controlo do volante. Vis\u00e3o geral: + todas as mensagens de radar ou avisos aparecem diretamente no Mercedes Cockpit + funcionamento completo atrav\u00e9s do volante poss\u00edvel + o [&#8230;]\n","protected":false},"featured_media":18562,"comment_status":"open","ping_status":"closed","template":"","meta":[],"product_brand":[],"product_cat":[1967,1977],"product_tag":[2274,2207,2275,2141,2276,2277],"class_list":{"0":"post-18561","1":"product","2":"type-product","3":"status-publish","4":"has-post-thumbnail","6":"product_cat-acessorios","7":"product_cat-beltronics-pt-pt","8":"product_tag-bel-pt-pt","9":"product_tag-beltronics-pt-pt","10":"product_tag-canbus-pt-pt","11":"product_tag-detector-de-radar-pt-pt","12":"product_tag-mercedes-benz-pt-pt","13":"product_tag-sti-r-pt-pt","15":"first","16":"onbackorder","17":"taxable","18":"shipping-taxable","19":"purchasable","20":"product-type-simple"},"yoast_head":"<!-- This site is optimized with the Yoast SEO plugin v27.2 - https:\/\/yoast.com\/product\/yoast-seo-wordpress\/ -->\n<title>Interface CANbus para ve\u00edculos Mercedes-Benz | Radar Service<\/title>\n<meta name=\"description\" content=\"Interface CANbus para STiR Plus e Mercedes-Benz, para uma liga\u00e7\u00e3o completamente invis\u00edvel do detetor de radar \u00e0 interface da Mercedes.\" \/>\n<meta name=\"robots\" content=\"index, follow, max-snippet:-1, max-image-preview:large, max-video-preview:-1\" \/>\n<link rel=\"canonical\" href=\"https:\/\/radarservice.eu\/pt-pt\/produto\/interface-canbus-para-veiculos-mercedes-benz\/\" \/>\n<meta property=\"og:locale\" content=\"pt_PT\" \/>\n<meta property=\"og:type\" content=\"article\" \/>\n<meta property=\"og:title\" content=\"Interface CANbus para ve\u00edculos Mercedes-Benz | Radar Service\" \/>\n<meta property=\"og:description\" content=\"Interface CANbus para STiR Plus e Mercedes-Benz, para uma liga\u00e7\u00e3o completamente invis\u00edvel do detetor de radar \u00e0 interface da Mercedes.\" \/>\n<meta property=\"og:url\" content=\"https:\/\/radarservice.eu\/pt-pt\/produto\/interface-canbus-para-veiculos-mercedes-benz\/\" \/>\n<meta property=\"og:site_name\" content=\"Radar Service\" \/>\n<meta property=\"og:image\" content=\"https:\/\/radarservice.eu\/wp-content\/uploads\/2020\/09\/canbus_mercedes_beltronics.jpg\" \/>\n\t<meta property=\"og:image:width\" content=\"712\" \/>\n\t<meta property=\"og:image:height\" content=\"400\" \/>\n\t<meta property=\"og:image:type\" content=\"image\/jpeg\" \/>\n<meta name=\"twitter:card\" content=\"summary_large_image\" \/>\n<meta name=\"twitter:label1\" content=\"Tempo estimado de leitura\" \/>\n\t<meta name=\"twitter:data1\" content=\"1 minuto\" \/>\n<script type=\"application\/ld+json\" class=\"yoast-schema-graph\">{\"@context\":\"https:\/\/schema.org\",\"@graph\":[{\"@type\":\"WebPage\",\"@id\":\"https:\/\/radarservice.eu\/pt-pt\/produto\/interface-canbus-para-veiculos-mercedes-benz\/\",\"url\":\"https:\/\/radarservice.eu\/pt-pt\/produto\/interface-canbus-para-veiculos-mercedes-benz\/\",\"name\":\"Interface CANbus para ve\u00edculos Mercedes-Benz | Radar Service\",\"isPartOf\":{\"@id\":\"https:\/\/radarservice.eu\/pt-pt\/#website\"},\"primaryImageOfPage\":{\"@id\":\"https:\/\/radarservice.eu\/pt-pt\/produto\/interface-canbus-para-veiculos-mercedes-benz\/#primaryimage\"},\"image\":{\"@id\":\"https:\/\/radarservice.eu\/pt-pt\/produto\/interface-canbus-para-veiculos-mercedes-benz\/#primaryimage\"},\"thumbnailUrl\":\"https:\/\/radarservice.eu\/wp-content\/uploads\/2020\/09\/canbus_mercedes_beltronics.jpg\",\"datePublished\":\"2022-04-07T14:17:22+00:00\",\"description\":\"Interface CANbus para STiR Plus e Mercedes-Benz, para uma liga\u00e7\u00e3o completamente invis\u00edvel do detetor de radar \u00e0 interface da Mercedes.\",\"breadcrumb\":{\"@id\":\"https:\/\/radarservice.eu\/pt-pt\/produto\/interface-canbus-para-veiculos-mercedes-benz\/#breadcrumb\"},\"inLanguage\":\"pt-PT\",\"potentialAction\":[{\"@type\":\"ReadAction\",\"target\":[\"https:\/\/radarservice.eu\/pt-pt\/produto\/interface-canbus-para-veiculos-mercedes-benz\/\"]}]},{\"@type\":\"ImageObject\",\"inLanguage\":\"pt-PT\",\"@id\":\"https:\/\/radarservice.eu\/pt-pt\/produto\/interface-canbus-para-veiculos-mercedes-benz\/#primaryimage\",\"url\":\"https:\/\/radarservice.eu\/wp-content\/uploads\/2020\/09\/canbus_mercedes_beltronics.jpg\",\"contentUrl\":\"https:\/\/radarservice.eu\/wp-content\/uploads\/2020\/09\/canbus_mercedes_beltronics.jpg\",\"width\":712,\"height\":400,\"caption\":\"Canbus Mercedes Beltronics\"},{\"@type\":\"BreadcrumbList\",\"@id\":\"https:\/\/radarservice.eu\/pt-pt\/produto\/interface-canbus-para-veiculos-mercedes-benz\/#breadcrumb\",\"itemListElement\":[{\"@type\":\"ListItem\",\"position\":1,\"name\":\"Loja\",\"item\":\"https:\/\/radarservice.eu\/pt-pt\/loja\/\"},{\"@type\":\"ListItem\",\"position\":2,\"name\":\"Interface CANbus para ve\u00edculos Mercedes-Benz\"}]},{\"@type\":\"WebSite\",\"@id\":\"https:\/\/radarservice.eu\/pt-pt\/#website\",\"url\":\"https:\/\/radarservice.eu\/pt-pt\/\",\"name\":\"Radar Service\",\"description\":\"Radar detector Laser jammer mobile fix\",\"publisher\":{\"@id\":\"https:\/\/radarservice.eu\/pt-pt\/#organization\"},\"potentialAction\":[{\"@type\":\"SearchAction\",\"target\":{\"@type\":\"EntryPoint\",\"urlTemplate\":\"https:\/\/radarservice.eu\/pt-pt\/?s={search_term_string}\"},\"query-input\":{\"@type\":\"PropertyValueSpecification\",\"valueRequired\":true,\"valueName\":\"search_term_string\"}}],\"inLanguage\":\"pt-PT\"},{\"@type\":\"Organization\",\"@id\":\"https:\/\/radarservice.eu\/pt-pt\/#organization\",\"name\":\"RadarService\",\"url\":\"https:\/\/radarservice.eu\/pt-pt\/\",\"logo\":{\"@type\":\"ImageObject\",\"inLanguage\":\"pt-PT\",\"@id\":\"https:\/\/radarservice.eu\/pt-pt\/#\/schema\/logo\/image\/\",\"url\":\"https:\/\/radarservice.eu\/wp-content\/uploads\/2021\/03\/Radar_detector_service.png\",\"contentUrl\":\"https:\/\/radarservice.eu\/wp-content\/uploads\/2021\/03\/Radar_detector_service.png\",\"width\":174,\"height\":48,\"caption\":\"RadarService\"},\"image\":{\"@id\":\"https:\/\/radarservice.eu\/pt-pt\/#\/schema\/logo\/image\/\"}}]}<\/script>\n<!-- \/ Yoast SEO plugin. -->","yoast_head_json":{"title":"Interface CANbus para ve\u00edculos Mercedes-Benz | Radar Service","description":"Interface CANbus para STiR Plus e Mercedes-Benz, para uma liga\u00e7\u00e3o completamente invis\u00edvel do detetor de radar \u00e0 interface da Mercedes.","robots":{"index":"index","follow":"follow","max-snippet":"max-snippet:-1","max-image-preview":"max-image-preview:large","max-video-preview":"max-video-preview:-1"},"canonical":"https:\/\/radarservice.eu\/pt-pt\/produto\/interface-canbus-para-veiculos-mercedes-benz\/","og_locale":"pt_PT","og_type":"article","og_title":"Interface CANbus para ve\u00edculos Mercedes-Benz | Radar Service","og_description":"Interface CANbus para STiR Plus e Mercedes-Benz, para uma liga\u00e7\u00e3o completamente invis\u00edvel do detetor de radar \u00e0 interface da Mercedes.","og_url":"https:\/\/radarservice.eu\/pt-pt\/produto\/interface-canbus-para-veiculos-mercedes-benz\/","og_site_name":"Radar Service","og_image":[{"width":712,"height":400,"url":"https:\/\/radarservice.eu\/wp-content\/uploads\/2020\/09\/canbus_mercedes_beltronics.jpg","type":"image\/jpeg"}],"twitter_card":"summary_large_image","twitter_misc":{"Tempo estimado de leitura":"1 minuto"},"schema":{"@context":"https:\/\/schema.org","@graph":[{"@type":"WebPage","@id":"https:\/\/radarservice.eu\/pt-pt\/produto\/interface-canbus-para-veiculos-mercedes-benz\/","url":"https:\/\/radarservice.eu\/pt-pt\/produto\/interface-canbus-para-veiculos-mercedes-benz\/","name":"Interface CANbus para ve\u00edculos Mercedes-Benz | Radar Service","isPartOf":{"@id":"https:\/\/radarservice.eu\/pt-pt\/#website"},"primaryImageOfPage":{"@id":"https:\/\/radarservice.eu\/pt-pt\/produto\/interface-canbus-para-veiculos-mercedes-benz\/#primaryimage"},"image":{"@id":"https:\/\/radarservice.eu\/pt-pt\/produto\/interface-canbus-para-veiculos-mercedes-benz\/#primaryimage"},"thumbnailUrl":"https:\/\/radarservice.eu\/wp-content\/uploads\/2020\/09\/canbus_mercedes_beltronics.jpg","datePublished":"2022-04-07T14:17:22+00:00","description":"Interface CANbus para STiR Plus e Mercedes-Benz, para uma liga\u00e7\u00e3o completamente invis\u00edvel do detetor de radar \u00e0 interface da Mercedes.","breadcrumb":{"@id":"https:\/\/radarservice.eu\/pt-pt\/produto\/interface-canbus-para-veiculos-mercedes-benz\/#breadcrumb"},"inLanguage":"pt-PT","potentialAction":[{"@type":"ReadAction","target":["https:\/\/radarservice.eu\/pt-pt\/produto\/interface-canbus-para-veiculos-mercedes-benz\/"]}]},{"@type":"ImageObject","inLanguage":"pt-PT","@id":"https:\/\/radarservice.eu\/pt-pt\/produto\/interface-canbus-para-veiculos-mercedes-benz\/#primaryimage","url":"https:\/\/radarservice.eu\/wp-content\/uploads\/2020\/09\/canbus_mercedes_beltronics.jpg","contentUrl":"https:\/\/radarservice.eu\/wp-content\/uploads\/2020\/09\/canbus_mercedes_beltronics.jpg","width":712,"height":400,"caption":"Canbus Mercedes Beltronics"},{"@type":"BreadcrumbList","@id":"https:\/\/radarservice.eu\/pt-pt\/produto\/interface-canbus-para-veiculos-mercedes-benz\/#breadcrumb","itemListElement":[{"@type":"ListItem","position":1,"name":"Loja","item":"https:\/\/radarservice.eu\/pt-pt\/loja\/"},{"@type":"ListItem","position":2,"name":"Interface CANbus para ve\u00edculos Mercedes-Benz"}]},{"@type":"WebSite","@id":"https:\/\/radarservice.eu\/pt-pt\/#website","url":"https:\/\/radarservice.eu\/pt-pt\/","name":"Radar Service","description":"Radar detector Laser jammer mobile fix","publisher":{"@id":"https:\/\/radarservice.eu\/pt-pt\/#organization"},"potentialAction":[{"@type":"SearchAction","target":{"@type":"EntryPoint","urlTemplate":"https:\/\/radarservice.eu\/pt-pt\/?s={search_term_string}"},"query-input":{"@type":"PropertyValueSpecification","valueRequired":true,"valueName":"search_term_string"}}],"inLanguage":"pt-PT"},{"@type":"Organization","@id":"https:\/\/radarservice.eu\/pt-pt\/#organization","name":"RadarService","url":"https:\/\/radarservice.eu\/pt-pt\/","logo":{"@type":"ImageObject","inLanguage":"pt-PT","@id":"https:\/\/radarservice.eu\/pt-pt\/#\/schema\/logo\/image\/","url":"https:\/\/radarservice.eu\/wp-content\/uploads\/2021\/03\/Radar_detector_service.png","contentUrl":"https:\/\/radarservice.eu\/wp-content\/uploads\/2021\/03\/Radar_detector_service.png","width":174,"height":48,"caption":"RadarService"},"image":{"@id":"https:\/\/radarservice.eu\/pt-pt\/#\/schema\/logo\/image\/"}}]}},"_links":{"self":[{"href":"https:\/\/radarservice.eu\/pt-pt\/wp-json\/wp\/v2\/product\/18561","targetHints":{"allow":["GET"]}}],"collection":[{"href":"https:\/\/radarservice.eu\/pt-pt\/wp-json\/wp\/v2\/product"}],"about":[{"href":"https:\/\/radarservice.eu\/pt-pt\/wp-json\/wp\/v2\/types\/product"}],"replies":[{"embeddable":true,"href":"https:\/\/radarservice.eu\/pt-pt\/wp-json\/wp\/v2\/comments?post=18561"}],"wp:featuredmedia":[{"embeddable":true,"href":"https:\/\/radarservice.eu\/pt-pt\/wp-json\/wp\/v2\/media\/18562"}],"wp:attachment":[{"href":"https:\/\/radarservice.eu\/pt-pt\/wp-json\/wp\/v2\/media?parent=18561"}],"wp:term":[{"taxonomy":"product_brand","embeddable":true,"href":"https:\/\/radarservice.eu\/pt-pt\/wp-json\/wp\/v2\/product_brand?post=18561"},{"taxonomy":"product_cat","embeddable":true,"href":"https:\/\/radarservice.eu\/pt-pt\/wp-json\/wp\/v2\/product_cat?post=18561"},{"taxonomy":"product_tag","embeddable":true,"href":"https:\/\/radarservice.eu\/pt-pt\/wp-json\/wp\/v2\/product_tag?post=18561"}],"curies":[{"name":"wp","href":"https:\/\/api.w.org\/{rel}","templated":true}]}}