{"id":18558,"date":"2022-04-07T16:15:24","date_gmt":"2022-04-07T14:15:24","guid":{"rendered":"https:\/\/radarservice.eu\/produkt\/chita-c150-gps-warner-para-a-europa\/"},"modified":"2022-04-07T16:15:24","modified_gmt":"2022-04-07T14:15:24","slug":"chita-c150-gps-warner-para-a-europa","status":"publish","type":"product","link":"https:\/\/radarservice.eu\/pt-pt\/produto\/chita-c150-gps-warner-para-a-europa\/","title":{"rendered":"Chita C150 GPS Warner para a Europa"},"content":{"rendered":"<p>O Cheetah C150 \u00e9 um aviso de GPS para a exibi\u00e7\u00e3o de sistemas de medi\u00e7\u00e3o de velocidade fixa e monitoriza\u00e7\u00e3o do sem\u00e1foro vermelho.<br \/>\nA frequ\u00eancia dos tons de aviso aumenta automaticamente ao aproximar-se de um sistema de medi\u00e7\u00e3o. A passagem imediata do sistema de medi\u00e7\u00e3o \u00e9 marcada por um gong.<br \/>\nA base de dados pode ser atualizada atrav\u00e9s da interface USB e inclui sistemas fixos em toda a Europa.<\/p>\n<p><strong>Vis\u00e3o geral:<\/strong><br \/>\n+ Visor do veloc\u00edmetro GPS (a sua velocidade atual \u00e9 determinada e exibida por GPS)<br \/>\n+ Aviso de monitoriza\u00e7\u00e3o da velocidade estacion\u00e1ria<br \/>\n+ Aviso de monitoriza\u00e7\u00e3o da luz vermelha<br \/>\n+ Aviso para medi\u00e7\u00f5es de controlo de sec\u00e7\u00e3o <br \/>\n+ Aviso dependente da dire\u00e7\u00e3o (alerta para c\u00e2maras de velocidade na dire\u00e7\u00e3o da viagem)<br \/>\n+ lembretes autom\u00e1ticos em caso de base de dados desatualizada<br \/>\n+ adicione e elimine os seus pr\u00f3prios pontos de perigo (m\u00e1x. 100)<br \/>\n+ Tomada de auscultadores para uso de motocicleta<\/p>\n<p><strong>\u00c2mbito de entrega:<\/strong><br \/>\n* Chita C150 GPS Warner<br \/>\n* Cabo de isqueiro de<br \/> 12V<br \/>\n* Software updat<\/p>\n","protected":false},"excerpt":{"rendered":"<p>O Cheetah C150 \u00e9 um aviso de GPS para a exibi\u00e7\u00e3o de sistemas de medi\u00e7\u00e3o de velocidade fixa e monitoriza\u00e7\u00e3o do sem\u00e1foro vermelho. A frequ\u00eancia dos tons de aviso aumenta automaticamente ao aproximar-se de um sistema de medi\u00e7\u00e3o. A passagem imediata do sistema de medi\u00e7\u00e3o \u00e9 marcada por um gong. A base de dados pode [&#8230;]\n","protected":false},"featured_media":18559,"comment_status":"open","ping_status":"closed","template":"","meta":[],"product_brand":[],"product_cat":[1985,2041],"product_tag":[2273,2141,2143,2198],"class_list":{"0":"post-18558","1":"product","2":"type-product","3":"status-publish","4":"has-post-thumbnail","6":"product_cat-cheetah-pt-pt","7":"product_cat-detetores-gps-poi","8":"product_tag-cheetah-c150-pt-pt","9":"product_tag-detector-de-radar-pt-pt","10":"product_tag-europa-pt-pt","11":"product_tag-gps-warner-pt-pt","13":"first","14":"outofstock","15":"taxable","16":"shipping-taxable","17":"purchasable","18":"product-type-simple"},"yoast_head":"<!-- This site is optimized with the Yoast SEO plugin v27.2 - https:\/\/yoast.com\/product\/yoast-seo-wordpress\/ -->\n<title>Chita C150 GPS Warner para a Europa | Radar Service<\/title>\n<meta name=\"description\" content=\"O Cheetah C150 \u00e9 um aviso de GPS para a exibi\u00e7\u00e3o de sistemas de medi\u00e7\u00e3o de velocidade instalados permanentemente e monitoriza\u00e7\u00e3o do sem\u00e1foro vermelho.\" \/>\n<meta name=\"robots\" content=\"index, follow, max-snippet:-1, max-image-preview:large, max-video-preview:-1\" \/>\n<link rel=\"canonical\" href=\"https:\/\/radarservice.eu\/pt-pt\/produto\/chita-c150-gps-warner-para-a-europa\/\" \/>\n<meta property=\"og:locale\" content=\"pt_PT\" \/>\n<meta property=\"og:type\" content=\"article\" \/>\n<meta property=\"og:title\" content=\"Chita C150 GPS Warner para a Europa | Radar Service\" \/>\n<meta property=\"og:description\" content=\"O Cheetah C150 \u00e9 um aviso de GPS para a exibi\u00e7\u00e3o de sistemas de medi\u00e7\u00e3o de velocidade instalados permanentemente e monitoriza\u00e7\u00e3o do sem\u00e1foro vermelho.\" \/>\n<meta property=\"og:url\" content=\"https:\/\/radarservice.eu\/pt-pt\/produto\/chita-c150-gps-warner-para-a-europa\/\" \/>\n<meta property=\"og:site_name\" content=\"Radar Service\" \/>\n<meta property=\"og:image\" content=\"https:\/\/radarservice.eu\/wp-content\/uploads\/2020\/09\/cheetah_c150.jpg\" \/>\n\t<meta property=\"og:image:width\" content=\"903\" \/>\n\t<meta property=\"og:image:height\" content=\"569\" \/>\n\t<meta property=\"og:image:type\" content=\"image\/jpeg\" \/>\n<meta name=\"twitter:card\" content=\"summary_large_image\" \/>\n<meta name=\"twitter:label1\" content=\"Tempo estimado de leitura\" \/>\n\t<meta name=\"twitter:data1\" content=\"1 minuto\" \/>\n<script type=\"application\/ld+json\" class=\"yoast-schema-graph\">{\"@context\":\"https:\/\/schema.org\",\"@graph\":[{\"@type\":\"WebPage\",\"@id\":\"https:\/\/radarservice.eu\/pt-pt\/produto\/chita-c150-gps-warner-para-a-europa\/\",\"url\":\"https:\/\/radarservice.eu\/pt-pt\/produto\/chita-c150-gps-warner-para-a-europa\/\",\"name\":\"Chita C150 GPS Warner para a Europa | Radar Service\",\"isPartOf\":{\"@id\":\"https:\/\/radarservice.eu\/pt-pt\/#website\"},\"primaryImageOfPage\":{\"@id\":\"https:\/\/radarservice.eu\/pt-pt\/produto\/chita-c150-gps-warner-para-a-europa\/#primaryimage\"},\"image\":{\"@id\":\"https:\/\/radarservice.eu\/pt-pt\/produto\/chita-c150-gps-warner-para-a-europa\/#primaryimage\"},\"thumbnailUrl\":\"https:\/\/radarservice.eu\/wp-content\/uploads\/2020\/09\/cheetah_c150.jpg\",\"datePublished\":\"2022-04-07T14:15:24+00:00\",\"description\":\"O Cheetah C150 \u00e9 um aviso de GPS para a exibi\u00e7\u00e3o de sistemas de medi\u00e7\u00e3o de velocidade instalados permanentemente e monitoriza\u00e7\u00e3o do sem\u00e1foro vermelho.\",\"breadcrumb\":{\"@id\":\"https:\/\/radarservice.eu\/pt-pt\/produto\/chita-c150-gps-warner-para-a-europa\/#breadcrumb\"},\"inLanguage\":\"pt-PT\",\"potentialAction\":[{\"@type\":\"ReadAction\",\"target\":[\"https:\/\/radarservice.eu\/pt-pt\/produto\/chita-c150-gps-warner-para-a-europa\/\"]}]},{\"@type\":\"ImageObject\",\"inLanguage\":\"pt-PT\",\"@id\":\"https:\/\/radarservice.eu\/pt-pt\/produto\/chita-c150-gps-warner-para-a-europa\/#primaryimage\",\"url\":\"https:\/\/radarservice.eu\/wp-content\/uploads\/2020\/09\/cheetah_c150.jpg\",\"contentUrl\":\"https:\/\/radarservice.eu\/wp-content\/uploads\/2020\/09\/cheetah_c150.jpg\",\"width\":903,\"height\":569,\"caption\":\"Cheetah C150\"},{\"@type\":\"BreadcrumbList\",\"@id\":\"https:\/\/radarservice.eu\/pt-pt\/produto\/chita-c150-gps-warner-para-a-europa\/#breadcrumb\",\"itemListElement\":[{\"@type\":\"ListItem\",\"position\":1,\"name\":\"Loja\",\"item\":\"https:\/\/radarservice.eu\/pt-pt\/loja\/\"},{\"@type\":\"ListItem\",\"position\":2,\"name\":\"Chita C150 GPS Warner para a Europa\"}]},{\"@type\":\"WebSite\",\"@id\":\"https:\/\/radarservice.eu\/pt-pt\/#website\",\"url\":\"https:\/\/radarservice.eu\/pt-pt\/\",\"name\":\"Radar Service\",\"description\":\"Radar detector Laser jammer mobile fix\",\"publisher\":{\"@id\":\"https:\/\/radarservice.eu\/pt-pt\/#organization\"},\"potentialAction\":[{\"@type\":\"SearchAction\",\"target\":{\"@type\":\"EntryPoint\",\"urlTemplate\":\"https:\/\/radarservice.eu\/pt-pt\/?s={search_term_string}\"},\"query-input\":{\"@type\":\"PropertyValueSpecification\",\"valueRequired\":true,\"valueName\":\"search_term_string\"}}],\"inLanguage\":\"pt-PT\"},{\"@type\":\"Organization\",\"@id\":\"https:\/\/radarservice.eu\/pt-pt\/#organization\",\"name\":\"RadarService\",\"url\":\"https:\/\/radarservice.eu\/pt-pt\/\",\"logo\":{\"@type\":\"ImageObject\",\"inLanguage\":\"pt-PT\",\"@id\":\"https:\/\/radarservice.eu\/pt-pt\/#\/schema\/logo\/image\/\",\"url\":\"https:\/\/radarservice.eu\/wp-content\/uploads\/2021\/03\/Radar_detector_service.png\",\"contentUrl\":\"https:\/\/radarservice.eu\/wp-content\/uploads\/2021\/03\/Radar_detector_service.png\",\"width\":174,\"height\":48,\"caption\":\"RadarService\"},\"image\":{\"@id\":\"https:\/\/radarservice.eu\/pt-pt\/#\/schema\/logo\/image\/\"}}]}<\/script>\n<!-- \/ Yoast SEO plugin. -->","yoast_head_json":{"title":"Chita C150 GPS Warner para a Europa | Radar Service","description":"O Cheetah C150 \u00e9 um aviso de GPS para a exibi\u00e7\u00e3o de sistemas de medi\u00e7\u00e3o de velocidade instalados permanentemente e monitoriza\u00e7\u00e3o do sem\u00e1foro vermelho.","robots":{"index":"index","follow":"follow","max-snippet":"max-snippet:-1","max-image-preview":"max-image-preview:large","max-video-preview":"max-video-preview:-1"},"canonical":"https:\/\/radarservice.eu\/pt-pt\/produto\/chita-c150-gps-warner-para-a-europa\/","og_locale":"pt_PT","og_type":"article","og_title":"Chita C150 GPS Warner para a Europa | Radar Service","og_description":"O Cheetah C150 \u00e9 um aviso de GPS para a exibi\u00e7\u00e3o de sistemas de medi\u00e7\u00e3o de velocidade instalados permanentemente e monitoriza\u00e7\u00e3o do sem\u00e1foro vermelho.","og_url":"https:\/\/radarservice.eu\/pt-pt\/produto\/chita-c150-gps-warner-para-a-europa\/","og_site_name":"Radar Service","og_image":[{"width":903,"height":569,"url":"https:\/\/radarservice.eu\/wp-content\/uploads\/2020\/09\/cheetah_c150.jpg","type":"image\/jpeg"}],"twitter_card":"summary_large_image","twitter_misc":{"Tempo estimado de leitura":"1 minuto"},"schema":{"@context":"https:\/\/schema.org","@graph":[{"@type":"WebPage","@id":"https:\/\/radarservice.eu\/pt-pt\/produto\/chita-c150-gps-warner-para-a-europa\/","url":"https:\/\/radarservice.eu\/pt-pt\/produto\/chita-c150-gps-warner-para-a-europa\/","name":"Chita C150 GPS Warner para a Europa | Radar Service","isPartOf":{"@id":"https:\/\/radarservice.eu\/pt-pt\/#website"},"primaryImageOfPage":{"@id":"https:\/\/radarservice.eu\/pt-pt\/produto\/chita-c150-gps-warner-para-a-europa\/#primaryimage"},"image":{"@id":"https:\/\/radarservice.eu\/pt-pt\/produto\/chita-c150-gps-warner-para-a-europa\/#primaryimage"},"thumbnailUrl":"https:\/\/radarservice.eu\/wp-content\/uploads\/2020\/09\/cheetah_c150.jpg","datePublished":"2022-04-07T14:15:24+00:00","description":"O Cheetah C150 \u00e9 um aviso de GPS para a exibi\u00e7\u00e3o de sistemas de medi\u00e7\u00e3o de velocidade instalados permanentemente e monitoriza\u00e7\u00e3o do sem\u00e1foro vermelho.","breadcrumb":{"@id":"https:\/\/radarservice.eu\/pt-pt\/produto\/chita-c150-gps-warner-para-a-europa\/#breadcrumb"},"inLanguage":"pt-PT","potentialAction":[{"@type":"ReadAction","target":["https:\/\/radarservice.eu\/pt-pt\/produto\/chita-c150-gps-warner-para-a-europa\/"]}]},{"@type":"ImageObject","inLanguage":"pt-PT","@id":"https:\/\/radarservice.eu\/pt-pt\/produto\/chita-c150-gps-warner-para-a-europa\/#primaryimage","url":"https:\/\/radarservice.eu\/wp-content\/uploads\/2020\/09\/cheetah_c150.jpg","contentUrl":"https:\/\/radarservice.eu\/wp-content\/uploads\/2020\/09\/cheetah_c150.jpg","width":903,"height":569,"caption":"Cheetah C150"},{"@type":"BreadcrumbList","@id":"https:\/\/radarservice.eu\/pt-pt\/produto\/chita-c150-gps-warner-para-a-europa\/#breadcrumb","itemListElement":[{"@type":"ListItem","position":1,"name":"Loja","item":"https:\/\/radarservice.eu\/pt-pt\/loja\/"},{"@type":"ListItem","position":2,"name":"Chita C150 GPS Warner para a Europa"}]},{"@type":"WebSite","@id":"https:\/\/radarservice.eu\/pt-pt\/#website","url":"https:\/\/radarservice.eu\/pt-pt\/","name":"Radar Service","description":"Radar detector Laser jammer mobile fix","publisher":{"@id":"https:\/\/radarservice.eu\/pt-pt\/#organization"},"potentialAction":[{"@type":"SearchAction","target":{"@type":"EntryPoint","urlTemplate":"https:\/\/radarservice.eu\/pt-pt\/?s={search_term_string}"},"query-input":{"@type":"PropertyValueSpecification","valueRequired":true,"valueName":"search_term_string"}}],"inLanguage":"pt-PT"},{"@type":"Organization","@id":"https:\/\/radarservice.eu\/pt-pt\/#organization","name":"RadarService","url":"https:\/\/radarservice.eu\/pt-pt\/","logo":{"@type":"ImageObject","inLanguage":"pt-PT","@id":"https:\/\/radarservice.eu\/pt-pt\/#\/schema\/logo\/image\/","url":"https:\/\/radarservice.eu\/wp-content\/uploads\/2021\/03\/Radar_detector_service.png","contentUrl":"https:\/\/radarservice.eu\/wp-content\/uploads\/2021\/03\/Radar_detector_service.png","width":174,"height":48,"caption":"RadarService"},"image":{"@id":"https:\/\/radarservice.eu\/pt-pt\/#\/schema\/logo\/image\/"}}]}},"_links":{"self":[{"href":"https:\/\/radarservice.eu\/pt-pt\/wp-json\/wp\/v2\/product\/18558","targetHints":{"allow":["GET"]}}],"collection":[{"href":"https:\/\/radarservice.eu\/pt-pt\/wp-json\/wp\/v2\/product"}],"about":[{"href":"https:\/\/radarservice.eu\/pt-pt\/wp-json\/wp\/v2\/types\/product"}],"replies":[{"embeddable":true,"href":"https:\/\/radarservice.eu\/pt-pt\/wp-json\/wp\/v2\/comments?post=18558"}],"wp:featuredmedia":[{"embeddable":true,"href":"https:\/\/radarservice.eu\/pt-pt\/wp-json\/wp\/v2\/media\/18559"}],"wp:attachment":[{"href":"https:\/\/radarservice.eu\/pt-pt\/wp-json\/wp\/v2\/media?parent=18558"}],"wp:term":[{"taxonomy":"product_brand","embeddable":true,"href":"https:\/\/radarservice.eu\/pt-pt\/wp-json\/wp\/v2\/product_brand?post=18558"},{"taxonomy":"product_cat","embeddable":true,"href":"https:\/\/radarservice.eu\/pt-pt\/wp-json\/wp\/v2\/product_cat?post=18558"},{"taxonomy":"product_tag","embeddable":true,"href":"https:\/\/radarservice.eu\/pt-pt\/wp-json\/wp\/v2\/product_tag?post=18558"}],"curies":[{"name":"wp","href":"https:\/\/api.w.org\/{rel}","templated":true}]}}