{"id":18548,"date":"2022-04-07T16:10:00","date_gmt":"2022-04-07T14:10:00","guid":{"rendered":"https:\/\/radarservice.eu\/produkt\/escolta-max-360c-internacional\/"},"modified":"2022-04-07T16:10:00","modified_gmt":"2022-04-07T14:10:00","slug":"escolta-max-360c-internacional","status":"publish","type":"product","link":"https:\/\/radarservice.eu\/pt-pt\/produto\/escolta-max-360c-internacional\/","title":{"rendered":"Escolta MAX 360c Internacional"},"content":{"rendered":"<p>O Escort Max 360c International tem um recetor de radar estendido, que garante um aviso sobre longas dist\u00e2ncias para todas as medi\u00e7\u00f5es da c\u00e2mara de velocidade. <\/p>\n<p>O Escort MAX 360c tem um ecr\u00e3 OLED, que permite v\u00e1rias defini\u00e7\u00f5es de cores. Pode definir o visor para azul, verde, vermelho ou \u00e2mbar. A luminosidade do visor pode ser definida para escuro, m\u00ednimo, m\u00e9dio, m\u00e1ximo ou autom\u00e1tico.<\/p>\n<p><strong>Nota:<\/strong> O Escort Max 360c tem uma rece\u00e7\u00e3o a laser, mas para uma prote\u00e7\u00e3o a laser segura recomendamos a utiliza\u00e7\u00e3o de um bloqueador de laser ativo e.B. Antilaser ALP Priority ou Lasertrack Flare!<\/p>\n<p><strong>Vis\u00e3o geral:<\/strong><br \/>\n+ detetor de radar m\u00f3vel com antena de radar HD<br \/>\n+ Reconhecimento de CD multaradar (importante para uso na \u00c1ustria, Holanda &amp; Eslov\u00e1quia)<br \/>\n+ dete\u00e7\u00e3o de 360\u00b0 de todas as fontes de radar na Europa (X \/ K \/ Ka-band)<br \/>\n+ Aviso das medi\u00e7\u00f5es do laser<br \/>\n+ Aviso de sistemas de medi\u00e7\u00e3o de velocidade estacion\u00e1ria<br \/>\n+ Aviso de monitoriza\u00e7\u00e3o da luz vermelha<br \/>\n+ Aviso para medi\u00e7\u00f5es de controlo de sec\u00e7\u00e3o <br \/>\n+ Ecr\u00e3 OLED com diferentes cores de fundo<br \/>\n+ Base de dados EUROPA para c\u00e2maras de velocidade fixa<br \/>\n+ pontos de perigo pr\u00f3prios podem ser salvos<br \/>\n+ Atualizar software para Windows e Mac<\/p>\n<p><strong>\u00c2mbito de entrega:<\/strong><br \/>\n* Detetor de radar Escort Max 360c com recetor GPS integrado<br \/>\n* Acess\u00f3rios para montagem no para-brisas (ventosas)<br \/>\n* Alimenta\u00e7\u00e3o de 12V com liga\u00e7\u00e3o<br \/> ao isqueiro<br \/>\n* Manual de instru\u00e7\u00f5es<\/p>\n","protected":false},"excerpt":{"rendered":"<p>O Escort Max 360c International tem um recetor de radar estendido, que garante um aviso sobre longas dist\u00e2ncias para todas as medi\u00e7\u00f5es da c\u00e2mara de velocidade. O Escort MAX 360c tem um ecr\u00e3 OLED, que permite v\u00e1rias defini\u00e7\u00f5es de cores. Pode definir o visor para azul, verde, vermelho ou \u00e2mbar. A luminosidade do visor pode [&#8230;]\n","protected":false},"featured_media":18549,"comment_status":"open","ping_status":"closed","template":"","meta":[],"product_brand":[],"product_cat":[2043,1989],"product_tag":[2214,2239,2269,2270,2143,2135,2271],"class_list":{"0":"post-18548","1":"product","2":"type-product","3":"status-publish","4":"has-post-thumbnail","6":"product_cat-detetores-de-radar-portateis","7":"product_cat-escort-pt-pt","8":"product_tag-armadilha-de-velocidade","9":"product_tag-detetor-de-radar-movel","10":"product_tag-escort-pt-pt","11":"product_tag-escort-max-360c-pt-pt","12":"product_tag-europa-pt-pt","13":"product_tag-gps-pt-pt","14":"product_tag-max-360c-pt-pt","16":"first","17":"instock","18":"taxable","19":"shipping-taxable","20":"purchasable","21":"product-type-simple"},"yoast_head":"<!-- This site is optimized with the Yoast SEO plugin v27.2 - https:\/\/yoast.com\/product\/yoast-seo-wordpress\/ -->\n<title>Escolta MAX 360c Internacional | Radar Service<\/title>\n<meta name=\"description\" content=\"O Escort Max 360c International tem uma antena de radar moderna e alerta de forma fi\u00e1vel para as armadilhas de radares m\u00f3veis e medi\u00e7\u00f5es a laser.\" \/>\n<meta name=\"robots\" content=\"index, follow, max-snippet:-1, max-image-preview:large, max-video-preview:-1\" \/>\n<link rel=\"canonical\" href=\"https:\/\/radarservice.eu\/pt-pt\/produto\/escolta-max-360c-internacional\/\" \/>\n<meta property=\"og:locale\" content=\"pt_PT\" \/>\n<meta property=\"og:type\" content=\"article\" \/>\n<meta property=\"og:title\" content=\"Escolta MAX 360c Internacional | Radar Service\" \/>\n<meta property=\"og:description\" content=\"O Escort Max 360c International tem uma antena de radar moderna e alerta de forma fi\u00e1vel para as armadilhas de radares m\u00f3veis e medi\u00e7\u00f5es a laser.\" \/>\n<meta property=\"og:url\" content=\"https:\/\/radarservice.eu\/pt-pt\/produto\/escolta-max-360c-internacional\/\" \/>\n<meta property=\"og:site_name\" content=\"Radar Service\" \/>\n<meta property=\"og:image\" content=\"https:\/\/radarservice.eu\/wp-content\/uploads\/2020\/09\/Escort_Max_360c_International_display.png\" \/>\n\t<meta property=\"og:image:width\" content=\"800\" \/>\n\t<meta property=\"og:image:height\" content=\"800\" \/>\n\t<meta property=\"og:image:type\" content=\"image\/png\" \/>\n<meta name=\"twitter:card\" content=\"summary_large_image\" \/>\n<meta name=\"twitter:label1\" content=\"Tempo estimado de leitura\" \/>\n\t<meta name=\"twitter:data1\" content=\"1 minuto\" \/>\n<script type=\"application\/ld+json\" class=\"yoast-schema-graph\">{\"@context\":\"https:\/\/schema.org\",\"@graph\":[{\"@type\":\"WebPage\",\"@id\":\"https:\/\/radarservice.eu\/pt-pt\/produto\/escolta-max-360c-internacional\/\",\"url\":\"https:\/\/radarservice.eu\/pt-pt\/produto\/escolta-max-360c-internacional\/\",\"name\":\"Escolta MAX 360c Internacional | Radar Service\",\"isPartOf\":{\"@id\":\"https:\/\/radarservice.eu\/pt-pt\/#website\"},\"primaryImageOfPage\":{\"@id\":\"https:\/\/radarservice.eu\/pt-pt\/produto\/escolta-max-360c-internacional\/#primaryimage\"},\"image\":{\"@id\":\"https:\/\/radarservice.eu\/pt-pt\/produto\/escolta-max-360c-internacional\/#primaryimage\"},\"thumbnailUrl\":\"https:\/\/radarservice.eu\/wp-content\/uploads\/2020\/09\/Escort_Max_360c_International_display.png\",\"datePublished\":\"2022-04-07T14:10:00+00:00\",\"description\":\"O Escort Max 360c International tem uma antena de radar moderna e alerta de forma fi\u00e1vel para as armadilhas de radares m\u00f3veis e medi\u00e7\u00f5es a laser.\",\"breadcrumb\":{\"@id\":\"https:\/\/radarservice.eu\/pt-pt\/produto\/escolta-max-360c-internacional\/#breadcrumb\"},\"inLanguage\":\"pt-PT\",\"potentialAction\":[{\"@type\":\"ReadAction\",\"target\":[\"https:\/\/radarservice.eu\/pt-pt\/produto\/escolta-max-360c-internacional\/\"]}]},{\"@type\":\"ImageObject\",\"inLanguage\":\"pt-PT\",\"@id\":\"https:\/\/radarservice.eu\/pt-pt\/produto\/escolta-max-360c-internacional\/#primaryimage\",\"url\":\"https:\/\/radarservice.eu\/wp-content\/uploads\/2020\/09\/Escort_Max_360c_International_display.png\",\"contentUrl\":\"https:\/\/radarservice.eu\/wp-content\/uploads\/2020\/09\/Escort_Max_360c_International_display.png\",\"width\":800,\"height\":800,\"caption\":\"Escolta Max 360c Internacional\"},{\"@type\":\"BreadcrumbList\",\"@id\":\"https:\/\/radarservice.eu\/pt-pt\/produto\/escolta-max-360c-internacional\/#breadcrumb\",\"itemListElement\":[{\"@type\":\"ListItem\",\"position\":1,\"name\":\"Loja\",\"item\":\"https:\/\/radarservice.eu\/pt-pt\/loja\/\"},{\"@type\":\"ListItem\",\"position\":2,\"name\":\"Escolta MAX 360c Internacional\"}]},{\"@type\":\"WebSite\",\"@id\":\"https:\/\/radarservice.eu\/pt-pt\/#website\",\"url\":\"https:\/\/radarservice.eu\/pt-pt\/\",\"name\":\"Radar Service\",\"description\":\"Radar detector Laser jammer mobile fix\",\"publisher\":{\"@id\":\"https:\/\/radarservice.eu\/pt-pt\/#organization\"},\"potentialAction\":[{\"@type\":\"SearchAction\",\"target\":{\"@type\":\"EntryPoint\",\"urlTemplate\":\"https:\/\/radarservice.eu\/pt-pt\/?s={search_term_string}\"},\"query-input\":{\"@type\":\"PropertyValueSpecification\",\"valueRequired\":true,\"valueName\":\"search_term_string\"}}],\"inLanguage\":\"pt-PT\"},{\"@type\":\"Organization\",\"@id\":\"https:\/\/radarservice.eu\/pt-pt\/#organization\",\"name\":\"RadarService\",\"url\":\"https:\/\/radarservice.eu\/pt-pt\/\",\"logo\":{\"@type\":\"ImageObject\",\"inLanguage\":\"pt-PT\",\"@id\":\"https:\/\/radarservice.eu\/pt-pt\/#\/schema\/logo\/image\/\",\"url\":\"https:\/\/radarservice.eu\/wp-content\/uploads\/2021\/03\/Radar_detector_service.png\",\"contentUrl\":\"https:\/\/radarservice.eu\/wp-content\/uploads\/2021\/03\/Radar_detector_service.png\",\"width\":174,\"height\":48,\"caption\":\"RadarService\"},\"image\":{\"@id\":\"https:\/\/radarservice.eu\/pt-pt\/#\/schema\/logo\/image\/\"}}]}<\/script>\n<!-- \/ Yoast SEO plugin. -->","yoast_head_json":{"title":"Escolta MAX 360c Internacional | Radar Service","description":"O Escort Max 360c International tem uma antena de radar moderna e alerta de forma fi\u00e1vel para as armadilhas de radares m\u00f3veis e medi\u00e7\u00f5es a laser.","robots":{"index":"index","follow":"follow","max-snippet":"max-snippet:-1","max-image-preview":"max-image-preview:large","max-video-preview":"max-video-preview:-1"},"canonical":"https:\/\/radarservice.eu\/pt-pt\/produto\/escolta-max-360c-internacional\/","og_locale":"pt_PT","og_type":"article","og_title":"Escolta MAX 360c Internacional | Radar Service","og_description":"O Escort Max 360c International tem uma antena de radar moderna e alerta de forma fi\u00e1vel para as armadilhas de radares m\u00f3veis e medi\u00e7\u00f5es a laser.","og_url":"https:\/\/radarservice.eu\/pt-pt\/produto\/escolta-max-360c-internacional\/","og_site_name":"Radar Service","og_image":[{"width":800,"height":800,"url":"https:\/\/radarservice.eu\/wp-content\/uploads\/2020\/09\/Escort_Max_360c_International_display.png","type":"image\/png"}],"twitter_card":"summary_large_image","twitter_misc":{"Tempo estimado de leitura":"1 minuto"},"schema":{"@context":"https:\/\/schema.org","@graph":[{"@type":"WebPage","@id":"https:\/\/radarservice.eu\/pt-pt\/produto\/escolta-max-360c-internacional\/","url":"https:\/\/radarservice.eu\/pt-pt\/produto\/escolta-max-360c-internacional\/","name":"Escolta MAX 360c Internacional | Radar Service","isPartOf":{"@id":"https:\/\/radarservice.eu\/pt-pt\/#website"},"primaryImageOfPage":{"@id":"https:\/\/radarservice.eu\/pt-pt\/produto\/escolta-max-360c-internacional\/#primaryimage"},"image":{"@id":"https:\/\/radarservice.eu\/pt-pt\/produto\/escolta-max-360c-internacional\/#primaryimage"},"thumbnailUrl":"https:\/\/radarservice.eu\/wp-content\/uploads\/2020\/09\/Escort_Max_360c_International_display.png","datePublished":"2022-04-07T14:10:00+00:00","description":"O Escort Max 360c International tem uma antena de radar moderna e alerta de forma fi\u00e1vel para as armadilhas de radares m\u00f3veis e medi\u00e7\u00f5es a laser.","breadcrumb":{"@id":"https:\/\/radarservice.eu\/pt-pt\/produto\/escolta-max-360c-internacional\/#breadcrumb"},"inLanguage":"pt-PT","potentialAction":[{"@type":"ReadAction","target":["https:\/\/radarservice.eu\/pt-pt\/produto\/escolta-max-360c-internacional\/"]}]},{"@type":"ImageObject","inLanguage":"pt-PT","@id":"https:\/\/radarservice.eu\/pt-pt\/produto\/escolta-max-360c-internacional\/#primaryimage","url":"https:\/\/radarservice.eu\/wp-content\/uploads\/2020\/09\/Escort_Max_360c_International_display.png","contentUrl":"https:\/\/radarservice.eu\/wp-content\/uploads\/2020\/09\/Escort_Max_360c_International_display.png","width":800,"height":800,"caption":"Escolta Max 360c Internacional"},{"@type":"BreadcrumbList","@id":"https:\/\/radarservice.eu\/pt-pt\/produto\/escolta-max-360c-internacional\/#breadcrumb","itemListElement":[{"@type":"ListItem","position":1,"name":"Loja","item":"https:\/\/radarservice.eu\/pt-pt\/loja\/"},{"@type":"ListItem","position":2,"name":"Escolta MAX 360c Internacional"}]},{"@type":"WebSite","@id":"https:\/\/radarservice.eu\/pt-pt\/#website","url":"https:\/\/radarservice.eu\/pt-pt\/","name":"Radar Service","description":"Radar detector Laser jammer mobile fix","publisher":{"@id":"https:\/\/radarservice.eu\/pt-pt\/#organization"},"potentialAction":[{"@type":"SearchAction","target":{"@type":"EntryPoint","urlTemplate":"https:\/\/radarservice.eu\/pt-pt\/?s={search_term_string}"},"query-input":{"@type":"PropertyValueSpecification","valueRequired":true,"valueName":"search_term_string"}}],"inLanguage":"pt-PT"},{"@type":"Organization","@id":"https:\/\/radarservice.eu\/pt-pt\/#organization","name":"RadarService","url":"https:\/\/radarservice.eu\/pt-pt\/","logo":{"@type":"ImageObject","inLanguage":"pt-PT","@id":"https:\/\/radarservice.eu\/pt-pt\/#\/schema\/logo\/image\/","url":"https:\/\/radarservice.eu\/wp-content\/uploads\/2021\/03\/Radar_detector_service.png","contentUrl":"https:\/\/radarservice.eu\/wp-content\/uploads\/2021\/03\/Radar_detector_service.png","width":174,"height":48,"caption":"RadarService"},"image":{"@id":"https:\/\/radarservice.eu\/pt-pt\/#\/schema\/logo\/image\/"}}]}},"_links":{"self":[{"href":"https:\/\/radarservice.eu\/pt-pt\/wp-json\/wp\/v2\/product\/18548","targetHints":{"allow":["GET"]}}],"collection":[{"href":"https:\/\/radarservice.eu\/pt-pt\/wp-json\/wp\/v2\/product"}],"about":[{"href":"https:\/\/radarservice.eu\/pt-pt\/wp-json\/wp\/v2\/types\/product"}],"replies":[{"embeddable":true,"href":"https:\/\/radarservice.eu\/pt-pt\/wp-json\/wp\/v2\/comments?post=18548"}],"wp:featuredmedia":[{"embeddable":true,"href":"https:\/\/radarservice.eu\/pt-pt\/wp-json\/wp\/v2\/media\/18549"}],"wp:attachment":[{"href":"https:\/\/radarservice.eu\/pt-pt\/wp-json\/wp\/v2\/media?parent=18548"}],"wp:term":[{"taxonomy":"product_brand","embeddable":true,"href":"https:\/\/radarservice.eu\/pt-pt\/wp-json\/wp\/v2\/product_brand?post=18548"},{"taxonomy":"product_cat","embeddable":true,"href":"https:\/\/radarservice.eu\/pt-pt\/wp-json\/wp\/v2\/product_cat?post=18548"},{"taxonomy":"product_tag","embeddable":true,"href":"https:\/\/radarservice.eu\/pt-pt\/wp-json\/wp\/v2\/product_tag?post=18548"}],"curies":[{"name":"wp","href":"https:\/\/api.w.org\/{rel}","templated":true}]}}