{"id":18536,"date":"2022-04-07T16:05:12","date_gmt":"2022-04-07T14:05:12","guid":{"rendered":"https:\/\/radarservice.eu\/produkt\/de-laser-genevo-ff-bloqueadores-de-laser\/"},"modified":"2022-04-07T16:05:12","modified_gmt":"2022-04-07T14:05:12","slug":"de-laser-genevo-ff-bloqueadores-de-laser","status":"publish","type":"product","link":"https:\/\/radarservice.eu\/pt-pt\/produto\/de-laser-genevo-ff-bloqueadores-de-laser\/","title":{"rendered":"| de laser Genevo FF Bloqueadores de laser"},"content":{"rendered":"<p>O novo sistema laser Genevo FF pode ser usado tanto como sensor de estacionamento legal como\/ou como um perturbador laser contra medi\u00e7\u00f5es de velocidade com armas laser.<br \/>\nO design muito pequeno dos sensores e o suporte de placas Genevo especialmente desenvolvido para a instala\u00e7\u00e3o invis\u00edvel padr\u00e3o permitem pela primeira vez uma instala\u00e7\u00e3o completamente invis\u00edvel e, ao mesmo tempo, simples instala\u00e7\u00e3o de sensores de estacionamento e interfer\u00eancia a laser.<br \/>\nA fun\u00e7\u00e3o de perturba\u00e7\u00e3o do laser tamb\u00e9m pode ser desligada irrevogavelmente a pedido de um bot\u00e3o e de acordo com o StVO. Isto significa que uma opera\u00e7\u00e3o legal pode ser estabelecida a qualquer momento.<\/p>\n<p><strong>Nota:<\/strong> Para cobrir completamente a \u00e1rea do ve\u00edculo, recomendamos a vers\u00e3o Genevo FF2 com 2 sensores para utiliza\u00e7\u00e3o num autom\u00f3vel ou SUV.<br \/>\nSe pretender fixar a traseira do ve\u00edculo para al\u00e9m da frente do ve\u00edculo, recomenda-se a vers\u00e3o FF2x2 para autom\u00f3veis ou SUV.<br \/>\nAs motociclos s\u00f3 precisam da vers\u00e3o simples Genevo FF com um sensor ou do Genevo FF2 para prote\u00e7\u00e3o frontal e traseira.<br \/>\nA vers\u00e3o Genevo FF4 com 4 sensores \u00e9 recomendada para cami\u00f5es e carruagens e a vers\u00e3o FF4x4 com 8 sensores para prote\u00e7\u00e3o frontal e traseira.<\/p>\n<p><strong>Vis\u00e3o geral:<\/strong><br \/>\n+ sensores laser mais pequenos no mercado<br \/>\n+ suporte especial de placas para instala\u00e7\u00e3o easy &amp; invis\u00edvel (suporte de dimens\u00f5es: 520mm x 110mm &#8211; norma DA, n\u00e3o adequado para a \u00c1ustria)<br \/>\n+ pode ser usado como assistente de estacionamento assistido por laser<br \/>\n+ Aviso laser ou interfer\u00eancia ativa do laser contra todas as medi\u00e7\u00f5es do laser<br \/>\n+ A opera\u00e7\u00e3o legal como assistente de estacionamento puro pode ser ativada ao premir um bot\u00e3o<br \/>\n+ marca CE e E certificada<\/p>\n<p><strong>\u00c2mbito de entrega:<\/strong><br \/>\n* Sensores laser (sim de acordo com a sele\u00e7\u00e3o 1 \/ 2 \/ 4 ou 8 sensores)<br \/>\n* Unidade de controlo<br \/>\n* Cabo definido incl. altifalante e LED<\/p>\n","protected":false},"excerpt":{"rendered":"<p>O novo sistema laser Genevo FF pode ser usado tanto como sensor de estacionamento legal como\/ou como um perturbador laser contra medi\u00e7\u00f5es de velocidade com armas laser. O design muito pequeno dos sensores e o suporte de placas Genevo especialmente desenvolvido para a instala\u00e7\u00e3o invis\u00edvel padr\u00e3o permitem pela primeira vez uma instala\u00e7\u00e3o completamente invis\u00edvel e, [&#8230;]\n","protected":false},"featured_media":18537,"comment_status":"open","ping_status":"closed","template":"","meta":[],"product_brand":[],"product_cat":[2042,1993],"product_tag":[2202,2149,2203,2263,2262],"class_list":{"0":"post-18536","1":"product","2":"type-product","3":"status-publish","4":"has-post-thumbnail","6":"product_cat-bloqueador-de-laser","7":"product_cat-genevo-pt-pt","8":"product_tag-bloqueadores-de-laser","9":"product_tag-genevo-ff-pt-pt","10":"product_tag-perturbadores-a-laser","11":"product_tag-sensores-de-estacionamento","12":"product_tag-sensores-laser-pt-pt","14":"first","15":"onbackorder","16":"taxable","17":"shipping-taxable","18":"purchasable","19":"product-type-simple"},"yoast_head":"<!-- This site is optimized with the Yoast SEO plugin v27.2 - https:\/\/yoast.com\/product\/yoast-seo-wordpress\/ -->\n<title>| de laser Genevo FF Bloqueadores de laser | Radar Service<\/title>\n<meta name=\"description\" content=\"O anti-laser Genevo FF pode ser usado como sensor de estacionamento legal e bloqueador de laser contra medi\u00e7\u00f5es de velocidade com armas de laser.\" \/>\n<meta name=\"robots\" content=\"index, follow, max-snippet:-1, max-image-preview:large, max-video-preview:-1\" \/>\n<link rel=\"canonical\" href=\"https:\/\/radarservice.eu\/pt-pt\/produto\/de-laser-genevo-ff-bloqueadores-de-laser\/\" \/>\n<meta property=\"og:locale\" content=\"pt_PT\" \/>\n<meta property=\"og:type\" content=\"article\" \/>\n<meta property=\"og:title\" content=\"| de laser Genevo FF Bloqueadores de laser | Radar Service\" \/>\n<meta property=\"og:description\" content=\"O anti-laser Genevo FF pode ser usado como sensor de estacionamento legal e bloqueador de laser contra medi\u00e7\u00f5es de velocidade com armas de laser.\" \/>\n<meta property=\"og:url\" content=\"https:\/\/radarservice.eu\/pt-pt\/produto\/de-laser-genevo-ff-bloqueadores-de-laser\/\" \/>\n<meta property=\"og:site_name\" content=\"Radar Service\" \/>\n<meta property=\"og:image\" content=\"https:\/\/radarservice.eu\/wp-content\/uploads\/2020\/09\/GENEVO_FF_Nummerschildhalterung.png\" \/>\n\t<meta property=\"og:image:width\" content=\"725\" \/>\n\t<meta property=\"og:image:height\" content=\"472\" \/>\n\t<meta property=\"og:image:type\" content=\"image\/png\" \/>\n<meta name=\"twitter:card\" content=\"summary_large_image\" \/>\n<meta name=\"twitter:label1\" content=\"Tempo estimado de leitura\" \/>\n\t<meta name=\"twitter:data1\" content=\"2 minutos\" \/>\n<script type=\"application\/ld+json\" class=\"yoast-schema-graph\">{\"@context\":\"https:\/\/schema.org\",\"@graph\":[{\"@type\":\"WebPage\",\"@id\":\"https:\/\/radarservice.eu\/pt-pt\/produto\/de-laser-genevo-ff-bloqueadores-de-laser\/\",\"url\":\"https:\/\/radarservice.eu\/pt-pt\/produto\/de-laser-genevo-ff-bloqueadores-de-laser\/\",\"name\":\"| de laser Genevo FF Bloqueadores de laser | Radar Service\",\"isPartOf\":{\"@id\":\"https:\/\/radarservice.eu\/pt-pt\/#website\"},\"primaryImageOfPage\":{\"@id\":\"https:\/\/radarservice.eu\/pt-pt\/produto\/de-laser-genevo-ff-bloqueadores-de-laser\/#primaryimage\"},\"image\":{\"@id\":\"https:\/\/radarservice.eu\/pt-pt\/produto\/de-laser-genevo-ff-bloqueadores-de-laser\/#primaryimage\"},\"thumbnailUrl\":\"https:\/\/radarservice.eu\/wp-content\/uploads\/2020\/09\/GENEVO_FF_Nummerschildhalterung.png\",\"datePublished\":\"2022-04-07T14:05:12+00:00\",\"description\":\"O anti-laser Genevo FF pode ser usado como sensor de estacionamento legal e bloqueador de laser contra medi\u00e7\u00f5es de velocidade com armas de laser.\",\"breadcrumb\":{\"@id\":\"https:\/\/radarservice.eu\/pt-pt\/produto\/de-laser-genevo-ff-bloqueadores-de-laser\/#breadcrumb\"},\"inLanguage\":\"pt-PT\",\"potentialAction\":[{\"@type\":\"ReadAction\",\"target\":[\"https:\/\/radarservice.eu\/pt-pt\/produto\/de-laser-genevo-ff-bloqueadores-de-laser\/\"]}]},{\"@type\":\"ImageObject\",\"inLanguage\":\"pt-PT\",\"@id\":\"https:\/\/radarservice.eu\/pt-pt\/produto\/de-laser-genevo-ff-bloqueadores-de-laser\/#primaryimage\",\"url\":\"https:\/\/radarservice.eu\/wp-content\/uploads\/2020\/09\/GENEVO_FF_Nummerschildhalterung.png\",\"contentUrl\":\"https:\/\/radarservice.eu\/wp-content\/uploads\/2020\/09\/GENEVO_FF_Nummerschildhalterung.png\",\"width\":725,\"height\":472,\"caption\":\"Suporte de placa de matr\u00edcula GENEVO FF\"},{\"@type\":\"BreadcrumbList\",\"@id\":\"https:\/\/radarservice.eu\/pt-pt\/produto\/de-laser-genevo-ff-bloqueadores-de-laser\/#breadcrumb\",\"itemListElement\":[{\"@type\":\"ListItem\",\"position\":1,\"name\":\"Loja\",\"item\":\"https:\/\/radarservice.eu\/pt-pt\/loja\/\"},{\"@type\":\"ListItem\",\"position\":2,\"name\":\"| de laser Genevo FF Bloqueadores de laser\"}]},{\"@type\":\"WebSite\",\"@id\":\"https:\/\/radarservice.eu\/pt-pt\/#website\",\"url\":\"https:\/\/radarservice.eu\/pt-pt\/\",\"name\":\"Radar Service\",\"description\":\"Radar detector Laser jammer mobile fix\",\"publisher\":{\"@id\":\"https:\/\/radarservice.eu\/pt-pt\/#organization\"},\"potentialAction\":[{\"@type\":\"SearchAction\",\"target\":{\"@type\":\"EntryPoint\",\"urlTemplate\":\"https:\/\/radarservice.eu\/pt-pt\/?s={search_term_string}\"},\"query-input\":{\"@type\":\"PropertyValueSpecification\",\"valueRequired\":true,\"valueName\":\"search_term_string\"}}],\"inLanguage\":\"pt-PT\"},{\"@type\":\"Organization\",\"@id\":\"https:\/\/radarservice.eu\/pt-pt\/#organization\",\"name\":\"RadarService\",\"url\":\"https:\/\/radarservice.eu\/pt-pt\/\",\"logo\":{\"@type\":\"ImageObject\",\"inLanguage\":\"pt-PT\",\"@id\":\"https:\/\/radarservice.eu\/pt-pt\/#\/schema\/logo\/image\/\",\"url\":\"https:\/\/radarservice.eu\/wp-content\/uploads\/2021\/03\/Radar_detector_service.png\",\"contentUrl\":\"https:\/\/radarservice.eu\/wp-content\/uploads\/2021\/03\/Radar_detector_service.png\",\"width\":174,\"height\":48,\"caption\":\"RadarService\"},\"image\":{\"@id\":\"https:\/\/radarservice.eu\/pt-pt\/#\/schema\/logo\/image\/\"}}]}<\/script>\n<!-- \/ Yoast SEO plugin. -->","yoast_head_json":{"title":"| de laser Genevo FF Bloqueadores de laser | Radar Service","description":"O anti-laser Genevo FF pode ser usado como sensor de estacionamento legal e bloqueador de laser contra medi\u00e7\u00f5es de velocidade com armas de laser.","robots":{"index":"index","follow":"follow","max-snippet":"max-snippet:-1","max-image-preview":"max-image-preview:large","max-video-preview":"max-video-preview:-1"},"canonical":"https:\/\/radarservice.eu\/pt-pt\/produto\/de-laser-genevo-ff-bloqueadores-de-laser\/","og_locale":"pt_PT","og_type":"article","og_title":"| de laser Genevo FF Bloqueadores de laser | Radar Service","og_description":"O anti-laser Genevo FF pode ser usado como sensor de estacionamento legal e bloqueador de laser contra medi\u00e7\u00f5es de velocidade com armas de laser.","og_url":"https:\/\/radarservice.eu\/pt-pt\/produto\/de-laser-genevo-ff-bloqueadores-de-laser\/","og_site_name":"Radar Service","og_image":[{"width":725,"height":472,"url":"https:\/\/radarservice.eu\/wp-content\/uploads\/2020\/09\/GENEVO_FF_Nummerschildhalterung.png","type":"image\/png"}],"twitter_card":"summary_large_image","twitter_misc":{"Tempo estimado de leitura":"2 minutos"},"schema":{"@context":"https:\/\/schema.org","@graph":[{"@type":"WebPage","@id":"https:\/\/radarservice.eu\/pt-pt\/produto\/de-laser-genevo-ff-bloqueadores-de-laser\/","url":"https:\/\/radarservice.eu\/pt-pt\/produto\/de-laser-genevo-ff-bloqueadores-de-laser\/","name":"| de laser Genevo FF Bloqueadores de laser | Radar Service","isPartOf":{"@id":"https:\/\/radarservice.eu\/pt-pt\/#website"},"primaryImageOfPage":{"@id":"https:\/\/radarservice.eu\/pt-pt\/produto\/de-laser-genevo-ff-bloqueadores-de-laser\/#primaryimage"},"image":{"@id":"https:\/\/radarservice.eu\/pt-pt\/produto\/de-laser-genevo-ff-bloqueadores-de-laser\/#primaryimage"},"thumbnailUrl":"https:\/\/radarservice.eu\/wp-content\/uploads\/2020\/09\/GENEVO_FF_Nummerschildhalterung.png","datePublished":"2022-04-07T14:05:12+00:00","description":"O anti-laser Genevo FF pode ser usado como sensor de estacionamento legal e bloqueador de laser contra medi\u00e7\u00f5es de velocidade com armas de laser.","breadcrumb":{"@id":"https:\/\/radarservice.eu\/pt-pt\/produto\/de-laser-genevo-ff-bloqueadores-de-laser\/#breadcrumb"},"inLanguage":"pt-PT","potentialAction":[{"@type":"ReadAction","target":["https:\/\/radarservice.eu\/pt-pt\/produto\/de-laser-genevo-ff-bloqueadores-de-laser\/"]}]},{"@type":"ImageObject","inLanguage":"pt-PT","@id":"https:\/\/radarservice.eu\/pt-pt\/produto\/de-laser-genevo-ff-bloqueadores-de-laser\/#primaryimage","url":"https:\/\/radarservice.eu\/wp-content\/uploads\/2020\/09\/GENEVO_FF_Nummerschildhalterung.png","contentUrl":"https:\/\/radarservice.eu\/wp-content\/uploads\/2020\/09\/GENEVO_FF_Nummerschildhalterung.png","width":725,"height":472,"caption":"Suporte de placa de matr\u00edcula GENEVO FF"},{"@type":"BreadcrumbList","@id":"https:\/\/radarservice.eu\/pt-pt\/produto\/de-laser-genevo-ff-bloqueadores-de-laser\/#breadcrumb","itemListElement":[{"@type":"ListItem","position":1,"name":"Loja","item":"https:\/\/radarservice.eu\/pt-pt\/loja\/"},{"@type":"ListItem","position":2,"name":"| de laser Genevo FF Bloqueadores de laser"}]},{"@type":"WebSite","@id":"https:\/\/radarservice.eu\/pt-pt\/#website","url":"https:\/\/radarservice.eu\/pt-pt\/","name":"Radar Service","description":"Radar detector Laser jammer mobile fix","publisher":{"@id":"https:\/\/radarservice.eu\/pt-pt\/#organization"},"potentialAction":[{"@type":"SearchAction","target":{"@type":"EntryPoint","urlTemplate":"https:\/\/radarservice.eu\/pt-pt\/?s={search_term_string}"},"query-input":{"@type":"PropertyValueSpecification","valueRequired":true,"valueName":"search_term_string"}}],"inLanguage":"pt-PT"},{"@type":"Organization","@id":"https:\/\/radarservice.eu\/pt-pt\/#organization","name":"RadarService","url":"https:\/\/radarservice.eu\/pt-pt\/","logo":{"@type":"ImageObject","inLanguage":"pt-PT","@id":"https:\/\/radarservice.eu\/pt-pt\/#\/schema\/logo\/image\/","url":"https:\/\/radarservice.eu\/wp-content\/uploads\/2021\/03\/Radar_detector_service.png","contentUrl":"https:\/\/radarservice.eu\/wp-content\/uploads\/2021\/03\/Radar_detector_service.png","width":174,"height":48,"caption":"RadarService"},"image":{"@id":"https:\/\/radarservice.eu\/pt-pt\/#\/schema\/logo\/image\/"}}]}},"_links":{"self":[{"href":"https:\/\/radarservice.eu\/pt-pt\/wp-json\/wp\/v2\/product\/18536","targetHints":{"allow":["GET"]}}],"collection":[{"href":"https:\/\/radarservice.eu\/pt-pt\/wp-json\/wp\/v2\/product"}],"about":[{"href":"https:\/\/radarservice.eu\/pt-pt\/wp-json\/wp\/v2\/types\/product"}],"replies":[{"embeddable":true,"href":"https:\/\/radarservice.eu\/pt-pt\/wp-json\/wp\/v2\/comments?post=18536"}],"wp:featuredmedia":[{"embeddable":true,"href":"https:\/\/radarservice.eu\/pt-pt\/wp-json\/wp\/v2\/media\/18537"}],"wp:attachment":[{"href":"https:\/\/radarservice.eu\/pt-pt\/wp-json\/wp\/v2\/media?parent=18536"}],"wp:term":[{"taxonomy":"product_brand","embeddable":true,"href":"https:\/\/radarservice.eu\/pt-pt\/wp-json\/wp\/v2\/product_brand?post=18536"},{"taxonomy":"product_cat","embeddable":true,"href":"https:\/\/radarservice.eu\/pt-pt\/wp-json\/wp\/v2\/product_cat?post=18536"},{"taxonomy":"product_tag","embeddable":true,"href":"https:\/\/radarservice.eu\/pt-pt\/wp-json\/wp\/v2\/product_tag?post=18536"}],"curies":[{"name":"wp","href":"https:\/\/api.w.org\/{rel}","templated":true}]}}