{"id":18528,"date":"2022-04-07T15:54:42","date_gmt":"2022-04-07T13:54:42","guid":{"rendered":"https:\/\/radarservice.eu\/produkt\/antena-de-radar-genevo-hdm\/"},"modified":"2022-06-21T02:32:46","modified_gmt":"2022-06-21T00:32:46","slug":"antena-de-radar-genevo-hdm","status":"publish","type":"product","link":"https:\/\/radarservice.eu\/pt-pt\/produto\/antena-de-radar-genevo-hdm\/","title":{"rendered":"Antena de radar Genevo HDM+"},"content":{"rendered":"<p>A antena de radar Genevo HDM+ \u00e9 uma pequena e poderosa antena de aviso de radar fixo para instala\u00e7\u00e3o escondida na parte da frente do ve\u00edculo. Devido \u00e0 caixa \u00e0 prova de salpicos, uma instala\u00e7\u00e3o invis\u00edvel n\u00e3o \u00e9 problema.<\/p>\n<p><strong>Vis\u00e3o geral:<\/strong><br \/>\n+ antena de radar fixo pequena e potente<br \/>\n+ Aviso laser<br \/>\n+ X,K-, KA-Band, MultaRadar e Gatso<\/p>\n<p><strong>\u00c2mbito de entrega:<\/strong><br \/>\n* Antena de radar externa Genevo HDM+<br \/>\n* Conjunto de cabo<br \/>\n* material de montagem completo para instala\u00e7\u00e3o<br \/>\n* Manual de instru\u00e7\u00f5es<\/p>\n","protected":false},"excerpt":{"rendered":"<p>A antena de radar Genevo HDM+ \u00e9 uma pequena e poderosa antena de aviso de radar fixo para instala\u00e7\u00e3o escondida na parte da frente do ve\u00edculo. Devido \u00e0 caixa \u00e0 prova de salpicos, uma instala\u00e7\u00e3o invis\u00edvel n\u00e3o \u00e9 problema. Vis\u00e3o geral: + antena de radar fixo pequena e potente + Aviso laser + X,K-, KA-Band, [&#8230;]\n","protected":false},"featured_media":18529,"comment_status":"open","ping_status":"closed","template":"","meta":[],"product_brand":[],"product_cat":[2063,1993],"product_tag":[2258,2143,2146,2257,2144,2256],"class_list":{"0":"post-18528","1":"product","2":"type-product","3":"status-publish","4":"has-post-thumbnail","6":"product_cat-detetores-de-radar-fixos","7":"product_cat-genevo-pt-pt","8":"product_tag-antena-de-radar-hdm-pt-pt","9":"product_tag-europa-pt-pt","10":"product_tag-genevo-pt-pt","11":"product_tag-genevo-hdm-pt-pt","12":"product_tag-instalacao-fixa","13":"product_tag-sem-fios","15":"first","16":"instock","17":"sale","18":"taxable","19":"shipping-taxable","20":"purchasable","21":"product-type-variable","22":"has-default-attributes"},"yoast_head":"<!-- This site is optimized with the Yoast SEO plugin v27.2 - https:\/\/yoast.com\/product\/yoast-seo-wordpress\/ -->\n<title>Antena de radar Genevo HDM+ | Radar Service<\/title>\n<meta name=\"description\" content=\"A antena de radar sem fios Genevo HDM+ \u00e9 uma antena de radar pequena e potente para instala\u00e7\u00e3o escondida na parte da frente do ve\u00edculo.\" \/>\n<meta name=\"robots\" content=\"index, follow, max-snippet:-1, max-image-preview:large, max-video-preview:-1\" \/>\n<link rel=\"canonical\" href=\"https:\/\/radarservice.eu\/pt-pt\/produto\/antena-de-radar-genevo-hdm\/\" \/>\n<meta property=\"og:locale\" content=\"pt_PT\" \/>\n<meta property=\"og:type\" content=\"article\" \/>\n<meta property=\"og:title\" content=\"Antena de radar Genevo HDM+ | Radar Service\" \/>\n<meta property=\"og:description\" content=\"A antena de radar sem fios Genevo HDM+ \u00e9 uma antena de radar pequena e potente para instala\u00e7\u00e3o escondida na parte da frente do ve\u00edculo.\" \/>\n<meta property=\"og:url\" content=\"https:\/\/radarservice.eu\/pt-pt\/produto\/antena-de-radar-genevo-hdm\/\" \/>\n<meta property=\"og:site_name\" content=\"Radar Service\" \/>\n<meta property=\"article:modified_time\" content=\"2022-06-21T00:32:46+00:00\" \/>\n<meta property=\"og:image\" content=\"https:\/\/radarservice.eu\/wp-content\/uploads\/2020\/09\/genevo_hdm_radarantenne.jpg\" \/>\n\t<meta property=\"og:image:width\" content=\"600\" \/>\n\t<meta property=\"og:image:height\" content=\"398\" \/>\n\t<meta property=\"og:image:type\" content=\"image\/jpeg\" \/>\n<meta name=\"twitter:card\" content=\"summary_large_image\" \/>\n<script type=\"application\/ld+json\" class=\"yoast-schema-graph\">{\"@context\":\"https:\/\/schema.org\",\"@graph\":[{\"@type\":\"WebPage\",\"@id\":\"https:\/\/radarservice.eu\/pt-pt\/produto\/antena-de-radar-genevo-hdm\/\",\"url\":\"https:\/\/radarservice.eu\/pt-pt\/produto\/antena-de-radar-genevo-hdm\/\",\"name\":\"Antena de radar Genevo HDM+ | Radar Service\",\"isPartOf\":{\"@id\":\"https:\/\/radarservice.eu\/pt-pt\/#website\"},\"primaryImageOfPage\":{\"@id\":\"https:\/\/radarservice.eu\/pt-pt\/produto\/antena-de-radar-genevo-hdm\/#primaryimage\"},\"image\":{\"@id\":\"https:\/\/radarservice.eu\/pt-pt\/produto\/antena-de-radar-genevo-hdm\/#primaryimage\"},\"thumbnailUrl\":\"https:\/\/radarservice.eu\/wp-content\/uploads\/2020\/09\/genevo_hdm_radarantenne.jpg\",\"datePublished\":\"2022-04-07T13:54:42+00:00\",\"dateModified\":\"2022-06-21T00:32:46+00:00\",\"description\":\"A antena de radar sem fios Genevo HDM+ \u00e9 uma antena de radar pequena e potente para instala\u00e7\u00e3o escondida na parte da frente do ve\u00edculo.\",\"breadcrumb\":{\"@id\":\"https:\/\/radarservice.eu\/pt-pt\/produto\/antena-de-radar-genevo-hdm\/#breadcrumb\"},\"inLanguage\":\"pt-PT\",\"potentialAction\":[{\"@type\":\"ReadAction\",\"target\":[\"https:\/\/radarservice.eu\/pt-pt\/produto\/antena-de-radar-genevo-hdm\/\"]}]},{\"@type\":\"ImageObject\",\"inLanguage\":\"pt-PT\",\"@id\":\"https:\/\/radarservice.eu\/pt-pt\/produto\/antena-de-radar-genevo-hdm\/#primaryimage\",\"url\":\"https:\/\/radarservice.eu\/wp-content\/uploads\/2020\/09\/genevo_hdm_radarantenne.jpg\",\"contentUrl\":\"https:\/\/radarservice.eu\/wp-content\/uploads\/2020\/09\/genevo_hdm_radarantenne.jpg\",\"width\":600,\"height\":398,\"caption\":\"Antena de radar Genevo HDM+\"},{\"@type\":\"BreadcrumbList\",\"@id\":\"https:\/\/radarservice.eu\/pt-pt\/produto\/antena-de-radar-genevo-hdm\/#breadcrumb\",\"itemListElement\":[{\"@type\":\"ListItem\",\"position\":1,\"name\":\"Loja\",\"item\":\"https:\/\/radarservice.eu\/pt-pt\/loja\/\"},{\"@type\":\"ListItem\",\"position\":2,\"name\":\"Antena de radar Genevo HDM+\"}]},{\"@type\":\"WebSite\",\"@id\":\"https:\/\/radarservice.eu\/pt-pt\/#website\",\"url\":\"https:\/\/radarservice.eu\/pt-pt\/\",\"name\":\"Radar Service\",\"description\":\"Radar detector Laser jammer mobile fix\",\"publisher\":{\"@id\":\"https:\/\/radarservice.eu\/pt-pt\/#organization\"},\"potentialAction\":[{\"@type\":\"SearchAction\",\"target\":{\"@type\":\"EntryPoint\",\"urlTemplate\":\"https:\/\/radarservice.eu\/pt-pt\/?s={search_term_string}\"},\"query-input\":{\"@type\":\"PropertyValueSpecification\",\"valueRequired\":true,\"valueName\":\"search_term_string\"}}],\"inLanguage\":\"pt-PT\"},{\"@type\":\"Organization\",\"@id\":\"https:\/\/radarservice.eu\/pt-pt\/#organization\",\"name\":\"RadarService\",\"url\":\"https:\/\/radarservice.eu\/pt-pt\/\",\"logo\":{\"@type\":\"ImageObject\",\"inLanguage\":\"pt-PT\",\"@id\":\"https:\/\/radarservice.eu\/pt-pt\/#\/schema\/logo\/image\/\",\"url\":\"https:\/\/radarservice.eu\/wp-content\/uploads\/2021\/03\/Radar_detector_service.png\",\"contentUrl\":\"https:\/\/radarservice.eu\/wp-content\/uploads\/2021\/03\/Radar_detector_service.png\",\"width\":174,\"height\":48,\"caption\":\"RadarService\"},\"image\":{\"@id\":\"https:\/\/radarservice.eu\/pt-pt\/#\/schema\/logo\/image\/\"}}]}<\/script>\n<!-- \/ Yoast SEO plugin. -->","yoast_head_json":{"title":"Antena de radar Genevo HDM+ | Radar Service","description":"A antena de radar sem fios Genevo HDM+ \u00e9 uma antena de radar pequena e potente para instala\u00e7\u00e3o escondida na parte da frente do ve\u00edculo.","robots":{"index":"index","follow":"follow","max-snippet":"max-snippet:-1","max-image-preview":"max-image-preview:large","max-video-preview":"max-video-preview:-1"},"canonical":"https:\/\/radarservice.eu\/pt-pt\/produto\/antena-de-radar-genevo-hdm\/","og_locale":"pt_PT","og_type":"article","og_title":"Antena de radar Genevo HDM+ | Radar Service","og_description":"A antena de radar sem fios Genevo HDM+ \u00e9 uma antena de radar pequena e potente para instala\u00e7\u00e3o escondida na parte da frente do ve\u00edculo.","og_url":"https:\/\/radarservice.eu\/pt-pt\/produto\/antena-de-radar-genevo-hdm\/","og_site_name":"Radar Service","article_modified_time":"2022-06-21T00:32:46+00:00","og_image":[{"width":600,"height":398,"url":"https:\/\/radarservice.eu\/wp-content\/uploads\/2020\/09\/genevo_hdm_radarantenne.jpg","type":"image\/jpeg"}],"twitter_card":"summary_large_image","schema":{"@context":"https:\/\/schema.org","@graph":[{"@type":"WebPage","@id":"https:\/\/radarservice.eu\/pt-pt\/produto\/antena-de-radar-genevo-hdm\/","url":"https:\/\/radarservice.eu\/pt-pt\/produto\/antena-de-radar-genevo-hdm\/","name":"Antena de radar Genevo HDM+ | Radar Service","isPartOf":{"@id":"https:\/\/radarservice.eu\/pt-pt\/#website"},"primaryImageOfPage":{"@id":"https:\/\/radarservice.eu\/pt-pt\/produto\/antena-de-radar-genevo-hdm\/#primaryimage"},"image":{"@id":"https:\/\/radarservice.eu\/pt-pt\/produto\/antena-de-radar-genevo-hdm\/#primaryimage"},"thumbnailUrl":"https:\/\/radarservice.eu\/wp-content\/uploads\/2020\/09\/genevo_hdm_radarantenne.jpg","datePublished":"2022-04-07T13:54:42+00:00","dateModified":"2022-06-21T00:32:46+00:00","description":"A antena de radar sem fios Genevo HDM+ \u00e9 uma antena de radar pequena e potente para instala\u00e7\u00e3o escondida na parte da frente do ve\u00edculo.","breadcrumb":{"@id":"https:\/\/radarservice.eu\/pt-pt\/produto\/antena-de-radar-genevo-hdm\/#breadcrumb"},"inLanguage":"pt-PT","potentialAction":[{"@type":"ReadAction","target":["https:\/\/radarservice.eu\/pt-pt\/produto\/antena-de-radar-genevo-hdm\/"]}]},{"@type":"ImageObject","inLanguage":"pt-PT","@id":"https:\/\/radarservice.eu\/pt-pt\/produto\/antena-de-radar-genevo-hdm\/#primaryimage","url":"https:\/\/radarservice.eu\/wp-content\/uploads\/2020\/09\/genevo_hdm_radarantenne.jpg","contentUrl":"https:\/\/radarservice.eu\/wp-content\/uploads\/2020\/09\/genevo_hdm_radarantenne.jpg","width":600,"height":398,"caption":"Antena de radar Genevo HDM+"},{"@type":"BreadcrumbList","@id":"https:\/\/radarservice.eu\/pt-pt\/produto\/antena-de-radar-genevo-hdm\/#breadcrumb","itemListElement":[{"@type":"ListItem","position":1,"name":"Loja","item":"https:\/\/radarservice.eu\/pt-pt\/loja\/"},{"@type":"ListItem","position":2,"name":"Antena de radar Genevo HDM+"}]},{"@type":"WebSite","@id":"https:\/\/radarservice.eu\/pt-pt\/#website","url":"https:\/\/radarservice.eu\/pt-pt\/","name":"Radar Service","description":"Radar detector Laser jammer mobile fix","publisher":{"@id":"https:\/\/radarservice.eu\/pt-pt\/#organization"},"potentialAction":[{"@type":"SearchAction","target":{"@type":"EntryPoint","urlTemplate":"https:\/\/radarservice.eu\/pt-pt\/?s={search_term_string}"},"query-input":{"@type":"PropertyValueSpecification","valueRequired":true,"valueName":"search_term_string"}}],"inLanguage":"pt-PT"},{"@type":"Organization","@id":"https:\/\/radarservice.eu\/pt-pt\/#organization","name":"RadarService","url":"https:\/\/radarservice.eu\/pt-pt\/","logo":{"@type":"ImageObject","inLanguage":"pt-PT","@id":"https:\/\/radarservice.eu\/pt-pt\/#\/schema\/logo\/image\/","url":"https:\/\/radarservice.eu\/wp-content\/uploads\/2021\/03\/Radar_detector_service.png","contentUrl":"https:\/\/radarservice.eu\/wp-content\/uploads\/2021\/03\/Radar_detector_service.png","width":174,"height":48,"caption":"RadarService"},"image":{"@id":"https:\/\/radarservice.eu\/pt-pt\/#\/schema\/logo\/image\/"}}]}},"_links":{"self":[{"href":"https:\/\/radarservice.eu\/pt-pt\/wp-json\/wp\/v2\/product\/18528","targetHints":{"allow":["GET"]}}],"collection":[{"href":"https:\/\/radarservice.eu\/pt-pt\/wp-json\/wp\/v2\/product"}],"about":[{"href":"https:\/\/radarservice.eu\/pt-pt\/wp-json\/wp\/v2\/types\/product"}],"replies":[{"embeddable":true,"href":"https:\/\/radarservice.eu\/pt-pt\/wp-json\/wp\/v2\/comments?post=18528"}],"wp:featuredmedia":[{"embeddable":true,"href":"https:\/\/radarservice.eu\/pt-pt\/wp-json\/wp\/v2\/media\/18529"}],"wp:attachment":[{"href":"https:\/\/radarservice.eu\/pt-pt\/wp-json\/wp\/v2\/media?parent=18528"}],"wp:term":[{"taxonomy":"product_brand","embeddable":true,"href":"https:\/\/radarservice.eu\/pt-pt\/wp-json\/wp\/v2\/product_brand?post=18528"},{"taxonomy":"product_cat","embeddable":true,"href":"https:\/\/radarservice.eu\/pt-pt\/wp-json\/wp\/v2\/product_cat?post=18528"},{"taxonomy":"product_tag","embeddable":true,"href":"https:\/\/radarservice.eu\/pt-pt\/wp-json\/wp\/v2\/product_tag?post=18528"}],"curies":[{"name":"wp","href":"https:\/\/api.w.org\/{rel}","templated":true}]}}