{"id":18510,"date":"2022-04-07T15:27:21","date_gmt":"2022-04-07T13:27:21","guid":{"rendered":"https:\/\/radarservice.eu\/produkt\/quintezz-drive-control-gps-v4-0\/"},"modified":"2022-04-07T15:27:21","modified_gmt":"2022-04-07T13:27:21","slug":"quintezz-drive-control-gps-v4-0","status":"publish","type":"product","link":"https:\/\/radarservice.eu\/pt-pt\/produto\/quintezz-drive-control-gps-v4-0\/","title":{"rendered":"Quintezz Drive Control GPS V4.0"},"content":{"rendered":"<p>O detetor de radares m\u00f3veis Quintezz Drive Control \u00e9 um dispositivo de n\u00edvel de entrada rent\u00e1vel adequado para ser utilizado na Europa. Gra\u00e7as ao recetor GPS incorporado, al\u00e9m dos avisos de radar e laser, tamb\u00e9m recebe avisos sobre sistemas de monitoriza\u00e7\u00e3o de velocidade e luz vermelha permanentemente instalados.<br \/>\nSe necess\u00e1rio (e.B controlo de tr\u00e1fego, tr\u00e1fego fronteiri\u00e7o), a fun\u00e7\u00e3o de aviso de radar e laser pode ser desativada ao premir um bot\u00e3o e posteriormente reativada por c\u00f3digo secreto.<\/p>\n<p>O Quintezz Drive Control \u00e9 ideal para condutores que gerem com desempenho m\u00e9dio e para os quais uma prote\u00e7\u00e3o b\u00e1sica \u00e9 suficiente.<\/p>\n<p><strong>Hiweis:<\/strong> O Quintezz Drive Control tem rece\u00e7\u00e3o a laser, mas para uma prote\u00e7\u00e3o segura < laser recomendamos<br \/>\na utiliza\u00e7\u00e3o de um bloqueador de laser ativo e.B. Genevo FF2 ou AL Priority.<\/p>\n<p><strong>Vis\u00e3o geral:<\/strong><br \/>\n+ detetor de radar m\u00f3vel com liga\u00e7\u00e3o de isqueiro de 12V<br \/>\n+ Radar e laser<br \/>\n+ Ka-narrowband para pot\u00eancia m\u00e1xima nos radares Europeus multanova<br \/>\n+ Dimens\u00f5es: 34 x 75 x 117 (altura x largura x comprimento em mm)<\/p>\n<p><strong>Gamas de Frequ\u00eancia:<\/strong><br \/>\n+ Banda X &#8211; 9.41 GHz, 9.90 GHz, 10.50 GHz, 10.525 GHz, 10,60 GHz<br \/>\n+ Banda K &#8211; 24.10 GHz, 24.125 GHz, 24.150 GHz<br \/>\n+ Ka-Narrow &#8211; 34,00 GHz, 34.30 GHz, 34.36 GHz<br \/>\n+ Ka-Wide &#8211; 35,50 GHz, 35,70 GHz<br \/>\n+ banda KU &#8211; 13.450 GHz<\/p>\n<p><strong>\u00c2mbito de entrega:<\/strong><br \/>\n* Quintezz Drive Control V4.0 Radar Detetor<br \/>\n* Cabo de liga\u00e7\u00e3o bracket &amp; 12V<br \/>\n* Cabo USB<br \/>\n* Atualizar o software (c\u00e2maras de velocidade fixa)<br \/>\n* Instru\u00e7\u00f5es de funcionamento alem\u00e3es<\/p>\n","protected":false},"excerpt":{"rendered":"<p>O detetor de radares m\u00f3veis Quintezz Drive Control \u00e9 um dispositivo de n\u00edvel de entrada rent\u00e1vel adequado para ser utilizado na Europa. Gra\u00e7as ao recetor GPS incorporado, al\u00e9m dos avisos de radar e laser, tamb\u00e9m recebe avisos sobre sistemas de monitoriza\u00e7\u00e3o de velocidade e luz vermelha permanentemente instalados. Se necess\u00e1rio (e.B controlo de tr\u00e1fego, tr\u00e1fego [&#8230;]\n","protected":false},"featured_media":18511,"comment_status":"open","ping_status":"closed","template":"","meta":[],"product_brand":[],"product_cat":[2043,2008],"product_tag":[2136,2141,2242,2143,2135,2140,2243],"class_list":{"0":"post-18510","1":"product","2":"type-product","3":"status-publish","4":"has-post-thumbnail","6":"product_cat-detetores-de-radar-portateis","7":"product_cat-quintezz-pt-pt","8":"product_tag-detector-de-laser","9":"product_tag-detector-de-radar-pt-pt","10":"product_tag-dispositivo-de-nivel-de-entrada","11":"product_tag-europa-pt-pt","12":"product_tag-gps-pt-pt","13":"product_tag-poi-warner-pt-pt","14":"product_tag-quintezz-drive-control-pt-pt","16":"first","17":"instock","18":"taxable","19":"shipping-taxable","20":"purchasable","21":"product-type-simple"},"yoast_head":"<!-- This site is optimized with the Yoast SEO plugin v27.2 - https:\/\/yoast.com\/product\/yoast-seo-wordpress\/ -->\n<title>Quintezz Drive Control GPS V4.0 | Radar Service<\/title>\n<meta name=\"description\" content=\"O detetor de radares m\u00f3veis Quintezz Drive Control \u00e9 um dispositivo de n\u00edvel de entrada rent\u00e1vel adequado para ser utilizado na Europa.\" \/>\n<meta name=\"robots\" content=\"index, follow, max-snippet:-1, max-image-preview:large, max-video-preview:-1\" \/>\n<link rel=\"canonical\" href=\"https:\/\/radarservice.eu\/pt-pt\/produto\/quintezz-drive-control-gps-v4-0\/\" \/>\n<meta property=\"og:locale\" content=\"pt_PT\" \/>\n<meta property=\"og:type\" content=\"article\" \/>\n<meta property=\"og:title\" content=\"Quintezz Drive Control GPS V4.0 | Radar Service\" \/>\n<meta property=\"og:description\" content=\"O detetor de radares m\u00f3veis Quintezz Drive Control \u00e9 um dispositivo de n\u00edvel de entrada rent\u00e1vel adequado para ser utilizado na Europa.\" \/>\n<meta property=\"og:url\" content=\"https:\/\/radarservice.eu\/pt-pt\/produto\/quintezz-drive-control-gps-v4-0\/\" \/>\n<meta property=\"og:site_name\" content=\"Radar Service\" \/>\n<meta property=\"og:image\" content=\"https:\/\/radarservice.eu\/wp-content\/uploads\/2020\/09\/quintezz_drive_control_gps_v4.jpg\" \/>\n\t<meta property=\"og:image:width\" content=\"450\" \/>\n\t<meta property=\"og:image:height\" content=\"450\" \/>\n\t<meta property=\"og:image:type\" content=\"image\/jpeg\" \/>\n<meta name=\"twitter:card\" content=\"summary_large_image\" \/>\n<meta name=\"twitter:label1\" content=\"Tempo estimado de leitura\" \/>\n\t<meta name=\"twitter:data1\" content=\"1 minuto\" \/>\n<script type=\"application\/ld+json\" class=\"yoast-schema-graph\">{\"@context\":\"https:\/\/schema.org\",\"@graph\":[{\"@type\":\"WebPage\",\"@id\":\"https:\/\/radarservice.eu\/pt-pt\/produto\/quintezz-drive-control-gps-v4-0\/\",\"url\":\"https:\/\/radarservice.eu\/pt-pt\/produto\/quintezz-drive-control-gps-v4-0\/\",\"name\":\"Quintezz Drive Control GPS V4.0 | Radar Service\",\"isPartOf\":{\"@id\":\"https:\/\/radarservice.eu\/pt-pt\/#website\"},\"primaryImageOfPage\":{\"@id\":\"https:\/\/radarservice.eu\/pt-pt\/produto\/quintezz-drive-control-gps-v4-0\/#primaryimage\"},\"image\":{\"@id\":\"https:\/\/radarservice.eu\/pt-pt\/produto\/quintezz-drive-control-gps-v4-0\/#primaryimage\"},\"thumbnailUrl\":\"https:\/\/radarservice.eu\/wp-content\/uploads\/2020\/09\/quintezz_drive_control_gps_v4.jpg\",\"datePublished\":\"2022-04-07T13:27:21+00:00\",\"description\":\"O detetor de radares m\u00f3veis Quintezz Drive Control \u00e9 um dispositivo de n\u00edvel de entrada rent\u00e1vel adequado para ser utilizado na Europa.\",\"breadcrumb\":{\"@id\":\"https:\/\/radarservice.eu\/pt-pt\/produto\/quintezz-drive-control-gps-v4-0\/#breadcrumb\"},\"inLanguage\":\"pt-PT\",\"potentialAction\":[{\"@type\":\"ReadAction\",\"target\":[\"https:\/\/radarservice.eu\/pt-pt\/produto\/quintezz-drive-control-gps-v4-0\/\"]}]},{\"@type\":\"ImageObject\",\"inLanguage\":\"pt-PT\",\"@id\":\"https:\/\/radarservice.eu\/pt-pt\/produto\/quintezz-drive-control-gps-v4-0\/#primaryimage\",\"url\":\"https:\/\/radarservice.eu\/wp-content\/uploads\/2020\/09\/quintezz_drive_control_gps_v4.jpg\",\"contentUrl\":\"https:\/\/radarservice.eu\/wp-content\/uploads\/2020\/09\/quintezz_drive_control_gps_v4.jpg\",\"width\":450,\"height\":450,\"caption\":\"Quintezz Drive Control GPS V4.0\"},{\"@type\":\"BreadcrumbList\",\"@id\":\"https:\/\/radarservice.eu\/pt-pt\/produto\/quintezz-drive-control-gps-v4-0\/#breadcrumb\",\"itemListElement\":[{\"@type\":\"ListItem\",\"position\":1,\"name\":\"Loja\",\"item\":\"https:\/\/radarservice.eu\/pt-pt\/loja\/\"},{\"@type\":\"ListItem\",\"position\":2,\"name\":\"Quintezz Drive Control GPS V4.0\"}]},{\"@type\":\"WebSite\",\"@id\":\"https:\/\/radarservice.eu\/pt-pt\/#website\",\"url\":\"https:\/\/radarservice.eu\/pt-pt\/\",\"name\":\"Radar Service\",\"description\":\"Radar detector Laser jammer mobile fix\",\"publisher\":{\"@id\":\"https:\/\/radarservice.eu\/pt-pt\/#organization\"},\"potentialAction\":[{\"@type\":\"SearchAction\",\"target\":{\"@type\":\"EntryPoint\",\"urlTemplate\":\"https:\/\/radarservice.eu\/pt-pt\/?s={search_term_string}\"},\"query-input\":{\"@type\":\"PropertyValueSpecification\",\"valueRequired\":true,\"valueName\":\"search_term_string\"}}],\"inLanguage\":\"pt-PT\"},{\"@type\":\"Organization\",\"@id\":\"https:\/\/radarservice.eu\/pt-pt\/#organization\",\"name\":\"RadarService\",\"url\":\"https:\/\/radarservice.eu\/pt-pt\/\",\"logo\":{\"@type\":\"ImageObject\",\"inLanguage\":\"pt-PT\",\"@id\":\"https:\/\/radarservice.eu\/pt-pt\/#\/schema\/logo\/image\/\",\"url\":\"https:\/\/radarservice.eu\/wp-content\/uploads\/2021\/03\/Radar_detector_service.png\",\"contentUrl\":\"https:\/\/radarservice.eu\/wp-content\/uploads\/2021\/03\/Radar_detector_service.png\",\"width\":174,\"height\":48,\"caption\":\"RadarService\"},\"image\":{\"@id\":\"https:\/\/radarservice.eu\/pt-pt\/#\/schema\/logo\/image\/\"}}]}<\/script>\n<!-- \/ Yoast SEO plugin. -->","yoast_head_json":{"title":"Quintezz Drive Control GPS V4.0 | Radar Service","description":"O detetor de radares m\u00f3veis Quintezz Drive Control \u00e9 um dispositivo de n\u00edvel de entrada rent\u00e1vel adequado para ser utilizado na Europa.","robots":{"index":"index","follow":"follow","max-snippet":"max-snippet:-1","max-image-preview":"max-image-preview:large","max-video-preview":"max-video-preview:-1"},"canonical":"https:\/\/radarservice.eu\/pt-pt\/produto\/quintezz-drive-control-gps-v4-0\/","og_locale":"pt_PT","og_type":"article","og_title":"Quintezz Drive Control GPS V4.0 | Radar Service","og_description":"O detetor de radares m\u00f3veis Quintezz Drive Control \u00e9 um dispositivo de n\u00edvel de entrada rent\u00e1vel adequado para ser utilizado na Europa.","og_url":"https:\/\/radarservice.eu\/pt-pt\/produto\/quintezz-drive-control-gps-v4-0\/","og_site_name":"Radar Service","og_image":[{"width":450,"height":450,"url":"https:\/\/radarservice.eu\/wp-content\/uploads\/2020\/09\/quintezz_drive_control_gps_v4.jpg","type":"image\/jpeg"}],"twitter_card":"summary_large_image","twitter_misc":{"Tempo estimado de leitura":"1 minuto"},"schema":{"@context":"https:\/\/schema.org","@graph":[{"@type":"WebPage","@id":"https:\/\/radarservice.eu\/pt-pt\/produto\/quintezz-drive-control-gps-v4-0\/","url":"https:\/\/radarservice.eu\/pt-pt\/produto\/quintezz-drive-control-gps-v4-0\/","name":"Quintezz Drive Control GPS V4.0 | Radar Service","isPartOf":{"@id":"https:\/\/radarservice.eu\/pt-pt\/#website"},"primaryImageOfPage":{"@id":"https:\/\/radarservice.eu\/pt-pt\/produto\/quintezz-drive-control-gps-v4-0\/#primaryimage"},"image":{"@id":"https:\/\/radarservice.eu\/pt-pt\/produto\/quintezz-drive-control-gps-v4-0\/#primaryimage"},"thumbnailUrl":"https:\/\/radarservice.eu\/wp-content\/uploads\/2020\/09\/quintezz_drive_control_gps_v4.jpg","datePublished":"2022-04-07T13:27:21+00:00","description":"O detetor de radares m\u00f3veis Quintezz Drive Control \u00e9 um dispositivo de n\u00edvel de entrada rent\u00e1vel adequado para ser utilizado na Europa.","breadcrumb":{"@id":"https:\/\/radarservice.eu\/pt-pt\/produto\/quintezz-drive-control-gps-v4-0\/#breadcrumb"},"inLanguage":"pt-PT","potentialAction":[{"@type":"ReadAction","target":["https:\/\/radarservice.eu\/pt-pt\/produto\/quintezz-drive-control-gps-v4-0\/"]}]},{"@type":"ImageObject","inLanguage":"pt-PT","@id":"https:\/\/radarservice.eu\/pt-pt\/produto\/quintezz-drive-control-gps-v4-0\/#primaryimage","url":"https:\/\/radarservice.eu\/wp-content\/uploads\/2020\/09\/quintezz_drive_control_gps_v4.jpg","contentUrl":"https:\/\/radarservice.eu\/wp-content\/uploads\/2020\/09\/quintezz_drive_control_gps_v4.jpg","width":450,"height":450,"caption":"Quintezz Drive Control GPS V4.0"},{"@type":"BreadcrumbList","@id":"https:\/\/radarservice.eu\/pt-pt\/produto\/quintezz-drive-control-gps-v4-0\/#breadcrumb","itemListElement":[{"@type":"ListItem","position":1,"name":"Loja","item":"https:\/\/radarservice.eu\/pt-pt\/loja\/"},{"@type":"ListItem","position":2,"name":"Quintezz Drive Control GPS V4.0"}]},{"@type":"WebSite","@id":"https:\/\/radarservice.eu\/pt-pt\/#website","url":"https:\/\/radarservice.eu\/pt-pt\/","name":"Radar Service","description":"Radar detector Laser jammer mobile fix","publisher":{"@id":"https:\/\/radarservice.eu\/pt-pt\/#organization"},"potentialAction":[{"@type":"SearchAction","target":{"@type":"EntryPoint","urlTemplate":"https:\/\/radarservice.eu\/pt-pt\/?s={search_term_string}"},"query-input":{"@type":"PropertyValueSpecification","valueRequired":true,"valueName":"search_term_string"}}],"inLanguage":"pt-PT"},{"@type":"Organization","@id":"https:\/\/radarservice.eu\/pt-pt\/#organization","name":"RadarService","url":"https:\/\/radarservice.eu\/pt-pt\/","logo":{"@type":"ImageObject","inLanguage":"pt-PT","@id":"https:\/\/radarservice.eu\/pt-pt\/#\/schema\/logo\/image\/","url":"https:\/\/radarservice.eu\/wp-content\/uploads\/2021\/03\/Radar_detector_service.png","contentUrl":"https:\/\/radarservice.eu\/wp-content\/uploads\/2021\/03\/Radar_detector_service.png","width":174,"height":48,"caption":"RadarService"},"image":{"@id":"https:\/\/radarservice.eu\/pt-pt\/#\/schema\/logo\/image\/"}}]}},"_links":{"self":[{"href":"https:\/\/radarservice.eu\/pt-pt\/wp-json\/wp\/v2\/product\/18510","targetHints":{"allow":["GET"]}}],"collection":[{"href":"https:\/\/radarservice.eu\/pt-pt\/wp-json\/wp\/v2\/product"}],"about":[{"href":"https:\/\/radarservice.eu\/pt-pt\/wp-json\/wp\/v2\/types\/product"}],"replies":[{"embeddable":true,"href":"https:\/\/radarservice.eu\/pt-pt\/wp-json\/wp\/v2\/comments?post=18510"}],"wp:featuredmedia":[{"embeddable":true,"href":"https:\/\/radarservice.eu\/pt-pt\/wp-json\/wp\/v2\/media\/18511"}],"wp:attachment":[{"href":"https:\/\/radarservice.eu\/pt-pt\/wp-json\/wp\/v2\/media?parent=18510"}],"wp:term":[{"taxonomy":"product_brand","embeddable":true,"href":"https:\/\/radarservice.eu\/pt-pt\/wp-json\/wp\/v2\/product_brand?post=18510"},{"taxonomy":"product_cat","embeddable":true,"href":"https:\/\/radarservice.eu\/pt-pt\/wp-json\/wp\/v2\/product_cat?post=18510"},{"taxonomy":"product_tag","embeddable":true,"href":"https:\/\/radarservice.eu\/pt-pt\/wp-json\/wp\/v2\/product_tag?post=18510"}],"curies":[{"name":"wp","href":"https:\/\/api.w.org\/{rel}","templated":true}]}}