{"id":18508,"date":"2022-04-07T15:17:25","date_gmt":"2022-04-07T13:17:25","guid":{"rendered":"https:\/\/radarservice.eu\/produkt\/quintezz-xt7000-z2-euro\/"},"modified":"2022-04-07T15:17:25","modified_gmt":"2022-04-07T13:17:25","slug":"quintezz-xt7000-z2-euro","status":"publish","type":"product","link":"https:\/\/radarservice.eu\/pt-pt\/produto\/quintezz-xt7000-z2-euro\/","title":{"rendered":"Quintezz XT7000 Z2 Euro"},"content":{"rendered":"<p>O detetor de radar m\u00f3vel Quintezz XT7000 Z2 \u00e9 um dispositivo de n\u00edvel de entrada de n\u00edvel de entrada rent\u00e1vel adequado para utiliza\u00e7\u00e3o na Europa.<br \/>\nIdeal para condutores que se safam com desempenho m\u00e9dio e para quem uma prote\u00e7\u00e3o b\u00e1sica \u00e9 suficiente.<\/p>\n<p><strong>Hiweis:<\/strong> O Quintezz XT7000 Z2 tem rece\u00e7\u00e3o a laser, mas para uma prote\u00e7\u00e3o segura a laser recomendamos<br \/>\na utiliza\u00e7\u00e3o de um bloqueador de laser ativo e.B. Genevo FF2 ou AL Priority.<\/p>\n<p><strong>Vis\u00e3o geral:<\/strong><br \/>\n+ detetor de radar m\u00f3vel com liga\u00e7\u00e3o de isqueiro de 12V<br \/>\n+ X-, K-, KA e Ku-Band<br \/>\n+ Ka-narrowband para pot\u00eancia m\u00e1xima nos radares Europeus multanova<br \/>\n+ Dimens\u00f5es: 34 x 75 x 117 (altura x largura x comprimento em mm)<\/p>\n<p><strong>Gamas de Frequ\u00eancia:<\/strong><br \/>\n+ Banda X &#8211; 9.41 GHz, 9.90 GHz, 10.525 GHz, 10.600 GHz<br \/>\n+ Banda K &#8211; 24.125 GHz, 24.150 GHz, 24.220 GHz<br \/>\n+ Banda Ka &#8211; 34.700 GHz \u00b1 1300 MHz<br \/>+ Ka Narrow &#8211; 34.00 GHz, 34.30 GHz, 34.36 GHz, 35.70 GHz<br \/>\n+ banda KU &#8211; 13.450 GHz<\/p>\n<p><strong>\u00c2mbito de entrega:<\/strong><br \/>\n* Quintezz XT7000 Detetor de radar Z2<br \/>\n* Cabo de liga\u00e7\u00e3o bracket &amp; 12V<br \/>\n* Manual de instru\u00e7\u00f5es<\/p>\n","protected":false},"excerpt":{"rendered":"<p>O detetor de radar m\u00f3vel Quintezz XT7000 Z2 \u00e9 um dispositivo de n\u00edvel de entrada de n\u00edvel de entrada rent\u00e1vel adequado para utiliza\u00e7\u00e3o na Europa. Ideal para condutores que se safam com desempenho m\u00e9dio e para quem uma prote\u00e7\u00e3o b\u00e1sica \u00e9 suficiente. Hiweis: O Quintezz XT7000 Z2 tem rece\u00e7\u00e3o a laser, mas para uma prote\u00e7\u00e3o [&#8230;]\n","protected":false},"featured_media":18509,"comment_status":"open","ping_status":"closed","template":"","meta":[],"product_brand":[],"product_cat":[2043,2008],"product_tag":[2141,2240,2143,2241],"class_list":{"0":"post-18508","1":"product","2":"type-product","3":"status-publish","4":"has-post-thumbnail","6":"product_cat-detetores-de-radar-portateis","7":"product_cat-quintezz-pt-pt","8":"product_tag-detector-de-radar-pt-pt","9":"product_tag-euro-pt-pt","10":"product_tag-europa-pt-pt","11":"product_tag-quintezz-xt7000-pt-pt","13":"first","14":"instock","15":"sale","16":"taxable","17":"shipping-taxable","18":"purchasable","19":"product-type-simple"},"yoast_head":"<!-- This site is optimized with the Yoast SEO plugin v27.2 - https:\/\/yoast.com\/product\/yoast-seo-wordpress\/ -->\n<title>Quintezz XT7000 Z2 Euro | Radar Service<\/title>\n<meta name=\"description\" content=\"O detetor de radar m\u00f3vel Quintezz XT7000 Z2 \u00e9 um dispositivo de entrada de n\u00edvel de entrada rent\u00e1vel que \u00e9 adequado para ser utilizado na Europa.\" \/>\n<meta name=\"robots\" content=\"index, follow, max-snippet:-1, max-image-preview:large, max-video-preview:-1\" \/>\n<link rel=\"canonical\" href=\"https:\/\/radarservice.eu\/pt-pt\/produto\/quintezz-xt7000-z2-euro\/\" \/>\n<meta property=\"og:locale\" content=\"pt_PT\" \/>\n<meta property=\"og:type\" content=\"article\" \/>\n<meta property=\"og:title\" content=\"Quintezz XT7000 Z2 Euro | Radar Service\" \/>\n<meta property=\"og:description\" content=\"O detetor de radar m\u00f3vel Quintezz XT7000 Z2 \u00e9 um dispositivo de entrada de n\u00edvel de entrada rent\u00e1vel que \u00e9 adequado para ser utilizado na Europa.\" \/>\n<meta property=\"og:url\" content=\"https:\/\/radarservice.eu\/pt-pt\/produto\/quintezz-xt7000-z2-euro\/\" \/>\n<meta property=\"og:site_name\" content=\"Radar Service\" \/>\n<meta property=\"og:image\" content=\"https:\/\/radarservice.eu\/wp-content\/uploads\/2020\/09\/quintezz_xt_7000.jpg\" \/>\n\t<meta property=\"og:image:width\" content=\"450\" \/>\n\t<meta property=\"og:image:height\" content=\"450\" \/>\n\t<meta property=\"og:image:type\" content=\"image\/jpeg\" \/>\n<meta name=\"twitter:card\" content=\"summary_large_image\" \/>\n<meta name=\"twitter:label1\" content=\"Tempo estimado de leitura\" \/>\n\t<meta name=\"twitter:data1\" content=\"1 minuto\" \/>\n<script type=\"application\/ld+json\" class=\"yoast-schema-graph\">{\"@context\":\"https:\/\/schema.org\",\"@graph\":[{\"@type\":\"WebPage\",\"@id\":\"https:\/\/radarservice.eu\/pt-pt\/produto\/quintezz-xt7000-z2-euro\/\",\"url\":\"https:\/\/radarservice.eu\/pt-pt\/produto\/quintezz-xt7000-z2-euro\/\",\"name\":\"Quintezz XT7000 Z2 Euro | Radar Service\",\"isPartOf\":{\"@id\":\"https:\/\/radarservice.eu\/pt-pt\/#website\"},\"primaryImageOfPage\":{\"@id\":\"https:\/\/radarservice.eu\/pt-pt\/produto\/quintezz-xt7000-z2-euro\/#primaryimage\"},\"image\":{\"@id\":\"https:\/\/radarservice.eu\/pt-pt\/produto\/quintezz-xt7000-z2-euro\/#primaryimage\"},\"thumbnailUrl\":\"https:\/\/radarservice.eu\/wp-content\/uploads\/2020\/09\/quintezz_xt_7000.jpg\",\"datePublished\":\"2022-04-07T13:17:25+00:00\",\"description\":\"O detetor de radar m\u00f3vel Quintezz XT7000 Z2 \u00e9 um dispositivo de entrada de n\u00edvel de entrada rent\u00e1vel que \u00e9 adequado para ser utilizado na Europa.\",\"breadcrumb\":{\"@id\":\"https:\/\/radarservice.eu\/pt-pt\/produto\/quintezz-xt7000-z2-euro\/#breadcrumb\"},\"inLanguage\":\"pt-PT\",\"potentialAction\":[{\"@type\":\"ReadAction\",\"target\":[\"https:\/\/radarservice.eu\/pt-pt\/produto\/quintezz-xt7000-z2-euro\/\"]}]},{\"@type\":\"ImageObject\",\"inLanguage\":\"pt-PT\",\"@id\":\"https:\/\/radarservice.eu\/pt-pt\/produto\/quintezz-xt7000-z2-euro\/#primaryimage\",\"url\":\"https:\/\/radarservice.eu\/wp-content\/uploads\/2020\/09\/quintezz_xt_7000.jpg\",\"contentUrl\":\"https:\/\/radarservice.eu\/wp-content\/uploads\/2020\/09\/quintezz_xt_7000.jpg\",\"width\":450,\"height\":450,\"caption\":\"Quintezz XT7000\"},{\"@type\":\"BreadcrumbList\",\"@id\":\"https:\/\/radarservice.eu\/pt-pt\/produto\/quintezz-xt7000-z2-euro\/#breadcrumb\",\"itemListElement\":[{\"@type\":\"ListItem\",\"position\":1,\"name\":\"Loja\",\"item\":\"https:\/\/radarservice.eu\/pt-pt\/loja\/\"},{\"@type\":\"ListItem\",\"position\":2,\"name\":\"Quintezz XT7000 Z2 Euro\"}]},{\"@type\":\"WebSite\",\"@id\":\"https:\/\/radarservice.eu\/pt-pt\/#website\",\"url\":\"https:\/\/radarservice.eu\/pt-pt\/\",\"name\":\"Radar Service\",\"description\":\"Radar detector Laser jammer mobile fix\",\"publisher\":{\"@id\":\"https:\/\/radarservice.eu\/pt-pt\/#organization\"},\"potentialAction\":[{\"@type\":\"SearchAction\",\"target\":{\"@type\":\"EntryPoint\",\"urlTemplate\":\"https:\/\/radarservice.eu\/pt-pt\/?s={search_term_string}\"},\"query-input\":{\"@type\":\"PropertyValueSpecification\",\"valueRequired\":true,\"valueName\":\"search_term_string\"}}],\"inLanguage\":\"pt-PT\"},{\"@type\":\"Organization\",\"@id\":\"https:\/\/radarservice.eu\/pt-pt\/#organization\",\"name\":\"RadarService\",\"url\":\"https:\/\/radarservice.eu\/pt-pt\/\",\"logo\":{\"@type\":\"ImageObject\",\"inLanguage\":\"pt-PT\",\"@id\":\"https:\/\/radarservice.eu\/pt-pt\/#\/schema\/logo\/image\/\",\"url\":\"https:\/\/radarservice.eu\/wp-content\/uploads\/2021\/03\/Radar_detector_service.png\",\"contentUrl\":\"https:\/\/radarservice.eu\/wp-content\/uploads\/2021\/03\/Radar_detector_service.png\",\"width\":174,\"height\":48,\"caption\":\"RadarService\"},\"image\":{\"@id\":\"https:\/\/radarservice.eu\/pt-pt\/#\/schema\/logo\/image\/\"}}]}<\/script>\n<!-- \/ Yoast SEO plugin. -->","yoast_head_json":{"title":"Quintezz XT7000 Z2 Euro | Radar Service","description":"O detetor de radar m\u00f3vel Quintezz XT7000 Z2 \u00e9 um dispositivo de entrada de n\u00edvel de entrada rent\u00e1vel que \u00e9 adequado para ser utilizado na Europa.","robots":{"index":"index","follow":"follow","max-snippet":"max-snippet:-1","max-image-preview":"max-image-preview:large","max-video-preview":"max-video-preview:-1"},"canonical":"https:\/\/radarservice.eu\/pt-pt\/produto\/quintezz-xt7000-z2-euro\/","og_locale":"pt_PT","og_type":"article","og_title":"Quintezz XT7000 Z2 Euro | Radar Service","og_description":"O detetor de radar m\u00f3vel Quintezz XT7000 Z2 \u00e9 um dispositivo de entrada de n\u00edvel de entrada rent\u00e1vel que \u00e9 adequado para ser utilizado na Europa.","og_url":"https:\/\/radarservice.eu\/pt-pt\/produto\/quintezz-xt7000-z2-euro\/","og_site_name":"Radar Service","og_image":[{"width":450,"height":450,"url":"https:\/\/radarservice.eu\/wp-content\/uploads\/2020\/09\/quintezz_xt_7000.jpg","type":"image\/jpeg"}],"twitter_card":"summary_large_image","twitter_misc":{"Tempo estimado de leitura":"1 minuto"},"schema":{"@context":"https:\/\/schema.org","@graph":[{"@type":"WebPage","@id":"https:\/\/radarservice.eu\/pt-pt\/produto\/quintezz-xt7000-z2-euro\/","url":"https:\/\/radarservice.eu\/pt-pt\/produto\/quintezz-xt7000-z2-euro\/","name":"Quintezz XT7000 Z2 Euro | Radar Service","isPartOf":{"@id":"https:\/\/radarservice.eu\/pt-pt\/#website"},"primaryImageOfPage":{"@id":"https:\/\/radarservice.eu\/pt-pt\/produto\/quintezz-xt7000-z2-euro\/#primaryimage"},"image":{"@id":"https:\/\/radarservice.eu\/pt-pt\/produto\/quintezz-xt7000-z2-euro\/#primaryimage"},"thumbnailUrl":"https:\/\/radarservice.eu\/wp-content\/uploads\/2020\/09\/quintezz_xt_7000.jpg","datePublished":"2022-04-07T13:17:25+00:00","description":"O detetor de radar m\u00f3vel Quintezz XT7000 Z2 \u00e9 um dispositivo de entrada de n\u00edvel de entrada rent\u00e1vel que \u00e9 adequado para ser utilizado na Europa.","breadcrumb":{"@id":"https:\/\/radarservice.eu\/pt-pt\/produto\/quintezz-xt7000-z2-euro\/#breadcrumb"},"inLanguage":"pt-PT","potentialAction":[{"@type":"ReadAction","target":["https:\/\/radarservice.eu\/pt-pt\/produto\/quintezz-xt7000-z2-euro\/"]}]},{"@type":"ImageObject","inLanguage":"pt-PT","@id":"https:\/\/radarservice.eu\/pt-pt\/produto\/quintezz-xt7000-z2-euro\/#primaryimage","url":"https:\/\/radarservice.eu\/wp-content\/uploads\/2020\/09\/quintezz_xt_7000.jpg","contentUrl":"https:\/\/radarservice.eu\/wp-content\/uploads\/2020\/09\/quintezz_xt_7000.jpg","width":450,"height":450,"caption":"Quintezz XT7000"},{"@type":"BreadcrumbList","@id":"https:\/\/radarservice.eu\/pt-pt\/produto\/quintezz-xt7000-z2-euro\/#breadcrumb","itemListElement":[{"@type":"ListItem","position":1,"name":"Loja","item":"https:\/\/radarservice.eu\/pt-pt\/loja\/"},{"@type":"ListItem","position":2,"name":"Quintezz XT7000 Z2 Euro"}]},{"@type":"WebSite","@id":"https:\/\/radarservice.eu\/pt-pt\/#website","url":"https:\/\/radarservice.eu\/pt-pt\/","name":"Radar Service","description":"Radar detector Laser jammer mobile fix","publisher":{"@id":"https:\/\/radarservice.eu\/pt-pt\/#organization"},"potentialAction":[{"@type":"SearchAction","target":{"@type":"EntryPoint","urlTemplate":"https:\/\/radarservice.eu\/pt-pt\/?s={search_term_string}"},"query-input":{"@type":"PropertyValueSpecification","valueRequired":true,"valueName":"search_term_string"}}],"inLanguage":"pt-PT"},{"@type":"Organization","@id":"https:\/\/radarservice.eu\/pt-pt\/#organization","name":"RadarService","url":"https:\/\/radarservice.eu\/pt-pt\/","logo":{"@type":"ImageObject","inLanguage":"pt-PT","@id":"https:\/\/radarservice.eu\/pt-pt\/#\/schema\/logo\/image\/","url":"https:\/\/radarservice.eu\/wp-content\/uploads\/2021\/03\/Radar_detector_service.png","contentUrl":"https:\/\/radarservice.eu\/wp-content\/uploads\/2021\/03\/Radar_detector_service.png","width":174,"height":48,"caption":"RadarService"},"image":{"@id":"https:\/\/radarservice.eu\/pt-pt\/#\/schema\/logo\/image\/"}}]}},"_links":{"self":[{"href":"https:\/\/radarservice.eu\/pt-pt\/wp-json\/wp\/v2\/product\/18508","targetHints":{"allow":["GET"]}}],"collection":[{"href":"https:\/\/radarservice.eu\/pt-pt\/wp-json\/wp\/v2\/product"}],"about":[{"href":"https:\/\/radarservice.eu\/pt-pt\/wp-json\/wp\/v2\/types\/product"}],"replies":[{"embeddable":true,"href":"https:\/\/radarservice.eu\/pt-pt\/wp-json\/wp\/v2\/comments?post=18508"}],"wp:featuredmedia":[{"embeddable":true,"href":"https:\/\/radarservice.eu\/pt-pt\/wp-json\/wp\/v2\/media\/18509"}],"wp:attachment":[{"href":"https:\/\/radarservice.eu\/pt-pt\/wp-json\/wp\/v2\/media?parent=18508"}],"wp:term":[{"taxonomy":"product_brand","embeddable":true,"href":"https:\/\/radarservice.eu\/pt-pt\/wp-json\/wp\/v2\/product_brand?post=18508"},{"taxonomy":"product_cat","embeddable":true,"href":"https:\/\/radarservice.eu\/pt-pt\/wp-json\/wp\/v2\/product_cat?post=18508"},{"taxonomy":"product_tag","embeddable":true,"href":"https:\/\/radarservice.eu\/pt-pt\/wp-json\/wp\/v2\/product_tag?post=18508"}],"curies":[{"name":"wp","href":"https:\/\/api.w.org\/{rel}","templated":true}]}}