{"id":18501,"date":"2022-04-07T15:15:10","date_gmt":"2022-04-07T13:15:10","guid":{"rendered":"https:\/\/radarservice.eu\/produkt\/escort-redline-ex-international\/"},"modified":"2025-06-22T05:10:32","modified_gmt":"2025-06-22T03:10:32","slug":"escort-redline-ex-international","status":"publish","type":"product","link":"https:\/\/radarservice.eu\/pt-pt\/produto\/escort-redline-ex-international\/","title":{"rendered":"Escort RedLine EX International"},"content":{"rendered":"<h2>Escort RedLine EX Detetor de RadarEsatro internacional<\/h2>\n<p>A s\u00e9rie RedLine da Escort \u00e9 um dos detetores de radar mais apreciados dos \u00faltimos anos e recebeu muitas avalia\u00e7\u00f5es positivas dos clientes. Com o detetor de radar RedLine EX, o Escort melhora um cl\u00e1ssico desenvolvendo um ecr\u00e3 de cores moderno e um filtro de alarme falso melhorado.<\/p>\n[legenda id=&#8221;attachment_13938&#8243; align=&#8221;aligncenter&#8221; width=&#8221;600&#8243;]<img loading=\"lazy\" decoding=\"async\" src=\"https:\/\/radarservice.eu\/wp-content\/uploads\/2020\/09\/Escort_Redline_Lieferumfang.jpg\" alt=\"Escort Redline EX Scope of delivery\" width=\"600\" height=\"600\" class=\"size-full wp-image-18507\" srcset=\"https:\/\/radarservice.eu\/wp-content\/uploads\/2020\/09\/Escort_Redline_Lieferumfang.jpg 800w, https:\/\/radarservice.eu\/wp-content\/uploads\/2020\/09\/Escort_Redline_Lieferumfang-300x300.jpg 300w, https:\/\/radarservice.eu\/wp-content\/uploads\/2020\/09\/Escort_Redline_Lieferumfang-150x150.jpg 150w, https:\/\/radarservice.eu\/wp-content\/uploads\/2020\/09\/Escort_Redline_Lieferumfang-768x768.jpg 768w, https:\/\/radarservice.eu\/wp-content\/uploads\/2020\/09\/Escort_Redline_Lieferumfang-510x510.jpg 510w, https:\/\/radarservice.eu\/wp-content\/uploads\/2020\/09\/Escort_Redline_Lieferumfang-100x100.jpg 100w\" sizes=\"auto, (max-width: 600px) 100vw, 600px\" \/> Escort Redline EX Scope da entrega[\/]\n<h3>Filtro de alarme falso melhorado<\/h3>\n<p>Com a introdu\u00e7\u00e3o de sistemas de assist\u00eancia ao condutor em carros modernos, os detetores de radar enfrentaram problemas adicionais e alarmes falsos frequentes.  Uma vez que os sistemas de assist\u00eancia utilizam frequ\u00eancias semelhantes \u00e0s das armadilhas de radar convencionais. O Escort RedLine EX reconhece os sinais dos sistemas de assist\u00eancia ao condutor e separa-os dos sinais das verdadeiras armadilhas de radar, evitando assim falsos alarmes desnecess\u00e1rios.<\/p>\n<h3>Tecnologia AutoLearn<\/h3>\n<p>A funcionalidade AutoLearn da RedLine EX combina informa\u00e7\u00f5es de localiza\u00e7\u00e3o GPS com a gama \u00fanica de frequ\u00eancia dos sinais de radar recebidos. Como resultado, o detetor de radar deteta automaticamente falsos alarmes e pode filtrar-los no futuro. Ouvir\u00e1 menos alarmes falsos, mesmo que n\u00e3o marque manualmente estes pontos como falsos alarmes. J\u00e1 depois de tr\u00eas vezes a ocorr\u00eancia de um alarme falso no mesmo local, esta localiza\u00e7\u00e3o ser\u00e1 filtrada totalmente automaticamente atrav\u00e9s do posicionamento de GPS no futuro.<\/p>\n<h3>Visualiza\u00e7\u00e3o r\u00e1pida dos perigos<\/h3>\n<p><p>O novo ecr\u00e3 OLED d\u00e1-lhe uma vis\u00e3o geral r\u00e1pida e clara das informa\u00e7\u00f5es relevantes sobre as mensagens de perigo recebidas. \u00cdcones claros e um LED adicional fornecem um aviso visual perfeito para uma prote\u00e7\u00e3o extra. O brilho do visor pode ser gradualmente ajustado de luz para escuro e ajustado individualmente a cores.<\/p>\n<h3>duas antenas para rece\u00e7\u00e3o perfeita<\/h3>\n<p>Duas antenas de radar fornecem-lhe os primeiros avisos poss\u00edveis para todas as frequ\u00eancias europeias. As novas armadilhas de radar GATSO, Multaradar CT (MRCT) \/ Multaradar CD (MRCD) \/ MultaRadar Moving e Gatso s\u00e3o tamb\u00e9m detetadas numa fase inicial. O Redline EX tamb\u00e9m est\u00e1 equipado com v\u00e1rios sensores laser. Isto inclui um recetor laser especial para detetar uma medi\u00e7\u00e3o de velocidade por tr\u00e1s. O processamento de sinal digital patenteado analisa as transmiss\u00f5es recebidas e filtra o ru\u00eddo, minimizando alarmes falsos irritantes. <\/p>\n<h3>GPS POI Warner com base de dados de c\u00e2maras de velocidade Europa<\/h3>\n<p>O RedLine EX International vem com uma base de dados pr\u00e9-instalada de flashers de velocidade fixa e sem\u00e1foros e sec\u00e7\u00f5es de controlo de sec\u00e7\u00f5es em toda a Europa. Gra\u00e7as ao recetor GPS integrado e \u00e0 base de dados Europa, at\u00e9 as armadilhas de velocidade instaladas permanentemente s\u00e3o relatadas de forma fi\u00e1vel. As atualiza\u00e7\u00f5es para a base de dados podem ser descarregadas e instaladas a qualquer momento. Precisa de uma subscri\u00e7\u00e3o e de um computador baseado no\u00ae Windows para atualizar a base de dados RedLine EX. <\/p>\n<h3>Virtualmente invis\u00edvel para dete\u00e7\u00e3o<\/h3>\n<p>A tecnologia TotalShield garante que n\u00e3o pode ser localizada.  Tamb\u00e9m os atuais detetores de radar VG2 e Spectre da pol\u00edcia n\u00e3o conseguem localizar o detetor de radar Escort. Com esta vantagem adicional, pode utilizar o Escort Redline EX sem preocupa\u00e7\u00f5es.<\/p>\n<h3>Ligue o seu smartphone via Bluetooth<\/h3>\n<p>Com a interface Bluetooth incorporada, pode facilmente emparelhar o Detetor de Radar de Escolta com o seu telem\u00f3vel e conect\u00e1-lo \u00e0 App Escort Live. <\/p>\n<h3>Guarde os seus pr\u00f3prios pontos de perigo e o mudo autom\u00e1tico<\/h3>\n<p>Pode guardar os seus pr\u00f3prios pontos de perigo ao toque de um bot\u00e3o. No futuro, o RedLine EX ir\u00e1 avis\u00e1-lo nestes locais assim que se aproximar.  Ou prima o bot\u00e3o de silenciamento num ponto em que n\u00e3o queira ser avisado no futuro. O detetor de radar Redline lembra-se das coordenadas DE GPS e da frequ\u00eancia de radar e silencia o alarme da pr\u00f3xima vez que passar pelo local. Se uma frequ\u00eancia de radar diferente for recebida neste local, por exemplo, por uma armadilha de radar, o Escort EX ainda o avisar\u00e1 no futuro.<\/p>\n<h3>opera\u00e7\u00e3o amig\u00e1vel<\/h3>\n<p>O detetor de radar RedLine EX facilita-lhe o aproveita\u00e7\u00e3o da sua grande tecnologia. Com dois n\u00edveis de sensibilidade pr\u00e9-configurados, pode definir o detetor de radar para ser usado na cidade e na autoestrada. O alerta de voz digital \u00e9 em ingl\u00eas ou espanhol, e pode usar o mudo para ajustar ou desligar completamente o volume.<\/p>\n<h3>SmartCord e Mala<\/h3>\n<p>O seu Escort RedLine EX vem com uma mala e um cabo de liga\u00e7\u00e3o SmartCord de 12 volts para o isqueiro.  O suporte moderno pode ser fixado firmemente ao para-brisas e permite uma r\u00e1pida liga\u00e7\u00e3o do detetor de radar. Com o LED integrado no cabo SmartCord, pode ver avisos mesmo quando o visor est\u00e1 desligado. <\/p>\n<p><strong>Hiweis:<\/strong> O Escort Redline tem uma boa rece\u00e7\u00e3o a laser, mas para uma prote\u00e7\u00e3o a laser segura recomendamos a utiliza\u00e7\u00e3o de um bloqueador de laser ativo e.B. AL Priority ou LaserTrack Flare.<\/p>\n","protected":false},"excerpt":{"rendered":"<h2>Escort RedLine EX International<\/h2>\n<p>Detetor de radar com Bluetooth, GPS e base de dados para a Europa. Detetor de radar muito bom para uso na Europa.<br \/>\nEspecialmente concebido para utiliza\u00e7\u00e3o na Europa, prote\u00e7\u00e3o contra armadilhas de velocidade X-, K-, Ka-, MultaRadar, Gatso. <\/p>\n","protected":false},"featured_media":18506,"comment_status":"open","ping_status":"closed","template":"","meta":[],"product_brand":[],"product_cat":[2043,2066,1989],"product_tag":[2136,2141,2239,2238,2143],"class_list":{"0":"post-18501","1":"product","2":"type-product","3":"status-publish","4":"has-post-thumbnail","6":"product_cat-detetores-de-radar-portateis","7":"product_cat-detetores-de-radar-recomendados-pt-pt","8":"product_cat-escort-pt-pt","9":"product_tag-detector-de-laser","10":"product_tag-detector-de-radar-pt-pt","11":"product_tag-detetor-de-radar-movel","12":"product_tag-escort-redline-pt-pt","13":"product_tag-europa-pt-pt","15":"first","16":"onbackorder","17":"sale","18":"taxable","19":"shipping-taxable","20":"purchasable","21":"product-type-simple"},"yoast_head":"<!-- This site is optimized with the Yoast SEO plugin v27.2 - https:\/\/yoast.com\/product\/yoast-seo-wordpress\/ -->\n<title>Escort RedLine EX International | Radar Service<\/title>\n<meta name=\"description\" content=\"O detetor de radar Escort RedLine EX oferece um aviso de radar muito bom e a melhor prote\u00e7\u00e3o poss\u00edvel contra armadilhas de radares m\u00f3veis e medi\u00e7\u00f5es a laser.\" \/>\n<meta name=\"robots\" content=\"index, follow, max-snippet:-1, max-image-preview:large, max-video-preview:-1\" \/>\n<link rel=\"canonical\" href=\"https:\/\/radarservice.eu\/pt-pt\/produto\/escort-redline-ex-international\/\" \/>\n<meta property=\"og:locale\" content=\"pt_PT\" \/>\n<meta property=\"og:type\" content=\"article\" \/>\n<meta property=\"og:title\" content=\"Escort RedLine EX International | Radar Service\" \/>\n<meta property=\"og:description\" content=\"O detetor de radar Escort RedLine EX oferece um aviso de radar muito bom e a melhor prote\u00e7\u00e3o poss\u00edvel contra armadilhas de radares m\u00f3veis e medi\u00e7\u00f5es a laser.\" \/>\n<meta property=\"og:url\" content=\"https:\/\/radarservice.eu\/pt-pt\/produto\/escort-redline-ex-international\/\" \/>\n<meta property=\"og:site_name\" content=\"Radar Service\" \/>\n<meta property=\"article:modified_time\" content=\"2025-06-22T03:10:32+00:00\" \/>\n<meta property=\"og:image\" content=\"https:\/\/radarservice.eu\/wp-content\/uploads\/2020\/09\/Escort_Redline_EX_International_display.png\" \/>\n\t<meta property=\"og:image:width\" content=\"780\" \/>\n\t<meta property=\"og:image:height\" content=\"440\" \/>\n\t<meta property=\"og:image:type\" content=\"image\/png\" \/>\n<meta name=\"twitter:card\" content=\"summary_large_image\" \/>\n<meta name=\"twitter:label1\" content=\"Tempo estimado de leitura\" \/>\n\t<meta name=\"twitter:data1\" content=\"4 minutos\" \/>\n<script type=\"application\/ld+json\" class=\"yoast-schema-graph\">{\"@context\":\"https:\/\/schema.org\",\"@graph\":[{\"@type\":\"WebPage\",\"@id\":\"https:\/\/radarservice.eu\/pt-pt\/produto\/escort-redline-ex-international\/\",\"url\":\"https:\/\/radarservice.eu\/pt-pt\/produto\/escort-redline-ex-international\/\",\"name\":\"Escort RedLine EX International | Radar Service\",\"isPartOf\":{\"@id\":\"https:\/\/radarservice.eu\/pt-pt\/#website\"},\"primaryImageOfPage\":{\"@id\":\"https:\/\/radarservice.eu\/pt-pt\/produto\/escort-redline-ex-international\/#primaryimage\"},\"image\":{\"@id\":\"https:\/\/radarservice.eu\/pt-pt\/produto\/escort-redline-ex-international\/#primaryimage\"},\"thumbnailUrl\":\"https:\/\/radarservice.eu\/wp-content\/uploads\/2020\/09\/Escort_Redline_EX_International_display.png\",\"datePublished\":\"2022-04-07T13:15:10+00:00\",\"dateModified\":\"2025-06-22T03:10:32+00:00\",\"description\":\"O detetor de radar Escort RedLine EX oferece um aviso de radar muito bom e a melhor prote\u00e7\u00e3o poss\u00edvel contra armadilhas de radares m\u00f3veis e medi\u00e7\u00f5es a laser.\",\"breadcrumb\":{\"@id\":\"https:\/\/radarservice.eu\/pt-pt\/produto\/escort-redline-ex-international\/#breadcrumb\"},\"inLanguage\":\"pt-PT\",\"potentialAction\":[{\"@type\":\"ReadAction\",\"target\":[\"https:\/\/radarservice.eu\/pt-pt\/produto\/escort-redline-ex-international\/\"]}]},{\"@type\":\"ImageObject\",\"inLanguage\":\"pt-PT\",\"@id\":\"https:\/\/radarservice.eu\/pt-pt\/produto\/escort-redline-ex-international\/#primaryimage\",\"url\":\"https:\/\/radarservice.eu\/wp-content\/uploads\/2020\/09\/Escort_Redline_EX_International_display.png\",\"contentUrl\":\"https:\/\/radarservice.eu\/wp-content\/uploads\/2020\/09\/Escort_Redline_EX_International_display.png\",\"width\":780,\"height\":440,\"caption\":\"Acompanhante Redline EX International Display\"},{\"@type\":\"BreadcrumbList\",\"@id\":\"https:\/\/radarservice.eu\/pt-pt\/produto\/escort-redline-ex-international\/#breadcrumb\",\"itemListElement\":[{\"@type\":\"ListItem\",\"position\":1,\"name\":\"Loja\",\"item\":\"https:\/\/radarservice.eu\/pt-pt\/loja\/\"},{\"@type\":\"ListItem\",\"position\":2,\"name\":\"Escort RedLine EX International\"}]},{\"@type\":\"WebSite\",\"@id\":\"https:\/\/radarservice.eu\/pt-pt\/#website\",\"url\":\"https:\/\/radarservice.eu\/pt-pt\/\",\"name\":\"Radar Service\",\"description\":\"Radar detector Laser jammer mobile fix\",\"publisher\":{\"@id\":\"https:\/\/radarservice.eu\/pt-pt\/#organization\"},\"potentialAction\":[{\"@type\":\"SearchAction\",\"target\":{\"@type\":\"EntryPoint\",\"urlTemplate\":\"https:\/\/radarservice.eu\/pt-pt\/?s={search_term_string}\"},\"query-input\":{\"@type\":\"PropertyValueSpecification\",\"valueRequired\":true,\"valueName\":\"search_term_string\"}}],\"inLanguage\":\"pt-PT\"},{\"@type\":\"Organization\",\"@id\":\"https:\/\/radarservice.eu\/pt-pt\/#organization\",\"name\":\"RadarService\",\"url\":\"https:\/\/radarservice.eu\/pt-pt\/\",\"logo\":{\"@type\":\"ImageObject\",\"inLanguage\":\"pt-PT\",\"@id\":\"https:\/\/radarservice.eu\/pt-pt\/#\/schema\/logo\/image\/\",\"url\":\"https:\/\/radarservice.eu\/wp-content\/uploads\/2021\/03\/Radar_detector_service.png\",\"contentUrl\":\"https:\/\/radarservice.eu\/wp-content\/uploads\/2021\/03\/Radar_detector_service.png\",\"width\":174,\"height\":48,\"caption\":\"RadarService\"},\"image\":{\"@id\":\"https:\/\/radarservice.eu\/pt-pt\/#\/schema\/logo\/image\/\"}}]}<\/script>\n<!-- \/ Yoast SEO plugin. -->","yoast_head_json":{"title":"Escort RedLine EX International | Radar Service","description":"O detetor de radar Escort RedLine EX oferece um aviso de radar muito bom e a melhor prote\u00e7\u00e3o poss\u00edvel contra armadilhas de radares m\u00f3veis e medi\u00e7\u00f5es a laser.","robots":{"index":"index","follow":"follow","max-snippet":"max-snippet:-1","max-image-preview":"max-image-preview:large","max-video-preview":"max-video-preview:-1"},"canonical":"https:\/\/radarservice.eu\/pt-pt\/produto\/escort-redline-ex-international\/","og_locale":"pt_PT","og_type":"article","og_title":"Escort RedLine EX International | Radar Service","og_description":"O detetor de radar Escort RedLine EX oferece um aviso de radar muito bom e a melhor prote\u00e7\u00e3o poss\u00edvel contra armadilhas de radares m\u00f3veis e medi\u00e7\u00f5es a laser.","og_url":"https:\/\/radarservice.eu\/pt-pt\/produto\/escort-redline-ex-international\/","og_site_name":"Radar Service","article_modified_time":"2025-06-22T03:10:32+00:00","og_image":[{"width":780,"height":440,"url":"https:\/\/radarservice.eu\/wp-content\/uploads\/2020\/09\/Escort_Redline_EX_International_display.png","type":"image\/png"}],"twitter_card":"summary_large_image","twitter_misc":{"Tempo estimado de leitura":"4 minutos"},"schema":{"@context":"https:\/\/schema.org","@graph":[{"@type":"WebPage","@id":"https:\/\/radarservice.eu\/pt-pt\/produto\/escort-redline-ex-international\/","url":"https:\/\/radarservice.eu\/pt-pt\/produto\/escort-redline-ex-international\/","name":"Escort RedLine EX International | Radar Service","isPartOf":{"@id":"https:\/\/radarservice.eu\/pt-pt\/#website"},"primaryImageOfPage":{"@id":"https:\/\/radarservice.eu\/pt-pt\/produto\/escort-redline-ex-international\/#primaryimage"},"image":{"@id":"https:\/\/radarservice.eu\/pt-pt\/produto\/escort-redline-ex-international\/#primaryimage"},"thumbnailUrl":"https:\/\/radarservice.eu\/wp-content\/uploads\/2020\/09\/Escort_Redline_EX_International_display.png","datePublished":"2022-04-07T13:15:10+00:00","dateModified":"2025-06-22T03:10:32+00:00","description":"O detetor de radar Escort RedLine EX oferece um aviso de radar muito bom e a melhor prote\u00e7\u00e3o poss\u00edvel contra armadilhas de radares m\u00f3veis e medi\u00e7\u00f5es a laser.","breadcrumb":{"@id":"https:\/\/radarservice.eu\/pt-pt\/produto\/escort-redline-ex-international\/#breadcrumb"},"inLanguage":"pt-PT","potentialAction":[{"@type":"ReadAction","target":["https:\/\/radarservice.eu\/pt-pt\/produto\/escort-redline-ex-international\/"]}]},{"@type":"ImageObject","inLanguage":"pt-PT","@id":"https:\/\/radarservice.eu\/pt-pt\/produto\/escort-redline-ex-international\/#primaryimage","url":"https:\/\/radarservice.eu\/wp-content\/uploads\/2020\/09\/Escort_Redline_EX_International_display.png","contentUrl":"https:\/\/radarservice.eu\/wp-content\/uploads\/2020\/09\/Escort_Redline_EX_International_display.png","width":780,"height":440,"caption":"Acompanhante Redline EX International Display"},{"@type":"BreadcrumbList","@id":"https:\/\/radarservice.eu\/pt-pt\/produto\/escort-redline-ex-international\/#breadcrumb","itemListElement":[{"@type":"ListItem","position":1,"name":"Loja","item":"https:\/\/radarservice.eu\/pt-pt\/loja\/"},{"@type":"ListItem","position":2,"name":"Escort RedLine EX International"}]},{"@type":"WebSite","@id":"https:\/\/radarservice.eu\/pt-pt\/#website","url":"https:\/\/radarservice.eu\/pt-pt\/","name":"Radar Service","description":"Radar detector Laser jammer mobile fix","publisher":{"@id":"https:\/\/radarservice.eu\/pt-pt\/#organization"},"potentialAction":[{"@type":"SearchAction","target":{"@type":"EntryPoint","urlTemplate":"https:\/\/radarservice.eu\/pt-pt\/?s={search_term_string}"},"query-input":{"@type":"PropertyValueSpecification","valueRequired":true,"valueName":"search_term_string"}}],"inLanguage":"pt-PT"},{"@type":"Organization","@id":"https:\/\/radarservice.eu\/pt-pt\/#organization","name":"RadarService","url":"https:\/\/radarservice.eu\/pt-pt\/","logo":{"@type":"ImageObject","inLanguage":"pt-PT","@id":"https:\/\/radarservice.eu\/pt-pt\/#\/schema\/logo\/image\/","url":"https:\/\/radarservice.eu\/wp-content\/uploads\/2021\/03\/Radar_detector_service.png","contentUrl":"https:\/\/radarservice.eu\/wp-content\/uploads\/2021\/03\/Radar_detector_service.png","width":174,"height":48,"caption":"RadarService"},"image":{"@id":"https:\/\/radarservice.eu\/pt-pt\/#\/schema\/logo\/image\/"}}]}},"_links":{"self":[{"href":"https:\/\/radarservice.eu\/pt-pt\/wp-json\/wp\/v2\/product\/18501","targetHints":{"allow":["GET"]}}],"collection":[{"href":"https:\/\/radarservice.eu\/pt-pt\/wp-json\/wp\/v2\/product"}],"about":[{"href":"https:\/\/radarservice.eu\/pt-pt\/wp-json\/wp\/v2\/types\/product"}],"replies":[{"embeddable":true,"href":"https:\/\/radarservice.eu\/pt-pt\/wp-json\/wp\/v2\/comments?post=18501"}],"wp:featuredmedia":[{"embeddable":true,"href":"https:\/\/radarservice.eu\/pt-pt\/wp-json\/wp\/v2\/media\/18506"}],"wp:attachment":[{"href":"https:\/\/radarservice.eu\/pt-pt\/wp-json\/wp\/v2\/media?parent=18501"}],"wp:term":[{"taxonomy":"product_brand","embeddable":true,"href":"https:\/\/radarservice.eu\/pt-pt\/wp-json\/wp\/v2\/product_brand?post=18501"},{"taxonomy":"product_cat","embeddable":true,"href":"https:\/\/radarservice.eu\/pt-pt\/wp-json\/wp\/v2\/product_cat?post=18501"},{"taxonomy":"product_tag","embeddable":true,"href":"https:\/\/radarservice.eu\/pt-pt\/wp-json\/wp\/v2\/product_tag?post=18501"}],"curies":[{"name":"wp","href":"https:\/\/api.w.org\/{rel}","templated":true}]}}