{"id":18472,"date":"2022-04-07T14:27:11","date_gmt":"2022-04-07T12:27:11","guid":{"rendered":"https:\/\/radarservice.eu\/produkt\/bel-sti-r-plus-detetor-de-radar-fixo-versao-europeia\/"},"modified":"2022-04-07T14:27:11","modified_gmt":"2022-04-07T12:27:11","slug":"bel-sti-r-plus-detetor-de-radar-fixo-versao-europeia","status":"publish","type":"product","link":"https:\/\/radarservice.eu\/pt-pt\/produto\/bel-sti-r-plus-detetor-de-radar-fixo-versao-europeia\/","title":{"rendered":"Bel STi-R Plus detetor de radar fixo vers\u00e3o europeia"},"content":{"rendered":"<p>O Bel STi-R Plus foi especialmente concebido para ser utilizado em ve\u00edculos com para-brisas ou descapot\u00e1veis revestidos a metal e pode ser instalado escondido na sala de lema devido \u00e0 caixa imperme\u00e1vel. Devido ao design \u00e0 prova de tempo do m\u00f3dulo recetor, n\u00e3o existem limites para as possibilidades de instala\u00e7\u00e3o. O visor separado e o m\u00f3dulo \u00e1udio tamb\u00e9m est\u00e3o escondidos no interior e alertam o condutor de forma ac\u00fastica e \u00f3tica para uma armadilha de radar.<\/p>\n<p>O funcionamento simples e o an\u00fancio de voz digital do aviso de radar d\u00e3o ao condutor toda a informa\u00e7\u00e3o necess\u00e1ria e f\u00e1cil acesso sem distrair do tr\u00e2nsito.<\/p>\n<p><strong>Vis\u00e3o geral:<\/strong><br \/>\n+ Detetor de radar fixo com maior fiabilidade<br \/>\n+ Aviso das medi\u00e7\u00f5es do laser<br \/>\n+ Aviso para medi\u00e7\u00f5es de controlo de sec\u00e7\u00e3o <br \/>\n+ Aviso de radares estacion\u00e1rios<br \/>\n+ Aviso dos monitores de luz vermelha<br \/>\n+ autoscan \/ cidade \/ filtro de autoestrada ativado (reduz alarmes falsos)<br \/>\n+ 100% invis\u00edvel para detetores eletr\u00f3nicos de radar da pol\u00edcia (e.B. Su\u00ed\u00e7a, Holanda)<br \/>\n+ ajuste autom\u00e1tico de luminosidade do visor<br \/>\n+ adequado para uso na Europa<\/p>\n<p><strong>\u00c2mbito de entrega:<\/strong><br \/>\n* STIR Plus radar recetor<br \/>\n* exibi\u00e7\u00e3o separada<br \/>\n* Unidade de controlo<br \/>\n* Unidade de controlo separada<br \/>\n* Orador<br \/>\n* Montagem de material<br \/>\n* Instru\u00e7\u00f5es de utiliza\u00e7\u00e3o e instala\u00e7\u00e3o<\/p>\n<p><strong>dica:<\/strong> O Bel STIR Plus tem uma prote\u00e7\u00e3o a laser muito boa, mas para uma prote\u00e7\u00e3o laser absolutamente segura recomenda<br \/>\na utiliza\u00e7\u00e3o de um bloqueador de laser ativo e.B. Genevo FF2 ou AL Priority!<\/p>\n","protected":false},"excerpt":{"rendered":"<p>Detetor de radar externo Bel STi-R Plus com aviso integrado de armadilhas de radares m\u00f3veis e fixas na Europa e melhorpress\u00e3o de alarme falso. Os sensores de radar e laser melhorados atingem os intervalos m\u00e1ximos e os tempos de alerta. Com a nova fun\u00e7\u00e3o AutoScan da BEL, o STI-R Plus analisa permanentemente todos os sinais de entrada e reduz assim os falsos alarmes desnecess\u00e1rios.<\/p>\n","protected":false},"featured_media":18473,"comment_status":"open","ping_status":"closed","template":"","meta":[],"product_brand":[],"product_cat":[1977,2063],"product_tag":[2211,2207,2195,2145,2143,2212],"class_list":{"0":"post-18472","1":"product","2":"type-product","3":"status-publish","4":"has-post-thumbnail","6":"product_cat-beltronics-pt-pt","7":"product_cat-detetores-de-radar-fixos","8":"product_tag-bel-sti-r-plus-pt-pt","9":"product_tag-beltronics-pt-pt","10":"product_tag-camaras-de-velocidade","11":"product_tag-detector-de-radar-instalado-permanentemente","12":"product_tag-europa-pt-pt","13":"product_tag-externo-pt-pt","15":"first","16":"onbackorder","17":"taxable","18":"shipping-taxable","19":"purchasable","20":"product-type-simple"},"yoast_head":"<!-- This site is optimized with the Yoast SEO plugin v27.2 - https:\/\/yoast.com\/product\/yoast-seo-wordpress\/ -->\n<title>Radar Service<\/title>\n<meta name=\"description\" content=\"Detetor de radar externo Bel STi-R Plus para instala\u00e7\u00e3o fixa escondida na parte da frente do ve\u00edculo. Adequado para uso em toda a Europa.\" \/>\n<meta name=\"robots\" content=\"index, follow, max-snippet:-1, max-image-preview:large, max-video-preview:-1\" \/>\n<link rel=\"canonical\" href=\"https:\/\/radarservice.eu\/pt-pt\/produto\/bel-sti-r-plus-detetor-de-radar-fixo-versao-europeia\/\" \/>\n<meta property=\"og:locale\" content=\"pt_PT\" \/>\n<meta property=\"og:type\" content=\"article\" \/>\n<meta property=\"og:description\" content=\"Detetor de radar externo Bel STi-R Plus para instala\u00e7\u00e3o fixa escondida na parte da frente do ve\u00edculo. Adequado para uso em toda a Europa.\" \/>\n<meta property=\"og:url\" content=\"https:\/\/radarservice.eu\/pt-pt\/produto\/bel-sti-r-plus-detetor-de-radar-fixo-versao-europeia\/\" \/>\n<meta property=\"og:site_name\" content=\"Radar Service\" \/>\n<meta property=\"og:image\" content=\"https:\/\/radarservice.eu\/wp-content\/uploads\/2020\/09\/STIR.jpg\" \/>\n\t<meta property=\"og:image:width\" content=\"750\" \/>\n\t<meta property=\"og:image:height\" content=\"800\" \/>\n\t<meta property=\"og:image:type\" content=\"image\/jpeg\" \/>\n<meta name=\"twitter:card\" content=\"summary_large_image\" \/>\n<meta name=\"twitter:label1\" content=\"Tempo estimado de leitura\" \/>\n\t<meta name=\"twitter:data1\" content=\"1 minuto\" \/>\n<script type=\"application\/ld+json\" class=\"yoast-schema-graph\">{\"@context\":\"https:\/\/schema.org\",\"@graph\":[{\"@type\":\"WebPage\",\"@id\":\"https:\/\/radarservice.eu\/pt-pt\/produto\/bel-sti-r-plus-detetor-de-radar-fixo-versao-europeia\/\",\"url\":\"https:\/\/radarservice.eu\/pt-pt\/produto\/bel-sti-r-plus-detetor-de-radar-fixo-versao-europeia\/\",\"name\":\"\",\"isPartOf\":{\"@id\":\"https:\/\/radarservice.eu\/pt-pt\/#website\"},\"primaryImageOfPage\":{\"@id\":\"https:\/\/radarservice.eu\/pt-pt\/produto\/bel-sti-r-plus-detetor-de-radar-fixo-versao-europeia\/#primaryimage\"},\"image\":{\"@id\":\"https:\/\/radarservice.eu\/pt-pt\/produto\/bel-sti-r-plus-detetor-de-radar-fixo-versao-europeia\/#primaryimage\"},\"thumbnailUrl\":\"https:\/\/radarservice.eu\/wp-content\/uploads\/2020\/09\/STIR.jpg\",\"datePublished\":\"2022-04-07T12:27:11+00:00\",\"description\":\"Detetor de radar externo Bel STi-R Plus para instala\u00e7\u00e3o fixa escondida na parte da frente do ve\u00edculo. Adequado para uso em toda a Europa.\",\"breadcrumb\":{\"@id\":\"https:\/\/radarservice.eu\/pt-pt\/produto\/bel-sti-r-plus-detetor-de-radar-fixo-versao-europeia\/#breadcrumb\"},\"inLanguage\":\"pt-PT\",\"potentialAction\":[{\"@type\":\"ReadAction\",\"target\":[\"https:\/\/radarservice.eu\/pt-pt\/produto\/bel-sti-r-plus-detetor-de-radar-fixo-versao-europeia\/\"]}]},{\"@type\":\"ImageObject\",\"inLanguage\":\"pt-PT\",\"@id\":\"https:\/\/radarservice.eu\/pt-pt\/produto\/bel-sti-r-plus-detetor-de-radar-fixo-versao-europeia\/#primaryimage\",\"url\":\"https:\/\/radarservice.eu\/wp-content\/uploads\/2020\/09\/STIR.jpg\",\"contentUrl\":\"https:\/\/radarservice.eu\/wp-content\/uploads\/2020\/09\/STIR.jpg\",\"width\":750,\"height\":800,\"caption\":\"Beltronics Bel STI-R Plus\"},{\"@type\":\"BreadcrumbList\",\"@id\":\"https:\/\/radarservice.eu\/pt-pt\/produto\/bel-sti-r-plus-detetor-de-radar-fixo-versao-europeia\/#breadcrumb\",\"itemListElement\":[{\"@type\":\"ListItem\",\"position\":1,\"name\":\"Loja\",\"item\":\"https:\/\/radarservice.eu\/pt-pt\/loja\/\"},{\"@type\":\"ListItem\",\"position\":2,\"name\":\"Bel STi-R Plus detetor de radar fixo vers\u00e3o europeia\"}]},{\"@type\":\"WebSite\",\"@id\":\"https:\/\/radarservice.eu\/pt-pt\/#website\",\"url\":\"https:\/\/radarservice.eu\/pt-pt\/\",\"name\":\"Radar Service\",\"description\":\"Radar detector Laser jammer mobile fix\",\"publisher\":{\"@id\":\"https:\/\/radarservice.eu\/pt-pt\/#organization\"},\"potentialAction\":[{\"@type\":\"SearchAction\",\"target\":{\"@type\":\"EntryPoint\",\"urlTemplate\":\"https:\/\/radarservice.eu\/pt-pt\/?s={search_term_string}\"},\"query-input\":{\"@type\":\"PropertyValueSpecification\",\"valueRequired\":true,\"valueName\":\"search_term_string\"}}],\"inLanguage\":\"pt-PT\"},{\"@type\":\"Organization\",\"@id\":\"https:\/\/radarservice.eu\/pt-pt\/#organization\",\"name\":\"RadarService\",\"url\":\"https:\/\/radarservice.eu\/pt-pt\/\",\"logo\":{\"@type\":\"ImageObject\",\"inLanguage\":\"pt-PT\",\"@id\":\"https:\/\/radarservice.eu\/pt-pt\/#\/schema\/logo\/image\/\",\"url\":\"https:\/\/radarservice.eu\/wp-content\/uploads\/2021\/03\/Radar_detector_service.png\",\"contentUrl\":\"https:\/\/radarservice.eu\/wp-content\/uploads\/2021\/03\/Radar_detector_service.png\",\"width\":174,\"height\":48,\"caption\":\"RadarService\"},\"image\":{\"@id\":\"https:\/\/radarservice.eu\/pt-pt\/#\/schema\/logo\/image\/\"}}]}<\/script>\n<!-- \/ Yoast SEO plugin. -->","yoast_head_json":{"title":"Radar Service","description":"Detetor de radar externo Bel STi-R Plus para instala\u00e7\u00e3o fixa escondida na parte da frente do ve\u00edculo. Adequado para uso em toda a Europa.","robots":{"index":"index","follow":"follow","max-snippet":"max-snippet:-1","max-image-preview":"max-image-preview:large","max-video-preview":"max-video-preview:-1"},"canonical":"https:\/\/radarservice.eu\/pt-pt\/produto\/bel-sti-r-plus-detetor-de-radar-fixo-versao-europeia\/","og_locale":"pt_PT","og_type":"article","og_description":"Detetor de radar externo Bel STi-R Plus para instala\u00e7\u00e3o fixa escondida na parte da frente do ve\u00edculo. Adequado para uso em toda a Europa.","og_url":"https:\/\/radarservice.eu\/pt-pt\/produto\/bel-sti-r-plus-detetor-de-radar-fixo-versao-europeia\/","og_site_name":"Radar Service","og_image":[{"width":750,"height":800,"url":"https:\/\/radarservice.eu\/wp-content\/uploads\/2020\/09\/STIR.jpg","type":"image\/jpeg"}],"twitter_card":"summary_large_image","twitter_misc":{"Tempo estimado de leitura":"1 minuto"},"schema":{"@context":"https:\/\/schema.org","@graph":[{"@type":"WebPage","@id":"https:\/\/radarservice.eu\/pt-pt\/produto\/bel-sti-r-plus-detetor-de-radar-fixo-versao-europeia\/","url":"https:\/\/radarservice.eu\/pt-pt\/produto\/bel-sti-r-plus-detetor-de-radar-fixo-versao-europeia\/","name":"","isPartOf":{"@id":"https:\/\/radarservice.eu\/pt-pt\/#website"},"primaryImageOfPage":{"@id":"https:\/\/radarservice.eu\/pt-pt\/produto\/bel-sti-r-plus-detetor-de-radar-fixo-versao-europeia\/#primaryimage"},"image":{"@id":"https:\/\/radarservice.eu\/pt-pt\/produto\/bel-sti-r-plus-detetor-de-radar-fixo-versao-europeia\/#primaryimage"},"thumbnailUrl":"https:\/\/radarservice.eu\/wp-content\/uploads\/2020\/09\/STIR.jpg","datePublished":"2022-04-07T12:27:11+00:00","description":"Detetor de radar externo Bel STi-R Plus para instala\u00e7\u00e3o fixa escondida na parte da frente do ve\u00edculo. Adequado para uso em toda a Europa.","breadcrumb":{"@id":"https:\/\/radarservice.eu\/pt-pt\/produto\/bel-sti-r-plus-detetor-de-radar-fixo-versao-europeia\/#breadcrumb"},"inLanguage":"pt-PT","potentialAction":[{"@type":"ReadAction","target":["https:\/\/radarservice.eu\/pt-pt\/produto\/bel-sti-r-plus-detetor-de-radar-fixo-versao-europeia\/"]}]},{"@type":"ImageObject","inLanguage":"pt-PT","@id":"https:\/\/radarservice.eu\/pt-pt\/produto\/bel-sti-r-plus-detetor-de-radar-fixo-versao-europeia\/#primaryimage","url":"https:\/\/radarservice.eu\/wp-content\/uploads\/2020\/09\/STIR.jpg","contentUrl":"https:\/\/radarservice.eu\/wp-content\/uploads\/2020\/09\/STIR.jpg","width":750,"height":800,"caption":"Beltronics Bel STI-R Plus"},{"@type":"BreadcrumbList","@id":"https:\/\/radarservice.eu\/pt-pt\/produto\/bel-sti-r-plus-detetor-de-radar-fixo-versao-europeia\/#breadcrumb","itemListElement":[{"@type":"ListItem","position":1,"name":"Loja","item":"https:\/\/radarservice.eu\/pt-pt\/loja\/"},{"@type":"ListItem","position":2,"name":"Bel STi-R Plus detetor de radar fixo vers\u00e3o europeia"}]},{"@type":"WebSite","@id":"https:\/\/radarservice.eu\/pt-pt\/#website","url":"https:\/\/radarservice.eu\/pt-pt\/","name":"Radar Service","description":"Radar detector Laser jammer mobile fix","publisher":{"@id":"https:\/\/radarservice.eu\/pt-pt\/#organization"},"potentialAction":[{"@type":"SearchAction","target":{"@type":"EntryPoint","urlTemplate":"https:\/\/radarservice.eu\/pt-pt\/?s={search_term_string}"},"query-input":{"@type":"PropertyValueSpecification","valueRequired":true,"valueName":"search_term_string"}}],"inLanguage":"pt-PT"},{"@type":"Organization","@id":"https:\/\/radarservice.eu\/pt-pt\/#organization","name":"RadarService","url":"https:\/\/radarservice.eu\/pt-pt\/","logo":{"@type":"ImageObject","inLanguage":"pt-PT","@id":"https:\/\/radarservice.eu\/pt-pt\/#\/schema\/logo\/image\/","url":"https:\/\/radarservice.eu\/wp-content\/uploads\/2021\/03\/Radar_detector_service.png","contentUrl":"https:\/\/radarservice.eu\/wp-content\/uploads\/2021\/03\/Radar_detector_service.png","width":174,"height":48,"caption":"RadarService"},"image":{"@id":"https:\/\/radarservice.eu\/pt-pt\/#\/schema\/logo\/image\/"}}]}},"_links":{"self":[{"href":"https:\/\/radarservice.eu\/pt-pt\/wp-json\/wp\/v2\/product\/18472","targetHints":{"allow":["GET"]}}],"collection":[{"href":"https:\/\/radarservice.eu\/pt-pt\/wp-json\/wp\/v2\/product"}],"about":[{"href":"https:\/\/radarservice.eu\/pt-pt\/wp-json\/wp\/v2\/types\/product"}],"replies":[{"embeddable":true,"href":"https:\/\/radarservice.eu\/pt-pt\/wp-json\/wp\/v2\/comments?post=18472"}],"wp:featuredmedia":[{"embeddable":true,"href":"https:\/\/radarservice.eu\/pt-pt\/wp-json\/wp\/v2\/media\/18473"}],"wp:attachment":[{"href":"https:\/\/radarservice.eu\/pt-pt\/wp-json\/wp\/v2\/media?parent=18472"}],"wp:term":[{"taxonomy":"product_brand","embeddable":true,"href":"https:\/\/radarservice.eu\/pt-pt\/wp-json\/wp\/v2\/product_brand?post=18472"},{"taxonomy":"product_cat","embeddable":true,"href":"https:\/\/radarservice.eu\/pt-pt\/wp-json\/wp\/v2\/product_cat?post=18472"},{"taxonomy":"product_tag","embeddable":true,"href":"https:\/\/radarservice.eu\/pt-pt\/wp-json\/wp\/v2\/product_tag?post=18472"}],"curies":[{"name":"wp","href":"https:\/\/api.w.org\/{rel}","templated":true}]}}