{"id":18455,"date":"2022-04-07T14:19:45","date_gmt":"2022-04-07T12:19:45","guid":{"rendered":"https:\/\/radarservice.eu\/produkt\/prioridade-antilaser-anti-anti-laser\/"},"modified":"2025-12-29T05:10:24","modified_gmt":"2025-12-29T04:10:24","slug":"prioridade-antilaser-anti-anti-laser","status":"publish","type":"product","link":"https:\/\/radarservice.eu\/pt-pt\/produto\/prioridade-antilaser-anti-anti-laser\/","title":{"rendered":"Prioridade antilaser anti-anti-laser"},"content":{"rendered":"<p>O novo ANTILASER AL-Priority foi melhorado em compara\u00e7\u00e3o com os seus antecessores AL-G8 &amp; AL-G9. O sensor n\u00e3o s\u00f3 se tornou mais compacto e mais potente com 30x14x57mm, como tamb\u00e9m \u00e9 ainda mais f\u00e1cil de instalar no ve\u00edculo gra\u00e7as ao encaminhamento de cabos otimizado. Al\u00e9m disso, a AL Priority \u00e9 agora uma marca de teste patenteada, testada em T\u00dcV, e cumpre todas as normas necess\u00e1rias da ind\u00fastria autom\u00f3vel para o funcionamento sem preocupa\u00e7\u00f5es no seu ve\u00edculo. A ALP oferece-lhe 100% de prote\u00e7\u00e3o contra controlos de velocidade com todas as armas laser atualmente em uso na Europa. Apesar das dimens\u00f5es muito pequenas, a ALP oferece assim uma prote\u00e7\u00e3o eficaz e eficaz contra os canh\u00f5es laser. O blinder laser ALPriority pode ser usado tanto como sensor de parque como perturbador a laser.<\/p>\n<p>Nota: Para cobrir completamente a \u00e1rea do ve\u00edculo, recomendamos a vers\u00e3o com 2 sensores para utiliza\u00e7\u00e3o num autom\u00f3vel ou SUV. Se quiser fixar a traseira do ve\u00edculo para al\u00e9m da frente do ve\u00edculo, precisa de 4 sensores. As motos s\u00f3 precisam da vers\u00e3o simples com um ou dois sensores para prote\u00e7\u00e3o frontal e traseira.<\/p>\n<p><strong>Vis\u00e3o geral:<\/strong><br \/>\n+ pequeno sensor de laser compacto<br \/>\n+ pode ser usado como assistente de estacionamento assistido por laser<br \/>\n+ Aviso laser ou interfer\u00eancia ativa do laser contra todas as medi\u00e7\u00f5es do laser<br \/>\n+ marca CE e E certificada<\/p>\n<p><strong>\u00c2mbito de entrega:<\/strong><br \/>\n* Sensor laser (dependendo da sele\u00e7\u00e3o 1 \/ 2 \/ 4 ou 5 sensores)<br \/>\n* Unidade de controlo<br \/>\n* Conjunto de cabos, indicador LED e dimmer<br \/>\n* Acess\u00f3rios de montagem (chapa de montagem, parafusos, cabos)<br \/>\n* Manual do utilizador<br \/>\n2 anos Grantie<\/p>\n","protected":false},"excerpt":{"rendered":"<p>O novo ANTILASER AL-Priority foi melhorado em compara\u00e7\u00e3o com os seus antecessores AL-G8 &amp; AL-G9. O sensor n\u00e3o s\u00f3 se tornou mais compacto e mais potente com 30x14x57mm, como tamb\u00e9m \u00e9 ainda mais f\u00e1cil de instalar no ve\u00edculo gra\u00e7as ao encaminhamento de cabos otimizado. Al\u00e9m disso, a AL Priority \u00e9 agora uma marca de teste [&#8230;]\n","protected":false},"featured_media":18456,"comment_status":"open","ping_status":"closed","template":"","meta":[],"product_brand":[],"product_cat":[1973,2042,2064],"product_tag":[2204,2200,2202,2143,2203,2205],"class_list":{"0":"post-18455","1":"product","2":"type-product","3":"status-publish","4":"has-post-thumbnail","6":"product_cat-antilaser-pt-pt","7":"product_cat-bloqueador-de-laser","8":"product_cat-bloqueadores-recomendados","9":"product_tag-al-prioridade","10":"product_tag-antilisador","11":"product_tag-bloqueadores-de-laser","12":"product_tag-europa-pt-pt","13":"product_tag-perturbadores-a-laser","14":"product_tag-pistola-laser-pt-pt","16":"first","17":"instock","18":"sale","19":"taxable","20":"shipping-taxable","21":"purchasable","22":"product-type-variable","23":"has-default-attributes"},"yoast_head":"<!-- This site is optimized with the Yoast SEO plugin v27.2 - https:\/\/yoast.com\/product\/yoast-seo-wordpress\/ -->\n<title>Prioridade antilaser anti-anti-laser | Radar Service<\/title>\n<meta name=\"description\" content=\"O antilaser ALP Priority oferece-lhe 100% de prote\u00e7\u00e3o contra controlos de velocidade com todas as armas laser atualmente em uso na Europa.\" \/>\n<meta name=\"robots\" content=\"index, follow, max-snippet:-1, max-image-preview:large, max-video-preview:-1\" \/>\n<link rel=\"canonical\" href=\"https:\/\/radarservice.eu\/pt-pt\/produto\/prioridade-antilaser-anti-anti-laser\/\" \/>\n<meta property=\"og:locale\" content=\"pt_PT\" \/>\n<meta property=\"og:type\" content=\"article\" \/>\n<meta property=\"og:title\" content=\"Prioridade antilaser anti-anti-laser | Radar Service\" \/>\n<meta property=\"og:description\" content=\"O antilaser ALP Priority oferece-lhe 100% de prote\u00e7\u00e3o contra controlos de velocidade com todas as armas laser atualmente em uso na Europa.\" \/>\n<meta property=\"og:url\" content=\"https:\/\/radarservice.eu\/pt-pt\/produto\/prioridade-antilaser-anti-anti-laser\/\" \/>\n<meta property=\"og:site_name\" content=\"Radar Service\" \/>\n<meta property=\"article:modified_time\" content=\"2025-12-29T04:10:24+00:00\" \/>\n<meta property=\"og:image\" content=\"https:\/\/radarservice.eu\/wp-content\/uploads\/2019\/07\/antilaser-al-priority-1-sensor.jpg\" \/>\n\t<meta property=\"og:image:width\" content=\"582\" \/>\n\t<meta property=\"og:image:height\" content=\"432\" \/>\n\t<meta property=\"og:image:type\" content=\"image\/jpeg\" \/>\n<meta name=\"twitter:card\" content=\"summary_large_image\" \/>\n<meta name=\"twitter:label1\" content=\"Tempo estimado de leitura\" \/>\n\t<meta name=\"twitter:data1\" content=\"1 minuto\" \/>\n<script type=\"application\/ld+json\" class=\"yoast-schema-graph\">{\"@context\":\"https:\/\/schema.org\",\"@graph\":[{\"@type\":\"WebPage\",\"@id\":\"https:\/\/radarservice.eu\/pt-pt\/produto\/prioridade-antilaser-anti-anti-laser\/\",\"url\":\"https:\/\/radarservice.eu\/pt-pt\/produto\/prioridade-antilaser-anti-anti-laser\/\",\"name\":\"Prioridade antilaser anti-anti-laser | Radar Service\",\"isPartOf\":{\"@id\":\"https:\/\/radarservice.eu\/pt-pt\/#website\"},\"primaryImageOfPage\":{\"@id\":\"https:\/\/radarservice.eu\/pt-pt\/produto\/prioridade-antilaser-anti-anti-laser\/#primaryimage\"},\"image\":{\"@id\":\"https:\/\/radarservice.eu\/pt-pt\/produto\/prioridade-antilaser-anti-anti-laser\/#primaryimage\"},\"thumbnailUrl\":\"https:\/\/radarservice.eu\/wp-content\/uploads\/2019\/07\/antilaser-al-priority-1-sensor.jpg\",\"datePublished\":\"2022-04-07T12:19:45+00:00\",\"dateModified\":\"2025-12-29T04:10:24+00:00\",\"description\":\"O antilaser ALP Priority oferece-lhe 100% de prote\u00e7\u00e3o contra controlos de velocidade com todas as armas laser atualmente em uso na Europa.\",\"breadcrumb\":{\"@id\":\"https:\/\/radarservice.eu\/pt-pt\/produto\/prioridade-antilaser-anti-anti-laser\/#breadcrumb\"},\"inLanguage\":\"pt-PT\",\"potentialAction\":[{\"@type\":\"ReadAction\",\"target\":[\"https:\/\/radarservice.eu\/pt-pt\/produto\/prioridade-antilaser-anti-anti-laser\/\"]}]},{\"@type\":\"ImageObject\",\"inLanguage\":\"pt-PT\",\"@id\":\"https:\/\/radarservice.eu\/pt-pt\/produto\/prioridade-antilaser-anti-anti-laser\/#primaryimage\",\"url\":\"https:\/\/radarservice.eu\/wp-content\/uploads\/2019\/07\/antilaser-al-priority-1-sensor.jpg\",\"contentUrl\":\"https:\/\/radarservice.eu\/wp-content\/uploads\/2019\/07\/antilaser-al-priority-1-sensor.jpg\",\"width\":582,\"height\":432,\"caption\":\"Sensor ALP Prioridade 1 Antilaser\"},{\"@type\":\"BreadcrumbList\",\"@id\":\"https:\/\/radarservice.eu\/pt-pt\/produto\/prioridade-antilaser-anti-anti-laser\/#breadcrumb\",\"itemListElement\":[{\"@type\":\"ListItem\",\"position\":1,\"name\":\"Loja\",\"item\":\"https:\/\/radarservice.eu\/pt-pt\/loja\/\"},{\"@type\":\"ListItem\",\"position\":2,\"name\":\"Prioridade antilaser anti-anti-laser\"}]},{\"@type\":\"WebSite\",\"@id\":\"https:\/\/radarservice.eu\/pt-pt\/#website\",\"url\":\"https:\/\/radarservice.eu\/pt-pt\/\",\"name\":\"Radar Service\",\"description\":\"Radar detector Laser jammer mobile fix\",\"publisher\":{\"@id\":\"https:\/\/radarservice.eu\/pt-pt\/#organization\"},\"potentialAction\":[{\"@type\":\"SearchAction\",\"target\":{\"@type\":\"EntryPoint\",\"urlTemplate\":\"https:\/\/radarservice.eu\/pt-pt\/?s={search_term_string}\"},\"query-input\":{\"@type\":\"PropertyValueSpecification\",\"valueRequired\":true,\"valueName\":\"search_term_string\"}}],\"inLanguage\":\"pt-PT\"},{\"@type\":\"Organization\",\"@id\":\"https:\/\/radarservice.eu\/pt-pt\/#organization\",\"name\":\"RadarService\",\"url\":\"https:\/\/radarservice.eu\/pt-pt\/\",\"logo\":{\"@type\":\"ImageObject\",\"inLanguage\":\"pt-PT\",\"@id\":\"https:\/\/radarservice.eu\/pt-pt\/#\/schema\/logo\/image\/\",\"url\":\"https:\/\/radarservice.eu\/wp-content\/uploads\/2021\/03\/Radar_detector_service.png\",\"contentUrl\":\"https:\/\/radarservice.eu\/wp-content\/uploads\/2021\/03\/Radar_detector_service.png\",\"width\":174,\"height\":48,\"caption\":\"RadarService\"},\"image\":{\"@id\":\"https:\/\/radarservice.eu\/pt-pt\/#\/schema\/logo\/image\/\"}}]}<\/script>\n<!-- \/ Yoast SEO plugin. -->","yoast_head_json":{"title":"Prioridade antilaser anti-anti-laser | Radar Service","description":"O antilaser ALP Priority oferece-lhe 100% de prote\u00e7\u00e3o contra controlos de velocidade com todas as armas laser atualmente em uso na Europa.","robots":{"index":"index","follow":"follow","max-snippet":"max-snippet:-1","max-image-preview":"max-image-preview:large","max-video-preview":"max-video-preview:-1"},"canonical":"https:\/\/radarservice.eu\/pt-pt\/produto\/prioridade-antilaser-anti-anti-laser\/","og_locale":"pt_PT","og_type":"article","og_title":"Prioridade antilaser anti-anti-laser | Radar Service","og_description":"O antilaser ALP Priority oferece-lhe 100% de prote\u00e7\u00e3o contra controlos de velocidade com todas as armas laser atualmente em uso na Europa.","og_url":"https:\/\/radarservice.eu\/pt-pt\/produto\/prioridade-antilaser-anti-anti-laser\/","og_site_name":"Radar Service","article_modified_time":"2025-12-29T04:10:24+00:00","og_image":[{"width":582,"height":432,"url":"https:\/\/radarservice.eu\/wp-content\/uploads\/2019\/07\/antilaser-al-priority-1-sensor.jpg","type":"image\/jpeg"}],"twitter_card":"summary_large_image","twitter_misc":{"Tempo estimado de leitura":"1 minuto"},"schema":{"@context":"https:\/\/schema.org","@graph":[{"@type":"WebPage","@id":"https:\/\/radarservice.eu\/pt-pt\/produto\/prioridade-antilaser-anti-anti-laser\/","url":"https:\/\/radarservice.eu\/pt-pt\/produto\/prioridade-antilaser-anti-anti-laser\/","name":"Prioridade antilaser anti-anti-laser | Radar Service","isPartOf":{"@id":"https:\/\/radarservice.eu\/pt-pt\/#website"},"primaryImageOfPage":{"@id":"https:\/\/radarservice.eu\/pt-pt\/produto\/prioridade-antilaser-anti-anti-laser\/#primaryimage"},"image":{"@id":"https:\/\/radarservice.eu\/pt-pt\/produto\/prioridade-antilaser-anti-anti-laser\/#primaryimage"},"thumbnailUrl":"https:\/\/radarservice.eu\/wp-content\/uploads\/2019\/07\/antilaser-al-priority-1-sensor.jpg","datePublished":"2022-04-07T12:19:45+00:00","dateModified":"2025-12-29T04:10:24+00:00","description":"O antilaser ALP Priority oferece-lhe 100% de prote\u00e7\u00e3o contra controlos de velocidade com todas as armas laser atualmente em uso na Europa.","breadcrumb":{"@id":"https:\/\/radarservice.eu\/pt-pt\/produto\/prioridade-antilaser-anti-anti-laser\/#breadcrumb"},"inLanguage":"pt-PT","potentialAction":[{"@type":"ReadAction","target":["https:\/\/radarservice.eu\/pt-pt\/produto\/prioridade-antilaser-anti-anti-laser\/"]}]},{"@type":"ImageObject","inLanguage":"pt-PT","@id":"https:\/\/radarservice.eu\/pt-pt\/produto\/prioridade-antilaser-anti-anti-laser\/#primaryimage","url":"https:\/\/radarservice.eu\/wp-content\/uploads\/2019\/07\/antilaser-al-priority-1-sensor.jpg","contentUrl":"https:\/\/radarservice.eu\/wp-content\/uploads\/2019\/07\/antilaser-al-priority-1-sensor.jpg","width":582,"height":432,"caption":"Sensor ALP Prioridade 1 Antilaser"},{"@type":"BreadcrumbList","@id":"https:\/\/radarservice.eu\/pt-pt\/produto\/prioridade-antilaser-anti-anti-laser\/#breadcrumb","itemListElement":[{"@type":"ListItem","position":1,"name":"Loja","item":"https:\/\/radarservice.eu\/pt-pt\/loja\/"},{"@type":"ListItem","position":2,"name":"Prioridade antilaser anti-anti-laser"}]},{"@type":"WebSite","@id":"https:\/\/radarservice.eu\/pt-pt\/#website","url":"https:\/\/radarservice.eu\/pt-pt\/","name":"Radar Service","description":"Radar detector Laser jammer mobile fix","publisher":{"@id":"https:\/\/radarservice.eu\/pt-pt\/#organization"},"potentialAction":[{"@type":"SearchAction","target":{"@type":"EntryPoint","urlTemplate":"https:\/\/radarservice.eu\/pt-pt\/?s={search_term_string}"},"query-input":{"@type":"PropertyValueSpecification","valueRequired":true,"valueName":"search_term_string"}}],"inLanguage":"pt-PT"},{"@type":"Organization","@id":"https:\/\/radarservice.eu\/pt-pt\/#organization","name":"RadarService","url":"https:\/\/radarservice.eu\/pt-pt\/","logo":{"@type":"ImageObject","inLanguage":"pt-PT","@id":"https:\/\/radarservice.eu\/pt-pt\/#\/schema\/logo\/image\/","url":"https:\/\/radarservice.eu\/wp-content\/uploads\/2021\/03\/Radar_detector_service.png","contentUrl":"https:\/\/radarservice.eu\/wp-content\/uploads\/2021\/03\/Radar_detector_service.png","width":174,"height":48,"caption":"RadarService"},"image":{"@id":"https:\/\/radarservice.eu\/pt-pt\/#\/schema\/logo\/image\/"}}]}},"_links":{"self":[{"href":"https:\/\/radarservice.eu\/pt-pt\/wp-json\/wp\/v2\/product\/18455","targetHints":{"allow":["GET"]}}],"collection":[{"href":"https:\/\/radarservice.eu\/pt-pt\/wp-json\/wp\/v2\/product"}],"about":[{"href":"https:\/\/radarservice.eu\/pt-pt\/wp-json\/wp\/v2\/types\/product"}],"replies":[{"embeddable":true,"href":"https:\/\/radarservice.eu\/pt-pt\/wp-json\/wp\/v2\/comments?post=18455"}],"wp:featuredmedia":[{"embeddable":true,"href":"https:\/\/radarservice.eu\/pt-pt\/wp-json\/wp\/v2\/media\/18456"}],"wp:attachment":[{"href":"https:\/\/radarservice.eu\/pt-pt\/wp-json\/wp\/v2\/media?parent=18455"}],"wp:term":[{"taxonomy":"product_brand","embeddable":true,"href":"https:\/\/radarservice.eu\/pt-pt\/wp-json\/wp\/v2\/product_brand?post=18455"},{"taxonomy":"product_cat","embeddable":true,"href":"https:\/\/radarservice.eu\/pt-pt\/wp-json\/wp\/v2\/product_cat?post=18455"},{"taxonomy":"product_tag","embeddable":true,"href":"https:\/\/radarservice.eu\/pt-pt\/wp-json\/wp\/v2\/product_tag?post=18455"}],"curies":[{"name":"wp","href":"https:\/\/api.w.org\/{rel}","templated":true}]}}