{"id":18451,"date":"2022-04-07T14:16:13","date_gmt":"2022-04-07T12:16:13","guid":{"rendered":"https:\/\/radarservice.eu\/produkt\/bloqueador-de-laser-antilaser-al-g9-rx\/"},"modified":"2022-04-07T14:16:13","modified_gmt":"2022-04-07T12:16:13","slug":"bloqueador-de-laser-antilaser-al-g9-rx","status":"publish","type":"product","link":"https:\/\/radarservice.eu\/pt-pt\/produto\/bloqueador-de-laser-antilaser-al-g9-rx\/","title":{"rendered":"Bloqueador de laser Antilaser AL G9 RX"},"content":{"rendered":"<p>O novo anti-laser AL-G9 RX foi melhorado em compara\u00e7\u00e3o com o seu antecessor AL-G9. Para uma prote\u00e7\u00e3o ainda mais eficaz contra armas laser, a pot\u00eancia de rece\u00e7\u00e3o e transmiss\u00e3o do AL-G9RX foi significativamente aumentada. O blinder laser AL-G9 \u00e9 um sistema laser multifuncional que pode ser usado como sensor de parque, bem como como um perturbador a laser.<\/p>\n<p><strong>Nota:<\/strong> Para cobrir completamente a \u00e1rea do ve\u00edculo, recomendamos a vers\u00e3o com 2 sensores para utiliza\u00e7\u00e3o num autom\u00f3vel ou SUV. Se quiser fixar a traseira do ve\u00edculo para al\u00e9m da frente do ve\u00edculo, precisa de 4 sensores.<br \/>As motos s\u00f3 precisam da vers\u00e3o simples com um ou dois sensores para prote\u00e7\u00e3o frontal e traseira.<\/p>\n<p><strong>Vis\u00e3o geral:<\/strong><br \/>\n+ sensor laser compacto<br \/>\n+ assistente de estacionamento assistido a laser<br \/>\n+ interfer\u00eancia ativa do laser contra medi\u00e7\u00f5es de laser<\/p>\n<p><strong>\u00c2mbito de entrega:<\/strong><br \/>\n* Sensor laser (dependendo da sele\u00e7\u00e3o 1 \/ 2 \/ 4)<br \/>\n* Unidade de controlo<br \/>\n* Conjunto de cabos e led<br \/>\n* Acess\u00f3rios de montagem (chapa de montagem, parafusos, cabos)<br \/>\n* Manual do utilizador<br \/>\n2 anos Grantie<\/p>\n","protected":false},"excerpt":{"rendered":"<p>O novo anti-laser AL-G9 RX foi melhorado em compara\u00e7\u00e3o com o seu antecessor AL-G9. Para uma prote\u00e7\u00e3o ainda mais eficaz contra armas laser, a pot\u00eancia de rece\u00e7\u00e3o e transmiss\u00e3o do AL-G9RX foi significativamente aumentada. O blinder laser AL-G9 \u00e9 um sistema laser multifuncional que pode ser usado como sensor de parque, bem como como um [&#8230;]\n","protected":false},"featured_media":18452,"comment_status":"open","ping_status":"closed","template":"","meta":[],"product_brand":[],"product_cat":[1973],"product_tag":[2199,2200,2202,2201,2203],"class_list":{"0":"post-18451","1":"product","2":"type-product","3":"status-publish","4":"has-post-thumbnail","6":"product_cat-antilaser-pt-pt","7":"product_tag-al-g9-rx-pt-pt","8":"product_tag-antilisador","9":"product_tag-bloqueadores-de-laser","10":"product_tag-cego-a-laser","11":"product_tag-perturbadores-a-laser","13":"first","14":"outofstock","15":"taxable","16":"shipping-taxable","17":"purchasable","18":"product-type-simple"},"yoast_head":"<!-- This site is optimized with the Yoast SEO plugin v27.2 - https:\/\/yoast.com\/product\/yoast-seo-wordpress\/ -->\n<title>Bloqueador de laser Antilaser AL G9 RX | Radar Service<\/title>\n<meta name=\"description\" content=\"Bloqueador de laser Antilaser AL G9 RX | Radar Service\" \/>\n<meta name=\"robots\" content=\"index, follow, max-snippet:-1, max-image-preview:large, max-video-preview:-1\" \/>\n<link rel=\"canonical\" href=\"https:\/\/radarservice.eu\/pt-pt\/produto\/bloqueador-de-laser-antilaser-al-g9-rx\/\" \/>\n<meta property=\"og:locale\" content=\"pt_PT\" \/>\n<meta property=\"og:type\" content=\"article\" \/>\n<meta property=\"og:title\" content=\"Bloqueador de laser Antilaser AL G9 RX | Radar Service\" \/>\n<meta property=\"og:description\" content=\"Bloqueador de laser Antilaser AL G9 RX | Radar Service\" \/>\n<meta property=\"og:url\" content=\"https:\/\/radarservice.eu\/pt-pt\/produto\/bloqueador-de-laser-antilaser-al-g9-rx\/\" \/>\n<meta property=\"og:site_name\" content=\"Radar Service\" \/>\n<meta property=\"og:image\" content=\"https:\/\/radarservice.eu\/wp-content\/uploads\/2020\/09\/alg_9rx.jpg\" \/>\n\t<meta property=\"og:image:width\" content=\"600\" \/>\n\t<meta property=\"og:image:height\" content=\"495\" \/>\n\t<meta property=\"og:image:type\" content=\"image\/jpeg\" \/>\n<meta name=\"twitter:card\" content=\"summary_large_image\" \/>\n<meta name=\"twitter:label1\" content=\"Tempo estimado de leitura\" \/>\n\t<meta name=\"twitter:data1\" content=\"1 minuto\" \/>\n<script type=\"application\/ld+json\" class=\"yoast-schema-graph\">{\"@context\":\"https:\/\/schema.org\",\"@graph\":[{\"@type\":\"WebPage\",\"@id\":\"https:\/\/radarservice.eu\/pt-pt\/produto\/bloqueador-de-laser-antilaser-al-g9-rx\/\",\"url\":\"https:\/\/radarservice.eu\/pt-pt\/produto\/bloqueador-de-laser-antilaser-al-g9-rx\/\",\"name\":\"Bloqueador de laser Antilaser AL G9 RX | Radar Service\",\"isPartOf\":{\"@id\":\"https:\/\/radarservice.eu\/pt-pt\/#website\"},\"primaryImageOfPage\":{\"@id\":\"https:\/\/radarservice.eu\/pt-pt\/produto\/bloqueador-de-laser-antilaser-al-g9-rx\/#primaryimage\"},\"image\":{\"@id\":\"https:\/\/radarservice.eu\/pt-pt\/produto\/bloqueador-de-laser-antilaser-al-g9-rx\/#primaryimage\"},\"thumbnailUrl\":\"https:\/\/radarservice.eu\/wp-content\/uploads\/2020\/09\/alg_9rx.jpg\",\"datePublished\":\"2022-04-07T12:16:13+00:00\",\"description\":\"Bloqueador de laser Antilaser AL G9 RX | Radar Service\",\"breadcrumb\":{\"@id\":\"https:\/\/radarservice.eu\/pt-pt\/produto\/bloqueador-de-laser-antilaser-al-g9-rx\/#breadcrumb\"},\"inLanguage\":\"pt-PT\",\"potentialAction\":[{\"@type\":\"ReadAction\",\"target\":[\"https:\/\/radarservice.eu\/pt-pt\/produto\/bloqueador-de-laser-antilaser-al-g9-rx\/\"]}]},{\"@type\":\"ImageObject\",\"inLanguage\":\"pt-PT\",\"@id\":\"https:\/\/radarservice.eu\/pt-pt\/produto\/bloqueador-de-laser-antilaser-al-g9-rx\/#primaryimage\",\"url\":\"https:\/\/radarservice.eu\/wp-content\/uploads\/2020\/09\/alg_9rx.jpg\",\"contentUrl\":\"https:\/\/radarservice.eu\/wp-content\/uploads\/2020\/09\/alg_9rx.jpg\",\"width\":600,\"height\":495,\"caption\":\"Antilaser ALG 9 RX\"},{\"@type\":\"BreadcrumbList\",\"@id\":\"https:\/\/radarservice.eu\/pt-pt\/produto\/bloqueador-de-laser-antilaser-al-g9-rx\/#breadcrumb\",\"itemListElement\":[{\"@type\":\"ListItem\",\"position\":1,\"name\":\"Loja\",\"item\":\"https:\/\/radarservice.eu\/pt-pt\/loja\/\"},{\"@type\":\"ListItem\",\"position\":2,\"name\":\"Bloqueador de laser Antilaser AL G9 RX\"}]},{\"@type\":\"WebSite\",\"@id\":\"https:\/\/radarservice.eu\/pt-pt\/#website\",\"url\":\"https:\/\/radarservice.eu\/pt-pt\/\",\"name\":\"Radar Service\",\"description\":\"Radar detector Laser jammer mobile fix\",\"publisher\":{\"@id\":\"https:\/\/radarservice.eu\/pt-pt\/#organization\"},\"potentialAction\":[{\"@type\":\"SearchAction\",\"target\":{\"@type\":\"EntryPoint\",\"urlTemplate\":\"https:\/\/radarservice.eu\/pt-pt\/?s={search_term_string}\"},\"query-input\":{\"@type\":\"PropertyValueSpecification\",\"valueRequired\":true,\"valueName\":\"search_term_string\"}}],\"inLanguage\":\"pt-PT\"},{\"@type\":\"Organization\",\"@id\":\"https:\/\/radarservice.eu\/pt-pt\/#organization\",\"name\":\"RadarService\",\"url\":\"https:\/\/radarservice.eu\/pt-pt\/\",\"logo\":{\"@type\":\"ImageObject\",\"inLanguage\":\"pt-PT\",\"@id\":\"https:\/\/radarservice.eu\/pt-pt\/#\/schema\/logo\/image\/\",\"url\":\"https:\/\/radarservice.eu\/wp-content\/uploads\/2021\/03\/Radar_detector_service.png\",\"contentUrl\":\"https:\/\/radarservice.eu\/wp-content\/uploads\/2021\/03\/Radar_detector_service.png\",\"width\":174,\"height\":48,\"caption\":\"RadarService\"},\"image\":{\"@id\":\"https:\/\/radarservice.eu\/pt-pt\/#\/schema\/logo\/image\/\"}}]}<\/script>\n<!-- \/ Yoast SEO plugin. -->","yoast_head_json":{"title":"Bloqueador de laser Antilaser AL G9 RX | Radar Service","description":"Bloqueador de laser Antilaser AL G9 RX | Radar Service","robots":{"index":"index","follow":"follow","max-snippet":"max-snippet:-1","max-image-preview":"max-image-preview:large","max-video-preview":"max-video-preview:-1"},"canonical":"https:\/\/radarservice.eu\/pt-pt\/produto\/bloqueador-de-laser-antilaser-al-g9-rx\/","og_locale":"pt_PT","og_type":"article","og_title":"Bloqueador de laser Antilaser AL G9 RX | Radar Service","og_description":"Bloqueador de laser Antilaser AL G9 RX | Radar Service","og_url":"https:\/\/radarservice.eu\/pt-pt\/produto\/bloqueador-de-laser-antilaser-al-g9-rx\/","og_site_name":"Radar Service","og_image":[{"width":600,"height":495,"url":"https:\/\/radarservice.eu\/wp-content\/uploads\/2020\/09\/alg_9rx.jpg","type":"image\/jpeg"}],"twitter_card":"summary_large_image","twitter_misc":{"Tempo estimado de leitura":"1 minuto"},"schema":{"@context":"https:\/\/schema.org","@graph":[{"@type":"WebPage","@id":"https:\/\/radarservice.eu\/pt-pt\/produto\/bloqueador-de-laser-antilaser-al-g9-rx\/","url":"https:\/\/radarservice.eu\/pt-pt\/produto\/bloqueador-de-laser-antilaser-al-g9-rx\/","name":"Bloqueador de laser Antilaser AL G9 RX | Radar Service","isPartOf":{"@id":"https:\/\/radarservice.eu\/pt-pt\/#website"},"primaryImageOfPage":{"@id":"https:\/\/radarservice.eu\/pt-pt\/produto\/bloqueador-de-laser-antilaser-al-g9-rx\/#primaryimage"},"image":{"@id":"https:\/\/radarservice.eu\/pt-pt\/produto\/bloqueador-de-laser-antilaser-al-g9-rx\/#primaryimage"},"thumbnailUrl":"https:\/\/radarservice.eu\/wp-content\/uploads\/2020\/09\/alg_9rx.jpg","datePublished":"2022-04-07T12:16:13+00:00","description":"Bloqueador de laser Antilaser AL G9 RX | Radar Service","breadcrumb":{"@id":"https:\/\/radarservice.eu\/pt-pt\/produto\/bloqueador-de-laser-antilaser-al-g9-rx\/#breadcrumb"},"inLanguage":"pt-PT","potentialAction":[{"@type":"ReadAction","target":["https:\/\/radarservice.eu\/pt-pt\/produto\/bloqueador-de-laser-antilaser-al-g9-rx\/"]}]},{"@type":"ImageObject","inLanguage":"pt-PT","@id":"https:\/\/radarservice.eu\/pt-pt\/produto\/bloqueador-de-laser-antilaser-al-g9-rx\/#primaryimage","url":"https:\/\/radarservice.eu\/wp-content\/uploads\/2020\/09\/alg_9rx.jpg","contentUrl":"https:\/\/radarservice.eu\/wp-content\/uploads\/2020\/09\/alg_9rx.jpg","width":600,"height":495,"caption":"Antilaser ALG 9 RX"},{"@type":"BreadcrumbList","@id":"https:\/\/radarservice.eu\/pt-pt\/produto\/bloqueador-de-laser-antilaser-al-g9-rx\/#breadcrumb","itemListElement":[{"@type":"ListItem","position":1,"name":"Loja","item":"https:\/\/radarservice.eu\/pt-pt\/loja\/"},{"@type":"ListItem","position":2,"name":"Bloqueador de laser Antilaser AL G9 RX"}]},{"@type":"WebSite","@id":"https:\/\/radarservice.eu\/pt-pt\/#website","url":"https:\/\/radarservice.eu\/pt-pt\/","name":"Radar Service","description":"Radar detector Laser jammer mobile fix","publisher":{"@id":"https:\/\/radarservice.eu\/pt-pt\/#organization"},"potentialAction":[{"@type":"SearchAction","target":{"@type":"EntryPoint","urlTemplate":"https:\/\/radarservice.eu\/pt-pt\/?s={search_term_string}"},"query-input":{"@type":"PropertyValueSpecification","valueRequired":true,"valueName":"search_term_string"}}],"inLanguage":"pt-PT"},{"@type":"Organization","@id":"https:\/\/radarservice.eu\/pt-pt\/#organization","name":"RadarService","url":"https:\/\/radarservice.eu\/pt-pt\/","logo":{"@type":"ImageObject","inLanguage":"pt-PT","@id":"https:\/\/radarservice.eu\/pt-pt\/#\/schema\/logo\/image\/","url":"https:\/\/radarservice.eu\/wp-content\/uploads\/2021\/03\/Radar_detector_service.png","contentUrl":"https:\/\/radarservice.eu\/wp-content\/uploads\/2021\/03\/Radar_detector_service.png","width":174,"height":48,"caption":"RadarService"},"image":{"@id":"https:\/\/radarservice.eu\/pt-pt\/#\/schema\/logo\/image\/"}}]}},"_links":{"self":[{"href":"https:\/\/radarservice.eu\/pt-pt\/wp-json\/wp\/v2\/product\/18451","targetHints":{"allow":["GET"]}}],"collection":[{"href":"https:\/\/radarservice.eu\/pt-pt\/wp-json\/wp\/v2\/product"}],"about":[{"href":"https:\/\/radarservice.eu\/pt-pt\/wp-json\/wp\/v2\/types\/product"}],"replies":[{"embeddable":true,"href":"https:\/\/radarservice.eu\/pt-pt\/wp-json\/wp\/v2\/comments?post=18451"}],"wp:featuredmedia":[{"embeddable":true,"href":"https:\/\/radarservice.eu\/pt-pt\/wp-json\/wp\/v2\/media\/18452"}],"wp:attachment":[{"href":"https:\/\/radarservice.eu\/pt-pt\/wp-json\/wp\/v2\/media?parent=18451"}],"wp:term":[{"taxonomy":"product_brand","embeddable":true,"href":"https:\/\/radarservice.eu\/pt-pt\/wp-json\/wp\/v2\/product_brand?post=18451"},{"taxonomy":"product_cat","embeddable":true,"href":"https:\/\/radarservice.eu\/pt-pt\/wp-json\/wp\/v2\/product_cat?post=18451"},{"taxonomy":"product_tag","embeddable":true,"href":"https:\/\/radarservice.eu\/pt-pt\/wp-json\/wp\/v2\/product_tag?post=18451"}],"curies":[{"name":"wp","href":"https:\/\/api.w.org\/{rel}","templated":true}]}}