{"id":18447,"date":"2022-04-07T14:07:54","date_gmt":"2022-04-07T12:07:54","guid":{"rendered":"https:\/\/radarservice.eu\/produkt\/localizador-de-poi-m-europa\/"},"modified":"2022-04-07T14:07:54","modified_gmt":"2022-04-07T12:07:54","slug":"localizador-de-poi-m-europa","status":"publish","type":"product","link":"https:\/\/radarservice.eu\/pt-pt\/produto\/localizador-de-poi-m-europa\/","title":{"rendered":"Localizador de POI M &#8211; Europa"},"content":{"rendered":"<p>O LOCALIZADOR M poi \u00e9 um novo detetor de radar que alerta para cerca de 35.000 esta\u00e7\u00f5es de medi\u00e7\u00e3o m\u00f3vel instaladas permanentemente e cerca de 50.000 esta\u00e7\u00f5es de medi\u00e7\u00e3o m\u00f3vel em toda a Europa. Com um tamanho de 7,5 x 4,5 cm, \u00e9 t\u00e3o grande como uma caixa de f\u00f3sforos e pode ser operado invisivelmente (e.B. no cinzeiro ou consola central). Durante a viagem, uma mensagem de aviso ac\u00fastica e visual \u00e9 sa\u00edda ao aproximar-se de um ponto de medi\u00e7\u00e3o de velocidade fixa ou m\u00f3vel. Tanto os sistemas de monitoriza\u00e7\u00e3o da velocidade como os sistemas de monitoriza\u00e7\u00e3o dos sem\u00e1foros s\u00e3o detetados e exibidos de forma fi\u00e1vel. O LOCALIZADOR POI pode ser operado com corrente cont\u00ednua (isqueiro de 12V) bem como com uma bateria fornecida. A dura\u00e7\u00e3o da bateria \u00e9 suficiente mesmo para um condutor frequente e dura em m\u00e9dia cerca de 13 &#8211; 14 horas.<\/p>\n<p><strong>Vis\u00e3o geral:<\/strong><br \/>\n+ mais de 85.000 armadilhas de radares m\u00f3veis e fixas<br \/>\n+ aviso visual e ac\u00fastico claro<br \/>\n+ pequena constru\u00e7\u00e3o<br \/>\n+ at\u00e9 17 horas de corrente atrav\u00e9s da bateria de i\u00f5es de l\u00edtio<\/p>\n<p><strong>\u00c2mbito de entrega:<\/strong><br \/>\n* Localizador POI M (totalmente configurado e pronto a usar)<br \/>\n* base de dados europeia pr\u00e9<br \/>\n* Cabo de carregamento de carro (entrada 12V, sa\u00edda 5V)<br \/>\n* Adaptador de 220V (sa\u00edda 5.3V, 500mA)<br \/>\n* Bateria de i\u00f5es de l\u00edtio de 1100mA<br \/>\n* Cabo de liga\u00e7\u00e3o USB<br \/>\n* Tapete antiderrapante<\/p>\n","protected":false},"excerpt":{"rendered":"<p>O LOCALIZADOR M poi \u00e9 um novo detetor de radar que alerta para cerca de 35.000 esta\u00e7\u00f5es de medi\u00e7\u00e3o m\u00f3vel instaladas permanentemente e cerca de 50.000 esta\u00e7\u00f5es de medi\u00e7\u00e3o m\u00f3vel em toda a Europa. Com um tamanho de 7,5 x 4,5 cm, \u00e9 t\u00e3o grande como uma caixa de f\u00f3sforos e pode ser operado invisivelmente [&#8230;]\n","protected":false},"featured_media":18448,"comment_status":"open","ping_status":"closed","template":"","meta":[],"product_brand":[],"product_cat":[2041],"product_tag":[2195,2143,2191,2190,2193,2194,2192],"class_list":{"0":"post-18447","1":"product","2":"type-product","3":"status-publish","4":"has-post-thumbnail","6":"product_cat-detetores-gps-poi","7":"product_tag-camaras-de-velocidade","8":"product_tag-europa-pt-pt","9":"product_tag-fixo","10":"product_tag-fortaleza","11":"product_tag-localizador-poi","12":"product_tag-localizador-poi-m","13":"product_tag-movel","15":"first","16":"instock","17":"taxable","18":"shipping-taxable","19":"purchasable","20":"product-type-simple"},"yoast_head":"<!-- This site is optimized with the Yoast SEO plugin v27.2 - https:\/\/yoast.com\/product\/yoast-seo-wordpress\/ -->\n<title>Localizador de POI M - Europa | Radar Service<\/title>\n<meta name=\"description\" content=\"O localizador POI M alerta de forma fi\u00e1vel cerca de 35.000 dispositivos de radares m\u00f3veis em toda a Europa.\" \/>\n<meta name=\"robots\" content=\"index, follow, max-snippet:-1, max-image-preview:large, max-video-preview:-1\" \/>\n<link rel=\"canonical\" href=\"https:\/\/radarservice.eu\/pt-pt\/produto\/localizador-de-poi-m-europa\/\" \/>\n<meta property=\"og:locale\" content=\"pt_PT\" \/>\n<meta property=\"og:type\" content=\"article\" \/>\n<meta property=\"og:title\" content=\"Localizador de POI M - Europa | Radar Service\" \/>\n<meta property=\"og:description\" content=\"O localizador POI M alerta de forma fi\u00e1vel cerca de 35.000 dispositivos de radares m\u00f3veis em toda a Europa.\" \/>\n<meta property=\"og:url\" content=\"https:\/\/radarservice.eu\/pt-pt\/produto\/localizador-de-poi-m-europa\/\" \/>\n<meta property=\"og:site_name\" content=\"Radar Service\" \/>\n<meta property=\"og:image\" content=\"https:\/\/radarservice.eu\/wp-content\/uploads\/2020\/09\/POILocator.jpg\" \/>\n\t<meta property=\"og:image:width\" content=\"500\" \/>\n\t<meta property=\"og:image:height\" content=\"500\" \/>\n\t<meta property=\"og:image:type\" content=\"image\/jpeg\" \/>\n<meta name=\"twitter:card\" content=\"summary_large_image\" \/>\n<meta name=\"twitter:label1\" content=\"Tempo estimado de leitura\" \/>\n\t<meta name=\"twitter:data1\" content=\"1 minuto\" \/>\n<script type=\"application\/ld+json\" class=\"yoast-schema-graph\">{\"@context\":\"https:\/\/schema.org\",\"@graph\":[{\"@type\":\"WebPage\",\"@id\":\"https:\/\/radarservice.eu\/pt-pt\/produto\/localizador-de-poi-m-europa\/\",\"url\":\"https:\/\/radarservice.eu\/pt-pt\/produto\/localizador-de-poi-m-europa\/\",\"name\":\"Localizador de POI M - Europa | Radar Service\",\"isPartOf\":{\"@id\":\"https:\/\/radarservice.eu\/pt-pt\/#website\"},\"primaryImageOfPage\":{\"@id\":\"https:\/\/radarservice.eu\/pt-pt\/produto\/localizador-de-poi-m-europa\/#primaryimage\"},\"image\":{\"@id\":\"https:\/\/radarservice.eu\/pt-pt\/produto\/localizador-de-poi-m-europa\/#primaryimage\"},\"thumbnailUrl\":\"https:\/\/radarservice.eu\/wp-content\/uploads\/2020\/09\/POILocator.jpg\",\"datePublished\":\"2022-04-07T12:07:54+00:00\",\"description\":\"O localizador POI M alerta de forma fi\u00e1vel cerca de 35.000 dispositivos de radares m\u00f3veis em toda a Europa.\",\"breadcrumb\":{\"@id\":\"https:\/\/radarservice.eu\/pt-pt\/produto\/localizador-de-poi-m-europa\/#breadcrumb\"},\"inLanguage\":\"pt-PT\",\"potentialAction\":[{\"@type\":\"ReadAction\",\"target\":[\"https:\/\/radarservice.eu\/pt-pt\/produto\/localizador-de-poi-m-europa\/\"]}]},{\"@type\":\"ImageObject\",\"inLanguage\":\"pt-PT\",\"@id\":\"https:\/\/radarservice.eu\/pt-pt\/produto\/localizador-de-poi-m-europa\/#primaryimage\",\"url\":\"https:\/\/radarservice.eu\/wp-content\/uploads\/2020\/09\/POILocator.jpg\",\"contentUrl\":\"https:\/\/radarservice.eu\/wp-content\/uploads\/2020\/09\/POILocator.jpg\",\"width\":500,\"height\":500,\"caption\":\"Localizador GPS POI\"},{\"@type\":\"BreadcrumbList\",\"@id\":\"https:\/\/radarservice.eu\/pt-pt\/produto\/localizador-de-poi-m-europa\/#breadcrumb\",\"itemListElement\":[{\"@type\":\"ListItem\",\"position\":1,\"name\":\"Loja\",\"item\":\"https:\/\/radarservice.eu\/pt-pt\/loja\/\"},{\"@type\":\"ListItem\",\"position\":2,\"name\":\"Localizador de POI M &#8211; Europa\"}]},{\"@type\":\"WebSite\",\"@id\":\"https:\/\/radarservice.eu\/pt-pt\/#website\",\"url\":\"https:\/\/radarservice.eu\/pt-pt\/\",\"name\":\"Radar Service\",\"description\":\"Radar detector Laser jammer mobile fix\",\"publisher\":{\"@id\":\"https:\/\/radarservice.eu\/pt-pt\/#organization\"},\"potentialAction\":[{\"@type\":\"SearchAction\",\"target\":{\"@type\":\"EntryPoint\",\"urlTemplate\":\"https:\/\/radarservice.eu\/pt-pt\/?s={search_term_string}\"},\"query-input\":{\"@type\":\"PropertyValueSpecification\",\"valueRequired\":true,\"valueName\":\"search_term_string\"}}],\"inLanguage\":\"pt-PT\"},{\"@type\":\"Organization\",\"@id\":\"https:\/\/radarservice.eu\/pt-pt\/#organization\",\"name\":\"RadarService\",\"url\":\"https:\/\/radarservice.eu\/pt-pt\/\",\"logo\":{\"@type\":\"ImageObject\",\"inLanguage\":\"pt-PT\",\"@id\":\"https:\/\/radarservice.eu\/pt-pt\/#\/schema\/logo\/image\/\",\"url\":\"https:\/\/radarservice.eu\/wp-content\/uploads\/2021\/03\/Radar_detector_service.png\",\"contentUrl\":\"https:\/\/radarservice.eu\/wp-content\/uploads\/2021\/03\/Radar_detector_service.png\",\"width\":174,\"height\":48,\"caption\":\"RadarService\"},\"image\":{\"@id\":\"https:\/\/radarservice.eu\/pt-pt\/#\/schema\/logo\/image\/\"}}]}<\/script>\n<!-- \/ Yoast SEO plugin. -->","yoast_head_json":{"title":"Localizador de POI M - Europa | Radar Service","description":"O localizador POI M alerta de forma fi\u00e1vel cerca de 35.000 dispositivos de radares m\u00f3veis em toda a Europa.","robots":{"index":"index","follow":"follow","max-snippet":"max-snippet:-1","max-image-preview":"max-image-preview:large","max-video-preview":"max-video-preview:-1"},"canonical":"https:\/\/radarservice.eu\/pt-pt\/produto\/localizador-de-poi-m-europa\/","og_locale":"pt_PT","og_type":"article","og_title":"Localizador de POI M - Europa | Radar Service","og_description":"O localizador POI M alerta de forma fi\u00e1vel cerca de 35.000 dispositivos de radares m\u00f3veis em toda a Europa.","og_url":"https:\/\/radarservice.eu\/pt-pt\/produto\/localizador-de-poi-m-europa\/","og_site_name":"Radar Service","og_image":[{"width":500,"height":500,"url":"https:\/\/radarservice.eu\/wp-content\/uploads\/2020\/09\/POILocator.jpg","type":"image\/jpeg"}],"twitter_card":"summary_large_image","twitter_misc":{"Tempo estimado de leitura":"1 minuto"},"schema":{"@context":"https:\/\/schema.org","@graph":[{"@type":"WebPage","@id":"https:\/\/radarservice.eu\/pt-pt\/produto\/localizador-de-poi-m-europa\/","url":"https:\/\/radarservice.eu\/pt-pt\/produto\/localizador-de-poi-m-europa\/","name":"Localizador de POI M - Europa | Radar Service","isPartOf":{"@id":"https:\/\/radarservice.eu\/pt-pt\/#website"},"primaryImageOfPage":{"@id":"https:\/\/radarservice.eu\/pt-pt\/produto\/localizador-de-poi-m-europa\/#primaryimage"},"image":{"@id":"https:\/\/radarservice.eu\/pt-pt\/produto\/localizador-de-poi-m-europa\/#primaryimage"},"thumbnailUrl":"https:\/\/radarservice.eu\/wp-content\/uploads\/2020\/09\/POILocator.jpg","datePublished":"2022-04-07T12:07:54+00:00","description":"O localizador POI M alerta de forma fi\u00e1vel cerca de 35.000 dispositivos de radares m\u00f3veis em toda a Europa.","breadcrumb":{"@id":"https:\/\/radarservice.eu\/pt-pt\/produto\/localizador-de-poi-m-europa\/#breadcrumb"},"inLanguage":"pt-PT","potentialAction":[{"@type":"ReadAction","target":["https:\/\/radarservice.eu\/pt-pt\/produto\/localizador-de-poi-m-europa\/"]}]},{"@type":"ImageObject","inLanguage":"pt-PT","@id":"https:\/\/radarservice.eu\/pt-pt\/produto\/localizador-de-poi-m-europa\/#primaryimage","url":"https:\/\/radarservice.eu\/wp-content\/uploads\/2020\/09\/POILocator.jpg","contentUrl":"https:\/\/radarservice.eu\/wp-content\/uploads\/2020\/09\/POILocator.jpg","width":500,"height":500,"caption":"Localizador GPS POI"},{"@type":"BreadcrumbList","@id":"https:\/\/radarservice.eu\/pt-pt\/produto\/localizador-de-poi-m-europa\/#breadcrumb","itemListElement":[{"@type":"ListItem","position":1,"name":"Loja","item":"https:\/\/radarservice.eu\/pt-pt\/loja\/"},{"@type":"ListItem","position":2,"name":"Localizador de POI M &#8211; Europa"}]},{"@type":"WebSite","@id":"https:\/\/radarservice.eu\/pt-pt\/#website","url":"https:\/\/radarservice.eu\/pt-pt\/","name":"Radar Service","description":"Radar detector Laser jammer mobile fix","publisher":{"@id":"https:\/\/radarservice.eu\/pt-pt\/#organization"},"potentialAction":[{"@type":"SearchAction","target":{"@type":"EntryPoint","urlTemplate":"https:\/\/radarservice.eu\/pt-pt\/?s={search_term_string}"},"query-input":{"@type":"PropertyValueSpecification","valueRequired":true,"valueName":"search_term_string"}}],"inLanguage":"pt-PT"},{"@type":"Organization","@id":"https:\/\/radarservice.eu\/pt-pt\/#organization","name":"RadarService","url":"https:\/\/radarservice.eu\/pt-pt\/","logo":{"@type":"ImageObject","inLanguage":"pt-PT","@id":"https:\/\/radarservice.eu\/pt-pt\/#\/schema\/logo\/image\/","url":"https:\/\/radarservice.eu\/wp-content\/uploads\/2021\/03\/Radar_detector_service.png","contentUrl":"https:\/\/radarservice.eu\/wp-content\/uploads\/2021\/03\/Radar_detector_service.png","width":174,"height":48,"caption":"RadarService"},"image":{"@id":"https:\/\/radarservice.eu\/pt-pt\/#\/schema\/logo\/image\/"}}]}},"_links":{"self":[{"href":"https:\/\/radarservice.eu\/pt-pt\/wp-json\/wp\/v2\/product\/18447","targetHints":{"allow":["GET"]}}],"collection":[{"href":"https:\/\/radarservice.eu\/pt-pt\/wp-json\/wp\/v2\/product"}],"about":[{"href":"https:\/\/radarservice.eu\/pt-pt\/wp-json\/wp\/v2\/types\/product"}],"replies":[{"embeddable":true,"href":"https:\/\/radarservice.eu\/pt-pt\/wp-json\/wp\/v2\/comments?post=18447"}],"wp:featuredmedia":[{"embeddable":true,"href":"https:\/\/radarservice.eu\/pt-pt\/wp-json\/wp\/v2\/media\/18448"}],"wp:attachment":[{"href":"https:\/\/radarservice.eu\/pt-pt\/wp-json\/wp\/v2\/media?parent=18447"}],"wp:term":[{"taxonomy":"product_brand","embeddable":true,"href":"https:\/\/radarservice.eu\/pt-pt\/wp-json\/wp\/v2\/product_brand?post=18447"},{"taxonomy":"product_cat","embeddable":true,"href":"https:\/\/radarservice.eu\/pt-pt\/wp-json\/wp\/v2\/product_cat?post=18447"},{"taxonomy":"product_tag","embeddable":true,"href":"https:\/\/radarservice.eu\/pt-pt\/wp-json\/wp\/v2\/product_tag?post=18447"}],"curies":[{"name":"wp","href":"https:\/\/api.w.org\/{rel}","templated":true}]}}