{"id":18442,"date":"2022-04-07T14:03:31","date_gmt":"2022-04-07T12:03:31","guid":{"rendered":"https:\/\/radarservice.eu\/produkt\/eso-guard-dual-encravador-de-barreira-de-luz\/"},"modified":"2023-04-02T20:29:19","modified_gmt":"2023-04-02T18:29:19","slug":"eso-guard-dual-encravador-de-barreira-de-luz","status":"publish","type":"product","link":"https:\/\/radarservice.eu\/pt-pt\/produto\/eso-guard-dual-encravador-de-barreira-de-luz\/","title":{"rendered":"ESO Guard DUAL Encravador de barreira de luz"},"content":{"rendered":"<p>Dois sensores fornecem uma prote\u00e7\u00e3o eficaz de ambos os lados. N\u00e3o importa em que lado da estrada est\u00e1 localizado o sistema de medi\u00e7\u00e3o ESO. A Guarda Eso da Jamtronics interfere com os sensores da unidade Eso (tamb\u00e9m ESO 3.0) em v\u00e1rias faixas de rodagem. O ESO-Guard cancela a medi\u00e7\u00e3o do sistema de medi\u00e7\u00e3o ESO sem causar uma mensagem de erro.<\/p>\n<p>A instala\u00e7\u00e3o \u00e9 simples e descomplicada, os sensores podem ser instalados de forma discreta no suporte da placa. Mesmo uma instala\u00e7\u00e3o provis\u00f3ria de ve\u00edculos de aluguer ou leasing \u00e9 poss\u00edvel sem qualquer problema.<\/p>\n<p><strong>Vis\u00e3o geral:<\/strong><br \/>\n+ Vers\u00e3o DUAL para interfer\u00eancia dupla do sensor fotoel\u00e9trico ESO 3.0<br \/>\n+ sensores muito pequenos<br \/>\n+ instala\u00e7\u00e3o r\u00e1pida e descomplicada no suporte da placa<br \/>\n+ Dimens\u00f5es (WxLxH em mm): 18 x 20 x 4<\/p>\n<p><strong>\u00c2mbito de entrega:<\/strong><br \/>\n* 2 jammers<br \/>\n* Conjunto de cabo<br \/>\n* Manual de instru\u00e7\u00f5es<\/p>\n","protected":false},"excerpt":{"rendered":"<p>Dois sensores fornecem uma prote\u00e7\u00e3o eficaz de ambos os lados. N\u00e3o importa em que lado da estrada est\u00e1 localizado o sistema de medi\u00e7\u00e3o ESO. A Guarda Eso da Jamtronics interfere com os sensores da unidade Eso (tamb\u00e9m ESO 3.0) em v\u00e1rias faixas de rodagem. O ESO-Guard cancela a medi\u00e7\u00e3o do sistema de medi\u00e7\u00e3o ESO sem [&#8230;]\n","protected":false},"featured_media":18445,"comment_status":"open","ping_status":"closed","template":"","meta":[],"product_brand":[],"product_cat":[2028,1997],"product_tag":[2188,2184,2185,2186,2187,2189],"class_list":{"0":"post-18442","1":"product","2":"type-product","3":"status-publish","4":"has-post-thumbnail","6":"product_cat-bloqueador-de-eso","7":"product_cat-jamtronics-pt-pt","8":"product_tag-barreiras-de-luz-jammer","9":"product_tag-eso-3-0-pt-pt","10":"product_tag-eso-guarda","11":"product_tag-eso-jammer-pt-pt","12":"product_tag-jamtronics-pt-pt","13":"product_tag-perturbadores-de-barreiras-de-luz","15":"first","16":"instock","17":"sale","18":"taxable","19":"shipping-taxable","20":"purchasable","21":"product-type-simple"},"yoast_head":"<!-- This site is optimized with the Yoast SEO plugin v27.2 - https:\/\/yoast.com\/product\/yoast-seo-wordpress\/ -->\n<title>ESO Guard DUAL Encravador de barreira de luz | Radar Service<\/title>\n<meta name=\"description\" content=\"O Eso Guard da Jamtronics interfere com os sensores padr\u00e3o do ESO (tamb\u00e9m sensor fotoel\u00e9trico ESO 3.0) em v\u00e1rias faixas.\" \/>\n<meta name=\"robots\" content=\"index, follow, max-snippet:-1, max-image-preview:large, max-video-preview:-1\" \/>\n<link rel=\"canonical\" href=\"https:\/\/radarservice.eu\/pt-pt\/produto\/eso-guard-dual-encravador-de-barreira-de-luz\/\" \/>\n<meta property=\"og:locale\" content=\"pt_PT\" \/>\n<meta property=\"og:type\" content=\"article\" \/>\n<meta property=\"og:title\" content=\"ESO Guard DUAL Encravador de barreira de luz | Radar Service\" \/>\n<meta property=\"og:description\" content=\"O Eso Guard da Jamtronics interfere com os sensores padr\u00e3o do ESO (tamb\u00e9m sensor fotoel\u00e9trico ESO 3.0) em v\u00e1rias faixas.\" \/>\n<meta property=\"og:url\" content=\"https:\/\/radarservice.eu\/pt-pt\/produto\/eso-guard-dual-encravador-de-barreira-de-luz\/\" \/>\n<meta property=\"og:site_name\" content=\"Radar Service\" \/>\n<meta property=\"article:modified_time\" content=\"2023-04-02T18:29:19+00:00\" \/>\n<meta property=\"og:image\" content=\"https:\/\/radarservice.eu\/wp-content\/uploads\/2020\/09\/esoguard_pro_esoschutz.jpg\" \/>\n\t<meta property=\"og:image:width\" content=\"990\" \/>\n\t<meta property=\"og:image:height\" content=\"720\" \/>\n\t<meta property=\"og:image:type\" content=\"image\/jpeg\" \/>\n<meta name=\"twitter:card\" content=\"summary_large_image\" \/>\n<meta name=\"twitter:label1\" content=\"Tempo estimado de leitura\" \/>\n\t<meta name=\"twitter:data1\" content=\"1 minuto\" \/>\n<script type=\"application\/ld+json\" class=\"yoast-schema-graph\">{\"@context\":\"https:\/\/schema.org\",\"@graph\":[{\"@type\":\"WebPage\",\"@id\":\"https:\/\/radarservice.eu\/pt-pt\/produto\/eso-guard-dual-encravador-de-barreira-de-luz\/\",\"url\":\"https:\/\/radarservice.eu\/pt-pt\/produto\/eso-guard-dual-encravador-de-barreira-de-luz\/\",\"name\":\"ESO Guard DUAL Encravador de barreira de luz | Radar Service\",\"isPartOf\":{\"@id\":\"https:\/\/radarservice.eu\/pt-pt\/#website\"},\"primaryImageOfPage\":{\"@id\":\"https:\/\/radarservice.eu\/pt-pt\/produto\/eso-guard-dual-encravador-de-barreira-de-luz\/#primaryimage\"},\"image\":{\"@id\":\"https:\/\/radarservice.eu\/pt-pt\/produto\/eso-guard-dual-encravador-de-barreira-de-luz\/#primaryimage\"},\"thumbnailUrl\":\"https:\/\/radarservice.eu\/wp-content\/uploads\/2020\/09\/esoguard_pro_esoschutz.jpg\",\"datePublished\":\"2022-04-07T12:03:31+00:00\",\"dateModified\":\"2023-04-02T18:29:19+00:00\",\"description\":\"O Eso Guard da Jamtronics interfere com os sensores padr\u00e3o do ESO (tamb\u00e9m sensor fotoel\u00e9trico ESO 3.0) em v\u00e1rias faixas.\",\"breadcrumb\":{\"@id\":\"https:\/\/radarservice.eu\/pt-pt\/produto\/eso-guard-dual-encravador-de-barreira-de-luz\/#breadcrumb\"},\"inLanguage\":\"pt-PT\",\"potentialAction\":[{\"@type\":\"ReadAction\",\"target\":[\"https:\/\/radarservice.eu\/pt-pt\/produto\/eso-guard-dual-encravador-de-barreira-de-luz\/\"]}]},{\"@type\":\"ImageObject\",\"inLanguage\":\"pt-PT\",\"@id\":\"https:\/\/radarservice.eu\/pt-pt\/produto\/eso-guard-dual-encravador-de-barreira-de-luz\/#primaryimage\",\"url\":\"https:\/\/radarservice.eu\/wp-content\/uploads\/2020\/09\/esoguard_pro_esoschutz.jpg\",\"contentUrl\":\"https:\/\/radarservice.eu\/wp-content\/uploads\/2020\/09\/esoguard_pro_esoschutz.jpg\",\"width\":990,\"height\":720,\"caption\":\"ESO-Guarda Esoschutz\"},{\"@type\":\"BreadcrumbList\",\"@id\":\"https:\/\/radarservice.eu\/pt-pt\/produto\/eso-guard-dual-encravador-de-barreira-de-luz\/#breadcrumb\",\"itemListElement\":[{\"@type\":\"ListItem\",\"position\":1,\"name\":\"Loja\",\"item\":\"https:\/\/radarservice.eu\/pt-pt\/loja\/\"},{\"@type\":\"ListItem\",\"position\":2,\"name\":\"ESO Guard DUAL Encravador de barreira de luz\"}]},{\"@type\":\"WebSite\",\"@id\":\"https:\/\/radarservice.eu\/pt-pt\/#website\",\"url\":\"https:\/\/radarservice.eu\/pt-pt\/\",\"name\":\"Radar Service\",\"description\":\"Radar detector Laser jammer mobile fix\",\"publisher\":{\"@id\":\"https:\/\/radarservice.eu\/pt-pt\/#organization\"},\"potentialAction\":[{\"@type\":\"SearchAction\",\"target\":{\"@type\":\"EntryPoint\",\"urlTemplate\":\"https:\/\/radarservice.eu\/pt-pt\/?s={search_term_string}\"},\"query-input\":{\"@type\":\"PropertyValueSpecification\",\"valueRequired\":true,\"valueName\":\"search_term_string\"}}],\"inLanguage\":\"pt-PT\"},{\"@type\":\"Organization\",\"@id\":\"https:\/\/radarservice.eu\/pt-pt\/#organization\",\"name\":\"RadarService\",\"url\":\"https:\/\/radarservice.eu\/pt-pt\/\",\"logo\":{\"@type\":\"ImageObject\",\"inLanguage\":\"pt-PT\",\"@id\":\"https:\/\/radarservice.eu\/pt-pt\/#\/schema\/logo\/image\/\",\"url\":\"https:\/\/radarservice.eu\/wp-content\/uploads\/2021\/03\/Radar_detector_service.png\",\"contentUrl\":\"https:\/\/radarservice.eu\/wp-content\/uploads\/2021\/03\/Radar_detector_service.png\",\"width\":174,\"height\":48,\"caption\":\"RadarService\"},\"image\":{\"@id\":\"https:\/\/radarservice.eu\/pt-pt\/#\/schema\/logo\/image\/\"}}]}<\/script>\n<!-- \/ Yoast SEO plugin. -->","yoast_head_json":{"title":"ESO Guard DUAL Encravador de barreira de luz | Radar Service","description":"O Eso Guard da Jamtronics interfere com os sensores padr\u00e3o do ESO (tamb\u00e9m sensor fotoel\u00e9trico ESO 3.0) em v\u00e1rias faixas.","robots":{"index":"index","follow":"follow","max-snippet":"max-snippet:-1","max-image-preview":"max-image-preview:large","max-video-preview":"max-video-preview:-1"},"canonical":"https:\/\/radarservice.eu\/pt-pt\/produto\/eso-guard-dual-encravador-de-barreira-de-luz\/","og_locale":"pt_PT","og_type":"article","og_title":"ESO Guard DUAL Encravador de barreira de luz | Radar Service","og_description":"O Eso Guard da Jamtronics interfere com os sensores padr\u00e3o do ESO (tamb\u00e9m sensor fotoel\u00e9trico ESO 3.0) em v\u00e1rias faixas.","og_url":"https:\/\/radarservice.eu\/pt-pt\/produto\/eso-guard-dual-encravador-de-barreira-de-luz\/","og_site_name":"Radar Service","article_modified_time":"2023-04-02T18:29:19+00:00","og_image":[{"width":990,"height":720,"url":"https:\/\/radarservice.eu\/wp-content\/uploads\/2020\/09\/esoguard_pro_esoschutz.jpg","type":"image\/jpeg"}],"twitter_card":"summary_large_image","twitter_misc":{"Tempo estimado de leitura":"1 minuto"},"schema":{"@context":"https:\/\/schema.org","@graph":[{"@type":"WebPage","@id":"https:\/\/radarservice.eu\/pt-pt\/produto\/eso-guard-dual-encravador-de-barreira-de-luz\/","url":"https:\/\/radarservice.eu\/pt-pt\/produto\/eso-guard-dual-encravador-de-barreira-de-luz\/","name":"ESO Guard DUAL Encravador de barreira de luz | Radar Service","isPartOf":{"@id":"https:\/\/radarservice.eu\/pt-pt\/#website"},"primaryImageOfPage":{"@id":"https:\/\/radarservice.eu\/pt-pt\/produto\/eso-guard-dual-encravador-de-barreira-de-luz\/#primaryimage"},"image":{"@id":"https:\/\/radarservice.eu\/pt-pt\/produto\/eso-guard-dual-encravador-de-barreira-de-luz\/#primaryimage"},"thumbnailUrl":"https:\/\/radarservice.eu\/wp-content\/uploads\/2020\/09\/esoguard_pro_esoschutz.jpg","datePublished":"2022-04-07T12:03:31+00:00","dateModified":"2023-04-02T18:29:19+00:00","description":"O Eso Guard da Jamtronics interfere com os sensores padr\u00e3o do ESO (tamb\u00e9m sensor fotoel\u00e9trico ESO 3.0) em v\u00e1rias faixas.","breadcrumb":{"@id":"https:\/\/radarservice.eu\/pt-pt\/produto\/eso-guard-dual-encravador-de-barreira-de-luz\/#breadcrumb"},"inLanguage":"pt-PT","potentialAction":[{"@type":"ReadAction","target":["https:\/\/radarservice.eu\/pt-pt\/produto\/eso-guard-dual-encravador-de-barreira-de-luz\/"]}]},{"@type":"ImageObject","inLanguage":"pt-PT","@id":"https:\/\/radarservice.eu\/pt-pt\/produto\/eso-guard-dual-encravador-de-barreira-de-luz\/#primaryimage","url":"https:\/\/radarservice.eu\/wp-content\/uploads\/2020\/09\/esoguard_pro_esoschutz.jpg","contentUrl":"https:\/\/radarservice.eu\/wp-content\/uploads\/2020\/09\/esoguard_pro_esoschutz.jpg","width":990,"height":720,"caption":"ESO-Guarda Esoschutz"},{"@type":"BreadcrumbList","@id":"https:\/\/radarservice.eu\/pt-pt\/produto\/eso-guard-dual-encravador-de-barreira-de-luz\/#breadcrumb","itemListElement":[{"@type":"ListItem","position":1,"name":"Loja","item":"https:\/\/radarservice.eu\/pt-pt\/loja\/"},{"@type":"ListItem","position":2,"name":"ESO Guard DUAL Encravador de barreira de luz"}]},{"@type":"WebSite","@id":"https:\/\/radarservice.eu\/pt-pt\/#website","url":"https:\/\/radarservice.eu\/pt-pt\/","name":"Radar Service","description":"Radar detector Laser jammer mobile fix","publisher":{"@id":"https:\/\/radarservice.eu\/pt-pt\/#organization"},"potentialAction":[{"@type":"SearchAction","target":{"@type":"EntryPoint","urlTemplate":"https:\/\/radarservice.eu\/pt-pt\/?s={search_term_string}"},"query-input":{"@type":"PropertyValueSpecification","valueRequired":true,"valueName":"search_term_string"}}],"inLanguage":"pt-PT"},{"@type":"Organization","@id":"https:\/\/radarservice.eu\/pt-pt\/#organization","name":"RadarService","url":"https:\/\/radarservice.eu\/pt-pt\/","logo":{"@type":"ImageObject","inLanguage":"pt-PT","@id":"https:\/\/radarservice.eu\/pt-pt\/#\/schema\/logo\/image\/","url":"https:\/\/radarservice.eu\/wp-content\/uploads\/2021\/03\/Radar_detector_service.png","contentUrl":"https:\/\/radarservice.eu\/wp-content\/uploads\/2021\/03\/Radar_detector_service.png","width":174,"height":48,"caption":"RadarService"},"image":{"@id":"https:\/\/radarservice.eu\/pt-pt\/#\/schema\/logo\/image\/"}}]}},"_links":{"self":[{"href":"https:\/\/radarservice.eu\/pt-pt\/wp-json\/wp\/v2\/product\/18442","targetHints":{"allow":["GET"]}}],"collection":[{"href":"https:\/\/radarservice.eu\/pt-pt\/wp-json\/wp\/v2\/product"}],"about":[{"href":"https:\/\/radarservice.eu\/pt-pt\/wp-json\/wp\/v2\/types\/product"}],"replies":[{"embeddable":true,"href":"https:\/\/radarservice.eu\/pt-pt\/wp-json\/wp\/v2\/comments?post=18442"}],"wp:featuredmedia":[{"embeddable":true,"href":"https:\/\/radarservice.eu\/pt-pt\/wp-json\/wp\/v2\/media\/18445"}],"wp:attachment":[{"href":"https:\/\/radarservice.eu\/pt-pt\/wp-json\/wp\/v2\/media?parent=18442"}],"wp:term":[{"taxonomy":"product_brand","embeddable":true,"href":"https:\/\/radarservice.eu\/pt-pt\/wp-json\/wp\/v2\/product_brand?post=18442"},{"taxonomy":"product_cat","embeddable":true,"href":"https:\/\/radarservice.eu\/pt-pt\/wp-json\/wp\/v2\/product_cat?post=18442"},{"taxonomy":"product_tag","embeddable":true,"href":"https:\/\/radarservice.eu\/pt-pt\/wp-json\/wp\/v2\/product_tag?post=18442"}],"curies":[{"name":"wp","href":"https:\/\/api.w.org\/{rel}","templated":true}]}}