{"id":18060,"date":"2022-03-26T16:06:34","date_gmt":"2022-03-26T15:06:34","guid":{"rendered":"https:\/\/radarservice.eu\/produkt\/pacote-detector-de-radar-para-o-programa-de-tv-rtl-spiegel\/"},"modified":"2022-03-26T16:06:34","modified_gmt":"2022-03-26T15:06:34","slug":"pacote-detector-de-radar-para-o-programa-de-tv-rtl-spiegel","status":"publish","type":"product","link":"https:\/\/radarservice.eu\/pt-pt\/produto\/pacote-detector-de-radar-para-o-programa-de-tv-rtl-spiegel\/","title":{"rendered":"Pacote detector de radar para o programa de TV RTL Spiegel"},"content":{"rendered":"<p>A revista SpiegelTV noticiou sobre nossos dispositivos de alerta de radar sob o t\u00edtulo &#8220;Penas mais altas para velocistas &#8211; rearmamento na guerra de radares&#8221;. Os resultados dos testes foram consistentemente muito bons. Voc\u00ea tamb\u00e9m pode se beneficiar de nossa experi\u00eancia e solicitar seu pacote completo e despreocupado. Montamos um pacote completo para todas as situa\u00e7\u00f5es exclusivamente para o show.<\/p>\n<p><strong>Compila\u00e7\u00e3o:<\/strong><br \/>\n+ detector de radar m\u00f3vel Navty P1 Premium, que protege voc\u00ea de todas as medi\u00e7\u00f5es de radar m\u00f3vel.<br \/>\n+ um bloqueador de barreira de luz que protege voc\u00ea de forma confi\u00e1vel dos chamados &#8220;trip\u00e9s&#8221;<\/p>\n<p>O pacote inclui 2 dispositivos no valor de 1198 euros quando adquiridos individualmente. Por ocasi\u00e3o da transmiss\u00e3o, voc\u00ea receber\u00e1 agora o pacote completo exclusivamente por EUR 999.<\/p>\n<p><strong>Vis\u00e3o geral:<\/strong><br \/>\n+ detectores de radar m\u00f3veis especialmente para a Europa<br \/>\n+ Detec\u00e7\u00e3o de 360\u00b0 de todas as fontes de radar na Europa (X \/ K \/ Ka-Band \/ MultaRadar MRCD \/ MRCT \/ Moving)<br \/>\n+ Aviso de medi\u00e7\u00e3o de radar<br \/>\n+ Aviso sobre medi\u00e7\u00f5es a laser<br \/>\n+ Aviso de sistemas estacion\u00e1rios de medi\u00e7\u00e3o de velocidade<br \/>\n+ Aviso de vigil\u00e2ncia de luz vermelha<br \/>\n+ Aviso para medi\u00e7\u00f5es de controle de se\u00e7\u00e3o (controles de se\u00e7\u00e3o)<br \/>\n+ atualiz\u00e1vel via conex\u00e3o USB<br \/>\n+ Banco de dados EUROPA para radares fixos<br \/>\n+ pontos de perigo pr\u00f3prios podem ser salvos<\/p>\n<p><strong>Escopo de entrega:<\/strong><br \/>\n* Detector de radar Navty P1 Premium<br \/>\n* Acess\u00f3rios para montagem de p\u00e1ra-brisas (ventosas)<br \/>\n* Fonte de alimenta\u00e7\u00e3o 12V com tomada de isqueiro<br \/>\n*Manual de instru\u00e7\u00f5es<br \/>\n* Jammer de fotoc\u00e9lula ESO<\/p>\n","protected":false},"excerpt":{"rendered":"<p>A revista SpiegelTV noticiou sobre nossos dispositivos de alerta de radar sob o t\u00edtulo &#8220;Penas mais altas para velocistas &#8211; rearmamento na guerra de radares&#8221;. Os resultados dos testes foram consistentemente muito bons. Voc\u00ea tamb\u00e9m pode se beneficiar de nossa experi\u00eancia e solicitar seu pacote completo e despreocupado. Montamos um pacote completo para todas as [&#8230;]\n","protected":false},"featured_media":18063,"comment_status":"open","ping_status":"closed","template":"","meta":[],"product_brand":[],"product_cat":[2003,2065],"product_tag":[2141,2155,2153,2154],"class_list":{"0":"post-18060","1":"product","2":"type-product","3":"status-publish","4":"has-post-thumbnail","6":"product_cat-navty-pt-pt","7":"product_cat-pacotes-completos-recomendados","8":"product_tag-detector-de-radar-pt-pt","9":"product_tag-reportagem-de-tv","10":"product_tag-rtl-pt-pt","11":"product_tag-spiegel-tv-pt-pt","13":"first","14":"instock","15":"sale","16":"taxable","17":"shipping-taxable","18":"purchasable","19":"product-type-simple"},"yoast_head":"<!-- This site is optimized with the Yoast SEO plugin v27.2 - https:\/\/yoast.com\/product\/yoast-seo-wordpress\/ -->\n<title>Pacote detector de radar para o programa de TV RTL Spiegel | Radar Service<\/title>\n<meta name=\"description\" content=\"Pacote despreocupado completo - tecnologia de alerta de radar m\u00f3vel para uso flex\u00edvel em v\u00e1rios ve\u00edculos.\" \/>\n<meta name=\"robots\" content=\"index, follow, max-snippet:-1, max-image-preview:large, max-video-preview:-1\" \/>\n<link rel=\"canonical\" href=\"https:\/\/radarservice.eu\/pt-pt\/produto\/pacote-detector-de-radar-para-o-programa-de-tv-rtl-spiegel\/\" \/>\n<meta property=\"og:locale\" content=\"pt_PT\" \/>\n<meta property=\"og:type\" content=\"article\" \/>\n<meta property=\"og:title\" content=\"Pacote detector de radar para o programa de TV RTL Spiegel | Radar Service\" \/>\n<meta property=\"og:description\" content=\"Pacote despreocupado completo - tecnologia de alerta de radar m\u00f3vel para uso flex\u00edvel em v\u00e1rios ve\u00edculos.\" \/>\n<meta property=\"og:url\" content=\"https:\/\/radarservice.eu\/pt-pt\/produto\/pacote-detector-de-radar-para-o-programa-de-tv-rtl-spiegel\/\" \/>\n<meta property=\"og:site_name\" content=\"Radar Service\" \/>\n<meta property=\"og:image\" content=\"https:\/\/radarservice.eu\/wp-content\/uploads\/2020\/09\/NAVTY-P1-Bentley-1.jpeg\" \/>\n\t<meta property=\"og:image:width\" content=\"2048\" \/>\n\t<meta property=\"og:image:height\" content=\"1353\" \/>\n\t<meta property=\"og:image:type\" content=\"image\/jpeg\" \/>\n<meta name=\"twitter:card\" content=\"summary_large_image\" \/>\n<meta name=\"twitter:label1\" content=\"Tempo estimado de leitura\" \/>\n\t<meta name=\"twitter:data1\" content=\"1 minuto\" \/>\n<script type=\"application\/ld+json\" class=\"yoast-schema-graph\">{\"@context\":\"https:\/\/schema.org\",\"@graph\":[{\"@type\":\"WebPage\",\"@id\":\"https:\/\/radarservice.eu\/pt-pt\/produto\/pacote-detector-de-radar-para-o-programa-de-tv-rtl-spiegel\/\",\"url\":\"https:\/\/radarservice.eu\/pt-pt\/produto\/pacote-detector-de-radar-para-o-programa-de-tv-rtl-spiegel\/\",\"name\":\"Pacote detector de radar para o programa de TV RTL Spiegel | Radar Service\",\"isPartOf\":{\"@id\":\"https:\/\/radarservice.eu\/pt-pt\/#website\"},\"primaryImageOfPage\":{\"@id\":\"https:\/\/radarservice.eu\/pt-pt\/produto\/pacote-detector-de-radar-para-o-programa-de-tv-rtl-spiegel\/#primaryimage\"},\"image\":{\"@id\":\"https:\/\/radarservice.eu\/pt-pt\/produto\/pacote-detector-de-radar-para-o-programa-de-tv-rtl-spiegel\/#primaryimage\"},\"thumbnailUrl\":\"https:\/\/radarservice.eu\/wp-content\/uploads\/2020\/09\/NAVTY-P1-Bentley-1.jpeg\",\"datePublished\":\"2022-03-26T15:06:34+00:00\",\"description\":\"Pacote despreocupado completo - tecnologia de alerta de radar m\u00f3vel para uso flex\u00edvel em v\u00e1rios ve\u00edculos.\",\"breadcrumb\":{\"@id\":\"https:\/\/radarservice.eu\/pt-pt\/produto\/pacote-detector-de-radar-para-o-programa-de-tv-rtl-spiegel\/#breadcrumb\"},\"inLanguage\":\"pt-PT\",\"potentialAction\":[{\"@type\":\"ReadAction\",\"target\":[\"https:\/\/radarservice.eu\/pt-pt\/produto\/pacote-detector-de-radar-para-o-programa-de-tv-rtl-spiegel\/\"]}]},{\"@type\":\"ImageObject\",\"inLanguage\":\"pt-PT\",\"@id\":\"https:\/\/radarservice.eu\/pt-pt\/produto\/pacote-detector-de-radar-para-o-programa-de-tv-rtl-spiegel\/#primaryimage\",\"url\":\"https:\/\/radarservice.eu\/wp-content\/uploads\/2020\/09\/NAVTY-P1-Bentley-1.jpeg\",\"contentUrl\":\"https:\/\/radarservice.eu\/wp-content\/uploads\/2020\/09\/NAVTY-P1-Bentley-1.jpeg\",\"width\":2048,\"height\":1353,\"caption\":\"Navty P1 Bentley\"},{\"@type\":\"BreadcrumbList\",\"@id\":\"https:\/\/radarservice.eu\/pt-pt\/produto\/pacote-detector-de-radar-para-o-programa-de-tv-rtl-spiegel\/#breadcrumb\",\"itemListElement\":[{\"@type\":\"ListItem\",\"position\":1,\"name\":\"Loja\",\"item\":\"https:\/\/radarservice.eu\/pt-pt\/loja\/\"},{\"@type\":\"ListItem\",\"position\":2,\"name\":\"Pacote detector de radar para o programa de TV RTL Spiegel\"}]},{\"@type\":\"WebSite\",\"@id\":\"https:\/\/radarservice.eu\/pt-pt\/#website\",\"url\":\"https:\/\/radarservice.eu\/pt-pt\/\",\"name\":\"Radar Service\",\"description\":\"Radar detector Laser jammer mobile fix\",\"publisher\":{\"@id\":\"https:\/\/radarservice.eu\/pt-pt\/#organization\"},\"potentialAction\":[{\"@type\":\"SearchAction\",\"target\":{\"@type\":\"EntryPoint\",\"urlTemplate\":\"https:\/\/radarservice.eu\/pt-pt\/?s={search_term_string}\"},\"query-input\":{\"@type\":\"PropertyValueSpecification\",\"valueRequired\":true,\"valueName\":\"search_term_string\"}}],\"inLanguage\":\"pt-PT\"},{\"@type\":\"Organization\",\"@id\":\"https:\/\/radarservice.eu\/pt-pt\/#organization\",\"name\":\"RadarService\",\"url\":\"https:\/\/radarservice.eu\/pt-pt\/\",\"logo\":{\"@type\":\"ImageObject\",\"inLanguage\":\"pt-PT\",\"@id\":\"https:\/\/radarservice.eu\/pt-pt\/#\/schema\/logo\/image\/\",\"url\":\"https:\/\/radarservice.eu\/wp-content\/uploads\/2021\/03\/Radar_detector_service.png\",\"contentUrl\":\"https:\/\/radarservice.eu\/wp-content\/uploads\/2021\/03\/Radar_detector_service.png\",\"width\":174,\"height\":48,\"caption\":\"RadarService\"},\"image\":{\"@id\":\"https:\/\/radarservice.eu\/pt-pt\/#\/schema\/logo\/image\/\"}}]}<\/script>\n<!-- \/ Yoast SEO plugin. -->","yoast_head_json":{"title":"Pacote detector de radar para o programa de TV RTL Spiegel | Radar Service","description":"Pacote despreocupado completo - tecnologia de alerta de radar m\u00f3vel para uso flex\u00edvel em v\u00e1rios ve\u00edculos.","robots":{"index":"index","follow":"follow","max-snippet":"max-snippet:-1","max-image-preview":"max-image-preview:large","max-video-preview":"max-video-preview:-1"},"canonical":"https:\/\/radarservice.eu\/pt-pt\/produto\/pacote-detector-de-radar-para-o-programa-de-tv-rtl-spiegel\/","og_locale":"pt_PT","og_type":"article","og_title":"Pacote detector de radar para o programa de TV RTL Spiegel | Radar Service","og_description":"Pacote despreocupado completo - tecnologia de alerta de radar m\u00f3vel para uso flex\u00edvel em v\u00e1rios ve\u00edculos.","og_url":"https:\/\/radarservice.eu\/pt-pt\/produto\/pacote-detector-de-radar-para-o-programa-de-tv-rtl-spiegel\/","og_site_name":"Radar Service","og_image":[{"width":2048,"height":1353,"url":"https:\/\/radarservice.eu\/wp-content\/uploads\/2020\/09\/NAVTY-P1-Bentley-1.jpeg","type":"image\/jpeg"}],"twitter_card":"summary_large_image","twitter_misc":{"Tempo estimado de leitura":"1 minuto"},"schema":{"@context":"https:\/\/schema.org","@graph":[{"@type":"WebPage","@id":"https:\/\/radarservice.eu\/pt-pt\/produto\/pacote-detector-de-radar-para-o-programa-de-tv-rtl-spiegel\/","url":"https:\/\/radarservice.eu\/pt-pt\/produto\/pacote-detector-de-radar-para-o-programa-de-tv-rtl-spiegel\/","name":"Pacote detector de radar para o programa de TV RTL Spiegel | Radar Service","isPartOf":{"@id":"https:\/\/radarservice.eu\/pt-pt\/#website"},"primaryImageOfPage":{"@id":"https:\/\/radarservice.eu\/pt-pt\/produto\/pacote-detector-de-radar-para-o-programa-de-tv-rtl-spiegel\/#primaryimage"},"image":{"@id":"https:\/\/radarservice.eu\/pt-pt\/produto\/pacote-detector-de-radar-para-o-programa-de-tv-rtl-spiegel\/#primaryimage"},"thumbnailUrl":"https:\/\/radarservice.eu\/wp-content\/uploads\/2020\/09\/NAVTY-P1-Bentley-1.jpeg","datePublished":"2022-03-26T15:06:34+00:00","description":"Pacote despreocupado completo - tecnologia de alerta de radar m\u00f3vel para uso flex\u00edvel em v\u00e1rios ve\u00edculos.","breadcrumb":{"@id":"https:\/\/radarservice.eu\/pt-pt\/produto\/pacote-detector-de-radar-para-o-programa-de-tv-rtl-spiegel\/#breadcrumb"},"inLanguage":"pt-PT","potentialAction":[{"@type":"ReadAction","target":["https:\/\/radarservice.eu\/pt-pt\/produto\/pacote-detector-de-radar-para-o-programa-de-tv-rtl-spiegel\/"]}]},{"@type":"ImageObject","inLanguage":"pt-PT","@id":"https:\/\/radarservice.eu\/pt-pt\/produto\/pacote-detector-de-radar-para-o-programa-de-tv-rtl-spiegel\/#primaryimage","url":"https:\/\/radarservice.eu\/wp-content\/uploads\/2020\/09\/NAVTY-P1-Bentley-1.jpeg","contentUrl":"https:\/\/radarservice.eu\/wp-content\/uploads\/2020\/09\/NAVTY-P1-Bentley-1.jpeg","width":2048,"height":1353,"caption":"Navty P1 Bentley"},{"@type":"BreadcrumbList","@id":"https:\/\/radarservice.eu\/pt-pt\/produto\/pacote-detector-de-radar-para-o-programa-de-tv-rtl-spiegel\/#breadcrumb","itemListElement":[{"@type":"ListItem","position":1,"name":"Loja","item":"https:\/\/radarservice.eu\/pt-pt\/loja\/"},{"@type":"ListItem","position":2,"name":"Pacote detector de radar para o programa de TV RTL Spiegel"}]},{"@type":"WebSite","@id":"https:\/\/radarservice.eu\/pt-pt\/#website","url":"https:\/\/radarservice.eu\/pt-pt\/","name":"Radar Service","description":"Radar detector Laser jammer mobile fix","publisher":{"@id":"https:\/\/radarservice.eu\/pt-pt\/#organization"},"potentialAction":[{"@type":"SearchAction","target":{"@type":"EntryPoint","urlTemplate":"https:\/\/radarservice.eu\/pt-pt\/?s={search_term_string}"},"query-input":{"@type":"PropertyValueSpecification","valueRequired":true,"valueName":"search_term_string"}}],"inLanguage":"pt-PT"},{"@type":"Organization","@id":"https:\/\/radarservice.eu\/pt-pt\/#organization","name":"RadarService","url":"https:\/\/radarservice.eu\/pt-pt\/","logo":{"@type":"ImageObject","inLanguage":"pt-PT","@id":"https:\/\/radarservice.eu\/pt-pt\/#\/schema\/logo\/image\/","url":"https:\/\/radarservice.eu\/wp-content\/uploads\/2021\/03\/Radar_detector_service.png","contentUrl":"https:\/\/radarservice.eu\/wp-content\/uploads\/2021\/03\/Radar_detector_service.png","width":174,"height":48,"caption":"RadarService"},"image":{"@id":"https:\/\/radarservice.eu\/pt-pt\/#\/schema\/logo\/image\/"}}]}},"_links":{"self":[{"href":"https:\/\/radarservice.eu\/pt-pt\/wp-json\/wp\/v2\/product\/18060","targetHints":{"allow":["GET"]}}],"collection":[{"href":"https:\/\/radarservice.eu\/pt-pt\/wp-json\/wp\/v2\/product"}],"about":[{"href":"https:\/\/radarservice.eu\/pt-pt\/wp-json\/wp\/v2\/types\/product"}],"replies":[{"embeddable":true,"href":"https:\/\/radarservice.eu\/pt-pt\/wp-json\/wp\/v2\/comments?post=18060"}],"wp:featuredmedia":[{"embeddable":true,"href":"https:\/\/radarservice.eu\/pt-pt\/wp-json\/wp\/v2\/media\/18063"}],"wp:attachment":[{"href":"https:\/\/radarservice.eu\/pt-pt\/wp-json\/wp\/v2\/media?parent=18060"}],"wp:term":[{"taxonomy":"product_brand","embeddable":true,"href":"https:\/\/radarservice.eu\/pt-pt\/wp-json\/wp\/v2\/product_brand?post=18060"},{"taxonomy":"product_cat","embeddable":true,"href":"https:\/\/radarservice.eu\/pt-pt\/wp-json\/wp\/v2\/product_cat?post=18060"},{"taxonomy":"product_tag","embeddable":true,"href":"https:\/\/radarservice.eu\/pt-pt\/wp-json\/wp\/v2\/product_tag?post=18060"}],"curies":[{"name":"wp","href":"https:\/\/api.w.org\/{rel}","templated":true}]}}