{"id":18039,"date":"2022-03-26T15:52:05","date_gmt":"2022-03-26T14:52:05","guid":{"rendered":"https:\/\/radarservice.eu\/produkt\/instalacao-fixa-genevo-assist-pro-hdm-e-antilaser-priority-dual\/"},"modified":"2025-06-20T05:10:32","modified_gmt":"2025-06-20T03:10:32","slug":"instalacao-fixa-genevo-assist-pro-hdm-e-antilaser-priority-dual","status":"publish","type":"product","link":"https:\/\/radarservice.eu\/pt-pt\/produto\/instalacao-fixa-genevo-assist-pro-hdm-e-antilaser-priority-dual\/","title":{"rendered":"Instala\u00e7\u00e3o fixa Genevo Assist Pro HDM+ e Antilaser Priority DUAL"},"content":{"rendered":"<h2>Instala\u00e7\u00e3o fixa Genevo Assist Pro HDM+ detector de radar e antilaser ALP DUAL laser jammer <\/h2>\n<p><strong>Detetor de radar de instala\u00e7\u00e3o fixa Genevo Assist Pro HDM+<\/strong><\/p>\n<p>O detector de radar integrado Genevo Assist HDM+ \u00e9 atualmente o melhor dispositivo integrado de \u00faltima gera\u00e7\u00e3o para o mercado europeu. <\/p>\n<p>Os melhores resultados de pr\u00e9-aviso com uma taxa m\u00ednima de alarmes falsos tornam o Genevo Assist HDM+ o dispositivo superior absoluto de todos os detectores de radar instalados permanentemente.<\/p>\n<p>O visor magn\u00e9tico e a unidade de controle podem ser removidos a qualquer momento durante as verifica\u00e7\u00f5es policiais ou passagens de fronteira. Isso desativa imediatamente o Genevo Assist. <\/p>\n<p>As op\u00e7\u00f5es de configura\u00e7\u00e3o do Genevo Assist Pro s\u00e3o incompar\u00e1veis \u200b\u200bem sua variedade. No entanto, tamb\u00e9m \u00e9 f\u00e1cil para os iniciantes adaptarem as configura\u00e7\u00f5es \u00e0s suas pr\u00f3prias necessidades. Um software especialmente desenvolvido permite uma configura\u00e7\u00e3o f\u00e1cil no PC ou laptop dom\u00e9stico.<\/p>\n<p>Os avisos s\u00e3o dados por an\u00fancios de voz em alem\u00e3o ou ingl\u00eas ou por um simples bipe. O banco de dados Genevo Assist GPS POI \u00e9 pr\u00e9-instalado gratuitamente e avisa sobre velocidade fixa e sistemas de fiscaliza\u00e7\u00e3o de sem\u00e1foros em toda a Europa.<\/p>\n<p><strong>Antilaser ALP Priority DUAL com 2 sensores laser jammer<\/strong><\/p>\n<p>O novo Antilaser AL-Priority foi ainda mais aprimorado em compara\u00e7\u00e3o com seus antecessores AL-G8 e AL-G9 e oferece 100% de prote\u00e7\u00e3o contra verifica\u00e7\u00f5es de velocidade com pistolas a laser. Apesar das dimens\u00f5es muito pequenas dos sensores, o ALP oferece prote\u00e7\u00e3o eficaz contra pistolas a laser e a nova etiqueta de bolha. O Antilaser Laserblinder pode ser usado tanto como sensor de estacionamento quanto como laser jammer.<\/p>\n","protected":false},"excerpt":{"rendered":"<p>Instala\u00e7\u00e3o fixa Genevo Assist Pro HDM+ detector de radar e antilaser ALP DUAL laser jammer Detetor de radar de instala\u00e7\u00e3o fixa Genevo Assist Pro HDM+ O detector de radar integrado Genevo Assist HDM+ \u00e9 atualmente o melhor dispositivo integrado de \u00faltima gera\u00e7\u00e3o para o mercado europeu. Os melhores resultados de pr\u00e9-aviso com uma taxa m\u00ednima [&#8230;]\n","protected":false},"featured_media":18040,"comment_status":"open","ping_status":"closed","template":"","meta":[],"product_brand":[],"product_cat":[1973,1993,2065],"product_tag":[],"class_list":{"0":"post-18039","1":"product","2":"type-product","3":"status-publish","4":"has-post-thumbnail","6":"product_cat-antilaser-pt-pt","7":"product_cat-genevo-pt-pt","8":"product_cat-pacotes-completos-recomendados","10":"first","11":"instock","12":"sale","13":"taxable","14":"shipping-taxable","15":"purchasable","16":"product-type-simple"},"yoast_head":"<!-- This site is optimized with the Yoast SEO plugin v27.2 - https:\/\/yoast.com\/product\/yoast-seo-wordpress\/ -->\n<title>Radar Service<\/title>\n<meta name=\"description\" content=\"Detector de radar de instala\u00e7\u00e3o fixa Genevo Assist Pro HDM+ detector de radar e jammer de laser anti-laser ALP DUAL para instala\u00e7\u00e3o oculta no ve\u00edculo.\" \/>\n<meta name=\"robots\" content=\"index, follow, max-snippet:-1, max-image-preview:large, max-video-preview:-1\" \/>\n<link rel=\"canonical\" href=\"https:\/\/radarservice.eu\/pt-pt\/produto\/instalacao-fixa-genevo-assist-pro-hdm-e-antilaser-priority-dual\/\" \/>\n<meta property=\"og:locale\" content=\"pt_PT\" \/>\n<meta property=\"og:type\" content=\"article\" \/>\n<meta property=\"og:description\" content=\"Detector de radar de instala\u00e7\u00e3o fixa Genevo Assist Pro HDM+ detector de radar e jammer de laser anti-laser ALP DUAL para instala\u00e7\u00e3o oculta no ve\u00edculo.\" \/>\n<meta property=\"og:url\" content=\"https:\/\/radarservice.eu\/pt-pt\/produto\/instalacao-fixa-genevo-assist-pro-hdm-e-antilaser-priority-dual\/\" \/>\n<meta property=\"og:site_name\" content=\"Radar Service\" \/>\n<meta property=\"article:modified_time\" content=\"2025-06-20T03:10:32+00:00\" \/>\n<meta property=\"og:image\" content=\"https:\/\/radarservice.eu\/wp-content\/uploads\/2020\/09\/Genevo-Assist-Pro-HDM-Verpackung.jpg\" \/>\n\t<meta property=\"og:image:width\" content=\"1600\" \/>\n\t<meta property=\"og:image:height\" content=\"1049\" \/>\n\t<meta property=\"og:image:type\" content=\"image\/jpeg\" \/>\n<meta name=\"twitter:card\" content=\"summary_large_image\" \/>\n<meta name=\"twitter:label1\" content=\"Tempo estimado de leitura\" \/>\n\t<meta name=\"twitter:data1\" content=\"1 minuto\" \/>\n<script type=\"application\/ld+json\" class=\"yoast-schema-graph\">{\"@context\":\"https:\/\/schema.org\",\"@graph\":[{\"@type\":\"WebPage\",\"@id\":\"https:\/\/radarservice.eu\/pt-pt\/produto\/instalacao-fixa-genevo-assist-pro-hdm-e-antilaser-priority-dual\/\",\"url\":\"https:\/\/radarservice.eu\/pt-pt\/produto\/instalacao-fixa-genevo-assist-pro-hdm-e-antilaser-priority-dual\/\",\"name\":\"\",\"isPartOf\":{\"@id\":\"https:\/\/radarservice.eu\/pt-pt\/#website\"},\"primaryImageOfPage\":{\"@id\":\"https:\/\/radarservice.eu\/pt-pt\/produto\/instalacao-fixa-genevo-assist-pro-hdm-e-antilaser-priority-dual\/#primaryimage\"},\"image\":{\"@id\":\"https:\/\/radarservice.eu\/pt-pt\/produto\/instalacao-fixa-genevo-assist-pro-hdm-e-antilaser-priority-dual\/#primaryimage\"},\"thumbnailUrl\":\"https:\/\/radarservice.eu\/wp-content\/uploads\/2020\/09\/Genevo-Assist-Pro-HDM-Verpackung.jpg\",\"datePublished\":\"2022-03-26T14:52:05+00:00\",\"dateModified\":\"2025-06-20T03:10:32+00:00\",\"description\":\"Detector de radar de instala\u00e7\u00e3o fixa Genevo Assist Pro HDM+ detector de radar e jammer de laser anti-laser ALP DUAL para instala\u00e7\u00e3o oculta no ve\u00edculo.\",\"breadcrumb\":{\"@id\":\"https:\/\/radarservice.eu\/pt-pt\/produto\/instalacao-fixa-genevo-assist-pro-hdm-e-antilaser-priority-dual\/#breadcrumb\"},\"inLanguage\":\"pt-PT\",\"potentialAction\":[{\"@type\":\"ReadAction\",\"target\":[\"https:\/\/radarservice.eu\/pt-pt\/produto\/instalacao-fixa-genevo-assist-pro-hdm-e-antilaser-priority-dual\/\"]}]},{\"@type\":\"ImageObject\",\"inLanguage\":\"pt-PT\",\"@id\":\"https:\/\/radarservice.eu\/pt-pt\/produto\/instalacao-fixa-genevo-assist-pro-hdm-e-antilaser-priority-dual\/#primaryimage\",\"url\":\"https:\/\/radarservice.eu\/wp-content\/uploads\/2020\/09\/Genevo-Assist-Pro-HDM-Verpackung.jpg\",\"contentUrl\":\"https:\/\/radarservice.eu\/wp-content\/uploads\/2020\/09\/Genevo-Assist-Pro-HDM-Verpackung.jpg\",\"width\":1600,\"height\":1049,\"caption\":\"Embalagem Genevo Assist Pro HDM\"},{\"@type\":\"BreadcrumbList\",\"@id\":\"https:\/\/radarservice.eu\/pt-pt\/produto\/instalacao-fixa-genevo-assist-pro-hdm-e-antilaser-priority-dual\/#breadcrumb\",\"itemListElement\":[{\"@type\":\"ListItem\",\"position\":1,\"name\":\"Loja\",\"item\":\"https:\/\/radarservice.eu\/pt-pt\/loja\/\"},{\"@type\":\"ListItem\",\"position\":2,\"name\":\"Instala\u00e7\u00e3o fixa Genevo Assist Pro HDM+ e Antilaser Priority DUAL\"}]},{\"@type\":\"WebSite\",\"@id\":\"https:\/\/radarservice.eu\/pt-pt\/#website\",\"url\":\"https:\/\/radarservice.eu\/pt-pt\/\",\"name\":\"Radar Service\",\"description\":\"Radar detector Laser jammer mobile fix\",\"publisher\":{\"@id\":\"https:\/\/radarservice.eu\/pt-pt\/#organization\"},\"potentialAction\":[{\"@type\":\"SearchAction\",\"target\":{\"@type\":\"EntryPoint\",\"urlTemplate\":\"https:\/\/radarservice.eu\/pt-pt\/?s={search_term_string}\"},\"query-input\":{\"@type\":\"PropertyValueSpecification\",\"valueRequired\":true,\"valueName\":\"search_term_string\"}}],\"inLanguage\":\"pt-PT\"},{\"@type\":\"Organization\",\"@id\":\"https:\/\/radarservice.eu\/pt-pt\/#organization\",\"name\":\"RadarService\",\"url\":\"https:\/\/radarservice.eu\/pt-pt\/\",\"logo\":{\"@type\":\"ImageObject\",\"inLanguage\":\"pt-PT\",\"@id\":\"https:\/\/radarservice.eu\/pt-pt\/#\/schema\/logo\/image\/\",\"url\":\"https:\/\/radarservice.eu\/wp-content\/uploads\/2021\/03\/Radar_detector_service.png\",\"contentUrl\":\"https:\/\/radarservice.eu\/wp-content\/uploads\/2021\/03\/Radar_detector_service.png\",\"width\":174,\"height\":48,\"caption\":\"RadarService\"},\"image\":{\"@id\":\"https:\/\/radarservice.eu\/pt-pt\/#\/schema\/logo\/image\/\"}}]}<\/script>\n<!-- \/ Yoast SEO plugin. -->","yoast_head_json":{"title":"Radar Service","description":"Detector de radar de instala\u00e7\u00e3o fixa Genevo Assist Pro HDM+ detector de radar e jammer de laser anti-laser ALP DUAL para instala\u00e7\u00e3o oculta no ve\u00edculo.","robots":{"index":"index","follow":"follow","max-snippet":"max-snippet:-1","max-image-preview":"max-image-preview:large","max-video-preview":"max-video-preview:-1"},"canonical":"https:\/\/radarservice.eu\/pt-pt\/produto\/instalacao-fixa-genevo-assist-pro-hdm-e-antilaser-priority-dual\/","og_locale":"pt_PT","og_type":"article","og_description":"Detector de radar de instala\u00e7\u00e3o fixa Genevo Assist Pro HDM+ detector de radar e jammer de laser anti-laser ALP DUAL para instala\u00e7\u00e3o oculta no ve\u00edculo.","og_url":"https:\/\/radarservice.eu\/pt-pt\/produto\/instalacao-fixa-genevo-assist-pro-hdm-e-antilaser-priority-dual\/","og_site_name":"Radar Service","article_modified_time":"2025-06-20T03:10:32+00:00","og_image":[{"width":1600,"height":1049,"url":"https:\/\/radarservice.eu\/wp-content\/uploads\/2020\/09\/Genevo-Assist-Pro-HDM-Verpackung.jpg","type":"image\/jpeg"}],"twitter_card":"summary_large_image","twitter_misc":{"Tempo estimado de leitura":"1 minuto"},"schema":{"@context":"https:\/\/schema.org","@graph":[{"@type":"WebPage","@id":"https:\/\/radarservice.eu\/pt-pt\/produto\/instalacao-fixa-genevo-assist-pro-hdm-e-antilaser-priority-dual\/","url":"https:\/\/radarservice.eu\/pt-pt\/produto\/instalacao-fixa-genevo-assist-pro-hdm-e-antilaser-priority-dual\/","name":"","isPartOf":{"@id":"https:\/\/radarservice.eu\/pt-pt\/#website"},"primaryImageOfPage":{"@id":"https:\/\/radarservice.eu\/pt-pt\/produto\/instalacao-fixa-genevo-assist-pro-hdm-e-antilaser-priority-dual\/#primaryimage"},"image":{"@id":"https:\/\/radarservice.eu\/pt-pt\/produto\/instalacao-fixa-genevo-assist-pro-hdm-e-antilaser-priority-dual\/#primaryimage"},"thumbnailUrl":"https:\/\/radarservice.eu\/wp-content\/uploads\/2020\/09\/Genevo-Assist-Pro-HDM-Verpackung.jpg","datePublished":"2022-03-26T14:52:05+00:00","dateModified":"2025-06-20T03:10:32+00:00","description":"Detector de radar de instala\u00e7\u00e3o fixa Genevo Assist Pro HDM+ detector de radar e jammer de laser anti-laser ALP DUAL para instala\u00e7\u00e3o oculta no ve\u00edculo.","breadcrumb":{"@id":"https:\/\/radarservice.eu\/pt-pt\/produto\/instalacao-fixa-genevo-assist-pro-hdm-e-antilaser-priority-dual\/#breadcrumb"},"inLanguage":"pt-PT","potentialAction":[{"@type":"ReadAction","target":["https:\/\/radarservice.eu\/pt-pt\/produto\/instalacao-fixa-genevo-assist-pro-hdm-e-antilaser-priority-dual\/"]}]},{"@type":"ImageObject","inLanguage":"pt-PT","@id":"https:\/\/radarservice.eu\/pt-pt\/produto\/instalacao-fixa-genevo-assist-pro-hdm-e-antilaser-priority-dual\/#primaryimage","url":"https:\/\/radarservice.eu\/wp-content\/uploads\/2020\/09\/Genevo-Assist-Pro-HDM-Verpackung.jpg","contentUrl":"https:\/\/radarservice.eu\/wp-content\/uploads\/2020\/09\/Genevo-Assist-Pro-HDM-Verpackung.jpg","width":1600,"height":1049,"caption":"Embalagem Genevo Assist Pro HDM"},{"@type":"BreadcrumbList","@id":"https:\/\/radarservice.eu\/pt-pt\/produto\/instalacao-fixa-genevo-assist-pro-hdm-e-antilaser-priority-dual\/#breadcrumb","itemListElement":[{"@type":"ListItem","position":1,"name":"Loja","item":"https:\/\/radarservice.eu\/pt-pt\/loja\/"},{"@type":"ListItem","position":2,"name":"Instala\u00e7\u00e3o fixa Genevo Assist Pro HDM+ e Antilaser Priority DUAL"}]},{"@type":"WebSite","@id":"https:\/\/radarservice.eu\/pt-pt\/#website","url":"https:\/\/radarservice.eu\/pt-pt\/","name":"Radar Service","description":"Radar detector Laser jammer mobile fix","publisher":{"@id":"https:\/\/radarservice.eu\/pt-pt\/#organization"},"potentialAction":[{"@type":"SearchAction","target":{"@type":"EntryPoint","urlTemplate":"https:\/\/radarservice.eu\/pt-pt\/?s={search_term_string}"},"query-input":{"@type":"PropertyValueSpecification","valueRequired":true,"valueName":"search_term_string"}}],"inLanguage":"pt-PT"},{"@type":"Organization","@id":"https:\/\/radarservice.eu\/pt-pt\/#organization","name":"RadarService","url":"https:\/\/radarservice.eu\/pt-pt\/","logo":{"@type":"ImageObject","inLanguage":"pt-PT","@id":"https:\/\/radarservice.eu\/pt-pt\/#\/schema\/logo\/image\/","url":"https:\/\/radarservice.eu\/wp-content\/uploads\/2021\/03\/Radar_detector_service.png","contentUrl":"https:\/\/radarservice.eu\/wp-content\/uploads\/2021\/03\/Radar_detector_service.png","width":174,"height":48,"caption":"RadarService"},"image":{"@id":"https:\/\/radarservice.eu\/pt-pt\/#\/schema\/logo\/image\/"}}]}},"_links":{"self":[{"href":"https:\/\/radarservice.eu\/pt-pt\/wp-json\/wp\/v2\/product\/18039","targetHints":{"allow":["GET"]}}],"collection":[{"href":"https:\/\/radarservice.eu\/pt-pt\/wp-json\/wp\/v2\/product"}],"about":[{"href":"https:\/\/radarservice.eu\/pt-pt\/wp-json\/wp\/v2\/types\/product"}],"replies":[{"embeddable":true,"href":"https:\/\/radarservice.eu\/pt-pt\/wp-json\/wp\/v2\/comments?post=18039"}],"wp:featuredmedia":[{"embeddable":true,"href":"https:\/\/radarservice.eu\/pt-pt\/wp-json\/wp\/v2\/media\/18040"}],"wp:attachment":[{"href":"https:\/\/radarservice.eu\/pt-pt\/wp-json\/wp\/v2\/media?parent=18039"}],"wp:term":[{"taxonomy":"product_brand","embeddable":true,"href":"https:\/\/radarservice.eu\/pt-pt\/wp-json\/wp\/v2\/product_brand?post=18039"},{"taxonomy":"product_cat","embeddable":true,"href":"https:\/\/radarservice.eu\/pt-pt\/wp-json\/wp\/v2\/product_cat?post=18039"},{"taxonomy":"product_tag","embeddable":true,"href":"https:\/\/radarservice.eu\/pt-pt\/wp-json\/wp\/v2\/product_tag?post=18039"}],"curies":[{"name":"wp","href":"https:\/\/api.w.org\/{rel}","templated":true}]}}