{"id":18033,"date":"2022-03-26T15:33:56","date_gmt":"2022-03-26T14:33:56","guid":{"rendered":"https:\/\/radarservice.eu\/produkt\/aviso-de-radar-vip-stinger\/"},"modified":"2025-04-29T05:10:21","modified_gmt":"2025-04-29T03:10:21","slug":"aviso-de-radar-vip-stinger","status":"publish","type":"product","link":"https:\/\/radarservice.eu\/pt-pt\/produto\/aviso-de-radar-vip-stinger\/","title":{"rendered":"AVISO DE RADAR VIP STINGER"},"content":{"rendered":"<h1>Detetor de radar permanente STINGER VIP<\/h1>\n<p><strong>detector de radar invis\u00edvel para instala\u00e7\u00e3o oculta<\/strong><br \/>\nO Stinger VIP pode ser instalado de forma invis\u00edvel no compartimento do motor. Os avisos s\u00e3o exibidos em um moderno display colorido sens\u00edvel ao toque no interior do ve\u00edculo. O Stinger VIP avisa de forma confi\u00e1vel sobre armadilhas de velocidade na Europa. Nota: Para um aviso de medi\u00e7\u00f5es a laser, voc\u00ea tamb\u00e9m precisa dos sensores a laser. <\/p>\n<p><strong>Exibi\u00e7\u00e3o moderna<\/strong><br \/>\nO ecr\u00e3 t\u00e1til a cores do tamanho de um cart\u00e3o de cr\u00e9dito integra-se de forma perfeita e elegante em todos os ve\u00edculos. Se necess\u00e1rio, o display pode ser removido do suporte magn\u00e9tico com uma m\u00e3o. O detector de radar Stinger VIP tamb\u00e9m pode ser operado sem visor e s\u00f3 avisa acusticamente em caso de perigo. <\/p>\n<p><strong>aviso otimizado<\/strong><br \/>\nO VIP avisa claramente sobre uma armadilha de velocidade atrav\u00e9s do visor colorido. Al\u00e9m disso, os sinais ac\u00fasticos de aviso soam. Se desejado, a sa\u00edda de voz tamb\u00e9m pode ser ativada para o aviso. Desta forma, o condutor n\u00e3o se distrai com o tr\u00e2nsito. <\/p>\n<p><strong>seguran\u00e7a m\u00e1xima<\/strong><br \/>\nDetectores de velocidade m\u00f3veis, pistolas a laser, medi\u00e7\u00f5es de se\u00e7\u00e3o de controle de se\u00e7\u00e3o, radar em movimento (de ve\u00edculos em movimento), radares fixos e c\u00e2meras de sem\u00e1foro s\u00e3o detectados de forma confi\u00e1vel. Como fabricante europeu, a Stinger desenvolve e testa os dispositivos especificamente para motoristas na Europa. Devido \u00e0 estrutura modular, o sistema pode ser expandido com sensores adicionais para estar sempre totalmente protegido no futuro.<\/p>\n","protected":false},"excerpt":{"rendered":"<p>Detetor de radar permanente STINGER VIP detector de radar invis\u00edvel para instala\u00e7\u00e3o oculta O Stinger VIP pode ser instalado de forma invis\u00edvel no compartimento do motor. Os avisos s\u00e3o exibidos em um moderno display colorido sens\u00edvel ao toque no interior do ve\u00edculo. O Stinger VIP avisa de forma confi\u00e1vel sobre armadilhas de velocidade na Europa. [&#8230;]\n","protected":false},"featured_media":18029,"comment_status":"open","ping_status":"closed","template":"","meta":[],"product_brand":[],"product_cat":[2063,2016],"product_tag":[],"class_list":{"0":"post-18033","1":"product","2":"type-product","3":"status-publish","4":"has-post-thumbnail","6":"product_cat-detetores-de-radar-fixos","7":"product_cat-stinger-pt-pt","9":"first","10":"instock","11":"sale","12":"taxable","13":"shipping-taxable","14":"purchasable","15":"product-type-simple"},"yoast_head":"<!-- This site is optimized with the Yoast SEO plugin v27.2 - https:\/\/yoast.com\/product\/yoast-seo-wordpress\/ -->\n<title>AVISO DE RADAR VIP STINGER | Radar Service<\/title>\n<meta name=\"description\" content=\"O Stinger VIP pode ser instalado de forma invis\u00edvel no compartimento do motor e avisa de forma confi\u00e1vel sobre todas as armadilhas de velocidade na Europa.\" \/>\n<meta name=\"robots\" content=\"index, follow, max-snippet:-1, max-image-preview:large, max-video-preview:-1\" \/>\n<link rel=\"canonical\" href=\"https:\/\/radarservice.eu\/pt-pt\/produto\/aviso-de-radar-vip-stinger\/\" \/>\n<meta property=\"og:locale\" content=\"pt_PT\" \/>\n<meta property=\"og:type\" content=\"article\" \/>\n<meta property=\"og:title\" content=\"AVISO DE RADAR VIP STINGER | Radar Service\" \/>\n<meta property=\"og:description\" content=\"O Stinger VIP pode ser instalado de forma invis\u00edvel no compartimento do motor e avisa de forma confi\u00e1vel sobre todas as armadilhas de velocidade na Europa.\" \/>\n<meta property=\"og:url\" content=\"https:\/\/radarservice.eu\/pt-pt\/produto\/aviso-de-radar-vip-stinger\/\" \/>\n<meta property=\"og:site_name\" content=\"Radar Service\" \/>\n<meta property=\"article:modified_time\" content=\"2025-04-29T03:10:21+00:00\" \/>\n<meta property=\"og:image\" content=\"https:\/\/radarservice.eu\/wp-content\/uploads\/2020\/11\/Stinger_VIP_display_einbau.jpg\" \/>\n\t<meta property=\"og:image:width\" content=\"2048\" \/>\n\t<meta property=\"og:image:height\" content=\"1540\" \/>\n\t<meta property=\"og:image:type\" content=\"image\/jpeg\" \/>\n<meta name=\"twitter:card\" content=\"summary_large_image\" \/>\n<meta name=\"twitter:label1\" content=\"Tempo estimado de leitura\" \/>\n\t<meta name=\"twitter:data1\" content=\"1 minuto\" \/>\n<script type=\"application\/ld+json\" class=\"yoast-schema-graph\">{\"@context\":\"https:\/\/schema.org\",\"@graph\":[{\"@type\":\"WebPage\",\"@id\":\"https:\/\/radarservice.eu\/pt-pt\/produto\/aviso-de-radar-vip-stinger\/\",\"url\":\"https:\/\/radarservice.eu\/pt-pt\/produto\/aviso-de-radar-vip-stinger\/\",\"name\":\"AVISO DE RADAR VIP STINGER | Radar Service\",\"isPartOf\":{\"@id\":\"https:\/\/radarservice.eu\/pt-pt\/#website\"},\"primaryImageOfPage\":{\"@id\":\"https:\/\/radarservice.eu\/pt-pt\/produto\/aviso-de-radar-vip-stinger\/#primaryimage\"},\"image\":{\"@id\":\"https:\/\/radarservice.eu\/pt-pt\/produto\/aviso-de-radar-vip-stinger\/#primaryimage\"},\"thumbnailUrl\":\"https:\/\/radarservice.eu\/wp-content\/uploads\/2020\/11\/Stinger_VIP_display_einbau.jpg\",\"datePublished\":\"2022-03-26T14:33:56+00:00\",\"dateModified\":\"2025-04-29T03:10:21+00:00\",\"description\":\"O Stinger VIP pode ser instalado de forma invis\u00edvel no compartimento do motor e avisa de forma confi\u00e1vel sobre todas as armadilhas de velocidade na Europa.\",\"breadcrumb\":{\"@id\":\"https:\/\/radarservice.eu\/pt-pt\/produto\/aviso-de-radar-vip-stinger\/#breadcrumb\"},\"inLanguage\":\"pt-PT\",\"potentialAction\":[{\"@type\":\"ReadAction\",\"target\":[\"https:\/\/radarservice.eu\/pt-pt\/produto\/aviso-de-radar-vip-stinger\/\"]}]},{\"@type\":\"ImageObject\",\"inLanguage\":\"pt-PT\",\"@id\":\"https:\/\/radarservice.eu\/pt-pt\/produto\/aviso-de-radar-vip-stinger\/#primaryimage\",\"url\":\"https:\/\/radarservice.eu\/wp-content\/uploads\/2020\/11\/Stinger_VIP_display_einbau.jpg\",\"contentUrl\":\"https:\/\/radarservice.eu\/wp-content\/uploads\/2020\/11\/Stinger_VIP_display_einbau.jpg\",\"width\":2048,\"height\":1540,\"caption\":\"Detector de radar permanente Stinger VIP\"},{\"@type\":\"BreadcrumbList\",\"@id\":\"https:\/\/radarservice.eu\/pt-pt\/produto\/aviso-de-radar-vip-stinger\/#breadcrumb\",\"itemListElement\":[{\"@type\":\"ListItem\",\"position\":1,\"name\":\"Loja\",\"item\":\"https:\/\/radarservice.eu\/pt-pt\/loja\/\"},{\"@type\":\"ListItem\",\"position\":2,\"name\":\"AVISO DE RADAR VIP STINGER\"}]},{\"@type\":\"WebSite\",\"@id\":\"https:\/\/radarservice.eu\/pt-pt\/#website\",\"url\":\"https:\/\/radarservice.eu\/pt-pt\/\",\"name\":\"Radar Service\",\"description\":\"Radar detector Laser jammer mobile fix\",\"publisher\":{\"@id\":\"https:\/\/radarservice.eu\/pt-pt\/#organization\"},\"potentialAction\":[{\"@type\":\"SearchAction\",\"target\":{\"@type\":\"EntryPoint\",\"urlTemplate\":\"https:\/\/radarservice.eu\/pt-pt\/?s={search_term_string}\"},\"query-input\":{\"@type\":\"PropertyValueSpecification\",\"valueRequired\":true,\"valueName\":\"search_term_string\"}}],\"inLanguage\":\"pt-PT\"},{\"@type\":\"Organization\",\"@id\":\"https:\/\/radarservice.eu\/pt-pt\/#organization\",\"name\":\"RadarService\",\"url\":\"https:\/\/radarservice.eu\/pt-pt\/\",\"logo\":{\"@type\":\"ImageObject\",\"inLanguage\":\"pt-PT\",\"@id\":\"https:\/\/radarservice.eu\/pt-pt\/#\/schema\/logo\/image\/\",\"url\":\"https:\/\/radarservice.eu\/wp-content\/uploads\/2021\/03\/Radar_detector_service.png\",\"contentUrl\":\"https:\/\/radarservice.eu\/wp-content\/uploads\/2021\/03\/Radar_detector_service.png\",\"width\":174,\"height\":48,\"caption\":\"RadarService\"},\"image\":{\"@id\":\"https:\/\/radarservice.eu\/pt-pt\/#\/schema\/logo\/image\/\"}}]}<\/script>\n<!-- \/ Yoast SEO plugin. -->","yoast_head_json":{"title":"AVISO DE RADAR VIP STINGER | Radar Service","description":"O Stinger VIP pode ser instalado de forma invis\u00edvel no compartimento do motor e avisa de forma confi\u00e1vel sobre todas as armadilhas de velocidade na Europa.","robots":{"index":"index","follow":"follow","max-snippet":"max-snippet:-1","max-image-preview":"max-image-preview:large","max-video-preview":"max-video-preview:-1"},"canonical":"https:\/\/radarservice.eu\/pt-pt\/produto\/aviso-de-radar-vip-stinger\/","og_locale":"pt_PT","og_type":"article","og_title":"AVISO DE RADAR VIP STINGER | Radar Service","og_description":"O Stinger VIP pode ser instalado de forma invis\u00edvel no compartimento do motor e avisa de forma confi\u00e1vel sobre todas as armadilhas de velocidade na Europa.","og_url":"https:\/\/radarservice.eu\/pt-pt\/produto\/aviso-de-radar-vip-stinger\/","og_site_name":"Radar Service","article_modified_time":"2025-04-29T03:10:21+00:00","og_image":[{"width":2048,"height":1540,"url":"https:\/\/radarservice.eu\/wp-content\/uploads\/2020\/11\/Stinger_VIP_display_einbau.jpg","type":"image\/jpeg"}],"twitter_card":"summary_large_image","twitter_misc":{"Tempo estimado de leitura":"1 minuto"},"schema":{"@context":"https:\/\/schema.org","@graph":[{"@type":"WebPage","@id":"https:\/\/radarservice.eu\/pt-pt\/produto\/aviso-de-radar-vip-stinger\/","url":"https:\/\/radarservice.eu\/pt-pt\/produto\/aviso-de-radar-vip-stinger\/","name":"AVISO DE RADAR VIP STINGER | Radar Service","isPartOf":{"@id":"https:\/\/radarservice.eu\/pt-pt\/#website"},"primaryImageOfPage":{"@id":"https:\/\/radarservice.eu\/pt-pt\/produto\/aviso-de-radar-vip-stinger\/#primaryimage"},"image":{"@id":"https:\/\/radarservice.eu\/pt-pt\/produto\/aviso-de-radar-vip-stinger\/#primaryimage"},"thumbnailUrl":"https:\/\/radarservice.eu\/wp-content\/uploads\/2020\/11\/Stinger_VIP_display_einbau.jpg","datePublished":"2022-03-26T14:33:56+00:00","dateModified":"2025-04-29T03:10:21+00:00","description":"O Stinger VIP pode ser instalado de forma invis\u00edvel no compartimento do motor e avisa de forma confi\u00e1vel sobre todas as armadilhas de velocidade na Europa.","breadcrumb":{"@id":"https:\/\/radarservice.eu\/pt-pt\/produto\/aviso-de-radar-vip-stinger\/#breadcrumb"},"inLanguage":"pt-PT","potentialAction":[{"@type":"ReadAction","target":["https:\/\/radarservice.eu\/pt-pt\/produto\/aviso-de-radar-vip-stinger\/"]}]},{"@type":"ImageObject","inLanguage":"pt-PT","@id":"https:\/\/radarservice.eu\/pt-pt\/produto\/aviso-de-radar-vip-stinger\/#primaryimage","url":"https:\/\/radarservice.eu\/wp-content\/uploads\/2020\/11\/Stinger_VIP_display_einbau.jpg","contentUrl":"https:\/\/radarservice.eu\/wp-content\/uploads\/2020\/11\/Stinger_VIP_display_einbau.jpg","width":2048,"height":1540,"caption":"Detector de radar permanente Stinger VIP"},{"@type":"BreadcrumbList","@id":"https:\/\/radarservice.eu\/pt-pt\/produto\/aviso-de-radar-vip-stinger\/#breadcrumb","itemListElement":[{"@type":"ListItem","position":1,"name":"Loja","item":"https:\/\/radarservice.eu\/pt-pt\/loja\/"},{"@type":"ListItem","position":2,"name":"AVISO DE RADAR VIP STINGER"}]},{"@type":"WebSite","@id":"https:\/\/radarservice.eu\/pt-pt\/#website","url":"https:\/\/radarservice.eu\/pt-pt\/","name":"Radar Service","description":"Radar detector Laser jammer mobile fix","publisher":{"@id":"https:\/\/radarservice.eu\/pt-pt\/#organization"},"potentialAction":[{"@type":"SearchAction","target":{"@type":"EntryPoint","urlTemplate":"https:\/\/radarservice.eu\/pt-pt\/?s={search_term_string}"},"query-input":{"@type":"PropertyValueSpecification","valueRequired":true,"valueName":"search_term_string"}}],"inLanguage":"pt-PT"},{"@type":"Organization","@id":"https:\/\/radarservice.eu\/pt-pt\/#organization","name":"RadarService","url":"https:\/\/radarservice.eu\/pt-pt\/","logo":{"@type":"ImageObject","inLanguage":"pt-PT","@id":"https:\/\/radarservice.eu\/pt-pt\/#\/schema\/logo\/image\/","url":"https:\/\/radarservice.eu\/wp-content\/uploads\/2021\/03\/Radar_detector_service.png","contentUrl":"https:\/\/radarservice.eu\/wp-content\/uploads\/2021\/03\/Radar_detector_service.png","width":174,"height":48,"caption":"RadarService"},"image":{"@id":"https:\/\/radarservice.eu\/pt-pt\/#\/schema\/logo\/image\/"}}]}},"_links":{"self":[{"href":"https:\/\/radarservice.eu\/pt-pt\/wp-json\/wp\/v2\/product\/18033","targetHints":{"allow":["GET"]}}],"collection":[{"href":"https:\/\/radarservice.eu\/pt-pt\/wp-json\/wp\/v2\/product"}],"about":[{"href":"https:\/\/radarservice.eu\/pt-pt\/wp-json\/wp\/v2\/types\/product"}],"replies":[{"embeddable":true,"href":"https:\/\/radarservice.eu\/pt-pt\/wp-json\/wp\/v2\/comments?post=18033"}],"wp:featuredmedia":[{"embeddable":true,"href":"https:\/\/radarservice.eu\/pt-pt\/wp-json\/wp\/v2\/media\/18029"}],"wp:attachment":[{"href":"https:\/\/radarservice.eu\/pt-pt\/wp-json\/wp\/v2\/media?parent=18033"}],"wp:term":[{"taxonomy":"product_brand","embeddable":true,"href":"https:\/\/radarservice.eu\/pt-pt\/wp-json\/wp\/v2\/product_brand?post=18033"},{"taxonomy":"product_cat","embeddable":true,"href":"https:\/\/radarservice.eu\/pt-pt\/wp-json\/wp\/v2\/product_cat?post=18033"},{"taxonomy":"product_tag","embeddable":true,"href":"https:\/\/radarservice.eu\/pt-pt\/wp-json\/wp\/v2\/product_tag?post=18033"}],"curies":[{"name":"wp","href":"https:\/\/api.w.org\/{rel}","templated":true}]}}