{"id":18025,"date":"2022-03-26T15:29:56","date_gmt":"2022-03-26T14:29:56","guid":{"rendered":"https:\/\/radarservice.eu\/produkt\/detector-de-radar-stinger-vip-e-fibra-optica-a-laser-stinger-freedom\/"},"modified":"2022-03-26T15:29:56","modified_gmt":"2022-03-26T14:29:56","slug":"detector-de-radar-stinger-vip-e-fibra-optica-a-laser-stinger-freedom","status":"publish","type":"product","link":"https:\/\/radarservice.eu\/pt-pt\/produto\/detector-de-radar-stinger-vip-e-fibra-optica-a-laser-stinger-freedom\/","title":{"rendered":"Detector de radar Stinger VIP e fibra \u00f3ptica a laser Stinger Freedom"},"content":{"rendered":"<h1>Instala\u00e7\u00e3o fixa do detector de radar Stinger VIP e fibra \u00f3ptica a laser Stinger Freedom<\/h1>\n<h3>Detetor de radar permanente STINGER VIP<\/h3>\n<p><strong>Detetor de radar invis\u00edvel para instala\u00e7\u00e3o oculta<\/strong><br \/>\nO Stinger VIP pode ser instalado de forma invis\u00edvel no compartimento do motor. Os avisos s\u00e3o exibidos em um moderno display colorido sens\u00edvel ao toque no interior do ve\u00edculo. Al\u00e9m disso, os sinais ac\u00fasticos de aviso soam. Se desejado, a sa\u00edda de voz tamb\u00e9m pode ser ativada para o aviso. Desta forma, o condutor n\u00e3o se distrai com o tr\u00e2nsito. Se necess\u00e1rio, o display pode ser removido do suporte magn\u00e9tico com uma m\u00e3o. <\/p>\n<p><strong>seguran\u00e7a m\u00e1xima<\/strong><br \/>\nDetectores de velocidade m\u00f3veis, pistolas a laser, medi\u00e7\u00f5es de se\u00e7\u00e3o de controle de se\u00e7\u00e3o, radar em movimento (de ve\u00edculos em movimento), radares fixos e c\u00e2meras de sem\u00e1foro s\u00e3o detectados de forma confi\u00e1vel. <\/p>\n<h3>STINGER VIP LASER<\/h3>\n<p><strong>PROTE\u00c7\u00c3O IDEAL DO LASER &#8211; COMPLETAMENTE INVIS\u00cdVEL<\/strong><br \/>\nOs lasers Stinger em fibra \u00f3tica gravam e analisam medi\u00e7\u00f5es de laser de forma confi\u00e1vel e invis\u00edvel. O receptor e os sensores de interfer\u00eancia s\u00e3o agrupados em um cabo de fibra \u00f3ptica separado com um di\u00e2metro de aproximadamente 2,7 mm (interfer\u00eancia de laser) e aproximadamente 3,2 mm (receptor de laser). Ao separar o receptor e o sensor de interfer\u00eancia, as fibras de vidro individuais podem ser instaladas de forma quase invis\u00edvel. <\/p>\n<p>Para um carro normal, s\u00e3o necess\u00e1rios pelo menos 1 receptor e 1 laser jammer (vers\u00e3o \u00fanica) para cada frente do ve\u00edculo. Para maior seguran\u00e7a e melhor cobertura, recomendamos 2 receivers e 2 jammers (VERS\u00c3O DUPLA). Para SUVs ou vans, selecione a vers\u00e3o DUAL com 2 receptores e 2 sensores de interfer\u00eancia por frente do ve\u00edculo para uma fun\u00e7\u00e3o confi\u00e1vel. <\/p>\n<p><strong>\u00c0 prova de futuro<\/strong><br \/>\nDevido \u00e0 estrutura modular, o sistema pode ser expandido com sensores adicionais para estar sempre totalmente protegido no futuro.<\/p>\n","protected":false},"excerpt":{"rendered":"<p>Instala\u00e7\u00e3o fixa do detector de radar Stinger VIP e fibra \u00f3ptica a laser Stinger Freedom Detetor de radar permanente STINGER VIP Detetor de radar invis\u00edvel para instala\u00e7\u00e3o oculta O Stinger VIP pode ser instalado de forma invis\u00edvel no compartimento do motor. Os avisos s\u00e3o exibidos em um moderno display colorido sens\u00edvel ao toque no interior [&#8230;]\n","protected":false},"featured_media":18026,"comment_status":"open","ping_status":"closed","template":"","meta":[],"product_brand":[],"product_cat":[2065,2016],"product_tag":[],"class_list":{"0":"post-18025","1":"product","2":"type-product","3":"status-publish","4":"has-post-thumbnail","6":"product_cat-pacotes-completos-recomendados","7":"product_cat-stinger-pt-pt","9":"first","10":"instock","11":"sale","12":"taxable","13":"shipping-taxable","14":"purchasable","15":"product-type-simple"},"yoast_head":"<!-- This site is optimized with the Yoast SEO plugin v27.2 - https:\/\/yoast.com\/product\/yoast-seo-wordpress\/ -->\n<title>Radar Service<\/title>\n<meta name=\"description\" content=\"Stinger VIP instala\u00e7\u00e3o permanente Detector de radar e jammer laser para instala\u00e7\u00e3o invis\u00edvel no compartimento do motor. Adequado para uso na Europa.\" \/>\n<meta name=\"robots\" content=\"index, follow, max-snippet:-1, max-image-preview:large, max-video-preview:-1\" \/>\n<link rel=\"canonical\" href=\"https:\/\/radarservice.eu\/pt-pt\/produto\/detector-de-radar-stinger-vip-e-fibra-optica-a-laser-stinger-freedom\/\" \/>\n<meta property=\"og:locale\" content=\"pt_PT\" \/>\n<meta property=\"og:type\" content=\"article\" \/>\n<meta property=\"og:description\" content=\"Stinger VIP instala\u00e7\u00e3o permanente Detector de radar e jammer laser para instala\u00e7\u00e3o invis\u00edvel no compartimento do motor. Adequado para uso na Europa.\" \/>\n<meta property=\"og:url\" content=\"https:\/\/radarservice.eu\/pt-pt\/produto\/detector-de-radar-stinger-vip-e-fibra-optica-a-laser-stinger-freedom\/\" \/>\n<meta property=\"og:site_name\" content=\"Radar Service\" \/>\n<meta property=\"og:image\" content=\"https:\/\/radarservice.eu\/wp-content\/uploads\/2020\/11\/Stinger_VIP_display.jpg\" \/>\n\t<meta property=\"og:image:width\" content=\"580\" \/>\n\t<meta property=\"og:image:height\" content=\"370\" \/>\n\t<meta property=\"og:image:type\" content=\"image\/jpeg\" \/>\n<meta name=\"twitter:card\" content=\"summary_large_image\" \/>\n<meta name=\"twitter:label1\" content=\"Tempo estimado de leitura\" \/>\n\t<meta name=\"twitter:data1\" content=\"2 minutos\" \/>\n<script type=\"application\/ld+json\" class=\"yoast-schema-graph\">{\"@context\":\"https:\/\/schema.org\",\"@graph\":[{\"@type\":\"WebPage\",\"@id\":\"https:\/\/radarservice.eu\/pt-pt\/produto\/detector-de-radar-stinger-vip-e-fibra-optica-a-laser-stinger-freedom\/\",\"url\":\"https:\/\/radarservice.eu\/pt-pt\/produto\/detector-de-radar-stinger-vip-e-fibra-optica-a-laser-stinger-freedom\/\",\"name\":\"\",\"isPartOf\":{\"@id\":\"https:\/\/radarservice.eu\/pt-pt\/#website\"},\"primaryImageOfPage\":{\"@id\":\"https:\/\/radarservice.eu\/pt-pt\/produto\/detector-de-radar-stinger-vip-e-fibra-optica-a-laser-stinger-freedom\/#primaryimage\"},\"image\":{\"@id\":\"https:\/\/radarservice.eu\/pt-pt\/produto\/detector-de-radar-stinger-vip-e-fibra-optica-a-laser-stinger-freedom\/#primaryimage\"},\"thumbnailUrl\":\"https:\/\/radarservice.eu\/wp-content\/uploads\/2020\/11\/Stinger_VIP_display.jpg\",\"datePublished\":\"2022-03-26T14:29:56+00:00\",\"description\":\"Stinger VIP instala\u00e7\u00e3o permanente Detector de radar e jammer laser para instala\u00e7\u00e3o invis\u00edvel no compartimento do motor. Adequado para uso na Europa.\",\"breadcrumb\":{\"@id\":\"https:\/\/radarservice.eu\/pt-pt\/produto\/detector-de-radar-stinger-vip-e-fibra-optica-a-laser-stinger-freedom\/#breadcrumb\"},\"inLanguage\":\"pt-PT\",\"potentialAction\":[{\"@type\":\"ReadAction\",\"target\":[\"https:\/\/radarservice.eu\/pt-pt\/produto\/detector-de-radar-stinger-vip-e-fibra-optica-a-laser-stinger-freedom\/\"]}]},{\"@type\":\"ImageObject\",\"inLanguage\":\"pt-PT\",\"@id\":\"https:\/\/radarservice.eu\/pt-pt\/produto\/detector-de-radar-stinger-vip-e-fibra-optica-a-laser-stinger-freedom\/#primaryimage\",\"url\":\"https:\/\/radarservice.eu\/wp-content\/uploads\/2020\/11\/Stinger_VIP_display.jpg\",\"contentUrl\":\"https:\/\/radarservice.eu\/wp-content\/uploads\/2020\/11\/Stinger_VIP_display.jpg\",\"width\":580,\"height\":370,\"caption\":\"Detector de radar de instala\u00e7\u00e3o fixa Stinger VIP + laser jammer\"},{\"@type\":\"BreadcrumbList\",\"@id\":\"https:\/\/radarservice.eu\/pt-pt\/produto\/detector-de-radar-stinger-vip-e-fibra-optica-a-laser-stinger-freedom\/#breadcrumb\",\"itemListElement\":[{\"@type\":\"ListItem\",\"position\":1,\"name\":\"Loja\",\"item\":\"https:\/\/radarservice.eu\/pt-pt\/loja\/\"},{\"@type\":\"ListItem\",\"position\":2,\"name\":\"Detector de radar Stinger VIP e fibra \u00f3ptica a laser Stinger Freedom\"}]},{\"@type\":\"WebSite\",\"@id\":\"https:\/\/radarservice.eu\/pt-pt\/#website\",\"url\":\"https:\/\/radarservice.eu\/pt-pt\/\",\"name\":\"Radar Service\",\"description\":\"Radar detector Laser jammer mobile fix\",\"publisher\":{\"@id\":\"https:\/\/radarservice.eu\/pt-pt\/#organization\"},\"potentialAction\":[{\"@type\":\"SearchAction\",\"target\":{\"@type\":\"EntryPoint\",\"urlTemplate\":\"https:\/\/radarservice.eu\/pt-pt\/?s={search_term_string}\"},\"query-input\":{\"@type\":\"PropertyValueSpecification\",\"valueRequired\":true,\"valueName\":\"search_term_string\"}}],\"inLanguage\":\"pt-PT\"},{\"@type\":\"Organization\",\"@id\":\"https:\/\/radarservice.eu\/pt-pt\/#organization\",\"name\":\"RadarService\",\"url\":\"https:\/\/radarservice.eu\/pt-pt\/\",\"logo\":{\"@type\":\"ImageObject\",\"inLanguage\":\"pt-PT\",\"@id\":\"https:\/\/radarservice.eu\/pt-pt\/#\/schema\/logo\/image\/\",\"url\":\"https:\/\/radarservice.eu\/wp-content\/uploads\/2021\/03\/Radar_detector_service.png\",\"contentUrl\":\"https:\/\/radarservice.eu\/wp-content\/uploads\/2021\/03\/Radar_detector_service.png\",\"width\":174,\"height\":48,\"caption\":\"RadarService\"},\"image\":{\"@id\":\"https:\/\/radarservice.eu\/pt-pt\/#\/schema\/logo\/image\/\"}}]}<\/script>\n<!-- \/ Yoast SEO plugin. -->","yoast_head_json":{"title":"Radar Service","description":"Stinger VIP instala\u00e7\u00e3o permanente Detector de radar e jammer laser para instala\u00e7\u00e3o invis\u00edvel no compartimento do motor. Adequado para uso na Europa.","robots":{"index":"index","follow":"follow","max-snippet":"max-snippet:-1","max-image-preview":"max-image-preview:large","max-video-preview":"max-video-preview:-1"},"canonical":"https:\/\/radarservice.eu\/pt-pt\/produto\/detector-de-radar-stinger-vip-e-fibra-optica-a-laser-stinger-freedom\/","og_locale":"pt_PT","og_type":"article","og_description":"Stinger VIP instala\u00e7\u00e3o permanente Detector de radar e jammer laser para instala\u00e7\u00e3o invis\u00edvel no compartimento do motor. Adequado para uso na Europa.","og_url":"https:\/\/radarservice.eu\/pt-pt\/produto\/detector-de-radar-stinger-vip-e-fibra-optica-a-laser-stinger-freedom\/","og_site_name":"Radar Service","og_image":[{"width":580,"height":370,"url":"https:\/\/radarservice.eu\/wp-content\/uploads\/2020\/11\/Stinger_VIP_display.jpg","type":"image\/jpeg"}],"twitter_card":"summary_large_image","twitter_misc":{"Tempo estimado de leitura":"2 minutos"},"schema":{"@context":"https:\/\/schema.org","@graph":[{"@type":"WebPage","@id":"https:\/\/radarservice.eu\/pt-pt\/produto\/detector-de-radar-stinger-vip-e-fibra-optica-a-laser-stinger-freedom\/","url":"https:\/\/radarservice.eu\/pt-pt\/produto\/detector-de-radar-stinger-vip-e-fibra-optica-a-laser-stinger-freedom\/","name":"","isPartOf":{"@id":"https:\/\/radarservice.eu\/pt-pt\/#website"},"primaryImageOfPage":{"@id":"https:\/\/radarservice.eu\/pt-pt\/produto\/detector-de-radar-stinger-vip-e-fibra-optica-a-laser-stinger-freedom\/#primaryimage"},"image":{"@id":"https:\/\/radarservice.eu\/pt-pt\/produto\/detector-de-radar-stinger-vip-e-fibra-optica-a-laser-stinger-freedom\/#primaryimage"},"thumbnailUrl":"https:\/\/radarservice.eu\/wp-content\/uploads\/2020\/11\/Stinger_VIP_display.jpg","datePublished":"2022-03-26T14:29:56+00:00","description":"Stinger VIP instala\u00e7\u00e3o permanente Detector de radar e jammer laser para instala\u00e7\u00e3o invis\u00edvel no compartimento do motor. Adequado para uso na Europa.","breadcrumb":{"@id":"https:\/\/radarservice.eu\/pt-pt\/produto\/detector-de-radar-stinger-vip-e-fibra-optica-a-laser-stinger-freedom\/#breadcrumb"},"inLanguage":"pt-PT","potentialAction":[{"@type":"ReadAction","target":["https:\/\/radarservice.eu\/pt-pt\/produto\/detector-de-radar-stinger-vip-e-fibra-optica-a-laser-stinger-freedom\/"]}]},{"@type":"ImageObject","inLanguage":"pt-PT","@id":"https:\/\/radarservice.eu\/pt-pt\/produto\/detector-de-radar-stinger-vip-e-fibra-optica-a-laser-stinger-freedom\/#primaryimage","url":"https:\/\/radarservice.eu\/wp-content\/uploads\/2020\/11\/Stinger_VIP_display.jpg","contentUrl":"https:\/\/radarservice.eu\/wp-content\/uploads\/2020\/11\/Stinger_VIP_display.jpg","width":580,"height":370,"caption":"Detector de radar de instala\u00e7\u00e3o fixa Stinger VIP + laser jammer"},{"@type":"BreadcrumbList","@id":"https:\/\/radarservice.eu\/pt-pt\/produto\/detector-de-radar-stinger-vip-e-fibra-optica-a-laser-stinger-freedom\/#breadcrumb","itemListElement":[{"@type":"ListItem","position":1,"name":"Loja","item":"https:\/\/radarservice.eu\/pt-pt\/loja\/"},{"@type":"ListItem","position":2,"name":"Detector de radar Stinger VIP e fibra \u00f3ptica a laser Stinger Freedom"}]},{"@type":"WebSite","@id":"https:\/\/radarservice.eu\/pt-pt\/#website","url":"https:\/\/radarservice.eu\/pt-pt\/","name":"Radar Service","description":"Radar detector Laser jammer mobile fix","publisher":{"@id":"https:\/\/radarservice.eu\/pt-pt\/#organization"},"potentialAction":[{"@type":"SearchAction","target":{"@type":"EntryPoint","urlTemplate":"https:\/\/radarservice.eu\/pt-pt\/?s={search_term_string}"},"query-input":{"@type":"PropertyValueSpecification","valueRequired":true,"valueName":"search_term_string"}}],"inLanguage":"pt-PT"},{"@type":"Organization","@id":"https:\/\/radarservice.eu\/pt-pt\/#organization","name":"RadarService","url":"https:\/\/radarservice.eu\/pt-pt\/","logo":{"@type":"ImageObject","inLanguage":"pt-PT","@id":"https:\/\/radarservice.eu\/pt-pt\/#\/schema\/logo\/image\/","url":"https:\/\/radarservice.eu\/wp-content\/uploads\/2021\/03\/Radar_detector_service.png","contentUrl":"https:\/\/radarservice.eu\/wp-content\/uploads\/2021\/03\/Radar_detector_service.png","width":174,"height":48,"caption":"RadarService"},"image":{"@id":"https:\/\/radarservice.eu\/pt-pt\/#\/schema\/logo\/image\/"}}]}},"_links":{"self":[{"href":"https:\/\/radarservice.eu\/pt-pt\/wp-json\/wp\/v2\/product\/18025","targetHints":{"allow":["GET"]}}],"collection":[{"href":"https:\/\/radarservice.eu\/pt-pt\/wp-json\/wp\/v2\/product"}],"about":[{"href":"https:\/\/radarservice.eu\/pt-pt\/wp-json\/wp\/v2\/types\/product"}],"replies":[{"embeddable":true,"href":"https:\/\/radarservice.eu\/pt-pt\/wp-json\/wp\/v2\/comments?post=18025"}],"wp:featuredmedia":[{"embeddable":true,"href":"https:\/\/radarservice.eu\/pt-pt\/wp-json\/wp\/v2\/media\/18026"}],"wp:attachment":[{"href":"https:\/\/radarservice.eu\/pt-pt\/wp-json\/wp\/v2\/media?parent=18025"}],"wp:term":[{"taxonomy":"product_brand","embeddable":true,"href":"https:\/\/radarservice.eu\/pt-pt\/wp-json\/wp\/v2\/product_brand?post=18025"},{"taxonomy":"product_cat","embeddable":true,"href":"https:\/\/radarservice.eu\/pt-pt\/wp-json\/wp\/v2\/product_cat?post=18025"},{"taxonomy":"product_tag","embeddable":true,"href":"https:\/\/radarservice.eu\/pt-pt\/wp-json\/wp\/v2\/product_tag?post=18025"}],"curies":[{"name":"wp","href":"https:\/\/api.w.org\/{rel}","templated":true}]}}