{"id":18017,"date":"2022-03-26T15:21:47","date_gmt":"2022-03-26T14:21:47","guid":{"rendered":"https:\/\/radarservice.eu\/produkt\/jammer-laser-target-lasertrack-flare\/"},"modified":"2022-03-26T16:07:41","modified_gmt":"2022-03-26T15:07:41","slug":"jammer-laser-target-lasertrack-flare","status":"publish","type":"product","link":"https:\/\/radarservice.eu\/pt-pt\/produto\/jammer-laser-target-lasertrack-flare\/","title":{"rendered":"Jammer laser Target Lasertrack Flare"},"content":{"rendered":"<h1>Jammer Laser Mira Lasertrack Flare<\/h1>\n<h3>LaserTrack Flare &#8211; bloqueador de laser definitivo contra armas a laser<\/h3>\n<p>LaserTrack Flare \u00e9 um controle remoto inovador e multifuncional para abertura de garagem e port\u00e3o, combinado com a mais avan\u00e7ada tecnologia para prote\u00e7\u00e3o de medi\u00e7\u00e3o a laser. Como um abridor de port\u00e3o, o LaserTrack Flare pode ser adquirido legalmente e usado em qualquer lugar do mundo.<\/p>\n<p><strong>Jammer\/bloqueador de laser<\/strong><br \/>\nOs sensores a laser do LaserTrack Flare s\u00e3o poderosos e muito pequenos. Isso permite que os sensores sejam instalados discretamente na grade do radiador.<br \/>\nCom a fun\u00e7\u00e3o de jammer a laser ativada, seu ve\u00edculo fica protegido contra medi\u00e7\u00f5es de velocidade com um dispositivo de medi\u00e7\u00e3o a laser ou uma pistola a laser. Assim que uma medi\u00e7\u00e3o \u00e9 detectada, o LaserTrack Flare ativa um escudo protetor e o ve\u00edculo n\u00e3o pode ser medido. Um sinal de aviso ac\u00fastico e \u00f3ptico no display indica que o modo de prote\u00e7\u00e3o contra lasers est\u00e1 ativo e que, portanto, nenhuma medi\u00e7\u00e3o de velocidade pode ser realizada com a pistola a laser. Ap\u00f3s 4 segundos, o modo de prote\u00e7\u00e3o \u00e9 desativado e o ve\u00edculo pode ser medido. Nesses 4 segundos voc\u00ea tem tempo suficiente para adaptar sua velocidade.<\/p>\n<p><strong>Nova tecnologia APR<\/strong><br \/>\nA tecnologia APR calcula individualmente a taxa de pulso enquanto interfere na medi\u00e7\u00e3o a laser. Como resultado, o Lasertrack Flare System permanece indetect\u00e1vel e n\u00e3o pode ser detectado pela pol\u00edcia.<\/p>\n","protected":false},"excerpt":{"rendered":"<p>Jammer Laser Mira Lasertrack Flare LaserTrack Flare &#8211; bloqueador de laser definitivo contra armas a laser LaserTrack Flare \u00e9 um controle remoto inovador e multifuncional para abertura de garagem e port\u00e3o, combinado com a mais avan\u00e7ada tecnologia para prote\u00e7\u00e3o de medi\u00e7\u00e3o a laser. Como um abridor de port\u00e3o, o LaserTrack Flare pode ser adquirido legalmente [&#8230;]\n","protected":false},"featured_media":18020,"comment_status":"open","ping_status":"closed","template":"","meta":[],"product_brand":[],"product_cat":[2042,2020],"product_tag":[],"class_list":{"0":"post-18017","1":"product","2":"type-product","3":"status-publish","4":"has-post-thumbnail","6":"product_cat-bloqueador-de-laser","7":"product_cat-target-pt-pt","9":"first","10":"instock","11":"sale","12":"taxable","13":"shipping-taxable","14":"purchasable","15":"product-type-variable","16":"has-default-attributes"},"yoast_head":"<!-- This site is optimized with the Yoast SEO plugin v27.2 - https:\/\/yoast.com\/product\/yoast-seo-wordpress\/ -->\n<title>Jammer laser Target Lasertrack Flare | Radar Service<\/title>\n<meta name=\"description\" content=\"Jammer laser Target Lasertrack Flare | Radar Service\" \/>\n<meta name=\"robots\" content=\"index, follow, max-snippet:-1, max-image-preview:large, max-video-preview:-1\" \/>\n<link rel=\"canonical\" href=\"https:\/\/radarservice.eu\/pt-pt\/produto\/jammer-laser-target-lasertrack-flare\/\" \/>\n<meta property=\"og:locale\" content=\"pt_PT\" \/>\n<meta property=\"og:type\" content=\"article\" \/>\n<meta property=\"og:title\" content=\"Jammer laser Target Lasertrack Flare | Radar Service\" \/>\n<meta property=\"og:description\" content=\"Jammer laser Target Lasertrack Flare | Radar Service\" \/>\n<meta property=\"og:url\" content=\"https:\/\/radarservice.eu\/pt-pt\/produto\/jammer-laser-target-lasertrack-flare\/\" \/>\n<meta property=\"og:site_name\" content=\"Radar Service\" \/>\n<meta property=\"article:modified_time\" content=\"2022-03-26T15:07:41+00:00\" \/>\n<meta property=\"og:image\" content=\"https:\/\/radarservice.eu\/wp-content\/uploads\/2020\/11\/Target_Lasertrack_Anti_laser_Jammer.jpg\" \/>\n\t<meta property=\"og:image:width\" content=\"1200\" \/>\n\t<meta property=\"og:image:height\" content=\"800\" \/>\n\t<meta property=\"og:image:type\" content=\"image\/jpeg\" \/>\n<meta name=\"twitter:card\" content=\"summary_large_image\" \/>\n<meta name=\"twitter:label1\" content=\"Tempo estimado de leitura\" \/>\n\t<meta name=\"twitter:data1\" content=\"1 minuto\" \/>\n<script type=\"application\/ld+json\" class=\"yoast-schema-graph\">{\"@context\":\"https:\/\/schema.org\",\"@graph\":[{\"@type\":\"WebPage\",\"@id\":\"https:\/\/radarservice.eu\/pt-pt\/produto\/jammer-laser-target-lasertrack-flare\/\",\"url\":\"https:\/\/radarservice.eu\/pt-pt\/produto\/jammer-laser-target-lasertrack-flare\/\",\"name\":\"Jammer laser Target Lasertrack Flare | Radar Service\",\"isPartOf\":{\"@id\":\"https:\/\/radarservice.eu\/pt-pt\/#website\"},\"primaryImageOfPage\":{\"@id\":\"https:\/\/radarservice.eu\/pt-pt\/produto\/jammer-laser-target-lasertrack-flare\/#primaryimage\"},\"image\":{\"@id\":\"https:\/\/radarservice.eu\/pt-pt\/produto\/jammer-laser-target-lasertrack-flare\/#primaryimage\"},\"thumbnailUrl\":\"https:\/\/radarservice.eu\/wp-content\/uploads\/2020\/11\/Target_Lasertrack_Anti_laser_Jammer.jpg\",\"datePublished\":\"2022-03-26T14:21:47+00:00\",\"dateModified\":\"2022-03-26T15:07:41+00:00\",\"description\":\"Jammer laser Target Lasertrack Flare | Radar Service\",\"breadcrumb\":{\"@id\":\"https:\/\/radarservice.eu\/pt-pt\/produto\/jammer-laser-target-lasertrack-flare\/#breadcrumb\"},\"inLanguage\":\"pt-PT\",\"potentialAction\":[{\"@type\":\"ReadAction\",\"target\":[\"https:\/\/radarservice.eu\/pt-pt\/produto\/jammer-laser-target-lasertrack-flare\/\"]}]},{\"@type\":\"ImageObject\",\"inLanguage\":\"pt-PT\",\"@id\":\"https:\/\/radarservice.eu\/pt-pt\/produto\/jammer-laser-target-lasertrack-flare\/#primaryimage\",\"url\":\"https:\/\/radarservice.eu\/wp-content\/uploads\/2020\/11\/Target_Lasertrack_Anti_laser_Jammer.jpg\",\"contentUrl\":\"https:\/\/radarservice.eu\/wp-content\/uploads\/2020\/11\/Target_Lasertrack_Anti_laser_Jammer.jpg\",\"width\":1200,\"height\":800,\"caption\":\"Bloqueador de laser Target Lasertrack Antilaser Jammer\"},{\"@type\":\"BreadcrumbList\",\"@id\":\"https:\/\/radarservice.eu\/pt-pt\/produto\/jammer-laser-target-lasertrack-flare\/#breadcrumb\",\"itemListElement\":[{\"@type\":\"ListItem\",\"position\":1,\"name\":\"Loja\",\"item\":\"https:\/\/radarservice.eu\/pt-pt\/loja\/\"},{\"@type\":\"ListItem\",\"position\":2,\"name\":\"Jammer laser Target Lasertrack Flare\"}]},{\"@type\":\"WebSite\",\"@id\":\"https:\/\/radarservice.eu\/pt-pt\/#website\",\"url\":\"https:\/\/radarservice.eu\/pt-pt\/\",\"name\":\"Radar Service\",\"description\":\"Radar detector Laser jammer mobile fix\",\"publisher\":{\"@id\":\"https:\/\/radarservice.eu\/pt-pt\/#organization\"},\"potentialAction\":[{\"@type\":\"SearchAction\",\"target\":{\"@type\":\"EntryPoint\",\"urlTemplate\":\"https:\/\/radarservice.eu\/pt-pt\/?s={search_term_string}\"},\"query-input\":{\"@type\":\"PropertyValueSpecification\",\"valueRequired\":true,\"valueName\":\"search_term_string\"}}],\"inLanguage\":\"pt-PT\"},{\"@type\":\"Organization\",\"@id\":\"https:\/\/radarservice.eu\/pt-pt\/#organization\",\"name\":\"RadarService\",\"url\":\"https:\/\/radarservice.eu\/pt-pt\/\",\"logo\":{\"@type\":\"ImageObject\",\"inLanguage\":\"pt-PT\",\"@id\":\"https:\/\/radarservice.eu\/pt-pt\/#\/schema\/logo\/image\/\",\"url\":\"https:\/\/radarservice.eu\/wp-content\/uploads\/2021\/03\/Radar_detector_service.png\",\"contentUrl\":\"https:\/\/radarservice.eu\/wp-content\/uploads\/2021\/03\/Radar_detector_service.png\",\"width\":174,\"height\":48,\"caption\":\"RadarService\"},\"image\":{\"@id\":\"https:\/\/radarservice.eu\/pt-pt\/#\/schema\/logo\/image\/\"}}]}<\/script>\n<!-- \/ Yoast SEO plugin. -->","yoast_head_json":{"title":"Jammer laser Target Lasertrack Flare | Radar Service","description":"Jammer laser Target Lasertrack Flare | Radar Service","robots":{"index":"index","follow":"follow","max-snippet":"max-snippet:-1","max-image-preview":"max-image-preview:large","max-video-preview":"max-video-preview:-1"},"canonical":"https:\/\/radarservice.eu\/pt-pt\/produto\/jammer-laser-target-lasertrack-flare\/","og_locale":"pt_PT","og_type":"article","og_title":"Jammer laser Target Lasertrack Flare | Radar Service","og_description":"Jammer laser Target Lasertrack Flare | Radar Service","og_url":"https:\/\/radarservice.eu\/pt-pt\/produto\/jammer-laser-target-lasertrack-flare\/","og_site_name":"Radar Service","article_modified_time":"2022-03-26T15:07:41+00:00","og_image":[{"width":1200,"height":800,"url":"https:\/\/radarservice.eu\/wp-content\/uploads\/2020\/11\/Target_Lasertrack_Anti_laser_Jammer.jpg","type":"image\/jpeg"}],"twitter_card":"summary_large_image","twitter_misc":{"Tempo estimado de leitura":"1 minuto"},"schema":{"@context":"https:\/\/schema.org","@graph":[{"@type":"WebPage","@id":"https:\/\/radarservice.eu\/pt-pt\/produto\/jammer-laser-target-lasertrack-flare\/","url":"https:\/\/radarservice.eu\/pt-pt\/produto\/jammer-laser-target-lasertrack-flare\/","name":"Jammer laser Target Lasertrack Flare | Radar Service","isPartOf":{"@id":"https:\/\/radarservice.eu\/pt-pt\/#website"},"primaryImageOfPage":{"@id":"https:\/\/radarservice.eu\/pt-pt\/produto\/jammer-laser-target-lasertrack-flare\/#primaryimage"},"image":{"@id":"https:\/\/radarservice.eu\/pt-pt\/produto\/jammer-laser-target-lasertrack-flare\/#primaryimage"},"thumbnailUrl":"https:\/\/radarservice.eu\/wp-content\/uploads\/2020\/11\/Target_Lasertrack_Anti_laser_Jammer.jpg","datePublished":"2022-03-26T14:21:47+00:00","dateModified":"2022-03-26T15:07:41+00:00","description":"Jammer laser Target Lasertrack Flare | Radar Service","breadcrumb":{"@id":"https:\/\/radarservice.eu\/pt-pt\/produto\/jammer-laser-target-lasertrack-flare\/#breadcrumb"},"inLanguage":"pt-PT","potentialAction":[{"@type":"ReadAction","target":["https:\/\/radarservice.eu\/pt-pt\/produto\/jammer-laser-target-lasertrack-flare\/"]}]},{"@type":"ImageObject","inLanguage":"pt-PT","@id":"https:\/\/radarservice.eu\/pt-pt\/produto\/jammer-laser-target-lasertrack-flare\/#primaryimage","url":"https:\/\/radarservice.eu\/wp-content\/uploads\/2020\/11\/Target_Lasertrack_Anti_laser_Jammer.jpg","contentUrl":"https:\/\/radarservice.eu\/wp-content\/uploads\/2020\/11\/Target_Lasertrack_Anti_laser_Jammer.jpg","width":1200,"height":800,"caption":"Bloqueador de laser Target Lasertrack Antilaser Jammer"},{"@type":"BreadcrumbList","@id":"https:\/\/radarservice.eu\/pt-pt\/produto\/jammer-laser-target-lasertrack-flare\/#breadcrumb","itemListElement":[{"@type":"ListItem","position":1,"name":"Loja","item":"https:\/\/radarservice.eu\/pt-pt\/loja\/"},{"@type":"ListItem","position":2,"name":"Jammer laser Target Lasertrack Flare"}]},{"@type":"WebSite","@id":"https:\/\/radarservice.eu\/pt-pt\/#website","url":"https:\/\/radarservice.eu\/pt-pt\/","name":"Radar Service","description":"Radar detector Laser jammer mobile fix","publisher":{"@id":"https:\/\/radarservice.eu\/pt-pt\/#organization"},"potentialAction":[{"@type":"SearchAction","target":{"@type":"EntryPoint","urlTemplate":"https:\/\/radarservice.eu\/pt-pt\/?s={search_term_string}"},"query-input":{"@type":"PropertyValueSpecification","valueRequired":true,"valueName":"search_term_string"}}],"inLanguage":"pt-PT"},{"@type":"Organization","@id":"https:\/\/radarservice.eu\/pt-pt\/#organization","name":"RadarService","url":"https:\/\/radarservice.eu\/pt-pt\/","logo":{"@type":"ImageObject","inLanguage":"pt-PT","@id":"https:\/\/radarservice.eu\/pt-pt\/#\/schema\/logo\/image\/","url":"https:\/\/radarservice.eu\/wp-content\/uploads\/2021\/03\/Radar_detector_service.png","contentUrl":"https:\/\/radarservice.eu\/wp-content\/uploads\/2021\/03\/Radar_detector_service.png","width":174,"height":48,"caption":"RadarService"},"image":{"@id":"https:\/\/radarservice.eu\/pt-pt\/#\/schema\/logo\/image\/"}}]}},"_links":{"self":[{"href":"https:\/\/radarservice.eu\/pt-pt\/wp-json\/wp\/v2\/product\/18017","targetHints":{"allow":["GET"]}}],"collection":[{"href":"https:\/\/radarservice.eu\/pt-pt\/wp-json\/wp\/v2\/product"}],"about":[{"href":"https:\/\/radarservice.eu\/pt-pt\/wp-json\/wp\/v2\/types\/product"}],"replies":[{"embeddable":true,"href":"https:\/\/radarservice.eu\/pt-pt\/wp-json\/wp\/v2\/comments?post=18017"}],"wp:featuredmedia":[{"embeddable":true,"href":"https:\/\/radarservice.eu\/pt-pt\/wp-json\/wp\/v2\/media\/18020"}],"wp:attachment":[{"href":"https:\/\/radarservice.eu\/pt-pt\/wp-json\/wp\/v2\/media?parent=18017"}],"wp:term":[{"taxonomy":"product_brand","embeddable":true,"href":"https:\/\/radarservice.eu\/pt-pt\/wp-json\/wp\/v2\/product_brand?post=18017"},{"taxonomy":"product_cat","embeddable":true,"href":"https:\/\/radarservice.eu\/pt-pt\/wp-json\/wp\/v2\/product_cat?post=18017"},{"taxonomy":"product_tag","embeddable":true,"href":"https:\/\/radarservice.eu\/pt-pt\/wp-json\/wp\/v2\/product_tag?post=18017"}],"curies":[{"name":"wp","href":"https:\/\/api.w.org\/{rel}","templated":true}]}}