{"id":18013,"date":"2022-03-26T15:19:36","date_gmt":"2022-03-26T14:19:36","guid":{"rendered":"https:\/\/radarservice.eu\/produkt\/suporte-de-placa-de-licenca-oculto-lasertrack-flare\/"},"modified":"2025-06-20T05:10:27","modified_gmt":"2025-06-20T03:10:27","slug":"suporte-de-placa-de-licenca-oculto-lasertrack-flare","status":"publish","type":"product","link":"https:\/\/radarservice.eu\/pt-pt\/produto\/suporte-de-placa-de-licenca-oculto-lasertrack-flare\/","title":{"rendered":"Suporte de placa de licen\u00e7a oculto Lasertrack Flare"},"content":{"rendered":"<h1>Alvo Lasertrack Flare escondido de forma invis\u00edvel no suporte da placa<\/h1>\n<p><strong>LaserTrack Flare invis\u00edvel no suporte da placa<\/strong><br \/>\nOs sensores novos e muito pequenos do LaserTrack Flare s\u00e3o integrados de forma invis\u00edvel em um suporte de placa. Isso permite uma instala\u00e7\u00e3o f\u00e1cil e discreta em quase todos os ve\u00edculos. Para fazer isso, o antigo suporte da placa de licen\u00e7a \u00e9 simplesmente substitu\u00eddo pelo novo suporte com os sensores de interfer\u00eancia integrados. <\/p>\n<p><strong>Tecnologia anti-laser LaserTrack Flare<\/strong><br \/>\nSofisticado e muito pequeno, o LaserTrack Flare \u00e9 equipado com a mesma tecnologia que \u00e9 usada nas pistolas laser da pol\u00edcia e oferece a voc\u00ea, usu\u00e1rio, uma grande vantagem. O sistema distingue com muita precis\u00e3o os sinais individuais dos muitos dispositivos de medi\u00e7\u00e3o a laser e as pistolas a laser usadas pela pol\u00edcia.<\/p>\n<p><strong>Opera\u00e7\u00e3o legal como port\u00e3o e abridor de garagem<\/strong><br \/>\nQuando entregue, o LaserTrack Flare tem uma fun\u00e7\u00e3o de abertura de port\u00e3o e abertura de garagem ativada. Esse recurso \u00e9 permitido em qualquer lugar do mundo e, portanto, permite a compra e instala\u00e7\u00e3o legal. <\/p>\n<p><strong>Fun\u00e7\u00e3o de bloqueador de laser\/jammer<\/strong><br \/>\nCom a fun\u00e7\u00e3o de jammer a laser ativada, seu ve\u00edculo fica protegido contra medi\u00e7\u00f5es de velocidade com um dispositivo de medi\u00e7\u00e3o a laser ou uma pistola a laser. Assim que uma medi\u00e7\u00e3o \u00e9 detectada, o LaserTrack Flare ativa um escudo protetor e o ve\u00edculo n\u00e3o pode ser medido. Um sinal de aviso ac\u00fastico e \u00f3ptico no display indica que o modo de prote\u00e7\u00e3o contra lasers est\u00e1 ativo e que, portanto, nenhuma medi\u00e7\u00e3o de velocidade pode ser realizada com a pistola a laser. Ap\u00f3s 4 segundos, o modo de prote\u00e7\u00e3o \u00e9 desativado e o ve\u00edculo pode ser medido. Nesses 4 segundos voc\u00ea tem tempo suficiente para adaptar sua velocidade. <\/p>\n","protected":false},"excerpt":{"rendered":"<p>Alvo Lasertrack Flare escondido de forma invis\u00edvel no suporte da placa LaserTrack Flare invis\u00edvel no suporte da placa Os sensores novos e muito pequenos do LaserTrack Flare s\u00e3o integrados de forma invis\u00edvel em um suporte de placa. Isso permite uma instala\u00e7\u00e3o f\u00e1cil e discreta em quase todos os ve\u00edculos. Para fazer isso, o antigo suporte [&#8230;]\n","protected":false},"featured_media":18014,"comment_status":"open","ping_status":"closed","template":"","meta":[],"product_brand":[],"product_cat":[2042,2064,2020],"product_tag":[],"class_list":{"0":"post-18013","1":"product","2":"type-product","3":"status-publish","4":"has-post-thumbnail","6":"product_cat-bloqueador-de-laser","7":"product_cat-bloqueadores-recomendados","8":"product_cat-target-pt-pt","10":"first","11":"instock","12":"sale","13":"taxable","14":"shipping-taxable","15":"purchasable","16":"product-type-variable","17":"has-default-attributes"},"yoast_head":"<!-- This site is optimized with the Yoast SEO plugin v27.2 - https:\/\/yoast.com\/product\/yoast-seo-wordpress\/ -->\n<title>Radar Service<\/title>\n<meta name=\"description\" content=\"Os sensores novos e muito pequenos do laser Jammer LaserTrack Flare s\u00e3o integrados de forma invis\u00edvel em um suporte de placa.\" \/>\n<meta name=\"robots\" content=\"index, follow, max-snippet:-1, max-image-preview:large, max-video-preview:-1\" \/>\n<link rel=\"canonical\" href=\"https:\/\/radarservice.eu\/pt-pt\/produto\/suporte-de-placa-de-licenca-oculto-lasertrack-flare\/\" \/>\n<meta property=\"og:locale\" content=\"pt_PT\" \/>\n<meta property=\"og:type\" content=\"article\" \/>\n<meta property=\"og:description\" content=\"Os sensores novos e muito pequenos do laser Jammer LaserTrack Flare s\u00e3o integrados de forma invis\u00edvel em um suporte de placa.\" \/>\n<meta property=\"og:url\" content=\"https:\/\/radarservice.eu\/pt-pt\/produto\/suporte-de-placa-de-licenca-oculto-lasertrack-flare\/\" \/>\n<meta property=\"og:site_name\" content=\"Radar Service\" \/>\n<meta property=\"article:modified_time\" content=\"2025-06-20T03:10:27+00:00\" \/>\n<meta property=\"og:image\" content=\"https:\/\/radarservice.eu\/wp-content\/uploads\/2020\/09\/Lasertrack-Flare-Nummernschild.jpg\" \/>\n\t<meta property=\"og:image:width\" content=\"1900\" \/>\n\t<meta property=\"og:image:height\" content=\"1267\" \/>\n\t<meta property=\"og:image:type\" content=\"image\/jpeg\" \/>\n<meta name=\"twitter:card\" content=\"summary_large_image\" \/>\n<meta name=\"twitter:label1\" content=\"Tempo estimado de leitura\" \/>\n\t<meta name=\"twitter:data1\" content=\"2 minutos\" \/>\n<script type=\"application\/ld+json\" class=\"yoast-schema-graph\">{\"@context\":\"https:\/\/schema.org\",\"@graph\":[{\"@type\":\"WebPage\",\"@id\":\"https:\/\/radarservice.eu\/pt-pt\/produto\/suporte-de-placa-de-licenca-oculto-lasertrack-flare\/\",\"url\":\"https:\/\/radarservice.eu\/pt-pt\/produto\/suporte-de-placa-de-licenca-oculto-lasertrack-flare\/\",\"name\":\"\",\"isPartOf\":{\"@id\":\"https:\/\/radarservice.eu\/pt-pt\/#website\"},\"primaryImageOfPage\":{\"@id\":\"https:\/\/radarservice.eu\/pt-pt\/produto\/suporte-de-placa-de-licenca-oculto-lasertrack-flare\/#primaryimage\"},\"image\":{\"@id\":\"https:\/\/radarservice.eu\/pt-pt\/produto\/suporte-de-placa-de-licenca-oculto-lasertrack-flare\/#primaryimage\"},\"thumbnailUrl\":\"https:\/\/radarservice.eu\/wp-content\/uploads\/2020\/09\/Lasertrack-Flare-Nummernschild.jpg\",\"datePublished\":\"2022-03-26T14:19:36+00:00\",\"dateModified\":\"2025-06-20T03:10:27+00:00\",\"description\":\"Os sensores novos e muito pequenos do laser Jammer LaserTrack Flare s\u00e3o integrados de forma invis\u00edvel em um suporte de placa.\",\"breadcrumb\":{\"@id\":\"https:\/\/radarservice.eu\/pt-pt\/produto\/suporte-de-placa-de-licenca-oculto-lasertrack-flare\/#breadcrumb\"},\"inLanguage\":\"pt-PT\",\"potentialAction\":[{\"@type\":\"ReadAction\",\"target\":[\"https:\/\/radarservice.eu\/pt-pt\/produto\/suporte-de-placa-de-licenca-oculto-lasertrack-flare\/\"]}]},{\"@type\":\"ImageObject\",\"inLanguage\":\"pt-PT\",\"@id\":\"https:\/\/radarservice.eu\/pt-pt\/produto\/suporte-de-placa-de-licenca-oculto-lasertrack-flare\/#primaryimage\",\"url\":\"https:\/\/radarservice.eu\/wp-content\/uploads\/2020\/09\/Lasertrack-Flare-Nummernschild.jpg\",\"contentUrl\":\"https:\/\/radarservice.eu\/wp-content\/uploads\/2020\/09\/Lasertrack-Flare-Nummernschild.jpg\",\"width\":1900,\"height\":1267,\"caption\":\"Placa de licen\u00e7a de alargamento de faixa de laser\"},{\"@type\":\"BreadcrumbList\",\"@id\":\"https:\/\/radarservice.eu\/pt-pt\/produto\/suporte-de-placa-de-licenca-oculto-lasertrack-flare\/#breadcrumb\",\"itemListElement\":[{\"@type\":\"ListItem\",\"position\":1,\"name\":\"Loja\",\"item\":\"https:\/\/radarservice.eu\/pt-pt\/loja\/\"},{\"@type\":\"ListItem\",\"position\":2,\"name\":\"Suporte de placa de licen\u00e7a oculto Lasertrack Flare\"}]},{\"@type\":\"WebSite\",\"@id\":\"https:\/\/radarservice.eu\/pt-pt\/#website\",\"url\":\"https:\/\/radarservice.eu\/pt-pt\/\",\"name\":\"Radar Service\",\"description\":\"Radar detector Laser jammer mobile fix\",\"publisher\":{\"@id\":\"https:\/\/radarservice.eu\/pt-pt\/#organization\"},\"potentialAction\":[{\"@type\":\"SearchAction\",\"target\":{\"@type\":\"EntryPoint\",\"urlTemplate\":\"https:\/\/radarservice.eu\/pt-pt\/?s={search_term_string}\"},\"query-input\":{\"@type\":\"PropertyValueSpecification\",\"valueRequired\":true,\"valueName\":\"search_term_string\"}}],\"inLanguage\":\"pt-PT\"},{\"@type\":\"Organization\",\"@id\":\"https:\/\/radarservice.eu\/pt-pt\/#organization\",\"name\":\"RadarService\",\"url\":\"https:\/\/radarservice.eu\/pt-pt\/\",\"logo\":{\"@type\":\"ImageObject\",\"inLanguage\":\"pt-PT\",\"@id\":\"https:\/\/radarservice.eu\/pt-pt\/#\/schema\/logo\/image\/\",\"url\":\"https:\/\/radarservice.eu\/wp-content\/uploads\/2021\/03\/Radar_detector_service.png\",\"contentUrl\":\"https:\/\/radarservice.eu\/wp-content\/uploads\/2021\/03\/Radar_detector_service.png\",\"width\":174,\"height\":48,\"caption\":\"RadarService\"},\"image\":{\"@id\":\"https:\/\/radarservice.eu\/pt-pt\/#\/schema\/logo\/image\/\"}}]}<\/script>\n<!-- \/ Yoast SEO plugin. -->","yoast_head_json":{"title":"Radar Service","description":"Os sensores novos e muito pequenos do laser Jammer LaserTrack Flare s\u00e3o integrados de forma invis\u00edvel em um suporte de placa.","robots":{"index":"index","follow":"follow","max-snippet":"max-snippet:-1","max-image-preview":"max-image-preview:large","max-video-preview":"max-video-preview:-1"},"canonical":"https:\/\/radarservice.eu\/pt-pt\/produto\/suporte-de-placa-de-licenca-oculto-lasertrack-flare\/","og_locale":"pt_PT","og_type":"article","og_description":"Os sensores novos e muito pequenos do laser Jammer LaserTrack Flare s\u00e3o integrados de forma invis\u00edvel em um suporte de placa.","og_url":"https:\/\/radarservice.eu\/pt-pt\/produto\/suporte-de-placa-de-licenca-oculto-lasertrack-flare\/","og_site_name":"Radar Service","article_modified_time":"2025-06-20T03:10:27+00:00","og_image":[{"width":1900,"height":1267,"url":"https:\/\/radarservice.eu\/wp-content\/uploads\/2020\/09\/Lasertrack-Flare-Nummernschild.jpg","type":"image\/jpeg"}],"twitter_card":"summary_large_image","twitter_misc":{"Tempo estimado de leitura":"2 minutos"},"schema":{"@context":"https:\/\/schema.org","@graph":[{"@type":"WebPage","@id":"https:\/\/radarservice.eu\/pt-pt\/produto\/suporte-de-placa-de-licenca-oculto-lasertrack-flare\/","url":"https:\/\/radarservice.eu\/pt-pt\/produto\/suporte-de-placa-de-licenca-oculto-lasertrack-flare\/","name":"","isPartOf":{"@id":"https:\/\/radarservice.eu\/pt-pt\/#website"},"primaryImageOfPage":{"@id":"https:\/\/radarservice.eu\/pt-pt\/produto\/suporte-de-placa-de-licenca-oculto-lasertrack-flare\/#primaryimage"},"image":{"@id":"https:\/\/radarservice.eu\/pt-pt\/produto\/suporte-de-placa-de-licenca-oculto-lasertrack-flare\/#primaryimage"},"thumbnailUrl":"https:\/\/radarservice.eu\/wp-content\/uploads\/2020\/09\/Lasertrack-Flare-Nummernschild.jpg","datePublished":"2022-03-26T14:19:36+00:00","dateModified":"2025-06-20T03:10:27+00:00","description":"Os sensores novos e muito pequenos do laser Jammer LaserTrack Flare s\u00e3o integrados de forma invis\u00edvel em um suporte de placa.","breadcrumb":{"@id":"https:\/\/radarservice.eu\/pt-pt\/produto\/suporte-de-placa-de-licenca-oculto-lasertrack-flare\/#breadcrumb"},"inLanguage":"pt-PT","potentialAction":[{"@type":"ReadAction","target":["https:\/\/radarservice.eu\/pt-pt\/produto\/suporte-de-placa-de-licenca-oculto-lasertrack-flare\/"]}]},{"@type":"ImageObject","inLanguage":"pt-PT","@id":"https:\/\/radarservice.eu\/pt-pt\/produto\/suporte-de-placa-de-licenca-oculto-lasertrack-flare\/#primaryimage","url":"https:\/\/radarservice.eu\/wp-content\/uploads\/2020\/09\/Lasertrack-Flare-Nummernschild.jpg","contentUrl":"https:\/\/radarservice.eu\/wp-content\/uploads\/2020\/09\/Lasertrack-Flare-Nummernschild.jpg","width":1900,"height":1267,"caption":"Placa de licen\u00e7a de alargamento de faixa de laser"},{"@type":"BreadcrumbList","@id":"https:\/\/radarservice.eu\/pt-pt\/produto\/suporte-de-placa-de-licenca-oculto-lasertrack-flare\/#breadcrumb","itemListElement":[{"@type":"ListItem","position":1,"name":"Loja","item":"https:\/\/radarservice.eu\/pt-pt\/loja\/"},{"@type":"ListItem","position":2,"name":"Suporte de placa de licen\u00e7a oculto Lasertrack Flare"}]},{"@type":"WebSite","@id":"https:\/\/radarservice.eu\/pt-pt\/#website","url":"https:\/\/radarservice.eu\/pt-pt\/","name":"Radar Service","description":"Radar detector Laser jammer mobile fix","publisher":{"@id":"https:\/\/radarservice.eu\/pt-pt\/#organization"},"potentialAction":[{"@type":"SearchAction","target":{"@type":"EntryPoint","urlTemplate":"https:\/\/radarservice.eu\/pt-pt\/?s={search_term_string}"},"query-input":{"@type":"PropertyValueSpecification","valueRequired":true,"valueName":"search_term_string"}}],"inLanguage":"pt-PT"},{"@type":"Organization","@id":"https:\/\/radarservice.eu\/pt-pt\/#organization","name":"RadarService","url":"https:\/\/radarservice.eu\/pt-pt\/","logo":{"@type":"ImageObject","inLanguage":"pt-PT","@id":"https:\/\/radarservice.eu\/pt-pt\/#\/schema\/logo\/image\/","url":"https:\/\/radarservice.eu\/wp-content\/uploads\/2021\/03\/Radar_detector_service.png","contentUrl":"https:\/\/radarservice.eu\/wp-content\/uploads\/2021\/03\/Radar_detector_service.png","width":174,"height":48,"caption":"RadarService"},"image":{"@id":"https:\/\/radarservice.eu\/pt-pt\/#\/schema\/logo\/image\/"}}]}},"_links":{"self":[{"href":"https:\/\/radarservice.eu\/pt-pt\/wp-json\/wp\/v2\/product\/18013","targetHints":{"allow":["GET"]}}],"collection":[{"href":"https:\/\/radarservice.eu\/pt-pt\/wp-json\/wp\/v2\/product"}],"about":[{"href":"https:\/\/radarservice.eu\/pt-pt\/wp-json\/wp\/v2\/types\/product"}],"replies":[{"embeddable":true,"href":"https:\/\/radarservice.eu\/pt-pt\/wp-json\/wp\/v2\/comments?post=18013"}],"wp:featuredmedia":[{"embeddable":true,"href":"https:\/\/radarservice.eu\/pt-pt\/wp-json\/wp\/v2\/media\/18014"}],"wp:attachment":[{"href":"https:\/\/radarservice.eu\/pt-pt\/wp-json\/wp\/v2\/media?parent=18013"}],"wp:term":[{"taxonomy":"product_brand","embeddable":true,"href":"https:\/\/radarservice.eu\/pt-pt\/wp-json\/wp\/v2\/product_brand?post=18013"},{"taxonomy":"product_cat","embeddable":true,"href":"https:\/\/radarservice.eu\/pt-pt\/wp-json\/wp\/v2\/product_cat?post=18013"},{"taxonomy":"product_tag","embeddable":true,"href":"https:\/\/radarservice.eu\/pt-pt\/wp-json\/wp\/v2\/product_tag?post=18013"}],"curies":[{"name":"wp","href":"https:\/\/api.w.org\/{rel}","templated":true}]}}