{"id":17599,"date":"2019-07-14T14:26:45","date_gmt":"2019-07-14T12:26:45","guid":{"rendered":"https:\/\/radarservice.eu\/contact\/"},"modified":"2022-04-03T12:32:41","modified_gmt":"2022-04-03T10:32:41","slug":"contacto","status":"publish","type":"page","link":"https:\/\/radarservice.eu\/pt-pt\/contacto\/","title":{"rendered":"Contacto"},"content":{"rendered":"  <div id=\"page-header-1842996522\" class=\"page-header-wrapper\">\n  <div class=\"page-title dark normal-title\">\n\n        <div class=\"page-title-bg\">\n      <div class=\"title-bg fill bg-fill\"\n        data-parallax-container=\".page-title\"\n        data-parallax-background\n        data-parallax=\"-\">\n      <\/div>\n      <div class=\"title-overlay fill\"><\/div>\n    <\/div>\n    \n    <div class=\"page-title-inner container align-center text-center flex-row-col medium-flex-wrap\" >\n              <div class=\"title-wrapper uppercase is-large flex-col\">\n          <h1 class=\"entry-title mb-0\">\n            Contacto          <\/h1>\n        <\/div>\n                    <div class=\"title-content flex-col\">\n              <\/div>\n    <\/div>\n\n     \n<style>\n#page-header-1842996522 .page-title-inner {\n  min-height: 200px;\n}\n#page-header-1842996522 .title-bg {\n  background-image: url(https:\/\/radarservice.eu\/wp-content\/uploads\/2022\/03\/callcenter-bdl-top.jpg);\n}\n<\/style>\n  <\/div>\n    <\/div>\n  \n\t<div id=\"gap-593871229\" class=\"gap-element clearfix\" style=\"display:block; height:auto;\">\n\t\t\n<style>\n#gap-593871229 {\n  padding-top: 40px;\n}\n<\/style>\n\t<\/div>\n\t\n<div class=\"row\"  id=\"row-113368038\">\n\n\t<div id=\"col-1444480657\" class=\"col medium-6 large-6\"  >\n\t\t\t\t<div class=\"col-inner\"  >\n\t\t\t\n\t\t\t\n<div class=\"container section-title-container\" ><h3 class=\"section-title section-title-normal\"><b aria-hidden=\"true\"><\/b><span class=\"section-title-main\" >perguntas frequentes<\/span><b aria-hidden=\"true\"><\/b><\/h3><\/div>\n<p class=\"lead\">As perguntas mais frequentes sobre o processo de encomenda\n<\/p>\n<div class=\"accordion\">\n\t<div id=\"accordion-3142077688\" class=\"accordion-item\">\n\t\t<a id=\"accordion-3142077688-label\" class=\"accordion-title plain\" href=\"#accordion-item-quais-os-custos-de-envio?\" aria-expanded=\"false\" aria-controls=\"accordion-3142077688-content\">\n\t\t\t<button class=\"toggle\" aria-label=\"Toggle\"><i class=\"icon-angle-down\" aria-hidden=\"true\"><\/i><\/button>\n\t\t\t<span>Quais os custos de envio?<\/span>\n\t\t<\/a>\n\t\t<div id=\"accordion-3142077688-content\" class=\"accordion-inner\" aria-labelledby=\"accordion-3142077688-label\">\n\t\t\t\n<p>Dentro da Europa enviamos gratuitamente a partir de 150 euros. Para entrega expressa cobramos 11,90 euros.<\/p>\n\t\t<\/div>\n\t<\/div>\n\t\n\t<div id=\"accordion-3412800432\" class=\"accordion-item\">\n\t\t<a id=\"accordion-3412800432-label\" class=\"accordion-title plain\" href=\"#accordion-item-que-op\u00e7\u00f5es-de-pagamento-existem?\" aria-expanded=\"false\" aria-controls=\"accordion-3412800432-content\">\n\t\t\t<button class=\"toggle\" aria-label=\"Toggle\"><i class=\"icon-angle-down\" aria-hidden=\"true\"><\/i><\/button>\n\t\t\t<span>Que op\u00e7\u00f5es de pagamento existem?<\/span>\n\t\t<\/a>\n\t\t<div id=\"accordion-3412800432-content\" class=\"accordion-inner\" aria-labelledby=\"accordion-3412800432-label\">\n\t\t\t\n<p>Oferecemos cart\u00e3o de cr\u00e9dito, pagamento antecipado e pagamentos Bitcoin em nossa loja online. Paypal e contra-reembolso s\u00f3 s\u00e3o poss\u00edveis ap\u00f3s consulta telef\u00f3nica.<\/p>\n\t\t<\/div>\n\t<\/div>\n\t\n\t<div id=\"accordion-2072624649\" class=\"accordion-item\">\n\t\t<a id=\"accordion-2072624649-label\" class=\"accordion-title plain\" href=\"#accordion-item-quanto-tempo-demora-a-entrega?\" aria-expanded=\"false\" aria-controls=\"accordion-2072624649-content\">\n\t\t\t<button class=\"toggle\" aria-label=\"Toggle\"><i class=\"icon-angle-down\" aria-hidden=\"true\"><\/i><\/button>\n\t\t\t<span>Quanto tempo demora a entrega?<\/span>\n\t\t<\/a>\n\t\t<div id=\"accordion-2072624649-content\" class=\"accordion-inner\" aria-labelledby=\"accordion-2072624649-label\">\n\t\t\t\n<p>O prazo de entrega \u00e9 de cerca de 3 dias \u00fateis para envio normal e cerca de 1 dia \u00fatil para envio expresso. Se o processo de pedido for conclu\u00eddo at\u00e9 as 14h, o envio expresso ocorrer\u00e1 no mesmo dia \u00fatil.<\/p>\n\t\t<\/div>\n\t<\/div>\n\t\n\t<div id=\"accordion-190493639\" class=\"accordion-item\">\n\t\t<a id=\"accordion-190493639-label\" class=\"accordion-title plain\" href=\"#accordion-item-a-entrega-\u00e9-neutra?\" aria-expanded=\"false\" aria-controls=\"accordion-190493639-content\">\n\t\t\t<button class=\"toggle\" aria-label=\"Toggle\"><i class=\"icon-angle-down\" aria-hidden=\"true\"><\/i><\/button>\n\t\t\t<span>A entrega \u00e9 neutra?<\/span>\n\t\t<\/a>\n\t\t<div id=\"accordion-190493639-content\" class=\"accordion-inner\" aria-labelledby=\"accordion-190493639-label\">\n\t\t\t\n<p>Entregamos de forma absolutamente discreta e em embalagens neutras.<\/p>\n\t\t<\/div>\n\t<\/div>\n\t\n\t<div id=\"accordion-4535871\" class=\"accordion-item\">\n\t\t<a id=\"accordion-4535871-label\" class=\"accordion-title plain\" href=\"#accordion-item-qu\u00e3o-segura-\u00e9-a-loja-e-meus-dados?\" aria-expanded=\"false\" aria-controls=\"accordion-4535871-content\">\n\t\t\t<button class=\"toggle\" aria-label=\"Toggle\"><i class=\"icon-angle-down\" aria-hidden=\"true\"><\/i><\/button>\n\t\t\t<span>Qu\u00e3o segura \u00e9 a loja e meus dados?<\/span>\n\t\t<\/a>\n\t\t<div id=\"accordion-4535871-content\" class=\"accordion-inner\" aria-labelledby=\"accordion-4535871-label\">\n\t\t\t\n<p>A transmiss\u00e3o de dados \u00e9 criptografada e os dados s\u00e3o usados \u200b\u200bapenas para processar o pedido.<\/p>\n\t\t<\/div>\n\t<\/div>\n\t\n\t<div id=\"accordion-2298700369\" class=\"accordion-item\">\n\t\t<a id=\"accordion-2298700369-label\" class=\"accordion-title plain\" href=\"#accordion-item-eu-recebo-uma-fatura-para-o-meu-pedido?\" aria-expanded=\"false\" aria-controls=\"accordion-2298700369-content\">\n\t\t\t<button class=\"toggle\" aria-label=\"Toggle\"><i class=\"icon-angle-down\" aria-hidden=\"true\"><\/i><\/button>\n\t\t\t<span>Eu recebo uma fatura para o meu pedido?<\/span>\n\t\t<\/a>\n\t\t<div id=\"accordion-2298700369-content\" class=\"accordion-inner\" aria-labelledby=\"accordion-2298700369-label\">\n\t\t\t\n<p>Sim, criamos uma fatura para cada pedido, que \u00e9 enviada a voc\u00ea por e-mail.\n<\/p>\n\t\t<\/div>\n\t<\/div>\n\t\n\t<div id=\"accordion-1342665429\" class=\"accordion-item\">\n\t\t<a id=\"accordion-1342665429-label\" class=\"accordion-title plain\" href=\"#accordion-item-tenho-garantia-da-mercadoria?\" aria-expanded=\"false\" aria-controls=\"accordion-1342665429-content\">\n\t\t\t<button class=\"toggle\" aria-label=\"Toggle\"><i class=\"icon-angle-down\" aria-hidden=\"true\"><\/i><\/button>\n\t\t\t<span>Tenho garantia da mercadoria?<\/span>\n\t\t<\/a>\n\t\t<div id=\"accordion-1342665429-content\" class=\"accordion-inner\" aria-labelledby=\"accordion-1342665429-label\">\n\t\t\t\n<p>Damos garantia em todos os itens. Em caso de garantia ou reclama\u00e7\u00e3o de garantia, envie-nos um e-mail com o n\u00famero do seu pedido\/n\u00famero da fatura e, se aplic\u00e1vel, o n\u00famero de s\u00e9rie do dispositivo.\n<\/p>\n\t\t<\/div>\n\t<\/div>\n\t\n<\/div>\n\t\t<\/div>\n\t\t\t\t\t<\/div>\n\n\t\n\n\t<div id=\"col-71129875\" class=\"col medium-6 large-6\"  >\n\t\t\t\t<div class=\"col-inner\"  >\n\t\t\t\n\t\t\t\n<div class=\"container section-title-container\" ><h3 class=\"section-title section-title-normal\"><b aria-hidden=\"true\"><\/b><span class=\"section-title-main\" >Envie-nos um e-mail<\/span><b aria-hidden=\"true\"><\/b><\/h3><\/div>\n\n<div class=\"wpcf7 no-js\" id=\"wpcf7-f17489-o1\" lang=\"pt-PT\" dir=\"ltr\" data-wpcf7-id=\"17489\">\n<div class=\"screen-reader-response\"><p role=\"status\" aria-live=\"polite\" aria-atomic=\"true\"><\/p> <ul><\/ul><\/div>\n<form action=\"\/pt-pt\/wp-json\/wp\/v2\/pages\/17599#wpcf7-f17489-o1\" method=\"post\" class=\"wpcf7-form init\" aria-label=\"Formul\u00e1rio de contacto\" novalidate=\"novalidate\" data-status=\"init\">\n<fieldset class=\"hidden-fields-container\"><input type=\"hidden\" name=\"_wpcf7\" value=\"17489\" \/><input type=\"hidden\" name=\"_wpcf7_version\" value=\"6.1.5\" \/><input type=\"hidden\" name=\"_wpcf7_locale\" value=\"pt_PT\" \/><input type=\"hidden\" name=\"_wpcf7_unit_tag\" value=\"wpcf7-f17489-o1\" \/><input type=\"hidden\" name=\"_wpcf7_container_post\" value=\"0\" \/><input type=\"hidden\" name=\"_wpcf7_posted_data_hash\" value=\"\" \/><input type=\"hidden\" name=\"_wpcf7_recaptcha_response\" value=\"\" \/>\n<\/fieldset>\n<p><label> O seu nome (obrigat\u00f3rio)<br \/>\n<span class=\"wpcf7-form-control-wrap\" data-name=\"your-name\"><input size=\"40\" maxlength=\"400\" class=\"wpcf7-form-control wpcf7-text wpcf7-validates-as-required\" aria-required=\"true\" aria-invalid=\"false\" value=\"\" type=\"text\" name=\"your-name\" \/><\/span> <\/label>\n<\/p>\n<p><label> O seu endere\u00e7o de correio electr\u00f3nico (obrigat\u00f3rio)<br \/>\n<span class=\"wpcf7-form-control-wrap\" data-name=\"your-email\"><input size=\"40\" maxlength=\"400\" class=\"wpcf7-form-control wpcf7-email wpcf7-validates-as-required wpcf7-text wpcf7-validates-as-email\" aria-required=\"true\" aria-invalid=\"false\" value=\"\" type=\"email\" name=\"your-email\" \/><\/span> <\/label>\n<\/p>\n<p><label> Assunto (obrigat\u00f3rio)<br \/>\n<span class=\"wpcf7-form-control-wrap\" data-name=\"your-subject\"><input size=\"40\" maxlength=\"400\" class=\"wpcf7-form-control wpcf7-text wpcf7-validates-as-required\" aria-required=\"true\" aria-invalid=\"false\" value=\"\" type=\"text\" name=\"your-subject\" \/><\/span> <\/label>\n<\/p>\n<p><label> A sua mensagem<br \/>\n<span class=\"wpcf7-form-control-wrap\" data-name=\"your-message\"><textarea cols=\"40\" rows=\"10\" maxlength=\"2000\" class=\"wpcf7-form-control wpcf7-textarea\" aria-invalid=\"false\" name=\"your-message\"><\/textarea><\/span> <\/label>\n<\/p>\n<p><input class=\"wpcf7-form-control wpcf7-submit has-spinner\" type=\"submit\" value=\"Enviar\" \/>\n<\/p><p style=\"display: none !important;\" class=\"akismet-fields-container\" data-prefix=\"_wpcf7_ak_\"><label>&#916;<textarea name=\"_wpcf7_ak_hp_textarea\" cols=\"45\" rows=\"8\" maxlength=\"100\"><\/textarea><\/label><input type=\"hidden\" id=\"ak_js_1\" name=\"_wpcf7_ak_js\" value=\"90\"\/><script>document.getElementById( \"ak_js_1\" ).setAttribute( \"value\", ( new Date() ).getTime() );<\/script><\/p><div class=\"wpcf7-response-output\" aria-hidden=\"true\"><\/div>\n<\/form>\n<\/div>\n\n\t\t<\/div>\n\t\t\t\t\t<\/div>\n\n\t\n<\/div>\n\t<div id=\"text-4009910781\" class=\"text\">\n\t\t\n<p><h3>Linha directa:<\/h3>\n<h4>Telefone: <a href=\"tel:00494022859032\">+49 (0)40 \/ 228 590 32<\/a> (Ingl\u00eas ou Alem\u00e3o)<\/h4>\n<p>Segunda a sexta-feira<br \/>Das 10h00 \u00e0s 18h00<\/p>\n<\/p>\n\t\t\n<style>\n#text-4009910781 {\n  font-size: 1.5rem;\n  line-height: 1;\n  text-align: center;\n}\n<\/style>\n\t<\/div>\n\t\n\t<div id=\"gap-1448372960\" class=\"gap-element clearfix\" style=\"display:block; height:auto;\">\n\t\t\n<style>\n#gap-1448372960 {\n  padding-top: 40px;\n}\n<\/style>\n\t<\/div>\n\t\n","protected":false},"excerpt":{"rendered":"","protected":false},"author":1,"featured_media":0,"parent":0,"menu_order":190,"comment_status":"closed","ping_status":"closed","template":"page-blank.php","meta":{"footnotes":""},"class_list":["post-17599","page","type-page","status-publish","hentry"],"yoast_head":"<!-- This site is optimized with the Yoast SEO plugin v27.2 - https:\/\/yoast.com\/product\/yoast-seo-wordpress\/ -->\n<title>Contacto | Radar Service<\/title>\n<meta name=\"description\" content=\"Contacto | Radar Service\" \/>\n<meta name=\"robots\" content=\"noindex, nofollow\" \/>\n<meta property=\"og:locale\" content=\"pt_PT\" \/>\n<meta property=\"og:type\" content=\"article\" \/>\n<meta property=\"og:title\" content=\"Contacto | Radar Service\" \/>\n<meta property=\"og:description\" content=\"Contacto | Radar Service\" \/>\n<meta property=\"og:url\" content=\"https:\/\/radarservice.eu\/pt-pt\/contacto\/\" \/>\n<meta property=\"og:site_name\" content=\"Radar Service\" \/>\n<meta property=\"article:modified_time\" content=\"2022-04-03T10:32:41+00:00\" \/>\n<meta name=\"twitter:card\" content=\"summary_large_image\" \/>\n<meta name=\"twitter:label1\" content=\"Tempo estimado de leitura\" \/>\n\t<meta name=\"twitter:data1\" content=\"1 minuto\" \/>\n<script type=\"application\/ld+json\" class=\"yoast-schema-graph\">{\"@context\":\"https:\/\/schema.org\",\"@graph\":[{\"@type\":\"WebPage\",\"@id\":\"https:\/\/radarservice.eu\/pt-pt\/contacto\/\",\"url\":\"https:\/\/radarservice.eu\/pt-pt\/contacto\/\",\"name\":\"Contacto | Radar Service\",\"isPartOf\":{\"@id\":\"https:\/\/radarservice.eu\/pt-pt\/#website\"},\"datePublished\":\"2019-07-14T12:26:45+00:00\",\"dateModified\":\"2022-04-03T10:32:41+00:00\",\"description\":\"Contacto | Radar Service\",\"inLanguage\":\"pt-PT\",\"potentialAction\":[{\"@type\":\"ReadAction\",\"target\":[\"https:\/\/radarservice.eu\/pt-pt\/contacto\/\"]}]},{\"@type\":\"WebSite\",\"@id\":\"https:\/\/radarservice.eu\/pt-pt\/#website\",\"url\":\"https:\/\/radarservice.eu\/pt-pt\/\",\"name\":\"Radar Service\",\"description\":\"Radar detector Laser jammer mobile fix\",\"publisher\":{\"@id\":\"https:\/\/radarservice.eu\/pt-pt\/#organization\"},\"potentialAction\":[{\"@type\":\"SearchAction\",\"target\":{\"@type\":\"EntryPoint\",\"urlTemplate\":\"https:\/\/radarservice.eu\/pt-pt\/?s={search_term_string}\"},\"query-input\":{\"@type\":\"PropertyValueSpecification\",\"valueRequired\":true,\"valueName\":\"search_term_string\"}}],\"inLanguage\":\"pt-PT\"},{\"@type\":\"Organization\",\"@id\":\"https:\/\/radarservice.eu\/pt-pt\/#organization\",\"name\":\"RadarService\",\"url\":\"https:\/\/radarservice.eu\/pt-pt\/\",\"logo\":{\"@type\":\"ImageObject\",\"inLanguage\":\"pt-PT\",\"@id\":\"https:\/\/radarservice.eu\/pt-pt\/#\/schema\/logo\/image\/\",\"url\":\"https:\/\/radarservice.eu\/wp-content\/uploads\/2021\/03\/Radar_detector_service.png\",\"contentUrl\":\"https:\/\/radarservice.eu\/wp-content\/uploads\/2021\/03\/Radar_detector_service.png\",\"width\":174,\"height\":48,\"caption\":\"RadarService\"},\"image\":{\"@id\":\"https:\/\/radarservice.eu\/pt-pt\/#\/schema\/logo\/image\/\"}}]}<\/script>\n<!-- \/ Yoast SEO plugin. -->","yoast_head_json":{"title":"Contacto | Radar Service","description":"Contacto | Radar Service","robots":{"index":"noindex","follow":"nofollow"},"og_locale":"pt_PT","og_type":"article","og_title":"Contacto | Radar Service","og_description":"Contacto | Radar Service","og_url":"https:\/\/radarservice.eu\/pt-pt\/contacto\/","og_site_name":"Radar Service","article_modified_time":"2022-04-03T10:32:41+00:00","twitter_card":"summary_large_image","twitter_misc":{"Tempo estimado de leitura":"1 minuto"},"schema":{"@context":"https:\/\/schema.org","@graph":[{"@type":"WebPage","@id":"https:\/\/radarservice.eu\/pt-pt\/contacto\/","url":"https:\/\/radarservice.eu\/pt-pt\/contacto\/","name":"Contacto | Radar Service","isPartOf":{"@id":"https:\/\/radarservice.eu\/pt-pt\/#website"},"datePublished":"2019-07-14T12:26:45+00:00","dateModified":"2022-04-03T10:32:41+00:00","description":"Contacto | Radar Service","inLanguage":"pt-PT","potentialAction":[{"@type":"ReadAction","target":["https:\/\/radarservice.eu\/pt-pt\/contacto\/"]}]},{"@type":"WebSite","@id":"https:\/\/radarservice.eu\/pt-pt\/#website","url":"https:\/\/radarservice.eu\/pt-pt\/","name":"Radar Service","description":"Radar detector Laser jammer mobile fix","publisher":{"@id":"https:\/\/radarservice.eu\/pt-pt\/#organization"},"potentialAction":[{"@type":"SearchAction","target":{"@type":"EntryPoint","urlTemplate":"https:\/\/radarservice.eu\/pt-pt\/?s={search_term_string}"},"query-input":{"@type":"PropertyValueSpecification","valueRequired":true,"valueName":"search_term_string"}}],"inLanguage":"pt-PT"},{"@type":"Organization","@id":"https:\/\/radarservice.eu\/pt-pt\/#organization","name":"RadarService","url":"https:\/\/radarservice.eu\/pt-pt\/","logo":{"@type":"ImageObject","inLanguage":"pt-PT","@id":"https:\/\/radarservice.eu\/pt-pt\/#\/schema\/logo\/image\/","url":"https:\/\/radarservice.eu\/wp-content\/uploads\/2021\/03\/Radar_detector_service.png","contentUrl":"https:\/\/radarservice.eu\/wp-content\/uploads\/2021\/03\/Radar_detector_service.png","width":174,"height":48,"caption":"RadarService"},"image":{"@id":"https:\/\/radarservice.eu\/pt-pt\/#\/schema\/logo\/image\/"}}]}},"_links":{"self":[{"href":"https:\/\/radarservice.eu\/pt-pt\/wp-json\/wp\/v2\/pages\/17599","targetHints":{"allow":["GET"]}}],"collection":[{"href":"https:\/\/radarservice.eu\/pt-pt\/wp-json\/wp\/v2\/pages"}],"about":[{"href":"https:\/\/radarservice.eu\/pt-pt\/wp-json\/wp\/v2\/types\/page"}],"author":[{"embeddable":true,"href":"https:\/\/radarservice.eu\/pt-pt\/wp-json\/wp\/v2\/users\/1"}],"replies":[{"embeddable":true,"href":"https:\/\/radarservice.eu\/pt-pt\/wp-json\/wp\/v2\/comments?post=17599"}],"version-history":[{"count":6,"href":"https:\/\/radarservice.eu\/pt-pt\/wp-json\/wp\/v2\/pages\/17599\/revisions"}],"predecessor-version":[{"id":18371,"href":"https:\/\/radarservice.eu\/pt-pt\/wp-json\/wp\/v2\/pages\/17599\/revisions\/18371"}],"wp:attachment":[{"href":"https:\/\/radarservice.eu\/pt-pt\/wp-json\/wp\/v2\/media?parent=17599"}],"curies":[{"name":"wp","href":"https:\/\/api.w.org\/{rel}","templated":true}]}}