{"id":18869,"date":"2023-01-23T15:28:44","date_gmt":"2023-01-23T14:28:44","guid":{"rendered":"https:\/\/radarservice.eu\/?post_type=product&#038;p=18869"},"modified":"2023-01-23T15:47:47","modified_gmt":"2023-01-23T14:47:47","slug":"target-blu-eye-2","status":"publish","type":"product","link":"https:\/\/radarservice.eu\/pl\/produkt\/target-blu-eye-2\/","title":{"rendered":"Target Blu Eye 2"},"content":{"rendered":"<p>Nowy Target Blu Eye 2 to legalny spos\u00f3b na wykrywanie zbli\u017caj\u0105cych si\u0119 karetek. Niezale\u017cnie od tego, czy s\u0105 na drodze z niebieskimi migaj\u0105cymi \u015bwiat\u0142ami i syrenami, czy nie. Dodatkowo Blu Eye ostrzega przed zbli\u017caj\u0105cymi si\u0119 patrolami cywilnymi, radiowozami i wozami stra\u017cackimi.<br \/>\nW prawie ca\u0142ej Europie w\u0142adze (karetki pogotowia, stra\u017c po\u017carna i policja) korzystaj\u0105 z cyfrowego systemu komunikacji. W Wielkiej Brytanii system ten znany jest pod nazw\u0105 Airwave. Jest on oparty na \u015bwiatowym standardzie Terrestrial Trunked Radio, czyli TETRA. Tak jak sygna\u0142 GSM jest standardem dla telefon\u00f3w kom\u00f3rkowych, tak TETRA jest standardem dla mobilnej komunikacji dla s\u0142u\u017cb porz\u0105dkowych i bezpiecze\u0144stwa. <\/p>\n<p>Wraz z aktualizacj\u0105 z Target Version BlueEye 1 do nowej wersji BluEye 2, wykrywanie cz\u0119stotliwo\u015bci zosta\u0142o znacznie poprawione. Wyprzedzenie nowego Target Blu Eye 2, waha si\u0119 od kilkuset metr\u00f3w do oko\u0142o jednego kilometra. Oznacza to, \u017ce masz wystarczaj\u0105co du\u017co czasu, aby rozpozna\u0107 sytuacj\u0119 i szybko zjecha\u0107 na bok i\/lub zmniejszy\u0107 pr\u0119dko\u015b\u0107.<\/p>\n<p>Ostrze\u017cenia wizualne i d\u017awi\u0119kowe podawane s\u0105 za pomoc\u0105 ma\u0142ego panelu ze wska\u017anikami LED. Odleg\u0142o\u015b\u0107 do pojazdu ratunkowego mo\u017cna odczyta\u0107 za pomoc\u0105 wska\u017anika si\u0142y odbioru.<\/p>\n<p>.<\/p>\n<p><strong>Overview:<\/strong><br \/>\n+ Niezwykle przyjazny dla u\u017cytkownika<br \/>\n+ Kompaktowy rozmiar<br \/>\n+ \u0141atwo\u015b\u0107 instalacji<\/p>\n<p><strong>Zakres dostawy:<\/strong><br \/>\n* Target Blu Eye<br \/>\n* ma\u0142a jednostka steruj\u0105ca i wy\u015bwietlaj\u0105ca<br \/>.<br \/>\n* antena zewn\u0119trzna<br \/>\n* zestaw kabli<\/p>\n","protected":false},"excerpt":{"rendered":"<p>Nowy Target Blu Eye 2 to legalny spos\u00f3b na wykrywanie zbli\u017caj\u0105cych si\u0119 karetek. Niezale\u017cnie od tego, czy s\u0105 na drodze z niebieskimi migaj\u0105cymi \u015bwiat\u0142ami i syrenami, czy nie. Dodatkowo Blu Eye ostrzega przed zbli\u017caj\u0105cymi si\u0119 patrolami cywilnymi, radiowozami i wozami stra\u017cackimi. W prawie ca\u0142ej Europie w\u0142adze (karetki pogotowia, stra\u017c po\u017carna i policja) korzystaj\u0105 z cyfrowego [&#8230;]\n","protected":false},"featured_media":18882,"comment_status":"open","ping_status":"closed","template":"","meta":[],"product_brand":[],"product_cat":[1583,1599],"product_tag":[1674,1669,1672,1673,1671,1670,1676,1675,1668],"class_list":{"0":"post-18869","1":"product","2":"type-product","3":"status-publish","4":"has-post-thumbnail","6":"product_cat-stale-detektory-radarowe","7":"product_cat-target-pl","8":"product_tag-ambulans","9":"product_tag-blu-eye-pl","10":"product_tag-patrol-cywilny","11":"product_tag-policja","12":"product_tag-siec-bezprzewodowa","13":"product_tag-siec-tetra","14":"product_tag-sluzba-ratownicza","15":"product_tag-straz-pozarna","16":"product_tag-target-pl","18":"first","19":"instock","20":"taxable","21":"shipping-taxable","22":"purchasable","23":"product-type-variable"},"yoast_head":"<!-- This site is optimized with the Yoast SEO plugin v27.2 - https:\/\/yoast.com\/product\/yoast-seo-wordpress\/ -->\n<title>Target Blu Eye 2 | Radar Service<\/title>\n<meta name=\"description\" content=\"Target BluEye to legalny spos\u00f3b na wykrywanie pojazd\u00f3w s\u0142u\u017cb ratunkowych i punkt\u00f3w kontrolnych za pomoc\u0105 radia cyfrowego.\" \/>\n<meta name=\"robots\" content=\"index, follow, max-snippet:-1, max-image-preview:large, max-video-preview:-1\" \/>\n<link rel=\"canonical\" href=\"https:\/\/radarservice.eu\/pl\/produkt\/target-blu-eye-2\/\" \/>\n<meta property=\"og:locale\" content=\"pl_PL\" \/>\n<meta property=\"og:type\" content=\"article\" \/>\n<meta property=\"og:title\" content=\"Target Blu Eye 2 | Radar Service\" \/>\n<meta property=\"og:description\" content=\"Target BluEye to legalny spos\u00f3b na wykrywanie pojazd\u00f3w s\u0142u\u017cb ratunkowych i punkt\u00f3w kontrolnych za pomoc\u0105 radia cyfrowego.\" \/>\n<meta property=\"og:url\" content=\"https:\/\/radarservice.eu\/pl\/produkt\/target-blu-eye-2\/\" \/>\n<meta property=\"og:site_name\" content=\"Radar Service\" \/>\n<meta property=\"article:modified_time\" content=\"2023-01-23T14:47:47+00:00\" \/>\n<meta property=\"og:image\" content=\"https:\/\/radarservice.eu\/wp-content\/uploads\/2023\/01\/Target_blueye2_main_unit.jpg\" \/>\n\t<meta property=\"og:image:width\" content=\"1600\" \/>\n\t<meta property=\"og:image:height\" content=\"1344\" \/>\n\t<meta property=\"og:image:type\" content=\"image\/jpeg\" \/>\n<meta name=\"twitter:card\" content=\"summary_large_image\" \/>\n<meta name=\"twitter:label1\" content=\"Szacowany czas czytania\" \/>\n\t<meta name=\"twitter:data1\" content=\"1 minuta\" \/>\n<script type=\"application\/ld+json\" class=\"yoast-schema-graph\">{\"@context\":\"https:\/\/schema.org\",\"@graph\":[{\"@type\":\"WebPage\",\"@id\":\"https:\/\/radarservice.eu\/pl\/produkt\/target-blu-eye-2\/\",\"url\":\"https:\/\/radarservice.eu\/pl\/produkt\/target-blu-eye-2\/\",\"name\":\"Target Blu Eye 2 | Radar Service\",\"isPartOf\":{\"@id\":\"https:\/\/radarservice.eu\/pl\/#website\"},\"primaryImageOfPage\":{\"@id\":\"https:\/\/radarservice.eu\/pl\/produkt\/target-blu-eye-2\/#primaryimage\"},\"image\":{\"@id\":\"https:\/\/radarservice.eu\/pl\/produkt\/target-blu-eye-2\/#primaryimage\"},\"thumbnailUrl\":\"https:\/\/radarservice.eu\/wp-content\/uploads\/2023\/01\/Target_blueye2_main_unit.jpg\",\"datePublished\":\"2023-01-23T14:28:44+00:00\",\"dateModified\":\"2023-01-23T14:47:47+00:00\",\"description\":\"Target BluEye to legalny spos\u00f3b na wykrywanie pojazd\u00f3w s\u0142u\u017cb ratunkowych i punkt\u00f3w kontrolnych za pomoc\u0105 radia cyfrowego.\",\"breadcrumb\":{\"@id\":\"https:\/\/radarservice.eu\/pl\/produkt\/target-blu-eye-2\/#breadcrumb\"},\"inLanguage\":\"pl-PL\",\"potentialAction\":[{\"@type\":\"ReadAction\",\"target\":[\"https:\/\/radarservice.eu\/pl\/produkt\/target-blu-eye-2\/\"]}]},{\"@type\":\"ImageObject\",\"inLanguage\":\"pl-PL\",\"@id\":\"https:\/\/radarservice.eu\/pl\/produkt\/target-blu-eye-2\/#primaryimage\",\"url\":\"https:\/\/radarservice.eu\/wp-content\/uploads\/2023\/01\/Target_blueye2_main_unit.jpg\",\"contentUrl\":\"https:\/\/radarservice.eu\/wp-content\/uploads\/2023\/01\/Target_blueye2_main_unit.jpg\",\"width\":1600,\"height\":1344,\"caption\":\"Target BluEye 2\"},{\"@type\":\"BreadcrumbList\",\"@id\":\"https:\/\/radarservice.eu\/pl\/produkt\/target-blu-eye-2\/#breadcrumb\",\"itemListElement\":[{\"@type\":\"ListItem\",\"position\":1,\"name\":\"Sklep\",\"item\":\"https:\/\/radarservice.eu\/pl\/sklep\/\"},{\"@type\":\"ListItem\",\"position\":2,\"name\":\"Target Blu Eye 2\"}]},{\"@type\":\"WebSite\",\"@id\":\"https:\/\/radarservice.eu\/pl\/#website\",\"url\":\"https:\/\/radarservice.eu\/pl\/\",\"name\":\"Radar Service\",\"description\":\"Radar detector Laser jammer mobile fix\",\"publisher\":{\"@id\":\"https:\/\/radarservice.eu\/pl\/#organization\"},\"potentialAction\":[{\"@type\":\"SearchAction\",\"target\":{\"@type\":\"EntryPoint\",\"urlTemplate\":\"https:\/\/radarservice.eu\/pl\/?s={search_term_string}\"},\"query-input\":{\"@type\":\"PropertyValueSpecification\",\"valueRequired\":true,\"valueName\":\"search_term_string\"}}],\"inLanguage\":\"pl-PL\"},{\"@type\":\"Organization\",\"@id\":\"https:\/\/radarservice.eu\/pl\/#organization\",\"name\":\"RadarService\",\"url\":\"https:\/\/radarservice.eu\/pl\/\",\"logo\":{\"@type\":\"ImageObject\",\"inLanguage\":\"pl-PL\",\"@id\":\"https:\/\/radarservice.eu\/pl\/#\/schema\/logo\/image\/\",\"url\":\"https:\/\/radarservice.eu\/wp-content\/uploads\/2021\/03\/Radar_detector_service.png\",\"contentUrl\":\"https:\/\/radarservice.eu\/wp-content\/uploads\/2021\/03\/Radar_detector_service.png\",\"width\":174,\"height\":48,\"caption\":\"RadarService\"},\"image\":{\"@id\":\"https:\/\/radarservice.eu\/pl\/#\/schema\/logo\/image\/\"}}]}<\/script>\n<!-- \/ Yoast SEO plugin. -->","yoast_head_json":{"title":"Target Blu Eye 2 | Radar Service","description":"Target BluEye to legalny spos\u00f3b na wykrywanie pojazd\u00f3w s\u0142u\u017cb ratunkowych i punkt\u00f3w kontrolnych za pomoc\u0105 radia cyfrowego.","robots":{"index":"index","follow":"follow","max-snippet":"max-snippet:-1","max-image-preview":"max-image-preview:large","max-video-preview":"max-video-preview:-1"},"canonical":"https:\/\/radarservice.eu\/pl\/produkt\/target-blu-eye-2\/","og_locale":"pl_PL","og_type":"article","og_title":"Target Blu Eye 2 | Radar Service","og_description":"Target BluEye to legalny spos\u00f3b na wykrywanie pojazd\u00f3w s\u0142u\u017cb ratunkowych i punkt\u00f3w kontrolnych za pomoc\u0105 radia cyfrowego.","og_url":"https:\/\/radarservice.eu\/pl\/produkt\/target-blu-eye-2\/","og_site_name":"Radar Service","article_modified_time":"2023-01-23T14:47:47+00:00","og_image":[{"width":1600,"height":1344,"url":"https:\/\/radarservice.eu\/wp-content\/uploads\/2023\/01\/Target_blueye2_main_unit.jpg","type":"image\/jpeg"}],"twitter_card":"summary_large_image","twitter_misc":{"Szacowany czas czytania":"1 minuta"},"schema":{"@context":"https:\/\/schema.org","@graph":[{"@type":"WebPage","@id":"https:\/\/radarservice.eu\/pl\/produkt\/target-blu-eye-2\/","url":"https:\/\/radarservice.eu\/pl\/produkt\/target-blu-eye-2\/","name":"Target Blu Eye 2 | Radar Service","isPartOf":{"@id":"https:\/\/radarservice.eu\/pl\/#website"},"primaryImageOfPage":{"@id":"https:\/\/radarservice.eu\/pl\/produkt\/target-blu-eye-2\/#primaryimage"},"image":{"@id":"https:\/\/radarservice.eu\/pl\/produkt\/target-blu-eye-2\/#primaryimage"},"thumbnailUrl":"https:\/\/radarservice.eu\/wp-content\/uploads\/2023\/01\/Target_blueye2_main_unit.jpg","datePublished":"2023-01-23T14:28:44+00:00","dateModified":"2023-01-23T14:47:47+00:00","description":"Target BluEye to legalny spos\u00f3b na wykrywanie pojazd\u00f3w s\u0142u\u017cb ratunkowych i punkt\u00f3w kontrolnych za pomoc\u0105 radia cyfrowego.","breadcrumb":{"@id":"https:\/\/radarservice.eu\/pl\/produkt\/target-blu-eye-2\/#breadcrumb"},"inLanguage":"pl-PL","potentialAction":[{"@type":"ReadAction","target":["https:\/\/radarservice.eu\/pl\/produkt\/target-blu-eye-2\/"]}]},{"@type":"ImageObject","inLanguage":"pl-PL","@id":"https:\/\/radarservice.eu\/pl\/produkt\/target-blu-eye-2\/#primaryimage","url":"https:\/\/radarservice.eu\/wp-content\/uploads\/2023\/01\/Target_blueye2_main_unit.jpg","contentUrl":"https:\/\/radarservice.eu\/wp-content\/uploads\/2023\/01\/Target_blueye2_main_unit.jpg","width":1600,"height":1344,"caption":"Target BluEye 2"},{"@type":"BreadcrumbList","@id":"https:\/\/radarservice.eu\/pl\/produkt\/target-blu-eye-2\/#breadcrumb","itemListElement":[{"@type":"ListItem","position":1,"name":"Sklep","item":"https:\/\/radarservice.eu\/pl\/sklep\/"},{"@type":"ListItem","position":2,"name":"Target Blu Eye 2"}]},{"@type":"WebSite","@id":"https:\/\/radarservice.eu\/pl\/#website","url":"https:\/\/radarservice.eu\/pl\/","name":"Radar Service","description":"Radar detector Laser jammer mobile fix","publisher":{"@id":"https:\/\/radarservice.eu\/pl\/#organization"},"potentialAction":[{"@type":"SearchAction","target":{"@type":"EntryPoint","urlTemplate":"https:\/\/radarservice.eu\/pl\/?s={search_term_string}"},"query-input":{"@type":"PropertyValueSpecification","valueRequired":true,"valueName":"search_term_string"}}],"inLanguage":"pl-PL"},{"@type":"Organization","@id":"https:\/\/radarservice.eu\/pl\/#organization","name":"RadarService","url":"https:\/\/radarservice.eu\/pl\/","logo":{"@type":"ImageObject","inLanguage":"pl-PL","@id":"https:\/\/radarservice.eu\/pl\/#\/schema\/logo\/image\/","url":"https:\/\/radarservice.eu\/wp-content\/uploads\/2021\/03\/Radar_detector_service.png","contentUrl":"https:\/\/radarservice.eu\/wp-content\/uploads\/2021\/03\/Radar_detector_service.png","width":174,"height":48,"caption":"RadarService"},"image":{"@id":"https:\/\/radarservice.eu\/pl\/#\/schema\/logo\/image\/"}}]}},"_links":{"self":[{"href":"https:\/\/radarservice.eu\/pl\/wp-json\/wp\/v2\/product\/18869","targetHints":{"allow":["GET"]}}],"collection":[{"href":"https:\/\/radarservice.eu\/pl\/wp-json\/wp\/v2\/product"}],"about":[{"href":"https:\/\/radarservice.eu\/pl\/wp-json\/wp\/v2\/types\/product"}],"replies":[{"embeddable":true,"href":"https:\/\/radarservice.eu\/pl\/wp-json\/wp\/v2\/comments?post=18869"}],"wp:featuredmedia":[{"embeddable":true,"href":"https:\/\/radarservice.eu\/pl\/wp-json\/wp\/v2\/media\/18882"}],"wp:attachment":[{"href":"https:\/\/radarservice.eu\/pl\/wp-json\/wp\/v2\/media?parent=18869"}],"wp:term":[{"taxonomy":"product_brand","embeddable":true,"href":"https:\/\/radarservice.eu\/pl\/wp-json\/wp\/v2\/product_brand?post=18869"},{"taxonomy":"product_cat","embeddable":true,"href":"https:\/\/radarservice.eu\/pl\/wp-json\/wp\/v2\/product_cat?post=18869"},{"taxonomy":"product_tag","embeddable":true,"href":"https:\/\/radarservice.eu\/pl\/wp-json\/wp\/v2\/product_tag?post=18869"}],"curies":[{"name":"wp","href":"https:\/\/api.w.org\/{rel}","templated":true}]}}