{"id":15922,"date":"2021-05-12T10:08:01","date_gmt":"2021-05-12T08:08:01","guid":{"rendered":"https:\/\/radarservice.eu\/produkt\/alp-connect-al-priority-bluetooth-modul\/"},"modified":"2021-05-12T10:08:01","modified_gmt":"2021-05-12T08:08:01","slug":"alp-connect-al-priority-bluetooth-modul","status":"publish","type":"product","link":"https:\/\/radarservice.eu\/pl\/produkt\/alp-connect-al-priority-bluetooth-modul\/","title":{"rendered":"ALP Connect &#8211; AL Priority Bluetooth Modul"},"content":{"rendered":"<p>Dzi\u0119ki modu\u0142owi ALP Connect Bluetooth, system antylaserowy ALP mo\u017ce by\u0107 obs\u0142ugiwany za pomoc\u0105 aplikacji na smartfony (iPhone+Android). <br \/>Dzi\u0119ki aplikacji, szczeg\u00f3\u0142owe ostrze\u017cenia s\u0105 wy\u015bwietlane na ekranie smartfona i mo\u017cna wybra\u0107 r\u00f3\u017cne wst\u0119pnie skonfigurowane tryby pracy za po\u015brednictwem wy\u015bwietlacza smartfona. <br \/>To umo\u017cliwia ca\u0142kowicie niewidoczn\u0105 instalacj\u0119, rzeczywisty panel sterowania Antilasera mo\u017ce by\u0107 zainstalowany ca\u0142kowicie ukryty za konsol\u0105 pojazdu.<\/p>\n<p>.<\/p>\n","protected":false},"excerpt":{"rendered":"<p>Dzi\u0119ki modu\u0142owi ALP Connect Bluetooth, system antylaserowy ALP mo\u017ce by\u0107 obs\u0142ugiwany za pomoc\u0105 aplikacji na smartfony (iPhone+Android). Dzi\u0119ki aplikacji, szczeg\u00f3\u0142owe ostrze\u017cenia s\u0105 wy\u015bwietlane na ekranie smartfona i mo\u017cna wybra\u0107 r\u00f3\u017cne wst\u0119pnie skonfigurowane tryby pracy za po\u015brednictwem wy\u015bwietlacza smartfona. To umo\u017cliwia ca\u0142kowicie niewidoczn\u0105 instalacj\u0119, rzeczywisty panel sterowania Antilasera mo\u017ce by\u0107 zainstalowany ca\u0142kowicie ukryty za konsol\u0105 pojazdu. [&#8230;]\n","protected":false},"featured_media":15924,"comment_status":"open","ping_status":"closed","template":"","meta":[],"product_brand":[],"product_cat":[1721,1598],"product_tag":[1644,1745,1748,1634,1746,1747],"class_list":{"0":"post-15922","1":"product","2":"type-product","3":"status-publish","4":"has-post-thumbnail","6":"product_cat-akcesoria","7":"product_cat-antilaser-pl","8":"product_tag-al-priorytet","9":"product_tag-alp-polacz","10":"product_tag-android-pl","11":"product_tag-anty-laser","12":"product_tag-bluetooth-modul-pl","13":"product_tag-iphone-pl","15":"first","16":"instock","17":"taxable","18":"shipping-taxable","19":"purchasable","20":"product-type-simple"},"yoast_head":"<!-- This site is optimized with the Yoast SEO plugin v27.2 - https:\/\/yoast.com\/product\/yoast-seo-wordpress\/ -->\n<title>ALP Connect - AL Priority Bluetooth Modul | Radar Service<\/title>\n<meta name=\"description\" content=\"Dzi\u0119ki modu\u0142owi Bluetooth Antilaser ALP Connect, system ALP Antilaser mo\u017ce by\u0107 obs\u0142ugiwany za pomoc\u0105 aplikacji na iPhone&#039;a lub smartfona z systemem Android.\" \/>\n<meta name=\"robots\" content=\"index, follow, max-snippet:-1, max-image-preview:large, max-video-preview:-1\" \/>\n<link rel=\"canonical\" href=\"https:\/\/radarservice.eu\/pl\/produkt\/alp-connect-al-priority-bluetooth-modul\/\" \/>\n<meta property=\"og:locale\" content=\"pl_PL\" \/>\n<meta property=\"og:type\" content=\"article\" \/>\n<meta property=\"og:title\" content=\"ALP Connect - AL Priority Bluetooth Modul | Radar Service\" \/>\n<meta property=\"og:description\" content=\"Dzi\u0119ki modu\u0142owi Bluetooth Antilaser ALP Connect, system ALP Antilaser mo\u017ce by\u0107 obs\u0142ugiwany za pomoc\u0105 aplikacji na iPhone&#039;a lub smartfona z systemem Android.\" \/>\n<meta property=\"og:url\" content=\"https:\/\/radarservice.eu\/pl\/produkt\/alp-connect-al-priority-bluetooth-modul\/\" \/>\n<meta property=\"og:site_name\" content=\"Radar Service\" \/>\n<meta property=\"og:image\" content=\"https:\/\/radarservice.eu\/wp-content\/uploads\/2020\/09\/antilaser_alp_bluetooth.png\" \/>\n\t<meta property=\"og:image:width\" content=\"720\" \/>\n\t<meta property=\"og:image:height\" content=\"900\" \/>\n\t<meta property=\"og:image:type\" content=\"image\/png\" \/>\n<meta name=\"twitter:card\" content=\"summary_large_image\" \/>\n<script type=\"application\/ld+json\" class=\"yoast-schema-graph\">{\"@context\":\"https:\/\/schema.org\",\"@graph\":[{\"@type\":\"WebPage\",\"@id\":\"https:\/\/radarservice.eu\/pl\/produkt\/alp-connect-al-priority-bluetooth-modul\/\",\"url\":\"https:\/\/radarservice.eu\/pl\/produkt\/alp-connect-al-priority-bluetooth-modul\/\",\"name\":\"ALP Connect - AL Priority Bluetooth Modul | Radar Service\",\"isPartOf\":{\"@id\":\"https:\/\/radarservice.eu\/pl\/#website\"},\"primaryImageOfPage\":{\"@id\":\"https:\/\/radarservice.eu\/pl\/produkt\/alp-connect-al-priority-bluetooth-modul\/#primaryimage\"},\"image\":{\"@id\":\"https:\/\/radarservice.eu\/pl\/produkt\/alp-connect-al-priority-bluetooth-modul\/#primaryimage\"},\"thumbnailUrl\":\"https:\/\/radarservice.eu\/wp-content\/uploads\/2020\/09\/antilaser_alp_bluetooth.png\",\"datePublished\":\"2021-05-12T08:08:01+00:00\",\"description\":\"Dzi\u0119ki modu\u0142owi Bluetooth Antilaser ALP Connect, system ALP Antilaser mo\u017ce by\u0107 obs\u0142ugiwany za pomoc\u0105 aplikacji na iPhone'a lub smartfona z systemem Android.\",\"breadcrumb\":{\"@id\":\"https:\/\/radarservice.eu\/pl\/produkt\/alp-connect-al-priority-bluetooth-modul\/#breadcrumb\"},\"inLanguage\":\"pl-PL\",\"potentialAction\":[{\"@type\":\"ReadAction\",\"target\":[\"https:\/\/radarservice.eu\/pl\/produkt\/alp-connect-al-priority-bluetooth-modul\/\"]}]},{\"@type\":\"ImageObject\",\"inLanguage\":\"pl-PL\",\"@id\":\"https:\/\/radarservice.eu\/pl\/produkt\/alp-connect-al-priority-bluetooth-modul\/#primaryimage\",\"url\":\"https:\/\/radarservice.eu\/wp-content\/uploads\/2020\/09\/antilaser_alp_bluetooth.png\",\"contentUrl\":\"https:\/\/radarservice.eu\/wp-content\/uploads\/2020\/09\/antilaser_alp_bluetooth.png\",\"width\":720,\"height\":900,\"caption\":\"Antilaser ALP Bluetooth\"},{\"@type\":\"BreadcrumbList\",\"@id\":\"https:\/\/radarservice.eu\/pl\/produkt\/alp-connect-al-priority-bluetooth-modul\/#breadcrumb\",\"itemListElement\":[{\"@type\":\"ListItem\",\"position\":1,\"name\":\"Sklep\",\"item\":\"https:\/\/radarservice.eu\/pl\/sklep\/\"},{\"@type\":\"ListItem\",\"position\":2,\"name\":\"ALP Connect &#8211; AL Priority Bluetooth Modul\"}]},{\"@type\":\"WebSite\",\"@id\":\"https:\/\/radarservice.eu\/pl\/#website\",\"url\":\"https:\/\/radarservice.eu\/pl\/\",\"name\":\"Radar Service\",\"description\":\"Radar detector Laser jammer mobile fix\",\"publisher\":{\"@id\":\"https:\/\/radarservice.eu\/pl\/#organization\"},\"potentialAction\":[{\"@type\":\"SearchAction\",\"target\":{\"@type\":\"EntryPoint\",\"urlTemplate\":\"https:\/\/radarservice.eu\/pl\/?s={search_term_string}\"},\"query-input\":{\"@type\":\"PropertyValueSpecification\",\"valueRequired\":true,\"valueName\":\"search_term_string\"}}],\"inLanguage\":\"pl-PL\"},{\"@type\":\"Organization\",\"@id\":\"https:\/\/radarservice.eu\/pl\/#organization\",\"name\":\"RadarService\",\"url\":\"https:\/\/radarservice.eu\/pl\/\",\"logo\":{\"@type\":\"ImageObject\",\"inLanguage\":\"pl-PL\",\"@id\":\"https:\/\/radarservice.eu\/pl\/#\/schema\/logo\/image\/\",\"url\":\"https:\/\/radarservice.eu\/wp-content\/uploads\/2021\/03\/Radar_detector_service.png\",\"contentUrl\":\"https:\/\/radarservice.eu\/wp-content\/uploads\/2021\/03\/Radar_detector_service.png\",\"width\":174,\"height\":48,\"caption\":\"RadarService\"},\"image\":{\"@id\":\"https:\/\/radarservice.eu\/pl\/#\/schema\/logo\/image\/\"}}]}<\/script>\n<!-- \/ Yoast SEO plugin. -->","yoast_head_json":{"title":"ALP Connect - AL Priority Bluetooth Modul | Radar Service","description":"Dzi\u0119ki modu\u0142owi Bluetooth Antilaser ALP Connect, system ALP Antilaser mo\u017ce by\u0107 obs\u0142ugiwany za pomoc\u0105 aplikacji na iPhone'a lub smartfona z systemem Android.","robots":{"index":"index","follow":"follow","max-snippet":"max-snippet:-1","max-image-preview":"max-image-preview:large","max-video-preview":"max-video-preview:-1"},"canonical":"https:\/\/radarservice.eu\/pl\/produkt\/alp-connect-al-priority-bluetooth-modul\/","og_locale":"pl_PL","og_type":"article","og_title":"ALP Connect - AL Priority Bluetooth Modul | Radar Service","og_description":"Dzi\u0119ki modu\u0142owi Bluetooth Antilaser ALP Connect, system ALP Antilaser mo\u017ce by\u0107 obs\u0142ugiwany za pomoc\u0105 aplikacji na iPhone'a lub smartfona z systemem Android.","og_url":"https:\/\/radarservice.eu\/pl\/produkt\/alp-connect-al-priority-bluetooth-modul\/","og_site_name":"Radar Service","og_image":[{"width":720,"height":900,"url":"https:\/\/radarservice.eu\/wp-content\/uploads\/2020\/09\/antilaser_alp_bluetooth.png","type":"image\/png"}],"twitter_card":"summary_large_image","schema":{"@context":"https:\/\/schema.org","@graph":[{"@type":"WebPage","@id":"https:\/\/radarservice.eu\/pl\/produkt\/alp-connect-al-priority-bluetooth-modul\/","url":"https:\/\/radarservice.eu\/pl\/produkt\/alp-connect-al-priority-bluetooth-modul\/","name":"ALP Connect - AL Priority Bluetooth Modul | Radar Service","isPartOf":{"@id":"https:\/\/radarservice.eu\/pl\/#website"},"primaryImageOfPage":{"@id":"https:\/\/radarservice.eu\/pl\/produkt\/alp-connect-al-priority-bluetooth-modul\/#primaryimage"},"image":{"@id":"https:\/\/radarservice.eu\/pl\/produkt\/alp-connect-al-priority-bluetooth-modul\/#primaryimage"},"thumbnailUrl":"https:\/\/radarservice.eu\/wp-content\/uploads\/2020\/09\/antilaser_alp_bluetooth.png","datePublished":"2021-05-12T08:08:01+00:00","description":"Dzi\u0119ki modu\u0142owi Bluetooth Antilaser ALP Connect, system ALP Antilaser mo\u017ce by\u0107 obs\u0142ugiwany za pomoc\u0105 aplikacji na iPhone'a lub smartfona z systemem Android.","breadcrumb":{"@id":"https:\/\/radarservice.eu\/pl\/produkt\/alp-connect-al-priority-bluetooth-modul\/#breadcrumb"},"inLanguage":"pl-PL","potentialAction":[{"@type":"ReadAction","target":["https:\/\/radarservice.eu\/pl\/produkt\/alp-connect-al-priority-bluetooth-modul\/"]}]},{"@type":"ImageObject","inLanguage":"pl-PL","@id":"https:\/\/radarservice.eu\/pl\/produkt\/alp-connect-al-priority-bluetooth-modul\/#primaryimage","url":"https:\/\/radarservice.eu\/wp-content\/uploads\/2020\/09\/antilaser_alp_bluetooth.png","contentUrl":"https:\/\/radarservice.eu\/wp-content\/uploads\/2020\/09\/antilaser_alp_bluetooth.png","width":720,"height":900,"caption":"Antilaser ALP Bluetooth"},{"@type":"BreadcrumbList","@id":"https:\/\/radarservice.eu\/pl\/produkt\/alp-connect-al-priority-bluetooth-modul\/#breadcrumb","itemListElement":[{"@type":"ListItem","position":1,"name":"Sklep","item":"https:\/\/radarservice.eu\/pl\/sklep\/"},{"@type":"ListItem","position":2,"name":"ALP Connect &#8211; AL Priority Bluetooth Modul"}]},{"@type":"WebSite","@id":"https:\/\/radarservice.eu\/pl\/#website","url":"https:\/\/radarservice.eu\/pl\/","name":"Radar Service","description":"Radar detector Laser jammer mobile fix","publisher":{"@id":"https:\/\/radarservice.eu\/pl\/#organization"},"potentialAction":[{"@type":"SearchAction","target":{"@type":"EntryPoint","urlTemplate":"https:\/\/radarservice.eu\/pl\/?s={search_term_string}"},"query-input":{"@type":"PropertyValueSpecification","valueRequired":true,"valueName":"search_term_string"}}],"inLanguage":"pl-PL"},{"@type":"Organization","@id":"https:\/\/radarservice.eu\/pl\/#organization","name":"RadarService","url":"https:\/\/radarservice.eu\/pl\/","logo":{"@type":"ImageObject","inLanguage":"pl-PL","@id":"https:\/\/radarservice.eu\/pl\/#\/schema\/logo\/image\/","url":"https:\/\/radarservice.eu\/wp-content\/uploads\/2021\/03\/Radar_detector_service.png","contentUrl":"https:\/\/radarservice.eu\/wp-content\/uploads\/2021\/03\/Radar_detector_service.png","width":174,"height":48,"caption":"RadarService"},"image":{"@id":"https:\/\/radarservice.eu\/pl\/#\/schema\/logo\/image\/"}}]}},"_links":{"self":[{"href":"https:\/\/radarservice.eu\/pl\/wp-json\/wp\/v2\/product\/15922","targetHints":{"allow":["GET"]}}],"collection":[{"href":"https:\/\/radarservice.eu\/pl\/wp-json\/wp\/v2\/product"}],"about":[{"href":"https:\/\/radarservice.eu\/pl\/wp-json\/wp\/v2\/types\/product"}],"replies":[{"embeddable":true,"href":"https:\/\/radarservice.eu\/pl\/wp-json\/wp\/v2\/comments?post=15922"}],"wp:featuredmedia":[{"embeddable":true,"href":"https:\/\/radarservice.eu\/pl\/wp-json\/wp\/v2\/media\/15924"}],"wp:attachment":[{"href":"https:\/\/radarservice.eu\/pl\/wp-json\/wp\/v2\/media?parent=15922"}],"wp:term":[{"taxonomy":"product_brand","embeddable":true,"href":"https:\/\/radarservice.eu\/pl\/wp-json\/wp\/v2\/product_brand?post=15922"},{"taxonomy":"product_cat","embeddable":true,"href":"https:\/\/radarservice.eu\/pl\/wp-json\/wp\/v2\/product_cat?post=15922"},{"taxonomy":"product_tag","embeddable":true,"href":"https:\/\/radarservice.eu\/pl\/wp-json\/wp\/v2\/product_tag?post=15922"}],"curies":[{"name":"wp","href":"https:\/\/api.w.org\/{rel}","templated":true}]}}