{"id":15918,"date":"2021-05-12T09:45:43","date_gmt":"2021-05-12T07:45:43","guid":{"rendered":"https:\/\/radarservice.eu\/produkt\/valentine-one-ukryty-wyswietlacz\/"},"modified":"2021-05-12T09:45:43","modified_gmt":"2021-05-12T07:45:43","slug":"valentine-one-ukryty-wyswietlacz","status":"publish","type":"product","link":"https:\/\/radarservice.eu\/pl\/produkt\/valentine-one-ukryty-wyswietlacz\/","title":{"rendered":"Valentine One Ukryty wy\u015bwietlacz"},"content":{"rendered":"<p>Ukryty wy\u015bwietlacz &#8211; zewn\u0119trzny wy\u015bwietlacz dla Valentine One.<\/p>\n","protected":false},"excerpt":{"rendered":"<p>Ukryty wy\u015bwietlacz &#8211; zewn\u0119trzny wy\u015bwietlacz dla Valentine One.<\/p>\n","protected":false},"featured_media":15919,"comment_status":"open","ping_status":"closed","template":"","meta":[],"product_brand":[],"product_cat":[1721,1654],"product_tag":[1741,1659,1742],"class_list":{"0":"post-15918","1":"product","2":"type-product","3":"status-publish","4":"has-post-thumbnail","6":"product_cat-akcesoria","7":"product_cat-valentine-one-pl","8":"product_tag-ukryty-wyswietlacz","9":"product_tag-valentine-one-pl","10":"product_tag-zewnetrzne-wyswietlacz","12":"first","13":"instock","14":"taxable","15":"shipping-taxable","16":"purchasable","17":"product-type-simple"},"yoast_head":"<!-- This site is optimized with the Yoast SEO plugin v27.2 - https:\/\/yoast.com\/product\/yoast-seo-wordpress\/ -->\n<title>Valentine One Ukryty wy\u015bwietlacz | Radar Service<\/title>\n<meta name=\"description\" content=\"Ukryty wy\u015bwietlacz - zewn\u0119trzny wy\u015bwietlacz dla Valentine One.\" \/>\n<meta name=\"robots\" content=\"index, follow, max-snippet:-1, max-image-preview:large, max-video-preview:-1\" \/>\n<link rel=\"canonical\" href=\"https:\/\/radarservice.eu\/pl\/produkt\/valentine-one-ukryty-wyswietlacz\/\" \/>\n<meta property=\"og:locale\" content=\"pl_PL\" \/>\n<meta property=\"og:type\" content=\"article\" \/>\n<meta property=\"og:title\" content=\"Valentine One Ukryty wy\u015bwietlacz | Radar Service\" \/>\n<meta property=\"og:description\" content=\"Ukryty wy\u015bwietlacz - zewn\u0119trzny wy\u015bwietlacz dla Valentine One.\" \/>\n<meta property=\"og:url\" content=\"https:\/\/radarservice.eu\/pl\/produkt\/valentine-one-ukryty-wyswietlacz\/\" \/>\n<meta property=\"og:site_name\" content=\"Radar Service\" \/>\n<meta property=\"og:image\" content=\"https:\/\/radarservice.eu\/wp-content\/uploads\/2020\/09\/externes_Display.jpg\" \/>\n\t<meta property=\"og:image:width\" content=\"600\" \/>\n\t<meta property=\"og:image:height\" content=\"400\" \/>\n\t<meta property=\"og:image:type\" content=\"image\/jpeg\" \/>\n<meta name=\"twitter:card\" content=\"summary_large_image\" \/>\n<script type=\"application\/ld+json\" class=\"yoast-schema-graph\">{\"@context\":\"https:\/\/schema.org\",\"@graph\":[{\"@type\":\"WebPage\",\"@id\":\"https:\/\/radarservice.eu\/pl\/produkt\/valentine-one-ukryty-wyswietlacz\/\",\"url\":\"https:\/\/radarservice.eu\/pl\/produkt\/valentine-one-ukryty-wyswietlacz\/\",\"name\":\"Valentine One Ukryty wy\u015bwietlacz | Radar Service\",\"isPartOf\":{\"@id\":\"https:\/\/radarservice.eu\/pl\/#website\"},\"primaryImageOfPage\":{\"@id\":\"https:\/\/radarservice.eu\/pl\/produkt\/valentine-one-ukryty-wyswietlacz\/#primaryimage\"},\"image\":{\"@id\":\"https:\/\/radarservice.eu\/pl\/produkt\/valentine-one-ukryty-wyswietlacz\/#primaryimage\"},\"thumbnailUrl\":\"https:\/\/radarservice.eu\/wp-content\/uploads\/2020\/09\/externes_Display.jpg\",\"datePublished\":\"2021-05-12T07:45:43+00:00\",\"description\":\"Ukryty wy\u015bwietlacz - zewn\u0119trzny wy\u015bwietlacz dla Valentine One.\",\"breadcrumb\":{\"@id\":\"https:\/\/radarservice.eu\/pl\/produkt\/valentine-one-ukryty-wyswietlacz\/#breadcrumb\"},\"inLanguage\":\"pl-PL\",\"potentialAction\":[{\"@type\":\"ReadAction\",\"target\":[\"https:\/\/radarservice.eu\/pl\/produkt\/valentine-one-ukryty-wyswietlacz\/\"]}]},{\"@type\":\"ImageObject\",\"inLanguage\":\"pl-PL\",\"@id\":\"https:\/\/radarservice.eu\/pl\/produkt\/valentine-one-ukryty-wyswietlacz\/#primaryimage\",\"url\":\"https:\/\/radarservice.eu\/wp-content\/uploads\/2020\/09\/externes_Display.jpg\",\"contentUrl\":\"https:\/\/radarservice.eu\/wp-content\/uploads\/2020\/09\/externes_Display.jpg\",\"width\":600,\"height\":400,\"caption\":\"Valentine One Ukryty zdalny wy\u015bwietlacz\"},{\"@type\":\"BreadcrumbList\",\"@id\":\"https:\/\/radarservice.eu\/pl\/produkt\/valentine-one-ukryty-wyswietlacz\/#breadcrumb\",\"itemListElement\":[{\"@type\":\"ListItem\",\"position\":1,\"name\":\"Sklep\",\"item\":\"https:\/\/radarservice.eu\/pl\/sklep\/\"},{\"@type\":\"ListItem\",\"position\":2,\"name\":\"Valentine One Ukryty wy\u015bwietlacz\"}]},{\"@type\":\"WebSite\",\"@id\":\"https:\/\/radarservice.eu\/pl\/#website\",\"url\":\"https:\/\/radarservice.eu\/pl\/\",\"name\":\"Radar Service\",\"description\":\"Radar detector Laser jammer mobile fix\",\"publisher\":{\"@id\":\"https:\/\/radarservice.eu\/pl\/#organization\"},\"potentialAction\":[{\"@type\":\"SearchAction\",\"target\":{\"@type\":\"EntryPoint\",\"urlTemplate\":\"https:\/\/radarservice.eu\/pl\/?s={search_term_string}\"},\"query-input\":{\"@type\":\"PropertyValueSpecification\",\"valueRequired\":true,\"valueName\":\"search_term_string\"}}],\"inLanguage\":\"pl-PL\"},{\"@type\":\"Organization\",\"@id\":\"https:\/\/radarservice.eu\/pl\/#organization\",\"name\":\"RadarService\",\"url\":\"https:\/\/radarservice.eu\/pl\/\",\"logo\":{\"@type\":\"ImageObject\",\"inLanguage\":\"pl-PL\",\"@id\":\"https:\/\/radarservice.eu\/pl\/#\/schema\/logo\/image\/\",\"url\":\"https:\/\/radarservice.eu\/wp-content\/uploads\/2021\/03\/Radar_detector_service.png\",\"contentUrl\":\"https:\/\/radarservice.eu\/wp-content\/uploads\/2021\/03\/Radar_detector_service.png\",\"width\":174,\"height\":48,\"caption\":\"RadarService\"},\"image\":{\"@id\":\"https:\/\/radarservice.eu\/pl\/#\/schema\/logo\/image\/\"}}]}<\/script>\n<!-- \/ Yoast SEO plugin. -->","yoast_head_json":{"title":"Valentine One Ukryty wy\u015bwietlacz | Radar Service","description":"Ukryty wy\u015bwietlacz - zewn\u0119trzny wy\u015bwietlacz dla Valentine One.","robots":{"index":"index","follow":"follow","max-snippet":"max-snippet:-1","max-image-preview":"max-image-preview:large","max-video-preview":"max-video-preview:-1"},"canonical":"https:\/\/radarservice.eu\/pl\/produkt\/valentine-one-ukryty-wyswietlacz\/","og_locale":"pl_PL","og_type":"article","og_title":"Valentine One Ukryty wy\u015bwietlacz | Radar Service","og_description":"Ukryty wy\u015bwietlacz - zewn\u0119trzny wy\u015bwietlacz dla Valentine One.","og_url":"https:\/\/radarservice.eu\/pl\/produkt\/valentine-one-ukryty-wyswietlacz\/","og_site_name":"Radar Service","og_image":[{"width":600,"height":400,"url":"https:\/\/radarservice.eu\/wp-content\/uploads\/2020\/09\/externes_Display.jpg","type":"image\/jpeg"}],"twitter_card":"summary_large_image","schema":{"@context":"https:\/\/schema.org","@graph":[{"@type":"WebPage","@id":"https:\/\/radarservice.eu\/pl\/produkt\/valentine-one-ukryty-wyswietlacz\/","url":"https:\/\/radarservice.eu\/pl\/produkt\/valentine-one-ukryty-wyswietlacz\/","name":"Valentine One Ukryty wy\u015bwietlacz | Radar Service","isPartOf":{"@id":"https:\/\/radarservice.eu\/pl\/#website"},"primaryImageOfPage":{"@id":"https:\/\/radarservice.eu\/pl\/produkt\/valentine-one-ukryty-wyswietlacz\/#primaryimage"},"image":{"@id":"https:\/\/radarservice.eu\/pl\/produkt\/valentine-one-ukryty-wyswietlacz\/#primaryimage"},"thumbnailUrl":"https:\/\/radarservice.eu\/wp-content\/uploads\/2020\/09\/externes_Display.jpg","datePublished":"2021-05-12T07:45:43+00:00","description":"Ukryty wy\u015bwietlacz - zewn\u0119trzny wy\u015bwietlacz dla Valentine One.","breadcrumb":{"@id":"https:\/\/radarservice.eu\/pl\/produkt\/valentine-one-ukryty-wyswietlacz\/#breadcrumb"},"inLanguage":"pl-PL","potentialAction":[{"@type":"ReadAction","target":["https:\/\/radarservice.eu\/pl\/produkt\/valentine-one-ukryty-wyswietlacz\/"]}]},{"@type":"ImageObject","inLanguage":"pl-PL","@id":"https:\/\/radarservice.eu\/pl\/produkt\/valentine-one-ukryty-wyswietlacz\/#primaryimage","url":"https:\/\/radarservice.eu\/wp-content\/uploads\/2020\/09\/externes_Display.jpg","contentUrl":"https:\/\/radarservice.eu\/wp-content\/uploads\/2020\/09\/externes_Display.jpg","width":600,"height":400,"caption":"Valentine One Ukryty zdalny wy\u015bwietlacz"},{"@type":"BreadcrumbList","@id":"https:\/\/radarservice.eu\/pl\/produkt\/valentine-one-ukryty-wyswietlacz\/#breadcrumb","itemListElement":[{"@type":"ListItem","position":1,"name":"Sklep","item":"https:\/\/radarservice.eu\/pl\/sklep\/"},{"@type":"ListItem","position":2,"name":"Valentine One Ukryty wy\u015bwietlacz"}]},{"@type":"WebSite","@id":"https:\/\/radarservice.eu\/pl\/#website","url":"https:\/\/radarservice.eu\/pl\/","name":"Radar Service","description":"Radar detector Laser jammer mobile fix","publisher":{"@id":"https:\/\/radarservice.eu\/pl\/#organization"},"potentialAction":[{"@type":"SearchAction","target":{"@type":"EntryPoint","urlTemplate":"https:\/\/radarservice.eu\/pl\/?s={search_term_string}"},"query-input":{"@type":"PropertyValueSpecification","valueRequired":true,"valueName":"search_term_string"}}],"inLanguage":"pl-PL"},{"@type":"Organization","@id":"https:\/\/radarservice.eu\/pl\/#organization","name":"RadarService","url":"https:\/\/radarservice.eu\/pl\/","logo":{"@type":"ImageObject","inLanguage":"pl-PL","@id":"https:\/\/radarservice.eu\/pl\/#\/schema\/logo\/image\/","url":"https:\/\/radarservice.eu\/wp-content\/uploads\/2021\/03\/Radar_detector_service.png","contentUrl":"https:\/\/radarservice.eu\/wp-content\/uploads\/2021\/03\/Radar_detector_service.png","width":174,"height":48,"caption":"RadarService"},"image":{"@id":"https:\/\/radarservice.eu\/pl\/#\/schema\/logo\/image\/"}}]}},"_links":{"self":[{"href":"https:\/\/radarservice.eu\/pl\/wp-json\/wp\/v2\/product\/15918","targetHints":{"allow":["GET"]}}],"collection":[{"href":"https:\/\/radarservice.eu\/pl\/wp-json\/wp\/v2\/product"}],"about":[{"href":"https:\/\/radarservice.eu\/pl\/wp-json\/wp\/v2\/types\/product"}],"replies":[{"embeddable":true,"href":"https:\/\/radarservice.eu\/pl\/wp-json\/wp\/v2\/comments?post=15918"}],"wp:featuredmedia":[{"embeddable":true,"href":"https:\/\/radarservice.eu\/pl\/wp-json\/wp\/v2\/media\/15919"}],"wp:attachment":[{"href":"https:\/\/radarservice.eu\/pl\/wp-json\/wp\/v2\/media?parent=15918"}],"wp:term":[{"taxonomy":"product_brand","embeddable":true,"href":"https:\/\/radarservice.eu\/pl\/wp-json\/wp\/v2\/product_brand?post=15918"},{"taxonomy":"product_cat","embeddable":true,"href":"https:\/\/radarservice.eu\/pl\/wp-json\/wp\/v2\/product_cat?post=15918"},{"taxonomy":"product_tag","embeddable":true,"href":"https:\/\/radarservice.eu\/pl\/wp-json\/wp\/v2\/product_tag?post=15918"}],"curies":[{"name":"wp","href":"https:\/\/api.w.org\/{rel}","templated":true}]}}