{"id":15916,"date":"2021-05-12T09:43:01","date_gmt":"2021-05-12T07:43:01","guid":{"rendered":"https:\/\/radarservice.eu\/produkt\/al-priorytetowy-modul-radarowy\/"},"modified":"2021-05-12T09:43:01","modified_gmt":"2021-05-12T07:43:01","slug":"al-priorytetowy-modul-radarowy","status":"publish","type":"product","link":"https:\/\/radarservice.eu\/pl\/produkt\/al-priorytetowy-modul-radarowy\/","title":{"rendered":"AL Priorytetowy modu\u0142 radarowy"},"content":{"rendered":"<p>Make 2 into 1 &#8211; z nowym modu\u0142em ALP Radar Detector Module, mo\u017cesz pod\u0142\u0105czy\u0107 kompatybilny detektor radaru bezpo\u015brednio do ALPriority Antilaser System, kt\u00f3ry nast\u0119pnie tworzy w pe\u0142ni kontrolowany laserowy system ochrony &amp; radar warning system. <\/p>\n<p><strong>Kompatybilne detektory radaru:<\/strong><br \/>\n+ Beltronics 975E<br \/>\n+ Beltronics 997 EVO<br \/>\n+ Beltronics STiR<br \/>\n+ Beltronics STiR+<br \/>\n+ Beltronics STiR+ M<br \/>\n+ Stealth 3 Drogowy detektor radarowy<br \/>\n+ Valentine One<\/p>\n","protected":false},"excerpt":{"rendered":"<p>Make 2 into 1 &#8211; z nowym modu\u0142em ALP Radar Detector Module, mo\u017cesz pod\u0142\u0105czy\u0107 kompatybilny detektor radaru bezpo\u015brednio do ALPriority Antilaser System, kt\u00f3ry nast\u0119pnie tworzy w pe\u0142ni kontrolowany laserowy system ochrony &amp; radar warning system. Kompatybilne detektory radaru: + Beltronics 975E + Beltronics 997 EVO + Beltronics STiR + Beltronics STiR+ + Beltronics STiR+ M [&#8230;]\n","protected":false},"featured_media":15917,"comment_status":"open","ping_status":"closed","template":"","meta":[],"product_brand":[],"product_cat":[1721,1598],"product_tag":[],"class_list":{"0":"post-15916","1":"product","2":"type-product","3":"status-publish","4":"has-post-thumbnail","6":"product_cat-akcesoria","7":"product_cat-antilaser-pl","9":"first","10":"instock","11":"taxable","12":"shipping-taxable","13":"purchasable","14":"product-type-simple"},"yoast_head":"<!-- This site is optimized with the Yoast SEO plugin v27.2 - https:\/\/yoast.com\/product\/yoast-seo-wordpress\/ -->\n<title>AL Priorytetowy modu\u0142 radarowy<\/title>\n<meta name=\"description\" content=\"Modu\u0142 detektora radarowego ALP Antilaser do pod\u0142\u0105czenia do systemu Antilaser Priority kupuj taniej\" \/>\n<meta name=\"robots\" content=\"index, follow, max-snippet:-1, max-image-preview:large, max-video-preview:-1\" \/>\n<link rel=\"canonical\" href=\"https:\/\/radarservice.eu\/pl\/produkt\/al-priorytetowy-modul-radarowy\/\" \/>\n<meta property=\"og:locale\" content=\"pl_PL\" \/>\n<meta property=\"og:type\" content=\"article\" \/>\n<meta property=\"og:title\" content=\"AL Priorytetowy modu\u0142 radarowy\" \/>\n<meta property=\"og:description\" content=\"Modu\u0142 detektora radarowego ALP Antilaser do pod\u0142\u0105czenia do systemu Antilaser Priority kupuj taniej\" \/>\n<meta property=\"og:url\" content=\"https:\/\/radarservice.eu\/pl\/produkt\/al-priorytetowy-modul-radarowy\/\" \/>\n<meta property=\"og:site_name\" content=\"Radar Service\" \/>\n<meta property=\"og:image\" content=\"https:\/\/radarservice.eu\/wp-content\/uploads\/2020\/09\/ALP_Antilaser_Radar_Modul.png\" \/>\n\t<meta property=\"og:image:width\" content=\"720\" \/>\n\t<meta property=\"og:image:height\" content=\"900\" \/>\n\t<meta property=\"og:image:type\" content=\"image\/png\" \/>\n<meta name=\"twitter:card\" content=\"summary_large_image\" \/>\n<script type=\"application\/ld+json\" class=\"yoast-schema-graph\">{\"@context\":\"https:\/\/schema.org\",\"@graph\":[{\"@type\":\"WebPage\",\"@id\":\"https:\/\/radarservice.eu\/pl\/produkt\/al-priorytetowy-modul-radarowy\/\",\"url\":\"https:\/\/radarservice.eu\/pl\/produkt\/al-priorytetowy-modul-radarowy\/\",\"name\":\"AL Priorytetowy modu\u0142 radarowy\",\"isPartOf\":{\"@id\":\"https:\/\/radarservice.eu\/pl\/#website\"},\"primaryImageOfPage\":{\"@id\":\"https:\/\/radarservice.eu\/pl\/produkt\/al-priorytetowy-modul-radarowy\/#primaryimage\"},\"image\":{\"@id\":\"https:\/\/radarservice.eu\/pl\/produkt\/al-priorytetowy-modul-radarowy\/#primaryimage\"},\"thumbnailUrl\":\"https:\/\/radarservice.eu\/wp-content\/uploads\/2020\/09\/ALP_Antilaser_Radar_Modul.png\",\"datePublished\":\"2021-05-12T07:43:01+00:00\",\"description\":\"Modu\u0142 detektora radarowego ALP Antilaser do pod\u0142\u0105czenia do systemu Antilaser Priority kupuj taniej\",\"breadcrumb\":{\"@id\":\"https:\/\/radarservice.eu\/pl\/produkt\/al-priorytetowy-modul-radarowy\/#breadcrumb\"},\"inLanguage\":\"pl-PL\",\"potentialAction\":[{\"@type\":\"ReadAction\",\"target\":[\"https:\/\/radarservice.eu\/pl\/produkt\/al-priorytetowy-modul-radarowy\/\"]}]},{\"@type\":\"ImageObject\",\"inLanguage\":\"pl-PL\",\"@id\":\"https:\/\/radarservice.eu\/pl\/produkt\/al-priorytetowy-modul-radarowy\/#primaryimage\",\"url\":\"https:\/\/radarservice.eu\/wp-content\/uploads\/2020\/09\/ALP_Antilaser_Radar_Modul.png\",\"contentUrl\":\"https:\/\/radarservice.eu\/wp-content\/uploads\/2020\/09\/ALP_Antilaser_Radar_Modul.png\",\"width\":720,\"height\":900,\"caption\":\"Antilaser ALP Radar\"},{\"@type\":\"BreadcrumbList\",\"@id\":\"https:\/\/radarservice.eu\/pl\/produkt\/al-priorytetowy-modul-radarowy\/#breadcrumb\",\"itemListElement\":[{\"@type\":\"ListItem\",\"position\":1,\"name\":\"Sklep\",\"item\":\"https:\/\/radarservice.eu\/pl\/sklep\/\"},{\"@type\":\"ListItem\",\"position\":2,\"name\":\"AL Priorytetowy modu\u0142 radarowy\"}]},{\"@type\":\"WebSite\",\"@id\":\"https:\/\/radarservice.eu\/pl\/#website\",\"url\":\"https:\/\/radarservice.eu\/pl\/\",\"name\":\"Radar Service\",\"description\":\"Radar detector Laser jammer mobile fix\",\"publisher\":{\"@id\":\"https:\/\/radarservice.eu\/pl\/#organization\"},\"potentialAction\":[{\"@type\":\"SearchAction\",\"target\":{\"@type\":\"EntryPoint\",\"urlTemplate\":\"https:\/\/radarservice.eu\/pl\/?s={search_term_string}\"},\"query-input\":{\"@type\":\"PropertyValueSpecification\",\"valueRequired\":true,\"valueName\":\"search_term_string\"}}],\"inLanguage\":\"pl-PL\"},{\"@type\":\"Organization\",\"@id\":\"https:\/\/radarservice.eu\/pl\/#organization\",\"name\":\"RadarService\",\"url\":\"https:\/\/radarservice.eu\/pl\/\",\"logo\":{\"@type\":\"ImageObject\",\"inLanguage\":\"pl-PL\",\"@id\":\"https:\/\/radarservice.eu\/pl\/#\/schema\/logo\/image\/\",\"url\":\"https:\/\/radarservice.eu\/wp-content\/uploads\/2021\/03\/Radar_detector_service.png\",\"contentUrl\":\"https:\/\/radarservice.eu\/wp-content\/uploads\/2021\/03\/Radar_detector_service.png\",\"width\":174,\"height\":48,\"caption\":\"RadarService\"},\"image\":{\"@id\":\"https:\/\/radarservice.eu\/pl\/#\/schema\/logo\/image\/\"}}]}<\/script>\n<!-- \/ Yoast SEO plugin. -->","yoast_head_json":{"title":"AL Priorytetowy modu\u0142 radarowy","description":"Modu\u0142 detektora radarowego ALP Antilaser do pod\u0142\u0105czenia do systemu Antilaser Priority kupuj taniej","robots":{"index":"index","follow":"follow","max-snippet":"max-snippet:-1","max-image-preview":"max-image-preview:large","max-video-preview":"max-video-preview:-1"},"canonical":"https:\/\/radarservice.eu\/pl\/produkt\/al-priorytetowy-modul-radarowy\/","og_locale":"pl_PL","og_type":"article","og_title":"AL Priorytetowy modu\u0142 radarowy","og_description":"Modu\u0142 detektora radarowego ALP Antilaser do pod\u0142\u0105czenia do systemu Antilaser Priority kupuj taniej","og_url":"https:\/\/radarservice.eu\/pl\/produkt\/al-priorytetowy-modul-radarowy\/","og_site_name":"Radar Service","og_image":[{"width":720,"height":900,"url":"https:\/\/radarservice.eu\/wp-content\/uploads\/2020\/09\/ALP_Antilaser_Radar_Modul.png","type":"image\/png"}],"twitter_card":"summary_large_image","schema":{"@context":"https:\/\/schema.org","@graph":[{"@type":"WebPage","@id":"https:\/\/radarservice.eu\/pl\/produkt\/al-priorytetowy-modul-radarowy\/","url":"https:\/\/radarservice.eu\/pl\/produkt\/al-priorytetowy-modul-radarowy\/","name":"AL Priorytetowy modu\u0142 radarowy","isPartOf":{"@id":"https:\/\/radarservice.eu\/pl\/#website"},"primaryImageOfPage":{"@id":"https:\/\/radarservice.eu\/pl\/produkt\/al-priorytetowy-modul-radarowy\/#primaryimage"},"image":{"@id":"https:\/\/radarservice.eu\/pl\/produkt\/al-priorytetowy-modul-radarowy\/#primaryimage"},"thumbnailUrl":"https:\/\/radarservice.eu\/wp-content\/uploads\/2020\/09\/ALP_Antilaser_Radar_Modul.png","datePublished":"2021-05-12T07:43:01+00:00","description":"Modu\u0142 detektora radarowego ALP Antilaser do pod\u0142\u0105czenia do systemu Antilaser Priority kupuj taniej","breadcrumb":{"@id":"https:\/\/radarservice.eu\/pl\/produkt\/al-priorytetowy-modul-radarowy\/#breadcrumb"},"inLanguage":"pl-PL","potentialAction":[{"@type":"ReadAction","target":["https:\/\/radarservice.eu\/pl\/produkt\/al-priorytetowy-modul-radarowy\/"]}]},{"@type":"ImageObject","inLanguage":"pl-PL","@id":"https:\/\/radarservice.eu\/pl\/produkt\/al-priorytetowy-modul-radarowy\/#primaryimage","url":"https:\/\/radarservice.eu\/wp-content\/uploads\/2020\/09\/ALP_Antilaser_Radar_Modul.png","contentUrl":"https:\/\/radarservice.eu\/wp-content\/uploads\/2020\/09\/ALP_Antilaser_Radar_Modul.png","width":720,"height":900,"caption":"Antilaser ALP Radar"},{"@type":"BreadcrumbList","@id":"https:\/\/radarservice.eu\/pl\/produkt\/al-priorytetowy-modul-radarowy\/#breadcrumb","itemListElement":[{"@type":"ListItem","position":1,"name":"Sklep","item":"https:\/\/radarservice.eu\/pl\/sklep\/"},{"@type":"ListItem","position":2,"name":"AL Priorytetowy modu\u0142 radarowy"}]},{"@type":"WebSite","@id":"https:\/\/radarservice.eu\/pl\/#website","url":"https:\/\/radarservice.eu\/pl\/","name":"Radar Service","description":"Radar detector Laser jammer mobile fix","publisher":{"@id":"https:\/\/radarservice.eu\/pl\/#organization"},"potentialAction":[{"@type":"SearchAction","target":{"@type":"EntryPoint","urlTemplate":"https:\/\/radarservice.eu\/pl\/?s={search_term_string}"},"query-input":{"@type":"PropertyValueSpecification","valueRequired":true,"valueName":"search_term_string"}}],"inLanguage":"pl-PL"},{"@type":"Organization","@id":"https:\/\/radarservice.eu\/pl\/#organization","name":"RadarService","url":"https:\/\/radarservice.eu\/pl\/","logo":{"@type":"ImageObject","inLanguage":"pl-PL","@id":"https:\/\/radarservice.eu\/pl\/#\/schema\/logo\/image\/","url":"https:\/\/radarservice.eu\/wp-content\/uploads\/2021\/03\/Radar_detector_service.png","contentUrl":"https:\/\/radarservice.eu\/wp-content\/uploads\/2021\/03\/Radar_detector_service.png","width":174,"height":48,"caption":"RadarService"},"image":{"@id":"https:\/\/radarservice.eu\/pl\/#\/schema\/logo\/image\/"}}]}},"_links":{"self":[{"href":"https:\/\/radarservice.eu\/pl\/wp-json\/wp\/v2\/product\/15916","targetHints":{"allow":["GET"]}}],"collection":[{"href":"https:\/\/radarservice.eu\/pl\/wp-json\/wp\/v2\/product"}],"about":[{"href":"https:\/\/radarservice.eu\/pl\/wp-json\/wp\/v2\/types\/product"}],"replies":[{"embeddable":true,"href":"https:\/\/radarservice.eu\/pl\/wp-json\/wp\/v2\/comments?post=15916"}],"wp:featuredmedia":[{"embeddable":true,"href":"https:\/\/radarservice.eu\/pl\/wp-json\/wp\/v2\/media\/15917"}],"wp:attachment":[{"href":"https:\/\/radarservice.eu\/pl\/wp-json\/wp\/v2\/media?parent=15916"}],"wp:term":[{"taxonomy":"product_brand","embeddable":true,"href":"https:\/\/radarservice.eu\/pl\/wp-json\/wp\/v2\/product_brand?post=15916"},{"taxonomy":"product_cat","embeddable":true,"href":"https:\/\/radarservice.eu\/pl\/wp-json\/wp\/v2\/product_cat?post=15916"},{"taxonomy":"product_tag","embeddable":true,"href":"https:\/\/radarservice.eu\/pl\/wp-json\/wp\/v2\/product_tag?post=15916"}],"curies":[{"name":"wp","href":"https:\/\/api.w.org\/{rel}","templated":true}]}}