{"id":15914,"date":"2021-05-12T09:40:19","date_gmt":"2021-05-12T07:40:19","guid":{"rendered":"https:\/\/radarservice.eu\/produkt\/beltronics-975-europa-wersja\/"},"modified":"2021-05-12T09:40:19","modified_gmt":"2021-05-12T07:40:19","slug":"beltronics-975-europa-wersja","status":"publish","type":"product","link":"https:\/\/radarservice.eu\/pl\/produkt\/beltronics-975-europa-wersja\/","title":{"rendered":"Beltronics 975 Europa Wersja"},"content":{"rendered":"<p>Beltronics 975 Europe Version 2012 jest w por\u00f3wnaniu do Bel 966NEW o 20% bardziej wydajny i specjalnie zaprojektowany do u\u017cytku w Europie. Stacjonarny detektor radaru jest idealny jako niedrogie urz\u0105dzenie do ukrytej instalacji. Dzi\u0119ki bryzgoszczelnej obudowie BEL 975 Europe perfekcyjna, niewidoczna instalacja nie stanowi \u017cadnego problemu. Modu\u0142 odbiornika radarowego jest instalowany w odpowiednim miejscu z przodu pojazdu. Ostrze\u017cenia i ustawienia s\u0105 wprowadzane za pomoc\u0105 bardzo ma\u0142ego panelu sterowania wewn\u0105trz pojazdu.<\/p>\n<p>.<\/p>\n<p><strong>Uwaga:<\/strong> Bel EVO 975 jest detektorem wy\u0142\u0105cznie radarowym i nie posiada ostrze\u017cenia laserowego. Opcjonalne oryginalne modu\u0142y odbiornik\u00f3w laserowych nie s\u0105 zalecane w Europie. Je\u015bli potrzebujesz ochrony przed laserem, zalecane jest u\u017cycie aktywnego blokera laserowego, np. Genevo FF2 lub AL Priority.<\/p>\n<\/p>\n<p><strong>Overview:<\/strong><br \/>\n+ BEL EVO 975 z 20% wi\u0119ksz\u0105 moc\u0105 ni\u017c Bel 966NEW<br \/>.<br \/>\n+ najnowszy design dla Europy wersja 2012<br \/>\n+ X-, K-, KA- i Ku-band<br \/>\n+ Ka-narrow band for max. performance with European Multanova radars<br \/>\n+ pasmo K i pasmo Ku mo\u017cna wy\u0142\u0105czy\u0107 za pomoc\u0105 jednego przycisku<\/p>\n<p>.<\/p>\n<p><strong>Zakresy cz\u0119stotliwo\u015bci:<\/strong><br \/>\n+ pasmo X &#8211; 10,525 GHz \u00b1 25 MHz<br \/>\n+ pasmo K &#8211; 24,150 GHz \u00b1 100 MHz<br \/>\n+ Pasmo Ka &#8211; 34,700 GHz \u00b1 1300 MHz<br \/>\n+ Ka Narrow &#8211; 34.0, 34.3, 34.7 i 35.5 GHz \u00b1 80 MHz<br \/>\n+ Pasmo KU &#8211; 13.450 MHz<\/p>\n<p><strong>Zakres dostawy:<\/strong><br \/>.<br \/>\n* zewn\u0119trzna antena radarowa Beltronics 975<br \/>\n* Jednostka steruj\u0105ca z wy\u015bwietlaczem<br \/>\n* Instrukcja obs\u0142ugi<br \/>\n* kompletny materia\u0142 monta\u017cowy do instalacji<\/p>\n","protected":false},"excerpt":{"rendered":"<p>Beltronics 975 Europe Version 2012 jest w por\u00f3wnaniu do Bel 966NEW o 20% bardziej wydajny i specjalnie zaprojektowany do u\u017cytku w Europie. Stacjonarny detektor radaru jest idealny jako niedrogie urz\u0105dzenie do ukrytej instalacji. Dzi\u0119ki bryzgoszczelnej obudowie BEL 975 Europe perfekcyjna, niewidoczna instalacja nie stanowi \u017cadnego problemu. Modu\u0142 odbiornika radarowego jest instalowany w odpowiednim miejscu z [&#8230;]\n","protected":false},"featured_media":15915,"comment_status":"open","ping_status":"closed","template":"","meta":[],"product_brand":[],"product_cat":[1646,1583],"product_tag":[1722,1647,1586,1739,1588,1740],"class_list":{"0":"post-15914","1":"product","2":"type-product","3":"status-publish","4":"has-post-thumbnail","6":"product_cat-beltronics-pl","7":"product_cat-stale-detektory-radarowe","8":"product_tag-bel-pl","9":"product_tag-beltronics-pl","10":"product_tag-detektor-radarowy","11":"product_tag-evo-975-pl","12":"product_tag-stala-instalacja","13":"product_tag-ukryte","15":"first","16":"onbackorder","17":"sale","18":"taxable","19":"shipping-taxable","20":"purchasable","21":"product-type-simple"},"yoast_head":"<!-- This site is optimized with the Yoast SEO plugin v27.2 - https:\/\/yoast.com\/product\/yoast-seo-wordpress\/ -->\n<title>Beltronics 975 Europa Wersja | Radar Service<\/title>\n<meta name=\"description\" content=\"Stacjonarny detektor radaru Beltronics 975 jest idealny jako niedrogie urz\u0105dzenie do monta\u017cu podtynkowego.\" \/>\n<meta name=\"robots\" content=\"index, follow, max-snippet:-1, max-image-preview:large, max-video-preview:-1\" \/>\n<link rel=\"canonical\" href=\"https:\/\/radarservice.eu\/pl\/produkt\/beltronics-975-europa-wersja\/\" \/>\n<meta property=\"og:locale\" content=\"pl_PL\" \/>\n<meta property=\"og:type\" content=\"article\" \/>\n<meta property=\"og:title\" content=\"Beltronics 975 Europa Wersja | Radar Service\" \/>\n<meta property=\"og:description\" content=\"Stacjonarny detektor radaru Beltronics 975 jest idealny jako niedrogie urz\u0105dzenie do monta\u017cu podtynkowego.\" \/>\n<meta property=\"og:url\" content=\"https:\/\/radarservice.eu\/pl\/produkt\/beltronics-975-europa-wersja\/\" \/>\n<meta property=\"og:site_name\" content=\"Radar Service\" \/>\n<meta property=\"og:image\" content=\"https:\/\/radarservice.eu\/wp-content\/uploads\/2020\/09\/beltronics_target_966_2_1-1.jpg\" \/>\n\t<meta property=\"og:image:width\" content=\"340\" \/>\n\t<meta property=\"og:image:height\" content=\"340\" \/>\n\t<meta property=\"og:image:type\" content=\"image\/jpeg\" \/>\n<meta name=\"twitter:card\" content=\"summary_large_image\" \/>\n<meta name=\"twitter:label1\" content=\"Szacowany czas czytania\" \/>\n\t<meta name=\"twitter:data1\" content=\"1 minuta\" \/>\n<script type=\"application\/ld+json\" class=\"yoast-schema-graph\">{\"@context\":\"https:\/\/schema.org\",\"@graph\":[{\"@type\":\"WebPage\",\"@id\":\"https:\/\/radarservice.eu\/pl\/produkt\/beltronics-975-europa-wersja\/\",\"url\":\"https:\/\/radarservice.eu\/pl\/produkt\/beltronics-975-europa-wersja\/\",\"name\":\"Beltronics 975 Europa Wersja | Radar Service\",\"isPartOf\":{\"@id\":\"https:\/\/radarservice.eu\/pl\/#website\"},\"primaryImageOfPage\":{\"@id\":\"https:\/\/radarservice.eu\/pl\/produkt\/beltronics-975-europa-wersja\/#primaryimage\"},\"image\":{\"@id\":\"https:\/\/radarservice.eu\/pl\/produkt\/beltronics-975-europa-wersja\/#primaryimage\"},\"thumbnailUrl\":\"https:\/\/radarservice.eu\/wp-content\/uploads\/2020\/09\/beltronics_target_966_2_1-1.jpg\",\"datePublished\":\"2021-05-12T07:40:19+00:00\",\"description\":\"Stacjonarny detektor radaru Beltronics 975 jest idealny jako niedrogie urz\u0105dzenie do monta\u017cu podtynkowego.\",\"breadcrumb\":{\"@id\":\"https:\/\/radarservice.eu\/pl\/produkt\/beltronics-975-europa-wersja\/#breadcrumb\"},\"inLanguage\":\"pl-PL\",\"potentialAction\":[{\"@type\":\"ReadAction\",\"target\":[\"https:\/\/radarservice.eu\/pl\/produkt\/beltronics-975-europa-wersja\/\"]}]},{\"@type\":\"ImageObject\",\"inLanguage\":\"pl-PL\",\"@id\":\"https:\/\/radarservice.eu\/pl\/produkt\/beltronics-975-europa-wersja\/#primaryimage\",\"url\":\"https:\/\/radarservice.eu\/wp-content\/uploads\/2020\/09\/beltronics_target_966_2_1-1.jpg\",\"contentUrl\":\"https:\/\/radarservice.eu\/wp-content\/uploads\/2020\/09\/beltronics_target_966_2_1-1.jpg\",\"width\":340,\"height\":340,\"caption\":\"Beltronics Target 966\"},{\"@type\":\"BreadcrumbList\",\"@id\":\"https:\/\/radarservice.eu\/pl\/produkt\/beltronics-975-europa-wersja\/#breadcrumb\",\"itemListElement\":[{\"@type\":\"ListItem\",\"position\":1,\"name\":\"Sklep\",\"item\":\"https:\/\/radarservice.eu\/pl\/sklep\/\"},{\"@type\":\"ListItem\",\"position\":2,\"name\":\"Beltronics 975 Europa Wersja\"}]},{\"@type\":\"WebSite\",\"@id\":\"https:\/\/radarservice.eu\/pl\/#website\",\"url\":\"https:\/\/radarservice.eu\/pl\/\",\"name\":\"Radar Service\",\"description\":\"Radar detector Laser jammer mobile fix\",\"publisher\":{\"@id\":\"https:\/\/radarservice.eu\/pl\/#organization\"},\"potentialAction\":[{\"@type\":\"SearchAction\",\"target\":{\"@type\":\"EntryPoint\",\"urlTemplate\":\"https:\/\/radarservice.eu\/pl\/?s={search_term_string}\"},\"query-input\":{\"@type\":\"PropertyValueSpecification\",\"valueRequired\":true,\"valueName\":\"search_term_string\"}}],\"inLanguage\":\"pl-PL\"},{\"@type\":\"Organization\",\"@id\":\"https:\/\/radarservice.eu\/pl\/#organization\",\"name\":\"RadarService\",\"url\":\"https:\/\/radarservice.eu\/pl\/\",\"logo\":{\"@type\":\"ImageObject\",\"inLanguage\":\"pl-PL\",\"@id\":\"https:\/\/radarservice.eu\/pl\/#\/schema\/logo\/image\/\",\"url\":\"https:\/\/radarservice.eu\/wp-content\/uploads\/2021\/03\/Radar_detector_service.png\",\"contentUrl\":\"https:\/\/radarservice.eu\/wp-content\/uploads\/2021\/03\/Radar_detector_service.png\",\"width\":174,\"height\":48,\"caption\":\"RadarService\"},\"image\":{\"@id\":\"https:\/\/radarservice.eu\/pl\/#\/schema\/logo\/image\/\"}}]}<\/script>\n<!-- \/ Yoast SEO plugin. -->","yoast_head_json":{"title":"Beltronics 975 Europa Wersja | Radar Service","description":"Stacjonarny detektor radaru Beltronics 975 jest idealny jako niedrogie urz\u0105dzenie do monta\u017cu podtynkowego.","robots":{"index":"index","follow":"follow","max-snippet":"max-snippet:-1","max-image-preview":"max-image-preview:large","max-video-preview":"max-video-preview:-1"},"canonical":"https:\/\/radarservice.eu\/pl\/produkt\/beltronics-975-europa-wersja\/","og_locale":"pl_PL","og_type":"article","og_title":"Beltronics 975 Europa Wersja | Radar Service","og_description":"Stacjonarny detektor radaru Beltronics 975 jest idealny jako niedrogie urz\u0105dzenie do monta\u017cu podtynkowego.","og_url":"https:\/\/radarservice.eu\/pl\/produkt\/beltronics-975-europa-wersja\/","og_site_name":"Radar Service","og_image":[{"width":340,"height":340,"url":"https:\/\/radarservice.eu\/wp-content\/uploads\/2020\/09\/beltronics_target_966_2_1-1.jpg","type":"image\/jpeg"}],"twitter_card":"summary_large_image","twitter_misc":{"Szacowany czas czytania":"1 minuta"},"schema":{"@context":"https:\/\/schema.org","@graph":[{"@type":"WebPage","@id":"https:\/\/radarservice.eu\/pl\/produkt\/beltronics-975-europa-wersja\/","url":"https:\/\/radarservice.eu\/pl\/produkt\/beltronics-975-europa-wersja\/","name":"Beltronics 975 Europa Wersja | Radar Service","isPartOf":{"@id":"https:\/\/radarservice.eu\/pl\/#website"},"primaryImageOfPage":{"@id":"https:\/\/radarservice.eu\/pl\/produkt\/beltronics-975-europa-wersja\/#primaryimage"},"image":{"@id":"https:\/\/radarservice.eu\/pl\/produkt\/beltronics-975-europa-wersja\/#primaryimage"},"thumbnailUrl":"https:\/\/radarservice.eu\/wp-content\/uploads\/2020\/09\/beltronics_target_966_2_1-1.jpg","datePublished":"2021-05-12T07:40:19+00:00","description":"Stacjonarny detektor radaru Beltronics 975 jest idealny jako niedrogie urz\u0105dzenie do monta\u017cu podtynkowego.","breadcrumb":{"@id":"https:\/\/radarservice.eu\/pl\/produkt\/beltronics-975-europa-wersja\/#breadcrumb"},"inLanguage":"pl-PL","potentialAction":[{"@type":"ReadAction","target":["https:\/\/radarservice.eu\/pl\/produkt\/beltronics-975-europa-wersja\/"]}]},{"@type":"ImageObject","inLanguage":"pl-PL","@id":"https:\/\/radarservice.eu\/pl\/produkt\/beltronics-975-europa-wersja\/#primaryimage","url":"https:\/\/radarservice.eu\/wp-content\/uploads\/2020\/09\/beltronics_target_966_2_1-1.jpg","contentUrl":"https:\/\/radarservice.eu\/wp-content\/uploads\/2020\/09\/beltronics_target_966_2_1-1.jpg","width":340,"height":340,"caption":"Beltronics Target 966"},{"@type":"BreadcrumbList","@id":"https:\/\/radarservice.eu\/pl\/produkt\/beltronics-975-europa-wersja\/#breadcrumb","itemListElement":[{"@type":"ListItem","position":1,"name":"Sklep","item":"https:\/\/radarservice.eu\/pl\/sklep\/"},{"@type":"ListItem","position":2,"name":"Beltronics 975 Europa Wersja"}]},{"@type":"WebSite","@id":"https:\/\/radarservice.eu\/pl\/#website","url":"https:\/\/radarservice.eu\/pl\/","name":"Radar Service","description":"Radar detector Laser jammer mobile fix","publisher":{"@id":"https:\/\/radarservice.eu\/pl\/#organization"},"potentialAction":[{"@type":"SearchAction","target":{"@type":"EntryPoint","urlTemplate":"https:\/\/radarservice.eu\/pl\/?s={search_term_string}"},"query-input":{"@type":"PropertyValueSpecification","valueRequired":true,"valueName":"search_term_string"}}],"inLanguage":"pl-PL"},{"@type":"Organization","@id":"https:\/\/radarservice.eu\/pl\/#organization","name":"RadarService","url":"https:\/\/radarservice.eu\/pl\/","logo":{"@type":"ImageObject","inLanguage":"pl-PL","@id":"https:\/\/radarservice.eu\/pl\/#\/schema\/logo\/image\/","url":"https:\/\/radarservice.eu\/wp-content\/uploads\/2021\/03\/Radar_detector_service.png","contentUrl":"https:\/\/radarservice.eu\/wp-content\/uploads\/2021\/03\/Radar_detector_service.png","width":174,"height":48,"caption":"RadarService"},"image":{"@id":"https:\/\/radarservice.eu\/pl\/#\/schema\/logo\/image\/"}}]}},"_links":{"self":[{"href":"https:\/\/radarservice.eu\/pl\/wp-json\/wp\/v2\/product\/15914","targetHints":{"allow":["GET"]}}],"collection":[{"href":"https:\/\/radarservice.eu\/pl\/wp-json\/wp\/v2\/product"}],"about":[{"href":"https:\/\/radarservice.eu\/pl\/wp-json\/wp\/v2\/types\/product"}],"replies":[{"embeddable":true,"href":"https:\/\/radarservice.eu\/pl\/wp-json\/wp\/v2\/comments?post=15914"}],"wp:featuredmedia":[{"embeddable":true,"href":"https:\/\/radarservice.eu\/pl\/wp-json\/wp\/v2\/media\/15915"}],"wp:attachment":[{"href":"https:\/\/radarservice.eu\/pl\/wp-json\/wp\/v2\/media?parent=15914"}],"wp:term":[{"taxonomy":"product_brand","embeddable":true,"href":"https:\/\/radarservice.eu\/pl\/wp-json\/wp\/v2\/product_brand?post=15914"},{"taxonomy":"product_cat","embeddable":true,"href":"https:\/\/radarservice.eu\/pl\/wp-json\/wp\/v2\/product_cat?post=15914"},{"taxonomy":"product_tag","embeddable":true,"href":"https:\/\/radarservice.eu\/pl\/wp-json\/wp\/v2\/product_tag?post=15914"}],"curies":[{"name":"wp","href":"https:\/\/api.w.org\/{rel}","templated":true}]}}