{"id":15906,"date":"2021-05-12T09:37:32","date_gmt":"2021-05-12T07:37:32","guid":{"rendered":"https:\/\/radarservice.eu\/produkt\/beltronics-sti-r-plus-m-edycja\/"},"modified":"2021-05-12T09:37:32","modified_gmt":"2021-05-12T07:37:32","slug":"beltronics-sti-r-plus-m-edycja","status":"publish","type":"product","link":"https:\/\/radarservice.eu\/pl\/produkt\/beltronics-sti-r-plus-m-edycja\/","title":{"rendered":"Beltronics STI-R PLUS M Edycja"},"content":{"rendered":"<p>Beltronics STIR PLUS M Edition jest wysokiej klasy stacjonarnym detektorem radaru i obs\u0142uguje w wersji &#8222;M&#8221; r\u00f3wnie\u017c nowe pu\u0142apki pr\u0119dko\u015bci Multaradar CD.<br \/>.<br \/>\nEdycja M jest zalecana dla wszystkich klient\u00f3w, kt\u00f3rzy je\u017cd\u017c\u0105 w krajach z detektorami Multaradar (np. Holandia, S\u0142owacja i Austria).<\/p>\n<p>Ulepszone radary i czujniki laserowe osi\u0105gaj\u0105 maksymalny zasi\u0119g i wcze\u015bniejszy czas ostrzegania.<br \/>\nDzi\u0119ki nowej funkcji AutoScan firmy BEL, STI-R Plus M stale analizuje wszystkie przychodz\u0105ce sygna\u0142y, redukuj\u0105c niepotrzebne fa\u0142szywe alarmy.<br \/>\nZewn\u0119trzna antena radaru jest zamontowana w niewidoczny spos\u00f3b z przodu pojazdu. Wizualne i akustyczne wy\u015bwietlanie odbywa si\u0119 za pomoc\u0105 ma\u0142ego wy\u015bwietlacza i oddzielnego g\u0142o\u015bnika we wn\u0119trzu pojazdu.<br \/>\nModu\u0142y steruj\u0105ce i wy\u015bwietlaj\u0105ce mog\u0105 by\u0107 r\u00f3wnie\u017c zainstalowane w niewidoczny spos\u00f3b pod kierownic\u0105, na desce rozdzielczej lub w schowku.<\/p>\n<p>.<\/p>\n<p>\u0141atwa obs\u0142uga i cyfrowe komunikaty g\u0142osowe ostrze\u017cenia radarowego zapewniaj\u0105 kierowcy wszystkie potrzebne informacje i \u0142atwy dost\u0119p do nich bez odwracania uwagi od ruchu drogowego.<\/p>\n<p><strong>Overview:<\/strong><br \/>\n+ Stacjonarny detektor radaru o najwy\u017cszej niezawodno\u015bci<br \/>.<br \/>\n+ Multaradarowa detekcja CD<br \/>\n+ Ostrze\u017cenie o pomiarach laserowych<br \/>\n+ Ostrze\u017cenie dla pomiar\u00f3w kontrolnych sekcji<br \/>\n+ Ostrze\u017cenie o radarze stacjonarnym<br \/>\n+ Ostrze\u017cenie o monitorowaniu czerwonego \u015bwiat\u0142a<br \/>\n+ Ostrze\u017cenie zale\u017cne od pr\u0119dko\u015bci &amp; Tryb miejski audio (dodatkowa redukcja fa\u0142szywych alarm\u00f3w)<br \/>\n+ 100% niewidzialny dla elektronicznych detektor\u00f3w radar\u00f3w policji (np. Szwajcaria, Holandia)<br \/>\n+ automatyczna regulacja jasno\u015bci wy\u015bwietlacza<br \/>\n+ odpowiednie do stosowania w Europie (szczeg\u00f3lnie zalecane dla Holandii, S\u0142owacji i Austrii)<\/p>\n<p>.<\/p>\n<p><strong>Zakres dostawy:<\/strong><br \/>\n* Odbiornik radarowy STIR Plus M<br \/>\n* oddzielny wy\u015bwietlacz<br \/>\n* Jednostka steruj\u0105ca<br \/>\n* Jednostka steruj\u0105ca<br \/>\n* G\u0142o\u015bnik<br \/>\n* Materia\u0142 monta\u017cowy<br \/>\n* Podr\u0119cznik u\u017cytkownika i instrukcja instalacji,<\/p>\n<p><strong>Uwaga:<\/strong> Bel STIR Plus M ma bardzo dobr\u0105 ochron\u0119 przed laserem, ale dla absolutnego bezpiecze\u0144stwa zaleca si\u0119 stosowanie aktywnej blokady lasera, np. Genevo FF2 lub AL Priority! <\/p>\n<\/p>\n<p>Do ochrony przed laserem zaleca si\u0119 stosowanie aktywnej blokady lasera, np.<\/p>\n","protected":false},"excerpt":{"rendered":"<p>Beltronics STIR PLUS M Edition jest wysokiej klasy stacjonarnym detektorem radaru i obs\u0142uguje w wersji &#8222;M&#8221; r\u00f3wnie\u017c nowe pu\u0142apki pr\u0119dko\u015bci Multaradar CD.. Edycja M jest zalecana dla wszystkich klient\u00f3w, kt\u00f3rzy je\u017cd\u017c\u0105 w krajach z detektorami Multaradar (np. Holandia, S\u0142owacja i Austria). Ulepszone radary i czujniki laserowe osi\u0105gaj\u0105 maksymalny zasi\u0119g i wcze\u015bniejszy czas ostrzegania. Dzi\u0119ki nowej [&#8230;]\n","protected":false},"featured_media":15907,"comment_status":"open","ping_status":"closed","template":"","meta":[],"product_brand":[],"product_cat":[1646,1583],"product_tag":[1733,1647,1734,1735,1736,1612],"class_list":{"0":"post-15906","1":"product","2":"type-product","3":"status-publish","4":"has-post-thumbnail","6":"product_cat-beltronics-pl","7":"product_cat-stale-detektory-radarowe","8":"product_tag-bel-sti-r-plus-m-edycja","9":"product_tag-beltronics-pl","10":"product_tag-multaradar-pl","11":"product_tag-ochrona-laserowa","12":"product_tag-ostrzezenie-laserowe","13":"product_tag-staly-detektor-radarowy","15":"first","16":"onbackorder","17":"taxable","18":"shipping-taxable","19":"purchasable","20":"product-type-simple"},"yoast_head":"<!-- This site is optimized with the Yoast SEO plugin v27.2 - https:\/\/yoast.com\/product\/yoast-seo-wordpress\/ -->\n<title>Beltronics STI-R PLUS M Edycja | Radar Service<\/title>\n<meta name=\"description\" content=\"Beltronics STIR PLUS M Edition to wysokiej klasy stacjonarny detektor radarowy, wykrywaj\u0105cy r\u00f3wnie\u017c nowe pu\u0142apki radarowe Multaradar MRCD \/ MRCT \/ Moving.\" \/>\n<meta name=\"robots\" content=\"index, follow, max-snippet:-1, max-image-preview:large, max-video-preview:-1\" \/>\n<link rel=\"canonical\" href=\"https:\/\/radarservice.eu\/pl\/produkt\/beltronics-sti-r-plus-m-edycja\/\" \/>\n<meta property=\"og:locale\" content=\"pl_PL\" \/>\n<meta property=\"og:type\" content=\"article\" \/>\n<meta property=\"og:title\" content=\"Beltronics STI-R PLUS M Edycja | Radar Service\" \/>\n<meta property=\"og:description\" content=\"Beltronics STIR PLUS M Edition to wysokiej klasy stacjonarny detektor radarowy, wykrywaj\u0105cy r\u00f3wnie\u017c nowe pu\u0142apki radarowe Multaradar MRCD \/ MRCT \/ Moving.\" \/>\n<meta property=\"og:url\" content=\"https:\/\/radarservice.eu\/pl\/produkt\/beltronics-sti-r-plus-m-edycja\/\" \/>\n<meta property=\"og:site_name\" content=\"Radar Service\" \/>\n<meta property=\"og:image\" content=\"https:\/\/radarservice.eu\/wp-content\/uploads\/2020\/09\/bel_stir_plus_m.jpg\" \/>\n\t<meta property=\"og:image:width\" content=\"600\" \/>\n\t<meta property=\"og:image:height\" content=\"480\" \/>\n\t<meta property=\"og:image:type\" content=\"image\/jpeg\" \/>\n<meta name=\"twitter:card\" content=\"summary_large_image\" \/>\n<meta name=\"twitter:label1\" content=\"Szacowany czas czytania\" \/>\n\t<meta name=\"twitter:data1\" content=\"2 minuty\" \/>\n<script type=\"application\/ld+json\" class=\"yoast-schema-graph\">{\"@context\":\"https:\/\/schema.org\",\"@graph\":[{\"@type\":\"WebPage\",\"@id\":\"https:\/\/radarservice.eu\/pl\/produkt\/beltronics-sti-r-plus-m-edycja\/\",\"url\":\"https:\/\/radarservice.eu\/pl\/produkt\/beltronics-sti-r-plus-m-edycja\/\",\"name\":\"Beltronics STI-R PLUS M Edycja | Radar Service\",\"isPartOf\":{\"@id\":\"https:\/\/radarservice.eu\/pl\/#website\"},\"primaryImageOfPage\":{\"@id\":\"https:\/\/radarservice.eu\/pl\/produkt\/beltronics-sti-r-plus-m-edycja\/#primaryimage\"},\"image\":{\"@id\":\"https:\/\/radarservice.eu\/pl\/produkt\/beltronics-sti-r-plus-m-edycja\/#primaryimage\"},\"thumbnailUrl\":\"https:\/\/radarservice.eu\/wp-content\/uploads\/2020\/09\/bel_stir_plus_m.jpg\",\"datePublished\":\"2021-05-12T07:37:32+00:00\",\"description\":\"Beltronics STIR PLUS M Edition to wysokiej klasy stacjonarny detektor radarowy, wykrywaj\u0105cy r\u00f3wnie\u017c nowe pu\u0142apki radarowe Multaradar MRCD \/ MRCT \/ Moving.\",\"breadcrumb\":{\"@id\":\"https:\/\/radarservice.eu\/pl\/produkt\/beltronics-sti-r-plus-m-edycja\/#breadcrumb\"},\"inLanguage\":\"pl-PL\",\"potentialAction\":[{\"@type\":\"ReadAction\",\"target\":[\"https:\/\/radarservice.eu\/pl\/produkt\/beltronics-sti-r-plus-m-edycja\/\"]}]},{\"@type\":\"ImageObject\",\"inLanguage\":\"pl-PL\",\"@id\":\"https:\/\/radarservice.eu\/pl\/produkt\/beltronics-sti-r-plus-m-edycja\/#primaryimage\",\"url\":\"https:\/\/radarservice.eu\/wp-content\/uploads\/2020\/09\/bel_stir_plus_m.jpg\",\"contentUrl\":\"https:\/\/radarservice.eu\/wp-content\/uploads\/2020\/09\/bel_stir_plus_m.jpg\",\"width\":600,\"height\":480,\"caption\":\"Bel STiR Plus M Detektor radarowy\"},{\"@type\":\"BreadcrumbList\",\"@id\":\"https:\/\/radarservice.eu\/pl\/produkt\/beltronics-sti-r-plus-m-edycja\/#breadcrumb\",\"itemListElement\":[{\"@type\":\"ListItem\",\"position\":1,\"name\":\"Sklep\",\"item\":\"https:\/\/radarservice.eu\/pl\/sklep\/\"},{\"@type\":\"ListItem\",\"position\":2,\"name\":\"Beltronics STI-R PLUS M Edycja\"}]},{\"@type\":\"WebSite\",\"@id\":\"https:\/\/radarservice.eu\/pl\/#website\",\"url\":\"https:\/\/radarservice.eu\/pl\/\",\"name\":\"Radar Service\",\"description\":\"Radar detector Laser jammer mobile fix\",\"publisher\":{\"@id\":\"https:\/\/radarservice.eu\/pl\/#organization\"},\"potentialAction\":[{\"@type\":\"SearchAction\",\"target\":{\"@type\":\"EntryPoint\",\"urlTemplate\":\"https:\/\/radarservice.eu\/pl\/?s={search_term_string}\"},\"query-input\":{\"@type\":\"PropertyValueSpecification\",\"valueRequired\":true,\"valueName\":\"search_term_string\"}}],\"inLanguage\":\"pl-PL\"},{\"@type\":\"Organization\",\"@id\":\"https:\/\/radarservice.eu\/pl\/#organization\",\"name\":\"RadarService\",\"url\":\"https:\/\/radarservice.eu\/pl\/\",\"logo\":{\"@type\":\"ImageObject\",\"inLanguage\":\"pl-PL\",\"@id\":\"https:\/\/radarservice.eu\/pl\/#\/schema\/logo\/image\/\",\"url\":\"https:\/\/radarservice.eu\/wp-content\/uploads\/2021\/03\/Radar_detector_service.png\",\"contentUrl\":\"https:\/\/radarservice.eu\/wp-content\/uploads\/2021\/03\/Radar_detector_service.png\",\"width\":174,\"height\":48,\"caption\":\"RadarService\"},\"image\":{\"@id\":\"https:\/\/radarservice.eu\/pl\/#\/schema\/logo\/image\/\"}}]}<\/script>\n<!-- \/ Yoast SEO plugin. -->","yoast_head_json":{"title":"Beltronics STI-R PLUS M Edycja | Radar Service","description":"Beltronics STIR PLUS M Edition to wysokiej klasy stacjonarny detektor radarowy, wykrywaj\u0105cy r\u00f3wnie\u017c nowe pu\u0142apki radarowe Multaradar MRCD \/ MRCT \/ Moving.","robots":{"index":"index","follow":"follow","max-snippet":"max-snippet:-1","max-image-preview":"max-image-preview:large","max-video-preview":"max-video-preview:-1"},"canonical":"https:\/\/radarservice.eu\/pl\/produkt\/beltronics-sti-r-plus-m-edycja\/","og_locale":"pl_PL","og_type":"article","og_title":"Beltronics STI-R PLUS M Edycja | Radar Service","og_description":"Beltronics STIR PLUS M Edition to wysokiej klasy stacjonarny detektor radarowy, wykrywaj\u0105cy r\u00f3wnie\u017c nowe pu\u0142apki radarowe Multaradar MRCD \/ MRCT \/ Moving.","og_url":"https:\/\/radarservice.eu\/pl\/produkt\/beltronics-sti-r-plus-m-edycja\/","og_site_name":"Radar Service","og_image":[{"width":600,"height":480,"url":"https:\/\/radarservice.eu\/wp-content\/uploads\/2020\/09\/bel_stir_plus_m.jpg","type":"image\/jpeg"}],"twitter_card":"summary_large_image","twitter_misc":{"Szacowany czas czytania":"2 minuty"},"schema":{"@context":"https:\/\/schema.org","@graph":[{"@type":"WebPage","@id":"https:\/\/radarservice.eu\/pl\/produkt\/beltronics-sti-r-plus-m-edycja\/","url":"https:\/\/radarservice.eu\/pl\/produkt\/beltronics-sti-r-plus-m-edycja\/","name":"Beltronics STI-R PLUS M Edycja | Radar Service","isPartOf":{"@id":"https:\/\/radarservice.eu\/pl\/#website"},"primaryImageOfPage":{"@id":"https:\/\/radarservice.eu\/pl\/produkt\/beltronics-sti-r-plus-m-edycja\/#primaryimage"},"image":{"@id":"https:\/\/radarservice.eu\/pl\/produkt\/beltronics-sti-r-plus-m-edycja\/#primaryimage"},"thumbnailUrl":"https:\/\/radarservice.eu\/wp-content\/uploads\/2020\/09\/bel_stir_plus_m.jpg","datePublished":"2021-05-12T07:37:32+00:00","description":"Beltronics STIR PLUS M Edition to wysokiej klasy stacjonarny detektor radarowy, wykrywaj\u0105cy r\u00f3wnie\u017c nowe pu\u0142apki radarowe Multaradar MRCD \/ MRCT \/ Moving.","breadcrumb":{"@id":"https:\/\/radarservice.eu\/pl\/produkt\/beltronics-sti-r-plus-m-edycja\/#breadcrumb"},"inLanguage":"pl-PL","potentialAction":[{"@type":"ReadAction","target":["https:\/\/radarservice.eu\/pl\/produkt\/beltronics-sti-r-plus-m-edycja\/"]}]},{"@type":"ImageObject","inLanguage":"pl-PL","@id":"https:\/\/radarservice.eu\/pl\/produkt\/beltronics-sti-r-plus-m-edycja\/#primaryimage","url":"https:\/\/radarservice.eu\/wp-content\/uploads\/2020\/09\/bel_stir_plus_m.jpg","contentUrl":"https:\/\/radarservice.eu\/wp-content\/uploads\/2020\/09\/bel_stir_plus_m.jpg","width":600,"height":480,"caption":"Bel STiR Plus M Detektor radarowy"},{"@type":"BreadcrumbList","@id":"https:\/\/radarservice.eu\/pl\/produkt\/beltronics-sti-r-plus-m-edycja\/#breadcrumb","itemListElement":[{"@type":"ListItem","position":1,"name":"Sklep","item":"https:\/\/radarservice.eu\/pl\/sklep\/"},{"@type":"ListItem","position":2,"name":"Beltronics STI-R PLUS M Edycja"}]},{"@type":"WebSite","@id":"https:\/\/radarservice.eu\/pl\/#website","url":"https:\/\/radarservice.eu\/pl\/","name":"Radar Service","description":"Radar detector Laser jammer mobile fix","publisher":{"@id":"https:\/\/radarservice.eu\/pl\/#organization"},"potentialAction":[{"@type":"SearchAction","target":{"@type":"EntryPoint","urlTemplate":"https:\/\/radarservice.eu\/pl\/?s={search_term_string}"},"query-input":{"@type":"PropertyValueSpecification","valueRequired":true,"valueName":"search_term_string"}}],"inLanguage":"pl-PL"},{"@type":"Organization","@id":"https:\/\/radarservice.eu\/pl\/#organization","name":"RadarService","url":"https:\/\/radarservice.eu\/pl\/","logo":{"@type":"ImageObject","inLanguage":"pl-PL","@id":"https:\/\/radarservice.eu\/pl\/#\/schema\/logo\/image\/","url":"https:\/\/radarservice.eu\/wp-content\/uploads\/2021\/03\/Radar_detector_service.png","contentUrl":"https:\/\/radarservice.eu\/wp-content\/uploads\/2021\/03\/Radar_detector_service.png","width":174,"height":48,"caption":"RadarService"},"image":{"@id":"https:\/\/radarservice.eu\/pl\/#\/schema\/logo\/image\/"}}]}},"_links":{"self":[{"href":"https:\/\/radarservice.eu\/pl\/wp-json\/wp\/v2\/product\/15906","targetHints":{"allow":["GET"]}}],"collection":[{"href":"https:\/\/radarservice.eu\/pl\/wp-json\/wp\/v2\/product"}],"about":[{"href":"https:\/\/radarservice.eu\/pl\/wp-json\/wp\/v2\/types\/product"}],"replies":[{"embeddable":true,"href":"https:\/\/radarservice.eu\/pl\/wp-json\/wp\/v2\/comments?post=15906"}],"wp:featuredmedia":[{"embeddable":true,"href":"https:\/\/radarservice.eu\/pl\/wp-json\/wp\/v2\/media\/15907"}],"wp:attachment":[{"href":"https:\/\/radarservice.eu\/pl\/wp-json\/wp\/v2\/media?parent=15906"}],"wp:term":[{"taxonomy":"product_brand","embeddable":true,"href":"https:\/\/radarservice.eu\/pl\/wp-json\/wp\/v2\/product_brand?post=15906"},{"taxonomy":"product_cat","embeddable":true,"href":"https:\/\/radarservice.eu\/pl\/wp-json\/wp\/v2\/product_cat?post=15906"},{"taxonomy":"product_tag","embeddable":true,"href":"https:\/\/radarservice.eu\/pl\/wp-json\/wp\/v2\/product_tag?post=15906"}],"curies":[{"name":"wp","href":"https:\/\/api.w.org\/{rel}","templated":true}]}}