{"id":15896,"date":"2021-05-12T09:28:18","date_gmt":"2021-05-12T07:28:18","guid":{"rendered":"https:\/\/radarservice.eu\/produkt\/interfejs-canbus-dla-pojazdow-mercedes-benz\/"},"modified":"2021-05-12T09:28:18","modified_gmt":"2021-05-12T07:28:18","slug":"interfejs-canbus-dla-pojazdow-mercedes-benz","status":"publish","type":"product","link":"https:\/\/radarservice.eu\/pl\/produkt\/interfejs-canbus-dla-pojazdow-mercedes-benz\/","title":{"rendered":"Interfejs CANbus dla pojazd\u00f3w Mercedes-Benz"},"content":{"rendered":"<p>Interfejs CANbus dla STiR Plus i Mercedes-Benz, do ca\u0142kowicie niewidocznego po\u0142\u0105czenia systemu ostrzegania przed radarem z wy\u015bwietlaczem pok\u0142adowym Mercedes-Benz i systemem sterowania na kierownicy.<\/p>\n<p>.<\/p>\n<p><strong>Overview:<\/strong><br \/>\n+ wszystkie komunikaty radarowe lub ostrze\u017cenia pojawiaj\u0105 si\u0119 bezpo\u015brednio w kokpicie Mercedesa<br \/>.<br \/>\n+ mo\u017cliwa pe\u0142na obs\u0142uga za pomoc\u0105 kierownicy<br \/>\n+ oryginalny wy\u015bwietlacz STiR Plus i modu\u0142 steruj\u0105cy mo\u017cna zamontowa\u0107 w spos\u00f3b ca\u0142kowicie niewidoczny<br \/>\n+ \u0142atwe pod\u0142\u0105czenie do systemu CANbus Pa\u0144stwa pojazdu Mercedes-Benz<\/p>\n<p>.<\/p>\n<p><strong>Zakres dostaw:<\/strong><br \/>\n* Modu\u0142 CANbus<br \/>\n* Instrukcje instalacji dla konkretnego modelu s\u0105 do\u0142\u0105czone<\/p>\n<p>.<\/p>\n<p><strong>Kompatybilno\u015b\u0107:<\/strong><br \/>\n* Mercedes C-Class (od roku produkcji 2008)<br \/>\n* Mercedes CL (od roku produkcji 2007)<br \/>\n* Mercedes CLS (od roku produkcji 2009)<br \/>\n* Mercedes E-Class (od roku produkcji 2009)<br \/>\n* Mercedes GL (od roku modelowego 2006)<br \/>\n* Mercedes GLK (od roku produkcji 2008)<br \/>\n* Mercedes ML (od roku budowy 2006)<br \/>\n* Mercedes R-Class (od roku produkcji 2006)<br \/>\n* Mercedes S-Class (od roku produkcji 2007)<br \/>\n* Mercedes SL (od roku produkcji 2004)<\/p>\n<p>\n","protected":false},"excerpt":{"rendered":"<p>Interfejs CANbus dla STiR Plus i Mercedes-Benz, do ca\u0142kowicie niewidocznego po\u0142\u0105czenia systemu ostrzegania przed radarem z wy\u015bwietlaczem pok\u0142adowym Mercedes-Benz i systemem sterowania na kierownicy. . Overview: + wszystkie komunikaty radarowe lub ostrze\u017cenia pojawiaj\u0105 si\u0119 bezpo\u015brednio w kokpicie Mercedesa. + mo\u017cliwa pe\u0142na obs\u0142uga za pomoc\u0105 kierownicy + oryginalny wy\u015bwietlacz STiR Plus i modu\u0142 steruj\u0105cy mo\u017cna zamontowa\u0107 [&#8230;]\n","protected":false},"featured_media":15897,"comment_status":"open","ping_status":"closed","template":"","meta":[],"product_brand":[],"product_cat":[1721,1646],"product_tag":[1722,1647,1724,1586,1725,1723],"class_list":{"0":"post-15896","1":"product","2":"type-product","3":"status-publish","4":"has-post-thumbnail","6":"product_cat-akcesoria","7":"product_cat-beltronics-pl","8":"product_tag-bel-pl","9":"product_tag-beltronics-pl","10":"product_tag-canbus-pl","11":"product_tag-detektor-radarowy","12":"product_tag-mercedes-benz-pl","13":"product_tag-sti-r-pl","15":"first","16":"onbackorder","17":"taxable","18":"shipping-taxable","19":"purchasable","20":"product-type-simple"},"yoast_head":"<!-- This site is optimized with the Yoast SEO plugin v27.2 - https:\/\/yoast.com\/product\/yoast-seo-wordpress\/ -->\n<title>Interfejs CANbus dla pojazd\u00f3w Mercedes-Benz | Radar Service<\/title>\n<meta name=\"description\" content=\"Interfejs CANbus dla STiR Plus i Mercedes-Benz, do ca\u0142kowicie niewidocznego pod\u0142\u0105czenia czujnika radaru do interfejsu Mercedes.\" \/>\n<meta name=\"robots\" content=\"index, follow, max-snippet:-1, max-image-preview:large, max-video-preview:-1\" \/>\n<link rel=\"canonical\" href=\"https:\/\/radarservice.eu\/pl\/produkt\/interfejs-canbus-dla-pojazdow-mercedes-benz\/\" \/>\n<meta property=\"og:locale\" content=\"pl_PL\" \/>\n<meta property=\"og:type\" content=\"article\" \/>\n<meta property=\"og:title\" content=\"Interfejs CANbus dla pojazd\u00f3w Mercedes-Benz | Radar Service\" \/>\n<meta property=\"og:description\" content=\"Interfejs CANbus dla STiR Plus i Mercedes-Benz, do ca\u0142kowicie niewidocznego pod\u0142\u0105czenia czujnika radaru do interfejsu Mercedes.\" \/>\n<meta property=\"og:url\" content=\"https:\/\/radarservice.eu\/pl\/produkt\/interfejs-canbus-dla-pojazdow-mercedes-benz\/\" \/>\n<meta property=\"og:site_name\" content=\"Radar Service\" \/>\n<meta property=\"og:image\" content=\"https:\/\/radarservice.eu\/wp-content\/uploads\/2020\/09\/canbus_mercedes_beltronics.jpg\" \/>\n\t<meta property=\"og:image:width\" content=\"712\" \/>\n\t<meta property=\"og:image:height\" content=\"400\" \/>\n\t<meta property=\"og:image:type\" content=\"image\/jpeg\" \/>\n<meta name=\"twitter:card\" content=\"summary_large_image\" \/>\n<meta name=\"twitter:label1\" content=\"Szacowany czas czytania\" \/>\n\t<meta name=\"twitter:data1\" content=\"1 minuta\" \/>\n<script type=\"application\/ld+json\" class=\"yoast-schema-graph\">{\"@context\":\"https:\/\/schema.org\",\"@graph\":[{\"@type\":\"WebPage\",\"@id\":\"https:\/\/radarservice.eu\/pl\/produkt\/interfejs-canbus-dla-pojazdow-mercedes-benz\/\",\"url\":\"https:\/\/radarservice.eu\/pl\/produkt\/interfejs-canbus-dla-pojazdow-mercedes-benz\/\",\"name\":\"Interfejs CANbus dla pojazd\u00f3w Mercedes-Benz | Radar Service\",\"isPartOf\":{\"@id\":\"https:\/\/radarservice.eu\/pl\/#website\"},\"primaryImageOfPage\":{\"@id\":\"https:\/\/radarservice.eu\/pl\/produkt\/interfejs-canbus-dla-pojazdow-mercedes-benz\/#primaryimage\"},\"image\":{\"@id\":\"https:\/\/radarservice.eu\/pl\/produkt\/interfejs-canbus-dla-pojazdow-mercedes-benz\/#primaryimage\"},\"thumbnailUrl\":\"https:\/\/radarservice.eu\/wp-content\/uploads\/2020\/09\/canbus_mercedes_beltronics.jpg\",\"datePublished\":\"2021-05-12T07:28:18+00:00\",\"description\":\"Interfejs CANbus dla STiR Plus i Mercedes-Benz, do ca\u0142kowicie niewidocznego pod\u0142\u0105czenia czujnika radaru do interfejsu Mercedes.\",\"breadcrumb\":{\"@id\":\"https:\/\/radarservice.eu\/pl\/produkt\/interfejs-canbus-dla-pojazdow-mercedes-benz\/#breadcrumb\"},\"inLanguage\":\"pl-PL\",\"potentialAction\":[{\"@type\":\"ReadAction\",\"target\":[\"https:\/\/radarservice.eu\/pl\/produkt\/interfejs-canbus-dla-pojazdow-mercedes-benz\/\"]}]},{\"@type\":\"ImageObject\",\"inLanguage\":\"pl-PL\",\"@id\":\"https:\/\/radarservice.eu\/pl\/produkt\/interfejs-canbus-dla-pojazdow-mercedes-benz\/#primaryimage\",\"url\":\"https:\/\/radarservice.eu\/wp-content\/uploads\/2020\/09\/canbus_mercedes_beltronics.jpg\",\"contentUrl\":\"https:\/\/radarservice.eu\/wp-content\/uploads\/2020\/09\/canbus_mercedes_beltronics.jpg\",\"width\":712,\"height\":400,\"caption\":\"Canbus Mercedes Beltronics\"},{\"@type\":\"BreadcrumbList\",\"@id\":\"https:\/\/radarservice.eu\/pl\/produkt\/interfejs-canbus-dla-pojazdow-mercedes-benz\/#breadcrumb\",\"itemListElement\":[{\"@type\":\"ListItem\",\"position\":1,\"name\":\"Sklep\",\"item\":\"https:\/\/radarservice.eu\/pl\/sklep\/\"},{\"@type\":\"ListItem\",\"position\":2,\"name\":\"Interfejs CANbus dla pojazd\u00f3w Mercedes-Benz\"}]},{\"@type\":\"WebSite\",\"@id\":\"https:\/\/radarservice.eu\/pl\/#website\",\"url\":\"https:\/\/radarservice.eu\/pl\/\",\"name\":\"Radar Service\",\"description\":\"Radar detector Laser jammer mobile fix\",\"publisher\":{\"@id\":\"https:\/\/radarservice.eu\/pl\/#organization\"},\"potentialAction\":[{\"@type\":\"SearchAction\",\"target\":{\"@type\":\"EntryPoint\",\"urlTemplate\":\"https:\/\/radarservice.eu\/pl\/?s={search_term_string}\"},\"query-input\":{\"@type\":\"PropertyValueSpecification\",\"valueRequired\":true,\"valueName\":\"search_term_string\"}}],\"inLanguage\":\"pl-PL\"},{\"@type\":\"Organization\",\"@id\":\"https:\/\/radarservice.eu\/pl\/#organization\",\"name\":\"RadarService\",\"url\":\"https:\/\/radarservice.eu\/pl\/\",\"logo\":{\"@type\":\"ImageObject\",\"inLanguage\":\"pl-PL\",\"@id\":\"https:\/\/radarservice.eu\/pl\/#\/schema\/logo\/image\/\",\"url\":\"https:\/\/radarservice.eu\/wp-content\/uploads\/2021\/03\/Radar_detector_service.png\",\"contentUrl\":\"https:\/\/radarservice.eu\/wp-content\/uploads\/2021\/03\/Radar_detector_service.png\",\"width\":174,\"height\":48,\"caption\":\"RadarService\"},\"image\":{\"@id\":\"https:\/\/radarservice.eu\/pl\/#\/schema\/logo\/image\/\"}}]}<\/script>\n<!-- \/ Yoast SEO plugin. -->","yoast_head_json":{"title":"Interfejs CANbus dla pojazd\u00f3w Mercedes-Benz | Radar Service","description":"Interfejs CANbus dla STiR Plus i Mercedes-Benz, do ca\u0142kowicie niewidocznego pod\u0142\u0105czenia czujnika radaru do interfejsu Mercedes.","robots":{"index":"index","follow":"follow","max-snippet":"max-snippet:-1","max-image-preview":"max-image-preview:large","max-video-preview":"max-video-preview:-1"},"canonical":"https:\/\/radarservice.eu\/pl\/produkt\/interfejs-canbus-dla-pojazdow-mercedes-benz\/","og_locale":"pl_PL","og_type":"article","og_title":"Interfejs CANbus dla pojazd\u00f3w Mercedes-Benz | Radar Service","og_description":"Interfejs CANbus dla STiR Plus i Mercedes-Benz, do ca\u0142kowicie niewidocznego pod\u0142\u0105czenia czujnika radaru do interfejsu Mercedes.","og_url":"https:\/\/radarservice.eu\/pl\/produkt\/interfejs-canbus-dla-pojazdow-mercedes-benz\/","og_site_name":"Radar Service","og_image":[{"width":712,"height":400,"url":"https:\/\/radarservice.eu\/wp-content\/uploads\/2020\/09\/canbus_mercedes_beltronics.jpg","type":"image\/jpeg"}],"twitter_card":"summary_large_image","twitter_misc":{"Szacowany czas czytania":"1 minuta"},"schema":{"@context":"https:\/\/schema.org","@graph":[{"@type":"WebPage","@id":"https:\/\/radarservice.eu\/pl\/produkt\/interfejs-canbus-dla-pojazdow-mercedes-benz\/","url":"https:\/\/radarservice.eu\/pl\/produkt\/interfejs-canbus-dla-pojazdow-mercedes-benz\/","name":"Interfejs CANbus dla pojazd\u00f3w Mercedes-Benz | Radar Service","isPartOf":{"@id":"https:\/\/radarservice.eu\/pl\/#website"},"primaryImageOfPage":{"@id":"https:\/\/radarservice.eu\/pl\/produkt\/interfejs-canbus-dla-pojazdow-mercedes-benz\/#primaryimage"},"image":{"@id":"https:\/\/radarservice.eu\/pl\/produkt\/interfejs-canbus-dla-pojazdow-mercedes-benz\/#primaryimage"},"thumbnailUrl":"https:\/\/radarservice.eu\/wp-content\/uploads\/2020\/09\/canbus_mercedes_beltronics.jpg","datePublished":"2021-05-12T07:28:18+00:00","description":"Interfejs CANbus dla STiR Plus i Mercedes-Benz, do ca\u0142kowicie niewidocznego pod\u0142\u0105czenia czujnika radaru do interfejsu Mercedes.","breadcrumb":{"@id":"https:\/\/radarservice.eu\/pl\/produkt\/interfejs-canbus-dla-pojazdow-mercedes-benz\/#breadcrumb"},"inLanguage":"pl-PL","potentialAction":[{"@type":"ReadAction","target":["https:\/\/radarservice.eu\/pl\/produkt\/interfejs-canbus-dla-pojazdow-mercedes-benz\/"]}]},{"@type":"ImageObject","inLanguage":"pl-PL","@id":"https:\/\/radarservice.eu\/pl\/produkt\/interfejs-canbus-dla-pojazdow-mercedes-benz\/#primaryimage","url":"https:\/\/radarservice.eu\/wp-content\/uploads\/2020\/09\/canbus_mercedes_beltronics.jpg","contentUrl":"https:\/\/radarservice.eu\/wp-content\/uploads\/2020\/09\/canbus_mercedes_beltronics.jpg","width":712,"height":400,"caption":"Canbus Mercedes Beltronics"},{"@type":"BreadcrumbList","@id":"https:\/\/radarservice.eu\/pl\/produkt\/interfejs-canbus-dla-pojazdow-mercedes-benz\/#breadcrumb","itemListElement":[{"@type":"ListItem","position":1,"name":"Sklep","item":"https:\/\/radarservice.eu\/pl\/sklep\/"},{"@type":"ListItem","position":2,"name":"Interfejs CANbus dla pojazd\u00f3w Mercedes-Benz"}]},{"@type":"WebSite","@id":"https:\/\/radarservice.eu\/pl\/#website","url":"https:\/\/radarservice.eu\/pl\/","name":"Radar Service","description":"Radar detector Laser jammer mobile fix","publisher":{"@id":"https:\/\/radarservice.eu\/pl\/#organization"},"potentialAction":[{"@type":"SearchAction","target":{"@type":"EntryPoint","urlTemplate":"https:\/\/radarservice.eu\/pl\/?s={search_term_string}"},"query-input":{"@type":"PropertyValueSpecification","valueRequired":true,"valueName":"search_term_string"}}],"inLanguage":"pl-PL"},{"@type":"Organization","@id":"https:\/\/radarservice.eu\/pl\/#organization","name":"RadarService","url":"https:\/\/radarservice.eu\/pl\/","logo":{"@type":"ImageObject","inLanguage":"pl-PL","@id":"https:\/\/radarservice.eu\/pl\/#\/schema\/logo\/image\/","url":"https:\/\/radarservice.eu\/wp-content\/uploads\/2021\/03\/Radar_detector_service.png","contentUrl":"https:\/\/radarservice.eu\/wp-content\/uploads\/2021\/03\/Radar_detector_service.png","width":174,"height":48,"caption":"RadarService"},"image":{"@id":"https:\/\/radarservice.eu\/pl\/#\/schema\/logo\/image\/"}}]}},"_links":{"self":[{"href":"https:\/\/radarservice.eu\/pl\/wp-json\/wp\/v2\/product\/15896","targetHints":{"allow":["GET"]}}],"collection":[{"href":"https:\/\/radarservice.eu\/pl\/wp-json\/wp\/v2\/product"}],"about":[{"href":"https:\/\/radarservice.eu\/pl\/wp-json\/wp\/v2\/types\/product"}],"replies":[{"embeddable":true,"href":"https:\/\/radarservice.eu\/pl\/wp-json\/wp\/v2\/comments?post=15896"}],"wp:featuredmedia":[{"embeddable":true,"href":"https:\/\/radarservice.eu\/pl\/wp-json\/wp\/v2\/media\/15897"}],"wp:attachment":[{"href":"https:\/\/radarservice.eu\/pl\/wp-json\/wp\/v2\/media?parent=15896"}],"wp:term":[{"taxonomy":"product_brand","embeddable":true,"href":"https:\/\/radarservice.eu\/pl\/wp-json\/wp\/v2\/product_brand?post=15896"},{"taxonomy":"product_cat","embeddable":true,"href":"https:\/\/radarservice.eu\/pl\/wp-json\/wp\/v2\/product_cat?post=15896"},{"taxonomy":"product_tag","embeddable":true,"href":"https:\/\/radarservice.eu\/pl\/wp-json\/wp\/v2\/product_tag?post=15896"}],"curies":[{"name":"wp","href":"https:\/\/api.w.org\/{rel}","templated":true}]}}