{"id":15893,"date":"2021-05-12T09:26:52","date_gmt":"2021-05-12T07:26:52","guid":{"rendered":"https:\/\/radarservice.eu\/produkt\/cheetah-c150-gps-warner-dla-europy\/"},"modified":"2021-05-12T09:26:52","modified_gmt":"2021-05-12T07:26:52","slug":"cheetah-c150-gps-warner-dla-europy","status":"publish","type":"product","link":"https:\/\/radarservice.eu\/pl\/produkt\/cheetah-c150-gps-warner-dla-europy\/","title":{"rendered":"Cheetah C150 GPS Warner dla Europy"},"content":{"rendered":"<p>Geetah C150 jest urz\u0105dzeniem ostrzegawczym GPS przeznaczonym do wy\u015bwietlania sta\u0142ych system\u00f3w pomiaru pr\u0119dko\u015bci i system\u00f3w monitorowania czerwonego \u015bwiat\u0142a.<br \/>.<br \/>\nCz\u0119stotliwo\u015b\u0107 sygna\u0142\u00f3w ostrzegawczych wzrasta automatycznie przy zbli\u017caniu si\u0119 do uk\u0142adu pomiarowego. Natychmiastowe przej\u015bcie systemu pomiarowego jest zaznaczane dodatkowym gongiem.<br \/>\nBaza danych mo\u017ce by\u0107 aktualizowana za pomoc\u0105 interfejsu USB i obejmuje sta\u0142e instalacje w ca\u0142ej Europie.<\/p>\n<p>.<\/p>\n<p><strong>Overview:<\/strong><br \/>\n+ Wy\u015bwietlacz pr\u0119dko\u015bciomierza GPS (aktualna pr\u0119dko\u015b\u0107 jazdy jest okre\u015blana przez GPS i wy\u015bwietlana)<br \/>\n+ Ostrze\u017cenie o stacjonarnym egzekwowaniu pr\u0119dko\u015bci<br \/>\n+ Ostrze\u017cenie o monitorowaniu czerwonego \u015bwiat\u0142a<br \/>\n+ Ostrze\u017cenie dla pomiar\u00f3w kontrolnych sekcji (kontrole sekcji)<br \/>\n+ Ostrze\u017cenie kierunkowe (ostrze\u017cenie przed fotoradarami w kierunku jazdy)<br \/>.<br \/>\n+ automatyczne przypomnienia o nieaktualnej bazie danych<br \/>\n+ doda\u0107 &amp; usun\u0105\u0107 w\u0142asne punkty zagro\u017cenia (maks. 100)<br \/>\n+ z\u0142\u0105cze s\u0142uchawkowe do u\u017cytku motocyklowego<\/p>\n<p>.<\/p>\n<p><strong>Zakres dostawy:<\/strong><br \/>\n* Cheetah C150 GPS Warner<br \/>\n* Kabel do zapalniczki samochodowej 12V<br \/>.<br \/>\n* Aktualizacja oprogramowania<\/p>\n","protected":false},"excerpt":{"rendered":"<p>Geetah C150 jest urz\u0105dzeniem ostrzegawczym GPS przeznaczonym do wy\u015bwietlania sta\u0142ych system\u00f3w pomiaru pr\u0119dko\u015bci i system\u00f3w monitorowania czerwonego \u015bwiat\u0142a.. Cz\u0119stotliwo\u015b\u0107 sygna\u0142\u00f3w ostrzegawczych wzrasta automatycznie przy zbli\u017caniu si\u0119 do uk\u0142adu pomiarowego. Natychmiastowe przej\u015bcie systemu pomiarowego jest zaznaczane dodatkowym gongiem. Baza danych mo\u017ce by\u0107 aktualizowana za pomoc\u0105 interfejsu USB i obejmuje sta\u0142e instalacje w ca\u0142ej Europie. . Overview: [&#8230;]\n","protected":false},"featured_media":15894,"comment_status":"open","ping_status":"closed","template":"","meta":[],"product_brand":[],"product_cat":[1699,1624],"product_tag":[1720,1586,1587,1631],"class_list":{"0":"post-15893","1":"product","2":"type-product","3":"status-publish","4":"has-post-thumbnail","6":"product_cat-cheetah-pl","7":"product_cat-detektory-poi-gps","8":"product_tag-cheetah-c150-pl","9":"product_tag-detektor-radarowy","10":"product_tag-europa-pl","11":"product_tag-gps-warner-pl","13":"first","14":"outofstock","15":"taxable","16":"shipping-taxable","17":"purchasable","18":"product-type-simple"},"yoast_head":"<!-- This site is optimized with the Yoast SEO plugin v27.2 - https:\/\/yoast.com\/product\/yoast-seo-wordpress\/ -->\n<title>Cheetah C150 GPS Warner dla Europy | Radar Service<\/title>\n<meta name=\"description\" content=\"Cheetah C150 jest urz\u0105dzeniem ostrzegawczym GPS przeznaczonym do wy\u015bwietlania system\u00f3w stacjonarnego pomiaru pr\u0119dko\u015bci oraz system\u00f3w monitorowania przejazdu na czerwonym \u015bwietle.\" \/>\n<meta name=\"robots\" content=\"index, follow, max-snippet:-1, max-image-preview:large, max-video-preview:-1\" \/>\n<link rel=\"canonical\" href=\"https:\/\/radarservice.eu\/pl\/produkt\/cheetah-c150-gps-warner-dla-europy\/\" \/>\n<meta property=\"og:locale\" content=\"pl_PL\" \/>\n<meta property=\"og:type\" content=\"article\" \/>\n<meta property=\"og:title\" content=\"Cheetah C150 GPS Warner dla Europy | Radar Service\" \/>\n<meta property=\"og:description\" content=\"Cheetah C150 jest urz\u0105dzeniem ostrzegawczym GPS przeznaczonym do wy\u015bwietlania system\u00f3w stacjonarnego pomiaru pr\u0119dko\u015bci oraz system\u00f3w monitorowania przejazdu na czerwonym \u015bwietle.\" \/>\n<meta property=\"og:url\" content=\"https:\/\/radarservice.eu\/pl\/produkt\/cheetah-c150-gps-warner-dla-europy\/\" \/>\n<meta property=\"og:site_name\" content=\"Radar Service\" \/>\n<meta property=\"og:image\" content=\"https:\/\/radarservice.eu\/wp-content\/uploads\/2020\/09\/cheetah_c150.jpg\" \/>\n\t<meta property=\"og:image:width\" content=\"903\" \/>\n\t<meta property=\"og:image:height\" content=\"569\" \/>\n\t<meta property=\"og:image:type\" content=\"image\/jpeg\" \/>\n<meta name=\"twitter:card\" content=\"summary_large_image\" \/>\n<meta name=\"twitter:label1\" content=\"Szacowany czas czytania\" \/>\n\t<meta name=\"twitter:data1\" content=\"1 minuta\" \/>\n<script type=\"application\/ld+json\" class=\"yoast-schema-graph\">{\"@context\":\"https:\/\/schema.org\",\"@graph\":[{\"@type\":\"WebPage\",\"@id\":\"https:\/\/radarservice.eu\/pl\/produkt\/cheetah-c150-gps-warner-dla-europy\/\",\"url\":\"https:\/\/radarservice.eu\/pl\/produkt\/cheetah-c150-gps-warner-dla-europy\/\",\"name\":\"Cheetah C150 GPS Warner dla Europy | Radar Service\",\"isPartOf\":{\"@id\":\"https:\/\/radarservice.eu\/pl\/#website\"},\"primaryImageOfPage\":{\"@id\":\"https:\/\/radarservice.eu\/pl\/produkt\/cheetah-c150-gps-warner-dla-europy\/#primaryimage\"},\"image\":{\"@id\":\"https:\/\/radarservice.eu\/pl\/produkt\/cheetah-c150-gps-warner-dla-europy\/#primaryimage\"},\"thumbnailUrl\":\"https:\/\/radarservice.eu\/wp-content\/uploads\/2020\/09\/cheetah_c150.jpg\",\"datePublished\":\"2021-05-12T07:26:52+00:00\",\"description\":\"Cheetah C150 jest urz\u0105dzeniem ostrzegawczym GPS przeznaczonym do wy\u015bwietlania system\u00f3w stacjonarnego pomiaru pr\u0119dko\u015bci oraz system\u00f3w monitorowania przejazdu na czerwonym \u015bwietle.\",\"breadcrumb\":{\"@id\":\"https:\/\/radarservice.eu\/pl\/produkt\/cheetah-c150-gps-warner-dla-europy\/#breadcrumb\"},\"inLanguage\":\"pl-PL\",\"potentialAction\":[{\"@type\":\"ReadAction\",\"target\":[\"https:\/\/radarservice.eu\/pl\/produkt\/cheetah-c150-gps-warner-dla-europy\/\"]}]},{\"@type\":\"ImageObject\",\"inLanguage\":\"pl-PL\",\"@id\":\"https:\/\/radarservice.eu\/pl\/produkt\/cheetah-c150-gps-warner-dla-europy\/#primaryimage\",\"url\":\"https:\/\/radarservice.eu\/wp-content\/uploads\/2020\/09\/cheetah_c150.jpg\",\"contentUrl\":\"https:\/\/radarservice.eu\/wp-content\/uploads\/2020\/09\/cheetah_c150.jpg\",\"width\":903,\"height\":569,\"caption\":\"Cheetah C150\"},{\"@type\":\"BreadcrumbList\",\"@id\":\"https:\/\/radarservice.eu\/pl\/produkt\/cheetah-c150-gps-warner-dla-europy\/#breadcrumb\",\"itemListElement\":[{\"@type\":\"ListItem\",\"position\":1,\"name\":\"Sklep\",\"item\":\"https:\/\/radarservice.eu\/pl\/sklep\/\"},{\"@type\":\"ListItem\",\"position\":2,\"name\":\"Cheetah C150 GPS Warner dla Europy\"}]},{\"@type\":\"WebSite\",\"@id\":\"https:\/\/radarservice.eu\/pl\/#website\",\"url\":\"https:\/\/radarservice.eu\/pl\/\",\"name\":\"Radar Service\",\"description\":\"Radar detector Laser jammer mobile fix\",\"publisher\":{\"@id\":\"https:\/\/radarservice.eu\/pl\/#organization\"},\"potentialAction\":[{\"@type\":\"SearchAction\",\"target\":{\"@type\":\"EntryPoint\",\"urlTemplate\":\"https:\/\/radarservice.eu\/pl\/?s={search_term_string}\"},\"query-input\":{\"@type\":\"PropertyValueSpecification\",\"valueRequired\":true,\"valueName\":\"search_term_string\"}}],\"inLanguage\":\"pl-PL\"},{\"@type\":\"Organization\",\"@id\":\"https:\/\/radarservice.eu\/pl\/#organization\",\"name\":\"RadarService\",\"url\":\"https:\/\/radarservice.eu\/pl\/\",\"logo\":{\"@type\":\"ImageObject\",\"inLanguage\":\"pl-PL\",\"@id\":\"https:\/\/radarservice.eu\/pl\/#\/schema\/logo\/image\/\",\"url\":\"https:\/\/radarservice.eu\/wp-content\/uploads\/2021\/03\/Radar_detector_service.png\",\"contentUrl\":\"https:\/\/radarservice.eu\/wp-content\/uploads\/2021\/03\/Radar_detector_service.png\",\"width\":174,\"height\":48,\"caption\":\"RadarService\"},\"image\":{\"@id\":\"https:\/\/radarservice.eu\/pl\/#\/schema\/logo\/image\/\"}}]}<\/script>\n<!-- \/ Yoast SEO plugin. -->","yoast_head_json":{"title":"Cheetah C150 GPS Warner dla Europy | Radar Service","description":"Cheetah C150 jest urz\u0105dzeniem ostrzegawczym GPS przeznaczonym do wy\u015bwietlania system\u00f3w stacjonarnego pomiaru pr\u0119dko\u015bci oraz system\u00f3w monitorowania przejazdu na czerwonym \u015bwietle.","robots":{"index":"index","follow":"follow","max-snippet":"max-snippet:-1","max-image-preview":"max-image-preview:large","max-video-preview":"max-video-preview:-1"},"canonical":"https:\/\/radarservice.eu\/pl\/produkt\/cheetah-c150-gps-warner-dla-europy\/","og_locale":"pl_PL","og_type":"article","og_title":"Cheetah C150 GPS Warner dla Europy | Radar Service","og_description":"Cheetah C150 jest urz\u0105dzeniem ostrzegawczym GPS przeznaczonym do wy\u015bwietlania system\u00f3w stacjonarnego pomiaru pr\u0119dko\u015bci oraz system\u00f3w monitorowania przejazdu na czerwonym \u015bwietle.","og_url":"https:\/\/radarservice.eu\/pl\/produkt\/cheetah-c150-gps-warner-dla-europy\/","og_site_name":"Radar Service","og_image":[{"width":903,"height":569,"url":"https:\/\/radarservice.eu\/wp-content\/uploads\/2020\/09\/cheetah_c150.jpg","type":"image\/jpeg"}],"twitter_card":"summary_large_image","twitter_misc":{"Szacowany czas czytania":"1 minuta"},"schema":{"@context":"https:\/\/schema.org","@graph":[{"@type":"WebPage","@id":"https:\/\/radarservice.eu\/pl\/produkt\/cheetah-c150-gps-warner-dla-europy\/","url":"https:\/\/radarservice.eu\/pl\/produkt\/cheetah-c150-gps-warner-dla-europy\/","name":"Cheetah C150 GPS Warner dla Europy | Radar Service","isPartOf":{"@id":"https:\/\/radarservice.eu\/pl\/#website"},"primaryImageOfPage":{"@id":"https:\/\/radarservice.eu\/pl\/produkt\/cheetah-c150-gps-warner-dla-europy\/#primaryimage"},"image":{"@id":"https:\/\/radarservice.eu\/pl\/produkt\/cheetah-c150-gps-warner-dla-europy\/#primaryimage"},"thumbnailUrl":"https:\/\/radarservice.eu\/wp-content\/uploads\/2020\/09\/cheetah_c150.jpg","datePublished":"2021-05-12T07:26:52+00:00","description":"Cheetah C150 jest urz\u0105dzeniem ostrzegawczym GPS przeznaczonym do wy\u015bwietlania system\u00f3w stacjonarnego pomiaru pr\u0119dko\u015bci oraz system\u00f3w monitorowania przejazdu na czerwonym \u015bwietle.","breadcrumb":{"@id":"https:\/\/radarservice.eu\/pl\/produkt\/cheetah-c150-gps-warner-dla-europy\/#breadcrumb"},"inLanguage":"pl-PL","potentialAction":[{"@type":"ReadAction","target":["https:\/\/radarservice.eu\/pl\/produkt\/cheetah-c150-gps-warner-dla-europy\/"]}]},{"@type":"ImageObject","inLanguage":"pl-PL","@id":"https:\/\/radarservice.eu\/pl\/produkt\/cheetah-c150-gps-warner-dla-europy\/#primaryimage","url":"https:\/\/radarservice.eu\/wp-content\/uploads\/2020\/09\/cheetah_c150.jpg","contentUrl":"https:\/\/radarservice.eu\/wp-content\/uploads\/2020\/09\/cheetah_c150.jpg","width":903,"height":569,"caption":"Cheetah C150"},{"@type":"BreadcrumbList","@id":"https:\/\/radarservice.eu\/pl\/produkt\/cheetah-c150-gps-warner-dla-europy\/#breadcrumb","itemListElement":[{"@type":"ListItem","position":1,"name":"Sklep","item":"https:\/\/radarservice.eu\/pl\/sklep\/"},{"@type":"ListItem","position":2,"name":"Cheetah C150 GPS Warner dla Europy"}]},{"@type":"WebSite","@id":"https:\/\/radarservice.eu\/pl\/#website","url":"https:\/\/radarservice.eu\/pl\/","name":"Radar Service","description":"Radar detector Laser jammer mobile fix","publisher":{"@id":"https:\/\/radarservice.eu\/pl\/#organization"},"potentialAction":[{"@type":"SearchAction","target":{"@type":"EntryPoint","urlTemplate":"https:\/\/radarservice.eu\/pl\/?s={search_term_string}"},"query-input":{"@type":"PropertyValueSpecification","valueRequired":true,"valueName":"search_term_string"}}],"inLanguage":"pl-PL"},{"@type":"Organization","@id":"https:\/\/radarservice.eu\/pl\/#organization","name":"RadarService","url":"https:\/\/radarservice.eu\/pl\/","logo":{"@type":"ImageObject","inLanguage":"pl-PL","@id":"https:\/\/radarservice.eu\/pl\/#\/schema\/logo\/image\/","url":"https:\/\/radarservice.eu\/wp-content\/uploads\/2021\/03\/Radar_detector_service.png","contentUrl":"https:\/\/radarservice.eu\/wp-content\/uploads\/2021\/03\/Radar_detector_service.png","width":174,"height":48,"caption":"RadarService"},"image":{"@id":"https:\/\/radarservice.eu\/pl\/#\/schema\/logo\/image\/"}}]}},"_links":{"self":[{"href":"https:\/\/radarservice.eu\/pl\/wp-json\/wp\/v2\/product\/15893","targetHints":{"allow":["GET"]}}],"collection":[{"href":"https:\/\/radarservice.eu\/pl\/wp-json\/wp\/v2\/product"}],"about":[{"href":"https:\/\/radarservice.eu\/pl\/wp-json\/wp\/v2\/types\/product"}],"replies":[{"embeddable":true,"href":"https:\/\/radarservice.eu\/pl\/wp-json\/wp\/v2\/comments?post=15893"}],"wp:featuredmedia":[{"embeddable":true,"href":"https:\/\/radarservice.eu\/pl\/wp-json\/wp\/v2\/media\/15894"}],"wp:attachment":[{"href":"https:\/\/radarservice.eu\/pl\/wp-json\/wp\/v2\/media?parent=15893"}],"wp:term":[{"taxonomy":"product_brand","embeddable":true,"href":"https:\/\/radarservice.eu\/pl\/wp-json\/wp\/v2\/product_brand?post=15893"},{"taxonomy":"product_cat","embeddable":true,"href":"https:\/\/radarservice.eu\/pl\/wp-json\/wp\/v2\/product_cat?post=15893"},{"taxonomy":"product_tag","embeddable":true,"href":"https:\/\/radarservice.eu\/pl\/wp-json\/wp\/v2\/product_tag?post=15893"}],"curies":[{"name":"wp","href":"https:\/\/api.w.org\/{rel}","templated":true}]}}