{"id":15888,"date":"2021-05-12T09:23:51","date_gmt":"2021-05-12T07:23:51","guid":{"rendered":"https:\/\/radarservice.eu\/produkt\/escort-8500ci-plus\/"},"modified":"2021-05-12T09:23:51","modified_gmt":"2021-05-12T07:23:51","slug":"escort-8500ci-plus","status":"publish","type":"product","link":"https:\/\/radarservice.eu\/pl\/produkt\/escort-8500ci-plus\/","title":{"rendered":"ESCORT 8500ci PLUS"},"content":{"rendered":"<p> ESCORT 8500ci PLUS to stacjonarny detektor radaru ze specjalnymi ustawieniami pasma K dla zmniejszenia liczby fa\u0142szywych alarm\u00f3w, ostrze\u017ceniem laserowym i wy\u015bwietlaniem pu\u0142apek pr\u0119dko\u015bci GPS.<br \/>\nDzi\u0119ki zaawansowanym ustawieniom pasma K urz\u0105dzenie 8500ci Plus mo\u017cna dostosowa\u0107 do potrzeb danego kraju i ograniczy\u0107 liczb\u0119 fa\u0142szywych alarm\u00f3w. Ponadto, fa\u0142szywe alarmy mo\u017cna zapisa\u0107 za pomoc\u0105 jednego przycisku, eliminuj\u0105c je przy nast\u0119pnym przeje\u017adzie. Wersja europejska zosta\u0142a specjalnie zoptymalizowana do u\u017cytku w Europie, w tym w Niemczech, Austrii, Francji, W\u0142oszech i Holandii. Dodatkowo, nowy Escort 8500ci Plus ostrzega przed stacjonarnymi fotoradarami, kontrolami odcinkowymi oraz fotoradarami na \u015bwiat\u0142ach w ca\u0142ej Europie.<\/p>\n<p>Jednostka odbiornika Escort 8500ci jest zainstalowana w niewidoczny spos\u00f3b z przodu pojazdu, a wy\u015bwietlanie odbywa si\u0119 za pomoc\u0105 ma\u0142ego wy\u015bwietlacza ze zintegrowanym elementem steruj\u0105cym. Element steruj\u0105cy jest bardzo ma\u0142y i mo\u017cna go \u0142atwo ukry\u0107 w popielniczce lub innym schowku.<\/p>\n<p>Dost\u0119pny jest r\u00f3wnie\u017c d\u017awi\u0119kowy system ostrzegawczy.<\/p>\n<p>Ostrze\u017cenie d\u017awi\u0119kowe jest przekazywane g\u0142osem i zawiera r\u00f3wnie\u017c informacje o dedykowanym \u017ar\u00f3dle alarmu, np. pa\u015bmie cz\u0119stotliwo\u015bci lub laserze.<\/p>\n<p><strong>Overview:<\/strong><br \/>\n+ Sta\u0142y detektor radaru do niewidocznej instalacji<br \/>.<br \/>\n+ Ostrze\u017cenie o pomiarach laserowych<br \/>\n+ Ostrze\u017cenie dla pomiar\u00f3w kontrolnych sekcji (kontrole sekcji)<br \/>\n+ Ostrze\u017cenie przed stacjonarnymi urz\u0105dzeniami radarowymi<br \/>\n+ Ostrze\u017cenie o stacjonarnym monitorowaniu czerwonego \u015bwiat\u0142a<br \/>\n+ aktywowany filtr autoskanowania \/ miejski \/ autostradowy (redukuje fa\u0142szywe alarmy)<br \/>\n+ automatyczna regulacja jasno\u015bci wy\u015bwietlacza<br \/>\n+ nadaje si\u0119 do stosowania w Europie<\/p>\n<p><strong>Zakres dostawy:<\/strong><br \/>\n* Escort 8500ci radar &amp; odbiornik laserowy<br \/>.<br \/>\n* oddzielny wy\u015bwietlacz &amp; modu\u0142 sterowania<br \/>.<br \/>\n* jednostka steruj\u0105ca z g\u0142o\u015bnikami<br \/>\n* Materia\u0142 monta\u017cowy<br \/>\n* Instrukcja u\u017cytkowania i instalacji<\/p>\n<p><strong>Uwaga:<\/strong> Escort 8500ci odbiera sygna\u0142y laserowe, ale dla bezpiecznej ochrony przed nimi zalecamy stosowanie aktywnej blokady lasera, np. Antilaser ALP Priority lub Lasertrack Flare!<\/p>\n","protected":false},"excerpt":{"rendered":"<p>ESCORT 8500ci PLUS to stacjonarny detektor radaru ze specjalnymi ustawieniami pasma K dla zmniejszenia liczby fa\u0142szywych alarm\u00f3w, ostrze\u017ceniem laserowym i wy\u015bwietlaniem pu\u0142apek pr\u0119dko\u015bci GPS. Dzi\u0119ki zaawansowanym ustawieniom pasma K urz\u0105dzenie 8500ci Plus mo\u017cna dostosowa\u0107 do potrzeb danego kraju i ograniczy\u0107 liczb\u0119 fa\u0142szywych alarm\u00f3w. Ponadto, fa\u0142szywe alarmy mo\u017cna zapisa\u0107 za pomoc\u0105 jednego przycisku, eliminuj\u0105c je przy [&#8230;]\n","protected":false},"featured_media":15892,"comment_status":"open","ping_status":"closed","template":"","meta":[],"product_brand":[],"product_cat":[1681,1583],"product_tag":[1609,1586,1719,1612],"class_list":{"0":"post-15888","1":"product","2":"type-product","3":"status-publish","4":"has-post-thumbnail","6":"product_cat-escort-pl","7":"product_cat-stale-detektory-radarowe","8":"product_tag-detektor-laserowy","9":"product_tag-detektor-radarowy","10":"product_tag-escort-8500ci-plus-pl","11":"product_tag-staly-detektor-radarowy","13":"first","14":"instock","15":"taxable","16":"shipping-taxable","17":"purchasable","18":"product-type-simple"},"yoast_head":"<!-- This site is optimized with the Yoast SEO plugin v27.2 - https:\/\/yoast.com\/product\/yoast-seo-wordpress\/ -->\n<title>ESCORT 8500ci PLUS | Radar Service<\/title>\n<meta name=\"description\" content=\"ESCORT 8500ci PLUS to niewidoczny stacjonarny detektor radarowy z funkcj\u0105 ostrzegania przed radarem, laserem i wy\u015bwietlaczem pu\u0142apki radarowej GPS.\" \/>\n<meta name=\"robots\" content=\"index, follow, max-snippet:-1, max-image-preview:large, max-video-preview:-1\" \/>\n<link rel=\"canonical\" href=\"https:\/\/radarservice.eu\/pl\/produkt\/escort-8500ci-plus\/\" \/>\n<meta property=\"og:locale\" content=\"pl_PL\" \/>\n<meta property=\"og:type\" content=\"article\" \/>\n<meta property=\"og:title\" content=\"ESCORT 8500ci PLUS | Radar Service\" \/>\n<meta property=\"og:description\" content=\"ESCORT 8500ci PLUS to niewidoczny stacjonarny detektor radarowy z funkcj\u0105 ostrzegania przed radarem, laserem i wy\u015bwietlaczem pu\u0142apki radarowej GPS.\" \/>\n<meta property=\"og:url\" content=\"https:\/\/radarservice.eu\/pl\/produkt\/escort-8500ci-plus\/\" \/>\n<meta property=\"og:site_name\" content=\"Radar Service\" \/>\n<meta property=\"og:image\" content=\"https:\/\/radarservice.eu\/wp-content\/uploads\/2020\/09\/escort8500ci_plus_set.jpg\" \/>\n\t<meta property=\"og:image:width\" content=\"531\" \/>\n\t<meta property=\"og:image:height\" content=\"379\" \/>\n\t<meta property=\"og:image:type\" content=\"image\/jpeg\" \/>\n<meta name=\"twitter:card\" content=\"summary_large_image\" \/>\n<meta name=\"twitter:label1\" content=\"Szacowany czas czytania\" \/>\n\t<meta name=\"twitter:data1\" content=\"2 minuty\" \/>\n<script type=\"application\/ld+json\" class=\"yoast-schema-graph\">{\"@context\":\"https:\/\/schema.org\",\"@graph\":[{\"@type\":\"WebPage\",\"@id\":\"https:\/\/radarservice.eu\/pl\/produkt\/escort-8500ci-plus\/\",\"url\":\"https:\/\/radarservice.eu\/pl\/produkt\/escort-8500ci-plus\/\",\"name\":\"ESCORT 8500ci PLUS | Radar Service\",\"isPartOf\":{\"@id\":\"https:\/\/radarservice.eu\/pl\/#website\"},\"primaryImageOfPage\":{\"@id\":\"https:\/\/radarservice.eu\/pl\/produkt\/escort-8500ci-plus\/#primaryimage\"},\"image\":{\"@id\":\"https:\/\/radarservice.eu\/pl\/produkt\/escort-8500ci-plus\/#primaryimage\"},\"thumbnailUrl\":\"https:\/\/radarservice.eu\/wp-content\/uploads\/2020\/09\/escort8500ci_plus_set.jpg\",\"datePublished\":\"2021-05-12T07:23:51+00:00\",\"description\":\"ESCORT 8500ci PLUS to niewidoczny stacjonarny detektor radarowy z funkcj\u0105 ostrzegania przed radarem, laserem i wy\u015bwietlaczem pu\u0142apki radarowej GPS.\",\"breadcrumb\":{\"@id\":\"https:\/\/radarservice.eu\/pl\/produkt\/escort-8500ci-plus\/#breadcrumb\"},\"inLanguage\":\"pl-PL\",\"potentialAction\":[{\"@type\":\"ReadAction\",\"target\":[\"https:\/\/radarservice.eu\/pl\/produkt\/escort-8500ci-plus\/\"]}]},{\"@type\":\"ImageObject\",\"inLanguage\":\"pl-PL\",\"@id\":\"https:\/\/radarservice.eu\/pl\/produkt\/escort-8500ci-plus\/#primaryimage\",\"url\":\"https:\/\/radarservice.eu\/wp-content\/uploads\/2020\/09\/escort8500ci_plus_set.jpg\",\"contentUrl\":\"https:\/\/radarservice.eu\/wp-content\/uploads\/2020\/09\/escort8500ci_plus_set.jpg\",\"width\":531,\"height\":379,\"caption\":\"Escort 8500ci Plus\"},{\"@type\":\"BreadcrumbList\",\"@id\":\"https:\/\/radarservice.eu\/pl\/produkt\/escort-8500ci-plus\/#breadcrumb\",\"itemListElement\":[{\"@type\":\"ListItem\",\"position\":1,\"name\":\"Sklep\",\"item\":\"https:\/\/radarservice.eu\/pl\/sklep\/\"},{\"@type\":\"ListItem\",\"position\":2,\"name\":\"ESCORT 8500ci PLUS\"}]},{\"@type\":\"WebSite\",\"@id\":\"https:\/\/radarservice.eu\/pl\/#website\",\"url\":\"https:\/\/radarservice.eu\/pl\/\",\"name\":\"Radar Service\",\"description\":\"Radar detector Laser jammer mobile fix\",\"publisher\":{\"@id\":\"https:\/\/radarservice.eu\/pl\/#organization\"},\"potentialAction\":[{\"@type\":\"SearchAction\",\"target\":{\"@type\":\"EntryPoint\",\"urlTemplate\":\"https:\/\/radarservice.eu\/pl\/?s={search_term_string}\"},\"query-input\":{\"@type\":\"PropertyValueSpecification\",\"valueRequired\":true,\"valueName\":\"search_term_string\"}}],\"inLanguage\":\"pl-PL\"},{\"@type\":\"Organization\",\"@id\":\"https:\/\/radarservice.eu\/pl\/#organization\",\"name\":\"RadarService\",\"url\":\"https:\/\/radarservice.eu\/pl\/\",\"logo\":{\"@type\":\"ImageObject\",\"inLanguage\":\"pl-PL\",\"@id\":\"https:\/\/radarservice.eu\/pl\/#\/schema\/logo\/image\/\",\"url\":\"https:\/\/radarservice.eu\/wp-content\/uploads\/2021\/03\/Radar_detector_service.png\",\"contentUrl\":\"https:\/\/radarservice.eu\/wp-content\/uploads\/2021\/03\/Radar_detector_service.png\",\"width\":174,\"height\":48,\"caption\":\"RadarService\"},\"image\":{\"@id\":\"https:\/\/radarservice.eu\/pl\/#\/schema\/logo\/image\/\"}}]}<\/script>\n<!-- \/ Yoast SEO plugin. -->","yoast_head_json":{"title":"ESCORT 8500ci PLUS | Radar Service","description":"ESCORT 8500ci PLUS to niewidoczny stacjonarny detektor radarowy z funkcj\u0105 ostrzegania przed radarem, laserem i wy\u015bwietlaczem pu\u0142apki radarowej GPS.","robots":{"index":"index","follow":"follow","max-snippet":"max-snippet:-1","max-image-preview":"max-image-preview:large","max-video-preview":"max-video-preview:-1"},"canonical":"https:\/\/radarservice.eu\/pl\/produkt\/escort-8500ci-plus\/","og_locale":"pl_PL","og_type":"article","og_title":"ESCORT 8500ci PLUS | Radar Service","og_description":"ESCORT 8500ci PLUS to niewidoczny stacjonarny detektor radarowy z funkcj\u0105 ostrzegania przed radarem, laserem i wy\u015bwietlaczem pu\u0142apki radarowej GPS.","og_url":"https:\/\/radarservice.eu\/pl\/produkt\/escort-8500ci-plus\/","og_site_name":"Radar Service","og_image":[{"width":531,"height":379,"url":"https:\/\/radarservice.eu\/wp-content\/uploads\/2020\/09\/escort8500ci_plus_set.jpg","type":"image\/jpeg"}],"twitter_card":"summary_large_image","twitter_misc":{"Szacowany czas czytania":"2 minuty"},"schema":{"@context":"https:\/\/schema.org","@graph":[{"@type":"WebPage","@id":"https:\/\/radarservice.eu\/pl\/produkt\/escort-8500ci-plus\/","url":"https:\/\/radarservice.eu\/pl\/produkt\/escort-8500ci-plus\/","name":"ESCORT 8500ci PLUS | Radar Service","isPartOf":{"@id":"https:\/\/radarservice.eu\/pl\/#website"},"primaryImageOfPage":{"@id":"https:\/\/radarservice.eu\/pl\/produkt\/escort-8500ci-plus\/#primaryimage"},"image":{"@id":"https:\/\/radarservice.eu\/pl\/produkt\/escort-8500ci-plus\/#primaryimage"},"thumbnailUrl":"https:\/\/radarservice.eu\/wp-content\/uploads\/2020\/09\/escort8500ci_plus_set.jpg","datePublished":"2021-05-12T07:23:51+00:00","description":"ESCORT 8500ci PLUS to niewidoczny stacjonarny detektor radarowy z funkcj\u0105 ostrzegania przed radarem, laserem i wy\u015bwietlaczem pu\u0142apki radarowej GPS.","breadcrumb":{"@id":"https:\/\/radarservice.eu\/pl\/produkt\/escort-8500ci-plus\/#breadcrumb"},"inLanguage":"pl-PL","potentialAction":[{"@type":"ReadAction","target":["https:\/\/radarservice.eu\/pl\/produkt\/escort-8500ci-plus\/"]}]},{"@type":"ImageObject","inLanguage":"pl-PL","@id":"https:\/\/radarservice.eu\/pl\/produkt\/escort-8500ci-plus\/#primaryimage","url":"https:\/\/radarservice.eu\/wp-content\/uploads\/2020\/09\/escort8500ci_plus_set.jpg","contentUrl":"https:\/\/radarservice.eu\/wp-content\/uploads\/2020\/09\/escort8500ci_plus_set.jpg","width":531,"height":379,"caption":"Escort 8500ci Plus"},{"@type":"BreadcrumbList","@id":"https:\/\/radarservice.eu\/pl\/produkt\/escort-8500ci-plus\/#breadcrumb","itemListElement":[{"@type":"ListItem","position":1,"name":"Sklep","item":"https:\/\/radarservice.eu\/pl\/sklep\/"},{"@type":"ListItem","position":2,"name":"ESCORT 8500ci PLUS"}]},{"@type":"WebSite","@id":"https:\/\/radarservice.eu\/pl\/#website","url":"https:\/\/radarservice.eu\/pl\/","name":"Radar Service","description":"Radar detector Laser jammer mobile fix","publisher":{"@id":"https:\/\/radarservice.eu\/pl\/#organization"},"potentialAction":[{"@type":"SearchAction","target":{"@type":"EntryPoint","urlTemplate":"https:\/\/radarservice.eu\/pl\/?s={search_term_string}"},"query-input":{"@type":"PropertyValueSpecification","valueRequired":true,"valueName":"search_term_string"}}],"inLanguage":"pl-PL"},{"@type":"Organization","@id":"https:\/\/radarservice.eu\/pl\/#organization","name":"RadarService","url":"https:\/\/radarservice.eu\/pl\/","logo":{"@type":"ImageObject","inLanguage":"pl-PL","@id":"https:\/\/radarservice.eu\/pl\/#\/schema\/logo\/image\/","url":"https:\/\/radarservice.eu\/wp-content\/uploads\/2021\/03\/Radar_detector_service.png","contentUrl":"https:\/\/radarservice.eu\/wp-content\/uploads\/2021\/03\/Radar_detector_service.png","width":174,"height":48,"caption":"RadarService"},"image":{"@id":"https:\/\/radarservice.eu\/pl\/#\/schema\/logo\/image\/"}}]}},"_links":{"self":[{"href":"https:\/\/radarservice.eu\/pl\/wp-json\/wp\/v2\/product\/15888","targetHints":{"allow":["GET"]}}],"collection":[{"href":"https:\/\/radarservice.eu\/pl\/wp-json\/wp\/v2\/product"}],"about":[{"href":"https:\/\/radarservice.eu\/pl\/wp-json\/wp\/v2\/types\/product"}],"replies":[{"embeddable":true,"href":"https:\/\/radarservice.eu\/pl\/wp-json\/wp\/v2\/comments?post=15888"}],"wp:featuredmedia":[{"embeddable":true,"href":"https:\/\/radarservice.eu\/pl\/wp-json\/wp\/v2\/media\/15892"}],"wp:attachment":[{"href":"https:\/\/radarservice.eu\/pl\/wp-json\/wp\/v2\/media?parent=15888"}],"wp:term":[{"taxonomy":"product_brand","embeddable":true,"href":"https:\/\/radarservice.eu\/pl\/wp-json\/wp\/v2\/product_brand?post=15888"},{"taxonomy":"product_cat","embeddable":true,"href":"https:\/\/radarservice.eu\/pl\/wp-json\/wp\/v2\/product_cat?post=15888"},{"taxonomy":"product_tag","embeddable":true,"href":"https:\/\/radarservice.eu\/pl\/wp-json\/wp\/v2\/product_tag?post=15888"}],"curies":[{"name":"wp","href":"https:\/\/api.w.org\/{rel}","templated":true}]}}